
{"id":4809,"date":"2020-04-02T10:47:27","date_gmt":"2020-04-02T03:47:27","guid":{"rendered":"https:\/\/dalatreview.vn\/?p=4809"},"modified":"2024-05-25T08:37:19","modified_gmt":"2024-05-25T08:37:19","slug":"photo-tour-da-lat","status":"publish","type":"product","link":"https:\/\/dalatreview.vn\/en\/photo-tour-da-lat.html","title":{"rendered":"Photo Tour \u0110\u00e0 L\u1ea1t"},"content":{"rendered":"<nav class=\"vietrick-auto-toc\">\n<div class=\"box-title\">\n<h3 class=\"toc-title\" id=\"select-menu\">Danh m\u1ee5c ch\u00ednh<\/h3>\n<div><ion-icon name=\"chevron-up-outline\"><\/ion-icon><\/div>\n<\/div>\n<ul class=\"toc-list\"><\/ul>\n<li><a href='https:\/\/dalatreview.vn\/en#photo-tour-da-lat' class='heading-h1 toc-link smooth-scroll'>Photo Tour &#8211; \u0110\u00e0 L\u1ea1t<\/a>\n<ul>\n<li><a href='https:\/\/dalatreview.vn\/en#1-gioi-thieu' class='heading-h2 toc-link smooth-scroll'>1. Gi\u1edbi thi\u1ec7u<\/a>\n<li><a href='https:\/\/dalatreview.vn\/en#2-dia-diem' class='heading-h2 toc-link smooth-scroll'>2 . \u0110i\u1ea1 \u0111i\u1ec3m<\/a>\n<li><a href='https:\/\/dalatreview.vn\/en#3-dich-vu' class='heading-h2 toc-link smooth-scroll'>3. D\u1ecbch v\u1ee5<\/a>\n<li><a href='https:\/\/dalatreview.vn\/en#4-gia-ca' class='heading-h2 toc-link smooth-scroll'>4 . Gi\u00e1 c\u1ea3<\/a>\n<li><a href='https:\/\/dalatreview.vn\/en#5-lien-he' class='heading-h2 toc-link smooth-scroll'>5 . Li\u00ean h\u1ec7<\/a><\/ul>\n<\/ul>\n<\/li>\n<\/ul>\n<\/nav>\n<h1 style=\"text-align: center;\" id=\"photo-tour-da-lat\"><span style=\"color: #003366; font-family: arial, helvetica, sans-serif;\"><strong>Photo Tour &#8211; \u0110\u00e0 L\u1ea1t<\/strong><\/span><\/h1>\n<h2 style=\"text-align: left;\" id=\"1-gioi-thieu\"><span style=\"font-size: 24px; color: #003366; font-family: arial, helvetica, sans-serif;\">1. Gi\u1edbi thi\u1ec7u<\/span><\/h2>\n<p><span style=\"font-family: arial, helvetica, sans-serif; font-size: 16px;\">Du l\u1ecbch \u0110\u00e0 L\u1ea1t l\u00e0 ni\u1ec1m \u0111am m\u00ea c\u1ee7a r\u1ea5t nhi\u1ec1u b\u1ea1n tr\u1ebb v\u00e0 du kh\u00e1ch b\u1ed1n ph\u01b0\u01a1ng. V\u1edbi thi\u00ean nhi\u00ean trong l\u00e0nh, m\u00e1t m\u1ebb, nhi\u1ec1u c\u1ea3nh \u0111\u1eb9p khi\u1ebfn b\u1ea1n l\u01b0u luy\u1ebfn kh\u00f4ng mu\u1ed1n v\u1ec1. \u0110\u1ec3 c\u00f3 nhi\u1ec1u tr\u1ea3i nghi\u1ec7m th\u00fa v\u1ecb t\u1ea1i \u0110\u00e0 L\u1ea1t kh\u00f4ng th\u1ec3 thi\u1ebfu m\u1ed9t tour k\u00e8m photographer x\u1ecbn x\u00f2. \u0110\u1ebfn v\u1edbi Photo tour L\u00e2m Kh\u00e1nh D\u01b0\u01a1ng nhi\u1ec1u n\u0103m kinh nghi\u1ec7m b\u1ea1n s\u1ebd c\u00f3 chuy\u1ebfn \u0111i \u0110\u00e0 L\u1ea1t tr\u1ecdn v\u1eb9n nh\u1ea5t. Ngo\u00e0i \u0111\u01b0\u1ee3c kh\u00e1m ph\u00e1 nh\u1eefng \u0111\u1ecba \u0111i\u1ec3m thi\u00ean nhi\u00ean, \u0111\u1ecba \u0111i\u1ec3m m\u1edbi \u0111\u1ed9c l\u1ea1 b\u1ea1n c\u00f2n c\u00f3 cho m\u00ecnh m\u1ed9t album si\u00eau \u0111\u1eb9p t\u1ea1i \u0110\u00e0 L\u1ea1t n\u1eefa nh\u00e9\u2764\ufe0f<br \/>\n<img decoding=\"async\" class=\"aligncenter size-full wp-image-8472\" src=\"https:\/\/dalatreview.vn\/wp-content\/uploads\/2020\/04\/phototourdalat.jpg\" alt=\"photo tour \u0111\u00e0 l\u1ea1t\" width=\"1200\" height=\"900\" \/><br \/>\n<\/span><\/p>\n<p><span style=\"font-family: arial, helvetica, sans-serif;\"><img decoding=\"async\" class=\"size-full wp-image-4810 aligncenter\" src=\"https:\/\/dalatreview.vn\/wp-content\/uploads\/2020\/04\/h\u00ecnh1.jpg\" alt=\"\" width=\"1200\" height=\"900\"><\/span><\/p>\n<h2 id=\"2-dia-diem\"><span style=\"color: #003366; font-family: arial, helvetica, sans-serif;\"><strong><span style=\"font-size: 24px;\"><span class=\"_5mfr\"><span class=\"_6qdm\"><span class=\"_4yxp\">2 . \u0110i\u1ea1 \u0111i\u1ec3m<\/span><\/span><\/span><\/span><\/strong><\/span><\/h2>\n<p><span style=\"font-size: 16px; font-family: arial, helvetica, sans-serif;\">S\u1eed d\u1ee5ng Photo tour b\u1ea1n c\u00f3 th\u1ec3 ch\u1ecdn cho m\u00ecnh nh\u1eefng \u0111i\u1ec3m \u0111\u1ebfn y\u00eau th\u00edch nh\u1ea5t. D\u01b0\u1edbi \u0111\u00e2y l\u00e0 nh\u1eefng \u0111\u1ecba \u0111i\u1ec3m m\u00e0 Photo tour gi\u1edbi thi\u1ec7u cho b\u1ea1n. M\u1ed9t bu\u1ed5i b\u1ea1n s\u1ebd \u0111\u01b0\u1ee3c kh\u00e1m ph\u00e1 2 \u0111\u1ecba \u0111i\u1ec3m v\u00e0 ch\u1ee5p h\u00ecnh t\u1ea1i \u0111\u00e2y. Vui l\u00f2ng ch\u1ecdn cho m\u00ecnh 2 \u0111i\u1ec3m \u01b0ng \u00fd nh\u1ea5t cho chuy\u1ebfn \u0111i nh\u00e9!<\/span><\/p>\n<p><span style=\"font-family: arial, helvetica, sans-serif; font-size: 16px;\"><strong>Tuy\u1ebfn \u0110\u1ed3i Ch\u00e8<\/strong><\/span><\/p>\n<p><span style=\"font-family: arial, helvetica, sans-serif; font-size: 16px;\"><span style=\"color: #003300;\"><span class=\"_5mfr\"><span class=\"_6qdm\">\u2705<\/span><\/span><\/span>C\u1ea7u g\u1ed7 s\u0103n m\u00e2y<\/span><\/p>\n<p><span style=\"font-family: arial, helvetica, sans-serif; font-size: 16px;\"><span style=\"color: #003300;\"><span class=\"_5mfr\"><span class=\"_6qdm\">\u2705<\/span><\/span><\/span>M\u1ed9c tr\u00e0 farm cafe<\/span><\/p>\n<p><span style=\"font-family: arial, helvetica, sans-serif; font-size: 16px;\"><span style=\"color: #003300;\"><span class=\"_5mfr\"><span class=\"_6qdm\">\u2705S\u00e0n g\u1ed7 s\u0103n m\u00e2y \u0111\u1ea1i ng\u00e0n<\/span><\/span><\/span><\/span><\/p>\n<p><span style=\"font-family: arial, helvetica, sans-serif;\"><img decoding=\"async\" class=\"size-full wp-image-4811 aligncenter\" src=\"https:\/\/dalatreview.vn\/wp-content\/uploads\/2020\/04\/h\u00ecnh2.jpg\" alt=\"\" width=\"1200\" height=\"900\"><\/span><\/p>\n<p><span style=\"font-family: arial, helvetica, sans-serif; font-size: 16px;\"><span style=\"color: #003300;\"><span class=\"_5mfr\"><span class=\"_6qdm\">\u2705<\/span><\/span><\/span>C\u00e2y c\u00f4 \u0111\u01a1n m\u1eadp + \u1ed1m \u1edf s\u00e2u<\/span><\/p>\n<p><span style=\"font-family: arial, helvetica, sans-serif; font-size: 16px;\"><span style=\"color: #003300;\"><span class=\"_5mfr\"><span class=\"_6qdm\">\u2705<\/span><\/span><\/span>Ixora<\/span><\/p>\n<p><span style=\"font-family: arial, helvetica, sans-serif; font-size: 16px;\"><span style=\"color: #003300;\"><span class=\"_5mfr\"><span class=\"_6qdm\">\u2705<\/span><\/span><\/span>L\u1ea1c ti\u00ean gi\u1edbi<\/span><\/p>\n<p><span style=\"font-family: arial, helvetica, sans-serif;\"><img decoding=\"async\" class=\"size-full wp-image-4812 aligncenter\" src=\"https:\/\/dalatreview.vn\/wp-content\/uploads\/2020\/04\/h\u00ecnh3.jpg\" alt=\"\" width=\"1200\" height=\"900\"><\/span><\/p>\n<p><span style=\"font-family: arial, helvetica, sans-serif; font-size: 16px;\"><strong>Tuy\u1ebfn Su\u1ed1i V\u00e0ng<\/strong><\/span><\/p>\n<p><span style=\"font-family: arial, helvetica, sans-serif; font-size: 16px;\"><span style=\"color: #003300;\"><span class=\"_5mfr\"><span class=\"_6qdm\">\u2705<\/span><\/span><\/span>\u0110\u1ed3i tr\u1ecdc<\/span><\/p>\n<p><span style=\"font-family: arial, helvetica, sans-serif; font-size: 16px;\"><span style=\"color: #003300;\"><span class=\"_5mfr\"><span class=\"_6qdm\">\u2705<\/span><\/span><\/span>Tuy\u1ec7t t\u00ecnh c\u1ed1c 2<\/span><\/p>\n<p style=\"text-align: left;\"><span style=\"font-family: arial, helvetica, sans-serif;\"><span style=\"font-size: 16px;\"><span style=\"color: #003300;\"><span class=\"_5mfr\"><span class=\"_6qdm\">\u2705<\/span><\/span><\/span>C\u00e2y c\u00f4 \u0111\u01a1n su\u1ed1i v\u00e0ng<\/span><img decoding=\"async\" class=\"size-full wp-image-4813 aligncenter\" src=\"https:\/\/dalatreview.vn\/wp-content\/uploads\/2020\/04\/h\u00ecnh4.jpg\" alt=\"\" width=\"1200\" height=\"900\"><\/span><\/p>\n<p><strong>Tuy\u1ebfn H\u1ed3 Tuy\u1ec1n L\u00e2m<\/strong><\/p>\n<p><span style=\"font-family: arial, helvetica, sans-serif; font-size: 16px;\"><span style=\"color: #003300;\"><span class=\"_5mfr\"><span class=\"_6qdm\">\u2705<\/span><\/span><\/span><\/span>Secret Garden<br \/>\n<span style=\"font-family: arial, helvetica, sans-serif; font-size: 16px;\"><span style=\"color: #003300;\"><span class=\"_5mfr\"><span class=\"_6qdm\">\u2705Khu du l\u1ecbch<\/span><\/span><\/span><\/span>\u00a0lavender<br \/>\n<span style=\"font-family: arial, helvetica, sans-serif; font-size: 16px;\"><span style=\"color: #003300;\"><span class=\"_5mfr\"><span class=\"_6qdm\">\u2705<\/span><\/span><\/span><\/span>N\u0103m c\u0103n bi\u1ec7t th\u1ef1 b\u1ecf hoang<br \/>\n<span style=\"font-family: arial, helvetica, sans-serif; font-size: 16px;\"><span style=\"color: #003300;\"><span class=\"_5mfr\"><span class=\"_6qdm\">\u2705<\/span><\/span><\/span><\/span>\u0110\u1ed3i th\u1eadp gi\u00e1<\/p>\n<p><img decoding=\"async\" class=\"aligncenter size-full wp-image-4850\" src=\"https:\/\/dalatreview.vn\/wp-content\/uploads\/2020\/04\/tuyenhotuyenlam.jpg\" alt=\"tuy\u1ebfn h\u1ed3 tuy\u1ec1n l\u00e2m\" width=\"1200\" height=\"900\" \/><\/p>\n<p>&nbsp;<\/p>\n<p><span style=\"font-family: arial, helvetica, sans-serif; font-size: 16px;\"><strong>C\u00e1c \u0110\u1ecba \u0110i\u1ec3m Kh\u00e1c<\/strong><\/span><\/p>\n<p><span style=\"font-family: arial, helvetica, sans-serif; font-size: 16px;\"><span style=\"color: #003300;\"><span class=\"_5mfr\"><span class=\"_6qdm\">\u2705<\/span><\/span><\/span>Ngo\u00e0i nh\u1eefng \u0111\u1ecba \u0111i\u1ec3m \u0111\u1ecbnh s\u1eb5n b\u1ea1n c\u00f3 th\u1ec3 ch\u1ecdn cho m\u00ecnh nh\u1eefng \u0111\u1ecba \u0111i\u1ec3m y\u00eau th\u00edch ph\u00f9 h\u1ee3p v\u1edbi chuy\u1ebfn \u0111i nh\u00e9\u2764\ufe0f<\/span><\/p>\n<p><span style=\"font-family: arial, helvetica, sans-serif;\"><img decoding=\"async\" class=\"size-full wp-image-4814 aligncenter\" src=\"https:\/\/dalatreview.vn\/wp-content\/uploads\/2020\/04\/h\u00ecnh5.jpg\" alt=\"\" width=\"1200\" height=\"900\"><\/span><\/p>\n<h2 id=\"3-dich-vu\"><span style=\"font-family: arial, helvetica, sans-serif;\"><strong style=\"color: #003366; font-size: 24px;\">3. D\u1ecbch v\u1ee5<\/strong><\/span><\/h2>\n<p><span style=\"font-family: arial, helvetica, sans-serif; font-size: 16px;\">\u2705\u0110\u1ebfn v\u1edbi Photo tour &#8211; L\u00e2m Kh\u00e1nh D\u01b0\u01a1ng\u00a0b\u1ea1n v\u1eeba \u0111\u01b0\u1ee3c ch\u01a1i v\u1eeba ch\u1ee5p h\u00ecnh th\u1ecfa th\u00edch<\/span><\/p>\n<p><span style=\"font-family: arial, helvetica, sans-serif; font-size: 16px;\">\u2705B\u1ea1n \u0111\u01b0\u1ee3c kh\u00e1m ph\u00e1 nh\u1eefng \u0111\u1ecba \u0111i\u1ec3m m\u1edbi \u0111\u1ed9c l\u1ea1, hoang s\u01a1, thi\u00ean v\u1ec1 t\u1ef1 nhi\u00ean phong c\u1ea3nh \u0110\u00e0 L\u1ea1t<\/span><\/p>\n<p><span style=\"font-family: arial, helvetica, sans-serif; font-size: 16px;\">\u2705Sau chuy\u1ebfn \u0111i b\u1ea1n \u0111\u01b0\u1ee3c t\u1eb7ng m\u1ed9t b\u1ed9 \u1ea3nh bao g\u1ed3m: T\u1ea5t c\u1ea3 \u1ea3nh g\u1ed1c v\u00e0 20 t\u1ea5m ch\u1ec9nh s\u1eeda blend m\u00e0u (th\u01b0\u1eddng \u0111\u01b0\u1ee3c bonus nhi\u1ec1u h\u01a1n 20 t\u1ea5m)<\/span><\/p>\n<h2 id=\"4-gia-ca\"><span style=\"font-size: 24px; color: #003366; font-family: arial, helvetica, sans-serif;\"><strong>4 . Gi\u00e1 c\u1ea3<\/strong><\/span><\/h2>\n<p><span style=\"font-family: arial, helvetica, sans-serif; font-size: 16px;\">\u2705Gi\u00e1 ch\u1ee5p 1.200.000\/ 1 bu\u1ed5i<\/span><br \/>\n<span style=\"font-family: arial, helvetica, sans-serif; font-size: 16px;\">\u2705S\u1ed1 ng\u01b0\u1eddi : 2 (em b\u00e9 \u0111\u01b0\u1ee3c t\u00ednh free)<\/span><br \/>\n<span style=\"font-family: arial, helvetica, sans-serif; font-size: 16px;\">Gi\u00e1 tr\u00ean ch\u01b0a bao g\u1ed3m v\u00e9 v\u00f4 c\u00e1c khu du l\u1ecbch (n\u1ebfu c\u00f3). Kh\u00f4ng bao g\u1ed3m makeup trang ph\u1ee5c.<\/span><\/p>\n<h2 id=\"5-lien-he\"><span style=\"font-size: 24px; color: #003366; font-family: arial, helvetica, sans-serif;\"><strong>5 . Li\u00ean h\u1ec7<\/strong><\/span><\/h2>\n<p style=\"text-align: left;\"><span style=\"font-size: 16px; font-family: arial, helvetica, sans-serif;\"><span style=\"font-family: arial, helvetica, sans-serif;\">\u2705<\/span>S\u1ed1 \u0111i\u1ec7n tho\u1ea1i : 0942424344<\/span><\/p>\n<p><span style=\"font-size: 16px; font-family: arial, helvetica, sans-serif;\"><span style=\"font-family: arial, helvetica, sans-serif;\">\u2705<\/span>Facebook: L\u00e2m Kh\u00e1nh D\u01b0\u01a1ng<\/span><\/p>\n<p>&nbsp;<\/p>\n<p>&nbsp;<\/p>\n<p>&nbsp;<\/p>","protected":false},"excerpt":{"rendered":"<p>Danh m\u1ee5c ch\u00ednh Photo Tour &#8211; \u0110\u00e0 L\u1ea1t 1. Gi\u1edbi thi\u1ec7u 2 . \u0110i\u1ea1 \u0111i\u1ec3m 3. D\u1ecbch v\u1ee5 4 . Gi\u00e1 c\u1ea3 5 . Li\u00ean h\u1ec7 Photo Tour &#8211; \u0110\u00e0 L\u1ea1t 1. Gi\u1edbi thi\u1ec7u Du l\u1ecbch \u0110\u00e0 L\u1ea1t l\u00e0 ni\u1ec1m \u0111am m\u00ea c\u1ee7a r\u1ea5t nhi\u1ec1u b\u1ea1n tr\u1ebb v\u00e0 du kh\u00e1ch b\u1ed1n ph\u01b0\u01a1ng. V\u1edbi thi\u00ean nhi\u00ean [&hellip;]<\/p>","protected":false},"featured_media":8474,"comment_status":"open","ping_status":"closed","template":"","meta":{"_acf_changed":false,"rank_math_lock_modified_date":false},"product_cat":[26,1369],"product_tag":[],"acf":[],"_links":{"self":[{"href":"https:\/\/dalatreview.vn\/en\/wp-json\/wp\/v2\/product\/4809"}],"collection":[{"href":"https:\/\/dalatreview.vn\/en\/wp-json\/wp\/v2\/product"}],"about":[{"href":"https:\/\/dalatreview.vn\/en\/wp-json\/wp\/v2\/types\/product"}],"replies":[{"embeddable":true,"href":"https:\/\/dalatreview.vn\/en\/wp-json\/wp\/v2\/comments?post=4809"}],"wp:featuredmedia":[{"embeddable":true,"href":"https:\/\/dalatreview.vn\/en\/wp-json\/wp\/v2\/media\/8474"}],"wp:attachment":[{"href":"https:\/\/dalatreview.vn\/en\/wp-json\/wp\/v2\/media?parent=4809"}],"wp:term":[{"taxonomy":"product_cat","embeddable":true,"href":"https:\/\/dalatreview.vn\/en\/wp-json\/wp\/v2\/product_cat?post=4809"},{"taxonomy":"product_tag","embeddable":true,"href":"https:\/\/dalatreview.vn\/en\/wp-json\/wp\/v2\/product_tag?post=4809"}],"curies":[{"name":"wp","href":"https:\/\/api.w.org\/{rel}","templated":true}]}}