
{"id":47939,"date":"2025-05-08T18:45:26","date_gmt":"2025-05-08T11:45:26","guid":{"rendered":"https:\/\/dalatreview.vn\/?post_type=product&#038;p=47939"},"modified":"2025-05-08T18:48:59","modified_gmt":"2025-05-08T11:48:59","slug":"lich-dien-liveshow-may-lang-thang-thang-5","status":"publish","type":"product","link":"https:\/\/dalatreview.vn\/en\/lich-dien-liveshow-may-lang-thang-thang-5.html","title":{"rendered":"L\u1ecbch Di\u1ec5n LiveShow M\u00e2y Lang Thang Th\u00e1ng 5\/2025: B\u00f9ng N\u1ed5 C\u1ea3m X\u00fac C\u00f9ng D\u00e0n Sao HOT!"},"content":{"rendered":"<nav class=\"vietrick-auto-toc\">\n<div class=\"box-title\">\n<h3 class=\"toc-title\" id=\"select-menu\">Danh m\u1ee5c ch\u00ednh<\/h3>\n<div><ion-icon name=\"chevron-up-outline\"><\/ion-icon><\/div>\n<\/div>\n<ul class=\"toc-list\"><\/ul>\n<li><a href='https:\/\/dalatreview.vn\/en#lich-dien-liveshow-may-lang-thang-thang-5-2025' class='heading-h1 toc-link smooth-scroll'>L\u1ecbch Di\u1ec5n LiveShow M\u00e2y Lang Thang Th\u00e1ng 5\/2025: <\/a>\n<li><a href='https:\/\/dalatreview.vn\/en#don-he-soi-dong-cung-am-nhac-dinh-cao' class='heading-h1 toc-link smooth-scroll'>\u0110\u00f3n H\u00e8 S\u00f4i \u0110\u1ed9ng C\u00f9ng \u00c2m Nh\u1ea1c \u0110\u1ec9nh Cao!<\/a>\n<ul>\n<li><a href='https:\/\/dalatreview.vn\/en#1-cap-nhat-lich-dien-liveshow-may-lang-thang-thang-5-2025-moi-nhat' class='heading-h2 toc-link smooth-scroll'>1. C\u1eadp Nh\u1eadt L\u1ecbch Di\u1ec5n LiveShow M\u00e2y Lang Thang Th\u00e1ng 5\/2025 M\u1edbi Nh\u1ea5t<\/a>\n<li><a href='https:\/\/dalatreview.vn\/en#2-tai-sao-ban-khong-the-bo-lo-liveshow-may-lang-thang-thang-5' class='heading-h2 toc-link smooth-scroll'>2. T\u1ea1i Sao B\u1ea1n Kh\u00f4ng Th\u1ec3 B\u1ecf L\u1ee1 Liveshow M\u00e2y Lang Thang Th\u00e1ng 5?<\/a>\n<li><a href='https:\/\/dalatreview.vn\/en#3-san-ve-liveshow-may-lang-thang-thang-5-ngay-hom-nay' class='heading-h2 toc-link smooth-scroll'>3. S\u0103n V\u00e9 Liveshow M\u00e2y Lang Thang Th\u00e1ng 5 Ngay H\u00f4m Nay!<\/a>\n<li><a href='https:\/\/dalatreview.vn\/en#4-meo-nho-de-co-trai-nghiem-xem-liveshow-may-lang-thang-thang-5-tuyet-voi-nhat' class='heading-h2 toc-link smooth-scroll'>4. M\u1eb9o Nh\u1ecf \u0110\u1ec3 C\u00f3 Tr\u1ea3i Nghi\u1ec7m Xem Liveshow M\u00e2y Lang Thang Th\u00e1ng 5 Tuy\u1ec7t V\u1eddi Nh\u1ea5t<\/a><\/ul>\n<\/ul>\n<\/li>\n<\/ul>\n<\/nav>\n<h1 class=\"ng-star-inserted\" style=\"text-align: center;\" id=\"lich-dien-liveshow-may-lang-thang-thang-5-2025\"><span style=\"font-size: 24pt; color: #003300;\"><strong class=\"ng-star-inserted\"><span class=\"ng-star-inserted\">L\u1ecbch Di\u1ec5n LiveShow M\u00e2y Lang Thang Th\u00e1ng 5\/2025: <\/span><\/strong><\/span><\/h1>\n<h1 class=\"ng-star-inserted\" style=\"text-align: center;\" id=\"don-he-soi-dong-cung-am-nhac-dinh-cao\"><span style=\"font-size: 24pt; color: #800000;\"><strong class=\"ng-star-inserted\"><span class=\"ng-star-inserted\">\u0110\u00f3n H\u00e8 S\u00f4i \u0110\u1ed9ng C\u00f9ng \u00c2m Nh\u1ea1c \u0110\u1ec9nh Cao!<\/span><\/strong><\/span><\/h1>\n<blockquote>\n<p class=\"ng-star-inserted\"><em><span class=\"ng-star-inserted\">Th\u00e1ng 5 g\u00f5 c\u1eeda, mang theo kh\u00f4ng kh\u00ed r\u1ed9n r\u00e0ng c\u1ee7a nh\u1eefng ng\u00e0y h\u00e8 \u0111ang \u0111\u1ebfn g\u1ea7n. \u0110\u00e2y c\u0169ng l\u00e0 th\u1eddi \u0111i\u1ec3m\u00a0<\/span><strong class=\"ng-star-inserted\"><span class=\"ng-star-inserted\">M\u00e2y Lang Thang<\/span><\/strong><span class=\"ng-star-inserted\">\u00a0ti\u1ebfp t\u1ee5c chu\u1ed7i liveshow \u00e2m nh\u1ea1c ch\u1ea5t l\u01b0\u1ee3ng, h\u1ee9a h\u1eb9n &#8220;\u0111\u1ed1t ch\u00e1y&#8221; s\u00e2n kh\u1ea5u v\u00e0 mang \u0111\u1ebfn nh\u1eefng tr\u1ea3i nghi\u1ec7m th\u0103ng hoa kh\u00f3 qu\u00ean cho kh\u00e1n gi\u1ea3 y\u00eau nh\u1ea1c tr\u00ean kh\u1eafp c\u1ea3 n\u01b0\u1edbc. N\u1ebfu b\u1ea1n \u0111ang t\u00ecm ki\u1ebfm nh\u1eefng \u0111\u00eam nh\u1ea1c &#8220;ch\u1eefa l\u00e0nh&#8221; t\u00e2m h\u1ed3n, \u0111\u1eafm ch\u00ecm trong giai \u0111i\u1ec7u du d\u01b0\u01a1ng v\u00e0 gi\u1ecdng ca th\u1ef1c l\u1ef1c, th\u00ec \u0111\u1eebng b\u1ecf l\u1ee1\u00a0<\/span><strong class=\"ng-star-inserted\"><span class=\"ng-star-inserted\">l\u1ecbch di\u1ec5n liveshow M\u00e2y Lang Thang th\u00e1ng 5\/2025<\/span><\/strong><span class=\"ng-star-inserted\">\u00a0chi ti\u1ebft d\u01b0\u1edbi \u0111\u00e2y!<\/span><\/em><\/p>\n<\/blockquote>\n<h2 class=\"ng-star-inserted\" id=\"1-cap-nhat-lich-dien-liveshow-may-lang-thang-thang-5-2025-moi-nhat\"><span style=\"font-size: 18pt; color: #800000;\"><strong class=\"ng-star-inserted\"><span class=\"ng-star-inserted\">1. C\u1eadp Nh\u1eadt L\u1ecbch Di\u1ec5n LiveShow M\u00e2y Lang Thang Th\u00e1ng 5\/2025 M\u1edbi Nh\u1ea5t<\/span><\/strong><\/span><\/h2>\n<p><img decoding=\"async\" class=\"aligncenter wp-image-47941\" src=\"https:\/\/dalatreview.vn\/wp-content\/uploads\/2025\/05\/495608917_1092315486264322_14169621222277017_n.jpg\" alt=\"l\u1ecbch di\u1ec5n m\u00e2y lang thang th\u00e1ng 5\" width=\"745\" height=\"745\" srcset=\"https:\/\/dalatreview.vn\/wp-content\/uploads\/2025\/05\/495608917_1092315486264322_14169621222277017_n.jpg 1638w, https:\/\/dalatreview.vn\/wp-content\/uploads\/2025\/05\/495608917_1092315486264322_14169621222277017_n-1024x1024.jpg 1024w, https:\/\/dalatreview.vn\/wp-content\/uploads\/2025\/05\/495608917_1092315486264322_14169621222277017_n-360x360.jpg 360w, https:\/\/dalatreview.vn\/wp-content\/uploads\/2025\/05\/495608917_1092315486264322_14169621222277017_n-768x768.jpg 768w, https:\/\/dalatreview.vn\/wp-content\/uploads\/2025\/05\/495608917_1092315486264322_14169621222277017_n-1536x1536.jpg 1536w, https:\/\/dalatreview.vn\/wp-content\/uploads\/2025\/05\/495608917_1092315486264322_14169621222277017_n-300x300.jpg 300w, https:\/\/dalatreview.vn\/wp-content\/uploads\/2025\/05\/495608917_1092315486264322_14169621222277017_n-600x600.jpg 600w, https:\/\/dalatreview.vn\/wp-content\/uploads\/2025\/05\/495608917_1092315486264322_14169621222277017_n-100x100.jpg 100w\" sizes=\"(max-width: 745px) 100vw, 745px\" \/><\/p>\n<p class=\"ng-star-inserted\" style=\"padding-left: 40px;\"><span class=\"ng-star-inserted\">Th\u00e1ng 5 n\u00e0y, M\u00e2y Lang Thang t\u1ef1 h\u00e0o mang \u0111\u1ebfn m\u1ed9t &#8220;b\u1eefa ti\u1ec7c \u00e2m nh\u1ea1c&#8221; \u0111a s\u1eafc m\u00e0u v\u1edbi s\u1ef1 g\u00f3p m\u1eb7t c\u1ee7a h\u00e0ng lo\u1ea1t t\u00ean tu\u1ed5i \u0111\u00ecnh \u0111\u00e1m V-Pop. T\u1eeb nh\u1eefng b\u1ea3n ballad s\u00e2u l\u1eafng \u0111\u1ebfn nh\u1eefng ca kh\u00fac s\u00f4i \u0111\u1ed9ng, m\u1ed7i \u0111\u00eam nh\u1ea1c h\u1ee9a h\u1eb9n s\u1ebd l\u00e0 m\u1ed9t k\u1ef7 ni\u1ec7m \u0111\u00e1ng nh\u1edb:<\/span><\/p>\n<blockquote>\n<p class=\"ng-star-inserted\"><strong class=\"ng-star-inserted\"><span class=\"ng-star-inserted\">Ng\u00e0y 01\/05\/2025:<\/span><\/strong><\/p>\n<p class=\"ng-star-inserted\" style=\"padding-left: 40px;\"><span class=\"ng-star-inserted\">\u2764\ufe0f\u00a0<\/span><strong class=\"ng-star-inserted\"><span class=\"ng-star-inserted\">PH\u01af\u01a0NG LINH<\/span><\/strong><span class=\"ng-star-inserted\">\u00a0\u2013 M\u00c2Y \u0110\u00c0 N\u1eb4NG<\/span><\/p>\n<p class=\"ng-star-inserted\"><strong class=\"ng-star-inserted\"><span class=\"ng-star-inserted\">Ng\u00e0y 02\/05\/2025:<\/span><\/strong><\/p>\n<p class=\"ng-star-inserted\" style=\"padding-left: 40px;\"><span class=\"ng-star-inserted\">\u2764\ufe0f\u00a0<\/span><strong class=\"ng-star-inserted\"><span class=\"ng-star-inserted\">QU\u1ed0C THI\u00caN<\/span><\/strong><span class=\"ng-star-inserted\">\u00a0\u2013 M\u00c2Y \u0110\u00c0 L\u1ea0T<\/span><\/p>\n<p class=\"ng-star-inserted\" style=\"padding-left: 40px;\"><span class=\"ng-star-inserted\">\u2764\ufe0f\u00a0<\/span><strong class=\"ng-star-inserted\"><span class=\"ng-star-inserted\">TR\u01af\u01a0NG TH\u1ea2O NHI<\/span><\/strong><span class=\"ng-star-inserted\">\u00a0\u2013 M\u00c2Y \u0110\u00c0 L\u1ea0T<\/span><\/p>\n<p class=\"ng-star-inserted\"><strong class=\"ng-star-inserted\"><span class=\"ng-star-inserted\">Ng\u00e0y 03\/05\/2025:<\/span><\/strong><\/p>\n<p class=\"ng-star-inserted\" style=\"padding-left: 40px;\"><span class=\"ng-star-inserted\">\u2764\ufe0f\u00a0<\/span><strong class=\"ng-star-inserted\"><span class=\"ng-star-inserted\">JUN PH\u1ea0M<\/span><\/strong><span class=\"ng-star-inserted\">\u00a0\u2013 M\u00c2Y LANG THANG H\u1ea2I PH\u00d2NG<\/span><\/p>\n<p class=\"ng-star-inserted\" style=\"padding-left: 40px;\"><span class=\"ng-star-inserted\">\u2764\ufe0f\u00a0<\/span><strong class=\"ng-star-inserted\"><span class=\"ng-star-inserted\">L\u00ca HI\u1ebeU \u2013 PH\u01af\u01a0NG LINH<\/span><\/strong><span class=\"ng-star-inserted\">\u00a0\u2013 M\u00c2Y \u0110\u00c0 L\u1ea0T<\/span><\/p>\n<p class=\"ng-star-inserted\"><strong class=\"ng-star-inserted\"><span class=\"ng-star-inserted\">Ng\u00e0y 10\/05\/2025:<\/span><\/strong><\/p>\n<p class=\"ng-star-inserted\" style=\"padding-left: 40px;\"><span class=\"ng-star-inserted\">\u2764\ufe0f\u00a0<\/span><strong class=\"ng-star-inserted\"><span class=\"ng-star-inserted\">V\u0102N MAI H\u01af\u01a0NG<\/span><\/strong><span class=\"ng-star-inserted\"> \u2013 \u0110\u00c0 L\u1ea0T<\/span><\/p>\n<p class=\"ng-star-inserted\" style=\"padding-left: 40px;\"><span class=\"ng-star-inserted\">\u2764\ufe0f\u00a0<\/span><strong class=\"ng-star-inserted\"><span class=\"ng-star-inserted\">H\u01af\u01a0NG TR\u00c0M<\/span><\/strong><span class=\"ng-star-inserted\">\u00a0\u2013 M\u00c2Y H\u1ea2I PH\u00d2NG<\/span><\/p>\n<p class=\"ng-star-inserted\"><strong class=\"ng-star-inserted\"><span class=\"ng-star-inserted\">Ng\u00e0y 17\/05\/2025:<\/span><\/strong><\/p>\n<p class=\"ng-star-inserted\" style=\"padding-left: 40px;\"><span class=\"ng-star-inserted\">\u2764\ufe0f\u00a0<\/span><strong class=\"ng-star-inserted\"><span class=\"ng-star-inserted\">TRUNG QU\u00c2N<\/span><\/strong><span class=\"ng-star-inserted\">\u00a0\u2013 M\u00c2Y H\u00c0 N\u1ed8I<\/span><\/p>\n<p class=\"ng-star-inserted\" style=\"padding-left: 40px;\"><span class=\"ng-star-inserted\">\u2764\ufe0f\u00a0<\/span><strong class=\"ng-star-inserted\"><span class=\"ng-star-inserted\">H\u01af\u01a0NG TR\u00c0M<\/span><\/strong><span class=\"ng-star-inserted\">\u00a0\u2013 M\u00c2Y \u0110\u00c0 L\u1ea0T<\/span><\/p>\n<p class=\"ng-star-inserted\"><strong class=\"ng-star-inserted\"><span class=\"ng-star-inserted\">Ng\u00e0y 23\/05\/2025:<\/span><\/strong><\/p>\n<p class=\"ng-star-inserted\" style=\"padding-left: 40px;\"><span class=\"ng-star-inserted\">\u2764\ufe0f\u00a0<\/span><strong class=\"ng-star-inserted\"><span class=\"ng-star-inserted\">TRUNG QU\u00c2N<\/span><\/strong><span class=\"ng-star-inserted\">\u00a0\u2013 M\u00c2Y \u0110\u00c0 L\u1ea0T<\/span><\/p>\n<p class=\"ng-star-inserted\"><strong class=\"ng-star-inserted\"><span class=\"ng-star-inserted\">Ng\u00e0y 24\/05\/2025:<\/span><\/strong><\/p>\n<p class=\"ng-star-inserted\" style=\"padding-left: 40px;\"><span class=\"ng-star-inserted\">\u2764\ufe0f\u00a0<\/span><strong class=\"ng-star-inserted\"><span class=\"ng-star-inserted\">TH\u00d9Y CHI \u2013 \u0110INH M\u1ea0NH NINH<\/span><\/strong><span class=\"ng-star-inserted\">\u00a0\u2013 M\u00c2Y \u0110\u00c0 L\u1ea0T<\/span><\/p>\n<p class=\"ng-star-inserted\"><strong class=\"ng-star-inserted\"><span class=\"ng-star-inserted\">Ng\u00e0y 30\/05\/2025:<\/span><\/strong><\/p>\n<p class=\"ng-star-inserted\" style=\"padding-left: 40px;\"><span class=\"ng-star-inserted\">\u2764\ufe0f\u00a0<\/span><strong class=\"ng-star-inserted\"><span class=\"ng-star-inserted\">V\u0168 C\u00c1T T\u01af\u1edcNG<\/span><\/strong><span class=\"ng-star-inserted\"> \u2013 H\u00c0 N\u1ed8I\u00a0<\/span><\/p>\n<p class=\"ng-star-inserted\" style=\"padding-left: 40px;\"><span class=\"ng-star-inserted\">\u2764\ufe0f\u00a0<\/span><strong class=\"ng-star-inserted\"><span class=\"ng-star-inserted\">H\u00c0 NHI<\/span><\/strong><span class=\"ng-star-inserted\">\u00a0\u2013 M\u00c2Y \u0110\u00c0 L\u1ea0T<\/span><\/p>\n<p class=\"ng-star-inserted\"><strong class=\"ng-star-inserted\"><span class=\"ng-star-inserted\">Ng\u00e0y 31\/05\/2025:<\/span><\/strong><\/p>\n<p class=\"ng-star-inserted\" style=\"padding-left: 40px;\"><span class=\"ng-star-inserted\">\u2764\ufe0f\u00a0<\/span><strong class=\"ng-star-inserted\"><span class=\"ng-star-inserted\">M\u1ef8 LINH \u2013 B\u00d9I LAN H\u01af\u01a0NG<\/span><\/strong><span class=\"ng-star-inserted\"> \u2013 M\u00c2Y LANG THANG\u00a0<\/span><\/p>\n<\/blockquote>\n<p class=\"ng-star-inserted\" style=\"padding-left: 40px;\"><strong class=\"ng-star-inserted\"><span class=\"ng-star-inserted\">L\u01b0u \u00fd:<\/span><\/strong><span class=\"ng-star-inserted\">\u00a0L\u1ecbch di\u1ec5n c\u00f3 th\u1ec3 thay \u0111\u1ed5i, vui l\u00f2ng theo d\u00f5i fanpage M\u00e2y Lang Thang ho\u1eb7c li\u00ean h\u1ec7 hotline \u0111\u1ec3 c\u00f3 th\u00f4ng tin ch\u00ednh x\u00e1c nh\u1ea5t. C\u00e1c show t\u1ea1i \u0110\u00e0 L\u1ea1t, H\u00e0 N\u1ed9i, \u0110\u00e0 N\u1eb5ng, H\u1ea3i Ph\u00f2ng \u0111\u1ec1u thu\u1ed9c h\u1ec7 th\u1ed1ng M\u00e2y Lang Thang ho\u1eb7c c\u00e1c s\u00e2n kh\u1ea5u quen thu\u1ed9c c\u1ee7a M\u00e2y.<\/span><\/p>\n<h2 class=\"ng-star-inserted\" id=\"2-tai-sao-ban-khong-the-bo-lo-liveshow-may-lang-thang-thang-5\"><span style=\"color: #800000;\"><strong class=\"ng-star-inserted\"><span class=\"ng-star-inserted\">2. T\u1ea1i Sao B\u1ea1n Kh\u00f4ng Th\u1ec3 B\u1ecf L\u1ee1 Liveshow M\u00e2y Lang Thang Th\u00e1ng 5?<\/span><\/strong><\/span><\/h2>\n<ol>\n<li style=\"list-style-type: none;\">\n<ol class=\"ng-star-inserted\">\n<li class=\"ng-star-inserted\">\n<p class=\"ng-star-inserted\"><strong class=\"ng-star-inserted\"><span class=\"ng-star-inserted\">D\u00e0n Ngh\u1ec7 S\u0129 \u0110\u1ec9nh Cao:<\/span><\/strong><span class=\"ng-star-inserted\">\u00a0C\u01a1 h\u1ed9i th\u01b0\u1edfng th\u1ee9c gi\u1ecdng ca live \u0111\u1ea7y n\u1ed9i l\u1ef1c c\u1ee7a nh\u1eefng ng\u00f4i sao h\u00e0ng \u0111\u1ea7u nh\u01b0 Ph\u01b0\u01a1ng Linh, V\u0169 C\u00e1t T\u01b0\u1eddng, H\u00e0 Nhi, L\u00ea Hi\u1ebfu, V\u0103n Mai H\u01b0\u01a1ng, H\u01b0\u01a1ng Tr\u00e0m, Th\u00f9y Chi, M\u1ef9 Linh, v\u00e0 nhi\u1ec1u t\u00e0i n\u0103ng kh\u00e1c. M\u1ed7i ca s\u0129 mang m\u1ed9t m\u00e0u s\u1eafc ri\u00eang, h\u1ee9a h\u1eb9n nh\u1eefng \u0111\u00eam nh\u1ea1c \u0111a d\u1ea1ng v\u00e0 cu\u1ed1n h\u00fat.<\/span><\/p>\n<\/li>\n<li class=\"ng-star-inserted\">\n<p class=\"ng-star-inserted\"><strong class=\"ng-star-inserted\"><span class=\"ng-star-inserted\">Kh\u00f4ng Gian \u00c2m Nh\u1ea1c \u0110\u1ed9c \u0110\u00e1o:<\/span><\/strong><span class=\"ng-star-inserted\">\u00a0D\u00f9 l\u00e0 M\u00e2y Lang Thang \u0110\u00e0 L\u1ea1t v\u1edbi view \u0111\u1ed3i th\u00f4ng l\u00e3ng m\u1ea1n, hay c\u00e1c s\u00e2n kh\u1ea5u M\u00e2y t\u1ea1i H\u00e0 N\u1ed9i, \u0110\u00e0 N\u1eb5ng, H\u1ea3i Ph\u00f2ng, t\u1ea5t c\u1ea3 \u0111\u1ec1u \u0111\u01b0\u1ee3c \u0111\u1ea7u t\u01b0 k\u1ef9 l\u01b0\u1ee1ng v\u1ec1 \u00e2m thanh, \u00e1nh s\u00e1ng, mang \u0111\u1ebfn tr\u1ea3i nghi\u1ec7m nghe nh\u00ecn tr\u1ecdn v\u1eb9n.<\/span><\/p>\n<\/li>\n<li class=\"ng-star-inserted\">\n<p class=\"ng-star-inserted\"><strong class=\"ng-star-inserted\"><span class=\"ng-star-inserted\">Tr\u1ea3i Nghi\u1ec7m &#8220;Ch\u1eefa L\u00e0nh&#8221; T\u00e2m H\u1ed3n:<\/span><\/strong><span class=\"ng-star-inserted\">\u00a0\u00c2m nh\u1ea1c t\u1ea1i M\u00e2y Lang Thang kh\u00f4ng ch\u1ec9 \u0111\u1ec3 nghe, m\u00e0 c\u00f2n \u0111\u1ec3 c\u1ea3m nh\u1eadn. Nh\u1eefng giai \u0111i\u1ec7u du d\u01b0\u01a1ng, l\u1eddi ca \u00fd ngh\u0129a s\u1ebd gi\u00fap b\u1ea1n g\u00e1c l\u1ea1i m\u1ecdi b\u1ed9n b\u1ec1, t\u00ecm th\u1ea5y s\u1ef1 b\u00ecnh y\u00ean v\u00e0 k\u1ebft n\u1ed1i s\u00e2u s\u1eafc v\u1edbi c\u1ea3m x\u00fac c\u1ee7a ch\u00ednh m\u00ecnh.<\/span><\/p>\n<\/li>\n<li class=\"ng-star-inserted\">\n<p class=\"ng-star-inserted\"><strong class=\"ng-star-inserted\"><span class=\"ng-star-inserted\">\u0110i\u1ec3m H\u1eb9n L\u00fd T\u01b0\u1edfng Cho M\u00f9a H\u00e8:<\/span><\/strong><span class=\"ng-star-inserted\">\u00a0<\/span><span class=\"ng-star-inserted\">Th\u00e1ng 5 l\u00e0 th\u1eddi \u0111i\u1ec3m tuy\u1ec7t v\u1eddi \u0111\u1ec3 l\u00ean k\u1ebf ho\u1ea1ch cho nh\u1eefng chuy\u1ebfn \u0111i k\u1ebft h\u1ee3p th\u01b0\u1edfng th\u1ee9c \u00e2m nh\u1ea1c. M\u1ed9t \u0111\u00eam nh\u1ea1c t\u1ea1i M\u00e2y Lang Thang ch\u1eafc ch\u1eafn s\u1ebd l\u00e0 \u0111i\u1ec3m nh\u1ea5n \u0111\u00e1ng nh\u1edb trong h\u00e0nh tr\u00ecnh c\u1ee7a b\u1ea1n.<\/span><\/p>\n<\/li>\n<\/ol>\n<\/li>\n<\/ol>\n<h2 class=\"ng-star-inserted\" id=\"3-san-ve-liveshow-may-lang-thang-thang-5-ngay-hom-nay\"><span style=\"color: #800000;\"><strong class=\"ng-star-inserted\"><span class=\"ng-star-inserted\">3. S\u0103n V\u00e9 Liveshow M\u00e2y Lang Thang Th\u00e1ng 5 Ngay H\u00f4m Nay!<\/span><\/strong><\/span><\/h2>\n<p class=\"ng-star-inserted\" style=\"padding-left: 40px;\"><span class=\"ng-star-inserted\">\u0110\u1ec3 \u0111\u1ea3m b\u1ea3o c\u00f3 \u0111\u01b0\u1ee3c v\u1ecb tr\u00ed \u0111\u1eb9p v\u00e0 kh\u00f4ng b\u1ecf l\u1ee1 c\u01a1 h\u1ed9i g\u1eb7p g\u1ee1 th\u1ea7n t\u01b0\u1ee3ng, h\u00e3y nhanh tay \u0111\u1eb7t v\u00e9 cho c\u00e1c\u00a0<\/span><strong class=\"ng-star-inserted\"><span class=\"ng-star-inserted\">show di\u1ec5n M\u00e2y Lang Thang th\u00e1ng 5<\/span><\/strong><span class=\"ng-star-inserted\">:<\/span><\/p>\n<ul>\n<li style=\"list-style-type: none;\">\n<ul class=\"ng-star-inserted\">\n<li class=\"ng-star-inserted\">\n<p class=\"ng-star-inserted\"><strong class=\"ng-star-inserted\"><span class=\"ng-star-inserted\">Hotline t\u01b0 v\u1ea5n &amp; \u0111\u1eb7t v\u00e9:<\/span><\/strong><span class=\"ng-star-inserted\">\u00a0<\/span><strong class=\"ng-star-inserted\"><span class=\"ng-star-inserted\">0986 249 297<\/span><\/strong><span class=\"ng-star-inserted\">\u00a0(Th\u00f4ng tin t\u1eeb prompt g\u1ed1c, b\u1ea1n c\u00f3 th\u1ec3 c\u1eadp nh\u1eadt n\u1ebfu c\u00f3 s\u1ed1 kh\u00e1c)<\/span><\/p>\n<\/li>\n<li class=\"ng-star-inserted\">\n<p class=\"ng-star-inserted\"><strong class=\"ng-star-inserted\"><span class=\"ng-star-inserted\">K\u00eanh \u0111\u1eb7t v\u00e9 uy t\u00edn:<\/span><\/strong><span class=\"ng-star-inserted\">\u00a0<\/span><strong class=\"ng-star-inserted\"><span class=\"ng-star-inserted\">\u0110\u00e0 L\u1ea1t Review T\u1ea5t T\u1ea7n T\u1eadt<\/span><\/strong><span class=\"ng-star-inserted\">\u00a0(Ho\u1eb7c c\u00e1c k\u00eanh ch\u00ednh th\u1ee9c c\u1ee7a M\u00e2y Lang Thang)<\/span><\/p>\n<\/li>\n<\/ul>\n<\/li>\n<\/ul>\n<p class=\"ng-star-inserted\" style=\"padding-left: 40px;\"><span class=\"ng-star-inserted\">H\u00e3y th\u01b0\u1eddng xuy\u00ean theo d\u00f5i website v\u00e0 fanpage c\u1ee7a ch\u00fang t\u00f4i \u0111\u1ec3 c\u1eadp nh\u1eadt nh\u1eefng th\u00f4ng tin m\u1edbi nh\u1ea5t v\u1ec1\u00a0<\/span><strong class=\"ng-star-inserted\"><span class=\"ng-star-inserted\">l\u1ecbch di\u1ec5n M\u00e2y Lang Thang th\u00e1ng 5<\/span><\/strong><span class=\"ng-star-inserted\">\u00a0c\u0169ng nh\u01b0 c\u00e1c ch\u01b0\u01a1ng tr\u00ecnh \u01b0u \u0111\u00e3i h\u1ea5p d\u1eabn!<\/span><\/p>\n<h2 class=\"ng-star-inserted\" id=\"4-meo-nho-de-co-trai-nghiem-xem-liveshow-may-lang-thang-thang-5-tuyet-voi-nhat\"><span style=\"color: #800000;\"><strong class=\"ng-star-inserted\"><span class=\"ng-star-inserted\">4. M\u1eb9o Nh\u1ecf \u0110\u1ec3 C\u00f3 Tr\u1ea3i Nghi\u1ec7m Xem Liveshow M\u00e2y Lang Thang Th\u00e1ng 5 Tuy\u1ec7t V\u1eddi Nh\u1ea5t<\/span><\/strong><\/span><\/h2>\n<ul>\n<li style=\"list-style-type: none;\">\n<ul class=\"ng-star-inserted\">\n<li class=\"ng-star-inserted\">\n<p class=\"ng-star-inserted\"><strong class=\"ng-star-inserted\"><span class=\"ng-star-inserted\">\u0110\u1eb7t v\u00e9 s\u1edbm:<\/span><\/strong><span class=\"ng-star-inserted\">\u00a0\u0110\u1eb7c bi\u1ec7t v\u1edbi c\u00e1c show c\u1ee7a ngh\u1ec7 s\u0129 hot, v\u00e9 th\u01b0\u1eddng h\u1ebft r\u1ea5t nhanh.<\/span><\/p>\n<\/li>\n<li class=\"ng-star-inserted\">\n<p class=\"ng-star-inserted\"><strong class=\"ng-star-inserted\"><span class=\"ng-star-inserted\">\u0110\u1ebfn s\u1edbm:<\/span><\/strong><span class=\"ng-star-inserted\">\u00a0\u0110\u1ec3 c\u00f3 th\u1eddi gian check-in, ch\u1ecdn v\u1ecb tr\u00ed ng\u1ed3i (n\u1ebfu l\u00e0 v\u00e9 kh\u00f4ng c\u1ed1 \u0111\u1ecbnh ch\u1ed7) v\u00e0 t\u1eadn h\u01b0\u1edfng kh\u00f4ng kh\u00ed tr\u01b0\u1edbc gi\u1edd G.<\/span><\/p>\n<\/li>\n<li class=\"ng-star-inserted\">\n<p class=\"ng-star-inserted\"><strong class=\"ng-star-inserted\"><span class=\"ng-star-inserted\">Chu\u1ea9n b\u1ecb trang ph\u1ee5c ph\u00f9 h\u1ee3p:<\/span><\/strong><span class=\"ng-star-inserted\">\u00a0Tho\u1ea3i m\u00e1i v\u00e0 ph\u00f9 h\u1ee3p v\u1edbi kh\u00f4ng kh\u00ed \u0111\u00eam nh\u1ea1c. N\u1ebfu xem show ngo\u00e0i tr\u1eddi \u1edf \u0110\u00e0 L\u1ea1t, \u0111\u1eebng qu\u00ean \u00e1o \u1ea5m.<\/span><\/p>\n<\/li>\n<li class=\"ng-star-inserted\">\n<p class=\"ng-star-inserted\"><strong class=\"ng-star-inserted\"><span class=\"ng-star-inserted\">S\u1ea1c \u0111\u1ea7y pin \u0111i\u1ec7n tho\u1ea1i:<\/span><\/strong><span class=\"ng-star-inserted\">\u00a0\u0110\u1ec3 kh\u00f4ng b\u1ecf l\u1ee1 vi\u1ec7c ghi l\u1ea1i nh\u1eefng kho\u1ea3nh kh\u1eafc \u0111\u00e1ng nh\u1edb.<\/span><\/p>\n<\/li>\n<\/ul>\n<\/li>\n<\/ul>\n<p class=\"ng-star-inserted\" style=\"padding-left: 40px;\"><span class=\"ng-star-inserted\">\u0110\u1eebng \u0111\u1ec3 th\u00e1ng 5 tr\u00f4i qua m\u1ed9t c\u00e1ch l\u1eb7ng l\u1ebd! H\u00e3y \u0111\u1ec3 nh\u1eefng giai \u0111i\u1ec7u tuy\u1ec7t v\u1eddi t\u1eeb\u00a0<\/span><strong class=\"ng-star-inserted\"><span class=\"ng-star-inserted\">liveshow M\u00e2y Lang Thang th\u00e1ng 5<\/span><\/strong><span class=\"ng-star-inserted\">\u00a0khu\u1ea5y \u0111\u1ed9ng m\u00f9a h\u00e8 c\u1ee7a b\u1ea1n. H\u1eb9n g\u1eb7p l\u1ea1i t\u1ea1i M\u00e2y!<\/span><\/p>\n<p class=\"ng-star-inserted\" style=\"padding-left: 40px;\"><strong class=\"ng-star-inserted\"><span class=\"ng-star-inserted\">Xem th\u00eam c\u00e1c b\u00e0i vi\u1ebft review, kinh nghi\u1ec7m du l\u1ecbch \u0110\u00e0 L\u1ea1t v\u00e0 c\u00e1c \u0111i\u1ec3m \u0111\u1ebfn kh\u00e1c t\u1ea1i:<\/span><\/strong><span class=\"ng-star-inserted\">\u00a0<\/span><a href=\"https:\/\/dalatreview.vn\/en\/\"><strong class=\"ng-star-inserted\"><span class=\"ng-star-inserted\">\u0110\u00e0 L\u1ea1t Review<\/span><\/strong><\/a><\/p>","protected":false},"excerpt":{"rendered":"<p>Danh m\u1ee5c ch\u00ednh L\u1ecbch Di\u1ec5n LiveShow M\u00e2y Lang Thang Th\u00e1ng 5\/2025: \u0110\u00f3n H\u00e8 S\u00f4i \u0110\u1ed9ng C\u00f9ng \u00c2m Nh\u1ea1c \u0110\u1ec9nh Cao! 1. C\u1eadp Nh\u1eadt L\u1ecbch Di\u1ec5n LiveShow M\u00e2y Lang Thang Th\u00e1ng 5\/2025 M\u1edbi Nh\u1ea5t 2. T\u1ea1i Sao B\u1ea1n Kh\u00f4ng Th\u1ec3 B\u1ecf L\u1ee1 Liveshow M\u00e2y Lang Thang Th\u00e1ng 5? 3. S\u0103n V\u00e9 Liveshow M\u00e2y Lang Thang Th\u00e1ng [&hellip;]<\/p>","protected":false},"featured_media":47941,"comment_status":"open","ping_status":"closed","template":"","meta":{"_acf_changed":false,"rank_math_lock_modified_date":false},"product_cat":[31,2299],"product_tag":[],"acf":[],"_links":{"self":[{"href":"https:\/\/dalatreview.vn\/en\/wp-json\/wp\/v2\/product\/47939"}],"collection":[{"href":"https:\/\/dalatreview.vn\/en\/wp-json\/wp\/v2\/product"}],"about":[{"href":"https:\/\/dalatreview.vn\/en\/wp-json\/wp\/v2\/types\/product"}],"replies":[{"embeddable":true,"href":"https:\/\/dalatreview.vn\/en\/wp-json\/wp\/v2\/comments?post=47939"}],"wp:featuredmedia":[{"embeddable":true,"href":"https:\/\/dalatreview.vn\/en\/wp-json\/wp\/v2\/media\/47941"}],"wp:attachment":[{"href":"https:\/\/dalatreview.vn\/en\/wp-json\/wp\/v2\/media?parent=47939"}],"wp:term":[{"taxonomy":"product_cat","embeddable":true,"href":"https:\/\/dalatreview.vn\/en\/wp-json\/wp\/v2\/product_cat?post=47939"},{"taxonomy":"product_tag","embeddable":true,"href":"https:\/\/dalatreview.vn\/en\/wp-json\/wp\/v2\/product_tag?post=47939"}],"curies":[{"name":"wp","href":"https:\/\/api.w.org\/{rel}","templated":true}]}}