
{"id":47677,"date":"2025-03-25T10:02:54","date_gmt":"2025-03-25T03:02:54","guid":{"rendered":"https:\/\/dalatreview.vn\/?post_type=product&#038;p=47677"},"modified":"2025-05-10T09:39:38","modified_gmt":"2025-05-10T02:39:38","slug":"lich-dien-thang-04-05-2025-may-lang-thang-da-lat","status":"publish","type":"product","link":"https:\/\/dalatreview.vn\/en\/lich-dien-thang-04-05-2025-may-lang-thang-da-lat.html","title":{"rendered":"L\u1ecaCH DI\u1ec4N TH\u00c1NG 04 &#038; 05\/2025 M\u00c2Y LANG THANG"},"content":{"rendered":"<div class=\"x11i5rnm xat24cr x1mh8g0r x1vvkbs xtlvy1s x126k92a\">\r\n<nav class=\"vietrick-auto-toc\"><div class=\"box-title\"><h3 class=\"toc-title\" id=\"select-menu\">Danh m\u1ee5c ch\u00ednh<\/h3><div><ion-icon name=\"chevron-up-outline\"><\/ion-icon><\/div><\/div><ul class=\"toc-list\"><\/ul><li><a href='https:\/\/dalatreview.vn\/en#lich-dien-thang-04-05-2025-may-lang-thang' class='heading-h1 toc-link smooth-scroll'>L\u1ecaCH DI\u1ec4N TH\u00c1NG 04 &amp; 05\/2025 M\u00c2Y LANG THANG<\/a><ul><li><a href='https:\/\/dalatreview.vn\/en#1-lich-dien-may-lang-thang-thang-04-05-2025' class='heading-h2 toc-link smooth-scroll'>1. L\u1ecbch di\u1ec5n M\u00e2y Lang Thang th\u00e1ng 04 &amp; 05\/2025<\/a><li><a href='https:\/\/dalatreview.vn\/en#2-chinh-sach-may-lang-thang' class='heading-h2 toc-link smooth-scroll'>2. Ch\u00ednh s\u00e1ch M\u00e2y Lang Thang<\/a><li><a href='https:\/\/dalatreview.vn\/en#3-thong-tin-lien-he' class='heading-h2 toc-link smooth-scroll'>3. Th\u00f4ng tin li\u00ean h\u1ec7\u00a0<\/a><\/ul><\/ul><\/li><\/ul><\/nav><h1 dir=\"auto\" style=\"text-align: center;\" id=\"lich-dien-thang-04-05-2025-may-lang-thang\"><span style=\"color: #003300;\"><strong>L\u1ecaCH DI\u1ec4N TH\u00c1NG 04 &amp; 05\/2025 M\u00c2Y LANG THANG<\/strong><\/span><\/h1>\r\n<p dir=\"auto\">H\u00f2a chung v\u1edbi b\u1ea7u kh\u00f4ng kh\u00ed se se l\u1ea1nh c\u1ee7a nh\u1eefng ng\u00e0y l\u1eadp \u0111\u00f4ng, h\u00e3y c\u00f9ng b\u1ea1n b\u00e8 v\u00e0 ng\u01b0\u1eddi th\u00e2n ng\u1ed3i c\u1ea1nh nhau th\u01b0\u1edfng th\u1ee9c nh\u1eefng giai \u0111i\u1ec7u \u00e2m nh\u1ea1c l\u00e3ng m\u1ea1n t\u1ea1i M\u00e2y Lang Thang th\u00ec c\u00f2n g\u00ec tuy\u1ec7t v\u1eddi h\u01a1n!\u00a0<\/p>\r\n<p dir=\"auto\">\u00a0<\/p>\r\n<p dir=\"auto\">\u00a0<\/p>\r\n<p dir=\"auto\"><\/p>\r\n<p dir=\"auto\">H\u00e0ng lo\u1ea1t sao Vi\u1ec7t \u0111\u1ed5 b\u1ed9, s\u1eb5n s\u00e0ng cho nh\u1eefng \u0111\u00eam di\u1ec5n c\u1ee7a c\u1ea3m x\u00fac, h\u00e3y \u0111\u1ec3 M\u00e2y c\u00f9ng giai \u0111i\u1ec7u \u00e2m nh\u1ea1c xua tan \u0111i m\u1ecdi phi\u1ec1n v\u00e0 ch\u1eefa l\u00e0nh nh\u1eefng v\u1ebft th\u01b0\u01a1ng trong t\u00e2m h\u1ed3n\u2026<\/p>\r\n<\/div>\r\n<h2 dir=\"auto\" id=\"1-lich-dien-may-lang-thang-thang-04-05-2025\"><strong>1. L\u1ecbch di\u1ec5n M\u00e2y Lang Thang th\u00e1ng 04 &amp; 05\/2025<\/strong><\/h2>\r\n<p>&nbsp;<\/p>\r\n<p><img decoding=\"async\" class=\"size-full wp-image-47678 aligncenter\" src=\"https:\/\/dalatreview.vn\/wp-content\/uploads\/2025\/03\/485227647_1058358399660031_6632603240059140757_n.jpg\" alt=\"\" width=\"1638\" height=\"1638\" srcset=\"https:\/\/dalatreview.vn\/wp-content\/uploads\/2025\/03\/485227647_1058358399660031_6632603240059140757_n.jpg 1638w, https:\/\/dalatreview.vn\/wp-content\/uploads\/2025\/03\/485227647_1058358399660031_6632603240059140757_n-1024x1024.jpg 1024w, https:\/\/dalatreview.vn\/wp-content\/uploads\/2025\/03\/485227647_1058358399660031_6632603240059140757_n-360x360.jpg 360w, https:\/\/dalatreview.vn\/wp-content\/uploads\/2025\/03\/485227647_1058358399660031_6632603240059140757_n-768x768.jpg 768w, https:\/\/dalatreview.vn\/wp-content\/uploads\/2025\/03\/485227647_1058358399660031_6632603240059140757_n-1536x1536.jpg 1536w, https:\/\/dalatreview.vn\/wp-content\/uploads\/2025\/03\/485227647_1058358399660031_6632603240059140757_n-300x300.jpg 300w, https:\/\/dalatreview.vn\/wp-content\/uploads\/2025\/03\/485227647_1058358399660031_6632603240059140757_n-600x600.jpg 600w, https:\/\/dalatreview.vn\/wp-content\/uploads\/2025\/03\/485227647_1058358399660031_6632603240059140757_n-100x100.jpg 100w\" sizes=\"(max-width: 1638px) 100vw, 1638px\" \/><\/p>\r\n<h4 id=\"lich-dien-thang-04-2025\"><strong><span style=\"color: #000080; font-size: 14pt;\">L\u1ecaCH DI\u1ec4N TH\u00c1NG 04\/2025<\/span><\/strong><\/h4>\r\n<p><span style=\"font-size: 10pt;\"><strong><span style=\"color: #000080;\"><em>\u00a0 \u00a0 \u00a0\u2764\ufe0f<a style=\"color: #000080;\" href=\"https:\/\/dalatreview.vn\/en\/phuong-linh-may-lang-thang-ha-noi.html\/\">PH\u01af\u01a0NG LINH \u2013 M\u00c2Y LANG THANG &#8211; H\u00c0 N\u1ed8I 05\/04<\/a><\/em><\/span><\/strong><\/span><\/p>\r\n<p><span style=\"font-size: 10pt;\"><strong><span style=\"color: #000080;\"><em>\u00a0 \u00a0 \u00a0\u2764\ufe0f<a style=\"color: #000080;\" href=\"https:\/\/dalatreview.vn\/en\/vu-cat-tuong-may-lang-thang-da-lat-05-04.html\/\">V\u0168 C\u00c1T T\u01af\u1edcNG \u2013 M\u00c2Y LANG THANG &#8211; \u0110\u00c0 L\u1ea0T 05\/04<\/a><\/em><\/span><\/strong><\/span><\/p>\r\n<p><span style=\"font-size: 10pt;\"><strong><span style=\"color: #000080;\"><em>\u00a0 \u00a0 \u00a0\u2764\ufe0f<a style=\"color: #000080;\" href=\"https:\/\/dalatreview.vn\/en\/ha-nhi-may-lang-thang-hue.html\/\">H\u00c0 NHI \u2013 M\u00c2Y LANG THANG &#8211; HU\u1ebe 05\/04<\/a><\/em><\/span><\/strong><\/span><\/p>\r\n<p><span style=\"font-size: 10pt;\"><strong><span style=\"color: #000080;\"><em>\u00a0 \u00a0 \u00a0\u2764\ufe0f<a style=\"color: #000080;\" href=\"https:\/\/dalatreview.vn\/en\/lan-nha-hai-phong-05-04.html\/\">L\u00c2N NH\u00c3 \u2013 H\u1ea2I PH\u00d2NG 05\/04<\/a><\/em><\/span><\/strong><\/span><\/p>\r\n<p><span style=\"font-size: 10pt;\"><strong><span style=\"color: #000080;\"><em>\u00a0 \u00a0 \u00a0\u2764\ufe0f<a style=\"color: #000080;\" href=\"https:\/\/dalatreview.vn\/en\/jun-pham-may-lang-thang-da-lat.html\/\">JUN PH\u1ea0M \u2013 M\u00c2Y LANG THANG &#8211; \u0110\u00c0 L\u1ea0T 06\/04<\/a><\/em><\/span><\/strong><\/span><\/p>\r\n<p><span style=\"font-size: 10pt;\"><strong><span style=\"color: #000080;\"><em>\u00a0 \u00a0 \u00a0\u2764\ufe0f<a style=\"color: #000080;\" href=\"https:\/\/dalatreview.vn\/en\/vu-cat-tuong-may-da-nang.html\/\">V\u0168 C\u00c1T T\u01af\u1edcNG \u2013 M\u00c2Y \u0110\u00c0 N\u1eb4NG<\/a><\/em><\/span><\/strong><\/span><\/p>\r\n<p><span style=\"font-size: 10pt;\"><strong><span style=\"color: #000080;\"><em>\u00a0 \u00a0 \u00a0\u2764\ufe0f<a style=\"color: #000080;\" href=\"https:\/\/dalatreview.vn\/en\/trung-quan-may-vinh-06-04.html\/\">TRUNG QU\u00c2N \u2013 M\u00c2Y VINH 06\/04<\/a><\/em><\/span><\/strong><\/span><\/p>\r\n<p><span style=\"font-size: 10pt;\"><strong><span style=\"color: #000080;\"><em>\u00a0 \u00a0 \u00a0\u2764\ufe0f<a style=\"color: #000080;\" href=\"https:\/\/dalatreview.vn\/en\/phuong-linh-may-lang-thang-da-lat.html\/\">PH\u01af\u01a0NG LINH \u2013 M\u00c2Y LANG THANG &#8211; \u0110\u00c0 L\u1ea0T 11\/04<\/a><\/em><\/span><\/strong><\/span><\/p>\r\n<p><span style=\"font-size: 10pt;\"><strong><span style=\"color: #000080;\"><em>\u00a0 \u00a0 \u00a0\u2764\ufe0f<a style=\"color: #000080;\" href=\"https:\/\/dalatreview.vn\/en\/jun-pham-may-lang-thang-da-nang-12-04.html\/\">JUN PH\u1ea0M \u2013 M\u00c2Y LANG THANG &#8211; \u0110\u00c0 N\u1eb4NG 12\/04<\/a><\/em><\/span><\/strong><\/span><\/p>\r\n<p><span style=\"font-size: 10pt;\"><strong><span style=\"color: #000080;\"><em>\u00a0 \u00a0 \u00a0\u2764\ufe0f<a style=\"color: #000080;\" href=\"https:\/\/dalatreview.vn\/en\/ha-nhi-may-da-lat-12-04.html\/\">H\u00c0 NHI \u2013 M\u00c2Y \u0110\u00c0 L\u1ea0T 12\/04<\/a><\/em><\/span><\/strong><\/span><\/p>\r\n<p><span style=\"font-size: 10pt;\"><strong><span style=\"color: #000080;\"><em>\u00a0 \u00a0 \u00a0\u2764\ufe0f<a style=\"color: #000080;\" href=\"https:\/\/dalatreview.vn\/en\/bui-anh-tuan-may-da-nang-18-04.html\/\">B\u00d9I ANH TU\u1ea4N &#8211; M\u00c2Y \u0110\u00c0 N\u1eb4NG 18\/04<\/a><\/em><\/span><\/strong><\/span><\/p>\r\n<p><span style=\"font-size: 10pt;\"><strong><span style=\"color: #000080;\"><em>\u00a0 \u00a0 \u00a0\u2764\ufe0f<a style=\"color: #000080;\" href=\"https:\/\/dalatreview.vn\/en\/thuy-chi-ngoc-linh-da-lat-18-04.html\/\">TH\u00d9Y CHI \u2013 NG\u1eccC LINH &#8211; \u0110\u00c0 L\u1ea0T 18\/04<\/a><\/em><\/span><\/strong><\/span><\/p>\r\n<p><span style=\"font-size: 10pt;\"><strong><span style=\"color: #000080;\"><em>\u00a0 \u00a0 \u00a0\u2764\ufe0f<a style=\"color: #000080;\" href=\"https:\/\/dalatreview.vn\/en\/uyen-linh-may-lang-thang-da-lat-19-04.html\/\">UY\u00caN LINH &#8211; M\u00c2Y LANG THANG &#8211; \u0110\u00c0 L\u1ea0T 19\/04<\/a><\/em><\/span><\/strong><\/span><\/p>\r\n<p><span style=\"font-size: 10pt;\"><strong><span style=\"color: #000080;\"><em>\u00a0 \u00a0 \u00a0\u2764\ufe0f<a style=\"color: #000080;\" href=\"https:\/\/dalatreview.vn\/en\/lan-nha-may-lang-thang-hue.html\/\">L\u00c2N NH\u00c3 \u2013 M\u00c2Y LANG THANG &#8211; HU\u1ebe 19\/04<\/a><\/em><\/span><\/strong><\/span><\/p>\r\n<p><span style=\"font-size: 10pt;\"><strong><span style=\"color: #000080;\"><em>\u00a0 \u00a0 \u00a0\u2764\ufe0f<a style=\"color: #000080;\" href=\"https:\/\/dalatreview.vn\/en\/bui-lan-huong-may-da-lat-25-04.html\/\">B\u00d9I LAN H\u01af\u01a0NG &#8211; M\u00c2Y \u0110\u00c0 L\u1ea0T 25\/04<\/a><\/em><\/span><\/strong><\/span><\/p>\r\n<p><span style=\"font-size: 10pt;\"><strong><span style=\"color: #000080;\"><em>\u00a0 \u00a0 \u00a0\u2764\ufe0f<a style=\"color: #000080;\" href=\"https:\/\/dalatreview.vn\/en\/pham-khanh-hung-tang-phuc-may-da-lat-26-04.html\/\">PH\u1ea0M KH\u00c1NH H\u01afNG \u2013 T\u0102NG PH\u00daC &#8211; M\u00c2Y \u0110\u00c0 L\u1ea0T 26\/04<\/a><\/em><\/span><\/strong><\/span><\/p>\r\n<p><span style=\"font-size: 10pt;\"><strong><span style=\"color: #000080;\"><em>\u00a0 \u00a0 \u00a0\u2764\ufe0f<a style=\"color: #000080;\" href=\"https:\/\/dalatreview.vn\/en\/hoang-hai-may-lang-thang-ha-noi-26-04.html\/\">HO\u00c0NG H\u1ea2I &#8211; M\u00c2Y LANG THANG H\u00c0 N\u1ed8I 26\/04<\/a><\/em><\/span><\/strong><\/span><\/p>\r\n<p><span style=\"font-size: 10pt;\"><strong><span style=\"color: #000080;\"><em>\u00a0 \u00a0 \u00a0\u2764\ufe0f<a style=\"color: #000080;\" href=\"https:\/\/dalatreview.vn\/en\/trung-quan-bui-anh-tuan-may-da-lat-30-04.html\/\">TRUNG QU\u00c2N \u2013 B\u00d9I ANH TU\u1ea4N &#8211; M\u00c2Y \u0110\u00c0 L\u1ea0T 30\/04<\/a><\/em><\/span><\/strong><\/span><\/p>\r\n<p>&nbsp;<\/p>\r\n<h4 id=\"lich-dien-thang-05-2025\"><strong><span style=\"color: #000080; font-size: 14pt;\">L\u1ecaCH DI\u1ec4N TH\u00c1NG 05\/2025<\/span><\/strong><\/h4>\r\n<p><span style=\"color: #000080; font-size: 10pt;\"><strong><em>\u00a0 \u00a0 \u00a0\u2764\ufe0f<a style=\"color: #000080;\" href=\"https:\/\/dalatreview.vn\/en\/phuong-linh-may-da-nang-01-05.html\/\">PH\u01af\u01a0NG LINH &#8211; M\u00c2Y \u0110\u00c0 N\u1eb4NG 01\/05<\/a><\/em><\/strong><\/span><\/p>\r\n<p><span style=\"color: #000080; font-size: 10pt;\"><strong><em>\u00a0 \u00a0 \u00a0\u2764\ufe0f<a style=\"color: #000080;\" href=\"https:\/\/dalatreview.vn\/en\/truong-thao-nhi-may-da-lat-02-05.html\/\">TR\u01af\u01a0NG TH\u1ea2O NHI &#8211; M\u00c2Y \u0110\u00c0 L\u1ea0T 02\/05<\/a><\/em><\/strong><\/span><\/p>\r\n<p><span style=\"color: #000080; font-size: 10pt;\"><strong><em>\u00a0 \u00a0 \u00a0\u2764\ufe0f<a style=\"color: #000080;\" href=\"https:\/\/dalatreview.vn\/en\/quoc-thien-may-da-lat-02-05.html\/\">QU\u1ed0C THI\u00caN &#8211; M\u00c2Y \u0110\u00c0 L\u1ea0T 02\/05<\/a><\/em><\/strong><\/span><\/p>\r\n<p><span style=\"color: #000080; font-size: 10pt;\"><strong><em>\u00a0 \u00a0 \u00a0\u2764\ufe0f<a style=\"color: #000080;\" href=\"https:\/\/dalatreview.vn\/en\/jun-pham-may-lang-thang-hai-phong-03-05.html\/\">JUN PH\u1ea0M &#8211; M\u00c2Y LANG THANG H\u1ea2I PH\u00d2NG 03\/05<\/a><\/em><\/strong><\/span><\/p>\r\n<p><span style=\"color: #000080; font-size: 10pt;\"><strong><em>\u00a0 \u00a0 \u00a0\u2764\ufe0f<a style=\"color: #000080;\" href=\"https:\/\/dalatreview.vn\/en\/le-hieu-phuong-linh-may-da-lat-03-05.html\/\">L\u00ca HI\u1ebeU \u2013 PH\u01af\u01a0NG LINH &#8211; M\u00c2Y \u0110\u00c0 L\u1ea0T 03\/05<\/a><\/em><\/strong><\/span><\/p>\r\n<p><span style=\"color: #000080; font-size: 10pt;\"><strong><em>\u00a0 \u00a0 \u00a0\u2764\ufe0f<a style=\"color: #000080;\" href=\"https:\/\/dalatreview.vn\/en\/van-mai-huong-da-lat-10-05.html\/\">V\u0102N MAI H\u01af\u01a0NG &#8211; \u0110\u00c0 L\u1ea0T 10\/05<\/a><\/em><\/strong><\/span><\/p>\r\n<p><span style=\"color: #000080; font-size: 10pt;\"><strong><em>\u00a0 \u00a0 \u00a0\u2764\ufe0f<a style=\"color: #000080;\" href=\"https:\/\/dalatreview.vn\/en\/vu-cat-tuong-ha-noi-30-05.html\/\">V\u0168 C\u00c1T T\u01af\u1edcNG \u2013 H\u00c0 N\u1ed8I 30\/05<\/a><\/em><\/strong><\/span><\/p>\r\n<p>&nbsp;<\/p>\r\n<p>&nbsp;<\/p>\r\n<div class=\"x11i5rnm xat24cr x1mh8g0r x1vvkbs xtlvy1s x126k92a\">\r\n<h2 dir=\"auto\" id=\"2-chinh-sach-may-lang-thang\"><strong>2. Ch\u00ednh s\u00e1ch M\u00e2y Lang Thang<\/strong><\/h2>\r\n<div dir=\"auto\">\r\n<p>\u2013 Mi\u1ec5n ph\u00ed cho b\u00e9 d\u01b0\u1edbi 3 tu\u1ed5i ( ng\u1ed3i chung gh\u1ebf v\u1edbi b\u1ed1 m\u1eb9 su\u1ed1t bu\u1ed5i di\u1ec5n )<\/p>\r\n<p>\u2013 Tr\u1ebb em cao d\u01b0\u1edbi 1m: Kh\u00f4ng ph\u1ee5 thu n\u1ebfu ng\u1ed3i chung v\u1edbi ph\u1ee5 huynh trong su\u1ed1t th\u1eddi gian di\u1ec5n ra show\u00a0<\/p>\r\n<p>\u2013 Tr\u1ebb em cao t\u1eeb 1m \u0111\u1ebfn d\u01b0\u1edbi 1m2 b\u1eaft bu\u1ed9c ph\u1ea3i \u0111\u1eb7t ch\u1ed7, ph\u1ee5 thu 70%\u00a0 (Ho\u00e0n 30% t\u1ea1i qu\u1ea7y check in )\u00a0<\/p>\r\n<h2 id=\"3-thong-tin-lien-he\"><strong>3. Th\u00f4ng tin li\u00ean h\u1ec7\u00a0<\/strong><\/h2>\r\n<p>Hotline: <span style=\"color: #ff0000;\">0986 249 297\u00a0<\/span><\/p>\r\n<p>Li\u00ean h\u1ec7 book v\u00e9: <span style=\"color: #ff0000;\"><a style=\"color: #ff0000;\" href=\"https:\/\/zalo.me\/dalatreview\" target=\"_blank\" rel=\"noopener\">\u0110\u00e0 L\u1ea1t Review T\u1ea5t T\u1ea7n T\u1eadt<\/a><\/span><\/p>\r\n<p>Xem th\u00eam b\u00e0i vi\u1ebft kh\u00e1c t\u1ea1i:<span style=\"color: #ff0000;\"><a style=\"color: #ff0000;\" href=\"https:\/\/dalatreview.vn\/en\/\">\u0110\u00e0 L\u1ea1t Review<\/a><\/span><\/p>\r\n<\/div>\r\n<\/div>\r\n<p>\r\n<style id=\"app_ajhbdcgfhlhhmocddefknjjkejcfpbnj_style\">html,\r\nbody,\r\nbody *,\r\nhtml body *,\r\nhtml body.ds *,\r\nhtml body div *,\r\nhtml body span *,\r\nhtml body p *,\r\nhtml body h1 *,\r\nhtml body h2 *,\r\nhtml body h3 *,\r\nhtml body h4 *,\r\nhtml body h5 *,\r\nhtml body h5 *,\r\nhtml body h5 *,\r\nhtml\r\n  body\r\n  *:not(input):not(textarea):not([contenteditable=\"\"]):not(\r\n    [contenteditable=\"true\"]\r\n  ) {\r\n  user-select: text !important;\r\n  pointer-events: initial !important;\r\n}\r\nhtml body *:not(input):not(textarea)::selection,\r\nbody *:not(input):not(textarea)::selection,\r\nhtml body div *:not(input):not(textarea)::selection,\r\nhtml body span *:not(input):not(textarea)::selection,\r\nhtml body p *:not(input):not(textarea)::selection,\r\nhtml body h1 *:not(input):not(textarea)::selection,\r\nhtml body h2 *:not(input):not(textarea)::selection,\r\nhtml body h3 *:not(input):not(textarea)::selection,\r\nhtml body h4 *:not(input):not(textarea)::selection,\r\nhtml body h5 *:not(input):not(textarea)::selection {\r\n  background-color: #3297fd !important;\r\n  color: #ffffff !important;\r\n}\r\n\r\n\/* linkedin *\/\r\n\/* squize *\/\r\n.www_linkedin_com\r\n  .sa-assessment-flow__card.sa-assessment-quiz\r\n  .sa-assessment-quiz__scroll-content\r\n  .sa-assessment-quiz__response\r\n  .sa-question-multichoice__item.sa-question-basic-multichoice__item\r\n  .sa-question-multichoice__input.sa-question-basic-multichoice__input.ember-checkbox.ember-view {\r\n  width: 40px;\r\n}\r\n\/*linkedin*\/\r\n\r\n\/*instagram*\/\r\n\/*wall*\/\r\n.www_instagram_com ._aagw {\r\n  display: none;\r\n}\r\n\r\n\/*developer.box.com*\/\r\n.bp-doc .pdfViewer .page:not(.bp-is-invisible):before {\r\n  display: none;\r\n}\r\n\r\n\/*telegram*\/\r\n.web_telegram_org .emoji-animation-container {\r\n  display: none;\r\n}\r\n\r\n\/*ladno_ru*\/\r\n.ladno_ru [style*=\"position: absolute; left: 0; right: 0; top: 0; bottom: 0;\"] {\r\n  display: none !important;\r\n}\r\n\r\n\/*mycomfyshoes.fr *\/\r\n.mycomfyshoes_fr #fader.fade-out {\r\n  display: none !important;\r\n}\r\n\r\n\/*www_mindmeister_com*\/\r\n.www_mindmeister_com .kr-view {\r\n  z-index: -1 !important;\r\n}\r\n\r\n\/*www_newvision_co_ug*\/\r\n.www_newvision_co_ug .v-snack:not(.v-snack--absolute) {\r\n  z-index: -1 !important;\r\n}\r\n\r\n\/*derstarih_com*\/\r\n.derstarih_com .bs-sks {\r\n  z-index: -1;\r\n}\r\n<\/style>\r\n<\/p>","protected":false},"excerpt":{"rendered":"<p>Danh m\u1ee5c ch\u00ednh L\u1ecaCH DI\u1ec4N TH\u00c1NG 04 &amp; 05\/2025 M\u00c2Y LANG THANG 1. L\u1ecbch di\u1ec5n M\u00e2y Lang Thang th\u00e1ng 04 &amp; 05\/2025 2. Ch\u00ednh s\u00e1ch M\u00e2y Lang Thang 3. Th\u00f4ng tin li\u00ean h\u1ec7\u00a0 L\u1ecaCH DI\u1ec4N TH\u00c1NG 04 &amp; 05\/2025 M\u00c2Y LANG THANG H\u00f2a chung v\u1edbi b\u1ea7u kh\u00f4ng kh\u00ed se se l\u1ea1nh c\u1ee7a nh\u1eefng ng\u00e0y l\u1eadp [&hellip;]<\/p>","protected":false},"featured_media":47678,"comment_status":"open","ping_status":"closed","template":"","meta":{"_acf_changed":false,"rank_math_lock_modified_date":false},"product_cat":[31,2299,2288,49],"product_tag":[75],"acf":[],"_links":{"self":[{"href":"https:\/\/dalatreview.vn\/en\/wp-json\/wp\/v2\/product\/47677"}],"collection":[{"href":"https:\/\/dalatreview.vn\/en\/wp-json\/wp\/v2\/product"}],"about":[{"href":"https:\/\/dalatreview.vn\/en\/wp-json\/wp\/v2\/types\/product"}],"replies":[{"embeddable":true,"href":"https:\/\/dalatreview.vn\/en\/wp-json\/wp\/v2\/comments?post=47677"}],"wp:featuredmedia":[{"embeddable":true,"href":"https:\/\/dalatreview.vn\/en\/wp-json\/wp\/v2\/media\/47678"}],"wp:attachment":[{"href":"https:\/\/dalatreview.vn\/en\/wp-json\/wp\/v2\/media?parent=47677"}],"wp:term":[{"taxonomy":"product_cat","embeddable":true,"href":"https:\/\/dalatreview.vn\/en\/wp-json\/wp\/v2\/product_cat?post=47677"},{"taxonomy":"product_tag","embeddable":true,"href":"https:\/\/dalatreview.vn\/en\/wp-json\/wp\/v2\/product_tag?post=47677"}],"curies":[{"name":"wp","href":"https:\/\/api.w.org\/{rel}","templated":true}]}}