
{"id":47553,"date":"2025-03-17T09:14:37","date_gmt":"2025-03-17T02:14:37","guid":{"rendered":"https:\/\/dalatreview.vn\/?post_type=product&#038;p=47553"},"modified":"2025-03-17T09:17:16","modified_gmt":"2025-03-17T02:17:16","slug":"thuy-chi-ngoc-linh-da-lat-18-04","status":"publish","type":"product","link":"https:\/\/dalatreview.vn\/en\/thuy-chi-ngoc-linh-da-lat-18-04.html","title":{"rendered":"TH\u00d9Y CHI \u2013 NG\u1eccC LINH &#8211; \u0110\u00c0 L\u1ea0T 18\/04"},"content":{"rendered":"<nav class=\"vietrick-auto-toc\">\n<div class=\"box-title\">\n<h3 class=\"toc-title\" id=\"select-menu\">Danh m\u1ee5c ch\u00ednh<\/h3>\n<div><ion-icon name=\"chevron-up-outline\"><\/ion-icon><\/div>\n<\/div>\n<ul class=\"toc-list\"><\/ul>\n<li><a href='https:\/\/dalatreview.vn\/en#thuy-chi-ngoc-linh' class='heading-h1 toc-link smooth-scroll'>TH\u00d9Y CHI \u2013 NG\u1eccC LINH\u00a0<\/a>\n<ul>\n<li><a href='https:\/\/dalatreview.vn\/en#1_Thong_tin_dat_ve_liveshow\" class=\"ez-toc-section' class='heading-h2 toc-link smooth-scroll'>1. Th\u00f4ng tin \u0111\u1eb7t v\u00e9 liveshow<\/a>\n<li><a href='https:\/\/dalatreview.vn\/en#2_Mo_ta_san_khau_liveshow\" class=\"ez-toc-section' class='heading-h2 toc-link smooth-scroll'>2. M\u00f4 t\u1ea3 s\u00e2n kh\u1ea5u liveshow<\/a>\n<li><a href='https:\/\/dalatreview.vn\/en#3_Cac_chinh_sach_cua_May_Lang_Thang\" class=\"ez-toc-section' class='heading-h2 toc-link smooth-scroll'>3. C\u00e1c ch\u00ednh s\u00e1ch c\u1ee7a M\u00e2y Lang Thang<\/a>\n<li><a href='https:\/\/dalatreview.vn\/en#4_Dich_vu\" class=\"ez-toc-section' class='heading-h2 toc-link smooth-scroll'>4. D\u1ecbch v\u1ee5<\/a>\n<li><a href='https:\/\/dalatreview.vn\/en#5_Lien_He\" class=\"ez-toc-section' class='heading-h2 toc-link smooth-scroll'>5. Li\u00ean H\u1ec7<\/a><\/ul>\n<\/ul>\n<\/li>\n<\/ul>\n<\/nav>\n<h1 style=\"text-align: center;\" id=\"thuy-chi-ngoc-linh\"><strong><span style=\"color: #003300;\">TH\u00d9Y CHI \u2013 NG\u1eccC LINH\u00a0<\/span><\/strong><\/h1>\n<p style=\"text-align: center;\"><strong><span style=\"color: #003300;\">THUNG L\u0168NG M\u00c2Y<\/span><\/strong><\/p>\n<p style=\"text-align: center;\">TH\u00d9Y CHI \u2013 NG\u1eccC LINH\u00a0<\/p>\n<p style=\"text-align: center;\">Th\u1eddi gian: 18\/04\/2025<\/p>\n<p style=\"text-align: center;\">Show Time: 17h00<\/p>\n<p><img decoding=\"async\" class=\"size-full wp-image-47554 aligncenter\" src=\"https:\/\/dalatreview.vn\/wp-content\/uploads\/2025\/03\/DA-LAT-THUNG-LUNG-MAY-1804-Thuy-Chi-Ngoc-Linh-1-1140x1425-1.jpg\" alt=\"\" width=\"1140\" height=\"1425\" srcset=\"https:\/\/dalatreview.vn\/wp-content\/uploads\/2025\/03\/DA-LAT-THUNG-LUNG-MAY-1804-Thuy-Chi-Ngoc-Linh-1-1140x1425-1.jpg 1140w, https:\/\/dalatreview.vn\/wp-content\/uploads\/2025\/03\/DA-LAT-THUNG-LUNG-MAY-1804-Thuy-Chi-Ngoc-Linh-1-1140x1425-1-819x1024.jpg 819w, https:\/\/dalatreview.vn\/wp-content\/uploads\/2025\/03\/DA-LAT-THUNG-LUNG-MAY-1804-Thuy-Chi-Ngoc-Linh-1-1140x1425-1-768x960.jpg 768w, https:\/\/dalatreview.vn\/wp-content\/uploads\/2025\/03\/DA-LAT-THUNG-LUNG-MAY-1804-Thuy-Chi-Ngoc-Linh-1-1140x1425-1-600x750.jpg 600w\" sizes=\"(max-width: 1140px) 100vw, 1140px\" \/><\/p>\n<p>&nbsp;<\/p>\n<h2><span id=\"1_Thong_tin_dat_ve_liveshow\" class=\"ez-toc-section\"><\/span><strong>1. Th\u00f4ng tin \u0111\u1eb7t v\u00e9 liveshow<\/strong><\/h2>\n<table style=\"height: 93px; width: 100%; border-collapse: collapse;\" border=\"1px\">\n<tbody>\n<tr style=\"height: 24px;\">\n<td style=\"width: 50%; height: 24px; text-align: center;\"><span style=\"color: #ff0000; font-size: 14pt;\"><strong>PREMIUM \/ TH\u1ea2NH TH\u01a0I (Bao g\u1ed3m m\u1ed9t ph\u1ea7n n\u01b0\u1edbc)<\/strong><\/span><\/td>\n<td style=\"width: 50%; height: 24px; text-align: center;\"><span style=\"color: #ff0000; font-size: 14pt;\"><strong>1.225.000 VN\u0110<\/strong><\/span><\/td>\n<\/tr>\n<tr style=\"height: 24px;\">\n<td style=\"width: 50%; height: 21px; text-align: center;\"><span style=\"color: #ff0000; font-size: 14pt;\"><strong>VIP \/ B\u1ec0NH B\u1ed2NG\u00a0<\/strong><\/span><\/td>\n<td style=\"width: 50%; height: 21px; text-align: center;\"><span style=\"color: #ff0000; font-size: 14pt;\"><strong>975.000 VN\u0110<\/strong><\/span><\/td>\n<\/tr>\n<tr style=\"height: 24px;\">\n<td style=\"width: 50%; height: 24px; text-align: center;\"><span style=\"color: #ff0000; font-size: 14pt;\"><strong>STANDARD 1 \/ M\u01a0 M\u00c0NG<\/strong><\/span><\/td>\n<td style=\"width: 50%; height: 24px; text-align: center;\"><span style=\"color: #ff0000; font-size: 14pt;\"><strong>675.000 VN\u0110<\/strong><\/span><\/td>\n<\/tr>\n<tr style=\"height: 24px;\">\n<td style=\"width: 50%; height: 24px; text-align: center;\"><span style=\"color: #ff0000; font-size: 14pt;\"><strong>STANDARD 2 \/ NH\u1edeN NH\u01a0<\/strong><\/span><\/td>\n<td style=\"width: 50%; height: 24px; text-align: center;\"><span style=\"color: #ff0000; font-size: 14pt;\"><strong>475.000 VN\u0110<\/strong><\/span><\/td>\n<\/tr>\n<\/tbody>\n<\/table>\n<p><strong>* Gi\u00e1 v\u00e9 d\u1ef1 ki\u1ebfn, c\u00f3 th\u1ec3 thay \u0111\u1ed5i \u0111\u00f4i ch\u00fat t\u00f9y th\u1eddi \u0111i\u1ec3m thanh to\u00e1n \u0111\u1eb7t v\u00e9\u00a0<\/strong><\/p>\n<h2><span id=\"2_Mo_ta_san_khau_liveshow\" class=\"ez-toc-section\"><\/span><strong>2. M\u00f4 t\u1ea3 s\u00e2n kh\u1ea5u liveshow<\/strong><\/h2>\n<p>\u0110\u1ecba ch\u1ec9: 04, Tr\u1ea7n Quang Di\u1ec7u, ph\u01b0\u1eddng 10, \u0110\u00e0 L\u1ea1t<\/p>\n<p>C\u00e1c gh\u1ebf \u0111\u00e3 \u0111\u1eb7t ch\u1ec9 mang t\u00ednh ch\u1ea5t \u0111\u00e3 \u0111\u1eb7t ch\u1ed7 th\u00e0nh c\u00f4ng, qu\u00fd kh\u00e1ch vui l\u00f2ng \u0111\u1ebfn s\u1edbm \u0111\u1ec3 ch\u1ecdn \u0111\u01b0\u1ee3c ch\u1ed7 ng\u1ed3i t\u1ed1t nh\u1ea5t theo khu<\/p>\n<p>H\u00ecnh \u1ea3nh s\u00e2n kh\u1ea5u:<\/p>\n<p><img decoding=\"async\" class=\"wp-image-47060 aligncenter\" src=\"https:\/\/dalatreview.vn\/wp-content\/uploads\/2025\/02\/Vuong-4.png\" alt=\"\" width=\"1104\" height=\"828\" srcset=\"https:\/\/dalatreview.vn\/wp-content\/uploads\/2025\/02\/Vuong-4.png 1200w, https:\/\/dalatreview.vn\/wp-content\/uploads\/2025\/02\/Vuong-4-1024x768.png 1024w, https:\/\/dalatreview.vn\/wp-content\/uploads\/2025\/02\/Vuong-4-768x576.png 768w, https:\/\/dalatreview.vn\/wp-content\/uploads\/2025\/02\/Vuong-4-600x450.png 600w\" sizes=\"(max-width: 1104px) 100vw, 1104px\" \/><\/p>\n<p>S\u01a1 \u0111\u1ed3 s\u00e2n kh\u1ea5u:<\/p>\n<p><img decoding=\"async\" class=\"wp-image-47066 aligncenter\" src=\"https:\/\/dalatreview.vn\/wp-content\/uploads\/2025\/02\/SO-DO-THUNG-LUNG-MAY-5-scaled-1.jpg\" alt=\"\" width=\"1092\" height=\"1038\" srcset=\"https:\/\/dalatreview.vn\/wp-content\/uploads\/2025\/02\/SO-DO-THUNG-LUNG-MAY-5-scaled-1.jpg 2560w, https:\/\/dalatreview.vn\/wp-content\/uploads\/2025\/02\/SO-DO-THUNG-LUNG-MAY-5-scaled-1-1024x973.jpg 1024w, https:\/\/dalatreview.vn\/wp-content\/uploads\/2025\/02\/SO-DO-THUNG-LUNG-MAY-5-scaled-1-768x730.jpg 768w, https:\/\/dalatreview.vn\/wp-content\/uploads\/2025\/02\/SO-DO-THUNG-LUNG-MAY-5-scaled-1-1536x1459.jpg 1536w, https:\/\/dalatreview.vn\/wp-content\/uploads\/2025\/02\/SO-DO-THUNG-LUNG-MAY-5-scaled-1-2048x1946.jpg 2048w, https:\/\/dalatreview.vn\/wp-content\/uploads\/2025\/02\/SO-DO-THUNG-LUNG-MAY-5-scaled-1-600x570.jpg 600w\" sizes=\"(max-width: 1092px) 100vw, 1092px\" \/><\/p>\n<h2><span id=\"3_Cac_chinh_sach_cua_May_Lang_Thang\" class=\"ez-toc-section\"><\/span><strong>3. C\u00e1c ch\u00ednh s\u00e1ch c\u1ee7a M\u00e2y Lang Thang<\/strong><\/h2>\n<p>\u2013 Mi\u1ec5n ph\u00ed cho b\u00e9 d\u01b0\u1edbi 3 tu\u1ed5i ( ng\u1ed3i chung gh\u1ebf v\u1edbi b\u1ed1 m\u1eb9 su\u1ed1t bu\u1ed5i di\u1ec5n )<\/p>\n<p>\u2013 Tr\u1ebb em cao d\u01b0\u1edbi 1m: Kh\u00f4ng ph\u1ee5 thu n\u1ebfu ng\u1ed3i chung v\u1edbi ph\u1ee5 huynh trong su\u1ed1t th\u1eddi gian di\u1ec5n ra show\u00a0<\/p>\n<p>\u2013 Tr\u1ebb em cao t\u1eeb 1m \u0111\u1ebfn d\u01b0\u1edbi 1m2 b\u1eaft bu\u1ed9c ph\u1ea3i \u0111\u1eb7t ch\u1ed7, ph\u1ee5 thu 70%\u00a0 (Ho\u00e0n 30% t\u1ea1i qu\u1ea7y check in )\u00a0<\/p>\n<h2><span id=\"4_Dich_vu\" class=\"ez-toc-section\"><\/span><strong>4. D\u1ecbch v\u1ee5<\/strong><\/h2>\n<p>+ \u0110\u01b0\u1ee3c g\u1eb7p g\u1ee1 giao l\u01b0u c\u00f9ng nh\u1eefng th\u1ea7n t\u01b0\u1ee3ng n\u1ed5i ti\u1ebfng c\u1ee7a m\u00ecnh.<\/p>\n<p>+ \u0110\u01b0\u1ee3c \u0111\u1eafm ch\u00ecm v\u00e0o nh\u1eefng \u00e2m thanh nh\u1eb9 nh\u00e0ng gi\u00fap b\u1ea1n th\u01b0 gi\u00e3n gi\u1ea3i t\u1ecfa m\u1ecdi \u01b0u phi\u1ec1n h\u1eb1ng ng\u00e0y.<\/p>\n<p>+ \u0110\u01b0\u1ee3c l\u1eafng nghe nh\u1eefng b\u1ea3n t\u00ecnh ca nh\u1eb9 nh\u00e0ng s\u00e2u l\u1eafng d\u01b0\u1edbi kh\u00f4ng kh\u00ed se se l\u1ea1nh c\u1ee7a \u0110\u00e0 L\u1ea1t.<\/p>\n<p>+ H\u00f2a c\u00f9ng giai \u0111i\u1ec7u \u00e2m nh\u1ea1c du d\u01b0\u01a1ng, phi\u00eau c\u00f9ng ti\u1ebfng h\u00e1t trong kh\u00f4ng kh\u00ed b\u00ecnh y\u00ean c\u1ee7a \u0110\u00e0 L\u1ea1t.<\/p>\n<p>+ M\u00e2y Lang Thang v\u1eeba l\u00e0 homestay, v\u1eeba l\u00e0 qu\u00e1n coffee mang phong c\u00e1ch c\u1ef1c k\u1ef3 chill.<\/p>\n<h2><span id=\"5_Lien_He\" class=\"ez-toc-section\"><\/span><strong>5. Li\u00ean H\u1ec7<\/strong><\/h2>\n<p>Hotline: 0986 249 297<\/p>\n<p>Li\u00ean h\u1ec7 book v\u00e9:\u00a0<a href=\"https:\/\/zalo.me\/dalatreview\" target=\"_blank\" rel=\"noopener\">\u0110\u00e0 L\u1ea1t Review T\u1ea5t T\u1ea7n T\u1eadt<\/a><\/p>\n<p>Xem th\u00eam b\u00e0i vi\u1ebft kh\u00e1c t\u1ea1i:<a href=\"https:\/\/dalatreview.vn\/en\/\">\u0110\u00e0 L\u1ea1t Review<\/a><\/p>\n<p>&nbsp;<\/p>","protected":false},"excerpt":{"rendered":"<p>&nbsp;<\/p>\n<p>&nbsp;<\/p>\n<p>&nbsp;<\/p>","protected":false},"featured_media":47554,"comment_status":"open","ping_status":"closed","template":"","meta":{"_acf_changed":false,"rank_math_lock_modified_date":false},"product_cat":[31,2288,49],"product_tag":[2528,2532,2511],"acf":[],"_links":{"self":[{"href":"https:\/\/dalatreview.vn\/en\/wp-json\/wp\/v2\/product\/47553"}],"collection":[{"href":"https:\/\/dalatreview.vn\/en\/wp-json\/wp\/v2\/product"}],"about":[{"href":"https:\/\/dalatreview.vn\/en\/wp-json\/wp\/v2\/types\/product"}],"replies":[{"embeddable":true,"href":"https:\/\/dalatreview.vn\/en\/wp-json\/wp\/v2\/comments?post=47553"}],"wp:featuredmedia":[{"embeddable":true,"href":"https:\/\/dalatreview.vn\/en\/wp-json\/wp\/v2\/media\/47554"}],"wp:attachment":[{"href":"https:\/\/dalatreview.vn\/en\/wp-json\/wp\/v2\/media?parent=47553"}],"wp:term":[{"taxonomy":"product_cat","embeddable":true,"href":"https:\/\/dalatreview.vn\/en\/wp-json\/wp\/v2\/product_cat?post=47553"},{"taxonomy":"product_tag","embeddable":true,"href":"https:\/\/dalatreview.vn\/en\/wp-json\/wp\/v2\/product_tag?post=47553"}],"curies":[{"name":"wp","href":"https:\/\/api.w.org\/{rel}","templated":true}]}}