
{"id":4693,"date":"2020-03-27T10:30:06","date_gmt":"2020-03-27T03:30:06","guid":{"rendered":"https:\/\/dalatreview.vn\/?p=4693"},"modified":"2024-05-30T09:25:55","modified_gmt":"2024-05-30T09:25:55","slug":"team-trung-dalat-tour","status":"publish","type":"product","link":"https:\/\/dalatreview.vn\/en\/team-trung-dalat-tour.html","title":{"rendered":"Team Trung DaLat"},"content":{"rendered":"<nav class=\"vietrick-auto-toc\">\n<div class=\"box-title\">\n<h3 class=\"toc-title\" id=\"select-menu\">Danh m\u1ee5c ch\u00ednh<\/h3>\n<div><ion-icon name=\"chevron-up-outline\"><\/ion-icon><\/div>\n<\/div>\n<ul class=\"toc-list\"><\/ul>\n<li><a href='https:\/\/dalatreview.vn\/en#team-trung-dalat' class='heading-h1 toc-link smooth-scroll'>Team Trung DaLat<\/a>\n<ul>\n<li><a href='https:\/\/dalatreview.vn\/en#1-gioi-thieu' class='heading-h2 toc-link smooth-scroll'>1. Gi\u1edbi thi\u1ec7u<\/a>\n<li><a href='https:\/\/dalatreview.vn\/en#4-lien-he' class='heading-h2 toc-link smooth-scroll'>4. Li\u1ec7n H\u1ec7<\/a><\/ul>\n<\/ul>\n<\/li>\n<\/ul>\n<\/nav>\n<h1 style=\"text-align: center;\" id=\"team-trung-dalat\"><strong><span style=\"color: #003366;\">Team Trung DaLat<\/span><\/strong><\/h1>\n<h2 style=\"text-align: left;\" id=\"1-gioi-thieu\"><span style=\"font-size: 24px; color: #003366;\">1. Gi\u1edbi thi\u1ec7u<\/span><\/h2>\n<p><span style=\"font-size: 20px;\">\u0110\u1ebfn v\u1edbi Team Trung DaLat\u00a0t\u1ef1 ch\u1ecdn m\u1ed9t ng\u00e0y t\u1ea1i \u0110\u00e0 L\u1ea1t b\u1ea1n \u0111\u01b0\u1ee3c t\u1ef1 ch\u1ecdn cho m\u00ecnh nh\u1eefng \u0111\u1ecba \u0111i\u1ec3m th\u00fa v\u1ecb nh\u1ea5t. B\u00ean c\u1ea1nh \u0111\u00f3 b\u1ea1n c\u00f2n \u0111\u01b0\u1ee3c h\u01b0\u1edbng d\u1eabn vi\u00ean t\u1eadn t\u00ecnh , nhi\u1ec1u kinh nghi\u1ec7m d\u1eabn tour. Kh\u00f4ng ch\u1ec9 l\u00e0 m\u1ed9t chuy\u1ebfn du l\u1ecbch m\u00e0 c\u00f2n mang l\u1ea1i cho b\u1ea1n nhi\u1ec1u tr\u1ea3i nghi\u1ec7m th\u00fa v\u1ecb nh\u1ea5t !<\/span><\/p>\n<p><img decoding=\"async\" class=\"aligncenter wp-image-4685 size-full\" src=\"https:\/\/dalatreview.vn\/wp-content\/uploads\/2020\/03\/bia-3.jpg\" alt=\"Trung dalat tour\" width=\"1200\" height=\"900\" \/><\/p>\n<p><img decoding=\"async\" class=\"size-full wp-image-5263 aligncenter\" src=\"https:\/\/dalatreview.vn\/wp-content\/uploads\/2020\/03\/hinh1-1.jpg\" alt=\"Trung Dalat\" width=\"1200\" height=\"900\" \/><\/p>\n<p style=\"text-align: left;\"><span style=\"color: #003366;\"><strong><span style=\"font-size: 24px;\"><span class=\"_5mfr\"><span class=\"_6qdm\"><span class=\"_4yxp\">2 . \u0110i\u1ec3m \u0111\u1ebfn<\/span><\/span><\/span><\/span><\/strong><\/span><\/p>\n<p style=\"text-align: left;\"><span style=\"font-size: 20px;\">S\u1eed d\u1ee5ng tour t\u1ef1 ch\u1ecdn b\u1ea1n c\u00f3 th\u1ec3 ch\u1ecdn cho m\u00ecnh nh\u1eefng \u0111i\u1ec3m \u0111\u1ebfn y\u00eau th\u00edch nh\u1ea5t. Trong &#8220;tour \u0110\u00e0 L\u1ea1t \u1ea3o di\u1ec7u&#8221; m\u00e0 Team Trung DaLat gi\u1edbi thi\u1ec7u cho b\u1ea1n g\u1ed3m nh\u1eefng \u0111\u1ecba \u0111i\u1ec3m sau. Vui l\u00f2ng ch\u1ecdn cho m\u00ecnh nh\u1eefng \u0111i\u1ec3m \u01b0ng \u00fd nh\u1ea5t cho chuy\u1ebfn \u0111i nh\u00e9!<\/span><\/p>\n<p><span style=\"color: #003366;\"><strong><span style=\"font-size: 20px;\">Tour s\u0103n m\u00e2y \u0110\u00e0 L\u1ea1t<\/span><\/strong><\/span><\/p>\n<p><span style=\"font-size: 20px;\"><span style=\"color: #003300; font-size: 20px;\"><span class=\"_5mfr\"><span class=\"_6qdm\">\u2705<\/span><\/span><\/span>S\u0103n m\u00e2y<\/span><\/p>\n<p><span style=\"font-size: 20px;\"><span style=\"color: #003300; font-size: 20px;\"><span class=\"_5mfr\"><span class=\"_6qdm\">\u2705<\/span><\/span><\/span>\u0110\u00f4\u0300i che\u0300 c\u00e2\u0300u \u0111\u00e2\u0301t Farm<\/span><\/p>\n<p><span style=\"font-size: 20px;\"><span style=\"color: #003300; font-size: 20px;\"><span class=\"_5mfr\"><span class=\"_6qdm\">\u2705<\/span><\/span><\/span>M\u00f4\u0323c Tra\u0300 farm<\/span><\/p>\n<p><span style=\"font-size: 20px;\"><span style=\"color: #003300; font-size: 20px;\"><span class=\"_5mfr\"><span class=\"_6qdm\">\u2705<\/span><\/span><\/span>C\u00e2\u0309m tu\u0301 c\u00e2\u0300u<\/span><\/p>\n<p><span style=\"font-size: 20px;\"><span style=\"color: #003300; font-size: 20px;\"><span class=\"_5mfr\"><span class=\"_6qdm\">\u2705Ch\u00f9a <\/span><\/span><\/span>Linh Ph\u01b0\u01a1\u0301c<\/span><\/p>\n<p style=\"text-align: left;\"><span style=\"font-size: 20px;\"><img decoding=\"async\" class=\"size-full wp-image-5265 aligncenter\" src=\"https:\/\/dalatreview.vn\/wp-content\/uploads\/2020\/03\/hinh7.jpg\" alt=\"s\u0103n m\u00e2y\" width=\"1200\" height=\"900\" \/><\/span><\/p>\n<p style=\"text-align: left;\"><span style=\"font-size: 20px;\"><img decoding=\"async\" class=\"size-full wp-image-5264 aligncenter\" src=\"https:\/\/dalatreview.vn\/wp-content\/uploads\/2020\/03\/hinh2.jpg\" alt=\"s\u0103n m\u00e2y\" width=\"1200\" height=\"900\" \/><\/span><\/p>\n<p style=\"text-align: left;\"><span style=\"font-size: 20px;\">\u00a0<\/span><\/p>\n<p style=\"text-align: left;\"><span style=\"font-size: 20px;\"><img decoding=\"async\" class=\"aligncenter wp-image-4730 size-full\" src=\"https:\/\/dalatreview.vn\/wp-content\/uploads\/2020\/03\/0-28.jpg\" alt=\"map 1\" width=\"1412\" height=\"742\" \/><\/span><\/p>\n<p style=\"text-align: left;\"><strong><span style=\"font-size: 20px; color: #003366;\">\u0110\u1ecba \u0111i\u1ec3m h\u01b0\u1edbng Tr\u1ea1i M\u00e1t<\/span><\/strong><\/p>\n<p style=\"text-align: left;\"><span style=\"font-size: 20px;\"><span style=\"color: #003300; font-size: 20px;\"><span class=\"_5mfr\"><span class=\"_6qdm\">\u2705<\/span><\/span><\/span>Dinh 1<\/span><\/p>\n<p style=\"text-align: left;\"><span style=\"font-size: 20px;\"><span style=\"color: #003300; font-size: 20px;\"><span class=\"_5mfr\"><span class=\"_6qdm\">\u2705<\/span><\/span><\/span>V\u01b0\u01a1\u0300n th\u01b0\u01a1\u0323ng uy\u00ea\u0309n bay <\/span><\/p>\n<p style=\"text-align: left;\"><span style=\"font-size: 20px;\"><span style=\"color: #003300; font-size: 20px;\"><span class=\"_5mfr\"><span class=\"_6qdm\">\u2705<\/span><\/span><\/span>X\u01b0\u0301 s\u01a1\u0309 th\u00e2\u0300n ti\u00ean <\/span><\/p>\n<p style=\"text-align: left;\"><span style=\"font-size: 20px;\"><span style=\"color: #003300; font-size: 20px;\"><span class=\"_5mfr\"><span class=\"_6qdm\">\u2705<\/span><\/span><\/span>Kombiland x\u01b0\u01a1ng r\u00f4\u0300ng <\/span><\/p>\n<p style=\"text-align: left;\"><span style=\"font-size: 20px;\"><span style=\"color: #003300; font-size: 20px;\"><span class=\"_5mfr\"><span class=\"_6qdm\">\u2705<\/span><\/span><\/span>Kokoro la\u0301 phong <\/span><\/p>\n<p><img decoding=\"async\" class=\"aligncenter wp-image-4696 size-full\" src=\"https:\/\/dalatreview.vn\/wp-content\/uploads\/2020\/03\/h\u01b0\u1edbng-tr\u1ea1i-m\u00e1t-1.jpg\" alt=\"tham quan cafe\" width=\"1200\" height=\"900\" \/><\/p>\n<p><img decoding=\"async\" class=\"aligncenter wp-image-5267 size-full\" src=\"https:\/\/dalatreview.vn\/wp-content\/uploads\/2020\/03\/hinh7-1.jpg\" alt=\"trung dalat\" width=\"1200\" height=\"900\" \/><\/p>\n<p><img decoding=\"async\" class=\"aligncenter wp-image-4716 size-full\" src=\"https:\/\/dalatreview.vn\/wp-content\/uploads\/2020\/03\/0-22.jpg\" alt=\"map 2\" width=\"1431\" height=\"734\" \/><\/p>\n<p><strong><span style=\"font-size: 20px; color: #003366;\">\u0110\u1ecba \u0111i\u1ec3m h\u01b0\u1edbng H\u1ed3 Tuy\u1ec1n L\u00e2m<\/span><\/strong><\/p>\n<p><span style=\"font-size: 20px;\"><span style=\"color: #003300; font-size: 20px;\"><span class=\"_5mfr\"><span class=\"_6qdm\">\u2705<\/span><\/span><\/span>H\u1ed3 v\u00f4 c\u01b0\u0323c \u0111\u01b0\u01a1\u0300ng h\u00e2\u0300m \u0111\u00e2\u0301t se\u0301t <\/span><\/p>\n<p><span style=\"font-size: 20px;\"><span style=\"color: #003300; font-size: 20px;\"><span class=\"_5mfr\"><span class=\"_6qdm\">\u2705<\/span><\/span><\/span>Thi\u1ec1n vi\u00ea\u0323n Tru\u0301c L\u00e2m <\/span><\/p>\n<p><span style=\"font-size: 20px;\"><span style=\"color: #003300; font-size: 20px;\"><span class=\"_5mfr\"><span class=\"_6qdm\">\u2705<\/span><\/span><\/span>C\u00f4\u0309ng tr\u01a1\u0300i Bali <\/span><\/p>\n<p><span style=\"font-size: 20px;\"><span style=\"color: #003300; font-size: 20px;\"><span class=\"_5mfr\"><span class=\"_6qdm\">\u2705<\/span><\/span><\/span>Qua\u0309ng tr\u01b0\u01a1\u0300ng L\u00e2m Vi\u00ean<\/span><\/p>\n<p><span style=\"font-size: 20px;\"><span style=\"color: #003300; font-size: 20px;\"><span class=\"_5mfr\"><span class=\"_6qdm\">\u2705Ga xe l\u01b0\u0309a<\/span><\/span><\/span><\/span><\/p>\n<p><span style=\"font-size: 20px;\"><span style=\"color: #003300; font-size: 20px;\"><span class=\"_5mfr\"><span class=\"_6qdm\"><img decoding=\"async\" class=\"size-full wp-image-5269 aligncenter\" src=\"https:\/\/dalatreview.vn\/wp-content\/uploads\/2020\/03\/hinh6-1.jpg\" alt=\"\" width=\"1200\" height=\"900\"><\/span><\/span><\/span><\/span><\/p>\n<p><strong><span style=\"font-size: 20px; color: #003366;\">\u0110\u1ecba \u0111i\u1ec3m h\u01b0\u1edbng T\u00e0 Nung<\/span><\/strong><\/p>\n<p><span style=\"font-size: 20px;\"><span style=\"color: #003300; font-size: 20px;\"><span class=\"_5mfr\"><span class=\"_6qdm\">\u2705<\/span><\/span><\/span>N\u00f4ng tra\u0323i Cu\u0301n<\/span><\/p>\n<p><span style=\"font-size: 20px;\"><span style=\"color: #003300; font-size: 20px;\"><span class=\"_5mfr\"><span class=\"_6qdm\">\u2705<\/span><\/span><\/span>Hoa s\u01a1n \u0111i\u00ea\u0300n trang<\/span><\/p>\n<p><span style=\"font-size: 20px;\"><span style=\"color: #003300; font-size: 20px;\"><span class=\"_5mfr\"><span class=\"_6qdm\">\u2705<\/span><\/span><\/span>Dalaland thi\u00ean \u0111\u01b0\u01a1\u0300ng bali thu nho\u0309<\/span><\/p>\n<p><span style=\"font-size: 20px;\"><span style=\"color: #003300; font-size: 20px;\"><span class=\"_5mfr\"><span class=\"_6qdm\">\u2705<\/span><\/span><\/span>Cafe M\u00ea Linh<\/span><\/p>\n<p><span style=\"font-size: 20px;\"><img decoding=\"async\" class=\"aligncenter wp-image-5268 size-full\" src=\"https:\/\/dalatreview.vn\/wp-content\/uploads\/2020\/03\/hinh5-1.jpg\" alt=\"trung dalat\" width=\"1200\" height=\"900\" \/><\/span><\/p>\n<p><span style=\"font-size: 20px;\"><img decoding=\"async\" class=\"aligncenter wp-image-4717 size-full\" src=\"https:\/\/dalatreview.vn\/wp-content\/uploads\/2020\/03\/0-23.jpg\" alt=\"map 3\" width=\"1440\" height=\"741\" \/><br \/>\n<\/span><\/p>\n<p><strong><span style=\"font-size: 20px; color: #003366;\">\u0110\u1ecba \u0111i\u1ec3m g\u1ea7n trung t\u00e2m<\/span><\/strong><\/p>\n<p><span style=\"font-size: 20px;\"><span style=\"color: #003300; font-size: 20px;\"><span class=\"_5mfr\"><span class=\"_6qdm\">\u2705<\/span><\/span><\/span>H\u00e1i d\u00e2u t\u00e2y <\/span><\/p>\n<p><span style=\"font-size: 20px;\"><span style=\"color: #003300; font-size: 20px;\"><span class=\"_5mfr\"><span class=\"_6qdm\">\u2705<\/span><\/span><\/span>Nh\u00e0 th\u01a1\u0300 Domain <\/span><\/p>\n<p><span style=\"font-size: 20px;\"><span style=\"color: #003300; font-size: 20px;\"><span class=\"_5mfr\"><span class=\"_6qdm\">\u2705<\/span><\/span><\/span>Cafe tri\u1ec7u \u0111\u00f3a h\u00f4\u0300ng <\/span><\/p>\n<p><span style=\"font-size: 20px;\"><span style=\"color: #003300; font-size: 20px;\"><span class=\"_5mfr\"><span class=\"_6qdm\">\u2705<\/span><\/span><\/span>Fresh garden<\/span><\/p>\n<p><img decoding=\"async\" class=\"aligncenter wp-image-4700 size-full\" src=\"http:\/\/localhost\/wordpress\/wp-content\/uploads\/2020\/03\/daunha-tho-domen-cafe-trieu-do-hongfresh-da-lat.jpg\" alt=\"tham quan\" width=\"1200\" height=\"900\" \/><\/p>\n<p><img decoding=\"async\" class=\"aligncenter wp-image-4718 size-full\" src=\"https:\/\/dalatreview.vn\/wp-content\/uploads\/2020\/03\/0-24.jpg\" alt=\"map 4\" width=\"1359\" height=\"749\" \/><\/p>\n<p>&nbsp;<\/p>\n<p><strong><span style=\"font-size: 20px; color: #003366;\">\u0110\u1ecba \u0111i\u1ec3m h\u01b0\u1edbng su\u1ed1i v\u00e0ng<\/span><\/strong><\/p>\n<p><span style=\"font-size: 20px;\"><span style=\"color: #003300; font-size: 20px;\"><span class=\"_5mfr\"><span class=\"_6qdm\">\u2705<\/span><\/span><\/span>L\u00e0ng \u0111\u0103\u0323c sa\u0309n<\/span><\/p>\n<p><span style=\"font-size: 20px;\"><span style=\"color: #003300; font-size: 20px;\"><span class=\"_5mfr\"><span class=\"_6qdm\">\u2705<\/span><\/span><\/span>Tuy\u00ea\u0323t ti\u0300nh c\u00f4\u0301c\u00a0<\/span><\/p>\n<p><span style=\"font-size: 20px;\"><span style=\"color: #003300; font-size: 20px;\"><span class=\"_5mfr\"><span class=\"_6qdm\">\u2705<\/span><\/span><\/span>L\u00e0ng cu\u0300 l\u00e2\u0300n <\/span><\/p>\n<p><span style=\"font-size: 20px;\"><span style=\"color: #003300; font-size: 20px;\"><span class=\"_5mfr\"><span class=\"_6qdm\">\u2705<\/span><\/span><\/span>C\u00e2y Th\u00f4ng C\u00f4 \u0110\u01a1n <\/span><\/p>\n<p><img decoding=\"async\" class=\"size-full wp-image-5270 aligncenter\" src=\"https:\/\/dalatreview.vn\/wp-content\/uploads\/2020\/03\/hinh4-1.jpg\" alt=\"TRUNG DALAT\" width=\"1200\" height=\"900\" \/><\/p>\n<p><img decoding=\"async\" class=\"aligncenter wp-image-4719 size-full\" src=\"https:\/\/dalatreview.vn\/wp-content\/uploads\/2020\/03\/0-25.jpg\" alt=\"map 5\" width=\"1301\" height=\"810\" \/><\/p>\n<p style=\"text-align: left;\"><span style=\"font-size: 24px; color: #003366;\"><strong>3 . D\u1ecbch v\u1ee5<\/strong><\/span><\/p>\n<p><span style=\"font-size: 20px;\">\u0110\u1ebfn v\u1edbi Team Trung DaLat b\u1ea1n \u0111\u01b0\u1ee3c cung c\u1ea5p nh\u1eefng d\u1ecbch v\u1ee5 ti\u1ec7n \u00edch nh\u1ea5t bao g\u1ed3m:<\/span><\/p>\n<p style=\"text-align: left;\"><span style=\"font-size: 20px;\">D\u1ecbch vu\u0323 \u0111\u01b0a \u0111o\u0301n: S\u00e2n bay Li\u00ean Kh\u01b0\u01a1ng xe 4 ch\u1ed7, 7 ch\u1ed7, 16 ch\u1ed7<\/span><\/p>\n<p style=\"text-align: left;\"><span style=\"font-size: 20px;\">T\u00e0i x\u00ea\u0301: kinh nghi\u00ea\u0323m \u0111\u01b0\u01a1\u0300ng \u0111e\u0300o d\u00f4\u0301c<\/span><\/p>\n<p style=\"text-align: left;\"><span style=\"font-size: 20px;\">H\u01b0\u1edbng d\u1eabn vi\u00ean: Nhi\u1ec7t t\u00ecnh, t\u00e2m huy\u1ebft<\/span><\/p>\n<p style=\"text-align: left;\"><span style=\"font-size: 20px;\">Ch\u1ec9 d\u1eabn \u0111\u1ecba \u0111i\u1ec3m \u0103n u\u1ed1ng: B\u1ea1n \u0111\u01b0\u1ee3c h\u01b0\u1edbng d\u1eabn vi\u00ean gi\u1edbi thi\u1ec7u nh\u1eefng \u0111\u1ecba \u0111i\u1ec3m \u0103n u\u1ed1ng g\u1ea7n, ch\u1ea5t l\u01b0\u1ee3ng<\/span><\/p>\n<h2 style=\"text-align: left;\" id=\"4-lien-he\"><span style=\"color: #003366;\">4. Li\u1ec7n H\u1ec7<\/span><\/h2>\n<p style=\"text-align: left;\"><span style=\"font-size: 20px;\">\u2705S\u1ed1 \u0111i\u1ec7n tho\u1ea1i : 0988 249 297 (Mr. Trung)<\/span><\/p>\n<p><span style=\"font-size: 20px;\">\u2705Facebook: <a title=\"Trung Dalat\" href=\"https:\/\/www.facebook.com\/booking.dalatreview.vn\">Booking \u0110\u00e0 L\u1ea1t &#8211; www.dalatreview.vn<\/a><\/span><\/p>\n<p>&nbsp;<\/p>\n<p>&nbsp;<\/p>\n<p>&nbsp;<\/p>\n<p>&nbsp;<\/p>\n<p>&nbsp;<\/p>","protected":false},"excerpt":{"rendered":"<p>Danh m\u1ee5c ch\u00ednh Team Trung DaLat 1. Gi\u1edbi thi\u1ec7u 4. Li\u1ec7n H\u1ec7 Team Trung DaLat 1. Gi\u1edbi thi\u1ec7u \u0110\u1ebfn v\u1edbi Team Trung DaLat\u00a0t\u1ef1 ch\u1ecdn m\u1ed9t ng\u00e0y t\u1ea1i \u0110\u00e0 L\u1ea1t b\u1ea1n \u0111\u01b0\u1ee3c t\u1ef1 ch\u1ecdn cho m\u00ecnh nh\u1eefng \u0111\u1ecba \u0111i\u1ec3m th\u00fa v\u1ecb nh\u1ea5t. B\u00ean c\u1ea1nh \u0111\u00f3 b\u1ea1n c\u00f2n \u0111\u01b0\u1ee3c h\u01b0\u1edbng d\u1eabn vi\u00ean t\u1eadn t\u00ecnh , nhi\u1ec1u kinh [&hellip;]<\/p>","protected":false},"featured_media":5272,"comment_status":"open","ping_status":"closed","template":"","meta":{"_acf_changed":false,"rank_math_lock_modified_date":false},"product_cat":[26,1050],"product_tag":[],"acf":[],"_links":{"self":[{"href":"https:\/\/dalatreview.vn\/en\/wp-json\/wp\/v2\/product\/4693"}],"collection":[{"href":"https:\/\/dalatreview.vn\/en\/wp-json\/wp\/v2\/product"}],"about":[{"href":"https:\/\/dalatreview.vn\/en\/wp-json\/wp\/v2\/types\/product"}],"replies":[{"embeddable":true,"href":"https:\/\/dalatreview.vn\/en\/wp-json\/wp\/v2\/comments?post=4693"}],"wp:featuredmedia":[{"embeddable":true,"href":"https:\/\/dalatreview.vn\/en\/wp-json\/wp\/v2\/media\/5272"}],"wp:attachment":[{"href":"https:\/\/dalatreview.vn\/en\/wp-json\/wp\/v2\/media?parent=4693"}],"wp:term":[{"taxonomy":"product_cat","embeddable":true,"href":"https:\/\/dalatreview.vn\/en\/wp-json\/wp\/v2\/product_cat?post=4693"},{"taxonomy":"product_tag","embeddable":true,"href":"https:\/\/dalatreview.vn\/en\/wp-json\/wp\/v2\/product_tag?post=4693"}],"curies":[{"name":"wp","href":"https:\/\/api.w.org\/{rel}","templated":true}]}}