
{"id":46434,"date":"2024-12-21T09:09:52","date_gmt":"2024-12-21T02:09:52","guid":{"rendered":"https:\/\/dalatreview.vn\/?post_type=product&#038;p=46434"},"modified":"2024-12-21T17:29:56","modified_gmt":"2024-12-21T10:29:56","slug":"quoc-thien-may-hai-phong-02-02","status":"publish","type":"product","link":"https:\/\/dalatreview.vn\/en\/quoc-thien-may-hai-phong-02-02.html","title":{"rendered":"Qu\u1ed1c Thi\u00ean &#8211; M\u00e2y H\u1ea3i Ph\u00f2ng &#8211; 02\/02"},"content":{"rendered":"<nav class=\"vietrick-auto-toc\">\n<div class=\"box-title\">\n<h3 class=\"toc-title\" id=\"select-menu\">Danh m\u1ee5c ch\u00ednh<\/h3>\n<div><ion-icon name=\"chevron-up-outline\"><\/ion-icon><\/div>\n<\/div>\n<ul class=\"toc-list\"><\/ul>\n<li><a href='https:\/\/dalatreview.vn\/en#quoc-thien' class='heading-h1 toc-link smooth-scroll'>Qu\u1ed1c Thi\u00ean<\/a>\n<ul>\n<li><a href='https:\/\/dalatreview.vn\/en#cung-vhld-huu-nghi-viet-tiep-tp-hai-phong' class='heading-h2 toc-link smooth-scroll'>Cung VHL\u0110 H\u1eefu Ngh\u1ecb Vi\u1ec7t Ti\u1ec7p &#8211; Tp. H\u1ea3i Ph\u00f2ng<\/a>\n<li><a href='https:\/\/dalatreview.vn\/en#1-thong-tin-dat-ve-liveshow' class='heading-h2 toc-link smooth-scroll'>1. Th\u00f4ng tin \u0111\u1eb7t v\u00e9 liveshow<\/a>\n<li><a href='https:\/\/dalatreview.vn\/en#2-mo-ta-san-khau-liveshow' class='heading-h2 toc-link smooth-scroll'>2. M\u00f4 t\u1ea3 s\u00e2n kh\u1ea5u liveshow<\/a>\n<li><a href='https:\/\/dalatreview.vn\/en#3-cac-chinh-sach-cua-may-lang-thang' class='heading-h2 toc-link smooth-scroll'>3. C\u00e1c ch\u00ednh s\u00e1ch c\u1ee7a M\u00e2y Lang Thang <\/a>\n<li><a href='https:\/\/dalatreview.vn\/en#4-dich-vu' class='heading-h2 toc-link smooth-scroll'>4. D\u1ecbch v\u1ee5 <\/a>\n<li><a href='https:\/\/dalatreview.vn\/en#5-lien-he' class='heading-h2 toc-link smooth-scroll'>5. Li\u00ean H\u1ec7<\/a><\/ul>\n<\/ul>\n<\/li>\n<\/ul>\n<\/nav>\n<h1 style=\"text-align: center;\" id=\"quoc-thien\"><strong><span style=\"color: #003300;\">Qu\u1ed1c Thi\u00ean<\/span><\/strong><\/h1>\n<h2 style=\"text-align: center;\" id=\"cung-vhld-huu-nghi-viet-tiep-tp-hai-phong\"><span style=\"color: #003300; font-size: 20px;\"><strong>Cung VHL\u0110 H\u1eefu Ngh\u1ecb Vi\u1ec7t Ti\u1ec7p &#8211; Tp. H\u1ea3i Ph\u00f2ng<\/strong><\/span><\/h2>\n<p style=\"text-align: center;\">Qu\u1ed1c Thi\u00ean<\/p>\n<p style=\"text-align: center;\">Th\u1eddi gian: 02\/02\/2025<\/p>\n<p style=\"text-align: center;\">Show time: 20h00<\/p>\n<p><img decoding=\"async\" class=\"wp-image-46439 size-full aligncenter\" src=\"https:\/\/dalatreview.vn\/wp-content\/uploads\/2024\/12\/z6149369264388_cb378bc81d4d744c800cf304be0f6077.jpg\" alt=\"th\u00f4ng tin show qu\u1ed1c thi\u00ean m\u00e2y lang thang h\u1ea3i ph\u00f2ng\" width=\"1140\" height=\"1425\" srcset=\"https:\/\/dalatreview.vn\/wp-content\/uploads\/2024\/12\/z6149369264388_cb378bc81d4d744c800cf304be0f6077.jpg 1140w, https:\/\/dalatreview.vn\/wp-content\/uploads\/2024\/12\/z6149369264388_cb378bc81d4d744c800cf304be0f6077-819x1024.jpg 819w, https:\/\/dalatreview.vn\/wp-content\/uploads\/2024\/12\/z6149369264388_cb378bc81d4d744c800cf304be0f6077-768x960.jpg 768w, https:\/\/dalatreview.vn\/wp-content\/uploads\/2024\/12\/z6149369264388_cb378bc81d4d744c800cf304be0f6077-600x750.jpg 600w\" sizes=\"(max-width: 1140px) 100vw, 1140px\" \/><\/p>\n<h2 id=\"1-thong-tin-dat-ve-liveshow\"><strong>1. Th\u00f4ng tin \u0111\u1eb7t v\u00e9 liveshow<\/strong><\/h2>\n<table style=\"height: 142px; border-collapse: collapse; width: 99.8507%;\" border=\"1px\" width=\"1348\">\n<tbody>\n<tr style=\"height: 28px;\">\n<td style=\"width: 50%; height: 28px; text-align: center;\"><span style=\"color: #ff0000; font-size: 14pt;\"><strong>PREMIUM \/ TH\u1ea2NH TH\u01a0I<\/strong><\/span><\/td>\n<td style=\"width: 49.9251%; height: 28px; text-align: center;\"><span style=\"color: #ff0000; font-size: 14pt;\"><strong>1.810.000 VN\u0110<\/strong><\/span><\/td>\n<\/tr>\n<tr style=\"height: 24px;\">\n<td style=\"width: 50%; height: 24px; text-align: center;\"><span style=\"color: #ff0000; font-size: 14pt;\"><strong>VIP \/ B\u1ec0NH B\u1ed2NG<\/strong><\/span><\/td>\n<td style=\"width: 49.9251%; height: 24px; text-align: center;\"><span style=\"color: #ff0000; font-size: 14pt;\"><strong>1.510.000 VN\u0110<\/strong><\/span><\/td>\n<\/tr>\n<tr style=\"height: 24px;\">\n<td style=\"width: 50%; height: 24px; text-align: center;\"><span style=\"color: #ff0000; font-size: 14pt;\"><strong>STANDARD 1 \/ M\u01a0 M\u00c0NG<\/strong><\/span><\/td>\n<td style=\"width: 49.9251%; height: 24px; text-align: center;\"><span style=\"color: #ff0000; font-size: 14pt;\"><strong>1.210.000 VN\u0110<\/strong><\/span><\/td>\n<\/tr>\n<tr style=\"height: 24px;\">\n<td style=\"width: 50%; height: 24px; text-align: center;\"><span style=\"color: #ff0000; font-size: 14pt;\"><strong>STANDARD 2 \/ NH\u1edeN NH\u01a0<\/strong><\/span><\/td>\n<td style=\"width: 49.9251%; height: 24px; text-align: center;\"><span style=\"color: #ff0000; font-size: 14pt;\"><strong>960.000 VN\u0110<\/strong><\/span><\/td>\n<\/tr>\n<tr style=\"height: 24px;\">\n<td style=\"width: 50%; height: 24px; text-align: center;\"><span style=\"color: #ff0000; font-size: 14pt;\"><strong>STANDARD 3 \/ L\u1eecNG L\u01a0<\/strong><\/span><\/td>\n<td style=\"width: 49.9251%; height: 24px; text-align: center;\"><span style=\"color: #ff0000;\"><strong><span style=\"font-size: 14pt;\">760.000 VN\u0110<\/span><\/strong><\/span><\/td>\n<\/tr>\n<tr style=\"height: 18px;\">\n<td style=\"width: 50%; height: 18px; text-align: center;\"><span style=\"color: #ff0000; font-size: 14pt;\"><strong>STANDARD 4 \/ TH\u1ea8N TH\u01a0<\/strong><\/span><\/td>\n<td style=\"width: 49.9251%; height: 18px; text-align: center;\"><span style=\"color: #ff0000;\"><strong><span style=\"font-size: 14pt;\">560.000 VN\u0110<\/span><\/strong><\/span><\/td>\n<\/tr>\n<\/tbody>\n<\/table>\n<p><strong>* Gi\u00e1 v\u00e9 d\u1ef1 ki\u1ebfn, c\u00f3 th\u1ec3 thay \u0111\u1ed5i \u0111\u00f4i ch\u00fat t\u00f9y th\u1eddi \u0111i\u1ec3m thanh to\u00e1n \u0111\u1eb7t v\u00e9\u00a0<\/strong><\/p>\n<p><img decoding=\"async\" class=\"aligncenter\" src=\"https:\/\/dalatreview.vn\/wp-content\/uploads\/2024\/12\/Vuon-hoa-thanh-pho-da-lat-9.jpg\" alt=\"th\u00f4ng tin show m\u00e2y lang thang h\u1ea3i ph\u00f2ng\" width=\"1200\" height=\"900\" \/><\/p>\n<h2 id=\"2-mo-ta-san-khau-liveshow\"><span style=\"color: #003300;\"><strong>2. M\u00f4 t\u1ea3 s\u00e2n kh\u1ea5u liveshow<\/strong><\/span><\/h2>\n<p>\u0110\u1ecba ch\u1ec9 t\u1ed5 ch\u1ee9c thu\u1ed9c Cung VHL\u0110 H\u1eefu Ngh\u1ecb Vi\u1ec7t Ti\u1ec7p &#8211; 53 L\u1ea1ch Tray, Ng\u00f4 Quy\u1ec1n &#8211; Tp. H\u1ea3i Ph\u00f2ng<\/p>\n<p>C\u00e1c gh\u1ebf \u0111\u00e3 \u0111\u1eb7t ch\u1ec9 mang t\u00ednh ch\u1ea5t \u0111\u00e3 \u0111\u1eb7t ch\u1ed7 th\u00e0nh c\u00f4ng, qu\u00fd kh\u00e1ch vui l\u00f2ng \u0111\u1ebfn s\u1edbm \u0111\u1ec3 ch\u1ecdn \u0111\u01b0\u1ee3c ch\u1ed7 ng\u1ed3i t\u1ed1t nh\u1ea5t theo khu<\/p>\n<p>H\u00ecnh \u1ea3nh s\u00e2n kh\u1ea5u:<\/p>\n<p><img decoding=\"async\" class=\"aligncenter\" src=\"https:\/\/dalatreview.vn\/wp-content\/uploads\/2024\/12\/Vuon-hoa-thanh-pho-da-lat-10.jpg\" alt=\"s\u00e2n kh\u1ea5u m\u00e2y lang thang h\u1ea3i ph\u00f2ng\" width=\"1200\" height=\"900\" \/><\/p>\n<p>S\u01a1 \u0111\u1ed3 s\u00e2n kh\u1ea5u:<\/p>\n<p><img decoding=\"async\" class=\"alignleft wp-image-46442 size-full\" src=\"https:\/\/dalatreview.vn\/wp-content\/uploads\/2024\/12\/z6151053529831_3ddd6e9a0d816c0afb545d8d861e98b0.jpg\" alt=\"s\u01a1 \u0111\u1ed3 s\u00e2n kh\u1ea5u m\u00e2y lang thang h\u1ea3i ph\u00f2ng\" width=\"2560\" height=\"1828\" srcset=\"https:\/\/dalatreview.vn\/wp-content\/uploads\/2024\/12\/z6151053529831_3ddd6e9a0d816c0afb545d8d861e98b0.jpg 2560w, https:\/\/dalatreview.vn\/wp-content\/uploads\/2024\/12\/z6151053529831_3ddd6e9a0d816c0afb545d8d861e98b0-1024x731.jpg 1024w, https:\/\/dalatreview.vn\/wp-content\/uploads\/2024\/12\/z6151053529831_3ddd6e9a0d816c0afb545d8d861e98b0-768x548.jpg 768w, https:\/\/dalatreview.vn\/wp-content\/uploads\/2024\/12\/z6151053529831_3ddd6e9a0d816c0afb545d8d861e98b0-1536x1097.jpg 1536w, https:\/\/dalatreview.vn\/wp-content\/uploads\/2024\/12\/z6151053529831_3ddd6e9a0d816c0afb545d8d861e98b0-2048x1462.jpg 2048w, https:\/\/dalatreview.vn\/wp-content\/uploads\/2024\/12\/z6151053529831_3ddd6e9a0d816c0afb545d8d861e98b0-600x428.jpg 600w\" sizes=\"(max-width: 2560px) 100vw, 2560px\" \/><\/p>\n<h2 id=\"3-cac-chinh-sach-cua-may-lang-thang\"><span style=\"color: #003300;\"><strong>3. C\u00e1c ch\u00ednh s\u00e1ch c\u1ee7a M\u00e2y Lang Thang <\/strong><\/span><\/h2>\n<p><strong>Ch\u00ednh s\u00e1ch tr\u1ebb em b\u00ean M\u00e2y Lang Thang:<\/strong><\/p>\n<p>\u2013 Mi\u1ec5n ph\u00ed cho b\u00e9 d\u01b0\u1edbi 3 tu\u1ed5i ( ng\u1ed3i chung gh\u1ebf v\u1edbi b\u1ed1 m\u1eb9 su\u1ed1t bu\u1ed5i di\u1ec5n )<\/p>\n<p>\u2013 Tr\u1ebb em cao d\u01b0\u1edbi 1m: Kh\u00f4ng ph\u1ee5 thu n\u1ebfu ng\u1ed3i chung v\u1edbi ph\u1ee5 huynh trong su\u1ed1t th\u1eddi gian di\u1ec5n ra show\u00a0<\/p>\n<p>\u2013 Tr\u1ebb em cao t\u1eeb 1m \u0111\u1ebfn d\u01b0\u1edbi 1m2 b\u1eaft bu\u1ed9c ph\u1ea3i \u0111\u1eb7t ch\u1ed7, ph\u1ee5 thu 70%\u00a0 (Ho\u00e0n 30% t\u1ea1i qu\u1ea7y check in )\u00a0<\/p>\n<h2 id=\"4-dich-vu\"><span style=\"color: #003300;\"><strong>4. D\u1ecbch v\u1ee5 <\/strong><\/span><\/h2>\n<p>+ \u0110\u01b0\u1ee3c g\u1eb7p g\u1ee1 giao l\u01b0u c\u00f9ng nh\u1eefng th\u1ea7n t\u01b0\u1ee3ng n\u1ed5i ti\u1ebfng c\u1ee7a m\u00ecnh.<\/p>\n<p>+ \u0110\u01b0\u1ee3c \u0111\u1eafm ch\u00ecm v\u00e0o nh\u1eefng \u00e2m thanh nh\u1eb9 nh\u00e0ng gi\u00fap b\u1ea1n th\u01b0 gi\u00e3n gi\u1ea3i t\u1ecfa m\u1ecdi \u01b0u phi\u1ec1n h\u1eb1ng ng\u00e0y.<\/p>\n<p>+ H\u00f2a c\u00f9ng giai \u0111i\u1ec7u \u00e2m nh\u1ea1c du d\u01b0\u01a1ng, phi\u00eau c\u00f9ng ti\u1ebfng h\u00e1t trong kh\u00f4ng kh\u00ed b\u00ecnh y\u00ean.<\/p>\n<h2 id=\"5-lien-he\"><span style=\"color: #003300;\"><strong>5. Li\u00ean H\u1ec7<\/strong><\/span><\/h2>\n<p>Hotline: 0986 249 297<\/p>\n<p>Li\u00ean h\u1ec7 book v\u00e9: <a href=\"https:\/\/zalo.me\/dalatreview\" target=\"_blank\" rel=\"noopener\">\u0110\u00e0 L\u1ea1t Review T\u1ea5t T\u1ea7n T\u1eadt<\/a><\/p>\n<p>Xem th\u00eam b\u00e0i vi\u1ebft kh\u00e1c t\u1ea1i:<a href=\"https:\/\/dalatreview.vn\/en\/\">\u0110\u00e0 L\u1ea1t Review<\/a><\/p>","protected":false},"excerpt":{"rendered":"<p>Danh m\u1ee5c ch\u00ednh Qu\u1ed1c Thi\u00ean Cung VHL\u0110 H\u1eefu Ngh\u1ecb Vi\u1ec7t Ti\u1ec7p &#8211; Tp. H\u1ea3i Ph\u00f2ng 1. Th\u00f4ng tin \u0111\u1eb7t v\u00e9 liveshow 2. M\u00f4 t\u1ea3 s\u00e2n kh\u1ea5u liveshow 3. C\u00e1c ch\u00ednh s\u00e1ch c\u1ee7a M\u00e2y Lang Thang 4. D\u1ecbch v\u1ee5 5. Li\u00ean H\u1ec7 Qu\u1ed1c Thi\u00ean Cung VHL\u0110 H\u1eefu Ngh\u1ecb Vi\u1ec7t Ti\u1ec7p &#8211; Tp. H\u1ea3i Ph\u00f2ng Qu\u1ed1c Thi\u00ean [&hellip;]<\/p>","protected":false},"featured_media":46439,"comment_status":"open","ping_status":"closed","template":"","meta":{"_acf_changed":false,"rank_math_lock_modified_date":false},"product_cat":[2286,31,49],"product_tag":[],"acf":[],"_links":{"self":[{"href":"https:\/\/dalatreview.vn\/en\/wp-json\/wp\/v2\/product\/46434"}],"collection":[{"href":"https:\/\/dalatreview.vn\/en\/wp-json\/wp\/v2\/product"}],"about":[{"href":"https:\/\/dalatreview.vn\/en\/wp-json\/wp\/v2\/types\/product"}],"replies":[{"embeddable":true,"href":"https:\/\/dalatreview.vn\/en\/wp-json\/wp\/v2\/comments?post=46434"}],"wp:featuredmedia":[{"embeddable":true,"href":"https:\/\/dalatreview.vn\/en\/wp-json\/wp\/v2\/media\/46439"}],"wp:attachment":[{"href":"https:\/\/dalatreview.vn\/en\/wp-json\/wp\/v2\/media?parent=46434"}],"wp:term":[{"taxonomy":"product_cat","embeddable":true,"href":"https:\/\/dalatreview.vn\/en\/wp-json\/wp\/v2\/product_cat?post=46434"},{"taxonomy":"product_tag","embeddable":true,"href":"https:\/\/dalatreview.vn\/en\/wp-json\/wp\/v2\/product_tag?post=46434"}],"curies":[{"name":"wp","href":"https:\/\/api.w.org\/{rel}","templated":true}]}}