
{"id":4568,"date":"2020-03-26T10:32:12","date_gmt":"2020-03-26T03:32:12","guid":{"rendered":"https:\/\/dalatreview.vn\/?p=4568"},"modified":"2024-05-30T09:26:40","modified_gmt":"2024-05-30T09:26:40","slug":"nguyen-ngoc-trung-tour","status":"publish","type":"product","link":"https:\/\/dalatreview.vn\/en\/nguyen-ngoc-trung-tour.html","title":{"rendered":"Nguy\u1ec5n Ng\u1ecdc Trung Tour"},"content":{"rendered":"<nav class=\"vietrick-auto-toc\">\n<div class=\"box-title\">\n<h3 class=\"toc-title\" id=\"select-menu\">Danh m\u1ee5c ch\u00ednh<\/h3>\n<div><ion-icon name=\"chevron-up-outline\"><\/ion-icon><\/div>\n<\/div>\n<ul class=\"toc-list\"><\/ul>\n<li><a href='https:\/\/dalatreview.vn\/en#nguyen-ngoc-trung-tour' class='heading-h1 toc-link smooth-scroll'>Nguy\u1ec5n Ng\u1ecdc Trung Tour<\/a>\n<ul>\n<li><a href='https:\/\/dalatreview.vn\/en#1-gioi-thieu' class='heading-h2 toc-link smooth-scroll'>1. Gi\u1edbi thi\u1ec7u<\/a>\n<li><a href='https:\/\/dalatreview.vn\/en#4-lien-he' class='heading-h2 toc-link smooth-scroll'>4. Li\u1ec7n H\u1ec7<\/a><\/ul>\n<\/ul>\n<\/li>\n<\/ul>\n<\/nav>\n<h1 style=\"text-align: center;\" id=\"nguyen-ngoc-trung-tour\"><strong><span style=\"color: #003366;\">Nguy\u1ec5n Ng\u1ecdc Trung Tour<\/span><\/strong><\/h1>\n<p>&nbsp;<\/p>\n<h2 style=\"text-align: left;\" id=\"1-gioi-thieu\"><span style=\"font-size: 24px; color: #003366;\">1. Gi\u1edbi thi\u1ec7u<\/span><\/h2>\n<p style=\"text-align: left;\"><span style=\"font-size: 20px;\">\u0110\u1ebfn v\u1edbi tour Nguy\u1ec5n Ng\u1ecdc Trung t\u1ef1 ch\u1ecdn m\u1ed9t ng\u00e0y t\u1ea1i \u0110\u00e0 L\u1ea1t b\u1ea1n \u0111\u01b0\u1ee3c t\u1ef1 ch\u1ecdn cho m\u00ecnh nh\u1eefng \u0111\u1ecba \u0111i\u1ec3m th\u00fa v\u1ecb nh\u1ea5t. B\u00ean c\u1ea1nh \u0111\u00f3 b\u1ea1n c\u00f2n \u0111\u01b0\u1ee3c h\u01b0\u1edbng d\u1eabn vi\u00ean t\u1eadn t\u00ecnh , nhi\u1ec1u kinh nghi\u1ec7m d\u1eabn tour. Kh\u00f4ng ch\u1ec9 l\u00e0 m\u1ed9t chuy\u1ebfn du l\u1ecbch m\u00e0 c\u00f2n mang l\u1ea1i cho b\u1ea1n nhi\u1ec1u tr\u1ea3i nghi\u1ec7m th\u00fa v\u1ecb nh\u1ea5t !<br \/>\n<img decoding=\"async\" class=\"aligncenter size-full wp-image-4855\" src=\"https:\/\/dalatreview.vn\/wp-content\/uploads\/2020\/03\/nguyenngoctrung2.jpg\" alt=\"nguy\u1ec5n ng\u1ecdc trung tour \u0111\u00e0 l\u1ea1t\" width=\"1200\" height=\"900\" \/><br \/>\n<\/span><\/p>\n<p>&nbsp;<\/p>\n<p style=\"text-align: left;\"><img decoding=\"async\" class=\"aligncenter wp-image-4674 size-full\" src=\"https:\/\/dalatreview.vn\/wp-content\/uploads\/2020\/03\/\u0111\u00e0-l\u1ea1t.jpg\" alt=\"\" width=\"1200\" height=\"900\"><\/p>\n<p style=\"text-align: left;\"><span style=\"color: #003366;\"><strong><span style=\"font-size: 24px;\"><span class=\"_5mfr\"><span class=\"_6qdm\"><span class=\"_4yxp\">2 . \u0110i\u1ec3m \u0111\u1ebfn<\/span><\/span><\/span><\/span><\/strong><\/span><\/p>\n<p style=\"text-align: left;\"><span style=\"font-size: 20px;\">S\u1eed d\u1ee5ng tour t\u1ef1 ch\u1ecdn b\u1ea1n c\u00f3 th\u1ec3 ch\u1ecdn cho m\u00ecnh nh\u1eefng \u0111i\u1ec3m \u0111\u1ebfn y\u00eau th\u00edch nh\u1ea5t. Trong &#8220;tour \u0110\u00e0 L\u1ea1t \u1ea3o di\u1ec7u&#8221; m\u00e0 Chill \u0110\u00e0 L\u1ea1t Team gi\u1edbi thi\u1ec7u cho b\u1ea1n g\u1ed3m nh\u1eefng \u0111\u1ecba \u0111i\u1ec3m sau. Vui l\u00f2ng ch\u1ecdn cho m\u00ecnh nh\u1eefng \u0111i\u1ec3m \u01b0ng \u00fd nh\u1ea5t cho chuy\u1ebfn \u0111i nh\u00e9!<\/span><\/p>\n<p style=\"text-align: left;\"><span style=\"font-size: 20px;\"><span style=\"color: #003300;\"><span style=\"font-size: 16px;\">\u2705<\/span>L\u1ea1c ti\u00ean gi\u1edbi<\/span><\/span><\/p>\n<p style=\"text-align: left;\"><span style=\"color: #003300; font-size: 20px;\"><span style=\"font-size: 16px;\">\u2705<\/span>Trang tr\u1ea1i rau hoa<\/span><\/p>\n<p style=\"text-align: left;\"><span style=\"color: #003300; font-size: 20px;\"><span style=\"font-size: 16px;\">\u2705<\/span>Faiter land<\/span><\/p>\n<p style=\"text-align: left;\"><span style=\"color: #003300; font-size: 20px;\"><span style=\"font-size: 16px;\">\u2705<\/span>Fresh gardan<\/span><\/p>\n<p style=\"text-align: left;\"><span style=\"color: #003300; font-size: 20px;\"><span style=\"font-size: 16px;\">\u2705<\/span>Puppy farm<\/span><\/p>\n<p style=\"text-align: left;\"><span style=\"color: #003300; font-size: 20px;\"><img decoding=\"async\" class=\"aligncenter wp-image-4663 size-full\" src=\"https:\/\/dalatreview.vn\/wp-content\/uploads\/2020\/03\/collage-35.jpg\" alt=\"\" width=\"1200\" height=\"900\"><\/span><\/p>\n<p>&nbsp;<\/p>\n<p style=\"text-align: left;\"><span style=\"color: #003300; font-size: 20px;\"><span style=\"font-size: 16px;\">\u2705<\/span>Hoa S\u01a1n \u0111i\u1ec1n trang<\/span><\/p>\n<p style=\"text-align: left;\"><span style=\"color: #003300; font-size: 20px;\"><span style=\"font-size: 16px;\">\u2705<\/span>H\u1ed3 tr\u00ean m\u00e2y<\/span><\/p>\n<p style=\"text-align: left;\"><span style=\"color: #003300; font-size: 20px;\"><span style=\"font-size: 16px;\">\u2705<\/span>Thu\u1eadn Thu\u00fd coffee<\/span><\/p>\n<p style=\"text-align: left;\"><span style=\"color: #003300; font-size: 20px;\"><span style=\"font-size: 16px;\">\u2705<\/span>Dalaland. Bali thu nh\u1ecf<\/span><\/p>\n<p style=\"text-align: left;\"><span style=\"color: #003300; font-size: 20px;\"><img decoding=\"async\" class=\"aligncenter wp-image-4664 size-full\" src=\"https:\/\/dalatreview.vn\/wp-content\/uploads\/2020\/03\/collage-36.jpg\" alt=\"\" width=\"1200\" height=\"900\"><\/span><\/p>\n<p style=\"text-align: left;\"><span style=\"color: #003300; font-size: 20px;\"><span style=\"font-size: 16px;\">\u2705<\/span>M\u00ea Linh cofee<\/span><\/p>\n<p style=\"text-align: left;\"><span style=\"color: #003300; font-size: 20px;\"><span style=\"font-size: 16px;\">\u2705<\/span>Trang tr\u1ea1i d\u1ebf<\/span><\/p>\n<p style=\"text-align: left;\"><span style=\"color: #003300; font-size: 20px;\"><span style=\"font-size: 16px;\">\u2705<\/span>Nh\u00e0 m\u00e1y t\u01a1 t\u1eb1m<\/span><\/p>\n<p style=\"text-align: left;\"><span style=\"color: #003300; font-size: 20px;\"><span style=\"font-size: 16px;\">\u2705<\/span>Th\u00e1c voi<\/span><\/p>\n<p style=\"text-align: left;\"><span style=\"color: #003300; font-size: 20px;\"><img decoding=\"async\" class=\"aligncenter wp-image-4665 size-full\" src=\"https:\/\/dalatreview.vn\/wp-content\/uploads\/2020\/03\/collage-37.jpg\" alt=\"\" width=\"1200\" height=\"900\"><\/span><\/p>\n<p style=\"text-align: left;\"><span style=\"color: #003300; font-size: 20px;\"><span style=\"font-size: 16px;\">\u2705<\/span>Ch\u00f9a linh \u1ea9n<\/span><\/p>\n<p style=\"text-align: left;\"><span style=\"color: #003300; font-size: 20px;\"><span style=\"font-size: 16px;\">\u2705<\/span>B\u1ee9c t\u01b0\u1eddng c\u1ed1i xay gi\u00f3. H\u1ed3ng Kong b\u00ean h\u00f4ng \u0111\u00e0 L\u1ea1t<\/span><\/p>\n<p style=\"text-align: left;\"><span style=\"color: #003300; font-size: 20px;\"><span style=\"font-size: 16px;\">\u2705<\/span>Cao \u0111\u1eb3ng s\u01b0 ph\u1ea1m<\/span><\/p>\n<p style=\"text-align: left;\"><span style=\"color: #003300; font-size: 20px;\"><span style=\"font-size: 16px;\">\u2705<\/span>Ga xe l\u1eeda<\/span><\/p>\n<p style=\"text-align: left;\"><span style=\"color: #003300; font-size: 20px;\"><img decoding=\"async\" class=\"aligncenter wp-image-4666 size-full\" src=\"https:\/\/dalatreview.vn\/wp-content\/uploads\/2020\/03\/cao-\u0111\u1ea3ng-s\u01b0-ph\u1ea1m-1.jpg\" alt=\"\" width=\"1200\" height=\"900\"><\/span><\/p>\n<p style=\"text-align: left;\"><span style=\"color: #003300; font-size: 20px;\"><span style=\"font-size: 16px;\">\u2705<\/span>T\u00fai m\u01a1 to coffee<\/span><\/p>\n<p style=\"text-align: left;\"><span style=\"color: #003300; font-size: 20px;\"><span style=\"font-size: 16px;\">\u2705<\/span>Th\u1ecb tr\u1ea5n N\u00f4bita<\/span><\/p>\n<p style=\"text-align: left;\"><span style=\"color: #003300; font-size: 20px;\"><span class=\"_5mfr\"><span class=\"_6qdm\"><span style=\"font-size: 16px;\">\u2705<\/span>S<\/span><\/span>unny fam. L\u00e0ng v\u0169 th\u1ecb<\/span><\/p>\n<p style=\"text-align: left;\"><span style=\"color: #003300; font-size: 20px;\"><span style=\"font-size: 16px;\">\u2705<\/span>Thung l\u0169ng \u0111\u00e8n coffee<\/span><\/p>\n<p style=\"text-align: left;\"><span style=\"color: #003300; font-size: 20px;\"><span style=\"font-size: 16px;\">\u2705<\/span>Ch\u00f9a linh Ph\u01b0\u1edbc<\/span><\/p>\n<p style=\"text-align: left;\"><span style=\"color: #003300; font-size: 20px;\"><img decoding=\"async\" class=\"aligncenter wp-image-4668 size-full\" src=\"https:\/\/dalatreview.vn\/wp-content\/uploads\/2020\/03\/cao-\u0111\u1ea3ng-s\u01b0-ph\u1ea1m-2.jpg\" alt=\"\" width=\"1200\" height=\"900\"><\/span><\/p>\n<p style=\"text-align: left;\"><span style=\"color: #003300; font-size: 20px;\"><span style=\"font-size: 16px;\">\u2705<\/span>C\u00e1nh \u0111\u1ed3ng hoa C\u1ea9m T\u00fa c\u1ea7u<\/span><\/p>\n<p style=\"text-align: left;\"><span style=\"color: #003300; font-size: 20px;\"><span style=\"font-size: 16px;\">\u2705<\/span>\u0110\u01b0\u1eddng h\u1ea7m h\u1ecfa xa. Coffee su\u1ed1i H\u1ed3ng<\/span><\/p>\n<p style=\"text-align: left;\"><span style=\"color: #003300; font-size: 20px;\"><span style=\"font-size: 16px;\">\u2705<\/span>B\u1eafc thang l\u00ean h\u1ecfi \u00f4ng tr\u1eddi<\/span><\/p>\n<p style=\"text-align: left;\"><span style=\"color: #003300; font-size: 20px;\"><span style=\"font-size: 16px;\">\u2705<\/span>\u0110\u1ed3i ch\u00e8 c\u1ea7u \u0111\u1ea5t. S\u0103n m\u00e2y<\/span><\/p>\n<p style=\"text-align: left;\"><span style=\"color: #003300; font-size: 20px;\"><img decoding=\"async\" class=\"size-medium wp-image-4653 aligncenter\" src=\"https:\/\/dalatreview.vn\/wp-content\/uploads\/2020\/03\/tr\u1ea1i-m\u00e1t-c\u1ea7u-\u0111\u1ea5t-700x525.jpg\" alt=\"\" width=\"700\" height=\"525\"><\/span><\/p>\n<p style=\"text-align: left;\"><span style=\"color: #003300; font-size: 20px;\"><span style=\"font-size: 16px;\">\u2705<\/span>H\u1ed3ng treo gi\u00f3<span class=\"_5mfr\"><span class=\"_6qdm\"><br \/>\n<\/span><\/span><span style=\"font-size: 16px;\">\u2705<\/span>M\u1ed9c tr\u00e0 fam coffee<\/span><br \/>\n<span style=\"color: #003300; font-size: 20px;\"><span style=\"font-size: 16px;\">\u2705<\/span>Ng\u00f4i nh\u00e0 k\u1ef3 qu\u00e1i<\/span><br \/>\n<span style=\"color: #003300; font-size: 20px;\"><span style=\"font-size: 16px;\">\u2705<\/span>X\u01b0\u1edfng kem hoa. Tri\u1ec7u \u0111\u00f3a H\u1ed3ng coffee<\/span><\/p>\n<p style=\"text-align: left;\"><span style=\"color: #003300; font-size: 20px;\"><img decoding=\"async\" class=\"aligncenter wp-image-4654 size-full\" src=\"https:\/\/dalatreview.vn\/wp-content\/uploads\/2020\/03\/c\u1ea7u-\u0111\u1ea5t.jpg\" alt=\"\" width=\"1200\" height=\"900\"><\/span><\/p>\n<p style=\"text-align: left;\"><span style=\"color: #003300; font-size: 20px;\"><span style=\"font-size: 16px;\">\u2705<\/span>Dinh 3<\/span><br \/>\n<span style=\"color: #003300; font-size: 20px;\"><span style=\"font-size: 16px;\">\u2705<\/span>nh\u00e0 th\u1edd domandermari<\/span><br \/>\n<span style=\"color: #003300; font-size: 20px;\"><span style=\"font-size: 16px;\">\u2705<\/span>\u0110\u01b0\u1eddng h\u1ea7m \u0111i\u00eau kh\u1eafc. H\u1ed3 v\u00f4 c\u1ef1c<\/span><br \/>\n<span style=\"color: #003300; font-size: 20px;\"><span style=\"font-size: 16px;\">\u2705<\/span>L\u00e0ng x\u00ec trum. H\u1ea7m r\u01b0\u1ee3u vang 7 m\u00e0u<\/span><\/p>\n<p style=\"text-align: left;\"><span style=\"color: #003300; font-size: 20px;\"><img decoding=\"async\" class=\"aligncenter wp-image-4656 size-full\" src=\"https:\/\/dalatreview.vn\/wp-content\/uploads\/2020\/03\/h\u01b0\u1edbng-h\u1ed3-tuy\u1ec1n-l\u00e2m.jpg\" alt=\"\" width=\"1200\" height=\"900\"><\/span><\/p>\n<p style=\"text-align: left;\"><span style=\"color: #003300; font-size: 20px;\"><span style=\"font-size: 16px;\">\u2705<\/span>Thi\u1ec1n vi\u1ec7n tr\u00fac l\u00e2m<\/span><br \/>\n<span style=\"color: #003300; font-size: 20px;\"><span style=\"font-size: 16px;\">\u2705<\/span>Happy hill<\/span><br \/>\n<span style=\"color: #003300; font-size: 20px;\"><span style=\"font-size: 16px;\">\u2705<\/span>Th\u00e1c datanla<\/span><br \/>\n<span style=\"color: #003300; font-size: 20px;\"><span style=\"font-size: 16px;\">\u2705<\/span>Th\u00e1c prenn<\/span><\/p>\n<p style=\"text-align: left;\"><span style=\"color: #003300; font-size: 20px;\"><img decoding=\"async\" class=\"aligncenter wp-image-4657 size-full\" src=\"https:\/\/dalatreview.vn\/wp-content\/uploads\/2020\/03\/th\u00e1c.jpg\" alt=\"\" width=\"1200\" height=\"900\"><\/span><\/p>\n<p style=\"text-align: left;\"><span style=\"color: #003300; font-size: 20px;\"><span style=\"font-size: 16px;\">\u2705<\/span>Trang tr\u1ea1i ch\u1ed3n h\u01b0\u01a1ng. C\u00e0 ph\u00ea ch\u1ed3n ph\u00fa an<\/span><br \/>\n<span style=\"color: #003300; font-size: 20px;\"><span style=\"font-size: 16px;\">\u2705<\/span>Kombi land coffee<\/span><br \/>\n<span style=\"color: #003300; font-size: 20px;\"><span style=\"font-size: 16px;\">\u2705<\/span>S\u1ee9 s\u1edf th\u1ea7n ti\u00ean coffee<\/span><br \/>\n<span style=\"color: #003300; font-size: 20px;\"><span style=\"font-size: 16px;\">\u2705<\/span>Khu du l\u1ecbch canh n\u00f4ng \u0111\u00e0 L\u1ea1t noad<\/span><\/p>\n<p style=\"text-align: left;\"><span style=\"color: #003300; font-size: 20px;\"><img decoding=\"async\" class=\"aligncenter wp-image-4659 size-full\" src=\"https:\/\/dalatreview.vn\/wp-content\/uploads\/2020\/03\/mimosa.jpg\" alt=\"\" width=\"1200\" height=\"900\"><\/span><\/p>\n<p style=\"text-align: left;\"><span style=\"color: #003300; font-size: 20px;\"><span style=\"font-size: 16px;\">\u2705<\/span>F c\u00e1nh \u0111\u1ed3ng hoa<\/span><br \/>\n<span style=\"color: #003300; font-size: 20px;\"><span style=\"font-size: 16px;\">\u2705<\/span>Qu\u00ea gaden<\/span><br \/>\n<span style=\"color: #003300; font-size: 20px;\"><span style=\"font-size: 16px;\">\u2705<\/span>V\u01b0\u1eddn th\u01b0\u1ee3ng uy\u1ec3n bay<\/span><br \/>\n<span style=\"color: #003300; font-size: 20px;\"><span style=\"font-size: 16px;\">\u2705<\/span>B\u00e0n xoay ma qu\u00e1i<\/span><\/p>\n<p style=\"text-align: left;\"><span style=\"color: #003300; font-size: 20px;\"><img decoding=\"async\" class=\"aligncenter wp-image-4669 size-full\" src=\"https:\/\/dalatreview.vn\/wp-content\/uploads\/2020\/03\/cao-\u0111\u1ea3ng-s\u01b0-ph\u1ea1m-3.jpg\" alt=\"\" width=\"1200\" height=\"900\"><\/span><\/p>\n<p style=\"text-align: left;\"><span style=\"color: #003300; font-size: 20px;\"><span style=\"font-size: 16px;\">\u2705<\/span>Ch\u00f9a thi\u00ean v\u01b0\u01a1ng c\u1ed5 s\u00e1t<\/span><br \/>\n<span style=\"color: #003300; font-size: 20px;\"><span style=\"font-size: 16px;\">\u2705<\/span>C\u1ed5ng tr\u1eddi \u0111\u00e0 L\u1ea1t. \u0110\u00e0 L\u1ea1t view<\/span><br \/>\n<span style=\"color: #003300; font-size: 20px;\"><span style=\"font-size: 16px;\">\u2705<\/span>Hi\u1ec7p kh\u00e1ch l\u1ea7u coffee<\/span><br \/>\n<span style=\"color: #003300; font-size: 20px;\"><span style=\"font-size: 16px;\">\u2705<\/span>V\u01b0\u1eddn hoa th\u00e0nh ph\u1ed1<\/span><\/p>\n<p style=\"text-align: left;\"><span style=\"color: #003300; font-size: 20px;\"><img decoding=\"async\" class=\"aligncenter wp-image-4670 size-full\" src=\"https:\/\/dalatreview.vn\/wp-content\/uploads\/2020\/03\/cao-\u0111\u1ea3ng-s\u01b0-ph\u1ea1m-4.jpg\" alt=\"\" width=\"1200\" height=\"900\"><\/span><\/p>\n<p style=\"text-align: left;\"><span style=\"color: #003300; font-size: 20px;\"><span style=\"font-size: 16px;\">\u2705<\/span>Thung l\u0169ng t\u00ecnh y\u00eau<span class=\"_5mfr\"><span class=\"_6qdm\"><br \/>\n<\/span><\/span><span style=\"font-size: 16px;\">\u2705<\/span>XQ s\u1eed qu\u00e1n<\/span><br \/>\n<span style=\"color: #003300; font-size: 20px;\"><span style=\"font-size: 16px;\">\u2705<\/span>R\u1eebng hoa<\/span><br \/>\n<span style=\"color: #003300; font-size: 20px;\"><span style=\"font-size: 16px;\">\u2705<\/span>LangBiang<\/span><\/p>\n<p style=\"text-align: left;\"><span style=\"color: #003300; font-size: 20px;\"><img decoding=\"async\" class=\"aligncenter wp-image-4672 size-full\" src=\"https:\/\/dalatreview.vn\/wp-content\/uploads\/2020\/03\/collage-39.jpg\" alt=\"langbiang, XQ s\u1eed qu\u00e1n, thung l\u0169ng t\u00ecnh y\u00eau\" width=\"1200\" height=\"900\" \/><\/span><\/p>\n<p style=\"text-align: left;\"><span style=\"color: #003300; font-size: 20px;\"><span style=\"font-size: 16px;\">\u2705<\/span>Trang tr\u1ea1i d\u00e2u li\u00ean h\u1eb1ng<\/span><br \/>\n<span style=\"color: #003300; font-size: 20px;\"><span style=\"font-size: 16px;\">\u2705<\/span>Thung l\u0169ng v\u00e0ng<\/span><br \/>\n<span style=\"color: #003300; font-size: 20px;\"><span style=\"font-size: 16px;\">\u2705<\/span>C\u00e2y th\u00f4ng c\u00f4 \u0111\u01a1n.<\/span><br \/>\n<span style=\"color: #003300; font-size: 20px;\"><span style=\"font-size: 16px;\">\u2705<\/span>\u0110\u1ed3i c\u1ecf H\u1ed3ng<\/span><br \/>\n<span style=\"color: #003300; font-size: 20px;\"><span style=\"font-size: 16px;\">\u2705<\/span>L\u00e0ng c\u00f9 l\u1ea7n<\/span><br \/>\n<span style=\"color: #003300; font-size: 20px;\"><span style=\"font-size: 16px;\">\u2705<\/span>Tuy\u1ec7t t\u00ecnh c\u1ed1c<\/span><\/p>\n<p style=\"text-align: left;\"><img decoding=\"async\" class=\"aligncenter wp-image-4673 size-full\" src=\"https:\/\/dalatreview.vn\/wp-content\/uploads\/2020\/03\/collage-40.jpg\" alt=\"\" width=\"1200\" height=\"900\"><\/p>\n<p>&nbsp;<\/p>\n<p style=\"text-align: left;\"><span style=\"font-size: 24px; color: #003366;\"><strong>3 . D\u1ecbch v\u1ee5<\/strong><\/span><\/p>\n<p><span style=\"font-size: 20px;\">\u0110\u1ebfn v\u1edbi Chill \u0110\u00e0 L\u1ea1t Team b\u1ea1n \u0111\u01b0\u1ee3c cung c\u1ea5p nh\u1eefng d\u1ecbch v\u1ee5 ti\u1ec7n \u00edch nh\u1ea5t bao g\u1ed3m:<\/span><\/p>\n<p style=\"text-align: left;\"><span style=\"font-size: 20px;\">D\u1ecbch vu\u0323 \u0111\u01b0a \u0111o\u0301n: S\u00e2n bay Li\u00ean Kh\u01b0\u01a1ng xe 4 ch\u1ed7, 7 ch\u1ed7<\/span><\/p>\n<p style=\"text-align: left;\"><span style=\"font-size: 20px;\">T\u00e0i x\u00ea\u0301: kinh nghi\u00ea\u0323m \u0111\u01b0\u01a1\u0300ng \u0111e\u0300o d\u00f4\u0301c<\/span><\/p>\n<p style=\"text-align: left;\"><span style=\"font-size: 20px;\">H\u01b0\u1edbng d\u1eabn vi\u00ean: Nhi\u1ec7t t\u00ecnh, t\u00e2m huy\u1ebft<\/span><\/p>\n<p style=\"text-align: left;\"><span style=\"font-size: 20px;\">Ch\u1ec9 d\u1eabn \u0111\u1ecba \u0111i\u1ec3m \u0103n u\u1ed1ng: B\u1ea1n \u0111\u01b0\u1ee3c h\u01b0\u1edbng d\u1eabn vi\u00ean gi\u1edbi thi\u1ec7u nh\u1eefng \u0111\u1ecba \u0111i\u1ec3m \u0103n u\u1ed1ng g\u1ea7n, ch\u1ea5t l\u01b0\u1ee3ng<\/span><\/p>\n<h2 style=\"text-align: left;\" id=\"4-lien-he\"><span style=\"color: #003366;\">4. Li\u1ec7n H\u1ec7<\/span><\/h2>\n<p style=\"text-align: left;\"><span style=\"font-size: 20px;\"><span style=\"font-size: 16px;\">\u2705<\/span>S\u1ed1 \u0111i\u1ec7n tho\u1ea1i : 0945222215 (Mr. Nguy\u1ec5n Ng\u1ecdc Trung)<\/span><\/p>\n<p><span style=\"font-size: 20px;\"><span style=\"font-size: 16px;\">\u2705<\/span>Facebook: <a title=\"Nguy\u1ec5n Ng\u1ecdc Trung\" href=\"https:\/\/www.facebook.com\/profile.php?id=100004640594996\" target=\"_blank\" rel=\"noopener\">Nguy\u1ec5n Ng\u1ecdc Trung<\/a><\/span><\/p>\n<p style=\"text-align: left;\">","protected":false},"excerpt":{"rendered":"<p>Danh m\u1ee5c ch\u00ednh Nguy\u1ec5n Ng\u1ecdc Trung Tour 1. Gi\u1edbi thi\u1ec7u 4. Li\u1ec7n H\u1ec7 Nguy\u1ec5n Ng\u1ecdc Trung Tour &nbsp; 1. Gi\u1edbi thi\u1ec7u \u0110\u1ebfn v\u1edbi tour Nguy\u1ec5n Ng\u1ecdc Trung t\u1ef1 ch\u1ecdn m\u1ed9t ng\u00e0y t\u1ea1i \u0110\u00e0 L\u1ea1t b\u1ea1n \u0111\u01b0\u1ee3c t\u1ef1 ch\u1ecdn cho m\u00ecnh nh\u1eefng \u0111\u1ecba \u0111i\u1ec3m th\u00fa v\u1ecb nh\u1ea5t. B\u00ean c\u1ea1nh \u0111\u00f3 b\u1ea1n c\u00f2n \u0111\u01b0\u1ee3c h\u01b0\u1edbng d\u1eabn vi\u00ean [&hellip;]<\/p>","protected":false},"featured_media":4846,"comment_status":"open","ping_status":"closed","template":"","meta":{"_acf_changed":false,"rank_math_lock_modified_date":false},"product_cat":[26,1050],"product_tag":[],"acf":[],"_links":{"self":[{"href":"https:\/\/dalatreview.vn\/en\/wp-json\/wp\/v2\/product\/4568"}],"collection":[{"href":"https:\/\/dalatreview.vn\/en\/wp-json\/wp\/v2\/product"}],"about":[{"href":"https:\/\/dalatreview.vn\/en\/wp-json\/wp\/v2\/types\/product"}],"replies":[{"embeddable":true,"href":"https:\/\/dalatreview.vn\/en\/wp-json\/wp\/v2\/comments?post=4568"}],"wp:featuredmedia":[{"embeddable":true,"href":"https:\/\/dalatreview.vn\/en\/wp-json\/wp\/v2\/media\/4846"}],"wp:attachment":[{"href":"https:\/\/dalatreview.vn\/en\/wp-json\/wp\/v2\/media?parent=4568"}],"wp:term":[{"taxonomy":"product_cat","embeddable":true,"href":"https:\/\/dalatreview.vn\/en\/wp-json\/wp\/v2\/product_cat?post=4568"},{"taxonomy":"product_tag","embeddable":true,"href":"https:\/\/dalatreview.vn\/en\/wp-json\/wp\/v2\/product_tag?post=4568"}],"curies":[{"name":"wp","href":"https:\/\/api.w.org\/{rel}","templated":true}]}}