
{"id":45662,"date":"2024-11-08T11:53:01","date_gmt":"2024-11-08T04:53:01","guid":{"rendered":"https:\/\/dalatreview.vn\/?post_type=product&#038;p=45662"},"modified":"2025-02-18T11:44:25","modified_gmt":"2025-02-18T04:44:25","slug":"ve-tham-quan-kdl-dapa-hill-dalat","status":"publish","type":"product","link":"https:\/\/dalatreview.vn\/en\/ve-tham-quan-kdl-dapa-hill-dalat.html","title":{"rendered":"V\u00e9 tham quan KDL Dapa Hill &#8211; Dalat"},"content":{"rendered":"<nav class=\"vietrick-auto-toc\">\n<div class=\"box-title\">\n<h3 class=\"toc-title\" id=\"select-menu\">Danh m\u1ee5c ch\u00ednh<\/h3>\n<div><ion-icon name=\"chevron-up-outline\"><\/ion-icon><\/div>\n<\/div>\n<ul class=\"toc-list\"><\/ul>\n<li><a href='https:\/\/dalatreview.vn\/en#ve-tham-quan-kdl-dapa-hill-dalat' class='heading-h1 toc-link smooth-scroll'>V\u00e9 tham quan KDL Dapa Hill &#8211; Dalat<\/a>\n<ul>\n<li><a href='https:\/\/dalatreview.vn\/en#1-thong-tin-kdl-dapa-hill-dalat' class='heading-h2 toc-link smooth-scroll'>1. Th\u00f4ng tin KDL Dapa Hill &#8211; Dalat\u00a0<\/a>\n<li><a href='https:\/\/dalatreview.vn\/en#2-co-gi-tai-kdl-dapa-hill-dalat' class='heading-h2 toc-link smooth-scroll'>2. C\u00f3 g\u00ec t\u1ea1i KDL Dapa Hill &#8211; Dalat\u00a0<\/a>\n<li><a href='https:\/\/dalatreview.vn\/en#3-thong-tin-dat-ve-tham-quan-kdl-dapa-hill-dalat' class='heading-h2 toc-link smooth-scroll'>3. Th\u00f4ng tin \u0111\u1eb7t v\u00e9 tham quan KDL Dapa Hill &#8211; Dalat<\/a><\/ul>\n<\/ul>\n<\/li>\n<\/ul>\n<\/nav>\n<h1 style=\"text-align: center;\" id=\"ve-tham-quan-kdl-dapa-hill-dalat\"><span style=\"color: #003300;\"><strong>V\u00e9 tham quan KDL Dapa Hill &#8211; Dalat<\/strong><\/span><\/h1>\n<p>M\u1ed9t \u0111\u1ecba \u0111i\u1ec3m du l\u1ecbch m\u1edbi tinh t\u1ea1i Th\u00e0nh Ph\u1ed1 Ng\u00e0n Hoa v\u1edbi phong c\u00e1ch x\u00e2y d\u1ef1ng v\u00f4 c\u00f9ng \u0111\u1ed9c \u0111\u00e1o, l\u1ea5y ch\u1ee7 \u0111\u1ec1 l\u00e0 c\u00e1c ki\u1ebfn tr\u00fac c\u1ee7a v\u0103n h\u00f3a T\u00e2y B\u1eafc k\u1ebft h\u1ee3p c\u00f9ng ho\u1ea1t \u0111\u1ed9ng vui ch\u01a1i tr\u1ea3i nghi\u1ec7m m\u00e1ng tr\u01b0\u1ee3t b\u1ea3y s\u1eafc c\u1ea7u v\u00f2ng b\u1eb1ng phao h\u01a1i l\u1ea7n \u0111\u1ea7u ti\u00ean c\u00f3 m\u1eb7t t\u1ea1i \u0110\u00e0 L\u1ea1t.<\/p>\n<p><img decoding=\"async\" class=\"size-full wp-image-45675 aligncenter\" src=\"https:\/\/dalatreview.vn\/wp-content\/uploads\/2024\/11\/z6011404298357_589365df52004906302131ff372e81b4.jpg\" alt=\"KDL Dapa Hill - Dalat\" width=\"2048\" height=\"1365\" srcset=\"https:\/\/dalatreview.vn\/wp-content\/uploads\/2024\/11\/z6011404298357_589365df52004906302131ff372e81b4.jpg 2048w, https:\/\/dalatreview.vn\/wp-content\/uploads\/2024\/11\/z6011404298357_589365df52004906302131ff372e81b4-1024x683.jpg 1024w, https:\/\/dalatreview.vn\/wp-content\/uploads\/2024\/11\/z6011404298357_589365df52004906302131ff372e81b4-768x512.jpg 768w, https:\/\/dalatreview.vn\/wp-content\/uploads\/2024\/11\/z6011404298357_589365df52004906302131ff372e81b4-1536x1024.jpg 1536w, https:\/\/dalatreview.vn\/wp-content\/uploads\/2024\/11\/z6011404298357_589365df52004906302131ff372e81b4-600x400.jpg 600w\" sizes=\"(max-width: 2048px) 100vw, 2048px\" \/><\/p>\n<p>H\u00e3y c\u00f9ng \u0110\u00e0 L\u1ea1t t\u00ecm hi\u1ec3u xem \u0111\u1ecba \u0111i\u1ec3m n\u00e0o \u0111ang m\u01b0a l\u00e0m gi\u00f3 trong c\u1ed9ng \u0111\u1ed3ng du l\u1ecbch \u0110\u00e0 L\u1ea1t nh\u1eefng ng\u00e0y qua nh\u00e9!<\/p>\n<h2 id=\"1-thong-tin-kdl-dapa-hill-dalat\"><span style=\"color: #003300;\"><strong>1. Th\u00f4ng tin KDL Dapa Hill &#8211; Dalat\u00a0<\/strong><\/span><\/h2>\n<p>Nh\u1eb1m ti\u1ebft ki\u1ec7m th\u1eddi gian, gi\u1ea3m thi\u1ec3u chi ph\u00ed du l\u1ecbch v\u00e0 \u0111\u01b0\u1ee3c tho\u1ea3i m\u00e1i tr\u1ea3i nghi\u1ec7m c\u00e1c d\u1ecbch v\u1ee5 b\u1ea1n c\u00f3 th\u1ec3 t\u1ea3i app v\u00e0 book v\u00e9 qua<span style=\"color: #ff0000;\">\u00a0<strong><a style=\"color: #ff0000;\" href=\"https:\/\/www.dalatreview.com\/kdl-dapa-hill-dalat\" target=\"_blank\" rel=\"noopener\">\u1ee8ng d\u1ee5ng \u0110\u00e0 L\u1ea1t Review T\u1ea5t T\u1ea7n T\u1eadt<\/a><\/strong><\/span>\u00a0tr\u00ean Mobile<\/p>\n<p><img decoding=\"async\" class=\"size-full wp-image-45667 aligncenter\" src=\"https:\/\/dalatreview.vn\/wp-content\/uploads\/2024\/11\/z6011321472461_09c64f31a62d1d798f38716625aff1ad.jpg\" alt=\"KDL Dapa Hill Dalat\" width=\"2560\" height=\"1707\" srcset=\"https:\/\/dalatreview.vn\/wp-content\/uploads\/2024\/11\/z6011321472461_09c64f31a62d1d798f38716625aff1ad.jpg 2560w, https:\/\/dalatreview.vn\/wp-content\/uploads\/2024\/11\/z6011321472461_09c64f31a62d1d798f38716625aff1ad-1024x683.jpg 1024w, https:\/\/dalatreview.vn\/wp-content\/uploads\/2024\/11\/z6011321472461_09c64f31a62d1d798f38716625aff1ad-768x512.jpg 768w, https:\/\/dalatreview.vn\/wp-content\/uploads\/2024\/11\/z6011321472461_09c64f31a62d1d798f38716625aff1ad-1536x1024.jpg 1536w, https:\/\/dalatreview.vn\/wp-content\/uploads\/2024\/11\/z6011321472461_09c64f31a62d1d798f38716625aff1ad-2048x1366.jpg 2048w, https:\/\/dalatreview.vn\/wp-content\/uploads\/2024\/11\/z6011321472461_09c64f31a62d1d798f38716625aff1ad-600x400.jpg 600w\" sizes=\"(max-width: 2560px) 100vw, 2560px\" \/><\/p>\n<p>Khi t\u1ea3i \u1ee9ng d\u1ee5ng \u0110\u00e0 L\u1ea1t Review T\u1ea5t T\u1ea7n T\u1eadt b\u1ea1n s\u1ebd nh\u1eadn \u0111\u01b0\u1ee3c r\u1ea5t nhi\u1ec1u \u01b0u \u0111\u00e3i h\u1ea5p d\u1eabn kh\u00e1c \u0111ang ch\u1edd \u0111\u00f3n.<\/p>\n<p><img decoding=\"async\" class=\"size-full wp-image-45677 aligncenter\" src=\"https:\/\/dalatreview.vn\/wp-content\/uploads\/2024\/11\/z6011475415178_aee785a41404bbfa30f6618439aa9eed.jpg\" alt=\"KDL Dapa Hill Dalat \" width=\"2560\" height=\"1707\" srcset=\"https:\/\/dalatreview.vn\/wp-content\/uploads\/2024\/11\/z6011475415178_aee785a41404bbfa30f6618439aa9eed.jpg 2560w, https:\/\/dalatreview.vn\/wp-content\/uploads\/2024\/11\/z6011475415178_aee785a41404bbfa30f6618439aa9eed-1024x683.jpg 1024w, https:\/\/dalatreview.vn\/wp-content\/uploads\/2024\/11\/z6011475415178_aee785a41404bbfa30f6618439aa9eed-768x512.jpg 768w, https:\/\/dalatreview.vn\/wp-content\/uploads\/2024\/11\/z6011475415178_aee785a41404bbfa30f6618439aa9eed-1536x1024.jpg 1536w, https:\/\/dalatreview.vn\/wp-content\/uploads\/2024\/11\/z6011475415178_aee785a41404bbfa30f6618439aa9eed-2048x1366.jpg 2048w, https:\/\/dalatreview.vn\/wp-content\/uploads\/2024\/11\/z6011475415178_aee785a41404bbfa30f6618439aa9eed-600x400.jpg 600w\" sizes=\"(max-width: 2560px) 100vw, 2560px\" \/><\/p>\n<p>KDL Dapa Hill &#8211; Dalat m\u1ed9t \u0111\u1ecba \u0111i\u1ec3m du l\u1ecbch m\u1edbi t\u1ea1i \u0110\u00e0 L\u1ea1t \u0111ang g\u00e2y s\u1ed1t c\u1ed9ng \u0111\u1ed3ng du l\u1ecbch nh\u1eefng ng\u00e0y qua b\u1edfi s\u1ef1 k\u1ebft h\u1ee3p gi\u1eefa kh\u00f4ng gian mang \u0111\u1eadm n\u00e9t T\u00e2y B\u1eafc c\u00f9ng ti\u1ec3u c\u1ea3nh \u0111\u1eb9p m\u1eaft, khu \u0111\u1ed3i hoa r\u1ed9ng l\u1edbn, tr\u00f2 ch\u01a1i kh\u00f4 n\u1ed5i th\u00fa v\u1ecb Air Slide v\u00e0 v\u01b0\u1eddn th\u00fa \u0111a d\u1ea1ng c\u00e1c lo\u00e0i v\u1eadt.\u00a0<\/p>\n<p><img decoding=\"async\" class=\"size-full wp-image-45666 aligncenter\" src=\"https:\/\/dalatreview.vn\/wp-content\/uploads\/2024\/11\/396370920_820476730078915_1083028462353809470_n.jpg\" alt=\"KDL Dapa Hill Dalat\" width=\"2048\" height=\"1366\" srcset=\"https:\/\/dalatreview.vn\/wp-content\/uploads\/2024\/11\/396370920_820476730078915_1083028462353809470_n.jpg 2048w, https:\/\/dalatreview.vn\/wp-content\/uploads\/2024\/11\/396370920_820476730078915_1083028462353809470_n-1024x683.jpg 1024w, https:\/\/dalatreview.vn\/wp-content\/uploads\/2024\/11\/396370920_820476730078915_1083028462353809470_n-768x512.jpg 768w, https:\/\/dalatreview.vn\/wp-content\/uploads\/2024\/11\/396370920_820476730078915_1083028462353809470_n-1536x1025.jpg 1536w, https:\/\/dalatreview.vn\/wp-content\/uploads\/2024\/11\/396370920_820476730078915_1083028462353809470_n-600x400.jpg 600w\" sizes=\"(max-width: 2048px) 100vw, 2048px\" \/><\/p>\n<p>\u0110\u1ecba \u0111i\u1ec3m du l\u1ecbch n\u00e0y t\u1ecda l\u1ea1c t\u1ea1i \u0111\u01b0\u1eddng v\u00e0o khu du l\u1ecbch T\u00e0 Nung v\u00e0 n\u1eb1m si\u00eau g\u1ea7n c\u00e1c \u0111i\u1ec3m du l\u1ecbch n\u1ed5i ti\u1ebfng kh\u00e1c \u1edf \u0110\u00e0 L\u1ea1t nh\u01b0 Th\u00e1c Pongour, M\u00ea Linh Coffee Garden, Th\u00fay Thu\u1eadn, Thung l\u0169ng hoa T\u00e0 Nung,\u2026 v\u00e0 nhi\u1ec1u \u0111i\u1ec3m tham quan kh\u00e1c.<\/p>\n<p><img decoding=\"async\" class=\"size-full wp-image-45679 aligncenter\" src=\"https:\/\/dalatreview.vn\/wp-content\/uploads\/2024\/11\/z6011476158391_9c107625c7d6639bdc2206c9d9a410f5.jpg\" alt=\"kh\u00f4ng gian KDL Dapa Hill\" width=\"2560\" height=\"1707\" srcset=\"https:\/\/dalatreview.vn\/wp-content\/uploads\/2024\/11\/z6011476158391_9c107625c7d6639bdc2206c9d9a410f5.jpg 2560w, https:\/\/dalatreview.vn\/wp-content\/uploads\/2024\/11\/z6011476158391_9c107625c7d6639bdc2206c9d9a410f5-1024x683.jpg 1024w, https:\/\/dalatreview.vn\/wp-content\/uploads\/2024\/11\/z6011476158391_9c107625c7d6639bdc2206c9d9a410f5-768x512.jpg 768w, https:\/\/dalatreview.vn\/wp-content\/uploads\/2024\/11\/z6011476158391_9c107625c7d6639bdc2206c9d9a410f5-1536x1024.jpg 1536w, https:\/\/dalatreview.vn\/wp-content\/uploads\/2024\/11\/z6011476158391_9c107625c7d6639bdc2206c9d9a410f5-2048x1366.jpg 2048w, https:\/\/dalatreview.vn\/wp-content\/uploads\/2024\/11\/z6011476158391_9c107625c7d6639bdc2206c9d9a410f5-600x400.jpg 600w\" sizes=\"(max-width: 2560px) 100vw, 2560px\" \/><\/p>\n<p>Khi b\u01b0\u1edbc ch\u00e2n v\u00e0o KDL Dapa Hill &#8211; Dalat, b\u1ea1n s\u1ebd \u0111\u01b0\u1ee3c t\u1eadn m\u1eaft m\u00ecnh chi\u00eam ng\u01b0\u1ee1ng tr\u1ecdn v\u1eb9n v\u1ebb \u0111\u1eb9p h\u00f9ng v\u0129 c\u1ee7a n\u00fai r\u1eebng T\u00e2y Nguy\u00ean h\u00f2a quy\u1ec7n v\u1edbi s\u1ef1 \u0111\u01a1n gi\u1ea3n, r\u1ef1c r\u1ee1 c\u1ee7a v\u01b0\u1eddn hoa v\u00e0 ti\u1ec3u c\u1ea3nh th\u00fa v\u1ecb.<\/p>\n<p><img decoding=\"async\" class=\"size-full wp-image-45680 aligncenter\" src=\"https:\/\/dalatreview.vn\/wp-content\/uploads\/2024\/11\/z6011476321130_e6d24d3fec22fb333a87fe1b7745f6b5.jpg\" alt=\"KDL Dapa Hill\" width=\"2560\" height=\"1707\" srcset=\"https:\/\/dalatreview.vn\/wp-content\/uploads\/2024\/11\/z6011476321130_e6d24d3fec22fb333a87fe1b7745f6b5.jpg 2560w, https:\/\/dalatreview.vn\/wp-content\/uploads\/2024\/11\/z6011476321130_e6d24d3fec22fb333a87fe1b7745f6b5-1024x683.jpg 1024w, https:\/\/dalatreview.vn\/wp-content\/uploads\/2024\/11\/z6011476321130_e6d24d3fec22fb333a87fe1b7745f6b5-768x512.jpg 768w, https:\/\/dalatreview.vn\/wp-content\/uploads\/2024\/11\/z6011476321130_e6d24d3fec22fb333a87fe1b7745f6b5-1536x1024.jpg 1536w, https:\/\/dalatreview.vn\/wp-content\/uploads\/2024\/11\/z6011476321130_e6d24d3fec22fb333a87fe1b7745f6b5-2048x1366.jpg 2048w, https:\/\/dalatreview.vn\/wp-content\/uploads\/2024\/11\/z6011476321130_e6d24d3fec22fb333a87fe1b7745f6b5-600x400.jpg 600w\" sizes=\"(max-width: 2560px) 100vw, 2560px\" \/><\/p>\n<p>Nh\u1eefng c\u00e1nh \u0111\u1ed3ng r\u1ed9ng l\u1edbn tr\u00e0n ng\u1eadp hoa \u0111\u1eb9p v\u1edbi m\u00e0u s\u1eafc t\u01b0\u01a1i t\u1eafn. Khu tr\u01b0\u1ee3t v\u00e1n kh\u00f4 \u0111\u1ea7y m\u00e0u s\u1eafc c\u00f9ng ti\u1ec3u c\u1ea3nh c\u1ed1i xay n\u01b0\u1edbc sinh \u0111\u1ed9ng. T\u1ea5t c\u1ea3 t\u1ea1o n\u00ean m\u1ed9t kh\u00f4ng gian m\u00eanh m\u00f4ng v\u00e0 l\u00f4i cu\u1ed1n.\u00a0<\/p>\n<p><img decoding=\"async\" class=\"size-full wp-image-45673 aligncenter\" src=\"https:\/\/dalatreview.vn\/wp-content\/uploads\/2024\/11\/z6011404289140_8bf48ac0d04b80203f2a22210b7d13e4.jpg\" alt=\"KDL Dapa Hill Dalat\" width=\"2048\" height=\"1366\" srcset=\"https:\/\/dalatreview.vn\/wp-content\/uploads\/2024\/11\/z6011404289140_8bf48ac0d04b80203f2a22210b7d13e4.jpg 2048w, https:\/\/dalatreview.vn\/wp-content\/uploads\/2024\/11\/z6011404289140_8bf48ac0d04b80203f2a22210b7d13e4-1024x683.jpg 1024w, https:\/\/dalatreview.vn\/wp-content\/uploads\/2024\/11\/z6011404289140_8bf48ac0d04b80203f2a22210b7d13e4-768x512.jpg 768w, https:\/\/dalatreview.vn\/wp-content\/uploads\/2024\/11\/z6011404289140_8bf48ac0d04b80203f2a22210b7d13e4-1536x1025.jpg 1536w, https:\/\/dalatreview.vn\/wp-content\/uploads\/2024\/11\/z6011404289140_8bf48ac0d04b80203f2a22210b7d13e4-600x400.jpg 600w\" sizes=\"(max-width: 2048px) 100vw, 2048px\" \/><\/p>\n<p>\u0110\u1ecba \u0111i\u1ec3m du l\u1ecbch n\u00e0y kh\u00f4ng ch\u1ec9 n\u1ed5i ti\u1ebfng v\u1edbi c\u1ea3nh quan thi\u00ean nhi\u00ean tuy\u1ec7t \u0111\u1eb9p m\u00e0 c\u00f2n n\u1ed5i b\u1eadt\u00a0 v\u1edbi nh\u1eefng ti\u1ec3u c\u1ea3nh \u0111\u1ed9c \u0111\u00e1o \u0111\u01b0\u1ee3c b\u00e0i tr\u00ed t\u1ec9 m\u1ec9. V\u1edbi s\u1ef1 giao thoa c\u1ee7a r\u1eebng th\u00f4ng m\u00e1t m\u1ebb v\u00e0 nh\u1eefng ng\u1ecdn \u0111\u1ed3i xanh t\u01b0\u01a1i, Dapa Hill t\u1ea1o n\u00ean m\u1ed9t kh\u00f4ng gian y\u00ean b\u00ecnh v\u00e0 t\u0129nh l\u1eb7ng<\/p>\n<h2 id=\"2-co-gi-tai-kdl-dapa-hill-dalat\"><span style=\"color: #003300;\"><strong>2. C\u00f3 g\u00ec t\u1ea1i KDL Dapa Hill &#8211; Dalat\u00a0<\/strong><\/span><\/h2>\n<p>KDL Dapa Hill &#8211; Dalat \u0111\u01b0\u1ee3c l\u00ean \u00fd t\u01b0\u1edfng thi\u1ebft k\u1ebf v\u1edbi concept \u0111\u1ed9c \u0111\u00e1o, k\u1ebft h\u1ee3p gi\u1eefa ch\u1ea5t T\u00e2y B\u1eafc v\u00e0 phong c\u00e1ch Ch\u00e2u \u00c2u, t\u1ea1o ra m\u1ed9t kh\u00f4ng gian \u0111\u1ed9c \u0111\u00e1o v\u00e0 h\u1ea5p d\u1eabn.\u00a0<\/p>\n<p><img decoding=\"async\" class=\"size-full wp-image-45678 aligncenter\" src=\"https:\/\/dalatreview.vn\/wp-content\/uploads\/2024\/11\/z6011475763460_35b6cd2bba6ae6e3612114525ce4cf73.jpg\" alt=\"check in t\u1ea1i KDL Dapa Hill\" width=\"2560\" height=\"1707\" srcset=\"https:\/\/dalatreview.vn\/wp-content\/uploads\/2024\/11\/z6011475763460_35b6cd2bba6ae6e3612114525ce4cf73.jpg 2560w, https:\/\/dalatreview.vn\/wp-content\/uploads\/2024\/11\/z6011475763460_35b6cd2bba6ae6e3612114525ce4cf73-1024x683.jpg 1024w, https:\/\/dalatreview.vn\/wp-content\/uploads\/2024\/11\/z6011475763460_35b6cd2bba6ae6e3612114525ce4cf73-768x512.jpg 768w, https:\/\/dalatreview.vn\/wp-content\/uploads\/2024\/11\/z6011475763460_35b6cd2bba6ae6e3612114525ce4cf73-1536x1024.jpg 1536w, https:\/\/dalatreview.vn\/wp-content\/uploads\/2024\/11\/z6011475763460_35b6cd2bba6ae6e3612114525ce4cf73-2048x1366.jpg 2048w, https:\/\/dalatreview.vn\/wp-content\/uploads\/2024\/11\/z6011475763460_35b6cd2bba6ae6e3612114525ce4cf73-600x400.jpg 600w\" sizes=\"(max-width: 2560px) 100vw, 2560px\" \/><\/p>\n<p>M\u1ed7i khi nh\u1eafc \u0111\u1ebfn T\u00e2y B\u1eafc th\u00ec kh\u00f4ng th\u1ec3 n\u00e0o kh\u00f4ng nh\u1eafc t\u1edbi khung c\u1ea3nh ru\u1ed9ng b\u1eadc thang. M\u1ed9t khung c\u1ea3nh v\u1eeba xinh \u0111\u1eb9p, v\u1eeba mang \u0111\u1eadm n\u00e9t ri\u00eang c\u1ee7a v\u00f9ng \u0111\u1ea5t v\u00e0 con ng\u01b0\u1eddi n\u01a1i \u0111\u00e2y.\u00a0<\/p>\n<p><img decoding=\"async\" class=\"size-full wp-image-45669 aligncenter\" src=\"https:\/\/dalatreview.vn\/wp-content\/uploads\/2024\/11\/z6011322219415_d7389bdac5ebe943442cce95277c1879.jpg\" alt=\"check in t\u1ea1i KDL Dapa Hill Dalat\" width=\"2560\" height=\"1707\" srcset=\"https:\/\/dalatreview.vn\/wp-content\/uploads\/2024\/11\/z6011322219415_d7389bdac5ebe943442cce95277c1879.jpg 2560w, https:\/\/dalatreview.vn\/wp-content\/uploads\/2024\/11\/z6011322219415_d7389bdac5ebe943442cce95277c1879-1024x683.jpg 1024w, https:\/\/dalatreview.vn\/wp-content\/uploads\/2024\/11\/z6011322219415_d7389bdac5ebe943442cce95277c1879-768x512.jpg 768w, https:\/\/dalatreview.vn\/wp-content\/uploads\/2024\/11\/z6011322219415_d7389bdac5ebe943442cce95277c1879-1536x1024.jpg 1536w, https:\/\/dalatreview.vn\/wp-content\/uploads\/2024\/11\/z6011322219415_d7389bdac5ebe943442cce95277c1879-2048x1366.jpg 2048w, https:\/\/dalatreview.vn\/wp-content\/uploads\/2024\/11\/z6011322219415_d7389bdac5ebe943442cce95277c1879-600x400.jpg 600w\" sizes=\"(max-width: 2560px) 100vw, 2560px\" \/><\/p>\n<p>V\u00e0 khi \u0111\u1ebfn KDL Dapa Hill &#8211; Dalat b\u1ea1n c\u0169ng s\u1ebd c\u00f3 c\u01a1 h\u1ed9i \u0111\u01b0\u1ee3c chi\u00eam ng\u01b0\u1ee1ng nh\u1eefng b\u1eadc thang v\u00f4 c\u00f9ng s\u1eb7c s\u1ee1 n\u00e0y. M\u1ed7i b\u1eadc thang t\u1ea1i \u0111\u00e2y \u0111\u1ec1u \u0111\u01b0\u1ee3c trang tr\u00ed t\u1ec9 m\u1ec9 b\u1eb1ng m\u1ed9t lo\u1ea1i hoa c\u00f9ng v\u1edbi nh\u1eefng t\u00f4ng m\u00e0u r\u1ef1c r\u1ee1 kh\u00e1c nhau nh\u01b0ng v\u00f4 c\u00f9ng n\u1ed5i b\u1eadt.\u00a0<\/p>\n<p><img decoding=\"async\" class=\"size-full wp-image-45672 aligncenter\" src=\"https:\/\/dalatreview.vn\/wp-content\/uploads\/2024\/11\/z6011323420116_727435381d0abd96789a28d1055063bd.jpg\" alt=\"tr\u1ea3i nghi\u1ec7m tr\u01b0\u1ee3t phao kh\u00f4 t\u1ea1i KDL Dapa Hill Dalat\" width=\"2560\" height=\"1707\" srcset=\"https:\/\/dalatreview.vn\/wp-content\/uploads\/2024\/11\/z6011323420116_727435381d0abd96789a28d1055063bd.jpg 2560w, https:\/\/dalatreview.vn\/wp-content\/uploads\/2024\/11\/z6011323420116_727435381d0abd96789a28d1055063bd-1024x683.jpg 1024w, https:\/\/dalatreview.vn\/wp-content\/uploads\/2024\/11\/z6011323420116_727435381d0abd96789a28d1055063bd-768x512.jpg 768w, https:\/\/dalatreview.vn\/wp-content\/uploads\/2024\/11\/z6011323420116_727435381d0abd96789a28d1055063bd-1536x1024.jpg 1536w, https:\/\/dalatreview.vn\/wp-content\/uploads\/2024\/11\/z6011323420116_727435381d0abd96789a28d1055063bd-2048x1366.jpg 2048w, https:\/\/dalatreview.vn\/wp-content\/uploads\/2024\/11\/z6011323420116_727435381d0abd96789a28d1055063bd-600x400.jpg 600w\" sizes=\"(max-width: 2560px) 100vw, 2560px\" \/><\/p>\n<p>V\u00e0 n\u1ebfu b\u1ea1n v\u1eeba mu\u1ed1n gi\u1ea3i tr\u00ed v\u1eeba mu\u1ed1n ho\u1ea1t \u0111\u1ed9ng th\u1ec3 ch\u1ea5t, v\u1eady th\u00ec ch\u1eafc ch\u1eafn kh\u00f4ng th\u1ec3 b\u1ecf qua tr\u00f2 ch\u01a1i Air Slide (tr\u01b0\u1ee3t phao kh\u00f4) v\u00f4 c\u00f9ng th\u00fa v\u1ecb t\u1ea1i \u0111\u00e2y.\u00a0<\/p>\n<p><img decoding=\"async\" class=\"size-full wp-image-45681 aligncenter\" src=\"https:\/\/dalatreview.vn\/wp-content\/uploads\/2024\/11\/z6011504784651_308d16fb1a870d3b32a0314c57cd892f.jpg\" alt=\"tr\u1ea3i nghi\u1ec7m tr\u01b0\u1ee3t phao t\u1ea1i KDL Dapa Hill\" width=\"2560\" height=\"1707\" srcset=\"https:\/\/dalatreview.vn\/wp-content\/uploads\/2024\/11\/z6011504784651_308d16fb1a870d3b32a0314c57cd892f.jpg 2560w, https:\/\/dalatreview.vn\/wp-content\/uploads\/2024\/11\/z6011504784651_308d16fb1a870d3b32a0314c57cd892f-1024x683.jpg 1024w, https:\/\/dalatreview.vn\/wp-content\/uploads\/2024\/11\/z6011504784651_308d16fb1a870d3b32a0314c57cd892f-768x512.jpg 768w, https:\/\/dalatreview.vn\/wp-content\/uploads\/2024\/11\/z6011504784651_308d16fb1a870d3b32a0314c57cd892f-1536x1024.jpg 1536w, https:\/\/dalatreview.vn\/wp-content\/uploads\/2024\/11\/z6011504784651_308d16fb1a870d3b32a0314c57cd892f-2048x1366.jpg 2048w, https:\/\/dalatreview.vn\/wp-content\/uploads\/2024\/11\/z6011504784651_308d16fb1a870d3b32a0314c57cd892f-600x400.jpg 600w\" sizes=\"(max-width: 2560px) 100vw, 2560px\" \/><\/p>\n<p>T\u1ea1i KDL Dapa Hill &#8211; Dalat b\u1ea1n s\u1ebd \u0111\u01b0\u1ee3c tr\u1ea3i nghi\u1ec7m tr\u00f2 ch\u01a1i Air Sile v\u1edbi m\u1ed9t phi\u00ean b\u1ea3n ti\u00ean ti\u1ebfn h\u01a1n r\u1ea5t nhi\u1ec1u, Thay v\u00ec tr\u01b0\u1ee3t tr\u00ean b\u1ec1 m\u1eb7t c\u1ecf gi\u1ed1ng nh\u01b0 nh\u1eefng khu du l\u1ecbch kh\u00e1ch th\u00ec Dapa Hill b\u1ea1n s\u1ebd \u0111\u01b0\u1ee3c ng\u1ed3i tr\u00ean phao v\u00e0 tr\u01b0\u1ee3t tr\u00ean m\u1ed9t \u0111\u01b0\u1eddng tr\u01b0\u1ee3t \u0111\u01b0\u1ee3c b\u01a1m b\u1eb1ng kh\u00ed.\u00a0<\/p>\n<p><img decoding=\"async\" class=\"size-full wp-image-45682 aligncenter\" src=\"https:\/\/dalatreview.vn\/wp-content\/uploads\/2024\/11\/z6011504874455_ef69b27b0477fd0afc817b96bcc9c55d.jpg\" alt=\"tr\u1ea3i nghi\u1ec7m tr\u01b0\u1ee3t phao t\u1ea1i KDL Dapa Hill\" width=\"2560\" height=\"1707\" srcset=\"https:\/\/dalatreview.vn\/wp-content\/uploads\/2024\/11\/z6011504874455_ef69b27b0477fd0afc817b96bcc9c55d.jpg 2560w, https:\/\/dalatreview.vn\/wp-content\/uploads\/2024\/11\/z6011504874455_ef69b27b0477fd0afc817b96bcc9c55d-1024x683.jpg 1024w, https:\/\/dalatreview.vn\/wp-content\/uploads\/2024\/11\/z6011504874455_ef69b27b0477fd0afc817b96bcc9c55d-768x512.jpg 768w, https:\/\/dalatreview.vn\/wp-content\/uploads\/2024\/11\/z6011504874455_ef69b27b0477fd0afc817b96bcc9c55d-1536x1024.jpg 1536w, https:\/\/dalatreview.vn\/wp-content\/uploads\/2024\/11\/z6011504874455_ef69b27b0477fd0afc817b96bcc9c55d-2048x1366.jpg 2048w, https:\/\/dalatreview.vn\/wp-content\/uploads\/2024\/11\/z6011504874455_ef69b27b0477fd0afc817b96bcc9c55d-600x400.jpg 600w\" sizes=\"(max-width: 2560px) 100vw, 2560px\" \/><\/p>\n<p>H\u00ecnh th\u1ee9c tr\u01b0\u1ee3t n\u00e0y v\u1eeba nhanh v\u1eeba \u00eam ai nh\u01b0ng v\u1eabn \u0111\u1ea3m b\u1ea3o \u0111\u01b0\u1ee3c an to\u00e0n cho khu kh\u00e1ch khi tr\u1ea3i nghi\u1ec7m tr\u01b0\u1ee3t phao.\u00a0<\/p>\n<p><img decoding=\"async\" class=\"size-full wp-image-45674 aligncenter\" src=\"https:\/\/dalatreview.vn\/wp-content\/uploads\/2024\/11\/z6011404289911_5405e0935c4022ff4fb5db9812da653e.jpg\" alt=\"check in t\u1ea1i KDL Dapa Hill Dalat\" width=\"2048\" height=\"1365\" srcset=\"https:\/\/dalatreview.vn\/wp-content\/uploads\/2024\/11\/z6011404289911_5405e0935c4022ff4fb5db9812da653e.jpg 2048w, https:\/\/dalatreview.vn\/wp-content\/uploads\/2024\/11\/z6011404289911_5405e0935c4022ff4fb5db9812da653e-1024x683.jpg 1024w, https:\/\/dalatreview.vn\/wp-content\/uploads\/2024\/11\/z6011404289911_5405e0935c4022ff4fb5db9812da653e-768x512.jpg 768w, https:\/\/dalatreview.vn\/wp-content\/uploads\/2024\/11\/z6011404289911_5405e0935c4022ff4fb5db9812da653e-1536x1024.jpg 1536w, https:\/\/dalatreview.vn\/wp-content\/uploads\/2024\/11\/z6011404289911_5405e0935c4022ff4fb5db9812da653e-600x400.jpg 600w\" sizes=\"(max-width: 2048px) 100vw, 2048px\" \/><\/p>\n<p>Ngo\u00e0i nh\u1eefng ho\u1ea1t \u0111\u1ed9ng vui ch\u01a1i m\u00e0 \u0110\u00e0 L\u1ea1t Review k\u1ec3 tr\u00ean, t\u1ea1i KDL Dapa Hill &#8211; Dalat c\u00f2n c\u00f3 r\u1ea5t nhi\u1ec1u nh\u1eefng b\u1ea1n th\u00fa si\u00eau \u0111\u00e1ng y\u00eau nh\u01b0 th\u1ecf, ng\u1ef1a l\u00f9n,&#8230; \u0111\u1ec3 b\u1ea1n vui ch\u01a1i v\u1eeba c\u00f3 th\u1ec3 t\u1ea1o n\u00ean c\u00e1c background x\u1ecbn s\u00f2 \u0111\u1ec3 ch\u1ee5p \u1ea3nh.\u00a0<\/p>\n<h2 id=\"3-thong-tin-dat-ve-tham-quan-kdl-dapa-hill-dalat\"><span style=\"color: #003300;\"><strong>3. Th\u00f4ng tin \u0111\u1eb7t v\u00e9 tham quan KDL Dapa Hill &#8211; Dalat<\/strong><\/span><\/h2>\n<p dir=\"ltr\">&#8211; \u0110\u1eb7c bi\u1ec7t, \u0111\u1ed1i v\u1edbi nh\u1eefng KH \u0111\u00e3 t\u1eebng s\u1eed d\u1ee5ng d\u1ecbch v\u1ee5 \u1edf DLRVTTT s\u1ebd \u0111\u01b0\u1ee3c t\u1eb7ng <span style=\"color: #ff0000;\"><strong>voucher gi\u1ea3m gi\u00e1 20 % gi\u00e1 v\u00e9 NL<\/strong><\/span>\u00a0<\/p>\n<p dir=\"ltr\">&#8211; \u0110\u1ec3 ti\u1ebft ki\u1ec7m th\u1eddi gian \u0111\u1eb7t v\u00e9 b\u1ea1n h\u00e3y t\u1ea3i ngay \u1ee9ng d\u1ee5ng sau \u0111\u00e2y: <span style=\"color: #993300;\"><strong><a style=\"color: #993300;\" href=\"https:\/\/share.abphotos.link\/dePd\" target=\"_blank\" rel=\"noopener\">\u0110\u00e0 L\u1ea1t Review T\u1ea5t T\u1ea7n T\u1eadt<\/a><\/strong><\/span><\/p>\n<p>&#8211; Ngo\u00e0i ra, qu\u00fd kh\u00e1ch c\u00f3 th\u1ec3 chat tr\u1ef1c ti\u1ebfp tr\u00ean App\/Website \u0111\u1ec3 nh\u00e2n vi\u00ean c\u1ee7a ch\u00fang t\u00f4i t\u01b0 v\u1ea5n th\u00eam v\u1ec1 s\u1ea3n ph\u1ea9m v\u00e0 d\u1ecbch v\u1ee5, ho\u1eb7c li\u00ean h\u1ec7<\/p>\n<p><span style=\"color: #ff0000;\"><strong>Hotline \u0111\u1eb7t v\u00e9:<\/strong>\u00a0<\/span>0989 249 297<\/p>","protected":false},"excerpt":{"rendered":"<p>Danh m\u1ee5c ch\u00ednh V\u00e9 tham quan KDL Dapa Hill &#8211; Dalat 1. Th\u00f4ng tin KDL Dapa Hill &#8211; Dalat\u00a0 2. C\u00f3 g\u00ec t\u1ea1i KDL Dapa Hill &#8211; Dalat\u00a0 3. Th\u00f4ng tin \u0111\u1eb7t v\u00e9 tham quan KDL Dapa Hill &#8211; Dalat V\u00e9 tham quan KDL Dapa Hill &#8211; Dalat M\u1ed9t \u0111\u1ecba \u0111i\u1ec3m du l\u1ecbch m\u1edbi tinh [&hellip;]<\/p>","protected":false},"featured_media":45670,"comment_status":"open","ping_status":"closed","template":"","meta":{"_acf_changed":false,"rank_math_lock_modified_date":false},"product_cat":[1187],"product_tag":[],"acf":[],"_links":{"self":[{"href":"https:\/\/dalatreview.vn\/en\/wp-json\/wp\/v2\/product\/45662"}],"collection":[{"href":"https:\/\/dalatreview.vn\/en\/wp-json\/wp\/v2\/product"}],"about":[{"href":"https:\/\/dalatreview.vn\/en\/wp-json\/wp\/v2\/types\/product"}],"replies":[{"embeddable":true,"href":"https:\/\/dalatreview.vn\/en\/wp-json\/wp\/v2\/comments?post=45662"}],"wp:featuredmedia":[{"embeddable":true,"href":"https:\/\/dalatreview.vn\/en\/wp-json\/wp\/v2\/media\/45670"}],"wp:attachment":[{"href":"https:\/\/dalatreview.vn\/en\/wp-json\/wp\/v2\/media?parent=45662"}],"wp:term":[{"taxonomy":"product_cat","embeddable":true,"href":"https:\/\/dalatreview.vn\/en\/wp-json\/wp\/v2\/product_cat?post=45662"},{"taxonomy":"product_tag","embeddable":true,"href":"https:\/\/dalatreview.vn\/en\/wp-json\/wp\/v2\/product_tag?post=45662"}],"curies":[{"name":"wp","href":"https:\/\/api.w.org\/{rel}","templated":true}]}}