
{"id":45508,"date":"2024-10-29T16:43:28","date_gmt":"2024-10-29T09:43:28","guid":{"rendered":"https:\/\/dalatreview.vn\/?post_type=product&#038;p=45508"},"modified":"2024-10-29T16:43:29","modified_gmt":"2024-10-29T09:43:29","slug":"lich-dien-thang-11-2024-may-lang-thang-da-lat","status":"publish","type":"product","link":"https:\/\/dalatreview.vn\/en\/lich-dien-thang-11-2024-may-lang-thang-da-lat.html","title":{"rendered":"L\u1ecaCH DI\u1ec4N TH\u00c1NG 11\/2024 M\u00c2Y LANG THANG \u0110\u00c0 L\u1ea0T"},"content":{"rendered":"<div class=\"x11i5rnm xat24cr x1mh8g0r x1vvkbs xtlvy1s x126k92a\">\r\n<nav class=\"vietrick-auto-toc\"><div class=\"box-title\"><h3 class=\"toc-title\" id=\"select-menu\">Danh m\u1ee5c ch\u00ednh<\/h3><div><ion-icon name=\"chevron-up-outline\"><\/ion-icon><\/div><\/div><ul class=\"toc-list\"><\/ul><li><a href='https:\/\/dalatreview.vn\/en#lich-dien-thang-11-2024-may-lang-thang-da-lat' class='heading-h1 toc-link smooth-scroll'>L\u1ecaCH DI\u1ec4N TH\u00c1NG 11\/2024 M\u00c2Y LANG THANG \u0110\u00c0 L\u1ea0T<\/a><ul><li><a href='https:\/\/dalatreview.vn\/en#1-lich-dien-may-lang-thang-da-lat-thang-11-2024' class='heading-h2 toc-link smooth-scroll'>1. L\u1ecbch di\u1ec5n M\u00e2y Lang Thang \u0110\u00e0 L\u1ea1t th\u00e1ng 11\/2024<\/a><li><a href='https:\/\/dalatreview.vn\/en#2-chinh-sach-may-lang-thang' class='heading-h2 toc-link smooth-scroll'>2. Ch\u00ednh s\u00e1ch M\u00e2y Lang Thang<\/a><li><a href='https:\/\/dalatreview.vn\/en#3-thong-tin-lien-he' class='heading-h2 toc-link smooth-scroll'>3. Th\u00f4ng tin li\u00ean h\u1ec7\u00a0<\/a><\/ul><\/ul><\/li><\/ul><\/nav><h1 dir=\"auto\" style=\"text-align: center;\" id=\"lich-dien-thang-11-2024-may-lang-thang-da-lat\"><span style=\"color: #003300;\"><strong>L\u1ecaCH DI\u1ec4N TH\u00c1NG 11\/2024 M\u00c2Y LANG THANG \u0110\u00c0 L\u1ea0T<\/strong><\/span><\/h1>\r\n<p dir=\"auto\">H\u00f2a chung v\u1edbi b\u1ea7u kh\u00f4ng kh\u00ed se se l\u1ea1nh c\u1ee7a nh\u1eefng ng\u00e0y l\u1eadp \u0111\u00f4ng, h\u00e3y c\u00f9ng b\u1ea1n b\u00e8 v\u00e0 ng\u01b0\u1eddi th\u00e2n ng\u1ed3i c\u1ea1nh nhau th\u01b0\u1edfng th\u1ee9c nh\u1eefng giai \u0111i\u1ec7u \u00e2m nh\u1ea1c l\u00e3ng m\u1ea1n t\u1ea1i M\u00e2y Lang Thang th\u00ec c\u00f2n g\u00ec tuy\u1ec7t v\u1eddi h\u01a1n!\u00a0<\/p>\r\n<p dir=\"auto\"><img decoding=\"async\" class=\"size-full wp-image-44310 aligncenter\" src=\"https:\/\/dalatreview.vn\/wp-content\/uploads\/2022\/02\/maylangthangthang9-5.jpg\" alt=\"M\u00c2Y LANG THANG\" width=\"2048\" height=\"1366\" srcset=\"https:\/\/dalatreview.vn\/wp-content\/uploads\/2022\/02\/maylangthangthang9-5.jpg 2048w, https:\/\/dalatreview.vn\/wp-content\/uploads\/2022\/02\/maylangthangthang9-5-1024x683.jpg 1024w, https:\/\/dalatreview.vn\/wp-content\/uploads\/2022\/02\/maylangthangthang9-5-768x512.jpg 768w, https:\/\/dalatreview.vn\/wp-content\/uploads\/2022\/02\/maylangthangthang9-5-1536x1025.jpg 1536w, https:\/\/dalatreview.vn\/wp-content\/uploads\/2022\/02\/maylangthangthang9-5-600x400.jpg 600w\" sizes=\"(max-width: 2048px) 100vw, 2048px\" \/><\/p>\r\n<p dir=\"auto\"><\/p>\r\n<p dir=\"auto\">H\u00e0ng lo\u1ea1t sao Vi\u1ec7t \u0111\u1ed5 b\u1ed9, s\u1eb5n s\u00e0ng cho nh\u1eefng \u0111\u00eam di\u1ec5n c\u1ee7a c\u1ea3m x\u00fac, h\u00e3y \u0111\u1ec3 M\u00e2y c\u00f9ng giai \u0111i\u1ec7u \u00e2m nh\u1ea1c xua tan \u0111i m\u1ecdi phi\u1ec1n v\u00e0 ch\u1eefa l\u00e0nh nh\u1eefng v\u1ebft th\u01b0\u01a1ng trong t\u00e2m h\u1ed3n\u2026<\/p>\r\n<\/div>\r\n<h2 dir=\"auto\" id=\"1-lich-dien-may-lang-thang-da-lat-thang-11-2024\"><strong>1. L\u1ecbch di\u1ec5n M\u00e2y Lang Thang \u0110\u00e0 L\u1ea1t th\u00e1ng 11\/2024<\/strong><\/h2>\r\n<p class=\"x11i5rnm xat24cr x1mh8g0r x1vvkbs xtlvy1s x126k92a\"><strong><span class=\"x3nfvp2 x1j61x8r x1fcty0u xdj266r xhhsvwb xat24cr xgzva0m xxymvpz xlup9mm x1kky2od\"><img decoding=\"async\" class=\"xz74otr\" src=\"https:\/\/static.xx.fbcdn.net\/images\/emoji.php\/v9\/tee\/1\/16\/2601.png\" alt=\"\u2601\ufe0f\" width=\"16\" height=\"16\" \/><\/span>\u00a0 M\u00c2Y \u0110\u00c0 L\u1ea0T C\u00d3 2 S\u00c2N KH\u1ea4U:\u00a0<\/strong><\/p>\r\n<p class=\"x11i5rnm xat24cr x1mh8g0r x1vvkbs xtlvy1s x126k92a\"><strong>M\u00c2Y IN THE NEST: <\/strong><em>The Nest Dalat, 519 Th\u00f4n M\u0103ng Lin, ph\u01b0\u1eddng 7, \u0110\u00e0 L\u1ea1t\u00a0<\/em><\/p>\r\n<p>02.11 H\u01af\u01a0NG TR\u00c0M &amp; KH\u00c1CH M\u1edcI: HO\u00c0NG PH\u01af\u01a0NG\u00a0<\/p>\r\n<p>08.11 H\u00c0 NHI\u00a0<\/p>\r\n<p>16.11 TH\u00d9Y CHI &#8211; L\u01af\u01a0NG B\u00cdCH H\u1eeeU<\/p>\r\n<p>23.11 T\u0102NG PH\u00daC &amp; KH\u00c1CH M\u1edcI: PH\u01af\u01a0NG ANH IDOL\u00a0<\/p>\r\n<p>30.11 V\u0168 C\u00c1T T\u01af\u1edcNG\u00a0<\/p>\r\n<p><strong>THUNG L\u0168NG M\u00c2Y: <\/strong><em>S\u1ed1 4 Tr\u1ea7n Quang Di\u1ec7u, ph\u01b0\u1eddng 10, \u0110\u00e0 L\u1ea1t\u00a0<\/em><\/p>\r\n<p>09.11 V\u01af\u01a0NG ANH T\u00da &#8211; L\u00c2M B\u1ea2O NG\u1eccC\u00a0<\/p>\r\n<p>29.11 TRUNG QU\u00c2N<\/p>\r\n<p><img decoding=\"async\" class=\"size-full wp-image-45509 aligncenter\" src=\"https:\/\/dalatreview.vn\/wp-content\/uploads\/2024\/10\/z5979077063776_b686e6b39f0ffa45e160b999e47fd4f0.jpg\" alt=\"l\u1ecbch di\u1ec5n m\u00e2y lang thang th\u00e1ng 11 \" width=\"1638\" height=\"1638\" srcset=\"https:\/\/dalatreview.vn\/wp-content\/uploads\/2024\/10\/z5979077063776_b686e6b39f0ffa45e160b999e47fd4f0.jpg 1638w, https:\/\/dalatreview.vn\/wp-content\/uploads\/2024\/10\/z5979077063776_b686e6b39f0ffa45e160b999e47fd4f0-1024x1024.jpg 1024w, https:\/\/dalatreview.vn\/wp-content\/uploads\/2024\/10\/z5979077063776_b686e6b39f0ffa45e160b999e47fd4f0-768x768.jpg 768w, https:\/\/dalatreview.vn\/wp-content\/uploads\/2024\/10\/z5979077063776_b686e6b39f0ffa45e160b999e47fd4f0-1536x1536.jpg 1536w, https:\/\/dalatreview.vn\/wp-content\/uploads\/2024\/10\/z5979077063776_b686e6b39f0ffa45e160b999e47fd4f0-300x300.jpg 300w, https:\/\/dalatreview.vn\/wp-content\/uploads\/2024\/10\/z5979077063776_b686e6b39f0ffa45e160b999e47fd4f0-600x600.jpg 600w, https:\/\/dalatreview.vn\/wp-content\/uploads\/2024\/10\/z5979077063776_b686e6b39f0ffa45e160b999e47fd4f0-100x100.jpg 100w\" sizes=\"(max-width: 1638px) 100vw, 1638px\" \/><\/p>\r\n<div class=\"x11i5rnm xat24cr x1mh8g0r x1vvkbs xtlvy1s x126k92a\">\r\n<h2 dir=\"auto\" id=\"2-chinh-sach-may-lang-thang\"><strong>2. Ch\u00ednh s\u00e1ch M\u00e2y Lang Thang<\/strong><\/h2>\r\n<div dir=\"auto\">\r\n<p>\u2013 Mi\u1ec5n ph\u00ed cho b\u00e9 d\u01b0\u1edbi 3 tu\u1ed5i ( ng\u1ed3i chung gh\u1ebf v\u1edbi b\u1ed1 m\u1eb9 su\u1ed1t bu\u1ed5i di\u1ec5n )<\/p>\r\n<p>\u2013 Tr\u1ebb em cao d\u01b0\u1edbi 1m: Kh\u00f4ng ph\u1ee5 thu n\u1ebfu ng\u1ed3i chung v\u1edbi ph\u1ee5 huynh trong su\u1ed1t th\u1eddi gian di\u1ec5n ra show\u00a0<\/p>\r\n<p>\u2013 Tr\u1ebb em cao t\u1eeb 1m \u0111\u1ebfn d\u01b0\u1edbi 1m2 b\u1eaft bu\u1ed9c ph\u1ea3i \u0111\u1eb7t ch\u1ed7, ph\u1ee5 thu 70%\u00a0 (Ho\u00e0n 30% t\u1ea1i qu\u1ea7y check in )\u00a0<\/p>\r\n<h2 id=\"3-thong-tin-lien-he\"><strong>3. Th\u00f4ng tin li\u00ean h\u1ec7\u00a0<\/strong><\/h2>\r\n<p>Hotline: <span style=\"color: #ff0000;\">0986 249 297\u00a0<\/span><\/p>\r\n<p>Li\u00ean h\u1ec7 book v\u00e9: <span style=\"color: #ff0000;\"><a style=\"color: #ff0000;\" href=\"https:\/\/zalo.me\/dalatreview\" target=\"_blank\" rel=\"noopener\">\u0110\u00e0 L\u1ea1t Review T\u1ea5t T\u1ea7n T\u1eadt<\/a><\/span><\/p>\r\n<p>Xem th\u00eam b\u00e0i vi\u1ebft kh\u00e1c t\u1ea1i:<span style=\"color: #ff0000;\"><a style=\"color: #ff0000;\" href=\"https:\/\/dalatreview.vn\/en\/\">\u0110\u00e0 L\u1ea1t Review<\/a><\/span><\/p>\r\n<\/div>\r\n<\/div>","protected":false},"excerpt":{"rendered":"<p>Danh m\u1ee5c ch\u00ednh L\u1ecaCH DI\u1ec4N TH\u00c1NG 11\/2024 M\u00c2Y LANG THANG \u0110\u00c0 L\u1ea0T 1. L\u1ecbch di\u1ec5n M\u00e2y Lang Thang \u0110\u00e0 L\u1ea1t th\u00e1ng 11\/2024 2. Ch\u00ednh s\u00e1ch M\u00e2y Lang Thang 3. Th\u00f4ng tin li\u00ean h\u1ec7\u00a0 L\u1ecaCH DI\u1ec4N TH\u00c1NG 11\/2024 M\u00c2Y LANG THANG \u0110\u00c0 L\u1ea0T H\u00f2a chung v\u1edbi b\u1ea7u kh\u00f4ng kh\u00ed se se l\u1ea1nh c\u1ee7a nh\u1eefng ng\u00e0y l\u1eadp [&hellip;]<\/p>","protected":false},"featured_media":45509,"comment_status":"open","ping_status":"closed","template":"","meta":{"_acf_changed":false,"rank_math_lock_modified_date":false},"product_cat":[31,2299,2295],"product_tag":[],"acf":[],"_links":{"self":[{"href":"https:\/\/dalatreview.vn\/en\/wp-json\/wp\/v2\/product\/45508"}],"collection":[{"href":"https:\/\/dalatreview.vn\/en\/wp-json\/wp\/v2\/product"}],"about":[{"href":"https:\/\/dalatreview.vn\/en\/wp-json\/wp\/v2\/types\/product"}],"replies":[{"embeddable":true,"href":"https:\/\/dalatreview.vn\/en\/wp-json\/wp\/v2\/comments?post=45508"}],"wp:featuredmedia":[{"embeddable":true,"href":"https:\/\/dalatreview.vn\/en\/wp-json\/wp\/v2\/media\/45509"}],"wp:attachment":[{"href":"https:\/\/dalatreview.vn\/en\/wp-json\/wp\/v2\/media?parent=45508"}],"wp:term":[{"taxonomy":"product_cat","embeddable":true,"href":"https:\/\/dalatreview.vn\/en\/wp-json\/wp\/v2\/product_cat?post=45508"},{"taxonomy":"product_tag","embeddable":true,"href":"https:\/\/dalatreview.vn\/en\/wp-json\/wp\/v2\/product_tag?post=45508"}],"curies":[{"name":"wp","href":"https:\/\/api.w.org\/{rel}","templated":true}]}}