
{"id":45362,"date":"2024-10-17T17:16:49","date_gmt":"2024-10-17T10:16:49","guid":{"rendered":"https:\/\/dalatreview.vn\/?post_type=product&#038;p=45362"},"modified":"2024-10-21T15:40:32","modified_gmt":"2024-10-21T08:40:32","slug":"ve-tham-quan-tram-ky-uc","status":"publish","type":"product","link":"https:\/\/dalatreview.vn\/en\/ve-tham-quan-tram-ky-uc.html","title":{"rendered":"V\u00e9 tham quan Tr\u1ea1m K\u00fd \u1ee8c"},"content":{"rendered":"<nav class=\"vietrick-auto-toc\">\n<div class=\"box-title\">\n<h3 class=\"toc-title\" id=\"select-menu\">Danh m\u1ee5c ch\u00ednh<\/h3>\n<div><ion-icon name=\"chevron-up-outline\"><\/ion-icon><\/div>\n<\/div>\n<ul class=\"toc-list\"><\/ul>\n<li><a href='https:\/\/dalatreview.vn\/en#ve-tham-quan-tram-ky-uc' class='heading-h1 toc-link smooth-scroll'>V\u00e9 tham quan Tr\u1ea1m K\u00fd \u1ee8c\u00a0<\/a>\n<ul>\n<li><a href='https:\/\/dalatreview.vn\/en#1-thong-tin-tram-ky-uc' class='heading-h2 toc-link smooth-scroll'>1. Th\u00f4ng tin Tr\u1ea1m K\u00fd \u1ee8c\u00a0<\/a>\n<li><a href='https:\/\/dalatreview.vn\/en#2-co-gi-tai-tram-ky-uc' class='heading-h2 toc-link smooth-scroll'>2. C\u00f3 g\u00ec t\u1ea1i Tr\u1ea1m K\u00fd \u1ee8c\u00a0<\/a>\n<li><a href='https:\/\/dalatreview.vn\/en#3-thong-tin-dat-ve-tram-ky-uc' class='heading-h2 toc-link smooth-scroll'>3. Th\u00f4ng tin \u0111\u1eb7t v\u00e9 Tr\u1ea1m K\u00fd \u1ee8c<\/a><\/ul>\n<\/ul>\n<\/li>\n<\/ul>\n<\/nav>\n<h1 style=\"text-align: center;\" id=\"ve-tham-quan-tram-ky-uc\"><span style=\"color: #003300;\"><strong>V\u00e9 tham quan Tr\u1ea1m K\u00fd \u1ee8c\u00a0<\/strong><\/span><\/h1>\n<p>M\u1ed9t t\u1ecda \u0111\u1ed9 check in si\u00eau \u0111\u1eb9p v\u00e0 y\u00ean b\u00ecnh gi\u1eefa l\u00f2ng th\u00e0nh ph\u1ed1 \u0111\u01b0\u1ee3c v\u00ed von nh\u01b0 m\u1ed9t &#8220;Ch\u00e2u \u00c2u&#8221; thu nh\u1ecf t\u1ea1i \u0110\u00e0 L\u1ea1t. Tr\u1ea1m K\u00fd \u1ee8c m\u1ed9t \u0111i\u1ec3m \u0111\u1ebfn kh\u00f4ng th\u1ec3 b\u1ecf qua \u0111\u1ed1i v\u1edbi nh\u1eefng t\u00edn \u0111\u1ed3 y\u00eau th\u00edch nh\u1eefng qu\u00e1n c\u00e0 ph\u00ea view \u0111\u1eb9p.\u00a0<\/p>\n<p><img decoding=\"async\" class=\"size-full wp-image-45365 aligncenter\" src=\"https:\/\/dalatreview.vn\/wp-content\/uploads\/2024\/10\/452924701_122130535460311133_4717333013447161016_n.jpg\" alt=\"tham quan tr\u1ea1m k\u00fd \u1ee9c\" width=\"2048\" height=\"1365\" srcset=\"https:\/\/dalatreview.vn\/wp-content\/uploads\/2024\/10\/452924701_122130535460311133_4717333013447161016_n.jpg 2048w, https:\/\/dalatreview.vn\/wp-content\/uploads\/2024\/10\/452924701_122130535460311133_4717333013447161016_n-1024x683.jpg 1024w, https:\/\/dalatreview.vn\/wp-content\/uploads\/2024\/10\/452924701_122130535460311133_4717333013447161016_n-768x512.jpg 768w, https:\/\/dalatreview.vn\/wp-content\/uploads\/2024\/10\/452924701_122130535460311133_4717333013447161016_n-1536x1024.jpg 1536w, https:\/\/dalatreview.vn\/wp-content\/uploads\/2024\/10\/452924701_122130535460311133_4717333013447161016_n-600x400.jpg 600w\" sizes=\"(max-width: 2048px) 100vw, 2048px\" \/><\/p>\n<h2 id=\"1-thong-tin-tram-ky-uc\"><span style=\"color: #003300;\"><strong>1. Th\u00f4ng tin Tr\u1ea1m K\u00fd \u1ee8c\u00a0<\/strong><\/span><\/h2>\n<p>Nh\u1eb1m ti\u1ebft ki\u1ec7m th\u1eddi gian, gi\u1ea3m thi\u1ec3u chi ph\u00ed du l\u1ecbch v\u00e0 \u0111\u01b0\u1ee3c tho\u1ea3i m\u00e1i tr\u1ea3i nghi\u1ec7m c\u00e1c d\u1ecbch v\u1ee5 b\u1ea1n c\u00f3 th\u1ec3 t\u1ea3i app v\u00e0 book v\u00e9 qua<span style=\"color: #ff0000;\">\u00a0<strong><a style=\"color: #ff0000;\" href=\"https:\/\/www.dalatreview.com\/tram-ky-uc\" target=\"_blank\" rel=\"noopener\">\u1ee8ng d\u1ee5ng \u0110\u00e0 L\u1ea1t Review T\u1ea5t T\u1ea7n T\u1eadt<\/a><\/strong><\/span>\u00a0tr\u00ean Mobile<\/p>\n<p><img decoding=\"async\" class=\"size-full wp-image-45370 aligncenter\" src=\"https:\/\/dalatreview.vn\/wp-content\/uploads\/2024\/10\/456575522_122136496130311133_7185095375746707358_n.jpg\" alt=\"tr\u1ea1m k\u00fd \u1ee9c\" width=\"1440\" height=\"960\" srcset=\"https:\/\/dalatreview.vn\/wp-content\/uploads\/2024\/10\/456575522_122136496130311133_7185095375746707358_n.jpg 1440w, https:\/\/dalatreview.vn\/wp-content\/uploads\/2024\/10\/456575522_122136496130311133_7185095375746707358_n-1024x683.jpg 1024w, https:\/\/dalatreview.vn\/wp-content\/uploads\/2024\/10\/456575522_122136496130311133_7185095375746707358_n-768x512.jpg 768w, https:\/\/dalatreview.vn\/wp-content\/uploads\/2024\/10\/456575522_122136496130311133_7185095375746707358_n-600x400.jpg 600w\" sizes=\"(max-width: 1440px) 100vw, 1440px\" \/><\/p>\n<p>Khi t\u1ea3i \u1ee9ng d\u1ee5ng \u0110\u00e0 L\u1ea1t Review T\u1ea5t T\u1ea7n T\u1eadt b\u1ea1n s\u1ebd nh\u1eadn \u0111\u01b0\u1ee3c r\u1ea5t nhi\u1ec1u \u01b0u \u0111\u00e3i h\u1ea5p d\u1eabn kh\u00e1c \u0111ang ch\u1edd \u0111\u00f3n.<\/p>\n<p><img decoding=\"async\" class=\"size-full wp-image-45364 aligncenter\" src=\"https:\/\/dalatreview.vn\/wp-content\/uploads\/2024\/10\/452915687_122130535292311133_8294114291387065835_n.jpg\" alt=\"tr\u1ea1m k\u00fd \u1ee9c\" width=\"2048\" height=\"1365\" srcset=\"https:\/\/dalatreview.vn\/wp-content\/uploads\/2024\/10\/452915687_122130535292311133_8294114291387065835_n.jpg 2048w, https:\/\/dalatreview.vn\/wp-content\/uploads\/2024\/10\/452915687_122130535292311133_8294114291387065835_n-1024x683.jpg 1024w, https:\/\/dalatreview.vn\/wp-content\/uploads\/2024\/10\/452915687_122130535292311133_8294114291387065835_n-768x512.jpg 768w, https:\/\/dalatreview.vn\/wp-content\/uploads\/2024\/10\/452915687_122130535292311133_8294114291387065835_n-1536x1024.jpg 1536w, https:\/\/dalatreview.vn\/wp-content\/uploads\/2024\/10\/452915687_122130535292311133_8294114291387065835_n-600x400.jpg 600w\" sizes=\"(max-width: 2048px) 100vw, 2048px\" \/><\/p>\n<p>V\u00e0 \u0111\u1ec3 n\u00f3i v\u1ec1 nh\u1eefng \u0111\u1ecba \u0111i\u1ec3m check in view \u0111\u1ed3i n\u00fai th\u00ec \u1edf \u0110\u00e0 L\u1ea1t kh\u00f4ng thi\u1ebfu, nh\u01b0ng \u0111\u1ec3 t\u00ecm \u0111\u01b0\u1ee3c m\u1ed9t qu\u00e1n \u0111em \u0111\u1ebfn cho b\u1ea1n\u00a0c\u1ea3m gi\u00e1c th\u00e2n thi\u1ec7n, d\u1ec5 ch\u1ecbu v\u00e0 \u0111\u1eb7c bi\u1ec7t c\u00f3 kh\u00f4ng gian ri\u00eang cho c\u1eb7p \u0111\u00f4i ho\u1eb7c cho gia \u0111\u00ecnh th\u00ec Tr\u1ea1m K\u00fd \u1ee8c l\u00e0 10 \u0111i\u1ec3m \u0111\u00f3 nha!\u00a0<\/p>\n<p><img decoding=\"async\" class=\"size-full wp-image-45367 aligncenter\" src=\"https:\/\/dalatreview.vn\/wp-content\/uploads\/2024\/10\/453074570_122130536024311133_2254839598850451326_n.jpg\" alt=\"v\u1ecb tr\u00ed tr\u1ea1m k\u00fd \u1ee9c \u0111\u00e0 l\u1ea1t\" width=\"2048\" height=\"1365\" srcset=\"https:\/\/dalatreview.vn\/wp-content\/uploads\/2024\/10\/453074570_122130536024311133_2254839598850451326_n.jpg 2048w, https:\/\/dalatreview.vn\/wp-content\/uploads\/2024\/10\/453074570_122130536024311133_2254839598850451326_n-1024x683.jpg 1024w, https:\/\/dalatreview.vn\/wp-content\/uploads\/2024\/10\/453074570_122130536024311133_2254839598850451326_n-768x512.jpg 768w, https:\/\/dalatreview.vn\/wp-content\/uploads\/2024\/10\/453074570_122130536024311133_2254839598850451326_n-1536x1024.jpg 1536w, https:\/\/dalatreview.vn\/wp-content\/uploads\/2024\/10\/453074570_122130536024311133_2254839598850451326_n-600x400.jpg 600w\" sizes=\"(max-width: 2048px) 100vw, 2048px\" \/><\/p>\n<p>T\u1ecda l\u1ea1c t\u1ea1i \u0111\u1ecba ch\u1ec9 87 Hu\u1ef3nh T\u1ea5n Ph\u00e1t, Ph\u01b0\u1eddng 11, th\u00e0nh ph\u1ed1 \u0110\u00e0 L\u1ea1t, Tr\u1ea1m K\u00fd \u1ee8c n\u1eb1m gi\u1eefa l\u00f2ng th\u00e0nh ph\u1ed1 m\u01a1 m\u1ed9ng. N\u01a1i \u0111\u00e2y kh\u00f4ng ch\u1ec9 mang \u0111\u1ebfn kh\u00f4ng gian \u0111\u1eadm ch\u1ea5t Ch\u00e2u \u00c2u m\u00e0 c\u00f2n l\u00e0 n\u01a1i th\u01b0\u1edfng th\u1ee9c nh\u1eefng ly c\u00e0 ph\u00ea th\u01a1m ngon.\u00a0<\/p>\n<p><img decoding=\"async\" class=\"size-full wp-image-45373 aligncenter\" src=\"https:\/\/dalatreview.vn\/wp-content\/uploads\/2024\/10\/463070200_122147848754311133_6374446896981995609_n.jpg\" alt=\"tr\u1ea1m k\u00fd \u1ee9c\" width=\"2048\" height=\"1365\" srcset=\"https:\/\/dalatreview.vn\/wp-content\/uploads\/2024\/10\/463070200_122147848754311133_6374446896981995609_n.jpg 2048w, https:\/\/dalatreview.vn\/wp-content\/uploads\/2024\/10\/463070200_122147848754311133_6374446896981995609_n-1024x683.jpg 1024w, https:\/\/dalatreview.vn\/wp-content\/uploads\/2024\/10\/463070200_122147848754311133_6374446896981995609_n-768x512.jpg 768w, https:\/\/dalatreview.vn\/wp-content\/uploads\/2024\/10\/463070200_122147848754311133_6374446896981995609_n-1536x1024.jpg 1536w, https:\/\/dalatreview.vn\/wp-content\/uploads\/2024\/10\/463070200_122147848754311133_6374446896981995609_n-600x400.jpg 600w\" sizes=\"(max-width: 2048px) 100vw, 2048px\" \/><\/p>\n<p>T\u1ecda l\u1ea1c tr\u00ean m\u1ed9t tri\u1ec1n \u0111\u1ed3i cao, Tr\u1ea1m K\u00fd \u1ee8c h\u1ee9a h\u1eb9n s\u1ebd mang \u0111\u1ebfn cho b\u1ea1n nh\u1eefng c\u01a1 h\u1ed9i \u0111\u01b0\u1ee3c ng\u1eafm nh\u00ecn tr\u1ecdn v\u1eb9n to\u00e0n c\u1ea3nh n\u00fai \u0111\u1ed3i m\u00eanh m\u00f4ng .\u00a0<\/p>\n<h2 id=\"2-co-gi-tai-tram-ky-uc\"><span style=\"color: #003300;\"><strong>2. C\u00f3 g\u00ec t\u1ea1i Tr\u1ea1m K\u00fd \u1ee8c\u00a0<\/strong><\/span><\/h2>\n<p>Tr\u1ea1m K\u00fd \u1ee8c \u0111\u01b0\u1ee3c x\u00e2y d\u1ef1ng v\u1edbi l\u1ed1i\u00a0ki\u1ebfn tr\u00fac mang \u0111\u1eadm d\u1ea5u \u1ea5n c\u1ed5 \u0111i\u1ec3n, nh\u1eefng ng\u00f4i nh\u00e0 \u0111\u00e1 n\u1eb1m d\u01b0\u1edbi g\u1ed1c c\u00e2y \u0111\u00e0o c\u1ed5 th\u1ee5 gi\u1ed1ng nh\u01b0 m\u1ed9t ng\u00f4i l\u00e0ng nh\u1ecf \u1edf Ch\u00e2u \u00c2u.<\/p>\n<p><img decoding=\"async\" class=\"size-full wp-image-45372 aligncenter\" src=\"https:\/\/dalatreview.vn\/wp-content\/uploads\/2024\/10\/462904161_122147848826311133_5619481841350603744_n.jpg\" alt=\"thi\u1ebft k\u1ebf tr\u1ea1m k\u00fd \u1ee9c\" width=\"2047\" height=\"1365\" srcset=\"https:\/\/dalatreview.vn\/wp-content\/uploads\/2024\/10\/462904161_122147848826311133_5619481841350603744_n.jpg 2047w, https:\/\/dalatreview.vn\/wp-content\/uploads\/2024\/10\/462904161_122147848826311133_5619481841350603744_n-1024x683.jpg 1024w, https:\/\/dalatreview.vn\/wp-content\/uploads\/2024\/10\/462904161_122147848826311133_5619481841350603744_n-768x512.jpg 768w, https:\/\/dalatreview.vn\/wp-content\/uploads\/2024\/10\/462904161_122147848826311133_5619481841350603744_n-1536x1024.jpg 1536w, https:\/\/dalatreview.vn\/wp-content\/uploads\/2024\/10\/462904161_122147848826311133_5619481841350603744_n-600x400.jpg 600w\" sizes=\"(max-width: 2047px) 100vw, 2047px\" \/><\/p>\n<p>Nh\u1eefng con \u0111\u01b0\u1eddng l\u00e1t \u0111\u00e1 nh\u1ecf nh\u1eafn c\u00f9ng b\u00e3i c\u1ecf xanh m\u01b0\u1edbt \u0111\u01b0\u1ee3c s\u1eafp x\u1ebfp t\u1ec9 m\u1ec9, t\u1ea1o n\u00ean m\u1ed9t kh\u00f4ng gian \u0111\u1ea7y th\u01a1 m\u1ed9ng v\u00e0 l\u00e3ng m\u1ea1n, khi\u1ebfn du kh\u00e1ch c\u00f3 c\u1ea3m gi\u00e1c nh\u01b0 \u0111ang l\u1ea1c v\u00e0o m\u1ed9t ng\u00f4i l\u00e0ng c\u1ed5 k\u00ednh ngay gi\u1eefa l\u00f2ng \u0110\u00e0 L\u1ea1t.<\/p>\n<p><img decoding=\"async\" class=\"size-full wp-image-45375 aligncenter\" src=\"https:\/\/dalatreview.vn\/wp-content\/uploads\/2024\/10\/463212940_122147849108311133_4900779405689269056_n.jpg\" alt=\"t\u1ed5 h\u1ee3p check in tr\u1ea1m k\u00fd \u1ee9c \u0111\u00e0 l\u1ea1t \" width=\"2048\" height=\"1322\" srcset=\"https:\/\/dalatreview.vn\/wp-content\/uploads\/2024\/10\/463212940_122147849108311133_4900779405689269056_n.jpg 2048w, https:\/\/dalatreview.vn\/wp-content\/uploads\/2024\/10\/463212940_122147849108311133_4900779405689269056_n-1024x661.jpg 1024w, https:\/\/dalatreview.vn\/wp-content\/uploads\/2024\/10\/463212940_122147849108311133_4900779405689269056_n-768x496.jpg 768w, https:\/\/dalatreview.vn\/wp-content\/uploads\/2024\/10\/463212940_122147849108311133_4900779405689269056_n-1536x992.jpg 1536w, https:\/\/dalatreview.vn\/wp-content\/uploads\/2024\/10\/463212940_122147849108311133_4900779405689269056_n-600x387.jpg 600w\" sizes=\"(max-width: 2048px) 100vw, 2048px\" \/><\/p>\n<p>T\u1ed5 h\u1ee3p check in n\u00e0y mong mu\u1ed1n mang \u0111\u1ebfn cho b\u1ea1n s\u1ef1 y\u00ean b\u00ecnh v\u00e0 th\u01b0 th\u00e1i, ho\u00e0n to\u00e0n ph\u00e2n t\u00e1ch kh\u1ecfi s\u01b0 \u1ed3n \u00e0o c\u1ee7a th\u00e0nh ph\u1ed1.<\/p>\n<p><img decoding=\"async\" class=\"size-full wp-image-45369 aligncenter\" src=\"https:\/\/dalatreview.vn\/wp-content\/uploads\/2024\/10\/456377275_122136496166311133_5261568787842835078_n.jpg\" alt=\"tr\u1ea1m k\u00fd \u1ee9c\" width=\"2048\" height=\"1365\" srcset=\"https:\/\/dalatreview.vn\/wp-content\/uploads\/2024\/10\/456377275_122136496166311133_5261568787842835078_n.jpg 2048w, https:\/\/dalatreview.vn\/wp-content\/uploads\/2024\/10\/456377275_122136496166311133_5261568787842835078_n-1024x683.jpg 1024w, https:\/\/dalatreview.vn\/wp-content\/uploads\/2024\/10\/456377275_122136496166311133_5261568787842835078_n-768x512.jpg 768w, https:\/\/dalatreview.vn\/wp-content\/uploads\/2024\/10\/456377275_122136496166311133_5261568787842835078_n-1536x1024.jpg 1536w, https:\/\/dalatreview.vn\/wp-content\/uploads\/2024\/10\/456377275_122136496166311133_5261568787842835078_n-600x400.jpg 600w\" sizes=\"(max-width: 2048px) 100vw, 2048px\" \/><\/p>\n<p>N\u1ed5i b\u1eadt v\u1edbi l\u1ed1i thi\u1ebft k\u1ebf m\u1edbi l\u1ea1 \u0111\u01b0\u1ee3c bao ph\u1ee7 b\u1edfi c\u1ecf xanh m\u01b0\u1edbt, ng\u00f4i nh\u00e0 \u0111\u00e1 v\u1edbi g\u1ea1ch \u0111\u1ecf v\u00e0 m\u1eb7t h\u1ed3 trong su\u1ed1t v\u1edbi d\u00f2ng s\u00f4ng tr\u1ea3i d\u00e0i th\u01a1 m\u1ed9ng. T\u1ea1i \u0111\u00e2y, b\u1ea1n v\u1eabn \u0111\u01b0\u1ee3c th\u01b0\u1edfng th\u1ee9c kh\u00f4ng kh\u00ed trong l\u00e0nh v\u00e0 ng\u1eafm nh\u00ecn ho\u00e0ng h\u00f4n l\u00e3ng m\u1ea1n ph\u1ee7 \u0111\u1ea7y thung l\u0169ng.<\/p>\n<p><img decoding=\"async\" class=\"size-full wp-image-45366 aligncenter\" src=\"https:\/\/dalatreview.vn\/wp-content\/uploads\/2024\/10\/452929782_122130535964311133_491549913476243753_n.jpg\" alt=\"tr\u1ea1m k\u00fd \u1ee9c \" width=\"2047\" height=\"1365\" srcset=\"https:\/\/dalatreview.vn\/wp-content\/uploads\/2024\/10\/452929782_122130535964311133_491549913476243753_n.jpg 2047w, https:\/\/dalatreview.vn\/wp-content\/uploads\/2024\/10\/452929782_122130535964311133_491549913476243753_n-1024x683.jpg 1024w, https:\/\/dalatreview.vn\/wp-content\/uploads\/2024\/10\/452929782_122130535964311133_491549913476243753_n-768x512.jpg 768w, https:\/\/dalatreview.vn\/wp-content\/uploads\/2024\/10\/452929782_122130535964311133_491549913476243753_n-1536x1024.jpg 1536w, https:\/\/dalatreview.vn\/wp-content\/uploads\/2024\/10\/452929782_122130535964311133_491549913476243753_n-600x400.jpg 600w\" sizes=\"(max-width: 2047px) 100vw, 2047px\" \/><\/p>\n<p>Khi l\u1ea1c b\u01b0\u1edbc v\u00e0o khu v\u01b0\u1eddn Tr\u1ea1m K\u00fd \u1ee8c, b\u1ea1n s\u1ebd ngay l\u1eadp t\u1ee9c b\u1ecb m\u00ea ho\u1eb7c b\u1edfi v\u1ebb \u0111\u1eb9p l\u00e3ng m\u1ea1n c\u1ee7a th\u1ea3m c\u1ecf xanh m\u01b0\u1edbt tr\u1ea3i d\u00e0i d\u01b0\u1edbi ch\u00e2n. M\u1ed9t h\u1ed3 n\u01b0\u1edbc trong veo, ph\u1ea3n chi\u1ebfu b\u1ea7u tr\u1eddi xanh bi\u1ebfc, t\u1ea1o n\u00ean m\u1ed9t khung c\u1ea3nh b\u00ecnh y\u00ean v\u00e0 th\u01a1 m\u1ed9ng.\u00a0<\/p>\n<p><img decoding=\"async\" class=\"size-full wp-image-45374 aligncenter\" src=\"https:\/\/dalatreview.vn\/wp-content\/uploads\/2024\/10\/463123844_122147849348311133_6146886466404446002_n.jpg\" alt=\"tr\u1ea1m k\u00fd \u1ee9c\" width=\"2048\" height=\"1374\" srcset=\"https:\/\/dalatreview.vn\/wp-content\/uploads\/2024\/10\/463123844_122147849348311133_6146886466404446002_n.jpg 2048w, https:\/\/dalatreview.vn\/wp-content\/uploads\/2024\/10\/463123844_122147849348311133_6146886466404446002_n-1024x687.jpg 1024w, https:\/\/dalatreview.vn\/wp-content\/uploads\/2024\/10\/463123844_122147849348311133_6146886466404446002_n-768x515.jpg 768w, https:\/\/dalatreview.vn\/wp-content\/uploads\/2024\/10\/463123844_122147849348311133_6146886466404446002_n-1536x1031.jpg 1536w, https:\/\/dalatreview.vn\/wp-content\/uploads\/2024\/10\/463123844_122147849348311133_6146886466404446002_n-600x403.jpg 600w\" sizes=\"(max-width: 2048px) 100vw, 2048px\" \/><\/p>\n<p>Kh\u00f4ng ch\u1ec9 g\u00e2y \u1ea5n t\u01b0\u1ee3ng v\u1edbi thi\u00ean nhi\u00ean tuy\u1ec7t \u0111\u1eb9p, n\u01a1i \u0111\u00e2y c\u00f2n g\u00e2y \u1ea5n t\u01b0\u1ee3ng\u00a0v\u1edbi c\u0103n nh\u00e0 \u0111\u00e1 c\u1ed5 \u0111i\u1ec3n, mang \u0111\u1eadm d\u1ea5u \u1ea5n tr\u1eddi.<\/p>\n<p><img decoding=\"async\" class=\"size-full wp-image-45371 aligncenter\" src=\"https:\/\/dalatreview.vn\/wp-content\/uploads\/2024\/10\/459232409_122141930654311133_1053047233599356458_n.jpg\" alt=\"tr\u1ea1m k\u00fd \u1ee9c\" width=\"2048\" height=\"1383\" srcset=\"https:\/\/dalatreview.vn\/wp-content\/uploads\/2024\/10\/459232409_122141930654311133_1053047233599356458_n.jpg 2048w, https:\/\/dalatreview.vn\/wp-content\/uploads\/2024\/10\/459232409_122141930654311133_1053047233599356458_n-1024x692.jpg 1024w, https:\/\/dalatreview.vn\/wp-content\/uploads\/2024\/10\/459232409_122141930654311133_1053047233599356458_n-768x519.jpg 768w, https:\/\/dalatreview.vn\/wp-content\/uploads\/2024\/10\/459232409_122141930654311133_1053047233599356458_n-1536x1037.jpg 1536w, https:\/\/dalatreview.vn\/wp-content\/uploads\/2024\/10\/459232409_122141930654311133_1053047233599356458_n-600x405.jpg 600w\" sizes=\"(max-width: 2048px) 100vw, 2048px\" \/><\/p>\n<p>V\u1edbi thi\u1ebft k\u1ebf tinh t\u1ebf, t\u1eeb nh\u1eefng vi\u00ean \u0111\u00e1 v\u1eefng ch\u00e3i \u0111\u1ebfn c\u00e1c chi ti\u1ebft ti\u1ec3u c\u1ea3nh, kh\u00f4ng gian n\u00e0y s\u1ebd khi\u1ebfn b\u1ea1n c\u1ea3m nh\u1eadn \u0111\u01b0\u1ee3c s\u1ef1 \u1ea5m c\u00fang v\u00e0 d\u1ec5 ch\u1ecbu, ti\u1ec7n \u0111em v\u1ec1 cho m\u00ecnh nh\u1eefng b\u1ee9c h\u00ecnh th\u1eadt xinh x\u1eafn.<\/p>\n<p><img decoding=\"async\" class=\"size-full wp-image-45368 aligncenter\" src=\"https:\/\/dalatreview.vn\/wp-content\/uploads\/2024\/10\/453092146_122130523280311133_9138283190232722248_n.jpg\" alt=\"tr\u1ea1m k\u00fd \u1ee9c\" width=\"2048\" height=\"1365\" srcset=\"https:\/\/dalatreview.vn\/wp-content\/uploads\/2024\/10\/453092146_122130523280311133_9138283190232722248_n.jpg 2048w, https:\/\/dalatreview.vn\/wp-content\/uploads\/2024\/10\/453092146_122130523280311133_9138283190232722248_n-1024x683.jpg 1024w, https:\/\/dalatreview.vn\/wp-content\/uploads\/2024\/10\/453092146_122130523280311133_9138283190232722248_n-768x512.jpg 768w, https:\/\/dalatreview.vn\/wp-content\/uploads\/2024\/10\/453092146_122130523280311133_9138283190232722248_n-1536x1024.jpg 1536w, https:\/\/dalatreview.vn\/wp-content\/uploads\/2024\/10\/453092146_122130523280311133_9138283190232722248_n-600x400.jpg 600w\" sizes=\"(max-width: 2048px) 100vw, 2048px\" \/><\/p>\n<p>V\u00e0 \u1edf Tr\u1ea1m K\u00fd \u1ee8c, d\u00f9 ng\u1ed3i \u1edf \u0111\u00e2u, tr\u00ean th\u1ea3m c\u1ecf, c\u1ea3nh h\u1ed3 n\u01b0\u1edbc hay b\u00ean nh\u1eefng r\u1eb7ng c\u1ecf lau, nh\u00e2m nhi tr\u00e0 n\u00f3ng v\u00e0 c\u00e0 ph\u00ea ngon, m\u1ecdi ho\u00e0i ni\u1ec7m v\u1ec1 m\u1ed9t Ch\u00e2u gi\u1eefa l\u00f2ng \u0110\u00e0 L\u1ea1t \u0111\u1ec1u \u0111\u01b0\u1ee3c t\u00e1i hi\u1ec7n r\u00f5 n\u00e9t. N\u1ebfu c\u00f3 d\u1ecbp, m\u1eddi b\u1ea1n gh\u00e9 l\u1ea1i, t\u1eadn h\u01b0\u1edfng nh\u1eefng \u0111i\u1ec1u dung d\u1ecb, b\u00ecnh y\u00ean.<\/p>\n<h2 id=\"3-thong-tin-dat-ve-tram-ky-uc\"><strong>3. Th\u00f4ng tin \u0111\u1eb7t v\u00e9 Tr\u1ea1m K\u00fd \u1ee8c<\/strong><\/h2>\n<p dir=\"ltr\">\u0110\u1ec3 ti\u1ebft ki\u1ec7m th\u1eddi gian \u0111\u1eb7t v\u00e9 b\u1ea1n h\u00e3y t\u1ea3i ngay \u1ee9ng d\u1ee5ng sau \u0111\u00e2y:\u00a0<span style=\"color: #993300;\"><strong><a style=\"color: #993300;\" href=\"https:\/\/share.abphotos.link\/dePd\" target=\"_blank\" rel=\"noopener\">\u0110\u00e0 L\u1ea1t Review T\u1ea5t T\u1ea7n T\u1eadt<\/a><\/strong><\/span><\/p>\n<p>Ngo\u00e0i ra, qu\u00fd kh\u00e1ch c\u00f3 th\u1ec3 chat tr\u1ef1c ti\u1ebfp tr\u00ean App\/Website \u0111\u1ec3 nh\u00e2n vi\u00ean c\u1ee7a ch\u00fang t\u00f4i t\u01b0 v\u1ea5n th\u00eam v\u1ec1 s\u1ea3n ph\u1ea9m v\u00e0 d\u1ecbch v\u1ee5, ho\u1eb7c li\u00ean h\u1ec7<\/p>\n<p><span style=\"color: #ff0000;\"><strong>Hotline:<\/strong>\u00a0<\/span>0989 249 297<\/p>","protected":false},"excerpt":{"rendered":"<p>Danh m\u1ee5c ch\u00ednh V\u00e9 tham quan Tr\u1ea1m K\u00fd \u1ee8c\u00a0 1. Th\u00f4ng tin Tr\u1ea1m K\u00fd \u1ee8c\u00a0 2. C\u00f3 g\u00ec t\u1ea1i Tr\u1ea1m K\u00fd \u1ee8c\u00a0 3. Th\u00f4ng tin \u0111\u1eb7t v\u00e9 Tr\u1ea1m K\u00fd \u1ee8c V\u00e9 tham quan Tr\u1ea1m K\u00fd \u1ee8c\u00a0 M\u1ed9t t\u1ecda \u0111\u1ed9 check in si\u00eau \u0111\u1eb9p v\u00e0 y\u00ean b\u00ecnh gi\u1eefa l\u00f2ng th\u00e0nh ph\u1ed1 \u0111\u01b0\u1ee3c v\u00ed von nh\u01b0 m\u1ed9t [&hellip;]<\/p>","protected":false},"featured_media":45370,"comment_status":"open","ping_status":"closed","template":"","meta":{"_acf_changed":false,"rank_math_lock_modified_date":false},"product_cat":[1187],"product_tag":[],"acf":[],"_links":{"self":[{"href":"https:\/\/dalatreview.vn\/en\/wp-json\/wp\/v2\/product\/45362"}],"collection":[{"href":"https:\/\/dalatreview.vn\/en\/wp-json\/wp\/v2\/product"}],"about":[{"href":"https:\/\/dalatreview.vn\/en\/wp-json\/wp\/v2\/types\/product"}],"replies":[{"embeddable":true,"href":"https:\/\/dalatreview.vn\/en\/wp-json\/wp\/v2\/comments?post=45362"}],"wp:featuredmedia":[{"embeddable":true,"href":"https:\/\/dalatreview.vn\/en\/wp-json\/wp\/v2\/media\/45370"}],"wp:attachment":[{"href":"https:\/\/dalatreview.vn\/en\/wp-json\/wp\/v2\/media?parent=45362"}],"wp:term":[{"taxonomy":"product_cat","embeddable":true,"href":"https:\/\/dalatreview.vn\/en\/wp-json\/wp\/v2\/product_cat?post=45362"},{"taxonomy":"product_tag","embeddable":true,"href":"https:\/\/dalatreview.vn\/en\/wp-json\/wp\/v2\/product_tag?post=45362"}],"curies":[{"name":"wp","href":"https:\/\/api.w.org\/{rel}","templated":true}]}}