
{"id":44606,"date":"2024-09-21T15:10:18","date_gmt":"2024-09-21T08:10:18","guid":{"rendered":"https:\/\/dalatreview.vn\/?post_type=product&#038;p=44606"},"modified":"2024-09-23T10:43:10","modified_gmt":"2024-09-23T03:43:10","slug":"fly-fest-24-combo-fly-sky","status":"publish","type":"product","link":"https:\/\/dalatreview.vn\/en\/fly-fest-24-combo-fly-sky.html","title":{"rendered":"Fly Fest 24 &#8211; Combo Fly Sky"},"content":{"rendered":"<nav class=\"vietrick-auto-toc\">\n<div class=\"box-title\">\n<h3 class=\"toc-title\" id=\"select-menu\">Danh m\u1ee5c ch\u00ednh<\/h3>\n<div><ion-icon name=\"chevron-up-outline\"><\/ion-icon><\/div>\n<\/div>\n<ul class=\"toc-list\"><\/ul>\n<li><a href='https:\/\/dalatreview.vn\/en#fly-fest-24-combo-fly-sky' class='heading-h1 toc-link smooth-scroll'>Fly Fest 24 &#8211; Combo Fly Sky<\/a>\n<ul>\n<li><a href='https:\/\/dalatreview.vn\/en#1-da-lat-music-festival-2024-fly-fest-24' class='heading-h2 toc-link smooth-scroll'>1. Da Lat Music Festival 2024 \u2013 Fly Fest 24<\/a>\n<li><a href='https:\/\/dalatreview.vn\/en#2-dat-ve-combo-fly-sky' class='heading-h2 toc-link smooth-scroll'>2. \u0110\u1eb7t v\u00e9 Combo Fly Sky<\/a>\n<li><a href='https:\/\/dalatreview.vn\/en#3-quy-dinh-tham-gia-show' class='heading-h2 toc-link smooth-scroll'>3. Quy \u0111\u1ecbnh tham gia show\u00a0<\/a><\/ul>\n<\/ul>\n<\/li>\n<\/ul>\n<\/nav>\n<h1 style=\"text-align: center;\" id=\"fly-fest-24-combo-fly-sky\"><span style=\"color: #003300;\"><strong>Fly Fest 24 &#8211; Combo Fly Sky<\/strong><\/span><\/h1>\n<p>H\u00f2a c\u00f9ng kh\u00f4ng kh\u00ed nh\u1ed9n nh\u1ecbp, th\u00e1ng 10 t\u1edbi \u0111\u00e2y ng\u01b0\u1eddi d\u00e2n t\u1ea1i \u0110\u00e0 L\u1ea1t s\u1ebd ti\u1ebfp t\u1ee5c \u0111\u01b0\u1ee3c \u0111\u1eafm ch\u00ecm trong l\u1ec5 h\u1ed9i \u00e2m nh\u1ea1c v\u1edbi \u0111\u1ea1i nh\u1ea1c h\u1ed9i m\u1edbi mang t\u00ean <span style=\"color: #003300;\"><strong>Da Lat Music Festival 2024 &#8211; Fly Fest 24.<\/strong><\/span><\/p>\n<p><img decoding=\"async\" class=\"size-full wp-image-44600 aligncenter\" src=\"https:\/\/dalatreview.vn\/wp-content\/uploads\/2024\/09\/459612881_917514520393831_6993460565016930535_n.jpg\" alt=\"s\u1ef1 ki\u1ec7n Fly Fest 24\" width=\"1920\" height=\"1080\" srcset=\"https:\/\/dalatreview.vn\/wp-content\/uploads\/2024\/09\/459612881_917514520393831_6993460565016930535_n.jpg 1920w, https:\/\/dalatreview.vn\/wp-content\/uploads\/2024\/09\/459612881_917514520393831_6993460565016930535_n-1024x576.jpg 1024w, https:\/\/dalatreview.vn\/wp-content\/uploads\/2024\/09\/459612881_917514520393831_6993460565016930535_n-768x432.jpg 768w, https:\/\/dalatreview.vn\/wp-content\/uploads\/2024\/09\/459612881_917514520393831_6993460565016930535_n-1536x864.jpg 1536w, https:\/\/dalatreview.vn\/wp-content\/uploads\/2024\/09\/459612881_917514520393831_6993460565016930535_n-600x338.jpg 600w\" sizes=\"(max-width: 1920px) 100vw, 1920px\" \/><\/p>\n<h2 class=\"jeg_post_title\" id=\"1-da-lat-music-festival-2024-fly-fest-24\"><span style=\"color: #003300;\"><strong>1. Da Lat Music Festival 2024 \u2013 Fly Fest 24<\/strong><\/span><\/h2>\n<p>&#8211; Th\u1eddi gian: <span style=\"color: #ff0000;\"><strong>5\/10\/2024<\/strong> <\/span><\/p>\n<p>&#8211; \u0110\u1ecba ch\u1ec9: S\u00e2n v\u1eadn \u0111\u1ed9ng \u0110\u00e0 L\u1ea1t \u2013 S\u1ed1 1 X\u00f4 Vi\u1ebft Ngh\u1ec7 T\u0129nh, Ph\u01b0\u1eddng 7, \u0110\u00e0 L\u1ea1t.<\/p>\n<p>&#8211; Th\u1eddi gian m\u1edf c\u1ed5ng check in: 16h00 ng\u00e0y 05\/10\/2024<\/p>\n<p>&#8211; Th\u1eddi gian \u0111\u00f3ng c\u1ed5ng check in: 19h00 ng\u00e0y 05\/10\/2024<\/p>\n<p><img decoding=\"async\" class=\"size-full wp-image-44584 aligncenter\" src=\"https:\/\/dalatreview.vn\/wp-content\/uploads\/2024\/09\/z5852484925848_8d1332d73035f39b10d96162b07b9ed2.jpg\" alt=\"s\u1ef1 ki\u1ec7n Fly Fest 24\" width=\"1912\" height=\"1080\" srcset=\"https:\/\/dalatreview.vn\/wp-content\/uploads\/2024\/09\/z5852484925848_8d1332d73035f39b10d96162b07b9ed2.jpg 1912w, https:\/\/dalatreview.vn\/wp-content\/uploads\/2024\/09\/z5852484925848_8d1332d73035f39b10d96162b07b9ed2-1024x578.jpg 1024w, https:\/\/dalatreview.vn\/wp-content\/uploads\/2024\/09\/z5852484925848_8d1332d73035f39b10d96162b07b9ed2-768x434.jpg 768w, https:\/\/dalatreview.vn\/wp-content\/uploads\/2024\/09\/z5852484925848_8d1332d73035f39b10d96162b07b9ed2-1536x868.jpg 1536w, https:\/\/dalatreview.vn\/wp-content\/uploads\/2024\/09\/z5852484925848_8d1332d73035f39b10d96162b07b9ed2-600x339.jpg 600w\" sizes=\"(max-width: 1912px) 100vw, 1912px\" \/><\/p>\n<p>V\u1edbi tinh th\u1ea7n \u201cFly to the Sky \u2013 Express Your Style\u201d, Fly Fest 24 mong mu\u1ed1n truy\u1ec1n t\u1ea3i th\u00f4ng \u0111i\u1ec7p mang \u0111\u1eadm kh\u00e1t v\u1ecdng v\u01b0\u01a1n t\u1edbi nh\u1eefng \u0111\u1ec9nh cao m\u1edbi, ph\u00e1 v\u1ee1 m\u1ecdi gi\u1edbi h\u1ea1n v\u00e0 t\u1ef1 tin b\u1ed9c l\u1ed9 ch\u1ea5t ri\u00eang c\u1ee7a m\u00ecnh trong kh\u00f4ng gian tr\u00e0n ng\u1eadp s\u1eafc m\u00e0u v\u00e0 \u00e2m thanh b\u00f9ng n\u1ed5 gi\u1eefa b\u1ea7u tr\u1eddi \u0111\u00eam \u0110\u00e0 L\u1ea1t.<\/p>\n<p><img decoding=\"async\" class=\"aligncenter\" src=\"https:\/\/dalatreview.vn\/wp-content\/uploads\/2024\/09\/z5852485890830_25d597cf759ae0e25eb29cf6fb31be81.jpg\" alt=\"ca s\u0129 captain \" width=\"1280\" height=\"1280\" \/><\/p>\n<p>\u0110\u1ea1i nh\u1ea1c h\u1ed9i n\u00e0y s\u1ebd c\u00f3 s\u1ef1 xu\u1ea5t hi\u1ec7n c\u1ee7a nhi\u1ec1u ngh\u1ec7 s\u0129 n\u1ed5i ti\u1ebfng c\u00f3 th\u1ec3 k\u1ec3 \u0111\u1ebfn nh\u01b0: 24k.Right, Masew, Neko L\u00ea, Li\u00ean B\u1ec9nh Ph\u00e1t, Captian Boy, Qu\u00e2n A.P, Ph\u01b0\u01a1ng Ly\u2026<\/p>\n<p><img decoding=\"async\" class=\"size-full wp-image-44588 aligncenter\" src=\"https:\/\/dalatreview.vn\/wp-content\/uploads\/2024\/09\/z5852485890827_9c95e854897f0b6487a7a78122a7438a.jpg\" alt=\"s\u01a1n t\u00f9ng mtp\" width=\"854\" height=\"1280\" srcset=\"https:\/\/dalatreview.vn\/wp-content\/uploads\/2024\/09\/z5852485890827_9c95e854897f0b6487a7a78122a7438a.jpg 854w, https:\/\/dalatreview.vn\/wp-content\/uploads\/2024\/09\/z5852485890827_9c95e854897f0b6487a7a78122a7438a-683x1024.jpg 683w, https:\/\/dalatreview.vn\/wp-content\/uploads\/2024\/09\/z5852485890827_9c95e854897f0b6487a7a78122a7438a-768x1151.jpg 768w, https:\/\/dalatreview.vn\/wp-content\/uploads\/2024\/09\/z5852485890827_9c95e854897f0b6487a7a78122a7438a-600x899.jpg 600w\" sizes=\"(max-width: 854px) 100vw, 854px\" \/><\/p>\n<p>V\u00e0 kh\u00f4ng th\u1ec3 kh\u00f4ng nh\u1eafc \u0111\u1ebfn c\u00e1i t\u00ean \u0111\u01b0\u1ee3c mong ch\u1edd nh\u1ea5t trong Fly Fest 24 \u2013 S\u01a1n T\u00f9ng M-TP, \u0111\u00e1nh d\u1ea5u l\u1ea7n \u0111\u1ea7u ti\u00ean ch\u1ee7 nh\u00e2n b\u1ea3n hit \u0110\u1eebng L\u00e0m Tr\u00e1i Tim Anh \u0110au l\u1ea7n \u0111\u1ea7u ti\u00ean bi\u1ec3u di\u1ec5n t\u1ea1i Th\u00e0nh ph\u1ed1 \u0110\u00e0 L\u1ea1t m\u1ed9ng m\u01a1.<\/p>\n<h2 id=\"2-dat-ve-combo-fly-sky\"><span style=\"color: #003300;\"><strong>2. \u0110\u1eb7t v\u00e9 Combo Fly Sky<\/strong><\/span><\/h2>\n<p><span style=\"color: #ff0000;\"><strong>&#8211; Combo Fly Free: 399.000 VN\u0110\u00a0<\/strong><\/span><\/p>\n<p>&#8211; Li\u00ean h\u1ec7 \u0111\u1eb7t v\u00e9: <strong><span style=\"color: #ff0000;\"><a style=\"color: #ff0000;\" href=\"https:\/\/zalo.me\/dalatreview\" target=\"_blank\" rel=\"noopener\">\u0110\u00e0 L\u1ea1t Review<\/a><\/span><\/strong><\/p>\n<p><strong>&#8211; \u0110\u1eb7c bi\u1ec7t<\/strong>, khi mua combo s\u1ef1 ki\u1ec7n Fly Fest 24 qua \u0110\u00e0 L\u1ea1t Review T\u1ea5t T\u1ea7n T\u1eadt b\u1ea1n s\u1ebd \u0111\u01b0\u1ee3c t\u1eb7ng k\u00e8m r\u1ea5t nhi\u1ec1u voucher h\u1ea5p d\u1eabn kh\u00e1c.\u00a0<\/p>\n<p><img decoding=\"async\" class=\"aligncenter\" src=\"https:\/\/dalatreview.vn\/wp-content\/uploads\/2024\/09\/z5852485124774_5513c525577125f76ca4d28e4452bf17.jpg\" alt=\"combo fly sky \" width=\"830\" height=\"832\" \/><\/p>\n<h2 id=\"3-quy-dinh-tham-gia-show\"><span style=\"color: #003300;\"><strong>3. Quy \u0111\u1ecbnh tham gia show\u00a0<\/strong><\/span><\/h2>\n<p>C\u1ea5m mang v\u00e0o \u0111\u1ecba \u0111i\u1ec3m di\u1ec5n ra s\u1ef1 ki\u1ec7n c\u00e1c lo\u1ea1i v\u0169 kh\u00ed, v\u1eadt s\u1eafc nh\u1ecdn, ch\u1ea5t n\u1ed5, ch\u1ea5t \u0111\u1ed9c, ch\u1ea5t d\u1ec5 ch\u00e1y v\u00e0 ch\u1ea5t ph\u00f3ng x\u1ea1, ch\u1ea5t g\u00e2y nghi\u1ec7n v\u00e0 ch\u1ea5t k\u00edch th\u00edch, \u0111\u1ed3 \u0103n v\u00e0 th\u1ee9c u\u1ed1ng c\u00f3 m\u00e0u, m\u00f9i, v\u1ecb (ngo\u1ea1i tr\u1eeb nh\u00e3n, hi\u1ec7u \u0111\u01b0\u1ee3c ph\u00e9p) ho\u1eb7c c\u00e1c v\u1eadt ph\u1ea9m kh\u00e1c c\u00f3 th\u1ec3 g\u00e2y \u1ea3nh h\u01b0\u1edfng \u0111\u1ebfn tr\u1eadt t\u1ef1 v\u00e0 c\u00f4ng t\u00e1c t\u1ed5 ch\u1ee9c s\u1ef1 ki\u1ec7n.<\/p>\n<p>C\u1ea5m mang v\u00e0o \u0111\u1ecba \u0111i\u1ec3m \u0111\u00e8n laser, \u0111\u00e8n pin, c\u00e1c v\u1eadt nh\u1ecdn, \u00f4 d\u00f9, b\u00fat vi\u1ebft, g\u1eady selfie, ch\u00e2n m\u00e1y \u1ea3nh\/m\u00e1y quay. Kh\u00f4ng mang c\u00e1c thi\u1ebft b\u1ecb, v\u1eadt ph\u1ea9m c\u1ed3ng k\u1ec1nh.<\/p>\n<p>C\u1ea5m mang v\u00e0o \u0111\u1ecba \u0111i\u1ec3m \u00e1p-ph\u00edch, b\u0103ng c\u1ed5 v\u0169, b\u1ea3ng ch\u1ec9 d\u1eabn\u2026 c\u00f3 n\u1ed9i dung li\u00ean quan \u0111\u1ebfn ch\u00ednh tr\u1ecb, t\u00f4n gi\u00e1o v\u00e0\/ho\u1eb7c ch\u1ee9a ng\u00f4n t\u1eeb kh\u00f4ng ph\u00f9 h\u1ee3p v\u1edbi thu\u1ea7n phong m\u1ef9 t\u1ee5c.<\/p>\n<p>Nghi\u00eam c\u1ea5m h\u00fat thu\u1ed1c (k\u1ec3 c\u1ea3 thu\u1ed1c l\u00e1 \u0111i\u1ec7n t\u1eed) t\u1ea1i \u0111\u1ecba \u0111i\u1ec3m di\u1ec5n ra s\u1ef1 ki\u1ec7n.<\/p>\n<p>C\u1ea5m c\u00e1c lo\u00e0i \u0111\u1ed9ng v\u1eadt ho\u1eb7c th\u00fa nu\u00f4i.<\/p>\n<p>Trang ph\u1ee5c tham gia l\u1ecbch s\u1ef1, kh\u00f4ng ph\u1ea3n c\u1ea3m, kh\u00f4ng ch\u1ee9a ho\u1ea1 ti\u1ebft, th\u00f4ng \u0111i\u1ec7p tuy\u00ean truy\u1ec1n v\u1ec1 t\u00f4n gi\u00e1o, ch\u00ednh tr\u1ecb, c\u00f4ng k\u00edch c\u00e1 nh\u00e2n v\u00e0 t\u1ed5 ch\u1ee9c ho\u1eb7c b\u1ea5t k\u1ef3 nh\u1eefng v\u1ea5n \u0111\u1ec1 n\u00e0o tr\u00e1i v\u1edbi thu\u1ea7n phong m\u1ef9 t\u1ee5c.<\/p>\n<p>T\u1ea5t c\u1ea3 ng\u01b0\u1eddi tham d\u1ef1 \u0111\u1ec1u ph\u1ea3i \u0111\u01b0\u1ee3c ki\u1ec3m tra t\u00fai\/balo\/t\u00fai x\u00e1ch t\u1ea1i t\u1ea5t c\u1ea3 c\u00e1c c\u1ed5ng v\u00e0o tr\u01b0\u1edbc khi v\u00e0o b\u00ean trong.<\/p>","protected":false},"excerpt":{"rendered":"<p>Danh m\u1ee5c ch\u00ednh Fly Fest 24 &#8211; Combo Fly Sky 1. Da Lat Music Festival 2024 \u2013 Fly Fest 24 2. \u0110\u1eb7t v\u00e9 Combo Fly Sky 3. Quy \u0111\u1ecbnh tham gia show\u00a0 Fly Fest 24 &#8211; Combo Fly Sky H\u00f2a c\u00f9ng kh\u00f4ng kh\u00ed nh\u1ed9n nh\u1ecbp, th\u00e1ng 10 t\u1edbi \u0111\u00e2y ng\u01b0\u1eddi d\u00e2n t\u1ea1i \u0110\u00e0 L\u1ea1t s\u1ebd [&hellip;]<\/p>","protected":false},"featured_media":44586,"comment_status":"open","ping_status":"closed","template":"","meta":{"_acf_changed":false,"rank_math_lock_modified_date":false},"product_cat":[31],"product_tag":[],"acf":[],"_links":{"self":[{"href":"https:\/\/dalatreview.vn\/en\/wp-json\/wp\/v2\/product\/44606"}],"collection":[{"href":"https:\/\/dalatreview.vn\/en\/wp-json\/wp\/v2\/product"}],"about":[{"href":"https:\/\/dalatreview.vn\/en\/wp-json\/wp\/v2\/types\/product"}],"replies":[{"embeddable":true,"href":"https:\/\/dalatreview.vn\/en\/wp-json\/wp\/v2\/comments?post=44606"}],"wp:featuredmedia":[{"embeddable":true,"href":"https:\/\/dalatreview.vn\/en\/wp-json\/wp\/v2\/media\/44586"}],"wp:attachment":[{"href":"https:\/\/dalatreview.vn\/en\/wp-json\/wp\/v2\/media?parent=44606"}],"wp:term":[{"taxonomy":"product_cat","embeddable":true,"href":"https:\/\/dalatreview.vn\/en\/wp-json\/wp\/v2\/product_cat?post=44606"},{"taxonomy":"product_tag","embeddable":true,"href":"https:\/\/dalatreview.vn\/en\/wp-json\/wp\/v2\/product_tag?post=44606"}],"curies":[{"name":"wp","href":"https:\/\/api.w.org\/{rel}","templated":true}]}}