
{"id":44520,"date":"2024-09-16T17:18:51","date_gmt":"2024-09-16T10:18:51","guid":{"rendered":"https:\/\/dalatreview.vn\/?post_type=product&#038;p=44520"},"modified":"2025-05-17T14:50:30","modified_gmt":"2025-05-17T07:50:30","slug":"dich-vu-cho-thue-xe-may-da-lat","status":"publish","type":"product","link":"https:\/\/dalatreview.vn\/en\/dich-vu-cho-thue-xe-may-da-lat.html","title":{"rendered":"D\u1ecbch v\u1ee5 cho thu\u00ea xe m\u00e1y \u0110\u00e0 L\u1ea1t"},"content":{"rendered":"<nav class=\"vietrick-auto-toc\">\n<div class=\"box-title\">\n<h3 class=\"toc-title\" id=\"select-menu\">Danh m\u1ee5c ch\u00ednh<\/h3>\n<div><ion-icon name=\"chevron-up-outline\"><\/ion-icon><\/div>\n<\/div>\n<ul class=\"toc-list\"><\/ul>\n<li><a href='https:\/\/dalatreview.vn\/en#dich-vu-cho-thue-xe-may-da-lat' class='heading-h1 toc-link smooth-scroll'>D\u1ecbch v\u1ee5 cho thu\u00ea xe m\u00e1y \u0110\u00e0 L\u1ea1t<\/a>\n<ul>\n<li><a href='https:\/\/dalatreview.vn\/en#1-dich-vu-thue-xe-may-vu-da-lat' class='heading-h2 toc-link smooth-scroll'>1. D\u1ecbch v\u1ee5 thu\u00ea xe m\u00e1y V\u0169 \u0110\u00e0 L\u1ea1t<\/a>\n<li><a href='https:\/\/dalatreview.vn\/en#2-bang-gia-cho-thue-xe-may-da-lat' class='heading-h2 toc-link smooth-scroll'>2. B\u1ea3ng gi\u00e1 cho thu\u00ea xe m\u00e1y \u0110\u00e0 L\u1ea1t\u00a0<\/a>\n<li><a href='https:\/\/dalatreview.vn\/en#3-thu-tuc-khi-thue-xe-may-da-lat' class='heading-h2 toc-link smooth-scroll'>3. Th\u1ee7 t\u1ee5c khi thu\u00ea xe m\u00e1y \u0110\u00e0 L\u1ea1t\u00a0<\/a>\n<li><a href='https:\/\/dalatreview.vn\/en#4-thong-tin-lien-he' class='heading-h2 toc-link smooth-scroll'>4. Th\u00f4ng tin li\u00ean h\u1ec7\u00a0<\/a><\/ul>\n<\/ul>\n<\/li>\n<\/ul>\n<\/nav>\n<h1 style=\"text-align: center;\" id=\"dich-vu-cho-thue-xe-may-da-lat\"><span style=\"color: #003300;\"><strong>D\u1ecbch v\u1ee5 cho thu\u00ea xe m\u00e1y \u0110\u00e0 L\u1ea1t<\/strong><\/span><\/h1>\n<p>M\u1ed9t trong nh\u1eefng h\u00ecnh th\u1ee9c du l\u1ecbch \u0110\u00e0 L\u1ea1t \u0111\u01b0\u1ee3c r\u1ea5t nhi\u1ec1u b\u1ea1n tr\u1ebb y\u00eau th\u00edch ch\u00ednh l\u00e0 vi vu tham quan th\u00e0nh ph\u1ed1 m\u1ed9ng m\u01a1 n\u00e0y tr\u00ean chi\u1ebfc xe g\u1eafn m\u00e1y. V\u00e0 n\u1ebfu nh\u01b0 b\u1ea1n v\u1eabn c\u00f2n \u0111ang b\u0103n kho\u0103n ch\u01b0a bi\u1ebft d\u1ecbch v\u1ee5 thu\u00ea xe m\u00e1y n\u00e0o \u1edf \u0110\u00e0 L\u1ea1t uy t\u00edn th\u00ec h\u00e3y tham kh\u1ea3o ngay b\u00e0i b\u00e0i vi\u1ebft d\u01b0\u1edbi \u0111\u00e2y nh\u00e9!<\/p>\n<p><img decoding=\"async\" class=\"size-full wp-image-44536 aligncenter\" src=\"https:\/\/dalatreview.vn\/wp-content\/uploads\/2024\/09\/440966660_2252864611733280_7548089786334800896_n.jpg\" alt=\"thu\u00ea xe m\u00e1y v\u0169\" width=\"2048\" height=\"1364\" srcset=\"https:\/\/dalatreview.vn\/wp-content\/uploads\/2024\/09\/440966660_2252864611733280_7548089786334800896_n.jpg 2048w, https:\/\/dalatreview.vn\/wp-content\/uploads\/2024\/09\/440966660_2252864611733280_7548089786334800896_n-1024x682.jpg 1024w, https:\/\/dalatreview.vn\/wp-content\/uploads\/2024\/09\/440966660_2252864611733280_7548089786334800896_n-768x512.jpg 768w, https:\/\/dalatreview.vn\/wp-content\/uploads\/2024\/09\/440966660_2252864611733280_7548089786334800896_n-1536x1023.jpg 1536w, https:\/\/dalatreview.vn\/wp-content\/uploads\/2024\/09\/440966660_2252864611733280_7548089786334800896_n-600x400.jpg 600w\" sizes=\"(max-width: 2048px) 100vw, 2048px\" \/><\/p>\n<h2 id=\"1-dich-vu-thue-xe-may-vu-da-lat\"><span style=\"color: #003300;\"><strong>1. D\u1ecbch v\u1ee5 thu\u00ea xe m\u00e1y V\u0169 \u0110\u00e0 L\u1ea1t<\/strong><\/span><\/h2>\n<p>&#8211; \u0110\u1ec3 tham quan kh\u00e1m ph\u00e1 m\u1ecdi ng\u00f3c ng\u00e1ch ph\u1ed1 n\u00fai \u0110\u00e0 L\u1ea1t m\u1ed9ng m\u01a1 th\u00ec d\u1ecbch v\u1ee5 thu\u00ea xe l\u00e0 m\u1ed9t trong l\u1ef1a ch\u1ecdn h\u00e0ng \u0111\u1ea7u cho c\u00e1c b\u1ea1n tr\u1ebb hi\u1ec7n nay.\u00a0<\/p>\n<p><img decoding=\"async\" class=\"alignleft size-full wp-image-44531\" src=\"https:\/\/dalatreview.vn\/wp-content\/uploads\/2024\/09\/440802985_2252864738399934_4715741770102600351_n.jpg\" alt=\"thu\u00ea xe m\u00e1y v\u0169\" width=\"2048\" height=\"1364\" srcset=\"https:\/\/dalatreview.vn\/wp-content\/uploads\/2024\/09\/440802985_2252864738399934_4715741770102600351_n.jpg 2048w, https:\/\/dalatreview.vn\/wp-content\/uploads\/2024\/09\/440802985_2252864738399934_4715741770102600351_n-1024x682.jpg 1024w, https:\/\/dalatreview.vn\/wp-content\/uploads\/2024\/09\/440802985_2252864738399934_4715741770102600351_n-768x512.jpg 768w, https:\/\/dalatreview.vn\/wp-content\/uploads\/2024\/09\/440802985_2252864738399934_4715741770102600351_n-1536x1023.jpg 1536w, https:\/\/dalatreview.vn\/wp-content\/uploads\/2024\/09\/440802985_2252864738399934_4715741770102600351_n-600x400.jpg 600w\" sizes=\"(max-width: 2048px) 100vw, 2048px\" \/><\/p>\n<p>&#8211; Nh\u01b0ng \u0111\u1ec3 c\u00f3 th\u1ec3 thu\u00ea \u0111\u01b0\u1ee3c xe m\u00e1y gi\u00e1 r\u1ebb v\u00e0 ch\u1ea5t l\u01b0\u1ee3ng t\u1ed1t v\u1eabn lu\u00f4n l\u00e0 m\u1ed9t v\u1ea5n \u0111\u1ec1 \u0111\u01b0\u1ee3c c\u00e1c b\u1ea1n tr\u1ebb quan t\u00e2m. V\u00e0 d\u1ecbch v\u1ee5 thu\u00ea m\u00e1y V\u0169 \u0110\u00e0 L\u1ea1t l\u00e0 m\u1ed9t \u0111\u1ecba \u0111i\u1ec3m thu\u00ea xe t\u1ea1i \u0110\u00e0 L\u1ea1t uy t\u00edn m\u00e0 b\u1ea1n c\u00f3 th\u1ec3 tham kh\u1ea3o.\u00a0<\/p>\n<p><img decoding=\"async\" class=\"size-full wp-image-44526 aligncenter\" src=\"https:\/\/dalatreview.vn\/wp-content\/uploads\/2024\/09\/440750470_2252864365066638_7732976219047142062_n.jpg\" alt=\"d\u1ecbch v\u1ee5 thu\u00ea xe m\u00e1y v\u0169\" width=\"2048\" height=\"1364\" srcset=\"https:\/\/dalatreview.vn\/wp-content\/uploads\/2024\/09\/440750470_2252864365066638_7732976219047142062_n.jpg 2048w, https:\/\/dalatreview.vn\/wp-content\/uploads\/2024\/09\/440750470_2252864365066638_7732976219047142062_n-1024x682.jpg 1024w, https:\/\/dalatreview.vn\/wp-content\/uploads\/2024\/09\/440750470_2252864365066638_7732976219047142062_n-768x512.jpg 768w, https:\/\/dalatreview.vn\/wp-content\/uploads\/2024\/09\/440750470_2252864365066638_7732976219047142062_n-1536x1023.jpg 1536w, https:\/\/dalatreview.vn\/wp-content\/uploads\/2024\/09\/440750470_2252864365066638_7732976219047142062_n-600x400.jpg 600w\" sizes=\"(max-width: 2048px) 100vw, 2048px\" \/><\/p>\n<p>&#8211; V\u1edbi ti\u00eau ch\u00ed mong mu\u1ed1n \u0111em \u0111\u1ebfn cho kh\u00e1ch h\u00e0ng c\u00f3 \u0111\u01b0\u1ee3c nh\u1eefng tr\u1ea3i nghi\u1ec7m t\u1ed1t nh\u1ea5t trong chuy\u1ebfn du l\u1ecbch \u0110\u00e0 L\u1ea1t. D\u1ecbch v\u1ee5 thu\u00ea xe m\u00e1y V\u0169 \u0110\u00e0 L\u1ea1t lu\u00f4n l\u00e0 \u0111\u1ecba \u0111i\u1ec3m thu\u00ea xe m\u00e1y uy t\u00edn, \u0111\u1ea3m b\u1ea3o thu\u00ea xe v\u1edbi gi\u00e1 r\u1ebb \u1ed5n \u0111\u1ecbnh, kh\u00f4ng t\u0103ng gi\u00e1 hay \u0111\u00f4n gi\u00e1 v\u00e0o d\u1ecbp l\u1ec5.<\/p>\n<p><img decoding=\"async\" class=\"size-full wp-image-44527 aligncenter\" src=\"https:\/\/dalatreview.vn\/wp-content\/uploads\/2024\/09\/440754535_2252864628399945_7544938014504395279_n.jpg\" alt=\"thu\u00ea xe m\u00e1y v\u0169\" width=\"1364\" height=\"2048\" srcset=\"https:\/\/dalatreview.vn\/wp-content\/uploads\/2024\/09\/440754535_2252864628399945_7544938014504395279_n.jpg 1364w, https:\/\/dalatreview.vn\/wp-content\/uploads\/2024\/09\/440754535_2252864628399945_7544938014504395279_n-682x1024.jpg 682w, https:\/\/dalatreview.vn\/wp-content\/uploads\/2024\/09\/440754535_2252864628399945_7544938014504395279_n-768x1153.jpg 768w, https:\/\/dalatreview.vn\/wp-content\/uploads\/2024\/09\/440754535_2252864628399945_7544938014504395279_n-1023x1536.jpg 1023w, https:\/\/dalatreview.vn\/wp-content\/uploads\/2024\/09\/440754535_2252864628399945_7544938014504395279_n-600x901.jpg 600w\" sizes=\"(max-width: 1364px) 100vw, 1364px\" \/><\/p>\n<p>&#8211; L\u1ef1a ch\u1ecdn d\u1ecbch v\u1ee5 thu\u00ea xe m\u00e1y V\u0169 \u0110\u00e0 L\u1ea1t, \u0110\u00e0 L\u1ea1t Review tin ch\u1eafc r\u1eb1ng b\u1ea1n s\u1ebd c\u00f3 nh\u1eefng tr\u1ea3i nghi\u1ec7m tuy\u1ec7t v\u1eddi, \u0111\u01b0\u1ee3c th\u1ecfa s\u1ee9c d\u1ea1o ch\u01a1i kh\u00e1m ph\u00e1 m\u1ecdi ng\u00f3c ng\u00e1ch th\u00e0nh ph\u1ed1 v\u1edbi nh\u1eefng chi\u1ebfc xe m\u00e1y ch\u1ea5t l\u01b0\u1ee3ng cao v\u00e0 m\u1ee9c chi ph\u00ed ph\u00f9 h\u1ee3p v\u1edbi t\u00fai ti\u1ec1n c\u1ee7a m\u00ecnh.\u00a0<\/p>\n<p><img decoding=\"async\" class=\"size-full wp-image-44528 aligncenter\" src=\"https:\/\/dalatreview.vn\/wp-content\/uploads\/2024\/09\/440766235_2252864718399936_476926624461365538_n.jpg\" alt=\"thu\u00ea xe m\u00e1y v\u0169 \u0111\u00e0 l\u1ea1t\" width=\"2048\" height=\"1366\" srcset=\"https:\/\/dalatreview.vn\/wp-content\/uploads\/2024\/09\/440766235_2252864718399936_476926624461365538_n.jpg 2048w, https:\/\/dalatreview.vn\/wp-content\/uploads\/2024\/09\/440766235_2252864718399936_476926624461365538_n-1024x683.jpg 1024w, https:\/\/dalatreview.vn\/wp-content\/uploads\/2024\/09\/440766235_2252864718399936_476926624461365538_n-768x512.jpg 768w, https:\/\/dalatreview.vn\/wp-content\/uploads\/2024\/09\/440766235_2252864718399936_476926624461365538_n-1536x1025.jpg 1536w, https:\/\/dalatreview.vn\/wp-content\/uploads\/2024\/09\/440766235_2252864718399936_476926624461365538_n-600x400.jpg 600w\" sizes=\"(max-width: 2048px) 100vw, 2048px\" \/><\/p>\n<p>&#8211; N\u01a1i \u0111\u00e2y, ch\u1eafc ch\u1eafn s\u1ebd \u0111\u1ea3m b\u1ea3o cho b\u1ea1n \u0111a d\u1ea1ng nh\u1eefng d\u00f2ng xe m\u1edbi v\u1edbi ch\u1ea5t l\u01b0\u1ee3ng cao, nhi\u1ec1u m\u1eabu m\u00e3 \u0111\u1eddi m\u1edbi.\u00a0<\/p>\n<p><img decoding=\"async\" class=\"size-full wp-image-44525 aligncenter\" src=\"https:\/\/dalatreview.vn\/wp-content\/uploads\/2024\/09\/440743371_2252864528399955_1710647378542114725_n.jpg\" alt=\"thu\u00ea xe m\u00e1y v\u0169 \u0111\u00e0 l\u1ea1t\" width=\"2048\" height=\"1364\" srcset=\"https:\/\/dalatreview.vn\/wp-content\/uploads\/2024\/09\/440743371_2252864528399955_1710647378542114725_n.jpg 2048w, https:\/\/dalatreview.vn\/wp-content\/uploads\/2024\/09\/440743371_2252864528399955_1710647378542114725_n-1024x682.jpg 1024w, https:\/\/dalatreview.vn\/wp-content\/uploads\/2024\/09\/440743371_2252864528399955_1710647378542114725_n-768x512.jpg 768w, https:\/\/dalatreview.vn\/wp-content\/uploads\/2024\/09\/440743371_2252864528399955_1710647378542114725_n-1536x1023.jpg 1536w, https:\/\/dalatreview.vn\/wp-content\/uploads\/2024\/09\/440743371_2252864528399955_1710647378542114725_n-600x400.jpg 600w\" sizes=\"(max-width: 2048px) 100vw, 2048px\" \/><\/p>\n<p>&#8211; \u0110\u1eb7c bi\u1ec7t, m\u1ed9t \u0111i\u1ec3m c\u1ed9ng cho xe thu\u00ea xe V\u0169 \u0110\u00e0 L\u1ea1t \u0111\u00f3 l\u00e0 th\u1ee7 t\u1ee5c thu\u00ea xe t\u1ea1i \u0111\u00e2y kh\u00e1 \u0111\u01a1n gi\u1ea3n, nh\u1eb9 nh\u00e0ng, ch\u1ec9 c\u1ea7n b\u1ea1n nh\u1ea5c m\u00e1y g\u1ecdi \u0111i\u1ec7n \u0111\u1ebfn hotline t\u01b0 v\u1ea5n l\u00e0 s\u1ebd c\u00f3 c\u00e1c b\u1ea1n h\u01b0\u1edbng d\u1eabn t\u1eadn t\u00ecnh.\u00a0<\/p>\n<p><img decoding=\"async\" class=\"size-full wp-image-44533 aligncenter\" src=\"https:\/\/dalatreview.vn\/wp-content\/uploads\/2024\/09\/440809042_2252864665066608_262952606085887063_n.jpg\" alt=\"nh\u1eefng d\u00f2ng xe m\u1edbi t\u1ea1i thu\u00ea xe m\u00e1y v\u0169\" width=\"2048\" height=\"1366\" srcset=\"https:\/\/dalatreview.vn\/wp-content\/uploads\/2024\/09\/440809042_2252864665066608_262952606085887063_n.jpg 2048w, https:\/\/dalatreview.vn\/wp-content\/uploads\/2024\/09\/440809042_2252864665066608_262952606085887063_n-1024x683.jpg 1024w, https:\/\/dalatreview.vn\/wp-content\/uploads\/2024\/09\/440809042_2252864665066608_262952606085887063_n-768x512.jpg 768w, https:\/\/dalatreview.vn\/wp-content\/uploads\/2024\/09\/440809042_2252864665066608_262952606085887063_n-1536x1025.jpg 1536w, https:\/\/dalatreview.vn\/wp-content\/uploads\/2024\/09\/440809042_2252864665066608_262952606085887063_n-600x400.jpg 600w\" sizes=\"(max-width: 2048px) 100vw, 2048px\" \/><\/p>\n<p>&#8211; D\u1ecbch v\u1ee5 thu\u00ea xe m\u00e1y V\u0169 \u0110\u00e0 L\u1ea1t \u0111a d\u1ea1ng v\u1edbi r\u1ea5t nhi\u1ec1u d\u00f2ng xe \u0111\u1eddi m\u1edbi nh\u01b0: AirBlade, Visson, Vario 160, Sh mode, vv&#8230; T\u1ea5t c\u1ea3 \u0111\u1ec1u \u0111\u01b0\u1ee3c \u0111\u1ea3m b\u1ea3o an to\u00e0n k\u1ef9 thu\u1eadt v\u00e0 giao xe t\u1eadn kh\u00e1ch s\u1ea1n cho b\u1ea1n.\u00a0<\/p>\n<h2 id=\"2-bang-gia-cho-thue-xe-may-da-lat\"><span style=\"color: #003300;\"><strong>2. B\u1ea3ng gi\u00e1 cho thu\u00ea xe m\u00e1y \u0110\u00e0 L\u1ea1t\u00a0<\/strong><\/span><\/h2>\n<p>&#8211; <strong>Gi\u00e1 thu\u00ea xe S\u1ed1<\/strong>: <span style=\"color: #ff0000;\"><strong>100.000 vn\u0111\/ Ng\u00e0y\u00a0<\/strong><\/span><\/p>\n<p>&#8211; <strong>Gi\u00e1 thu\u00ea xe Ga:<\/strong> <span style=\"color: #ff0000;\"><strong>120.000 vn\u0111\/ Ng\u00e0y\u00a0<\/strong><\/span><\/p>\n<p>D\u1ecbch v\u1ee5 thu\u00ea m\u00e1y V\u0169 \u0110\u00e0 L\u1ea1t giao xe t\u1eadn n\u01a1i trong n\u1ed9i th\u00e0nh \u0110\u00e0 L\u1ea1t.\u00a0<\/p>\n<p><img decoding=\"async\" class=\"size-full wp-image-44529 aligncenter\" src=\"https:\/\/dalatreview.vn\/wp-content\/uploads\/2024\/09\/440785505_2252864591733282_9057915969886705416_n.jpg\" alt=\"d\u1ecbch v\u1ee5 thu\u00ea xe m\u00e1y v\u0169\" width=\"1366\" height=\"2048\" srcset=\"https:\/\/dalatreview.vn\/wp-content\/uploads\/2024\/09\/440785505_2252864591733282_9057915969886705416_n.jpg 1366w, https:\/\/dalatreview.vn\/wp-content\/uploads\/2024\/09\/440785505_2252864591733282_9057915969886705416_n-683x1024.jpg 683w, https:\/\/dalatreview.vn\/wp-content\/uploads\/2024\/09\/440785505_2252864591733282_9057915969886705416_n-768x1151.jpg 768w, https:\/\/dalatreview.vn\/wp-content\/uploads\/2024\/09\/440785505_2252864591733282_9057915969886705416_n-1025x1536.jpg 1025w, https:\/\/dalatreview.vn\/wp-content\/uploads\/2024\/09\/440785505_2252864591733282_9057915969886705416_n-600x900.jpg 600w\" sizes=\"(max-width: 1366px) 100vw, 1366px\" \/><\/p>\n<p>Ngo\u00e0i ra, khi l\u1ef1a ch\u1ecdn d\u1ecbch v\u1ee5 thu\u00ea xe m\u00e1y \u0110\u00e0 L\u1ea1t b\u1ea1n s\u1ebd nh\u1eadn \u0111\u01b0\u1ee3c k\u00e8m n\u00f3n b\u1ea3o hi\u1ec3m v\u00e0 \u00e1o m\u01b0a.\u00a0<\/p>\n<h2 id=\"3-thu-tuc-khi-thue-xe-may-da-lat\"><strong>3. Th\u1ee7 t\u1ee5c khi thu\u00ea xe m\u00e1y \u0110\u00e0 L\u1ea1t\u00a0<\/strong><\/h2>\n<p>&#8211; Khi l\u1ef1a ch\u1ecdn d\u1ecbch v\u1ee5 thu\u00ea xe m\u00e1y \u0110\u00e0 L\u1ea1t b\u1ea1n ch\u1ec9 c\u1ea7n \u0111\u1ec3 c\u0103n c\u01b0\u1edbc c\u00f4ng d\u00e2n ho\u1eb7c gi\u1ea5y t\u1edd h\u1ee3p ph\u00e1p t\u01b0\u01a1ng \u0111\u01b0\u01a1ng l\u00e0 \u0111\u00e3 c\u00f3 th\u1ec3 l\u1ea5y xe \u0111i vi vu kh\u00e1m ph\u00e1 \u0110\u00e0 L\u1ea1t m\u00e0 kh\u00f4ng c\u1ea7n ph\u1ea3i th\u1ee7 t\u1ee5c ho\u1eb7c h\u1ee3p \u0111\u1ed3ng r\u01b0\u1eddm r\u00e0 m\u1ea5t th\u1eddi gian.\u00a0<\/p>\n<p><img decoding=\"async\" class=\"size-full wp-image-44530 aligncenter\" src=\"https:\/\/dalatreview.vn\/wp-content\/uploads\/2024\/09\/440786452_2252864578399950_1812487934497174874_n.jpg\" alt=\"thu\u00ea xe m\u00e1y v\u0169\" width=\"2048\" height=\"1364\" srcset=\"https:\/\/dalatreview.vn\/wp-content\/uploads\/2024\/09\/440786452_2252864578399950_1812487934497174874_n.jpg 2048w, https:\/\/dalatreview.vn\/wp-content\/uploads\/2024\/09\/440786452_2252864578399950_1812487934497174874_n-1024x682.jpg 1024w, https:\/\/dalatreview.vn\/wp-content\/uploads\/2024\/09\/440786452_2252864578399950_1812487934497174874_n-768x512.jpg 768w, https:\/\/dalatreview.vn\/wp-content\/uploads\/2024\/09\/440786452_2252864578399950_1812487934497174874_n-1536x1023.jpg 1536w, https:\/\/dalatreview.vn\/wp-content\/uploads\/2024\/09\/440786452_2252864578399950_1812487934497174874_n-600x400.jpg 600w\" sizes=\"(max-width: 2048px) 100vw, 2048px\" \/><\/p>\n<p>&#8211; Khi thu\u00ea xe b\u1ea1n h\u00e3y tu\u00e2n th\u1ee7 c\u00e1c quy \u0111\u1ecbnh c\u1ee7a ph\u00e1p lu\u1eadt v\u1ec1 thu\u00ea xe v\u00e0 s\u1eed d\u1ee5ng xe m\u00e1y, tu\u00e2n th\u1ee7 \u0111\u00fang lu\u1eadt giao th\u00f4ng \u0111\u01b0\u1eddng b\u1ed9 quy \u0111\u1ecbnh \u0111\u1ecbnh c\u1ee7a ph\u00e1p lu\u1eadt Vi\u1ec7t Nam.\u00a0<\/p>\n<p><img decoding=\"async\" class=\"size-full wp-image-44532 aligncenter\" src=\"https:\/\/dalatreview.vn\/wp-content\/uploads\/2024\/09\/440805223_2252864498399958_4968760844258211816_n.jpg\" alt=\"thu\u00ea xe m\u00e1y v\u0169 \u0111\u00e0 l\u1ea1t\" width=\"2048\" height=\"1364\" srcset=\"https:\/\/dalatreview.vn\/wp-content\/uploads\/2024\/09\/440805223_2252864498399958_4968760844258211816_n.jpg 2048w, https:\/\/dalatreview.vn\/wp-content\/uploads\/2024\/09\/440805223_2252864498399958_4968760844258211816_n-1024x682.jpg 1024w, https:\/\/dalatreview.vn\/wp-content\/uploads\/2024\/09\/440805223_2252864498399958_4968760844258211816_n-768x512.jpg 768w, https:\/\/dalatreview.vn\/wp-content\/uploads\/2024\/09\/440805223_2252864498399958_4968760844258211816_n-1536x1023.jpg 1536w, https:\/\/dalatreview.vn\/wp-content\/uploads\/2024\/09\/440805223_2252864498399958_4968760844258211816_n-600x400.jpg 600w\" sizes=\"(max-width: 2048px) 100vw, 2048px\" \/><\/p>\n<p>&#8211; Ngo\u00e0i ra, khi thu\u00ea xe m\u00e1y tham quan \u0110\u00e0 L\u1ea1t b\u1ea1n n\u00ean ch\u00fa \u00fd c\u00e1c bi\u1ec3n b\u00e1o giao th\u00f4ng \u0111\u1ec3 n\u1eafm r\u00f5 c\u00e1c \u0111\u01b0\u1eddng c\u1ea5m, \u0111\u01b0\u1eddng m\u1ed9t chi\u1ec1u \u0111\u1ec3 tr\u00e1nh b\u1ecb ph\u1ea1t oan.<\/p>\n<h2 id=\"4-thong-tin-lien-he\"><span style=\"color: #003300;\"><strong>4. Th\u00f4ng tin li\u00ean h\u1ec7\u00a0<\/strong><\/span><\/h2>\n<p>Hotline:<span style=\"color: #ff0000;\"><strong> 0986 249 297<\/strong><\/span><\/p>\n<p>Xem th\u00eam b\u00e0i vi\u1ebft kh\u00e1c t\u1ea1i:<a href=\"https:\/\/dalatreview.vn\/en\/\">\u0110\u00e0 L\u1ea1t Review<\/a><\/p>","protected":false},"excerpt":{"rendered":"<p>Danh m\u1ee5c ch\u00ednh D\u1ecbch v\u1ee5 cho thu\u00ea xe m\u00e1y \u0110\u00e0 L\u1ea1t 1. D\u1ecbch v\u1ee5 thu\u00ea xe m\u00e1y V\u0169 \u0110\u00e0 L\u1ea1t 2. B\u1ea3ng gi\u00e1 cho thu\u00ea xe m\u00e1y \u0110\u00e0 L\u1ea1t\u00a0 3. Th\u1ee7 t\u1ee5c khi thu\u00ea xe m\u00e1y \u0110\u00e0 L\u1ea1t\u00a0 4. Th\u00f4ng tin li\u00ean h\u1ec7\u00a0 D\u1ecbch v\u1ee5 cho thu\u00ea xe m\u00e1y \u0110\u00e0 L\u1ea1t M\u1ed9t trong nh\u1eefng h\u00ecnh [&hellip;]<\/p>","protected":false},"featured_media":44526,"comment_status":"open","ping_status":"closed","template":"","meta":{"_acf_changed":false,"rank_math_lock_modified_date":false},"product_cat":[73,30],"product_tag":[],"acf":[],"_links":{"self":[{"href":"https:\/\/dalatreview.vn\/en\/wp-json\/wp\/v2\/product\/44520"}],"collection":[{"href":"https:\/\/dalatreview.vn\/en\/wp-json\/wp\/v2\/product"}],"about":[{"href":"https:\/\/dalatreview.vn\/en\/wp-json\/wp\/v2\/types\/product"}],"replies":[{"embeddable":true,"href":"https:\/\/dalatreview.vn\/en\/wp-json\/wp\/v2\/comments?post=44520"}],"wp:featuredmedia":[{"embeddable":true,"href":"https:\/\/dalatreview.vn\/en\/wp-json\/wp\/v2\/media\/44526"}],"wp:attachment":[{"href":"https:\/\/dalatreview.vn\/en\/wp-json\/wp\/v2\/media?parent=44520"}],"wp:term":[{"taxonomy":"product_cat","embeddable":true,"href":"https:\/\/dalatreview.vn\/en\/wp-json\/wp\/v2\/product_cat?post=44520"},{"taxonomy":"product_tag","embeddable":true,"href":"https:\/\/dalatreview.vn\/en\/wp-json\/wp\/v2\/product_tag?post=44520"}],"curies":[{"name":"wp","href":"https:\/\/api.w.org\/{rel}","templated":true}]}}