
{"id":44136,"date":"2024-08-27T10:48:51","date_gmt":"2024-08-27T03:48:51","guid":{"rendered":"https:\/\/dalatreview.vn\/?post_type=product&#038;p=44136"},"modified":"2024-09-14T14:25:02","modified_gmt":"2024-09-14T07:25:02","slug":"phuong-linh-may-ha-noi-15-09","status":"publish","type":"product","link":"https:\/\/dalatreview.vn\/en\/phuong-linh-may-ha-noi-15-09.html","title":{"rendered":"Ph\u01b0\u01a1ng Linh &#8211; M\u00e2y H\u00e0 N\u1ed9i &#8211; 15\/09"},"content":{"rendered":"<nav class=\"vietrick-auto-toc\">\n<div class=\"box-title\">\n<h3 class=\"toc-title\" id=\"select-menu\">Danh m\u1ee5c ch\u00ednh<\/h3>\n<div><ion-icon name=\"chevron-up-outline\"><\/ion-icon><\/div>\n<\/div>\n<ul class=\"toc-list\"><\/ul>\n<li><a href='https:\/\/dalatreview.vn\/en#phuong-linh' class='heading-h1 toc-link smooth-scroll'>Ph\u01b0\u01a1ng Linh<\/a>\n<ul>\n<li><a href='https:\/\/dalatreview.vn\/en#sol-8-live-stage' class='heading-h2 toc-link smooth-scroll'>Sol 8 &#8211; Live Stage<\/a>\n<li><a href='https:\/\/dalatreview.vn\/en#1-thong-tin-dat-ve-liveshow' class='heading-h2 toc-link smooth-scroll'>1. Th\u00f4ng tin \u0111\u1eb7t v\u00e9 liveshow\u00a0<\/a>\n<li><a href='https:\/\/dalatreview.vn\/en#2-mo-ta-san-khau-liveshow' class='heading-h2 toc-link smooth-scroll'>2. M\u00f4 t\u1ea3 s\u00e2n kh\u1ea5u liveshow<\/a>\n<li><a href='https:\/\/dalatreview.vn\/en#3-cac-chinh-sach-cua-may-lang-thang' class='heading-h2 toc-link smooth-scroll'>3. C\u00e1c ch\u00ednh s\u00e1ch c\u1ee7a M\u00e2y Lang Thang <\/a>\n<li><a href='https:\/\/dalatreview.vn\/en#4-dich-vu' class='heading-h2 toc-link smooth-scroll'>4. D\u1ecbch v\u1ee5 <\/a>\n<li><a href='https:\/\/dalatreview.vn\/en#5-lien-he' class='heading-h2 toc-link smooth-scroll'>5. Li\u00ean H\u1ec7<\/a><\/ul>\n<\/ul>\n<\/li>\n<\/ul>\n<\/nav>\n<h1 style=\"text-align: center;\" id=\"phuong-linh\"><span style=\"color: #003300;\"><strong>Ph\u01b0\u01a1ng Linh<\/strong><\/span><\/h1>\n<h2 style=\"text-align: center;\" id=\"sol-8-live-stage\"><span style=\"color: #003300; font-size: 20px;\"><strong>Sol 8 &#8211; Live Stage<\/strong><\/span><\/h2>\n<p style=\"text-align: center;\">Ph\u01b0\u01a1ng Linh<\/p>\n<p style=\"text-align: center;\">Th\u1eddi gian: 15\/09\/2024<\/p>\n<p style=\"text-align: center;\">Show time: 20h00<\/p>\n<p><img decoding=\"async\" class=\"wp-image-44137 size-full aligncenter\" src=\"https:\/\/dalatreview.vn\/wp-content\/uploads\/2024\/08\/z5770731315423_a04badff62adc5909c0a0393cffd9456.jpg\" alt=\"th\u00f4ng tin show ph\u01b0\u01a1ng linh m\u00e2y h\u00e0 n\u1ed9i\" width=\"1140\" height=\"1425\" srcset=\"https:\/\/dalatreview.vn\/wp-content\/uploads\/2024\/08\/z5770731315423_a04badff62adc5909c0a0393cffd9456.jpg 1140w, https:\/\/dalatreview.vn\/wp-content\/uploads\/2024\/08\/z5770731315423_a04badff62adc5909c0a0393cffd9456-819x1024.jpg 819w, https:\/\/dalatreview.vn\/wp-content\/uploads\/2024\/08\/z5770731315423_a04badff62adc5909c0a0393cffd9456-768x960.jpg 768w, https:\/\/dalatreview.vn\/wp-content\/uploads\/2024\/08\/z5770731315423_a04badff62adc5909c0a0393cffd9456-600x750.jpg 600w\" sizes=\"(max-width: 1140px) 100vw, 1140px\" \/><\/p>\n<h2 id=\"1-thong-tin-dat-ve-liveshow\"><span style=\"color: #003300;\"><strong>1. Th\u00f4ng tin \u0111\u1eb7t v\u00e9 liveshow\u00a0<\/strong><\/span><\/h2>\n<p><strong>Th\u00f4ng tin gi\u00e1 v\u00e9:\u00a0<\/strong><\/p>\n<table style=\"height: 96px; width: 99.0286%; border-collapse: collapse; border-color: #000000; border-style: solid;\" border=\"1px\">\n<tbody>\n<tr style=\"height: 24px;\">\n<td style=\"width: 34.9776%; height: 24px; text-align: center;\"><span style=\"color: #ff0000; font-size: 14pt;\"><strong>PREMIUM \/ TH\u1ea2NH TH\u01a0I<\/strong><\/span><\/td>\n<td style=\"width: 25.5153%; height: 24px; text-align: center;\"><span style=\"font-size: 14pt;\"><strong><span style=\"color: #ff0000;\">1.310.000 VN\u0110<\/span><\/strong><\/span><\/td>\n<\/tr>\n<tr style=\"height: 24px;\">\n<td style=\"width: 34.9776%; height: 24px; text-align: center;\"><span style=\"color: #ff0000; font-size: 14pt;\"><strong>VIP \/ B\u1ec0NH B\u1ed2NG<\/strong><\/span><\/td>\n<td style=\"width: 25.5153%; height: 24px; text-align: center;\"><span style=\"font-size: 14pt;\"><strong><span style=\"color: #ff0000;\">1.010.000 VN\u0110<\/span><\/strong><\/span><\/td>\n<\/tr>\n<tr style=\"height: 24px;\">\n<td style=\"width: 34.9776%; height: 24px; text-align: center;\"><span style=\"color: #ff0000; font-size: 14pt;\"><strong>STANDARD 1 \/ M\u01a0 M\u00c0NG<\/strong><\/span><\/td>\n<td style=\"width: 25.5153%; height: 24px; text-align: center;\"><span style=\"font-size: 14pt;\"><strong><span style=\"color: #ff0000;\">860.000 VN\u0110<\/span><\/strong><\/span><\/td>\n<\/tr>\n<tr style=\"height: 24px;\">\n<td style=\"width: 34.9776%; height: 24px; text-align: center;\"><span style=\"color: #ff0000; font-size: 14pt;\"><strong>STANDARD 2 \/ NH\u1edeN NH\u01a0<\/strong><\/span><\/td>\n<td style=\"width: 25.5153%; height: 24px; text-align: center;\"><span style=\"font-size: 14pt;\"><strong><span style=\"color: #ff0000;\">560.000 VN\u0110<\/span><\/strong><\/span><\/td>\n<\/tr>\n<\/tbody>\n<\/table>\n<p><img decoding=\"async\" class=\"aligncenter\" src=\"https:\/\/dalatreview.vn\/wp-content\/uploads\/2024\/08\/1-2.jpg\" alt=\"th\u00f4ng tin show ph\u01b0\u01a1ng linh m\u00e2y h\u00e0 n\u1ed9i\" width=\"1200\" height=\"900\" \/><\/p>\n<h2 id=\"2-mo-ta-san-khau-liveshow\"><span style=\"color: #003300;\"><strong>2. M\u00f4 t\u1ea3 s\u00e2n kh\u1ea5u liveshow<\/strong><\/span><\/h2>\n<p>\u0110\u1ecba ch\u1ec9 t\u1ed5 ch\u1ee9c thu\u1ed9c SOL 8 &#8211; Live Stage &#8211; S\u1ed1 8, Ph\u1ed1 Nguy\u1ec5n C\u00f4ng Hoan, Qu\u1eadn Ba \u0110\u00ecnh, H\u00e0 N\u1ed9i<\/p>\n<p>C\u00e1c gh\u1ebf \u0111\u00e3 \u0111\u1eb7t ch\u1ec9 mang t\u00ednh ch\u1ea5t \u0111\u00e3 \u0111\u1eb7t ch\u1ed7 th\u00e0nh c\u00f4ng, qu\u00fd kh\u00e1ch vui l\u00f2ng \u0111\u1ebfn s\u1edbm \u0111\u1ec3 ch\u1ecdn \u0111\u01b0\u1ee3c ch\u1ed7 ng\u1ed3i t\u1ed1t nh\u1ea5t theo khu<\/p>\n<p>H\u00ecnh \u1ea3nh s\u00e2n kh\u1ea5u:<\/p>\n<p><img decoding=\"async\" class=\"size-full wp-image-34581 aligncenter\" src=\"https:\/\/dalatreview.vn\/wp-content\/uploads\/2023\/12\/Vuon-hoa-thanh-pho-da-lat-1-3.jpg\" alt=\"s\u00e2n kh\u1ea5u m\u00e2y lang thang h\u00e0 n\u1ed9i\" width=\"1200\" height=\"900\" srcset=\"https:\/\/dalatreview.vn\/wp-content\/uploads\/2023\/12\/Vuon-hoa-thanh-pho-da-lat-1-3.jpg 1200w, https:\/\/dalatreview.vn\/wp-content\/uploads\/2023\/12\/Vuon-hoa-thanh-pho-da-lat-1-3-600x450.jpg 600w\" sizes=\"(max-width: 1200px) 100vw, 1200px\" \/><\/p>\n<p>S\u01a1 \u0111\u1ed3 s\u00e2n kh\u1ea5u:<\/p>\n<p><img decoding=\"async\" class=\"size-full wp-image-36504 aligncenter\" src=\"https:\/\/dalatreview.vn\/wp-content\/uploads\/2024\/02\/so-do-san-khau.jpg\" alt=\"s\u01a1 \u0111\u1ed3 s\u00e2n kh\u1ea5u\" width=\"2560\" height=\"2184\" srcset=\"https:\/\/dalatreview.vn\/wp-content\/uploads\/2024\/02\/so-do-san-khau.jpg 2560w, https:\/\/dalatreview.vn\/wp-content\/uploads\/2024\/02\/so-do-san-khau-600x512.jpg 600w\" sizes=\"(max-width: 2560px) 100vw, 2560px\" \/><\/p>\n<h2 id=\"3-cac-chinh-sach-cua-may-lang-thang\"><span style=\"color: #003300;\"><strong>3. C\u00e1c ch\u00ednh s\u00e1ch c\u1ee7a M\u00e2y Lang Thang <\/strong><\/span><\/h2>\n<p><strong>Ch\u00ednh s\u00e1ch tr\u1ebb em b\u00ean M\u00e2y Lang Thang:<\/strong><\/p>\n<p>\u2013 Mi\u1ec5n ph\u00ed cho b\u00e9 d\u01b0\u1edbi 3 tu\u1ed5i ( ng\u1ed3i chung gh\u1ebf v\u1edbi b\u1ed1 m\u1eb9 su\u1ed1t bu\u1ed5i di\u1ec5n )<br \/>\n\u2013 C\u00f2n n\u1ebfu b\u00e9 tr\u00ean 3 tu\u1ed5i, d\u01b0\u1edbi 1m2 th\u00ec b\u00ean em gi\u1ea3m 15% \u0111\u1ed1i v\u1edbi gh\u1ebf c\u1ee7a b\u00e9.<br \/>\n\u2013 <span style=\"font-size: 16px;\">\u0110\u1ed1i v\u1edbi tr\u1ebb em d\u01b0\u1edbi 1m2 ph\u1ee5 thu 70% (30% ho\u00e0n t\u1ea1i qu\u1ea7y check-in).<\/span><\/p>\n<h2 id=\"4-dich-vu\"><span style=\"color: #003300;\"><strong>4. D\u1ecbch v\u1ee5 <\/strong><\/span><\/h2>\n<p>+ \u0110\u01b0\u1ee3c g\u1eb7p g\u1ee1 giao l\u01b0u c\u00f9ng nh\u1eefng th\u1ea7n t\u01b0\u1ee3ng n\u1ed5i ti\u1ebfng c\u1ee7a m\u00ecnh.<\/p>\n<p>+ \u0110\u01b0\u1ee3c \u0111\u1eafm ch\u00ecm v\u00e0o nh\u1eefng \u00e2m thanh nh\u1eb9 nh\u00e0ng gi\u00fap b\u1ea1n th\u01b0 gi\u00e3n gi\u1ea3i t\u1ecfa m\u1ecdi \u01b0u phi\u1ec1n h\u1eb1ng ng\u00e0y.<\/p>\n<p>+ \u0110\u01b0\u1ee3c l\u1eafng nghe nh\u1eefng b\u1ea3n t\u00ecnh ca nh\u1eb9 nh\u00e0ng s\u00e2u l\u1eafng d\u01b0\u1edbi kh\u00f4ng kh\u00ed se se l\u1ea1nh l\u00e3ng m\u1ea1n c\u1ee7a H\u00e0 N\u1ed9i.<\/p>\n<p>+ H\u00f2a c\u00f9ng giai \u0111i\u1ec7u \u00e2m nh\u1ea1c du d\u01b0\u01a1ng, phi\u00eau c\u00f9ng ti\u1ebfng h\u00e1t trong kh\u00f4ng kh\u00ed b\u00ecnh y\u00ean.<\/p>\n<h2 id=\"5-lien-he\"><span style=\"color: #003300;\"><strong>5. Li\u00ean H\u1ec7<\/strong><\/span><\/h2>\n<p>Hotline: 0968 249 297<\/p>\n<p>Fanpage booking: <a href=\"https:\/\/www.facebook.com\/liveshowdalat\/\" target=\"_blank\" rel=\"noopener\">Cloud Wandered Show<\/a><\/p>\n<p>Xem th\u00eam b\u00e0i vi\u1ebft kh\u00e1c t\u1ea1i:<a href=\"https:\/\/dalatreview.vn\/en\/\">\u0110\u00e0 L\u1ea1t Review<\/a><\/p>","protected":false},"excerpt":{"rendered":"<p>Danh m\u1ee5c ch\u00ednh Ph\u01b0\u01a1ng Linh Sol 8 &#8211; Live Stage 1. Th\u00f4ng tin \u0111\u1eb7t v\u00e9 liveshow\u00a0 2. M\u00f4 t\u1ea3 s\u00e2n kh\u1ea5u liveshow 3. C\u00e1c ch\u00ednh s\u00e1ch c\u1ee7a M\u00e2y Lang Thang 4. D\u1ecbch v\u1ee5 5. Li\u00ean H\u1ec7 Ph\u01b0\u01a1ng Linh Sol 8 &#8211; Live Stage Ph\u01b0\u01a1ng Linh Th\u1eddi gian: 15\/09\/2024 Show time: 20h00 1. Th\u00f4ng tin \u0111\u1eb7t [&hellip;]<\/p>","protected":false},"featured_media":44137,"comment_status":"open","ping_status":"closed","template":"","meta":{"_acf_changed":false,"rank_math_lock_modified_date":false},"product_cat":[31,2293,49],"product_tag":[],"acf":[],"_links":{"self":[{"href":"https:\/\/dalatreview.vn\/en\/wp-json\/wp\/v2\/product\/44136"}],"collection":[{"href":"https:\/\/dalatreview.vn\/en\/wp-json\/wp\/v2\/product"}],"about":[{"href":"https:\/\/dalatreview.vn\/en\/wp-json\/wp\/v2\/types\/product"}],"replies":[{"embeddable":true,"href":"https:\/\/dalatreview.vn\/en\/wp-json\/wp\/v2\/comments?post=44136"}],"wp:featuredmedia":[{"embeddable":true,"href":"https:\/\/dalatreview.vn\/en\/wp-json\/wp\/v2\/media\/44137"}],"wp:attachment":[{"href":"https:\/\/dalatreview.vn\/en\/wp-json\/wp\/v2\/media?parent=44136"}],"wp:term":[{"taxonomy":"product_cat","embeddable":true,"href":"https:\/\/dalatreview.vn\/en\/wp-json\/wp\/v2\/product_cat?post=44136"},{"taxonomy":"product_tag","embeddable":true,"href":"https:\/\/dalatreview.vn\/en\/wp-json\/wp\/v2\/product_tag?post=44136"}],"curies":[{"name":"wp","href":"https:\/\/api.w.org\/{rel}","templated":true}]}}