
{"id":4364,"date":"2020-03-20T16:22:51","date_gmt":"2020-03-20T09:22:51","guid":{"rendered":"https:\/\/dalatreview.vn\/?p=4364"},"modified":"2024-08-12T12:05:45","modified_gmt":"2024-08-12T05:05:45","slug":"homestay-dep-da-lat","status":"publish","type":"product","link":"https:\/\/dalatreview.vn\/en\/homestay-dep-da-lat.html","title":{"rendered":"Homestay \u0110\u1eb9p \u0110\u00e0 L\u1ea1t"},"content":{"rendered":"<nav class=\"vietrick-auto-toc\">\n<div class=\"box-title\">\n<h3 class=\"toc-title\" id=\"select-menu\">Danh m\u1ee5c ch\u00ednh<\/h3>\n<div><ion-icon name=\"chevron-up-outline\"><\/ion-icon><\/div>\n<\/div>\n<ul class=\"toc-list\"><\/ul>\n<li><a href='https:\/\/dalatreview.vn\/en#homestay-dep-da-lat' class='heading-h1 toc-link smooth-scroll'>Homestay \u0111\u1eb9p \u0110\u00e0 L\u1ea1t<\/a>\n<ul>\n<li><a href='https:\/\/dalatreview.vn\/en#1-gioi-thieu' class='heading-h2 toc-link smooth-scroll'>1. Gi\u1edbi thi\u1ec7u<\/a>\n<li><a href='https:\/\/dalatreview.vn\/en#2-vi-tri' class='heading-h2 toc-link smooth-scroll'>2 . V\u1ecb tr\u00ed<\/a>\n<li><a href='https:\/\/dalatreview.vn\/en#3-gia-phong' class='heading-h2 toc-link smooth-scroll'>3 . Gi\u00e1 ph\u00f2ng<\/a>\n<li><a href='https:\/\/dalatreview.vn\/en#4-tien-nghi' class='heading-h2 toc-link smooth-scroll'>4. Ti\u1ec7n nghi<\/a>\n<li><a href='https:\/\/dalatreview.vn\/en#5-decor' class='heading-h2 toc-link smooth-scroll'>5. Decor<\/a>\n<li><a href='https:\/\/dalatreview.vn\/en#6-lien-he' class='heading-h2 toc-link smooth-scroll'>6. Li\u00ean h\u1ec7<\/a><\/ul>\n<\/ul>\n<\/li>\n<\/ul>\n<\/nav>\n<h1 style=\"text-align: center;\" id=\"homestay-dep-da-lat\"><strong>Homestay \u0111\u1eb9p \u0110\u00e0 L\u1ea1t<\/strong><\/h1>\n<p>&nbsp;<\/p>\n<h2 style=\"text-align: left;\" id=\"1-gioi-thieu\"><span style=\"font-size: 24px; color: #003366;\">1. Gi\u1edbi thi\u1ec7u<\/span><\/h2>\n<p>Homestay \u0111\u1eb9p \u0110\u00e0 L\u1ea1t \u0111\u00fang nh\u01b0 c\u00e1i t\u00ean c\u1ee7a n\u00f3, m\u1ecdi g\u00f3c l\u1edbn nh\u1ecf \u0111\u1ec1u \u0111\u01b0\u1ee3c trang tr\u00ed c\u1ea9n th\u1eadn, tinh t\u1ebf. Kh\u00f4ng gian tho\u00e1ng \u0111\u00e3ng , ph\u00f2ng r\u1ed9ng s\u1ea1ch s\u1ebd cho b\u1ea1n c\u1ea3m gi\u00e1c tho\u1ea3i m\u00e1i nh\u1ea5t. \u0110\u1ebfn v\u1edbi n\u01a1i \u0111\u00e2y b\u1ea1n c\u00f2n \u0111\u01b0\u1ee3c h\u00f2a m\u00ecnh v\u00e0o kh\u00f4ng gian xanh xung quanh homestay. H\u00edt th\u1edf kh\u00f4ng kh\u00ed trong l\u00e0nh t\u1ea1i \u0111\u00e2y nh\u00e2m nhi ch\u00fat cafe th\u00ec \u0111\u00fang ch\u1ea5t chill lu\u00f4n nh\u00e9<span class=\"_5mfr\"><span class=\"_6qdm\">\ud83c\udf90<\/span><\/span><span class=\"_5mfr\"><span class=\"_6qdm\">\ud83c\udf90<img decoding=\"async\" class=\"aligncenter wp-image-4366 size-full\" src=\"https:\/\/dalatreview.vn\/wp-content\/uploads\/2020\/03\/hinha.jpg\" alt=\"\" width=\"1500\" height=\"900\"><\/span><\/span><\/p>\n<h2 id=\"2-vi-tri\"><span style=\"color: #003366;\"><strong><span style=\"font-size: 24px;\"><span class=\"_5mfr\"><span class=\"_6qdm\"><span class=\"_4yxp\">2 . V\u1ecb tr\u00ed<\/span><\/span><\/span><\/span><\/strong><\/span><\/h2>\n<p><span class=\"_5mfr\"><span class=\"_6qdm\">N\u1eb1m t\u1eadp trung t\u1ea1i trung t\u00e2m th\u00e0nh ph\u1ed1 \u0110\u00e0 L\u1ea1t, lu\u00f4n \u0111\u01b0\u1ee3c nhi\u1ec1u kh\u00e1ch h\u00e0ng th\u01b0\u01a1ng m\u1ebfn v\u00e0 ch\u1ecdn l\u1ef1a l\u00e0m \u0111i\u1ec3m tr\u00fa ch\u00e2n &#8211; ngh\u1ec9 ng\u01a1i v\u00e0 cho ra \u0111\u1eddi nh\u1eefng b\u1ee9c \u1ea3nh \u0111\u1eb9p. <span class=\"_4yxo _4yxp\">Homestay \u0111\u1eb9p \u0110\u00e0 L\u1ea1t <\/span><span class=\"_4yxp\">l\u00e0 h\u1ec7 th\u1ed1ng g\u1ed3m 5 homestay \u1edf trung t\u00e2m \u0110\u00e0 L\u1ea1t, v\u1edbi kh\u00f4ng gian y\u00ean t\u0129nh v\u00e0 ri\u00eang bi\u1ec7t<\/span>\ud83c\udf27\ud83c\udf27<\/span><\/span><\/p>\n<p>\u2618\ufe0fChi nh\u00e1nh\u00a0<a href=\"https:\/\/www.facebook.com\/hashtag\/dan?epa=HASHTAG\" data-ft=\"{&quot;type&quot;:104,&quot;tn&quot;:&quot;*N&quot;}\" target=\"_blank\" rel=\"noopener\">#DAN<\/a>:<br \/>\nD19, B\u00e0 Tri\u1ec7u, P4, TP \u0110\u00e0 L\u1ea1t<\/p>\n<p>\u2618\ufe0fChi nh\u00e1nh <a href=\"https:\/\/www.facebook.com\/hashtag\/finn?epa=HASHTAG\" data-ft=\"{&quot;type&quot;:104,&quot;tn&quot;:&quot;*N&quot;}\" target=\"_blank\" rel=\"noopener\">#FINN<\/a>:<br \/>\n206\/9, T\u00f4 Ng\u1ecdc V\u00e2n, P2, \u0110\u00e0 L\u1ea1t<\/p>\n<p>\u2618\ufe0fChi nh\u00e1nh <a href=\"https:\/\/www.facebook.com\/hashtag\/naa?epa=HASHTAG\" data-ft=\"{&quot;type&quot;:104,&quot;tn&quot;:&quot;*N&quot;}\" target=\"_blank\" rel=\"noopener\">#NAA<\/a>:<br \/>\n100 Th\u00f4ng Thi\u00ean H\u1ecdc, P2, \u0110\u00e0 L\u1ea1t<\/p>\n<p>\u2618\ufe0fChi nh\u00e1nh <a href=\"https:\/\/www.facebook.com\/hashtag\/green?epa=HASHTAG\" data-ft=\"{&quot;type&quot;:104,&quot;tn&quot;:&quot;*N&quot;}\" target=\"_blank\" rel=\"noopener\">#GREEN<\/a>\u00a0(nguy\u00ean c\u0103n &#8211; ch\u1ec9 cho thu\u00ea nh\u00f3m t\u1eeb 4-12 ng\u01b0\u1eddi)<br \/>\nCu\u1ed1i h\u1ebbm 1, \u0110\u1eb7ng Th\u00e1i Th\u00e2n, P3, \u0110\u00e0 L\u1ea1t<\/p>\n<p>Chi nh\u00e1nh ICE<br \/>\n\u2618\ufe0f29, Ph\u00f9 \u0110\u1ed5ng Thi\u00ean V\u01b0\u01a1ng, P8, \u0110\u00e0 L\u1ea1t<img decoding=\"async\" class=\"aligncenter wp-image-4367 size-full\" src=\"https:\/\/dalatreview.vn\/wp-content\/uploads\/2020\/03\/hinhs.jpg\" alt=\"\" width=\"1500\" height=\"900\"><img decoding=\"async\" class=\"aligncenter wp-image-4369 size-full\" src=\"https:\/\/dalatreview.vn\/wp-content\/uploads\/2020\/03\/hinhf.jpg\" alt=\"\" width=\"1500\" height=\"900\"><\/p>\n<h2 id=\"3-gia-phong\"><span style=\"font-size: 24px; color: #003366;\"><strong>3 . Gi\u00e1 ph\u00f2ng<\/strong><\/span><\/h2>\n<p style=\"text-align: center;\">\ud83d\udccdHi\u1ec7n \u0111ang c\u00f3 ch\u01b0\u01a1ng tr\u00ecnh khuy\u1ebfn m\u00e3i th\u1eddi gian \u00e1p d\u1ee5ng: \u00e1p d\u1ee5ng cho c\u00e1c \u0111\u1eb7t ph\u00f2ng t\u1eeb 16\/3\/2020 &#8211; h\u1ebft 16\/4\/2020\ud83d\udccd<img decoding=\"async\" class=\"alignnone wp-image-4371 size-full\" src=\"https:\/\/dalatreview.vn\/wp-content\/uploads\/2020\/03\/12-2.jpg\" alt=\"\" width=\"2046\" height=\"1250\"><\/p>\n<p style=\"text-align: center;\"><img decoding=\"async\" class=\"alignnone wp-image-4372 size-full\" src=\"https:\/\/dalatreview.vn\/wp-content\/uploads\/2020\/03\/10-2.jpg\" alt=\"\" width=\"2048\" height=\"1422\"><\/p>\n<p><img decoding=\"async\" class=\"aligncenter wp-image-4370 size-full\" src=\"https:\/\/dalatreview.vn\/wp-content\/uploads\/2020\/03\/8-7.jpg\" alt=\"\" width=\"2048\" height=\"1364\"><\/p>\n<h2 id=\"4-tien-nghi\"><span style=\"color: #003366;\">4. Ti\u1ec7n nghi<\/span><\/h2>\n<ul class=\"_5a_q _5yj1\" dir=\"ltr\">\n<li class=\"_2cuy _509q _2vxa\"><span class=\"_4yxp\">\u2705Toilet trong, b\u00e0n \u1ee7i, m\u00e1y s\u1ea5y, tivi.\u00a0<\/span><\/li>\n<li class=\"_2cuy _509q _2vxa\"><span class=\"_4yxp\">\u2705T\u1ee7 l\u1ea1nh, t\u1ee7 qu\u1ea7n \u00e1o, d\u00e9p, g\u01b0\u01a1ng to\u00e0n th\u00e2n<\/span><\/li>\n<li class=\"_2cuy _509q _2vxa\"><span class=\"_4yxp\">\u2705\u1ea4m \u0111un, b\u1ebfp, \u00e1o m\u01b0a, \u00f4 d\u00f9&#8230;<\/span><\/li>\n<li class=\"_2cuy _509q _2vxa\"><span class=\"_4yxp\">\u2705T\u1ed5 ch\u1ee9c BBQ \u0103n u\u1ed1ng, party&#8230;<\/span><\/li>\n<\/ul>\n<p><span class=\"_4yxp\"><img decoding=\"async\" class=\"aligncenter wp-image-4373 size-full\" src=\"https:\/\/dalatreview.vn\/wp-content\/uploads\/2020\/03\/hinhg.jpg\" alt=\"\" width=\"1500\" height=\"900\"><\/span><\/p>\n<h2 id=\"5-decor\"><span style=\"color: #003366; font-size: 24px;\"><strong>5. Decor<\/strong><\/span><\/h2>\n<p><span class=\"_4yxp\">\u01afng nh\u1ea5t c\u00e1ch trang tr\u00ed v\u00e0 b\u00e0y bi\u1ec7n ph\u00f2ng \u1edf \u0111\u00e2y nh\u00e9.<\/span><span class=\"_4yxp\"> V\u1edbi ng\u00e0n g\u00f3c s\u1ed1ng \u1ea3o vintage c\u00f9ng nhi\u1ec1u h\u1ecda ti\u1ebft\u00a0 trang tr\u00ed cho b\u1ea1n m\u00ea m\u1ea9n. Ch\u1ec9 c\u1ea7n ch\u1ee5p t\u1ea1i homestay \u0111\u1eb9p \u0110\u00e0 L\u1ea1t b\u1ea1n \u0111\u00e3 c\u00f3 cho m\u00ecnh nguy\u00ean m\u1ed9t album &#8220;ch\u1ea5t l\u1eeb&#8221; r\u1ed3i.<img decoding=\"async\" class=\"aligncenter wp-image-4368 size-full\" src=\"https:\/\/dalatreview.vn\/wp-content\/uploads\/2020\/03\/hinhd.jpg\" alt=\"\" width=\"1500\" height=\"900\"><img decoding=\"async\" class=\"aligncenter wp-image-4374 size-full\" src=\"https:\/\/dalatreview.vn\/wp-content\/uploads\/2020\/03\/hinhh.jpg\" alt=\"\" width=\"1500\" height=\"900\"><\/span><\/p>\n<h2 id=\"6-lien-he\"><span style=\"color: #003366; font-size: 24px;\"><strong>6. Li\u00ean h\u1ec7<\/strong><\/span><\/h2>\n<p><strong>\u00a0Facebook: <a href=\"https:\/\/www.facebook.com\/booking.dalatreview.vn\">Homestay \u0111\u1eb9p \u0110\u00e0 L\u1ea1t<\/a><\/strong><\/p>\n<p><strong>Chi nh\u00e1nh DAN:<\/strong><br \/>\n<strong><span class=\"_5mfr\"><span class=\"_6qdm\">\ud83d\udccd\u0110\u1ecba ch\u1ec9: <\/span><\/span>D19, B\u00e0 Tri\u1ec7u, P4, TP \u0110\u00e0 L\u1ea1t<\/strong><br \/>\n<strong>Google Map:\u00a0 <a href=\"https:\/\/www.facebook.com\/booking.dalatreview.vn\">DAN HOMESTAY DA LAT<\/a><\/strong><br \/>\n<strong>Phone: 0988 249 297<\/strong><\/p>\n<p><strong>&#8211; Chi nh\u00e1nh FINN:<\/strong><br \/>\n<strong><span class=\"_5mfr\"><span class=\"_6qdm\">\ud83d\udccd\u0110\u1ea1i ch\u1ec9: <\/span><\/span>206\/9, T\u00f4 Ng\u1ecdc V\u00e2n, P2, \u0110\u00e0 L\u1ea1t<\/strong><br \/>\n<strong>Google Map: <a href=\"https:\/\/www.facebook.com\/booking.dalatreview.vn\">FINN HOMESTAY DA LAT<\/a><\/strong><br \/>\n<strong>Phone: \u202d0988 249 297<\/strong><\/p>\n<p><strong>&#8211; Chi nh\u00e1nh NAA:<\/strong><br \/>\n<strong><span class=\"_5mfr\"><span class=\"_6qdm\">\ud83d\udccd\u0110\u1ecba ch\u1ec9: <\/span><\/span>100 Th\u00f4ng Thi\u00ean H\u1ecdc, P2, \u0110\u00e0 L\u1ea1t<\/strong><br \/>\n<strong>Google Map: <a href=\"https:\/\/www.facebook.com\/booking.dalatreview.vn\">NAA HOMESTAY DA LAT<\/a><\/strong><br \/>\n<strong>Phone: 0988 249 297<\/strong><\/p>\n<p><strong>&#8211; Chi nh\u00e1nh GREEN (ch\u1ec9 cho thu\u00ea nguy\u00ean c\u0103n 4-8ng)<\/strong><br \/>\n<strong><span class=\"_5mfr\"><span class=\"_6qdm\">\ud83d\udccd\u0110\u1ecba ch\u1ec9: <\/span><\/span>Cu\u1ed1i h\u1ebbm 1, \u0110\u1eb7ng Th\u00e1i Th\u00e2n, P3, \u0110\u00e0 L\u1ea1t<\/strong><br \/>\n<strong>Check in 14:00 &#8211; check out 12:00<\/strong><br \/>\n<strong>Phone: 0988 249 297<\/strong><\/p>\n<p><strong>&#8211; Chi nh\u00e1nh ICE<\/strong><br \/>\n<strong><span class=\"_5mfr\"><span class=\"_6qdm\">\ud83d\udccd\u0110\u1ecba ch\u1ec9: <\/span><\/span>29, Ph\u00f9 \u0110\u1ed5ng Thi\u00ean V\u01b0\u01a1ng, P8, \u0110\u00e0 L\u1ea1t<\/strong><br \/>\n<strong>Phone: 0988 249 297<\/strong><\/p>","protected":false},"excerpt":{"rendered":"<p>Danh m\u1ee5c ch\u00ednh Homestay \u0111\u1eb9p \u0110\u00e0 L\u1ea1t 1. Gi\u1edbi thi\u1ec7u 2 . V\u1ecb tr\u00ed 3 . Gi\u00e1 ph\u00f2ng 4. Ti\u1ec7n nghi 5. Decor 6. Li\u00ean h\u1ec7 Homestay \u0111\u1eb9p \u0110\u00e0 L\u1ea1t &nbsp; 1. Gi\u1edbi thi\u1ec7u Homestay \u0111\u1eb9p \u0110\u00e0 L\u1ea1t \u0111\u00fang nh\u01b0 c\u00e1i t\u00ean c\u1ee7a n\u00f3, m\u1ecdi g\u00f3c l\u1edbn nh\u1ecf \u0111\u1ec1u \u0111\u01b0\u1ee3c trang tr\u00ed c\u1ea9n th\u1eadn, tinh [&hellip;]<\/p>","protected":false},"featured_media":4371,"comment_status":"open","ping_status":"closed","template":"","meta":{"_acf_changed":false,"rank_math_lock_modified_date":false},"product_cat":[29,2255,36],"product_tag":[],"acf":[],"_links":{"self":[{"href":"https:\/\/dalatreview.vn\/en\/wp-json\/wp\/v2\/product\/4364"}],"collection":[{"href":"https:\/\/dalatreview.vn\/en\/wp-json\/wp\/v2\/product"}],"about":[{"href":"https:\/\/dalatreview.vn\/en\/wp-json\/wp\/v2\/types\/product"}],"replies":[{"embeddable":true,"href":"https:\/\/dalatreview.vn\/en\/wp-json\/wp\/v2\/comments?post=4364"}],"wp:featuredmedia":[{"embeddable":true,"href":"https:\/\/dalatreview.vn\/en\/wp-json\/wp\/v2\/media\/4371"}],"wp:attachment":[{"href":"https:\/\/dalatreview.vn\/en\/wp-json\/wp\/v2\/media?parent=4364"}],"wp:term":[{"taxonomy":"product_cat","embeddable":true,"href":"https:\/\/dalatreview.vn\/en\/wp-json\/wp\/v2\/product_cat?post=4364"},{"taxonomy":"product_tag","embeddable":true,"href":"https:\/\/dalatreview.vn\/en\/wp-json\/wp\/v2\/product_tag?post=4364"}],"curies":[{"name":"wp","href":"https:\/\/api.w.org\/{rel}","templated":true}]}}