
{"id":43593,"date":"2024-08-10T16:55:17","date_gmt":"2024-08-10T09:55:17","guid":{"rendered":"https:\/\/dalatreview.vn\/?post_type=product&#038;p=43593"},"modified":"2024-09-14T14:28:26","modified_gmt":"2024-09-14T07:28:26","slug":"vu-cat-tuong-may-da-lat-01-09","status":"publish","type":"product","link":"https:\/\/dalatreview.vn\/en\/vu-cat-tuong-may-da-lat-01-09.html","title":{"rendered":"V\u0169 C\u00e1t T\u01b0\u1eddng &#8211; M\u00e2y \u0110\u00e0 L\u1ea1t &#8211; 01\/09"},"content":{"rendered":"<nav class=\"vietrick-auto-toc\">\n<div class=\"box-title\">\n<h3 class=\"toc-title\" id=\"select-menu\">Danh m\u1ee5c ch\u00ednh<\/h3>\n<div><ion-icon name=\"chevron-up-outline\"><\/ion-icon><\/div>\n<\/div>\n<ul class=\"toc-list\"><\/ul>\n<li><a href='https:\/\/dalatreview.vn\/en#vu-cat-tuong' class='heading-h1 toc-link smooth-scroll'>V\u0169 C\u00e1t T\u01b0\u1eddng <\/a>\n<ul>\n<li><a href='https:\/\/dalatreview.vn\/en#1_Thong_tin_dat_ve_liveshow\" class=\"ez-toc-section' class='heading-h2 toc-link smooth-scroll'>1. Th\u00f4ng tin \u0111\u1eb7t v\u00e9 liveshow\u00a0<\/a>\n<li><a href='https:\/\/dalatreview.vn\/en#2_Mo_ta_san_khau_liveshow\" class=\"ez-toc-section' class='heading-h2 toc-link smooth-scroll'>2. M\u00f4 t\u1ea3 s\u00e2n kh\u1ea5u liveshow<\/a>\n<li><a href='https:\/\/dalatreview.vn\/en#3_Cac_chinh_sach_cua_May_Lang_Thang\" class=\"ez-toc-section' class='heading-h2 toc-link smooth-scroll'>3. C\u00e1c ch\u00ednh s\u00e1ch c\u1ee7a M\u00e2y Lang Thang<\/a>\n<li><a href='https:\/\/dalatreview.vn\/en#4_Dich_vu\" class=\"ez-toc-section' class='heading-h2 toc-link smooth-scroll'>4. D\u1ecbch v\u1ee5<\/a>\n<li><a href='https:\/\/dalatreview.vn\/en#5_Lien_He\" class=\"ez-toc-section' class='heading-h2 toc-link smooth-scroll'>5. Li\u00ean H\u1ec7<\/a><\/ul>\n<\/ul>\n<\/li>\n<\/ul>\n<\/nav>\n<h1 style=\"text-align: center;\" id=\"vu-cat-tuong\"><strong><span style=\"color: #003300;\">V\u0169 C\u00e1t T\u01b0\u1eddng <\/span><\/strong><\/h1>\n<p style=\"text-align: center;\"><span id=\"Chieu_Nhac_Tren_May_%E2%80%93_May_Lang_Thang\" class=\"ez-toc-section\"><\/span><strong><span style=\"color: #003300;\">Chi\u1ec1u Nh\u1ea1c Tr\u00ean M\u00e2y \u2013 M\u00e2y Lang Thang<\/span><\/strong><\/p>\n<p style=\"text-align: center;\">V\u0169 C\u00e1t T\u01b0\u1eddng &amp; Kh\u00e1ch M\u1eddi: Thu Ba<\/p>\n<p style=\"text-align: center;\">Th\u1eddi gian: 01\/09\/2024<\/p>\n<p style=\"text-align: center;\">Show time: 17h00<\/p>\n<p><img decoding=\"async\" class=\"aligncenter\" src=\"https:\/\/dalatreview.vn\/wp-content\/uploads\/2024\/08\/z5751718566993_5633feb27a895f4bf83c2d0d939d6d9a.jpg\" alt=\"th\u00f4ng tin show v\u0169 c\u00e1t t\u01b0\u1eddng m\u00e2y lang thang\" width=\"1140\" height=\"1425\" \/><\/p>\n<h2><span id=\"1_Thong_tin_dat_ve_liveshow\" class=\"ez-toc-section\"><\/span><strong>1. Th\u00f4ng tin \u0111\u1eb7t v\u00e9 liveshow\u00a0<\/strong><\/h2>\n<p><span style=\"color: #ff0000;\"><strong>Th\u00f4ng tin gi\u00e1 v\u00e9:\u00a0<\/strong><\/span><\/p>\n<p><span style=\"color: #ff0000;\"><strong>PREMIUM \/ TH\u1ea2NH TH\u01a0I (Bao g\u1ed3m m\u1ed9t ph\u1ea7n n\u01b0\u1edbc): 1.500.000 VN\u0110<\/strong><\/span><\/p>\n<p><span style=\"color: #ff0000;\"><strong>VIP \/ B\u1ec0NH B\u1ed2NG: 1.300.000 VN\u0110<\/strong><\/span><\/p>\n<p><span style=\"color: #ff0000;\"><strong>STANDARD 1 \/ M\u01a0 M\u00c0NG: 850.000 VN\u0110<\/strong><\/span><\/p>\n<p><span style=\"color: #ff0000;\"><strong>STANDARD 2 \/ NH\u1edeN NH\u01a0: 550.000 VN\u0110<\/strong><\/span><\/p>\n<p><img decoding=\"async\" class=\"aligncenter\" src=\"https:\/\/dalatreview.vn\/wp-content\/uploads\/2024\/08\/Vuon-hoa-thanh-pho-da-lat-1.jpg\" alt=\"th\u00f4ng tin show v\u0169 c\u00e1t t\u01b0\u1eddng m\u00e2y \u0111\u00e0 l\u1ea1t\" width=\"1200\" height=\"900\" \/><\/p>\n<h2><span id=\"2_Mo_ta_san_khau_liveshow\" class=\"ez-toc-section\"><\/span><strong>2. M\u00f4 t\u1ea3 s\u00e2n kh\u1ea5u liveshow<\/strong><\/h2>\n<p>\u0110\u1ecba ch\u1ec9: The Nest Dalat, 519 Th\u00f4n M\u0103ng Lin, Ph\u01b0\u1eddng 7, TP \u0110\u00e0 L\u1ea1t<\/p>\n<p>\u0110\u1ecba ch\u1ec9 di\u1ec5n ra liveshow c\u00e1ch trung t\u00e2m th\u00e0nh ph\u1ed1 12km.<\/p>\n<p>BTC lu\u00f4n h\u1ed7 tr\u1ee3 xe trung chuy\u1ec3n mi\u1ec5n ph\u00ed, qu\u00fd kh\u00e1ch c\u00f3 nhu c\u1ea7u s\u1eed d\u1ee5ng xe trung chuy\u1ec3n vui l\u00f2ng li\u00ean h\u1ec7 v\u1edbi nh\u00e2n vi\u00ean theo th\u00f4ng tin h\u1ec7 b\u00ean d\u01b0\u1edbi.<\/p>\n<p>L\u01b0u \u00fd: Qu\u00fd kh\u00e1ch \u0111i xe trung chuy\u1ec3n s\u1ebd t\u1eadp trung v\u1ec1 \u0111i\u1ec3m s\u1ed1 4 Tr\u1ea7n Quang Di\u1ec7u, p10, Tp \u0110\u00e0 L\u1ea1t<\/p>\n<p>Xe xu\u1ea5t ph\u00e1t t\u1eeb 15g30, v\u00e0 qu\u00fd kh\u00e1ch n\u00ean\u00a0\u0111\u1ebfn s\u1edbm t\u1ea7m 10-15&#8242; \u0111\u1ec3 chu\u1ea9n b\u1ecb l\u00ean xe<\/p>\n<p><img decoding=\"async\" class=\"size-full wp-image-33649 aligncenter\" src=\"https:\/\/dalatreview.vn\/wp-content\/uploads\/2023\/11\/Vuon-hoa-thanh-pho-da-lat-1.jpg\" alt=\"s\u00e2n kh\u1ea5u m\u00e2y lang thang \" width=\"1200\" height=\"900\" srcset=\"https:\/\/dalatreview.vn\/wp-content\/uploads\/2023\/11\/Vuon-hoa-thanh-pho-da-lat-1.jpg 1200w, https:\/\/dalatreview.vn\/wp-content\/uploads\/2023\/11\/Vuon-hoa-thanh-pho-da-lat-1-600x450.jpg 600w\" sizes=\"(max-width: 1200px) 100vw, 1200px\" \/><\/p>\n<p>H\u00ecnh \u1ea3nh s\u00e2n kh\u1ea5u:<\/p>\n<p><img decoding=\"async\" class=\"size-full wp-image-33647 aligncenter\" src=\"https:\/\/dalatreview.vn\/wp-content\/uploads\/2023\/11\/san-khau.jpg\" alt=\"s\u01a1 \u0111\u1ed3 s\u00e2n kh\u1ea5u m\u00e2y lang thang show \" width=\"1024\" height=\"724\" srcset=\"https:\/\/dalatreview.vn\/wp-content\/uploads\/2023\/11\/san-khau.jpg 1024w, https:\/\/dalatreview.vn\/wp-content\/uploads\/2023\/11\/san-khau-600x424.jpg 600w\" sizes=\"(max-width: 1024px) 100vw, 1024px\" \/><\/p>\n<h2><span id=\"3_Cac_chinh_sach_cua_May_Lang_Thang\" class=\"ez-toc-section\"><\/span><strong>3. C\u00e1c ch\u00ednh s\u00e1ch c\u1ee7a M\u00e2y Lang Thang<\/strong><\/h2>\n<p>\u0110\u1ed1i v\u1edbi s\u00e2n kh\u1ea5u \u201cChi\u1ec1u nh\u1ea1c tr\u00ean m\u00e2y\u201d<\/p>\n<p>\u0110\u01b0\u1ee3c ch\u1ecdn tr\u01b0\u1edbc v\u1ecb tr\u00ed gh\u1ebf ng\u1ed3i trong khu m\u00ecnh \u0111\u1eb7t.<\/p>\n<p>Ch\u00ednh s\u00e1ch tr\u1ebb em b\u00ean M\u00e2y Lang Thang:<\/p>\n<p>\u2013 Mi\u1ec5n ph\u00ed cho b\u00e9 d\u01b0\u1edbi 3 tu\u1ed5i ( ng\u1ed3i chung gh\u1ebf v\u1edbi b\u1ed1 m\u1eb9 su\u1ed1t bu\u1ed5i di\u1ec5n )<br \/>\n\u2013 C\u00f2n n\u1ebfu b\u00e9 tr\u00ean 3 tu\u1ed5i, d\u01b0\u1edbi 1m2 th\u00ec b\u00ean em gi\u1ea3m 15% \u0111\u1ed1i v\u1edbi gh\u1ebf c\u1ee7a b\u00e9.<br \/>\n\u2013 Tr\u00ean 1m2 v\u1eabn t\u00ednh v\u00e9 nh\u01b0 ng\u01b0\u1eddi l\u1edbn.<\/p>\n<h2><span id=\"4_Dich_vu\" class=\"ez-toc-section\"><\/span><strong>4. D\u1ecbch v\u1ee5<\/strong><\/h2>\n<p>+ \u0110\u01b0\u1ee3c g\u1eb7p g\u1ee1 giao l\u01b0u c\u00f9ng nh\u1eefng th\u1ea7n t\u01b0\u1ee3ng n\u1ed5i ti\u1ebfng c\u1ee7a m\u00ecnh.<\/p>\n<p>+ \u0110\u01b0\u1ee3c \u0111\u1eafm ch\u00ecm v\u00e0o nh\u1eefng \u00e2m thanh nh\u1eb9 nh\u00e0ng gi\u00fap b\u1ea1n th\u01b0 gi\u00e3n gi\u1ea3i t\u1ecfa m\u1ecdi \u01b0u phi\u1ec1n h\u1eb1ng ng\u00e0y.<\/p>\n<p>+ \u0110\u01b0\u1ee3c l\u1eafng nghe nh\u1eefng b\u1ea3n t\u00ecnh ca nh\u1eb9 nh\u00e0ng s\u00e2u l\u1eafng d\u01b0\u1edbi kh\u00f4ng kh\u00ed se se l\u1ea1nh c\u1ee7a \u0110\u00e0 L\u1ea1t.<\/p>\n<p>+ H\u00f2a c\u00f9ng giai \u0111i\u1ec7u \u00e2m nh\u1ea1c du d\u01b0\u01a1ng, phi\u00eau c\u00f9ng ti\u1ebfng h\u00e1t trong kh\u00f4ng kh\u00ed b\u00ecnh y\u00ean c\u1ee7a \u0110\u00e0 L\u1ea1t.<\/p>\n<p>+ M\u00e2y Lang Thang v\u1eeba l\u00e0 homestay, v\u1eeba l\u00e0 qu\u00e1n coffee mang phong c\u00e1ch c\u1ef1c k\u1ef3 chill.<\/p>\n<h2><span id=\"5_Lien_He\" class=\"ez-toc-section\"><\/span><strong>5. Li\u00ean H\u1ec7<\/strong><\/h2>\n<p>Hotline: 0986 249 297<\/p>\n<p>Fanpage booking:\u00a0<a href=\"https:\/\/www.facebook.com\/liveshowdalat\/\" target=\"_blank\" rel=\"noopener\">Cloud Wandered Show<\/a><\/p>\n<p>Xem th\u00eam b\u00e0i vi\u1ebft kh\u00e1c t\u1ea1i:<a href=\"https:\/\/dalatreview.vn\/en\/\">\u0110\u00e0 L\u1ea1t Review<\/a><\/p>","protected":false},"excerpt":{"rendered":"<p>Danh m\u1ee5c ch\u00ednh V\u0169 C\u00e1t T\u01b0\u1eddng 1. Th\u00f4ng tin \u0111\u1eb7t v\u00e9 liveshow\u00a0 2. M\u00f4 t\u1ea3 s\u00e2n kh\u1ea5u liveshow 3. C\u00e1c ch\u00ednh s\u00e1ch c\u1ee7a M\u00e2y Lang Thang 4. D\u1ecbch v\u1ee5 5. Li\u00ean H\u1ec7 V\u0169 C\u00e1t T\u01b0\u1eddng Chi\u1ec1u Nh\u1ea1c Tr\u00ean M\u00e2y \u2013 M\u00e2y Lang Thang V\u0169 C\u00e1t T\u01b0\u1eddng &amp; Kh\u00e1ch M\u1eddi: Thu Ba Th\u1eddi gian: 01\/09\/2024 Show [&hellip;]<\/p>","protected":false},"featured_media":43935,"comment_status":"open","ping_status":"closed","template":"","meta":{"_acf_changed":false,"rank_math_lock_modified_date":false},"product_cat":[31,2293,49],"product_tag":[],"acf":[],"_links":{"self":[{"href":"https:\/\/dalatreview.vn\/en\/wp-json\/wp\/v2\/product\/43593"}],"collection":[{"href":"https:\/\/dalatreview.vn\/en\/wp-json\/wp\/v2\/product"}],"about":[{"href":"https:\/\/dalatreview.vn\/en\/wp-json\/wp\/v2\/types\/product"}],"replies":[{"embeddable":true,"href":"https:\/\/dalatreview.vn\/en\/wp-json\/wp\/v2\/comments?post=43593"}],"wp:featuredmedia":[{"embeddable":true,"href":"https:\/\/dalatreview.vn\/en\/wp-json\/wp\/v2\/media\/43935"}],"wp:attachment":[{"href":"https:\/\/dalatreview.vn\/en\/wp-json\/wp\/v2\/media?parent=43593"}],"wp:term":[{"taxonomy":"product_cat","embeddable":true,"href":"https:\/\/dalatreview.vn\/en\/wp-json\/wp\/v2\/product_cat?post=43593"},{"taxonomy":"product_tag","embeddable":true,"href":"https:\/\/dalatreview.vn\/en\/wp-json\/wp\/v2\/product_tag?post=43593"}],"curies":[{"name":"wp","href":"https:\/\/api.w.org\/{rel}","templated":true}]}}