
{"id":4269,"date":"2020-03-19T09:50:38","date_gmt":"2020-03-19T02:50:38","guid":{"rendered":"https:\/\/dalatreview.vn\/?p=4269"},"modified":"2024-07-12T14:09:17","modified_gmt":"2024-07-12T07:09:17","slug":"homestay-hoa-son-da-lat","status":"publish","type":"product","link":"https:\/\/dalatreview.vn\/en\/homestay-hoa-son-da-lat.html","title":{"rendered":"Homestay Hoa S\u01a1n \u0110\u00e0 L\u1ea1t"},"content":{"rendered":"<nav class=\"vietrick-auto-toc\">\n<div class=\"box-title\">\n<h3 class=\"toc-title\" id=\"select-menu\">Danh m\u1ee5c ch\u00ednh<\/h3>\n<div><ion-icon name=\"chevron-up-outline\"><\/ion-icon><\/div>\n<\/div>\n<ul class=\"toc-list\"><\/ul>\n<li><a href='https:\/\/dalatreview.vn\/en#homestay-hoa-son-da-lat' class='heading-h1 toc-link smooth-scroll'>Homestay Hoa S\u01a1n \u0110\u00e0 L\u1ea1t<\/a>\n<li><a href='https:\/\/dalatreview.vn\/en#1-gioi-thieu' class='heading-h1 toc-link smooth-scroll'>1. Gi\u1edbi thi\u1ec7u<\/a>\n<ul>\n<li><a href='https:\/\/dalatreview.vn\/en#2-vi-tri' class='heading-h2 toc-link smooth-scroll'>2 . V\u1ecb tr\u00ed<\/a>\n<li><a href='https:\/\/dalatreview.vn\/en#4-tien-nghi' class='heading-h2 toc-link smooth-scroll'>4. Ti\u1ec7n nghi<\/a>\n<li><a href='https:\/\/dalatreview.vn\/en#5-decor' class='heading-h2 toc-link smooth-scroll'>5. Decor<\/a>\n<li><a href='https:\/\/dalatreview.vn\/en#6-lien-he' class='heading-h2 toc-link smooth-scroll'>6. Li\u00ean h\u1ec7<\/a><\/ul>\n<\/ul>\n<\/li>\n<\/ul>\n<\/nav>\n<h1 style=\"text-align: center;\" id=\"homestay-hoa-son-da-lat\"><span style=\"font-family: arial, helvetica, sans-serif;\"><strong>Homestay Hoa S\u01a1n \u0110\u00e0 L\u1ea1t<\/strong><\/span><\/h1>\n<p>&nbsp;<\/p>\n<h1 style=\"text-align: left;\" id=\"1-gioi-thieu\"><span style=\"font-size: 24px; color: #003366;\">1. Gi\u1edbi thi\u1ec7u<\/span><\/h1>\n<p style=\"text-align: left;\"><span style=\"font-size: 16px; font-family: arial, helvetica, sans-serif;\">L\u00e0 m\u1ed9t homestay th\u00e2n thi\u1ec7n g\u1ea7n g\u0169i v\u1edbi thi\u00ean nhi\u00ean cho b\u1ea1n c\u1ea3m gi\u00e1c th\u01b0 th\u00e1i nh\u01b0 \u0111ang \u1edf ch\u00ednh nh\u00e0 m\u00ecnh. Kh\u00f4ng gian \u1ea5m c\u00fang, \u0111\u1eb7c bi\u1ec7t l\u00e0 nh\u1eefng m\u00e1i nh\u00e0 nh\u1ecf xinh khi\u1ebfn du kh\u00e1ch ph\u1ea3i xi\u00eau l\u00f2ng\ud83e\udd70<\/span><\/p>\n<p style=\"text-align: left;\"><span style=\"font-size: 16px; font-family: arial, helvetica, sans-serif;\">T\u1edbi Hoa S\u01a1n, th\u1ee9 \u0111\u1ea7u ti\u00ean b\u1ea1n nh\u00ecn th\u1ea5y \u0111\u00f3 l\u00e0 1 con d\u1ed1c &#8220;\u0111\u1ed9c nh\u1ea5t v\u00f4 nh\u1ecb&#8221; <span class=\"_5mfr\"><span class=\"_6qdm\">\ud83d\udcf7<\/span><\/span>. N\u1ebfu ai \u0111\u00e3 t\u1eebng \u1edf nh\u00e0 m\u00ecnh th\u00ec s\u1ebd c\u1ea3m nh\u1eadn \u0111\u01b0\u1ee3c s\u1ef1 &#8220;\u0111\u1ed9c&#8221; c\u1ee7a n\u00f3. B\u01b0\u1edbc ch\u00e2n t\u1edbi c\u1ed5ng, l\u1ea5p l\u00f3 nh\u1eefng c\u0103n bungalows \u0111\u01b0\u1ee3c thi\u1ebft k\u1ebf ho\u00e0n to\u00e0n b\u1eb1ng g\u1ed7, bao quanh l\u00e0 c\u00e2y xanh m\u1ecdc t\u1ef1 nhi\u00ean v\u00e0 r\u1ea5t nhi\u1ec1u lo\u00e0i hoa \u0111\u1eb7c tr\u01b0ng c\u1ee7a th\u00e0nh ph\u1ed1 \u0110\u00e0 L\u1ea1t.<img decoding=\"async\" class=\"aligncenter wp-image-4419 size-full\" src=\"https:\/\/dalatreview.vn\/wp-content\/uploads\/2020\/03\/collage-12.png\" alt=\"gi\u1edbi thi\u1ec7u\" width=\"1200\" height=\"900\" \/><\/span><\/p>\n<h2 id=\"2-vi-tri\"><span style=\"color: #003366;\"><strong><span style=\"font-size: 24px;\"><span class=\"_5mfr\"><span class=\"_6qdm\"><span class=\"_4yxp\">2 . V\u1ecb tr\u00ed<\/span><\/span><\/span><\/span><\/strong><\/span><\/h2>\n<p style=\"text-align: left;\"><span style=\"font-family: arial, helvetica, sans-serif; font-size: 16px;\">N\u1eb1m \u1edf \u0111\u1ecba ch\u1ec9 s\u1ed1 68 \u0110\u01b0\u1eddng An B\u00ecnh, Ph\u01b0\u1eddng 3, \u0110\u00e0 L\u1ea1t. Tr\u00ean m\u1eb7t ti\u1ec1n \u0111\u01b0\u1eddng ch\u00ednh An B\u00ecnh, g\u1ea7n trung t\u00e2m th\u00e0nh ph\u1ed1 \u0110\u00e0 L\u1ea1t.\u00a0 M\u1ed9t n\u01a1i \u0111\u1ee7 g\u1ea7n \u0111\u1ec3 b\u1ea1n c\u1ea3m nh\u1eadn c\u00e1i n\u00e1o nhi\u1ec7t c\u1ee7a th\u00e0nh ph\u1ed1, \u0111\u1ee7 xa \u0111\u1ec3 b\u1ea1n th\u1ea5y \u0111\u01b0\u1ee3c v\u1ebb \u0111\u1eb9p t\u1ef1 nhi\u00ean c\u1ee7a \u0110\u00e0 L\u1ea1t.C\u00e1ch B\u1ebfn Xe 1,2km. H\u1ed3 Xu\u00e2n H\u01b0\u01a1ng 1km. Nh\u00e0 th\u1edd Con G\u00e0 800m. H\u1ed3 Tuy\u1ec1n L\u00e2m 500m. Dinh B\u1ea3o \u0110\u1ea1i 700m&#8230;<img decoding=\"async\" class=\"aligncenter wp-image-4420 size-full\" src=\"https:\/\/dalatreview.vn\/wp-content\/uploads\/2020\/03\/0-35.png\" alt=\"v\u1ecb tr\u00ed\" width=\"1367\" height=\"762\" \/><img decoding=\"async\" class=\"aligncenter wp-image-4421 size-full\" src=\"https:\/\/dalatreview.vn\/wp-content\/uploads\/2020\/03\/collage-13.jpg\" alt=\"v\u1ecb tr\u00ed\" width=\"1200\" height=\"900\" \/><\/span><\/p>\n<p style=\"text-align: left;\"><span style=\"font-family: arial, helvetica, sans-serif; font-size: 16px;\"><strong style=\"font-family: Arial, 'Times New Roman', 'Bitstream Charter', Times, serif; color: #003366; font-size: 24px;\">3 . Gi\u00e1 ph\u00f2ng<\/strong><\/span><\/p>\n<div class=\"_2cuy _3dgx _2vxa\">\n<p><span style=\"font-size: 16px; color: #000000;\">Homestay Hoa S\u01a1n l\u00e0 m\u1ed9t homestay c\u00f3 view \u0111\u1ed3i n\u00fai, s\u00e2n v\u01b0\u1eddn n\u01b0\u1edbng BBQ si\u00eau x\u1ecbn m\u00e0 gi\u00e1 ch\u1ec9 t\u1eeb 300k\/ng\u00e0y<\/span><\/p>\n<ul>\n<li>\u2705\u00a0Ph\u00f2ng Bungalow 300k\/1 ng\u00e0y .G\u1ed3m 4 bungalow s\u00e0i 12 tolet \u1edf ngo\u00e0i. C\u00e1ch ph\u00f2ng 10 b\u01b0\u1edbc ch\u00e2n<\/li>\n<li>\u2705Ph\u00f2ng 2 gi\u01b0\u1eddng l\u1edbn700k\/1 ng\u00e0y. View \u0111\u1ed3i n\u00fai, Tolet trong<\/li>\n<li>\u2705 Ph\u00f2ng 3 gi\u01b0\u1eddng l\u1edbn900k\/1 ng\u00e0y. View \u0111\u1ed3i n\u00fai. Tolet trong<\/li>\n<\/ul>\n<p><em><strong><img decoding=\"async\" class=\"aligncenter wp-image-4423 size-full\" src=\"https:\/\/dalatreview.vn\/wp-content\/uploads\/2020\/03\/collage-14-1.jpg\" alt=\"ph\u00f2ng\" width=\"1200\" height=\"900\" \/><img decoding=\"async\" class=\"aligncenter wp-image-4424 size-full\" src=\"https:\/\/dalatreview.vn\/wp-content\/uploads\/2020\/03\/collage-15.png\" alt=\"ph\u00f2ng\" width=\"1200\" height=\"900\" \/><\/strong><\/em><\/p>\n<h2 id=\"4-tien-nghi\"><span style=\"color: #003366;\">4. Ti\u1ec7n nghi<\/span><\/h2>\n<p style=\"text-align: left;\"><span style=\"font-size: 16px;\">Homestay th\u00edch h\u1ee3p cho nh\u1eefng bu\u1ed5i BBQ \u1ea5m c\u00fang n\u1ebfu b\u1ea1n \u0111i c\u00f9ng gia \u0111\u00ecnh c\u1ee7a m\u00ecnh, thi tho\u1ea3ng l\u00e0 l\u1ea1i c\u00f3 Karaoke free n\u1eefa nha, c\u00f2n g\u00ec tuy\u1ec7t v\u1eddi h\u01a1n khi \u0111i du l\u1ecbch m\u00e0 \u0111\u01b0\u1ee3c th\u01b0\u1edfng th\u1ee9c c\u00e1i th\u1eddi ti\u1ebft se se l\u1ea1nh c\u1ee7a \u0110\u00e0 L\u1ea1t b\u00ean gia \u0111\u00ecnh c\u1ee7a m\u00ecnh ch\u1ee9\ud83c\udf8b\ud83c\udf8b. <\/span><\/p>\n<p><span style=\"font-size: 16px;\">\u1ede Hoa S\u01a1n, th\u01b0\u1edfng th\u1ee9c m\u1ed9t v\u00e0i lo\u1ea1i Tr\u00e0, Cafe \u0111\u01b0\u1ee3c s\u1ea3n xu\u1ea5t ho\u00e0n to\u00e0n t\u1ef1 nhi\u00ean. Trong kh\u00f4ng gian n\u00e0y, s\u1ed1ng trong thi\u00ean nhi\u00ean, t\u1eadn h\u01b0\u1edfng nh\u1eefng th\u1ee9 \u0111\u01b0\u1ee3c l\u00e0m t\u1eeb thi\u00ean nhi\u00ean th\u00ec c\u00f2n g\u00ec tuy\u1ec7t v\u1eddi b\u1eb1ng! \u0110\u1ebfn v\u00e0 t\u1eadn h\u01b0\u1edfng kh\u00f4ng gian nh\u1eb9 nh\u00e0ng, an y\u00ean g\u1ea7n g\u0169i v\u1edbi c\u00e2y c\u1ecf nh\u00e9<\/span><\/p>\n<p style=\"margin: 0in; margin-bottom: .0001pt;\"><span style=\"font-family: 'Arial',sans-serif;\"><span class=\"_4yxp\">\u2705<\/span>C\u00f3 s\u00e2n BBQ r\u1ed9ng, ti\u1ec7n nghi. V\u01b0\u1eddn r\u1ed9ng 2500m2 r\u1ee3p b\u00f3ng c\u00e2y, c\u00f3 view h\u01b0\u1edbng \u0111\u1ed3i n\u00fai \u0110\u00e0 L\u1ea1t.<\/span><\/p>\n<p style=\"margin: 0in; margin-bottom: .0001pt;\"><span style=\"font-family: 'Arial',sans-serif;\"><span class=\"_4yxp\">\u2705<\/span>Cafe s\u00e2n v\u01b0\u1eddn,\u00a0 tr\u00e0 \u0111\u01b0\u1ee3c s\u1ea3n xu\u1ea5t ho\u00e0n to\u00e0n t\u1ef1 nhi\u00ean. Kh\u00f4ng gian nhi\u1ec1u c\u00e2y xanh<\/span><\/p>\n<p style=\"margin: 0in; margin-bottom: .0001pt;\"><span style=\"font-family: 'Arial',sans-serif;\"><span class=\"_4yxp\">\u2705<\/span>Cho thu\u00ea xe m\u00e1y ga, s\u1ed1<\/span><\/p>\n<p style=\"margin: 0in; margin-bottom: .0001pt;\"><span style=\"font-family: 'Arial',sans-serif;\"><span class=\"_4yxp\">\u2705<\/span>D\u1ecbch v\u1ee5 \u0103n u\u1ed1ng ngh\u1ec9 d\u01b0\u1ee1ng<img decoding=\"async\" class=\"aligncenter wp-image-4425 size-full\" src=\"https:\/\/dalatreview.vn\/wp-content\/uploads\/2020\/03\/collage-16.png\" alt=\"ti\u1ec7n nghi\" width=\"1200\" height=\"900\" \/><img decoding=\"async\" class=\"aligncenter wp-image-4426 size-full\" src=\"https:\/\/dalatreview.vn\/wp-content\/uploads\/2020\/03\/collage-17.png\" alt=\"ti\u1ec7n nghi\" width=\"1200\" height=\"900\" \/><\/span><\/p>\n<h2 id=\"5-decor\"><span style=\"color: #003366; font-size: 24px;\"><strong>5. Decor<\/strong><\/span><\/h2>\n<p>Decor \u1ea5m c\u00fang, v\u1edbi nhi\u1ec1u chi ti\u1ebft trang tr\u00ed \u0111\u1ed9c \u0111\u00e1o. V\u1edbi tone m\u00e0u tr\u1ea7m \u1ea5m \u0111em l\u1ea1i cho b\u1ea1n c\u1ea3m gi\u00e1c nh\u01b0 \u0111ang \u1edf ch\u00ednh ng\u00f4i nh\u00e0 c\u1ee7a m\u00ecnh.<img decoding=\"async\" class=\"aligncenter wp-image-4427 size-full\" src=\"https:\/\/dalatreview.vn\/wp-content\/uploads\/2020\/03\/collage-18.png\" alt=\"\" width=\"1200\" height=\"900\"><\/p>\n<h2 id=\"6-lien-he\"><span style=\"color: #003366; font-size: 24px;\"><strong>6. Li\u00ean h\u1ec7<\/strong><\/span><\/h2>\n<div class=\"_2cuy _3dgx _2vxa\"><strong><em>\ud83e\udd70\u0110\u1ecba ch\u1ec9: 68. \u0110\u01b0\u1eddng An B\u00ecnh. P3. \u0110\u00e0 L\u1ea1t<\/em><\/strong><br \/>\n<strong><em>Fanpage: <a href=\"https:\/\/www.facebook.com\/booking.dalatreview.vn\">Homestay Hoa S\u01a1n<\/a><\/em><\/strong><\/div>\n<div><strong><em>Map: <a href=\"https:\/\/goo.gl\/maps\/6rxiioS8D41xdnXp8\" target=\"_blank\" rel=\"noopener\">Google map<\/a><\/em><\/strong><\/div>\n<div><strong><em>Hotline: 0988 249 297<\/em><\/strong><\/div>\n<\/div>\n<p>&nbsp;<\/p>\n<p>&nbsp;<\/p>\n<p>&nbsp;<\/p>","protected":false},"excerpt":{"rendered":"<p>Danh m\u1ee5c ch\u00ednh Homestay Hoa S\u01a1n \u0110\u00e0 L\u1ea1t 1. Gi\u1edbi thi\u1ec7u 2 . V\u1ecb tr\u00ed 4. Ti\u1ec7n nghi 5. Decor 6. Li\u00ean h\u1ec7 Homestay Hoa S\u01a1n \u0110\u00e0 L\u1ea1t &nbsp; 1. Gi\u1edbi thi\u1ec7u L\u00e0 m\u1ed9t homestay th\u00e2n thi\u1ec7n g\u1ea7n g\u0169i v\u1edbi thi\u00ean nhi\u00ean cho b\u1ea1n c\u1ea3m gi\u00e1c th\u01b0 th\u00e1i nh\u01b0 \u0111ang \u1edf ch\u00ednh nh\u00e0 m\u00ecnh. Kh\u00f4ng [&hellip;]<\/p>","protected":false},"featured_media":4435,"comment_status":"open","ping_status":"closed","template":"","meta":{"_acf_changed":false,"rank_math_lock_modified_date":false},"product_cat":[29,2256,2255,36],"product_tag":[],"acf":[],"_links":{"self":[{"href":"https:\/\/dalatreview.vn\/en\/wp-json\/wp\/v2\/product\/4269"}],"collection":[{"href":"https:\/\/dalatreview.vn\/en\/wp-json\/wp\/v2\/product"}],"about":[{"href":"https:\/\/dalatreview.vn\/en\/wp-json\/wp\/v2\/types\/product"}],"replies":[{"embeddable":true,"href":"https:\/\/dalatreview.vn\/en\/wp-json\/wp\/v2\/comments?post=4269"}],"wp:featuredmedia":[{"embeddable":true,"href":"https:\/\/dalatreview.vn\/en\/wp-json\/wp\/v2\/media\/4435"}],"wp:attachment":[{"href":"https:\/\/dalatreview.vn\/en\/wp-json\/wp\/v2\/media?parent=4269"}],"wp:term":[{"taxonomy":"product_cat","embeddable":true,"href":"https:\/\/dalatreview.vn\/en\/wp-json\/wp\/v2\/product_cat?post=4269"},{"taxonomy":"product_tag","embeddable":true,"href":"https:\/\/dalatreview.vn\/en\/wp-json\/wp\/v2\/product_tag?post=4269"}],"curies":[{"name":"wp","href":"https:\/\/api.w.org\/{rel}","templated":true}]}}