
{"id":41891,"date":"2024-07-04T11:01:21","date_gmt":"2024-07-04T04:01:21","guid":{"rendered":"https:\/\/dalatreview.vn\/?post_type=product&#038;p=41891"},"modified":"2024-07-13T11:22:31","modified_gmt":"2024-07-13T04:22:31","slug":"vietjet-air-dli-pqc","status":"publish","type":"product","link":"https:\/\/dalatreview.vn\/en\/vietjet-air-dli-pqc.html","title":{"rendered":"VietJet Air (DLI\u2013 PQC)"},"content":{"rendered":"<p>H\u00e3ng h\u00e0ng kh\u00f4ng VietJet Air (DLI\u2013 PQC)<br \/>\nchuy\u1ebfn bay \u0110\u00e0 L\u1ea1t &#8211; Ph\u00fa Qu\u1ed1c<\/p>","protected":false},"excerpt":{"rendered":"<p>H\u00e3ng h\u00e0ng kh\u00f4ng VietJet Air (DLI\u2013 PQC) chuy\u1ebfn bay \u0110\u00e0 L\u1ea1t &#8211; Ph\u00fa Qu\u1ed1c<\/p>","protected":false},"featured_media":42033,"comment_status":"open","ping_status":"closed","template":"","meta":{"_acf_changed":false,"rank_math_lock_modified_date":false},"product_cat":[2138],"product_tag":[],"acf":[],"_links":{"self":[{"href":"https:\/\/dalatreview.vn\/en\/wp-json\/wp\/v2\/product\/41891"}],"collection":[{"href":"https:\/\/dalatreview.vn\/en\/wp-json\/wp\/v2\/product"}],"about":[{"href":"https:\/\/dalatreview.vn\/en\/wp-json\/wp\/v2\/types\/product"}],"replies":[{"embeddable":true,"href":"https:\/\/dalatreview.vn\/en\/wp-json\/wp\/v2\/comments?post=41891"}],"wp:featuredmedia":[{"embeddable":true,"href":"https:\/\/dalatreview.vn\/en\/wp-json\/wp\/v2\/media\/42033"}],"wp:attachment":[{"href":"https:\/\/dalatreview.vn\/en\/wp-json\/wp\/v2\/media?parent=41891"}],"wp:term":[{"taxonomy":"product_cat","embeddable":true,"href":"https:\/\/dalatreview.vn\/en\/wp-json\/wp\/v2\/product_cat?post=41891"},{"taxonomy":"product_tag","embeddable":true,"href":"https:\/\/dalatreview.vn\/en\/wp-json\/wp\/v2\/product_tag?post=41891"}],"curies":[{"name":"wp","href":"https:\/\/api.w.org\/{rel}","templated":true}]}}