
{"id":41467,"date":"2024-07-02T04:16:46","date_gmt":"2024-07-02T04:16:46","guid":{"rendered":"https:\/\/dalatreview.vn\/?post_type=product&#038;p=41467"},"modified":"2024-07-11T10:13:11","modified_gmt":"2024-07-11T03:13:11","slug":"vietnam-airlines-han-dli","status":"publish","type":"product","link":"https:\/\/dalatreview.vn\/en\/vietnam-airlines-han-dli.html","title":{"rendered":"Vietnam Airlines (HAN-DLI)"},"content":{"rendered":"<p>H\u00e3ng h\u00e0ng kh\u00f4ng Vietnam Airlines (HAN-DLI)<br \/>\nchuy\u1ebfn bay H\u00e0 N\u1ed9i &#8211; \u0110\u00e0 L\u1ea1t<\/p>","protected":false},"excerpt":{"rendered":"<p>H\u00e3ng h\u00e0ng kh\u00f4ng Vietnam Airlines (HAN-DLI) chuy\u1ebfn bay H\u00e0 N\u1ed9i &#8211; \u0110\u00e0 L\u1ea1t<\/p>","protected":false},"featured_media":42866,"comment_status":"open","ping_status":"closed","template":"","meta":{"_acf_changed":false,"rank_math_lock_modified_date":false},"product_cat":[2138],"product_tag":[],"acf":[],"_links":{"self":[{"href":"https:\/\/dalatreview.vn\/en\/wp-json\/wp\/v2\/product\/41467"}],"collection":[{"href":"https:\/\/dalatreview.vn\/en\/wp-json\/wp\/v2\/product"}],"about":[{"href":"https:\/\/dalatreview.vn\/en\/wp-json\/wp\/v2\/types\/product"}],"replies":[{"embeddable":true,"href":"https:\/\/dalatreview.vn\/en\/wp-json\/wp\/v2\/comments?post=41467"}],"wp:featuredmedia":[{"embeddable":true,"href":"https:\/\/dalatreview.vn\/en\/wp-json\/wp\/v2\/media\/42866"}],"wp:attachment":[{"href":"https:\/\/dalatreview.vn\/en\/wp-json\/wp\/v2\/media?parent=41467"}],"wp:term":[{"taxonomy":"product_cat","embeddable":true,"href":"https:\/\/dalatreview.vn\/en\/wp-json\/wp\/v2\/product_cat?post=41467"},{"taxonomy":"product_tag","embeddable":true,"href":"https:\/\/dalatreview.vn\/en\/wp-json\/wp\/v2\/product_tag?post=41467"}],"curies":[{"name":"wp","href":"https:\/\/api.w.org\/{rel}","templated":true}]}}