
{"id":37087,"date":"2024-03-09T14:51:38","date_gmt":"2024-03-09T07:51:38","guid":{"rendered":"https:\/\/dalatreview.vn\/?p=37087"},"modified":"2024-10-12T10:34:33","modified_gmt":"2024-10-12T03:34:33","slug":"villa-gio-an-3-phong-ngu","status":"publish","type":"product","link":"https:\/\/dalatreview.vn\/en\/villa-gio-an-3-phong-ngu.html","title":{"rendered":"VILLA GIO AN 3 PH\u00d2NG NG\u1ee6"},"content":{"rendered":"<nav class=\"vietrick-auto-toc\">\n<div class=\"box-title\">\n<h3 class=\"toc-title\" id=\"select-menu\">Danh m\u1ee5c ch\u00ednh<\/h3>\n<div><ion-icon name=\"chevron-up-outline\"><\/ion-icon><\/div>\n<\/div>\n<ul class=\"toc-list\"><\/ul>\n<li><a href='https:\/\/dalatreview.vn\/en#villa-gio-an-3-phong-ngu' class='heading-h1 toc-link smooth-scroll'>VILLA GIO AN 3 PH\u00d2NG NG\u1ee6<\/a>\n<ul>\n<li><a href='https:\/\/dalatreview.vn\/en#1-vi-tri' class='heading-h2 toc-link smooth-scroll'>1. V\u1ecb tr\u00ed\u00a0<\/a>\n<li><a href='https:\/\/dalatreview.vn\/en#2-decor' class='heading-h2 toc-link smooth-scroll'>2. Decor\u00a0<\/a>\n<li><a href='https:\/\/dalatreview.vn\/en#3-dich-vu-tien-ich' class='heading-h2 toc-link smooth-scroll'>3. D\u1ecbch v\u1ee5 &amp; ti\u1ec7n \u00edch\u00a0<\/a>\n<li><a href='https:\/\/dalatreview.vn\/en#4-gia-phong' class='heading-h2 toc-link smooth-scroll'>4. Gi\u00e1 ph\u00f2ng\u00a0<\/a>\n<li><a href='https:\/\/dalatreview.vn\/en#5-lien-he' class='heading-h2 toc-link smooth-scroll'>5. Li\u00ean H\u1ec7\u00a0<\/a><\/ul>\n<\/ul>\n<\/li>\n<\/ul>\n<\/nav>\n<h1 style=\"text-align: center;\" id=\"villa-gio-an-3-phong-ngu\"><span style=\"color: #003300;\"><strong>VILLA GIO AN 3 PH\u00d2NG NG\u1ee6<\/strong><\/span><\/h1>\n<h2 id=\"1-vi-tri\"><span style=\"color: #003300;\"><strong>1. V\u1ecb tr\u00ed\u00a0<\/strong><\/span><\/h2>\n<p><span style=\"font-size: 16px;\">L\u00e0 c\u0103n villa \u0111\u00fang chu\u1ea9n sang \u2013 x\u1ecbn \u2013 m\u1ecbn \u0111\u01b0\u1ee3c du kh\u00e1ch v\u00f4 c\u00f9ng y\u00eau th\u00edch t\u1ea1i \u0110\u00e0 L\u1ea1t m\u00e0 b\u1ea1n kh\u00f4ng th\u1ec3 b\u1ecf l\u1ee1.<\/span><\/p>\n<p><img decoding=\"async\" class=\"aligncenter wp-image-37101 size-full\" src=\"https:\/\/dalatreview.vn\/wp-content\/uploads\/2024\/03\/z5223327356179_95ff2d0f68655063fdfd4a3b87f27f62.jpg\" alt=\"VILLA GIO AN\" width=\"2050\" height=\"1367\" srcset=\"https:\/\/dalatreview.vn\/wp-content\/uploads\/2024\/03\/z5223327356179_95ff2d0f68655063fdfd4a3b87f27f62.jpg 2050w, https:\/\/dalatreview.vn\/wp-content\/uploads\/2024\/03\/z5223327356179_95ff2d0f68655063fdfd4a3b87f27f62-600x400.jpg 600w\" sizes=\"(max-width: 2050px) 100vw, 2050px\" \/><\/p>\n<p>C\u0103n villa n\u00e0y t\u1ecda l\u1ea1c tr\u00ean \u0111\u01b0\u1eddng Gio An, ph\u01b0\u1eddng 5, TP. \u0110\u00e0 L\u1ea1t v\u00e0 c\u00e1ch trung t\u00e2m kho\u1ea3ng t\u1ea7m 5 ph\u00fat ch\u1ea1y xe.<\/p>\n<p><img decoding=\"async\" class=\"aligncenter wp-image-37099 size-full\" src=\"https:\/\/dalatreview.vn\/wp-content\/uploads\/2024\/03\/z5223327333827_ba864259802cd81cb7f65dea1bc69e2e.jpg\" alt=\"thi\u1ebft k\u1ebf ph\u00f2ng VILLA GIO AN\" width=\"2050\" height=\"1231\" srcset=\"https:\/\/dalatreview.vn\/wp-content\/uploads\/2024\/03\/z5223327333827_ba864259802cd81cb7f65dea1bc69e2e.jpg 2050w, https:\/\/dalatreview.vn\/wp-content\/uploads\/2024\/03\/z5223327333827_ba864259802cd81cb7f65dea1bc69e2e-600x360.jpg 600w\" sizes=\"(max-width: 2050px) 100vw, 2050px\" \/><\/p>\n<p>Villa \u0111\u01b0\u1ee3c trang b\u1ecb \u0111\u1ea7y \u0111\u1ee7 ti\u1ec7n nghi nh\u01b0 \u1edf nh\u00e0. C\u00f3 s\u00e2n BBQ ngo\u00e0i tr\u1eddi th\u00edch h\u1ee3p cho gia \u0111\u00ecnh, \u0111o\u00e0n th\u1ec3, h\u1ed9i b\u1ea1n th\u00e2n.<\/p>\n<p><img decoding=\"async\" class=\"aligncenter wp-image-37100 size-full\" src=\"https:\/\/dalatreview.vn\/wp-content\/uploads\/2024\/03\/z5223327336692_9523659cd5450bffae25fcb0e19f6ac0.jpg\" alt=\"kho\u1ea3ng s\u00e2n v\u01b0\u1eddn tr\u01b0\u1edbc villa\" width=\"2050\" height=\"1367\" srcset=\"https:\/\/dalatreview.vn\/wp-content\/uploads\/2024\/03\/z5223327336692_9523659cd5450bffae25fcb0e19f6ac0.jpg 2050w, https:\/\/dalatreview.vn\/wp-content\/uploads\/2024\/03\/z5223327336692_9523659cd5450bffae25fcb0e19f6ac0-600x400.jpg 600w\" sizes=\"(max-width: 2050px) 100vw, 2050px\" \/><\/p>\n<p>Ngo\u00e0i ra, villa c\u00f2n \u0111\u01b0\u1ee3c thi\u1ebft k\u1ebf c\u00f3 nh\u1eefng kho\u1ea3ng s\u00e2n nh\u1ecf v\u00e0 c\u00f3 khu v\u1ef1c b\u1ebfp ngay ngo\u00e0i s\u00e2n ph\u1ee5c v\u1ee5 nh\u1eefng b\u1eefa ti\u1ec7c th\u00e2n m\u1eadt c\u1ee7a gia \u0111\u00ecnh v\u00e0 nh\u00f3m b\u1ea1n.<\/p>\n<h2 id=\"2-decor\"><span style=\"color: #003300;\"><strong>2. Decor\u00a0<\/strong><\/span><\/h2>\n<p>T\u1ecda l\u1ea1c t\u1ea1i m\u1ed9t v\u1ecb tr\u00ed \u0111\u1eafc \u0111\u1ecba, kh\u00f4ng kh\u00ed trong l\u00e0nh, \u0111\u01b0\u1ee3c bao b\u1ecdc xung quanh b\u1edfi s\u1ef1 m\u00e1t m\u1ebb c\u1ee7a thi\u00ean nhi\u00ean, c\u00f3 l\u1ebd v\u00ec v\u1eady m\u00e0 c\u0103n villa n\u00e0y s\u1ebd l\u00e0 m\u1ed9t s\u1ef1 l\u1ef1a ch\u1ecdn ho\u00e0n h\u1ea3o khi b\u1ea1n \u0111\u1ebfn x\u1eed s\u1edf s\u01b0\u01a1ng m\u00f9 \u0110\u00e0 L\u1ea1tj.<\/p>\n<p><img decoding=\"async\" class=\"aligncenter wp-image-37110 size-full\" src=\"https:\/\/dalatreview.vn\/wp-content\/uploads\/2024\/03\/z5223327507350_5d2751cf3be0a1a8f5b11e225289038c.jpg\" alt=\"thi\u1ebft k\u1ebf ph\u00f2ng ng\u1ee7 VILLA GIO AN\" width=\"2050\" height=\"1367\" srcset=\"https:\/\/dalatreview.vn\/wp-content\/uploads\/2024\/03\/z5223327507350_5d2751cf3be0a1a8f5b11e225289038c.jpg 2050w, https:\/\/dalatreview.vn\/wp-content\/uploads\/2024\/03\/z5223327507350_5d2751cf3be0a1a8f5b11e225289038c-600x400.jpg 600w\" sizes=\"(max-width: 2050px) 100vw, 2050px\" \/><\/p>\n<p>Villa \u0111\u01b0\u1ee3c thi\u1ebft k\u1ebf theo l\u1ed1i ki\u1ebfn tr\u00fac hi\u1ec7n \u0111\u1ea1i v\u00e0 \u0111\u01b0\u1ee3c thi\u1ebft k\u1ebf theo ki\u1ec3u kh\u00f4ng gian m\u1edf r\u1ed9ng r\u00e3i v\u00e0 tho\u00e1ng m\u00e1t nhi\u1ec1u ph\u00f2ng \u0111\u1ea7y \u0111\u1ee7 ti\u1ec7n \u00edch \u0111\u00e1p \u1ee9ng \u0111\u01b0\u1ee3c m\u1ecdi nhu c\u1ea7u m\u00e0 b\u1ea1n mong mu\u1ed1n.<\/p>\n<p><img decoding=\"async\" class=\"aligncenter wp-image-37109 size-full\" src=\"https:\/\/dalatreview.vn\/wp-content\/uploads\/2024\/03\/z5223327507349_7e8f089fb790ea6894c1ad6a7a19b115.jpg\" alt=\"view ph\u00f2ng ng\u1ee7\" width=\"2050\" height=\"1367\" srcset=\"https:\/\/dalatreview.vn\/wp-content\/uploads\/2024\/03\/z5223327507349_7e8f089fb790ea6894c1ad6a7a19b115.jpg 2050w, https:\/\/dalatreview.vn\/wp-content\/uploads\/2024\/03\/z5223327507349_7e8f089fb790ea6894c1ad6a7a19b115-600x400.jpg 600w\" sizes=\"(max-width: 2050px) 100vw, 2050px\" \/><\/p>\n<p>\u0110\u1eb7c bi\u1ec7t, t\u1ea1i c\u0103n villa n\u00e0y b\u1ea1n c\u00f3 th\u1ec3 ng\u1eafm nh\u00ecn 2 view \u0111\u1ed3i th\u00f4ng, view h\u1ed3 n\u01b0\u1edbc xanh qua c\u00e1c khung c\u1eeda k\u00ednh.<\/p>\n<p><img decoding=\"async\" class=\"aligncenter wp-image-37106 size-full\" src=\"https:\/\/dalatreview.vn\/wp-content\/uploads\/2024\/03\/z5223327442256_75d7e152198447ccdda447a2d746f489.jpg\" alt=\"VILLA GIO AN\" width=\"1968\" height=\"1312\" srcset=\"https:\/\/dalatreview.vn\/wp-content\/uploads\/2024\/03\/z5223327442256_75d7e152198447ccdda447a2d746f489.jpg 1968w, https:\/\/dalatreview.vn\/wp-content\/uploads\/2024\/03\/z5223327442256_75d7e152198447ccdda447a2d746f489-600x400.jpg 600w\" sizes=\"(max-width: 1968px) 100vw, 1968px\" \/><\/p>\n<p>V\u00e0 t\u1ea1i \u0111\u00e2y b\u1ea1n c\u0169ng c\u00f3 th\u1ec3 ng\u1eafm b\u00ecnh minh ho\u1eb7c ho\u00e0ng h\u00f4n h\u00f2a quy\u1ec7n c\u00f9ng kh\u00f4ng kh\u00ed trong l\u00e0nh \u0111em t\u1edbi m\u1ed9t c\u1ea3m gi\u00e1c tho\u1ea3i m\u00e1i b\u00ecnh y\u00ean. Ban \u0111\u00eam b\u1ea1n c\u00f3 th\u1ec3 ng\u1eafm nh\u00ecn s\u1ef1 lung linh l\u1ea5p l\u00e1nh c\u00f3 ch\u00fat huy\u1ec1n \u1ea3o c\u1ee7a \u00e1nh \u0111\u00e8n th\u00e0nh ph\u1ed1 r\u1ea5t l\u00e3ng m\u1ea1n n\u1eefa \u0111\u00e2y!<\/p>\n<p><img decoding=\"async\" class=\"aligncenter wp-image-37102 size-full\" src=\"https:\/\/dalatreview.vn\/wp-content\/uploads\/2024\/03\/z5223327373075_b390b730103d02e056a30de1d4599182.jpg\" alt=\"ph\u00f2ng b\u1ebfp VILLA GIO AN\" width=\"2050\" height=\"1367\" srcset=\"https:\/\/dalatreview.vn\/wp-content\/uploads\/2024\/03\/z5223327373075_b390b730103d02e056a30de1d4599182.jpg 2050w, https:\/\/dalatreview.vn\/wp-content\/uploads\/2024\/03\/z5223327373075_b390b730103d02e056a30de1d4599182-600x400.jpg 600w\" sizes=\"(max-width: 2050px) 100vw, 2050px\" \/><\/p>\n<p>\u0110\u1eb7c bi\u1ec7t, c\u0103n villa n\u00e0y c\u00f2n trang b\u1ecb th\u00eam b\u1ed9 n\u1ed9t th\u1ea5t cao c\u1ea5p sang tr\u1ecdng. V\u00e0 c\u00f3 r\u1ea5t nhi\u1ec1u g\u00f3c s\u1ed1ng \u1ea3o s\u1ecbn s\u00f2 \u0111\u1ec3 b\u1ea1n v\u00e0 gia \u0111\u00ecnh c\u00f3 th\u1ec3 l\u01b0u l\u1ea1i nhi\u1ec1u k\u1ef7 ni\u1ec7m \u0111\u1eb9p b\u00ean nhau.<\/p>\n<h2 id=\"3-dich-vu-tien-ich\"><span style=\"color: #003300;\"><strong>3. D\u1ecbch v\u1ee5 &amp; ti\u1ec7n \u00edch\u00a0<\/strong><\/span><\/h2>\n<p><span style=\"font-size: 16px;\">C\u01a1 c\u1ea5u villa bao g\u1ed3m:<\/span><\/p>\n<p>&#8211; 3 Ph\u00f2ng ng\u1ee7 \u0111\u01a1n, 2 \u0111\u01a1n 1 \u0111\u00f4i 2 ph\u00f2ng WC ( 1 c\u00e1i trong ph\u00f2ng 2 gi\u01b0\u1eddng v\u00e0 1 c\u00e1i \u1edf ngo\u00e0i )<\/p>\n<p>&#8211; View s\u0103n m\u00e2y bu\u1ed5i s\u00e1ng s\u1edbm<\/p>\n<p>&#8211; 1 Ph\u00f2ng kh\u00e1ch<\/p>\n<p>&#8211; 1 Ph\u00f2ng b\u1ebfp \u0111\u1ea7y \u0111\u1ee7 d\u1ee5ng c\u1ee5 n\u1ea5u \u0103n<\/p>\n<p>&#8211; S\u00e2n v\u01b0\u1eddn r\u1ed9ng r\u00e3i, c\u00f3 b\u00e0n gh\u1ebf t\u1ed5 ch\u1ee9c ti\u1ec7c BBQ<\/p>\n<p>&#8211; Ph\u00f2ng gi\u1eb7t<\/p>\n<p>&#8211; Xe 16 ch\u1ed7 \u0111\u1eadu tho\u1ea3i m\u00e1i<\/p>\n<p>&#8211; Mi\u1ec5n ph\u00ed tr\u00e0, cafe, n\u01b0\u1edbc su\u1ed1i ch\u00e0o ph\u00f2ng<\/p>\n<p>&#8211; D\u1ecdn ph\u00f2ng thay kh\u0103n 3 \u0111\u00eam\/l\u1ea7n<\/p>\n<p>&#8211; S\u1ee9c ch\u1ee9a t\u1ed1i \u0111a 10 kh\u00e1ch<\/p>\n<p><img decoding=\"async\" class=\"size-full wp-image-37113 aligncenter\" src=\"https:\/\/dalatreview.vn\/wp-content\/uploads\/2024\/03\/Vuon-hoa-thanh-pho-da-lat-14.jpg\" alt=\"c\u01a1 c\u1ea5u VILLA GIO AN\" width=\"1200\" height=\"900\" srcset=\"https:\/\/dalatreview.vn\/wp-content\/uploads\/2024\/03\/Vuon-hoa-thanh-pho-da-lat-14.jpg 1200w, https:\/\/dalatreview.vn\/wp-content\/uploads\/2024\/03\/Vuon-hoa-thanh-pho-da-lat-14-600x450.jpg 600w\" sizes=\"(max-width: 1200px) 100vw, 1200px\" \/><\/p>\n<h2 id=\"4-gia-phong\"><span style=\"color: #003300;\"><strong>4. Gi\u00e1 ph\u00f2ng\u00a0<\/strong><\/span><\/h2>\n<p><span style=\"font-size: 16px;\">Qu\u00fd kh\u00e1ch c\u00f3 nhu c\u1ea7u mu\u1ed1n \u0111\u1eb7t ph\u00f2ng, vui l\u00f2ng li\u00ean h\u1ec7\u00a0<a href=\"https:\/\/zalo.me\/dalatreview\" target=\"_blank\" rel=\"noopener\">\u0110\u00e0 L\u1ea1t Review <\/a>\u0111\u1ec3 \u0111\u01b0\u1ee3c t\u01b0 v\u1ea5n.<\/span><\/p>\n<h2 id=\"5-lien-he\"><span style=\"color: #003300;\"><strong>5. Li\u00ean H\u1ec7\u00a0<\/strong><\/span><\/h2>\n<p><span style=\"font-size: 16px;\">Li\u00ean h\u1ec7 book ph\u00f2ng: <a href=\"https:\/\/zalo.me\/dalatreview\" target=\"_blank\" rel=\"noopener\">\u0110\u00e0 L\u1ea1t Review T\u1ea5t T\u1ea7n T\u1eadt<\/a><\/span><\/p>\n<p><span style=\"font-size: 16px;\">S\u0110T\/Zalo: 0988 249 297<\/span><\/p>\n<p><span style=\"font-size: 16px;\">Xem th\u00eam b\u00e0i vi\u1ebft kh\u00e1c t\u1ea1i:\u00a0<a href=\"https:\/\/dalatreview.vn\/en\/cho-nghi\/\">\u0110\u00e0 L\u1ea1t Review<\/a><\/span><\/p>","protected":false},"excerpt":{"rendered":"<p>C\u0103n villa n\u00e0y t\u1ecda l\u1ea1c tr\u00ean \u0111\u01b0\u1eddng Gio An, ph\u01b0\u1eddng 5, TP. \u0110\u00e0 L\u1ea1t v\u00e0 c\u00e1ch trung t\u00e2m kho\u1ea3ng t\u1ea7m 5 ph\u00fat ch\u1ea1y xe.<\/p>","protected":false},"featured_media":37103,"comment_status":"open","ping_status":"closed","template":"","meta":{"_acf_changed":false,"rank_math_lock_modified_date":false},"product_cat":[29,2247,45],"product_tag":[],"acf":[],"_links":{"self":[{"href":"https:\/\/dalatreview.vn\/en\/wp-json\/wp\/v2\/product\/37087"}],"collection":[{"href":"https:\/\/dalatreview.vn\/en\/wp-json\/wp\/v2\/product"}],"about":[{"href":"https:\/\/dalatreview.vn\/en\/wp-json\/wp\/v2\/types\/product"}],"replies":[{"embeddable":true,"href":"https:\/\/dalatreview.vn\/en\/wp-json\/wp\/v2\/comments?post=37087"}],"wp:featuredmedia":[{"embeddable":true,"href":"https:\/\/dalatreview.vn\/en\/wp-json\/wp\/v2\/media\/37103"}],"wp:attachment":[{"href":"https:\/\/dalatreview.vn\/en\/wp-json\/wp\/v2\/media?parent=37087"}],"wp:term":[{"taxonomy":"product_cat","embeddable":true,"href":"https:\/\/dalatreview.vn\/en\/wp-json\/wp\/v2\/product_cat?post=37087"},{"taxonomy":"product_tag","embeddable":true,"href":"https:\/\/dalatreview.vn\/en\/wp-json\/wp\/v2\/product_tag?post=37087"}],"curies":[{"name":"wp","href":"https:\/\/api.w.org\/{rel}","templated":true}]}}