
{"id":37083,"date":"2024-03-09T15:01:23","date_gmt":"2024-03-09T08:01:23","guid":{"rendered":"https:\/\/dalatreview.vn\/?p=37083"},"modified":"2024-10-12T10:33:24","modified_gmt":"2024-10-12T03:33:24","slug":"villa-yersin-4-phong-ngu","status":"publish","type":"product","link":"https:\/\/dalatreview.vn\/en\/villa-yersin-4-phong-ngu.html","title":{"rendered":"VILLA YERSIN 4 PH\u00d2NG NG\u1ee6"},"content":{"rendered":"<nav class=\"vietrick-auto-toc\">\n<div class=\"box-title\">\n<h3 class=\"toc-title\" id=\"select-menu\">Danh m\u1ee5c ch\u00ednh<\/h3>\n<div><ion-icon name=\"chevron-up-outline\"><\/ion-icon><\/div>\n<\/div>\n<ul class=\"toc-list\"><\/ul>\n<li><a href='https:\/\/dalatreview.vn\/en#villa-yersin-4-phong-ngu' class='heading-h1 toc-link smooth-scroll'>VILLA YERSIN 4 PH\u00d2NG NG\u1ee6<\/a>\n<ul>\n<li><a href='https:\/\/dalatreview.vn\/en#1-vi-tri' class='heading-h2 toc-link smooth-scroll'>1. V\u1ecb tr\u00ed\u00a0<\/a>\n<li><a href='https:\/\/dalatreview.vn\/en#2-decor' class='heading-h2 toc-link smooth-scroll'>2. Decor\u00a0<\/a>\n<li><a href='https:\/\/dalatreview.vn\/en#3-dich-vu-tien-ich' class='heading-h2 toc-link smooth-scroll'>3. D\u1ecbch v\u1ee5 &amp; ti\u1ec7n \u00edch\u00a0<\/a>\n<li><a href='https:\/\/dalatreview.vn\/en#4-gia-phong' class='heading-h2 toc-link smooth-scroll'>4. Gi\u00e1 ph\u00f2ng\u00a0<\/a>\n<li><a href='https:\/\/dalatreview.vn\/en#5-lien-he' class='heading-h2 toc-link smooth-scroll'>5. Li\u00ean H\u1ec7\u00a0<\/a><\/ul>\n<\/ul>\n<\/li>\n<\/ul>\n<\/nav>\n<h1 style=\"text-align: center;\" id=\"villa-yersin-4-phong-ngu\"><span style=\"color: #003300;\"><strong>VILLA YERSIN 4 PH\u00d2NG NG\u1ee6<\/strong><\/span><\/h1>\n<h2 id=\"1-vi-tri\"><span style=\"color: #003300;\"><strong>1. V\u1ecb tr\u00ed\u00a0<\/strong><\/span><\/h2>\n<p><span style=\"font-size: 16px;\">L\u00e0 c\u0103n villa \u0111\u00fang chu\u1ea9n sang \u2013 x\u1ecbn \u2013 m\u1ecbn \u0111\u01b0\u1ee3c du kh\u00e1ch v\u00f4 c\u00f9ng y\u00eau th\u00edch t\u1ea1i \u0110\u00e0 L\u1ea1t m\u00e0 b\u1ea1n kh\u00f4ng th\u1ec3 b\u1ecf l\u1ee1.<\/span><\/p>\n<p><img decoding=\"async\" class=\"aligncenter wp-image-37129 size-full\" src=\"https:\/\/dalatreview.vn\/wp-content\/uploads\/2024\/03\/z5223321926619_97ccb52c38ae91c35281d32f98e43a1a.jpg\" alt=\"VILLA YERSIN\" width=\"1972\" height=\"1261\" srcset=\"https:\/\/dalatreview.vn\/wp-content\/uploads\/2024\/03\/z5223321926619_97ccb52c38ae91c35281d32f98e43a1a.jpg 1972w, https:\/\/dalatreview.vn\/wp-content\/uploads\/2024\/03\/z5223321926619_97ccb52c38ae91c35281d32f98e43a1a-600x384.jpg 600w\" sizes=\"(max-width: 1972px) 100vw, 1972px\" \/><\/p>\n<p>C\u0103n villa n\u00e0y t\u1ecda l\u1ea1c tr\u00ean \u0111\u01b0\u1eddng Yersin, ph\u01b0\u1eddng 10, TP. \u0110\u00e0 L\u1ea1t v\u00e0 ch\u1ec9 c\u00e1ch ch\u1ee3 \u0110\u00e0 L\u1ea1t kho\u1ea3ng t\u1ea7m 2km di chuy\u1ec3n.<\/p>\n<p><img decoding=\"async\" class=\"aligncenter wp-image-37126 size-full\" src=\"https:\/\/dalatreview.vn\/wp-content\/uploads\/2024\/03\/z5223321871278_61136c19464a62ab4e72c93ad9a23716.jpg\" alt=\"VILLA YERSIN\" width=\"2050\" height=\"1367\" srcset=\"https:\/\/dalatreview.vn\/wp-content\/uploads\/2024\/03\/z5223321871278_61136c19464a62ab4e72c93ad9a23716.jpg 2050w, https:\/\/dalatreview.vn\/wp-content\/uploads\/2024\/03\/z5223321871278_61136c19464a62ab4e72c93ad9a23716-600x400.jpg 600w\" sizes=\"(max-width: 2050px) 100vw, 2050px\" \/><\/p>\n<p>Villa \u0111\u01b0\u1ee3c trang b\u1ecb \u0111\u1ea7y \u0111\u1ee7 ti\u1ec7n nghi nh\u01b0 \u1edf nh\u00e0. C\u00f3 s\u00e2n BBQ ngo\u00e0i tr\u1eddi th\u00edch h\u1ee3p cho gia \u0111\u00ecnh, \u0111o\u00e0n th\u1ec3, h\u1ed9i b\u1ea1n th\u00e2n.<\/p>\n<p><img decoding=\"async\" class=\"aligncenter wp-image-37124 size-full\" src=\"https:\/\/dalatreview.vn\/wp-content\/uploads\/2024\/03\/z5223321842289_664886fc6dea5912e6edef9201b6cd66.jpg\" alt=\"VILLA YERSIN\" width=\"2050\" height=\"1367\" srcset=\"https:\/\/dalatreview.vn\/wp-content\/uploads\/2024\/03\/z5223321842289_664886fc6dea5912e6edef9201b6cd66.jpg 2050w, https:\/\/dalatreview.vn\/wp-content\/uploads\/2024\/03\/z5223321842289_664886fc6dea5912e6edef9201b6cd66-600x400.jpg 600w\" sizes=\"(max-width: 2050px) 100vw, 2050px\" \/><\/p>\n<p>Ngo\u00e0i ra, villa c\u00f2n \u0111\u01b0\u1ee3c thi\u1ebft k\u1ebf c\u00f3 nh\u1eefng kho\u1ea3ng s\u00e2n nh\u1ecf v\u00e0 c\u00f3 khu v\u1ef1c b\u1ebfp ngay ngo\u00e0i s\u00e2n ph\u1ee5c v\u1ee5 nh\u1eefng b\u1eefa ti\u1ec7c th\u00e2n m\u1eadt c\u1ee7a gia \u0111\u00ecnh v\u00e0 nh\u00f3m b\u1ea1n.<\/p>\n<h2 id=\"2-decor\"><span style=\"color: #003300;\"><strong>2. Decor\u00a0<\/strong><\/span><\/h2>\n<p>\u0110\u00e2y l\u00e0 m\u1ed9t c\u0103n villa bi\u1ec7t l\u1eadp, n\u1eb1m ngay m\u1eb7t ti\u1ec1n \u0111\u01b0\u1eddng b\u1eb1ng ph\u1eb3ng, c\u00f3 s\u00e2n v\u01b0\u1eddn bao quanh<\/p>\n<p><img decoding=\"async\" class=\"aligncenter wp-image-37116 size-full\" src=\"https:\/\/dalatreview.vn\/wp-content\/uploads\/2024\/03\/z5223321781306_29a7faf7529ec6df5ab9e9681bd62a13.jpg\" alt=\"khu\u00f4n vi\u00ean VILLA YERSIN\" width=\"2050\" height=\"1367\" srcset=\"https:\/\/dalatreview.vn\/wp-content\/uploads\/2024\/03\/z5223321781306_29a7faf7529ec6df5ab9e9681bd62a13.jpg 2050w, https:\/\/dalatreview.vn\/wp-content\/uploads\/2024\/03\/z5223321781306_29a7faf7529ec6df5ab9e9681bd62a13-600x400.jpg 600w\" sizes=\"(max-width: 2050px) 100vw, 2050px\" \/><\/p>\n<p>T\u1ecda l\u1ea1c t\u1ea1i m\u1ed9t v\u1ecb tr\u00ed thu\u1eadn l\u1ee3i, kh\u00f4ng kh\u00ed trong l\u00e0nh, m\u00e1t m\u1ebb, y\u00ean t\u0129nh v\u00e0 c\u00f3 nhi\u1ec1u g\u00f3c view \u0111\u1eb9p th\u00ec \u0111\u00f3 ch\u00ednh l\u00e0 nh\u1eefng \u01b0u \u0111i\u1ec3m c\u1ee7a c\u0103n villa n\u00e0y.<\/p>\n<p><img decoding=\"async\" class=\"aligncenter wp-image-37122 size-full\" src=\"https:\/\/dalatreview.vn\/wp-content\/uploads\/2024\/03\/z5223321837081_47ad8fcac017d973c06faddebed9ee27.jpg\" alt=\"thi\u1ebft k\u1ebf ph\u00f2ng ng\u1ee7 VILLA YERSIN\" width=\"2050\" height=\"1367\" srcset=\"https:\/\/dalatreview.vn\/wp-content\/uploads\/2024\/03\/z5223321837081_47ad8fcac017d973c06faddebed9ee27.jpg 2050w, https:\/\/dalatreview.vn\/wp-content\/uploads\/2024\/03\/z5223321837081_47ad8fcac017d973c06faddebed9ee27-600x400.jpg 600w\" sizes=\"(max-width: 2050px) 100vw, 2050px\" \/><\/p>\n<p>Villa \u0111\u01b0\u1ee3c thi\u1ebft k\u1ebf theo l\u1ed1i ki\u1ebfn tr\u00fac hi\u1ec7n \u0111\u1ea1i v\u00e0 \u0111\u01b0\u1ee3c thi\u1ebft k\u1ebf theo ki\u1ec3u kh\u00f4ng gian m\u1edf r\u1ed9ng r\u00e3i v\u00e0 tho\u00e1ng m\u00e1t. Thi\u1ebft k\u1ebf ph\u00f2ng ng\u1ee7 kh\u00e9p k\u00edn t\u1ea1o n\u00ean kh\u00f4ng gian ri\u00eang t\u01b0, m\u00e0u s\u1eafc decor nh\u00e3 nh\u1eb7n \u0111em \u0111\u1ebfn c\u1ea3m gi\u00e1c g\u1ea7n g\u1eefi \u1ea5m c\u00fang.<\/p>\n<p><img decoding=\"async\" class=\"aligncenter wp-image-37115 size-full\" src=\"https:\/\/dalatreview.vn\/wp-content\/uploads\/2024\/03\/z5223321774790_7e627bccd66c078924742428fb0b0817.jpg\" alt=\"VILLA YERSIN\" width=\"2050\" height=\"1379\" srcset=\"https:\/\/dalatreview.vn\/wp-content\/uploads\/2024\/03\/z5223321774790_7e627bccd66c078924742428fb0b0817.jpg 2050w, https:\/\/dalatreview.vn\/wp-content\/uploads\/2024\/03\/z5223321774790_7e627bccd66c078924742428fb0b0817-600x404.jpg 600w\" sizes=\"(max-width: 2050px) 100vw, 2050px\" \/><\/p>\n<p>Ngo\u00e0i ra, c\u0103n villa n\u00e0y trang b\u1ecb th\u00eam b\u1ed9 n\u1ed9t th\u1ea5t cao c\u1ea5p sang tr\u1ecdng. V\u00e0 c\u00f3 r\u1ea5t nhi\u1ec1u g\u00f3c s\u1ed1ng \u1ea3o s\u1ecbn s\u00f2 \u0111\u1ec3 b\u1ea1n v\u00e0 gia \u0111\u00ecnh c\u00f3 th\u1ec3 l\u01b0u l\u1ea1i nhi\u1ec1u k\u1ef7 ni\u1ec7m \u0111\u1eb9p b\u00ean nhau.<\/p>\n<h2 id=\"3-dich-vu-tien-ich\"><span style=\"color: #003300;\"><strong>3. D\u1ecbch v\u1ee5 &amp; ti\u1ec7n \u00edch\u00a0<\/strong><\/span><\/h2>\n<p><span style=\"font-size: 16px;\">C\u01a1 c\u1ea5u villa bao g\u1ed3m:<\/span><\/p>\n<p>&#8211; 5 Ph\u00f2ng ng\u1ee7 \u0111\u01a1n, 4 Wc tr\u01b0\u1edbc c\u1eeda ph\u00f2ng<\/p>\n<p>&#8211; 1 t\u1ea7ng h\u1ea7m + 1 tr\u1ec7t + 1 t\u1ea7ng \u00e1p m\u00e1i<\/p>\n<p>&#8211; 1 Ph\u00f2ng kh\u00e1ch<\/p>\n<p>&#8211; 1 Ph\u00f2ng b\u1ebfp<\/p>\n<p>&#8211; S\u00e2n v\u01b0\u1eddn r\u1ed9ng r\u00e3i, c\u00f3 kh\u00f4ng gian t\u1ed5 ch\u1ee9c ti\u1ec7c BBQ<\/p>\n<p>&#8211; B\u00e3i \u0111\u1eadu xe ri\u00eang<\/p>\n<p>&#8211; S\u1ee9c ch\u1ee9a t\u1ed1i \u0111a 10 kh\u00e1ch, Max 12 kh\u00e1ch<\/p>\n<p><img decoding=\"async\" class=\"size-full wp-image-37132 aligncenter\" src=\"https:\/\/dalatreview.vn\/wp-content\/uploads\/2024\/03\/Vuon-hoa-thanh-pho-da-lat-15.jpg\" alt=\"villa yersin\" width=\"1200\" height=\"900\" srcset=\"https:\/\/dalatreview.vn\/wp-content\/uploads\/2024\/03\/Vuon-hoa-thanh-pho-da-lat-15.jpg 1200w, https:\/\/dalatreview.vn\/wp-content\/uploads\/2024\/03\/Vuon-hoa-thanh-pho-da-lat-15-600x450.jpg 600w\" sizes=\"(max-width: 1200px) 100vw, 1200px\" \/><\/p>\n<h2 id=\"4-gia-phong\"><span style=\"color: #003300;\"><strong>4. Gi\u00e1 ph\u00f2ng\u00a0<\/strong><\/span><\/h2>\n<p><span style=\"font-size: 16px;\">Qu\u00fd kh\u00e1ch c\u00f3 nhu c\u1ea7u mu\u1ed1n \u0111\u1eb7t ph\u00f2ng, vui l\u00f2ng li\u00ean h\u1ec7\u00a0<a href=\"https:\/\/zalo.me\/dalatreview\" target=\"_blank\" rel=\"noopener\">\u0110\u00e0 L\u1ea1t Review <\/a>\u0111\u1ec3 \u0111\u01b0\u1ee3c t\u01b0 v\u1ea5n.<\/span><\/p>\n<h2 id=\"5-lien-he\"><span style=\"color: #003300;\"><strong>5. Li\u00ean H\u1ec7\u00a0<\/strong><\/span><\/h2>\n<p><span style=\"font-size: 16px;\">Li\u00ean h\u1ec7 book ph\u00f2ng: <a href=\"https:\/\/zalo.me\/dalatreview\" target=\"_blank\" rel=\"noopener\">\u0110\u00e0 L\u1ea1t Review T\u1ea5t T\u1ea7n T\u1eadt<\/a><\/span><\/p>\n<p><span style=\"font-size: 16px;\">S\u0110T\/Zalo: 0988 249 297<\/span><\/p>\n<p><span style=\"font-size: 16px;\">Xem th\u00eam b\u00e0i vi\u1ebft kh\u00e1c t\u1ea1i:\u00a0<a href=\"https:\/\/dalatreview.vn\/en\/cho-nghi\/\">\u0110\u00e0 L\u1ea1t Review<\/a><\/span><\/p>","protected":false},"excerpt":{"rendered":"<p>C\u0103n villa n\u00e0y t\u1ecda l\u1ea1c tr\u00ean \u0111\u01b0\u1eddng Yersin, ph\u01b0\u1eddng 10, TP. \u0110\u00e0 L\u1ea1t v\u00e0 ch\u1ec9 c\u00e1ch ch\u1ee3 \u0110\u00e0 L\u1ea1t kho\u1ea3ng t\u1ea7m 2km di chuy\u1ec3n.<\/p>","protected":false},"featured_media":37125,"comment_status":"open","ping_status":"closed","template":"","meta":{"_acf_changed":false,"rank_math_lock_modified_date":false},"product_cat":[29,2248,45],"product_tag":[],"acf":[],"_links":{"self":[{"href":"https:\/\/dalatreview.vn\/en\/wp-json\/wp\/v2\/product\/37083"}],"collection":[{"href":"https:\/\/dalatreview.vn\/en\/wp-json\/wp\/v2\/product"}],"about":[{"href":"https:\/\/dalatreview.vn\/en\/wp-json\/wp\/v2\/types\/product"}],"replies":[{"embeddable":true,"href":"https:\/\/dalatreview.vn\/en\/wp-json\/wp\/v2\/comments?post=37083"}],"wp:featuredmedia":[{"embeddable":true,"href":"https:\/\/dalatreview.vn\/en\/wp-json\/wp\/v2\/media\/37125"}],"wp:attachment":[{"href":"https:\/\/dalatreview.vn\/en\/wp-json\/wp\/v2\/media?parent=37083"}],"wp:term":[{"taxonomy":"product_cat","embeddable":true,"href":"https:\/\/dalatreview.vn\/en\/wp-json\/wp\/v2\/product_cat?post=37083"},{"taxonomy":"product_tag","embeddable":true,"href":"https:\/\/dalatreview.vn\/en\/wp-json\/wp\/v2\/product_tag?post=37083"}],"curies":[{"name":"wp","href":"https:\/\/api.w.org\/{rel}","templated":true}]}}