
{"id":36954,"date":"2024-03-05T15:40:31","date_gmt":"2024-03-05T08:40:31","guid":{"rendered":"https:\/\/dalatreview.vn\/?p=36954"},"modified":"2024-10-12T10:36:43","modified_gmt":"2024-10-12T03:36:43","slug":"can-ho-mini-tret-gac","status":"publish","type":"product","link":"https:\/\/dalatreview.vn\/en\/can-ho-mini-tret-gac.html","title":{"rendered":"C\u0102N H\u1ed8 MINI TR\u1ec6T G\u00c1C"},"content":{"rendered":"<nav class=\"vietrick-auto-toc\">\n<div class=\"box-title\">\n<h3 class=\"toc-title\" id=\"select-menu\">Danh m\u1ee5c ch\u00ednh<\/h3>\n<div><ion-icon name=\"chevron-up-outline\"><\/ion-icon><\/div>\n<\/div>\n<ul class=\"toc-list\"><\/ul>\n<li><a href='https:\/\/dalatreview.vn\/en#can-ho-mini-tret-gac' class='heading-h1 toc-link smooth-scroll'>C\u0102N H\u1ed8 MINI TR\u1ec6T G\u00c1C<\/a>\n<ul>\n<li><a href='https:\/\/dalatreview.vn\/en#1-vi-tri' class='heading-h2 toc-link smooth-scroll'>1. V\u1ecb tr\u00ed\u00a0<\/a>\n<li><a href='https:\/\/dalatreview.vn\/en#2_Decor\" class=\"ez-toc-section' class='heading-h2 toc-link smooth-scroll'>2. Decor\u00a0<\/a>\n<li><a href='https:\/\/dalatreview.vn\/en#3-dich-vu-tien-ich' class='heading-h2 toc-link smooth-scroll'>3. D\u1ecbch v\u1ee5 &amp; ti\u1ec7n \u00edch\u00a0<\/a>\n<li><a href='https:\/\/dalatreview.vn\/en#4-gia-phong' class='heading-h2 toc-link smooth-scroll'>4. Gi\u00e1 ph\u00f2ng\u00a0<\/a>\n<li><a href='https:\/\/dalatreview.vn\/en#5-lien-he' class='heading-h2 toc-link smooth-scroll'>5. Li\u00ean h\u1ec7\u00a0<\/a><\/ul>\n<\/ul>\n<\/li>\n<\/ul>\n<\/nav>\n<h1 style=\"text-align: center;\" id=\"can-ho-mini-tret-gac\"><span style=\"color: #003300;\"><strong>C\u0102N H\u1ed8 MINI TR\u1ec6T G\u00c1C<\/strong><\/span><\/h1>\n<h2 id=\"1-vi-tri\"><span style=\"color: #003300;\"><strong>1. V\u1ecb tr\u00ed\u00a0<\/strong><\/span><\/h2>\n<p>Ti\u1ebft tr\u1eddi \u0110\u00e0 L\u1ea1t v\u00e0o nh\u1eefng ng\u00e0y chuy\u1ec3n giao n\u00e0y l\u1ea1i l\u00e0 nh\u1eefng ng\u00e0y \u0111\u1eb9p nh\u1ea5t, khi m\u00e0 ti\u1ebft tr\u1eddi trong xanh, n\u1eafng r\u00e1o, th\u1eddi ti\u1ebft \u1ea5m \u00e1p, kh\u00f4ng qu\u00e1 l\u1ea1nh v\u1eady th\u00ec c\u00f2n ch\u1ea7n ch\u1eeb g\u00ec n\u1eefa m\u00e0 kh\u00f4ng nhanh tay \u0111\u1eb7t ngay m\u1ed9t chi\u1ebfc villa xinh x\u1eafn \u0111\u1ec3 c\u00f9ng gia \u0111\u00ecnh l\u00ean ngh\u1ec9 d\u01b0\u1ee1ng th\u00f4i n\u00e0o!<\/p>\n<div style=\"width: 854px;\" class=\"wp-video\"><!--[if lt IE 9]><script>document.createElement('video');<\/script><![endif]-->\n<video class=\"wp-video-shortcode\" id=\"video-36954-1\" width=\"854\" height=\"480\" preload=\"metadata\" controls=\"controls\"><source type=\"video\/mp4\" src=\"https:\/\/dalatreview.vn\/wp-content\/uploads\/2024\/03\/5184838889960.mp4?_=1\" \/><a href=\"https:\/\/dalatreview.vn\/wp-content\/uploads\/2024\/03\/5184838889960.mp4\">https:\/\/dalatreview.vn\/wp-content\/uploads\/2024\/03\/5184838889960.mp4<\/a><\/video><\/div>\n<p>C\u0103n h\u1ed9 mini tr\u1ec7t g\u00e1c thu\u1ed9c c\u0103n h\u1ed9 R\u1ed1n Studio, t\u1ecda l\u1ea1c t\u1ea1i \u0111\u01b0\u1eddng An B\u00ecnh, h\u1ebbm 36 Tri\u1ec7u Vi\u1ec7t V\u01b0\u01a1ng, ph\u01b0\u1eddng 3, \u0110\u00e0 L\u1ea1t. C\u0103n h\u1ed9 n\u00e0y n\u1eb1m tr\u00ean t\u1ea7ng 2 v\u00e0 c\u00f3 t\u1ed5ng di\u1ec7n t\u00edch r\u1ed9ng kho\u1ea3ng 25m2 s\u00e0n 10m2 g\u00e1c.<\/p>\n<p><img decoding=\"async\" class=\"aligncenter wp-image-36957 size-full\" src=\"https:\/\/dalatreview.vn\/wp-content\/uploads\/2024\/03\/z5184837458305_d48ba1be0d739140d4a77e73766f50b5.jpg\" alt=\"C\u0102N H\u1ed8 MINI TR\u1ec6T G\u00c1C\" width=\"2048\" height=\"1365\" srcset=\"https:\/\/dalatreview.vn\/wp-content\/uploads\/2024\/03\/z5184837458305_d48ba1be0d739140d4a77e73766f50b5.jpg 2048w, https:\/\/dalatreview.vn\/wp-content\/uploads\/2024\/03\/z5184837458305_d48ba1be0d739140d4a77e73766f50b5-600x400.jpg 600w\" sizes=\"(max-width: 2048px) 100vw, 2048px\" \/><\/p>\n<p>T\u1ecda l\u1ea1c ngay t\u1ea1i v\u1ecb tr\u00ed trung t\u00e2m, villa n\u00e0y ch\u1ec9 c\u00e1ch trung t\u00e2m th\u00e0nh ph\u1ed1 kho\u1ea3ng 10 ph\u00fat ch\u1ea1y xe, kh\u00e1 thu\u1eadn ti\u1ec7n cho vi\u1ec7c \u0111i l\u1ea1i.<\/p>\n<p><img decoding=\"async\" class=\"aligncenter wp-image-36962 size-full\" src=\"https:\/\/dalatreview.vn\/wp-content\/uploads\/2024\/03\/z5184837544695_1c8fc6319097a5a05085ba3dd2d1130f.jpg\" alt=\"C\u0102N H\u1ed8 MINI TR\u1ec6T G\u00c1C\" width=\"2048\" height=\"1365\" srcset=\"https:\/\/dalatreview.vn\/wp-content\/uploads\/2024\/03\/z5184837544695_1c8fc6319097a5a05085ba3dd2d1130f.jpg 2048w, https:\/\/dalatreview.vn\/wp-content\/uploads\/2024\/03\/z5184837544695_1c8fc6319097a5a05085ba3dd2d1130f-600x400.jpg 600w\" sizes=\"(max-width: 2048px) 100vw, 2048px\" \/><\/p>\n<p>Villa n\u00e0y ch\u00ednh l\u00e0 \u0111\u1ecba \u0111i\u1ec3m l\u00fd t\u01b0\u1edfng \u0111\u1ec3 b\u1ea1n c\u00f3 th\u1ec3 tr\u00e1nh xa \u1ed3n \u00e0o, y\u00ean t\u0129nh ngh\u1ec9 ng\u01a1i v\u00e0 t\u1eadn h\u01b0\u1edfng kh\u00f4ng gian ngh\u1ec9 d\u01b0\u1ee1ng l\u00e3ng m\u1ea1n.<\/p>\n<h2><span id=\"2_Decor\" class=\"ez-toc-section\"><\/span><strong>2. Decor\u00a0<\/strong><\/h2>\n<p>\u0110\u00e2y l\u00e0 c\u0103n villa \u0111\u01b0\u1ee3c thi\u1ebft k\u1ebf 1 gi\u01b0\u1eddng 1m6 t\u1ea7ng tr\u1ec7t v\u00e0 1 n\u1ec7m g\u00e1c.<\/p>\n<p><img decoding=\"async\" class=\"aligncenter wp-image-36965 size-full\" src=\"https:\/\/dalatreview.vn\/wp-content\/uploads\/2024\/03\/z5184837489160_ccc7c208c65817d98c3266873419434b.jpg\" alt=\"C\u0102N H\u1ed8 MINI TR\u1ec6T G\u00c1C\" width=\"2047\" height=\"1365\" srcset=\"https:\/\/dalatreview.vn\/wp-content\/uploads\/2024\/03\/z5184837489160_ccc7c208c65817d98c3266873419434b.jpg 2047w, https:\/\/dalatreview.vn\/wp-content\/uploads\/2024\/03\/z5184837489160_ccc7c208c65817d98c3266873419434b-600x400.jpg 600w\" sizes=\"(max-width: 2047px) 100vw, 2047px\" \/><\/p>\n<p>Thi\u1ebft k\u1ebf ph\u00f2ng v\u1ec7 sinh s\u1ea1ch s\u1ebd, \u0111\u01b0\u1ee3c trang b\u1ecb m\u00e1y n\u00f3ng l\u1ea1nh \u0111\u1ea7y \u0111\u1ee7 \u0111\u1ed3 d\u00f9ng v\u1ec7 sinh c\u00e1 nh\u00e2n.<\/p>\n<p><img decoding=\"async\" class=\"aligncenter wp-image-36959 size-full\" src=\"https:\/\/dalatreview.vn\/wp-content\/uploads\/2024\/03\/z5184837489124_191033cc78610af7e74325dacdcd333a.jpg\" alt=\"C\u0102N H\u1ed8 MINI TR\u1ec6T G\u00c1C\" width=\"2050\" height=\"1367\" srcset=\"https:\/\/dalatreview.vn\/wp-content\/uploads\/2024\/03\/z5184837489124_191033cc78610af7e74325dacdcd333a.jpg 2050w, https:\/\/dalatreview.vn\/wp-content\/uploads\/2024\/03\/z5184837489124_191033cc78610af7e74325dacdcd333a-600x400.jpg 600w\" sizes=\"(max-width: 2050px) 100vw, 2050px\" \/><\/p>\n<p>Ngo\u00e0i ra, villa c\u00f3 khu v\u1ef1c ph\u00f2ng kh\u00e1ch nh\u1ecf cho gia \u0111\u00ecnh qu\u00e2y qu\u1ea7n.<\/p>\n<p><img decoding=\"async\" class=\"aligncenter wp-image-36958 size-full\" src=\"https:\/\/dalatreview.vn\/wp-content\/uploads\/2024\/03\/z5184837483776_b17d6d6c072a1d29e766252eb1078cb4.jpg\" alt=\"C\u0102N H\u1ed8 MINI TR\u1ec6T G\u00c1C\" width=\"2014\" height=\"1343\" srcset=\"https:\/\/dalatreview.vn\/wp-content\/uploads\/2024\/03\/z5184837483776_b17d6d6c072a1d29e766252eb1078cb4.jpg 2014w, https:\/\/dalatreview.vn\/wp-content\/uploads\/2024\/03\/z5184837483776_b17d6d6c072a1d29e766252eb1078cb4-600x400.jpg 600w\" sizes=\"(max-width: 2014px) 100vw, 2014px\" \/><\/p>\n<p>V\u00e0 ph\u00f2ng b\u1ebfp t\u1ea1i \u0111\u00e2y \u0111\u1ec1u \u0111\u01b0\u1ee3c trang b\u1ecb \u0111\u1ea7y \u0111\u1ee7 d\u1ee5ng c\u1ee5 n\u1ea5u \u0103n c\u01a1 b\u1ea3n.<\/p>\n<h2 id=\"3-dich-vu-tien-ich\"><span style=\"color: #003300;\"><strong>3. D\u1ecbch v\u1ee5 &amp; ti\u1ec7n \u00edch\u00a0<\/strong><\/span><\/h2>\n<p><em>C\u01a1 c\u1ea5u villa bao g\u1ed3m:\u00a0<\/em><\/p>\n<p>&#8211; T\u1ed5ng di\u1ec7n t\u00edch ph\u00f2ng r\u1ed9ng kho\u1ea3ng 25m2, s\u00e0n 10m2 c\u00f3 g\u00e1c<\/p>\n<p>&#8211; 1 gi\u01b0\u1eddng 1m6 t\u1ea7ng tr\u1ec7t + 1 n\u1ec7m g\u00e1c<\/p>\n<p>&#8211; 1 Ph\u00f2ng v\u1ec7 sinh s\u1ea1ch s\u1ebd, c\u00f3 m\u00e1y n\u00f3ng l\u1ea1nh \u0111\u1ea7y \u0111\u1ee7 \u0111\u1ed3 v\u1ec7 sinh c\u00e1 nh\u00e2n<\/p>\n<p>&#8211; B\u1ebfp \u0111\u1ea7y \u0111\u1ee7 d\u1ee5ng c\u1ee5 n\u1ea5u n\u01b0\u1edbng c\u01a1 b\u1ea3n<\/p>\n<p>&#8211; C\u00f3 khu v\u1ef1c ph\u00f2ng kh\u00e1ch cho gia \u0111\u00ecnh qu\u00e2y qu\u1ea7n<\/p>\n<p>&#8211; H\u1ea7m \u0111\u1eadu xe r\u1ed9ng r\u00e3i<\/p>\n<p>&#8211; Khu v\u1ef1c s\u00e2n BBQ ngo\u00e0i tr\u1eddi r\u1ed9ng r\u00e3i<\/p>\n<p>&#8211; C\u00f3 thang m\u00e1y, ph\u00f2ng gi\u1eb7t free<\/p>\n<p>&#8211; S\u1ee9c ch\u1ee9a ti\u00eau chu\u1ea9n 4 kh\u00e1ch<\/p>\n<p>&#8211; Mi\u1ec5n ph\u1ee5 thu tr\u1ebb em d\u01b0\u1edbi 6 tu\u1ed5i.<\/p>\n<p><img decoding=\"async\" class=\"size-full wp-image-36967 aligncenter\" src=\"https:\/\/dalatreview.vn\/wp-content\/uploads\/2024\/03\/Vuon-hoa-thanh-pho-da-lat-11.jpg\" alt=\"C\u0102N H\u1ed8 MINI TR\u1ec6T G\u00c1C\" width=\"1200\" height=\"900\" srcset=\"https:\/\/dalatreview.vn\/wp-content\/uploads\/2024\/03\/Vuon-hoa-thanh-pho-da-lat-11.jpg 1200w, https:\/\/dalatreview.vn\/wp-content\/uploads\/2024\/03\/Vuon-hoa-thanh-pho-da-lat-11-600x450.jpg 600w\" sizes=\"(max-width: 1200px) 100vw, 1200px\" \/><\/p>\n<h2 id=\"4-gia-phong\"><span style=\"color: #003300;\"><strong>4. Gi\u00e1 ph\u00f2ng\u00a0<\/strong><\/span><\/h2>\n<p>Qu\u00fd kh\u00e1ch c\u00f3 nhu c\u1ea7u mu\u1ed1n \u0111\u1eb7t ph\u00f2ng, vui l\u00f2ng li\u00ean h\u1ec7 <a href=\"https:\/\/dalatreview.vn\/en\/cho-nghi\/villa\/\">\u0110\u00e0 L\u1ea1t Review<\/a> \u0111\u1ec3 \u0111\u01b0\u1ee3c t\u01b0 v\u1ea5n<\/p>\n<h2 id=\"5-lien-he\"><span style=\"color: #003300;\"><strong>5. Li\u00ean h\u1ec7\u00a0<\/strong><\/span><\/h2>\n<p>Li\u00ean h\u1ec7 book ph\u00f2ng: <a href=\"https:\/\/zalo.me\/dalatreview\" target=\"_blank\" rel=\"noopener\">\u0110\u00e0 L\u1ea1t Review T\u1ea5t T\u1ea7n T\u1eadt<\/a><\/p>\n<p>SSDT\/ Zalo: 0988 249 297<\/p>\n<p>Xem th\u00eam b\u00e0i vi\u1ebft kh\u00e1c t\u1ea1i: <a href=\"https:\/\/dalatreview.vn\/en\/cho-nghi\/\">\u0110\u00e0 L\u1ea1t Review<\/a><\/p>","protected":false},"excerpt":{"rendered":"<p>C\u0103n h\u1ed9 mini tr\u1ec7t g\u00e1c thu\u1ed9c c\u0103n h\u1ed9 R\u1ed1n Studio, t\u1ecda l\u1ea1c t\u1ea1i \u0111\u01b0\u1eddng An B\u00ecnh, h\u1ebbm 36 Tri\u1ec7u Vi\u1ec7t V\u01b0\u01a1ng, ph\u01b0\u1eddng 3, \u0110\u00e0 L\u1ea1t. C\u0103n h\u1ed9 n\u00e0y n\u1eb1m tr\u00ean t\u1ea7ng 2 v\u00e0 c\u00f3 t\u1ed5ng di\u1ec7n t\u00edch r\u1ed9ng kho\u1ea3ng 25m2 s\u00e0n 10m2 g\u00e1c.<\/p>","protected":false},"featured_media":36962,"comment_status":"open","ping_status":"closed","template":"","meta":{"_acf_changed":false,"rank_math_lock_modified_date":false},"product_cat":[29,45],"product_tag":[],"acf":[],"_links":{"self":[{"href":"https:\/\/dalatreview.vn\/en\/wp-json\/wp\/v2\/product\/36954"}],"collection":[{"href":"https:\/\/dalatreview.vn\/en\/wp-json\/wp\/v2\/product"}],"about":[{"href":"https:\/\/dalatreview.vn\/en\/wp-json\/wp\/v2\/types\/product"}],"replies":[{"embeddable":true,"href":"https:\/\/dalatreview.vn\/en\/wp-json\/wp\/v2\/comments?post=36954"}],"wp:featuredmedia":[{"embeddable":true,"href":"https:\/\/dalatreview.vn\/en\/wp-json\/wp\/v2\/media\/36962"}],"wp:attachment":[{"href":"https:\/\/dalatreview.vn\/en\/wp-json\/wp\/v2\/media?parent=36954"}],"wp:term":[{"taxonomy":"product_cat","embeddable":true,"href":"https:\/\/dalatreview.vn\/en\/wp-json\/wp\/v2\/product_cat?post=36954"},{"taxonomy":"product_tag","embeddable":true,"href":"https:\/\/dalatreview.vn\/en\/wp-json\/wp\/v2\/product_tag?post=36954"}],"curies":[{"name":"wp","href":"https:\/\/api.w.org\/{rel}","templated":true}]}}