
{"id":36926,"date":"2024-03-04T17:22:36","date_gmt":"2024-03-04T10:22:36","guid":{"rendered":"https:\/\/dalatreview.vn\/?p=36926"},"modified":"2024-10-12T10:39:48","modified_gmt":"2024-10-12T03:39:48","slug":"villa-da-lat-1-phong-ngu-mo","status":"publish","type":"product","link":"https:\/\/dalatreview.vn\/en\/villa-da-lat-1-phong-ngu-mo.html","title":{"rendered":"VILLA \u0110\u00c0 L\u1ea0T 1 PH\u00d2NG NG\u1ee6 M\u1ede"},"content":{"rendered":"<nav class=\"vietrick-auto-toc\">\n<div class=\"box-title\">\n<h3 class=\"toc-title\" id=\"select-menu\">Danh m\u1ee5c ch\u00ednh<\/h3>\n<div><ion-icon name=\"chevron-up-outline\"><\/ion-icon><\/div>\n<\/div>\n<ul class=\"toc-list\"><\/ul>\n<li><a href='https:\/\/dalatreview.vn\/en#villa-da-lat-1-phong-ngu-mo' class='heading-h1 toc-link smooth-scroll'>VILLA \u0110\u00c0 L\u1ea0T 1 PH\u00d2NG NG\u1ee6 M\u1ede<\/a>\n<ul>\n<li><a href='https:\/\/dalatreview.vn\/en#1-vi-tri' class='heading-h2 toc-link smooth-scroll'>1. V\u1ecb tr\u00ed\u00a0<\/a>\n<li><a href='https:\/\/dalatreview.vn\/en#2_Decor\" class=\"ez-toc-section' class='heading-h2 toc-link smooth-scroll'>2. Decor\u00a0<\/a>\n<li><a href='https:\/\/dalatreview.vn\/en#3-dich-vu-tien-ich' class='heading-h2 toc-link smooth-scroll'>3. D\u1ecbch v\u1ee5 &amp; ti\u1ec7n \u00edch\u00a0<\/a>\n<li><a href='https:\/\/dalatreview.vn\/en#4-gia-phong' class='heading-h2 toc-link smooth-scroll'>4. Gi\u00e1 ph\u00f2ng\u00a0<\/a>\n<li><a href='https:\/\/dalatreview.vn\/en#5-lien-he' class='heading-h2 toc-link smooth-scroll'>5. Li\u00ean h\u1ec7\u00a0<\/a><\/ul>\n<\/ul>\n<\/li>\n<\/ul>\n<\/nav>\n<h1 style=\"text-align: center;\" id=\"villa-da-lat-1-phong-ngu-mo\"><span style=\"color: #003300;\"><strong>VILLA \u0110\u00c0 L\u1ea0T 1 PH\u00d2NG NG\u1ee6 M\u1ede<\/strong><\/span><\/h1>\n<h2 id=\"1-vi-tri\"><span style=\"color: #003300;\"><strong>1. V\u1ecb tr\u00ed\u00a0<\/strong><\/span><\/h2>\n<p>Ti\u1ebft tr\u1eddi \u0110\u00e0 L\u1ea1t v\u00e0o nh\u1eefng ng\u00e0y chuy\u1ec3n giao n\u00e0y l\u1ea1i l\u00e0 nh\u1eefng ng\u00e0y \u0111\u1eb9p nh\u1ea5t, khi m\u00e0 ti\u1ebft tr\u1eddi trong xanh, n\u1eafng r\u00e1o, th\u1eddi ti\u1ebft \u1ea5m \u00e1p, kh\u00f4ng qu\u00e1 l\u1ea1nh v\u1eady th\u00ec c\u00f2n ch\u1ea7n ch\u1eeb g\u00ec n\u1eefa m\u00e0 kh\u00f4ng nhanh tay \u0111\u1eb7t ngay m\u1ed9t chi\u1ebfc villa xinh x\u1eafn \u0111\u1ec3 c\u00f9ng gia \u0111\u00ecnh l\u00ean ngh\u1ec9 d\u01b0\u1ee1ng th\u00f4i n\u00e0o!<\/p>\n<p>R\u1ed1n Villa 1 ph\u00f2ng ng\u1ee7 m\u1edf thu\u1ed9c c\u0103n h\u1ed9 R\u1ed1n Studio mini 1 ph\u00f2ng ng\u1ee7, t\u1ecda l\u1ea1c t\u1ea1i \u0111\u01b0\u1eddng An B\u00ecnh, h\u1ebbm 36 Tri\u1ec7u Vi\u1ec7t V\u01b0\u01a1ng, ph\u01b0\u1eddng 3, \u0110\u00e0 L\u1ea1t. Villa n\u00e0y n\u1eb1m tr\u00ean t\u1ea7ng 3 v\u00e0 c\u00f3 t\u1ed5ng di\u1ec7n t\u00edch r\u1ed9ng kho\u1ea3ng 30m2.<\/p>\n<p><img decoding=\"async\" class=\"aligncenter wp-image-36931 size-full\" src=\"https:\/\/dalatreview.vn\/wp-content\/uploads\/2024\/03\/z5184829637140_47c1524194268f0f39a9d4c70865d21e.jpg\" alt=\"R\u1ed1n Villa 1 ph\u00f2ng ng\u1ee7 m\u1edf\" width=\"1280\" height=\"854\" srcset=\"https:\/\/dalatreview.vn\/wp-content\/uploads\/2024\/03\/z5184829637140_47c1524194268f0f39a9d4c70865d21e.jpg 1280w, https:\/\/dalatreview.vn\/wp-content\/uploads\/2024\/03\/z5184829637140_47c1524194268f0f39a9d4c70865d21e-600x400.jpg 600w\" sizes=\"(max-width: 1280px) 100vw, 1280px\" \/><\/p>\n<p>T\u1ecda l\u1ea1c ngay t\u1ea1i v\u1ecb tr\u00ed trung t\u00e2m, villa n\u00e0y ch\u1ec9 c\u00e1ch trung t\u00e2m th\u00e0nh ph\u1ed1 kho\u1ea3ng 10 ph\u00fat ch\u1ea1y xe, kh\u00e1 thu\u1eadn ti\u1ec7n cho vi\u1ec7c \u0111i l\u1ea1i.<\/p>\n<p><img decoding=\"async\" class=\"aligncenter wp-image-36935 size-full\" src=\"https:\/\/dalatreview.vn\/wp-content\/uploads\/2024\/03\/z5184829722685_2b583576e108ce4455481e9bef1a22b0.jpg\" alt=\"R\u1ed1n Villa 1 ph\u00f2ng ng\u1ee7 m\u1edf\" width=\"1280\" height=\"854\" srcset=\"https:\/\/dalatreview.vn\/wp-content\/uploads\/2024\/03\/z5184829722685_2b583576e108ce4455481e9bef1a22b0.jpg 1280w, https:\/\/dalatreview.vn\/wp-content\/uploads\/2024\/03\/z5184829722685_2b583576e108ce4455481e9bef1a22b0-600x400.jpg 600w\" sizes=\"(max-width: 1280px) 100vw, 1280px\" \/><\/p>\n<p>Villa n\u00e0y ch\u00ednh l\u00e0 \u0111\u1ecba \u0111i\u1ec3m l\u00fd t\u01b0\u1edfng \u0111\u1ec3 b\u1ea1n c\u00f3 th\u1ec3 tr\u00e1nh xa \u1ed3n \u00e0o, y\u00ean t\u0129nh ngh\u1ec9 ng\u01a1i v\u00e0 t\u1eadn h\u01b0\u1edfng kh\u00f4ng gian ngh\u1ec9 d\u01b0\u1ee1ng l\u00e3ng m\u1ea1n.<\/p>\n<h2><span id=\"2_Decor\" class=\"ez-toc-section\"><\/span><strong>2. Decor\u00a0<\/strong><\/h2>\n<p>\u0110\u00e2y l\u00e0 c\u0103n villa 1 ph\u00f2ng ng\u1ee7 k\u00edn \u0111\u01b0\u1ee3c thi\u1ebft k\u1ebf bao g\u1ed3m 1 ph\u00f2ng ng\u1ee7, 1 ph\u00f2ng v\u1ec7 sinh.<\/p>\n<p><img decoding=\"async\" class=\"aligncenter wp-image-36933 size-full\" src=\"https:\/\/dalatreview.vn\/wp-content\/uploads\/2024\/03\/z5184829671471_660acd7469452cb1a8ecbc4cd694ec89.jpg\" alt=\"R\u1ed1n Villa 1 ph\u00f2ng ng\u1ee7 m\u1edf\" width=\"1037\" height=\"1530\" srcset=\"https:\/\/dalatreview.vn\/wp-content\/uploads\/2024\/03\/z5184829671471_660acd7469452cb1a8ecbc4cd694ec89.jpg 1037w, https:\/\/dalatreview.vn\/wp-content\/uploads\/2024\/03\/z5184829671471_660acd7469452cb1a8ecbc4cd694ec89-600x885.jpg 600w\" sizes=\"(max-width: 1037px) 100vw, 1037px\" \/><\/p>\n<p>Thi\u1ebft k\u1ebf ph\u00f2ng v\u1ec7 sinh s\u1ea1ch s\u1ebd, \u0111\u01b0\u1ee3c trang b\u1ecb m\u00e1y n\u00f3ng l\u1ea1nh \u0111\u1ea7y \u0111\u1ee7 \u0111\u1ed3 d\u00f9ng v\u1ec7 sinh c\u00e1 nh\u00e2n.<\/p>\n<p><img decoding=\"async\" class=\"aligncenter wp-image-36937 size-full\" src=\"https:\/\/dalatreview.vn\/wp-content\/uploads\/2024\/03\/z5184829707872_8cc540955991479827f75f3bc47b47ef.jpg\" alt=\"R\u1ed1n Villa 1 ph\u00f2ng ng\u1ee7 m\u1edf\" width=\"720\" height=\"720\" srcset=\"https:\/\/dalatreview.vn\/wp-content\/uploads\/2024\/03\/z5184829707872_8cc540955991479827f75f3bc47b47ef.jpg 720w, https:\/\/dalatreview.vn\/wp-content\/uploads\/2024\/03\/z5184829707872_8cc540955991479827f75f3bc47b47ef-300x300.jpg 300w, https:\/\/dalatreview.vn\/wp-content\/uploads\/2024\/03\/z5184829707872_8cc540955991479827f75f3bc47b47ef-100x100.jpg 100w, https:\/\/dalatreview.vn\/wp-content\/uploads\/2024\/03\/z5184829707872_8cc540955991479827f75f3bc47b47ef-600x600.jpg 600w\" sizes=\"(max-width: 720px) 100vw, 720px\" \/><\/p>\n<p>Ngo\u00e0i ra, villa c\u00f3 khu v\u1ef1c ph\u00f2ng kh\u00e1ch nh\u1ecf cho gia \u0111\u00ecnh qu\u00e2y qu\u1ea7n.<\/p>\n<p><img decoding=\"async\" class=\"aligncenter wp-image-36938 size-full\" src=\"https:\/\/dalatreview.vn\/wp-content\/uploads\/2024\/03\/381024842_656782396554426_7419844306277513745_n.jpg\" alt=\"R\u1ed1n Villa 1 ph\u00f2ng ng\u1ee7 m\u1edf\" width=\"720\" height=\"961\" srcset=\"https:\/\/dalatreview.vn\/wp-content\/uploads\/2024\/03\/381024842_656782396554426_7419844306277513745_n.jpg 720w, https:\/\/dalatreview.vn\/wp-content\/uploads\/2024\/03\/381024842_656782396554426_7419844306277513745_n-600x801.jpg 600w\" sizes=\"(max-width: 720px) 100vw, 720px\" \/><\/p>\n<p>V\u00e0 ph\u00f2ng b\u1ebfp t\u1ea1i \u0111\u00e2y \u0111\u1ec1u \u0111\u01b0\u1ee3c trang b\u1ecb \u0111\u1ea7y \u0111\u1ee7 d\u1ee5ng c\u1ee5 n\u1ea5u \u0103n c\u01a1 b\u1ea3n.<\/p>\n<h2 id=\"3-dich-vu-tien-ich\"><span style=\"color: #003300;\"><strong>3. D\u1ecbch v\u1ee5 &amp; ti\u1ec7n \u00edch\u00a0<\/strong><\/span><\/h2>\n<p><em>C\u01a1 c\u1ea5u villa bao g\u1ed3m:\u00a0<\/em><\/p>\n<p>&#8211; T\u1ed5ng di\u1ec7n t\u00edch ph\u00f2ng r\u1ed9ng kho\u1ea3ng 30m2<\/p>\n<p>&#8211; 1 Ph\u00f2ng ng\u1ee7<\/p>\n<p>&#8211; 1 Ph\u00f2ng v\u1ec7 sinh s\u1ea1ch s\u1ebd, c\u00f3 m\u00e1y n\u00f3ng l\u1ea1nh \u0111\u1ea7y \u0111\u1ee7 \u0111\u1ed3 v\u1ec7 sinh c\u00e1 nh\u00e2n<\/p>\n<p>&#8211; B\u1ebfp \u0111\u1ea7y \u0111\u1ee7 d\u1ee5ng c\u1ee5 n\u1ea5u n\u01b0\u1edbng c\u01a1 b\u1ea3n<\/p>\n<p>&#8211; C\u00f3 khu v\u1ef1c ph\u00f2ng kh\u00e1ch cho gia \u0111\u00ecnh qu\u00e2y qu\u1ea7n<\/p>\n<p>&#8211; H\u1ea7m \u0111\u1eadu xe r\u1ed9ng r\u00e3i<\/p>\n<p>&#8211; Khu v\u1ef1c s\u00e2n BBQ ngo\u00e0i tr\u1eddi r\u1ed9ng r\u00e3i<\/p>\n<p>&#8211; C\u00f3 thang m\u00e1y, ph\u00f2ng gi\u1eb7t free<\/p>\n<p>&#8211; S\u1ee9c ch\u1ee9a t\u1eeb 2 &#8211; 4 kh\u00e1ch<\/p>\n<p><img decoding=\"async\" class=\"size-full wp-image-36940 aligncenter\" src=\"https:\/\/dalatreview.vn\/wp-content\/uploads\/2024\/03\/Vuon-hoa-thanh-pho-da-lat-9.jpg\" alt=\"r\u1ed1n villa 1 ph\u00f2ng ng\u1ee7 m\u1edf\" width=\"1200\" height=\"900\" srcset=\"https:\/\/dalatreview.vn\/wp-content\/uploads\/2024\/03\/Vuon-hoa-thanh-pho-da-lat-9.jpg 1200w, https:\/\/dalatreview.vn\/wp-content\/uploads\/2024\/03\/Vuon-hoa-thanh-pho-da-lat-9-600x450.jpg 600w\" sizes=\"(max-width: 1200px) 100vw, 1200px\" \/><\/p>\n<h2 id=\"4-gia-phong\"><span style=\"color: #003300;\"><strong>4. Gi\u00e1 ph\u00f2ng\u00a0<\/strong><\/span><\/h2>\n<p>Qu\u00fd kh\u00e1ch c\u00f3 nhu c\u1ea7u mu\u1ed1n \u0111\u1eb7t ph\u00f2ng, vui l\u00f2ng li\u00ean h\u1ec7 <a href=\"https:\/\/dalatreview.vn\/en\/cho-nghi\/villa\/\">\u0110\u00e0 L\u1ea1t Review<\/a> \u0111\u1ec3 \u0111\u01b0\u1ee3c t\u01b0 v\u1ea5n<\/p>\n<h2 id=\"5-lien-he\"><span style=\"color: #003300;\"><strong>5. Li\u00ean h\u1ec7\u00a0<\/strong><\/span><\/h2>\n<p>Li\u00ean h\u1ec7 book ph\u00f2ng: <a href=\"https:\/\/zalo.me\/dalatreview\" target=\"_blank\" rel=\"noopener\">\u0110\u00e0 L\u1ea1t Review T\u1ea5t T\u1ea7n T\u1eadt<\/a><\/p>\n<p>SSDT\/ Zalo: 0988 249 297<\/p>\n<p>Xem th\u00eam b\u00e0i vi\u1ebft kh\u00e1c t\u1ea1i: <a href=\"https:\/\/dalatreview.vn\/en\/cho-nghi\/\">\u0110\u00e0 L\u1ea1t Review<\/a><\/p>","protected":false},"excerpt":{"rendered":"<p>Danh m\u1ee5c ch\u00ednh VILLA \u0110\u00c0 L\u1ea0T 1 PH\u00d2NG NG\u1ee6 M\u1ede 1. V\u1ecb tr\u00ed\u00a0 2. Decor\u00a0 3. D\u1ecbch v\u1ee5 &amp; ti\u1ec7n \u00edch\u00a0 4. Gi\u00e1 ph\u00f2ng\u00a0 5. Li\u00ean h\u1ec7\u00a0 VILLA \u0110\u00c0 L\u1ea0T 1 PH\u00d2NG NG\u1ee6 M\u1ede 1. V\u1ecb tr\u00ed\u00a0 Ti\u1ebft tr\u1eddi \u0110\u00e0 L\u1ea1t v\u00e0o nh\u1eefng ng\u00e0y chuy\u1ec3n giao n\u00e0y l\u1ea1i l\u00e0 nh\u1eefng ng\u00e0y \u0111\u1eb9p nh\u1ea5t, khi m\u00e0 [&hellip;]<\/p>","protected":false},"featured_media":36939,"comment_status":"open","ping_status":"closed","template":"","meta":{"_acf_changed":false,"rank_math_lock_modified_date":false},"product_cat":[29,45],"product_tag":[],"acf":[],"_links":{"self":[{"href":"https:\/\/dalatreview.vn\/en\/wp-json\/wp\/v2\/product\/36926"}],"collection":[{"href":"https:\/\/dalatreview.vn\/en\/wp-json\/wp\/v2\/product"}],"about":[{"href":"https:\/\/dalatreview.vn\/en\/wp-json\/wp\/v2\/types\/product"}],"replies":[{"embeddable":true,"href":"https:\/\/dalatreview.vn\/en\/wp-json\/wp\/v2\/comments?post=36926"}],"wp:featuredmedia":[{"embeddable":true,"href":"https:\/\/dalatreview.vn\/en\/wp-json\/wp\/v2\/media\/36939"}],"wp:attachment":[{"href":"https:\/\/dalatreview.vn\/en\/wp-json\/wp\/v2\/media?parent=36926"}],"wp:term":[{"taxonomy":"product_cat","embeddable":true,"href":"https:\/\/dalatreview.vn\/en\/wp-json\/wp\/v2\/product_cat?post=36926"},{"taxonomy":"product_tag","embeddable":true,"href":"https:\/\/dalatreview.vn\/en\/wp-json\/wp\/v2\/product_tag?post=36926"}],"curies":[{"name":"wp","href":"https:\/\/api.w.org\/{rel}","templated":true}]}}