
{"id":36833,"date":"2024-03-02T12:04:36","date_gmt":"2024-03-02T05:04:36","guid":{"rendered":"https:\/\/dalatreview.vn\/?p=36833"},"modified":"2024-10-12T10:44:44","modified_gmt":"2024-10-12T03:44:44","slug":"villa-da-lat-dong-da-11-phong","status":"publish","type":"product","link":"https:\/\/dalatreview.vn\/en\/villa-da-lat-dong-da-11-phong.html","title":{"rendered":"VILLA \u0110\u00c0 L\u1ea0T \u0110\u1ed0NG \u0110A 11 PH\u00d2NG"},"content":{"rendered":"<nav class=\"vietrick-auto-toc\">\n<div class=\"box-title\">\n<h3 class=\"toc-title\" id=\"select-menu\">Danh m\u1ee5c ch\u00ednh<\/h3>\n<div><ion-icon name=\"chevron-up-outline\"><\/ion-icon><\/div>\n<\/div>\n<ul class=\"toc-list\"><\/ul>\n<li><a href='https:\/\/dalatreview.vn\/en#villa-da-lat-dong-da-11-phong' class='heading-h1 toc-link smooth-scroll'>VILLA \u0110\u00c0 L\u1ea0T \u0110\u1ed0NG \u0110A 11 PH\u00d2NG<\/a>\n<ul>\n<li><a href='https:\/\/dalatreview.vn\/en#1-vi-tri' class='heading-h2 toc-link smooth-scroll'>1. V\u1ecb tr\u00ed\u00a0<\/a>\n<li><a href='https:\/\/dalatreview.vn\/en#2-decor' class='heading-h2 toc-link smooth-scroll'>2. Decor\u00a0<\/a>\n<li><a href='https:\/\/dalatreview.vn\/en#3-dich-vu-tien-ich' class='heading-h2 toc-link smooth-scroll'>3. D\u1ecbch v\u1ee5 &amp; ti\u1ec7n \u00edch\u00a0<\/a>\n<li><a href='https:\/\/dalatreview.vn\/en#4-gia-phong' class='heading-h2 toc-link smooth-scroll'>4. Gi\u00e1 ph\u00f2ng\u00a0<\/a>\n<li><a href='https:\/\/dalatreview.vn\/en#5-lien-he' class='heading-h2 toc-link smooth-scroll'>5. Li\u00ean h\u1ec7\u00a0<\/a><\/ul>\n<\/ul>\n<\/li>\n<\/ul>\n<\/nav>\n<h1 style=\"text-align: center;\" id=\"villa-da-lat-dong-da-11-phong\"><span style=\"color: #003300;\"><strong>VILLA \u0110\u00c0 L\u1ea0T \u0110\u1ed0NG \u0110A 11 PH\u00d2NG<\/strong><\/span><\/h1>\n<h2 id=\"1-vi-tri\"><span style=\"color: #003300;\"><strong>1. V\u1ecb tr\u00ed\u00a0<\/strong><\/span><\/h2>\n<p>\u0110\u00e0 L\u1ea1t lu\u00f4n \u0111\u01b0\u1ee3c nhi\u1ec1u du kh\u00e1ch y\u00eau th\u00edch b\u1edfi th\u1eddi ti\u1ebft d\u1ec5 ch\u1ecbu v\u00e0 \u0110\u00e0 L\u1ea1t Review lu\u00f4n l\u00e0 n\u01a1i \u0111\u1ed3ng h\u00e0nh c\u00f9ng du kh\u00e1ch \u0111em \u0111\u1ebfn nh\u1eefng villa tuy\u1ec7t v\u1eddi nh\u1ea5t \u0111\u1ec3 b\u1ea1n c\u00f3 m\u1ed9t chuy\u1ebfn ngh\u1ec9 d\u01b0\u1ee1ng \u0111\u00e1ng nh\u1edb!<\/p>\n<p><img decoding=\"async\" class=\"aligncenter wp-image-36844 size-full\" src=\"https:\/\/dalatreview.vn\/wp-content\/uploads\/2024\/03\/371093205_802640455202124_4415585085225914752_n.jpg\" alt=\"dragon villa \" width=\"2048\" height=\"1365\" srcset=\"https:\/\/dalatreview.vn\/wp-content\/uploads\/2024\/03\/371093205_802640455202124_4415585085225914752_n.jpg 2048w, https:\/\/dalatreview.vn\/wp-content\/uploads\/2024\/03\/371093205_802640455202124_4415585085225914752_n-600x400.jpg 600w\" sizes=\"(max-width: 2048px) 100vw, 2048px\" \/><\/p>\n<p>V\u00e0 h\u00f4m nay, \u0110\u00e0 L\u1ea1t Review s\u1ebd gi\u1edbi thi\u1ec7u \u0111\u1ebfn b\u1ea1n m\u1ed9t c\u0103n villa g\u1ea7n ngay trung t\u00e2m v\u1edbi l\u1ed1i thi\u1ebft k\u1ebf c\u1ed5 \u0111i\u1ec3n, c\u00f3 di\u1ec7n t\u00edch s\u00e2n v\u01b0\u1eddn r\u1ed9ng r\u00e3i, tho\u00e1ng m\u00e1t.<\/p>\n<p><img decoding=\"async\" class=\"aligncenter wp-image-36840 size-full\" src=\"https:\/\/dalatreview.vn\/wp-content\/uploads\/2024\/03\/300614859_490440536422119_2316188118665884662_n.jpg\" alt=\"kh\u00f4ng gian dragon villa\" width=\"2048\" height=\"1365\" srcset=\"https:\/\/dalatreview.vn\/wp-content\/uploads\/2024\/03\/300614859_490440536422119_2316188118665884662_n.jpg 2048w, https:\/\/dalatreview.vn\/wp-content\/uploads\/2024\/03\/300614859_490440536422119_2316188118665884662_n-600x400.jpg 600w\" sizes=\"(max-width: 2048px) 100vw, 2048px\" \/><\/p>\n<p>Dragon Villa t\u1ecda l\u1ea1c tr\u00ean \u0111\u01b0\u1eddng \u0110\u1ed1ng \u0110a, ph\u01b0\u1eddng 3, \u0110\u00e0 L\u1ea1t, \u0111\u00e2y l\u00e0 m\u1ed9t trong nh\u1eefng cung \u0111\u01b0\u1eddng \u0111\u1eb9p, r\u1ed9ng v\u00e0 c\u00f3 r\u1ea5t nhi\u1ec1u c\u00e2y xanh g\u1ea7n ngay trung t\u00e2m.<\/p>\n<p><img decoding=\"async\" class=\"aligncenter wp-image-36859 size-full\" src=\"https:\/\/dalatreview.vn\/wp-content\/uploads\/2024\/03\/371089568_802641991868637_1924904233144759007_n.jpg\" alt=\"dragon villa\" width=\"1500\" height=\"2000\" srcset=\"https:\/\/dalatreview.vn\/wp-content\/uploads\/2024\/03\/371089568_802641991868637_1924904233144759007_n.jpg 1500w, https:\/\/dalatreview.vn\/wp-content\/uploads\/2024\/03\/371089568_802641991868637_1924904233144759007_n-600x800.jpg 600w\" sizes=\"(max-width: 1500px) 100vw, 1500px\" \/><\/p>\n<p>Villa n\u00e0y ch\u1ec9 c\u00e1ch H\u1ed3 Xu\u00e2n H\u01b0\u01a1ng v\u00e0 Qu\u1ea3ng Tr\u01b0\u1eddng L\u00e2m Vi\u00ean t\u1ea7m 1,5km v\u00e0 c\u00e1ch Ch\u1ee3 \u0110\u00e0 L\u1ea1t 2km.<\/p>\n<p><img decoding=\"async\" class=\"aligncenter wp-image-36839 size-full\" src=\"https:\/\/dalatreview.vn\/wp-content\/uploads\/2024\/03\/69630992_810189412708250_4591372094427627520_n.jpg\" alt=\"dragon villa\" width=\"1676\" height=\"1118\" srcset=\"https:\/\/dalatreview.vn\/wp-content\/uploads\/2024\/03\/69630992_810189412708250_4591372094427627520_n.jpg 1676w, https:\/\/dalatreview.vn\/wp-content\/uploads\/2024\/03\/69630992_810189412708250_4591372094427627520_n-600x400.jpg 600w\" sizes=\"(max-width: 1676px) 100vw, 1676px\" \/><\/p>\n<p>Dragon Villa ch\u00ednh l\u00e0 \u0111\u1ecba \u0111i\u1ec3m l\u00fd t\u01b0\u1edfng \u0111\u1ec3 b\u1ea1n c\u00f3 th\u1ec3 tr\u00e1nh xa nh\u1eefng \u1ed3n \u00e0o xe c\u1ed9, y\u00ean t\u0129nh ngh\u1ec9 ng\u01a1i, t\u1eadn h\u01b0\u1edfng kh\u00f4ng gian ngh\u1ec9 d\u01b0\u1ee1ng l\u00e3ng m\u1ea1n.<\/p>\n<h2 id=\"2-decor\"><span style=\"color: #003300;\"><strong>2. Decor\u00a0<\/strong><\/span><\/h2>\n<p>Dragon Villa l\u00e0 m\u1ed9t villa l\u1edbn c\u00f3 t\u1ed5ng c\u1ed9ng 11 ph\u00f2ng ng\u1ee7, villa n\u00e0y c\u00f3 khu\u00f4n vi\u00ean r\u1ed9ng g\u1ea7n 1000m2.<\/p>\n<p><img decoding=\"async\" class=\"aligncenter wp-image-36861 size-full\" src=\"https:\/\/dalatreview.vn\/wp-content\/uploads\/2024\/03\/372913588_802641938535309_9038858865549834811_n.jpg\" alt=\"thi\u1ebft k\u1ebf dragon villa\" width=\"2048\" height=\"1365\" srcset=\"https:\/\/dalatreview.vn\/wp-content\/uploads\/2024\/03\/372913588_802641938535309_9038858865549834811_n.jpg 2048w, https:\/\/dalatreview.vn\/wp-content\/uploads\/2024\/03\/372913588_802641938535309_9038858865549834811_n-600x400.jpg 600w\" sizes=\"(max-width: 2048px) 100vw, 2048px\" \/><\/p>\n<p>Villa \u0111\u01b0\u1ee3c thi\u1ebft k\u1ebf theo phong c\u00e1ch c\u1ed5 \u0111i\u1ec3n v\u00e0 trang b\u1ecb c\u01a1 s\u1edf v\u1eadt ch\u1ea5t hi\u1ec7n \u0111\u1ea1i \u0111\u1ea7y \u0111\u1ee7 ti\u1ec7n nghi theo ti\u00eau chu\u1ea9n 3 sao.<\/p>\n<p><img decoding=\"async\" class=\"aligncenter wp-image-36852 size-full\" src=\"https:\/\/dalatreview.vn\/wp-content\/uploads\/2024\/03\/263466542_1410647069329145_2717867527053287845_n.jpg\" alt=\"thi\u1ebft k\u1ebf ph\u00f2ng dragon villa\" width=\"2048\" height=\"1598\" srcset=\"https:\/\/dalatreview.vn\/wp-content\/uploads\/2024\/03\/263466542_1410647069329145_2717867527053287845_n.jpg 2048w, https:\/\/dalatreview.vn\/wp-content\/uploads\/2024\/03\/263466542_1410647069329145_2717867527053287845_n-600x468.jpg 600w\" sizes=\"(max-width: 2048px) 100vw, 2048px\" \/><\/p>\n<p>Ngo\u00e0i ra, c\u00e1c ph\u00f2ng ngh\u1ec9 t\u1ea1i \u0111\u1ec1u \u0111\u01b0\u1ee3c l\u00e1t s\u00e0n g\u1ed7, c\u00f3 th\u1ea3m t\u1ea1o n\u00ean c\u1ea3m gi\u00e1c g\u1ea7n g\u0169i \u1ea5m c\u00fang.<\/p>\n<p><img decoding=\"async\" class=\"aligncenter wp-image-36848 size-full\" src=\"https:\/\/dalatreview.vn\/wp-content\/uploads\/2024\/03\/69360936_810189276041597_1239901013326954496_n.jpg\" alt=\"thi\u1ebft k\u1ebf ph\u00f2ng dragon villa\" width=\"1680\" height=\"1120\" srcset=\"https:\/\/dalatreview.vn\/wp-content\/uploads\/2024\/03\/69360936_810189276041597_1239901013326954496_n.jpg 1680w, https:\/\/dalatreview.vn\/wp-content\/uploads\/2024\/03\/69360936_810189276041597_1239901013326954496_n-600x400.jpg 600w\" sizes=\"(max-width: 1680px) 100vw, 1680px\" \/><\/p>\n<p>Villa \u0111\u01b0\u1ee3c thi\u1ebft k\u1ebf c\u00f3 t\u1ea7m nh\u00ecn tho\u00e1ng, c\u00e1c ph\u00f2ng ng\u1ee7 ch\u1ee7 y\u1ebfu \u0111\u1ec1u c\u00f3 view nh\u00ecn ra r\u1eebng th\u00f4ng ho\u1eb7c trung t\u00e2m th\u00e0nh ph\u1ed1.<\/p>\n<p><img decoding=\"async\" class=\"aligncenter wp-image-36862 size-full\" src=\"https:\/\/dalatreview.vn\/wp-content\/uploads\/2024\/03\/419723798_902236368575865_4403225559866685831_n.jpg\" alt=\"dragon villa\" width=\"1280\" height=\"960\" srcset=\"https:\/\/dalatreview.vn\/wp-content\/uploads\/2024\/03\/419723798_902236368575865_4403225559866685831_n.jpg 1280w, https:\/\/dalatreview.vn\/wp-content\/uploads\/2024\/03\/419723798_902236368575865_4403225559866685831_n-600x450.jpg 600w\" sizes=\"(max-width: 1280px) 100vw, 1280px\" \/><\/p>\n<p>V\u1edbi s\u1ee9c ch\u1ee9a l\u00ean \u0111\u1ebfn 35 kh\u00e1ch, Dragon Villa ph\u00f9 h\u1ee3p v\u1edbi nh\u00f3m kh\u00e1ch \u0111o\u00e0n \u0111\u00f4ng, gia \u0111\u00ecnh l\u1edbn, c\u00f4ng ty du l\u1ecbch hay h\u1ed9i h\u1ecdp b\u1ea1n b\u00e8.<\/p>\n<h2 id=\"3-dich-vu-tien-ich\"><span style=\"color: #003300;\"><strong>3. D\u1ecbch v\u1ee5 &amp; ti\u1ec7n \u00edch\u00a0<\/strong><\/span><\/h2>\n<p><em>C\u01a1 c\u1ea5u villa bao g\u1ed3m:\u00a0<\/em><\/p>\n<p>&#8211; T\u1ed5ng di\u1ec7n t\u00edch villa v\u00e0 khu\u00f4n vi\u00ean h\u01a1n 1000m2<\/p>\n<p>&#8211; Villa c\u00f3 t\u1ed5ng c\u1ed9ng 11 ph\u00f2ng ng\u1ee7, c\u00e1c ph\u00f2ng \u0111\u1ec1u c\u00f3 toilet ri\u00eang<\/p>\n<p>+ 6 ph\u00f2ng \u0111\u01a1n ( 2 kh\u00e1ch \/ ph\u00f2ng)<\/p>\n<p>+ 3 ph\u00f2ng \u0111\u00f4i ( 4 kh\u00e1ch \/ ph\u00f2ng)<\/p>\n<p>+ 1 ph\u00f2ng t\u1eadp th\u1ec3 ( 3 kh\u00e1ch \/ ph\u00f2ng)<\/p>\n<p>+ 1 ph\u00f2ng t\u1eadp th\u1ec3 ( 5 kh\u00e1ch \/ ph\u00f2ng)<\/p>\n<p>&#8211; C\u00e1c ph\u00f2ng ngh\u1ec9 \u0111\u1ea7y \u0111\u1ee7 ti\u1ec7n nghi c\u01a1 s\u1edf v\u1eadt ch\u1ea5t \u0111\u1ea1t ti\u00eau chu\u1ea9n 3 sao<\/p>\n<p>&#8211; 1 s\u1ea3nh kh\u00e1ch r\u1ed9ng, \u0111\u1ea7y \u0111\u1ee7 kh\u00f4ng gian sinh ho\u1ea1t chung<\/p>\n<p>&#8211; 1 ph\u00f2ng b\u1ebfp \u0111\u1ea7y \u0111\u1ee7 ti\u1ec7n nghi n\u1ea5u n\u01b0\u1edbng: t\u1ee7 l\u1ea1nh, b\u1ebfp n\u1ea5u, xoong n\u1ed3i, b\u00e1t \u0111\u0169a,&#8230;.<\/p>\n<p>&#8211; Khu v\u1ef1c s\u00e2n v\u01b0\u1eddn r\u1ed9ng tho\u00e1ng, c\u00f3 view r\u1eebng th\u00f4ng \u0111\u1eb9p.<\/p>\n<p>&#8211; C\u00f3 ch\u1ed7 \u0111\u1eadu xe tho\u1ea3i m\u00e1t cho kh\u00e1ch, xe 29 ch\u1ed7 \u0111\u1eadu \u0111\u01b0\u1ee3c trong s\u00e2n villa<\/p>\n<p>&#8211; C\u00f3 nh\u00e2n vi\u00ean l\u1ec5 t\u00e2n t\u1ea1i villa, h\u1ed7 tr\u1ee3 kh\u00e1ch 24\/24<\/p>\n<p>&#8211; Giao ch\u00eca kh\u00f3a nguy\u00ean c\u0103n cho kh\u00e1ch h\u00e0ng<\/p>\n<p>&#8211; S\u1ee9c ch\u1ee9a t\u1eeb 20 &#8211; 35 kh\u00e1ch<\/p>\n<p><img decoding=\"async\" class=\"size-full wp-image-36863 aligncenter\" src=\"https:\/\/dalatreview.vn\/wp-content\/uploads\/2024\/03\/Vuon-hoa-thanh-pho-da-lat-4.jpg\" alt=\"dragon villa\" width=\"1200\" height=\"900\" srcset=\"https:\/\/dalatreview.vn\/wp-content\/uploads\/2024\/03\/Vuon-hoa-thanh-pho-da-lat-4.jpg 1200w, https:\/\/dalatreview.vn\/wp-content\/uploads\/2024\/03\/Vuon-hoa-thanh-pho-da-lat-4-600x450.jpg 600w\" sizes=\"(max-width: 1200px) 100vw, 1200px\" \/><\/p>\n<h2 id=\"4-gia-phong\"><span style=\"color: #003300;\"><strong>4. Gi\u00e1 ph\u00f2ng\u00a0<\/strong><\/span><\/h2>\n<p>Qu\u00fd kh\u00e1ch c\u00f3 nhu c\u1ea7u mu\u1ed1n \u0111\u1eb7t ph\u00f2ng, vui l\u00f2ng li\u00ean h\u1ec7 <a href=\"https:\/\/dalatreview.vn\/en\/cho-nghi\/villa\/\">\u0110\u00e0 L\u1ea1t Review<\/a> \u0111\u1ec3 \u0111\u01b0\u1ee3c t\u01b0 v\u1ea5n<\/p>\n<h2 id=\"5-lien-he\"><span style=\"color: #003300;\"><strong>5. Li\u00ean h\u1ec7\u00a0<\/strong><\/span><\/h2>\n<p>Li\u00ean h\u1ec7 book ph\u00f2ng: <a href=\"https:\/\/zalo.me\/dalatreview\" target=\"_blank\" rel=\"noopener\">\u0110\u00e0 L\u1ea1t Review T\u1ea5t T\u1ea7n T\u1eadt<\/a><\/p>\n<p>SSDT\/ Zalo: 0988 249 297<\/p>\n<p>Xem th\u00eam b\u00e0i vi\u1ebft kh\u00e1c t\u1ea1i: <a href=\"https:\/\/dalatreview.vn\/en\/cho-nghi\/\">\u0110\u00e0 L\u1ea1t Review<\/a><\/p>","protected":false},"excerpt":{"rendered":"<p class=\"p1\">Dragon Villa t\u1ecda l\u1ea1c tr\u00ean \u0111\u01b0\u1eddng \u0110\u1ed1ng \u0110a, ph\u01b0\u1eddng 3, \u0110\u00e0 L\u1ea1t, \u0111\u00e2y l\u00e0 m\u1ed9t trong nh\u1eefng cung \u0111\u01b0\u1eddng \u0111\u1eb9p, r\u1ed9ng v\u00e0 c\u00f3 r\u1ea5t nhi\u1ec1u c\u00e2y xanh g\u1ea7n ngay trung t\u00e2m.Villa n\u00e0y ch\u1ec9 c\u00e1ch H\u1ed3 Xu\u00e2n H\u01b0\u01a1ng v\u00e0 Qu\u1ea3ng Tr\u01b0\u1eddng L\u00e2m Vi\u00ean t\u1ea7m 1,5km v\u00e0 c\u00e1ch Ch\u1ee3 \u0110\u00e0 L\u1ea1t 2km.<\/p>","protected":false},"featured_media":36849,"comment_status":"open","ping_status":"closed","template":"","meta":{"_acf_changed":false,"rank_math_lock_modified_date":false},"product_cat":[29,2265,45],"product_tag":[],"acf":[],"_links":{"self":[{"href":"https:\/\/dalatreview.vn\/en\/wp-json\/wp\/v2\/product\/36833"}],"collection":[{"href":"https:\/\/dalatreview.vn\/en\/wp-json\/wp\/v2\/product"}],"about":[{"href":"https:\/\/dalatreview.vn\/en\/wp-json\/wp\/v2\/types\/product"}],"replies":[{"embeddable":true,"href":"https:\/\/dalatreview.vn\/en\/wp-json\/wp\/v2\/comments?post=36833"}],"wp:featuredmedia":[{"embeddable":true,"href":"https:\/\/dalatreview.vn\/en\/wp-json\/wp\/v2\/media\/36849"}],"wp:attachment":[{"href":"https:\/\/dalatreview.vn\/en\/wp-json\/wp\/v2\/media?parent=36833"}],"wp:term":[{"taxonomy":"product_cat","embeddable":true,"href":"https:\/\/dalatreview.vn\/en\/wp-json\/wp\/v2\/product_cat?post=36833"},{"taxonomy":"product_tag","embeddable":true,"href":"https:\/\/dalatreview.vn\/en\/wp-json\/wp\/v2\/product_tag?post=36833"}],"curies":[{"name":"wp","href":"https:\/\/api.w.org\/{rel}","templated":true}]}}