
{"id":36802,"date":"2024-03-02T10:33:51","date_gmt":"2024-03-02T03:33:51","guid":{"rendered":"https:\/\/dalatreview.vn\/?p=36802"},"modified":"2024-10-12T10:45:44","modified_gmt":"2024-10-12T03:45:44","slug":"villa-da-lat-khu-quy-hoach-an-son-7-phong","status":"publish","type":"product","link":"https:\/\/dalatreview.vn\/en\/villa-da-lat-khu-quy-hoach-an-son-7-phong.html","title":{"rendered":"VILLA \u0110\u00c0 L\u1ea0T KHU QUY HO\u1ea0CH AN S\u01a0N 7 PH\u00d2NG"},"content":{"rendered":"<nav class=\"vietrick-auto-toc\">\n<div class=\"box-title\">\n<h3 class=\"toc-title\" id=\"select-menu\">Danh m\u1ee5c ch\u00ednh<\/h3>\n<div><ion-icon name=\"chevron-up-outline\"><\/ion-icon><\/div>\n<\/div>\n<ul class=\"toc-list\"><\/ul>\n<li><a href='https:\/\/dalatreview.vn\/en#villa-da-lat-khu-quy-hoach-an-son-7-phong' class='heading-h1 toc-link smooth-scroll'>VILLA \u0110\u00c0 L\u1ea0T KHU QUY HO\u1ea0CH AN S\u01a0N 7 PH\u00d2NG<\/a>\n<ul>\n<li><a href='https:\/\/dalatreview.vn\/en#1-vi-tri' class='heading-h2 toc-link smooth-scroll'>1. V\u1ecb tr\u00ed\u00a0<\/a>\n<li><a href='https:\/\/dalatreview.vn\/en#2-decor' class='heading-h2 toc-link smooth-scroll'>2. Decor\u00a0<\/a>\n<li><a href='https:\/\/dalatreview.vn\/en#3-dich-vu-tien-ich' class='heading-h2 toc-link smooth-scroll'>3. D\u1ecbch v\u1ee5 &amp; ti\u1ec7n \u00edch\u00a0<\/a>\n<li><a href='https:\/\/dalatreview.vn\/en#4-gia-phong' class='heading-h2 toc-link smooth-scroll'>4. Gi\u00e1 ph\u00f2ng\u00a0<\/a>\n<li><a href='https:\/\/dalatreview.vn\/en#5-lien-he' class='heading-h2 toc-link smooth-scroll'>5. Li\u00ean h\u1ec7\u00a0<\/a><\/ul>\n<\/ul>\n<\/li>\n<\/ul>\n<\/nav>\n<h1 style=\"text-align: center;\" id=\"villa-da-lat-khu-quy-hoach-an-son-7-phong\"><span style=\"color: #003300;\"><strong>VILLA \u0110\u00c0 L\u1ea0T KHU QUY HO\u1ea0CH AN S\u01a0N 7 PH\u00d2NG<\/strong><\/span><\/h1>\n<h2 id=\"1-vi-tri\"><span style=\"color: #003300;\"><strong>1. V\u1ecb tr\u00ed\u00a0<\/strong><\/span><\/h2>\n<p>\u0110\u1ebfn v\u1edbi Roy Villa \u0110\u00e0 L\u1ea1t b\u1ea1n s\u1ebd \u0111\u01b0\u1ee3c h\u00f2a m\u00ecnh v\u00e0o thi\u00ean nhi\u00ean v\u1edbi kh\u00f4ng gian 4 h\u01b0\u1edbng \u0111\u1ec1u l\u00e0 n\u00fai \u0111\u1ed3i v\u00e0 r\u1eebng th\u00f4ng tr\u00f9ng \u0111i\u1ec7p.<\/p>\n<p><img decoding=\"async\" class=\"aligncenter wp-image-36825 size-full\" src=\"https:\/\/dalatreview.vn\/wp-content\/uploads\/2024\/03\/z5168758520949_6e413c217449d42600680f67ab964968.jpg\" alt=\"roy villa \u0111\u00e0 l\u1ea1t\" width=\"2050\" height=\"1367\" srcset=\"https:\/\/dalatreview.vn\/wp-content\/uploads\/2024\/03\/z5168758520949_6e413c217449d42600680f67ab964968.jpg 2050w, https:\/\/dalatreview.vn\/wp-content\/uploads\/2024\/03\/z5168758520949_6e413c217449d42600680f67ab964968-600x400.jpg 600w\" sizes=\"(max-width: 2050px) 100vw, 2050px\" \/><\/p>\n<p>C\u0103n villa n\u00e0y t\u1ecda l\u1ea1c t\u1ea1i KQH An S\u01a1n, ph\u01b0\u1eddng 4, \u0110\u00e0 L\u1ea1t v\u00e0 c\u00e1ch Ch\u1ee3 \u0110\u00e0 L\u1ea1t kho\u1ea3ng t\u1ea7m 5km.<\/p>\n<p><img decoding=\"async\" class=\"aligncenter wp-image-36810 size-full\" src=\"https:\/\/dalatreview.vn\/wp-content\/uploads\/2024\/03\/z5168758059873_9a79bde8097769a72887af6ab7ae8a6a.jpg\" alt=\"roy villa \u0111\u00e0 l\u1ea1t\" width=\"1943\" height=\"1259\" srcset=\"https:\/\/dalatreview.vn\/wp-content\/uploads\/2024\/03\/z5168758059873_9a79bde8097769a72887af6ab7ae8a6a.jpg 1943w, https:\/\/dalatreview.vn\/wp-content\/uploads\/2024\/03\/z5168758059873_9a79bde8097769a72887af6ab7ae8a6a-600x389.jpg 600w\" sizes=\"(max-width: 1943px) 100vw, 1943px\" \/><\/p>\n<p>Villa n\u1eb1m trong khu bi\u1ec7t th\u1ef1 y\u00ean t\u0129nh c\u00f3 view n\u00fai \u0111\u1ed3i tr\u1eadp tr\u00f9ng, khu\u00f4n vi\u00ean r\u1ed9ng r\u00e3i c\u1ef1c k\u1ef3 th\u00edch h\u1ee3p cho m\u1ed9t chuy\u1ebfn du l\u1ecbch ngh\u1ec9 d\u01b0\u1ee1ng.<\/p>\n<p><img decoding=\"async\" class=\"alignnone wp-image-36823 size-full\" src=\"https:\/\/dalatreview.vn\/wp-content\/uploads\/2024\/03\/z5168758398709_b327d30a845060dbcc356f03ae6f99f8.jpg\" alt=\"khu\u00f4n vi\u00ean roy villa \u0111\u00e0 l\u1ea1t\" width=\"2050\" height=\"1367\" srcset=\"https:\/\/dalatreview.vn\/wp-content\/uploads\/2024\/03\/z5168758398709_b327d30a845060dbcc356f03ae6f99f8.jpg 2050w, https:\/\/dalatreview.vn\/wp-content\/uploads\/2024\/03\/z5168758398709_b327d30a845060dbcc356f03ae6f99f8-600x400.jpg 600w\" sizes=\"(max-width: 2050px) 100vw, 2050px\" \/><\/p>\n<p>C\u00f3 kho\u1ea3ng s\u00e2n v\u01b0\u1eddn r\u1ed9ng r\u00e3i tho\u00e1ng m\u00e1t v\u00e0 h\u1ed3 c\u00e1 Koi.<\/p>\n<h2 id=\"2-decor\"><span style=\"color: #003300;\"><strong>2. Decor\u00a0<\/strong><\/span><\/h2>\n<p>Roy Villa \u0110\u00e0 L\u1ea1t \u0111\u01b0\u1ee3c bao b\u1ecdc xung quanh b\u1edfi nh\u1eefng c\u00e1nh r\u1eebng th\u00f4ng xanh ng\u00e1t, v\u1eady n\u00ean kh\u00f4ng gian n\u01a1i \u0111\u00e2y lu\u00f4n m\u00e1t m\u1ebb.<\/p>\n<p><img decoding=\"async\" class=\"alignnone wp-image-36824 size-full\" src=\"https:\/\/dalatreview.vn\/wp-content\/uploads\/2024\/03\/z5168758417715_e1883080a5e2ae97c462a058b261e9f2.jpg\" alt=\"thi\u1ebft k\u1ebf roy villa \u0111\u00e0 l\u1ea1t\" width=\"2050\" height=\"1373\" srcset=\"https:\/\/dalatreview.vn\/wp-content\/uploads\/2024\/03\/z5168758417715_e1883080a5e2ae97c462a058b261e9f2.jpg 2050w, https:\/\/dalatreview.vn\/wp-content\/uploads\/2024\/03\/z5168758417715_e1883080a5e2ae97c462a058b261e9f2-600x402.jpg 600w\" sizes=\"(max-width: 2050px) 100vw, 2050px\" \/><\/p>\n<p>V\u1edbi v\u1ecb tr\u00ed thu\u1eadn l\u1ee3i, kh\u00f4ng kh\u00ed trong l\u00e0nh, m\u00e1t m\u1ebb, y\u00ean t\u0129nh v\u00e0 g\u00f3c view \u0111\u1eb9p th\u00ec \u0111\u00f3 ch\u00ednh l\u00e0 nh\u1eefng \u01b0u \u0111i\u1ec3m c\u1ee7a Roy Villa \u0110\u00e0 L\u1ea1t.<\/p>\n<p><img decoding=\"async\" class=\"aligncenter wp-image-36808 size-full\" src=\"https:\/\/dalatreview.vn\/wp-content\/uploads\/2024\/03\/z5168758029675_337c7f238a9430efa912847264a5db8f.jpg\" alt=\"thi\u1ebft k\u1ebf roy villa \u0111\u00e0 l\u1ea1t\" width=\"2050\" height=\"1367\" srcset=\"https:\/\/dalatreview.vn\/wp-content\/uploads\/2024\/03\/z5168758029675_337c7f238a9430efa912847264a5db8f.jpg 2050w, https:\/\/dalatreview.vn\/wp-content\/uploads\/2024\/03\/z5168758029675_337c7f238a9430efa912847264a5db8f-600x400.jpg 600w\" sizes=\"(max-width: 2050px) 100vw, 2050px\" \/><\/p>\n<p>Villa \u0111\u01b0\u1ee3c thi\u1ebft k\u1ebf theo ki\u1ec3u kh\u00f4ng gian m\u1edf, r\u1ed9ng r\u00e3i v\u00e0 tho\u00e1ng m\u00e1t. Thi\u1ebft k\u1ebf ph\u00f2ng ng\u1ee7 kh\u00e9p k\u00edn t\u1ea1o kh\u00f4ng gian ri\u00eang t\u01b0, m\u00e0u s\u1eafc decor nh\u00e3 nh\u1eb7n \u0111em \u0111\u1ebfn c\u1ea3m gi\u00e1c \u1ea5m c\u00fang.<\/p>\n<p><img decoding=\"async\" class=\"aligncenter wp-image-36820 size-full\" src=\"https:\/\/dalatreview.vn\/wp-content\/uploads\/2024\/03\/z5168758317461_9addfb7a562eecb8e6769a311969290a.jpg\" alt=\"\u0111\u1ed3 d\u00f9ng trong nh\u00e0 t\u1ea1i roy villa \u0111\u00e0 l\u1ea1t\" width=\"2050\" height=\"1367\" srcset=\"https:\/\/dalatreview.vn\/wp-content\/uploads\/2024\/03\/z5168758317461_9addfb7a562eecb8e6769a311969290a.jpg 2050w, https:\/\/dalatreview.vn\/wp-content\/uploads\/2024\/03\/z5168758317461_9addfb7a562eecb8e6769a311969290a-600x400.jpg 600w\" sizes=\"(max-width: 2050px) 100vw, 2050px\" \/><\/p>\n<p>Ngo\u00e0i ra, villa c\u00f2n trang b\u1ecb \u0111\u1ea7y \u0111\u1ee7 \u0111\u1ed3 d\u00f9ng cao c\u1ea5p, ti\u1ec7n nghi, sang tr\u1ecdng.<\/p>\n<p><img decoding=\"async\" class=\"aligncenter wp-image-36822 size-full\" src=\"https:\/\/dalatreview.vn\/wp-content\/uploads\/2024\/03\/z5168758390049_a319beb599416b1fc96758d97747af46.jpg\" alt=\"kh\u00f4ng gian roy villa \u0111\u00e0 l\u1ea1t\" width=\"2050\" height=\"1300\" srcset=\"https:\/\/dalatreview.vn\/wp-content\/uploads\/2024\/03\/z5168758390049_a319beb599416b1fc96758d97747af46.jpg 2050w, https:\/\/dalatreview.vn\/wp-content\/uploads\/2024\/03\/z5168758390049_a319beb599416b1fc96758d97747af46-600x380.jpg 600w\" sizes=\"(max-width: 2050px) 100vw, 2050px\" \/><\/p>\n<p>Ph\u00f2ng kh\u00e1ch, ph\u00f2ng b\u1ebfp \u0111\u01b0\u1ee3c trang b\u1ecb \u0111\u1ea7y \u0111\u1ee7 ti\u1ec7n nghi v\u00e0 c\u00f3 m\u1ed9t kho\u1ea3ng s\u00e2n r\u1ed9ng \u0111\u1ec3 b\u1ea1n c\u00f3 th\u1ec3 tho\u1ea3i m\u00e1i t\u1ef1 do t\u1ed5 ch\u1ee9c nh\u1eefng b\u1eefa ti\u1ec7c BBQ ngo\u00e0i tr\u1eddi.<\/p>\n<h2 id=\"3-dich-vu-tien-ich\"><span style=\"color: #003300;\"><strong>3. D\u1ecbch v\u1ee5 &amp; ti\u1ec7n \u00edch\u00a0<\/strong><\/span><\/h2>\n<p><em>C\u01a1 c\u1ea5u villa bao g\u1ed3m<\/em><\/p>\n<p><strong>T\u1ea7ng Tr\u1ec7t:\u00a0<\/strong><\/p>\n<p>+ Khu vui ch\u01a1i cho b\u00e9, ph\u00f2ng kh\u00e1ch, ph\u00f2ng b\u1ebfp<\/p>\n<p>+ 1 Ph\u00f2ng WC<\/p>\n<p>+ 1 Ph\u00f2ng \u0111\u01a1n t\u1ea7ng tr\u1ec7t WC trong b\u1ed3n t\u1eafm \u0111\u1ee9ng<\/p>\n<p><strong>T\u1ea7ng 1:\u00a0<\/strong><\/p>\n<p>+ 1 Ph\u00f2ng \u0111\u00f4i: gi\u01b0\u1eddng &#8211; n\u1ec7m m6 (WC trong b\u1ed3n t\u1eafm \u0111\u1ee9ng)<\/p>\n<p>+ 1 Ph\u00f2ng \u0111\u01a1n\u00a0 &#8211; n\u1ec7m m6 (WC trong)<\/p>\n<p>+ 1 Ph\u00f2ng \u0111\u01a1n &#8211; n\u1ec7m m6 b\u1ed3n t\u1eafm \u0111\u1ee9ng WC trong<\/p>\n<p><strong>\u00c1p m\u00e1i:\u00a0<\/strong><\/p>\n<p>+ 1 Ph\u00f2ng n\u1ec7m \u0111\u01a1n m6 &#8211; m4, c\u00f3 WC trong b\u1ed3n t\u1eafm<\/p>\n<p>+ 1 Ph\u00f2ng \u0111\u00f4i gi\u01b0\u1eddng m6 &#8211; n\u1ec7m m4 &#8211; WC trong b\u1ed3n \u0111\u1ee9ng<\/p>\n<p>+ 1 Ph\u00f2ng \u0111\u01a1n kh\u00f4ng WC<\/p>\n<p>&#8211; T\u1ed5ng c\u1ed9ng 7 ph\u00f2ng WC<\/p>\n<p>&#8211; B\u1ed3n t\u1eafm, b\u1ec3 s\u1ee5c, thi\u1ebft b\u1ecb v\u1ec7 sinh cao c\u1ea5p hi\u1ec7n \u0111\u1ea1i<\/p>\n<p>&#8211; Ph\u00f2ng kh\u00e1ch &#8211; Ph\u00f2ng b\u1ebfp \u0111\u1ea7y \u0111\u1ee7 ti\u1ec7n nghi<\/p>\n<p>&#8211; Xe 29 ch\u1ed7 xu\u1ed1ng \u0111\u01b0\u1ee3c villa (nh\u01b0ng c\u00f3 d\u1ed1c nh\u1eb9, \u0111\u1eadu c\u00e1ch villa 20m). Xe 4, 7, 16 ch\u1ed7 \u0111\u1eadu tr\u01b0\u1edbc nh\u00e0.<\/p>\n<p>&#8211; Y\u00ean t\u0129nh, an ninh 24\/24 s\u1ea1ch s\u1ebd tho\u00e1ng m\u00e1t.<\/p>\n<p>&#8211; S\u1ee9c ch\u01b0a t\u1ed1i \u0111a 20 kh\u00e1ch<\/p>\n<p><img decoding=\"async\" class=\"size-full wp-image-36831 aligncenter\" src=\"https:\/\/dalatreview.vn\/wp-content\/uploads\/2024\/03\/Vuon-hoa-thanh-pho-da-lat-3.jpg\" alt=\"roy villa \u0111\u00e0 l\u1ea1t\" width=\"1200\" height=\"900\" srcset=\"https:\/\/dalatreview.vn\/wp-content\/uploads\/2024\/03\/Vuon-hoa-thanh-pho-da-lat-3.jpg 1200w, https:\/\/dalatreview.vn\/wp-content\/uploads\/2024\/03\/Vuon-hoa-thanh-pho-da-lat-3-600x450.jpg 600w\" sizes=\"(max-width: 1200px) 100vw, 1200px\" \/><\/p>\n<h2 id=\"4-gia-phong\"><span style=\"color: #003300;\"><strong>4. Gi\u00e1 ph\u00f2ng\u00a0<\/strong><\/span><\/h2>\n<p>Qu\u00fd kh\u00e1ch c\u00f3 nhu c\u1ea7u mu\u1ed1n \u0111\u1eb7t ph\u00f2ng, vui l\u00f2ng li\u00ean h\u1ec7 <a href=\"https:\/\/dalatreview.vn\/en\/cho-nghi\/villa\/\">\u0110\u00e0 L\u1ea1t Review<\/a> \u0111\u1ec3 \u0111\u01b0\u1ee3c t\u01b0 v\u1ea5n<\/p>\n<h2 id=\"5-lien-he\"><span style=\"color: #003300;\"><strong>5. Li\u00ean h\u1ec7\u00a0<\/strong><\/span><\/h2>\n<p>Li\u00ean h\u1ec7 book ph\u00f2ng: <a href=\"https:\/\/zalo.me\/dalatreview\" target=\"_blank\" rel=\"noopener\">\u0110\u00e0 L\u1ea1t Review T\u1ea5t T\u1ea7n T\u1eadt<\/a><\/p>\n<p>SSDT\/ Zalo: 0988 249 297<\/p>\n<p>Xem th\u00eam b\u00e0i vi\u1ebft kh\u00e1c t\u1ea1i: <a href=\"https:\/\/dalatreview.vn\/en\/cho-nghi\/\">\u0110\u00e0 L\u1ea1t Review<\/a><\/p>","protected":false},"excerpt":{"rendered":"<p class=\"p1\">C\u0103n villa n\u00e0y t\u1ecda l\u1ea1c t\u1ea1i KQH An S\u01a1n, ph\u01b0\u1eddng 4, \u0110\u00e0 L\u1ea1t v\u00e0 c\u00e1ch Ch\u1ee3 \u0110\u00e0 L\u1ea1t kho\u1ea3ng t\u1ea7m 5km.Villa n\u1eb1m trong khu bi\u1ec7t th\u1ef1 y\u00ean t\u0129nh c\u00f3 view n\u00fai \u0111\u1ed3i tr\u1eadp tr\u00f9ng, khu\u00f4n vi\u00ean r\u1ed9ng r\u00e3i c\u1ef1c k\u1ef3 th\u00edch h\u1ee3p cho m\u1ed9t chuy\u1ebfn du l\u1ecbch ngh\u1ec9 d\u01b0\u1ee1ng.<\/p>","protected":false},"featured_media":36805,"comment_status":"open","ping_status":"closed","template":"","meta":{"_acf_changed":false,"rank_math_lock_modified_date":false},"product_cat":[29,2263,45],"product_tag":[],"acf":[],"_links":{"self":[{"href":"https:\/\/dalatreview.vn\/en\/wp-json\/wp\/v2\/product\/36802"}],"collection":[{"href":"https:\/\/dalatreview.vn\/en\/wp-json\/wp\/v2\/product"}],"about":[{"href":"https:\/\/dalatreview.vn\/en\/wp-json\/wp\/v2\/types\/product"}],"replies":[{"embeddable":true,"href":"https:\/\/dalatreview.vn\/en\/wp-json\/wp\/v2\/comments?post=36802"}],"wp:featuredmedia":[{"embeddable":true,"href":"https:\/\/dalatreview.vn\/en\/wp-json\/wp\/v2\/media\/36805"}],"wp:attachment":[{"href":"https:\/\/dalatreview.vn\/en\/wp-json\/wp\/v2\/media?parent=36802"}],"wp:term":[{"taxonomy":"product_cat","embeddable":true,"href":"https:\/\/dalatreview.vn\/en\/wp-json\/wp\/v2\/product_cat?post=36802"},{"taxonomy":"product_tag","embeddable":true,"href":"https:\/\/dalatreview.vn\/en\/wp-json\/wp\/v2\/product_tag?post=36802"}],"curies":[{"name":"wp","href":"https:\/\/api.w.org\/{rel}","templated":true}]}}