
{"id":36775,"date":"2024-03-01T17:14:54","date_gmt":"2024-03-01T10:14:54","guid":{"rendered":"https:\/\/dalatreview.vn\/?p=36775"},"modified":"2024-10-12T10:47:24","modified_gmt":"2024-10-12T03:47:24","slug":"villa-nguyen-can-tran-thai-tong-4-phong","status":"publish","type":"product","link":"https:\/\/dalatreview.vn\/en\/villa-nguyen-can-tran-thai-tong-4-phong.html","title":{"rendered":"VILLA NGUY\u00caN C\u0102N TR\u1ea6N TH\u00c1I T\u00d4NG 4 PH\u00d2NG"},"content":{"rendered":"<nav class=\"vietrick-auto-toc\">\n<div class=\"box-title\">\n<h3 class=\"toc-title\" id=\"select-menu\">Danh m\u1ee5c ch\u00ednh<\/h3>\n<div><ion-icon name=\"chevron-up-outline\"><\/ion-icon><\/div>\n<\/div>\n<ul class=\"toc-list\"><\/ul>\n<li><a href='https:\/\/dalatreview.vn\/en#villa-nguyen-can-tran-thai-tong-4-phong' class='heading-h1 toc-link smooth-scroll'>VILLA NGUY\u00caN C\u0102N TR\u1ea6N TH\u00c1I T\u00d4NG 4 PH\u00d2NG<\/a>\n<ul>\n<li><a href='https:\/\/dalatreview.vn\/en#1-vi-tri' class='heading-h2 toc-link smooth-scroll'>1. V\u1ecb tr\u00ed\u00a0<\/a>\n<li><a href='https:\/\/dalatreview.vn\/en#2-decor' class='heading-h2 toc-link smooth-scroll'>2. Decor\u00a0<\/a>\n<li><a href='https:\/\/dalatreview.vn\/en#3-dich-vu-tien-ich' class='heading-h2 toc-link smooth-scroll'>3. D\u1ecbch v\u1ee5 &amp; ti\u1ec7n \u00edch\u00a0<\/a>\n<li><a href='https:\/\/dalatreview.vn\/en#4-gia-phong' class='heading-h2 toc-link smooth-scroll'>4. Gi\u00e1 ph\u00f2ng\u00a0<\/a>\n<li><a href='https:\/\/dalatreview.vn\/en#5-lien-he' class='heading-h2 toc-link smooth-scroll'>5. Li\u00ean h\u1ec7\u00a0<\/a><\/ul>\n<\/ul>\n<\/li>\n<\/ul>\n<\/nav>\n<h1 style=\"text-align: center;\" id=\"villa-nguyen-can-tran-thai-tong-4-phong\"><span style=\"color: #003300;\"><strong>VILLA NGUY\u00caN C\u0102N TR\u1ea6N TH\u00c1I T\u00d4NG 4 PH\u00d2NG<\/strong><\/span><\/h1>\n<h2 id=\"1-vi-tri\"><span style=\"color: #003300;\"><strong>1. V\u1ecb tr\u00ed\u00a0<\/strong><\/span><\/h2>\n<p>B\u1ea1n \u0111ang mu\u1ed1n t\u00ecm ki\u1ebfm m\u1ed9t villa nguy\u00ean c\u0103n t\u1ecda l\u1ea1c ngay trung t\u00e2m \u0110\u00e0 L\u1ea1t c\u00f3 s\u00e2n v\u01b0\u1eddn, s\u00e2n BBQ ngo\u00e0i tr\u1eddi, n\u1ed9i th\u1ea5t m\u1edbi hi\u1ec7n \u0111\u1ea1i, xe \u00f4 t\u00f4 16 ch\u1ed7 \u0111\u1eadu tho\u1ea3i m\u00e1i th\u00ec ch\u1eafc ch\u1eafn kh\u00f4ng th\u1ec3 n\u00e0o b\u1ecf qua \u0111\u01b0\u1ee3c em villa x\u1ecbn s\u00f2 m\u00e0 \u0110\u00e0 L\u1ea1t Review gi\u1edbi thi\u1ec7u gi\u1edbi thi\u1ec7u \u0111\u01b0\u1ee3c \u0111\u00e2u nha.<\/p>\n<p><img decoding=\"async\" class=\"aligncenter wp-image-36792 size-full\" src=\"https:\/\/dalatreview.vn\/wp-content\/uploads\/2024\/03\/z5164785056041_7c0829e77a3bef7ea835591cdf3276c5.jpg\" alt=\"villa nguy\u00ean c\u0103n 4 ph\u00f2ng ng\u1ee7\" width=\"2050\" height=\"1367\" srcset=\"https:\/\/dalatreview.vn\/wp-content\/uploads\/2024\/03\/z5164785056041_7c0829e77a3bef7ea835591cdf3276c5.jpg 2050w, https:\/\/dalatreview.vn\/wp-content\/uploads\/2024\/03\/z5164785056041_7c0829e77a3bef7ea835591cdf3276c5-600x400.jpg 600w\" sizes=\"(max-width: 2050px) 100vw, 2050px\" \/><\/p>\n<p>C\u0103n villa n\u00e0y t\u1ecda l\u1ea1c tr\u00ean \u0111\u01b0\u1eddng Tr\u1ea7n Th\u00e1i T\u00f4ng, ph\u01b0\u1eddng 9, \u0110\u00e0 L\u1ea1t v\u00e0 c\u00e1ch H\u1ed3 Xu\u00e2n H\u01b0\u01a1ng kho\u1ea3ng t\u1ea7m 3km.<\/p>\n<p><img decoding=\"async\" class=\"aligncenter wp-image-36784 size-full\" src=\"https:\/\/dalatreview.vn\/wp-content\/uploads\/2024\/03\/z5164783713863_b16841ccb941aeb01686fcd85f770810.jpg\" alt=\"kh\u00f4ng gian villa 4 ph\u00f2ng ng\u1ee7\" width=\"1966\" height=\"1223\" srcset=\"https:\/\/dalatreview.vn\/wp-content\/uploads\/2024\/03\/z5164783713863_b16841ccb941aeb01686fcd85f770810.jpg 1966w, https:\/\/dalatreview.vn\/wp-content\/uploads\/2024\/03\/z5164783713863_b16841ccb941aeb01686fcd85f770810-600x373.jpg 600w\" sizes=\"(max-width: 1966px) 100vw, 1966px\" \/><\/p>\n<p>Villa n\u1eb1m tr\u00ean m\u1eb7t ti\u1ec1n \u0111\u01b0\u1eddng l\u1edbn, xe 45 ch\u1ed7 ch\u1ea1y v\u00e0o tho\u1ea3i m\u00e1i.<\/p>\n<p><img decoding=\"async\" class=\"aligncenter wp-image-36788 size-full\" src=\"https:\/\/dalatreview.vn\/wp-content\/uploads\/2024\/03\/z5164783894581_ec89d705af4083777f89a9f657a07c7f.jpg\" alt=\"kh\u00f4ng gian villa 4 ph\u00f2ng ng\u1ee7\" width=\"1242\" height=\"1656\" srcset=\"https:\/\/dalatreview.vn\/wp-content\/uploads\/2024\/03\/z5164783894581_ec89d705af4083777f89a9f657a07c7f.jpg 1242w, https:\/\/dalatreview.vn\/wp-content\/uploads\/2024\/03\/z5164783894581_ec89d705af4083777f89a9f657a07c7f-600x800.jpg 600w\" sizes=\"(max-width: 1242px) 100vw, 1242px\" \/><\/p>\n<p>C\u00f3 s\u00e2n BBQ r\u1ed9ng r\u00e3i lung linh, view si\u00eau \u0111\u1ec9nh.<\/p>\n<h2 id=\"2-decor\"><span style=\"color: #003300;\"><strong>2. Decor\u00a0<\/strong><\/span><\/h2>\n<p>\u0110\u01b0\u1ee3c x\u00e2y d\u1ef1ng v\u00e0 \u0111i v\u00e0o ho\u1ea1t \u0111\u1ed9ng t\u1eeb n\u0103m 2022, c\u0103n villa n\u00e0y \u0111\u01b0\u1ee3c thi\u1ebft k\u1ebf theo phong c\u00e1ch hi\u1ec7n \u0111\u1ea1i, c\u00f3 kh\u00f4ng gian xanh trong nh\u00e0, v\u00e0 view ng\u1eafm tr\u1ecdn v\u1eb9n thung l\u0169ng \u0110\u00e0 L\u1ea1t.<\/p>\n<p><img decoding=\"async\" class=\"aligncenter wp-image-36781 size-full\" src=\"https:\/\/dalatreview.vn\/wp-content\/uploads\/2024\/03\/z5164783653395_9f7a2519865db55e9dabeb3947ec9540.jpg\" alt=\"thi\u1ebft k\u1ebf ph\u00f2ng ng\u1ee7 villa 4 ph\u00f2ng ng\u1ee7\" width=\"2050\" height=\"1307\" srcset=\"https:\/\/dalatreview.vn\/wp-content\/uploads\/2024\/03\/z5164783653395_9f7a2519865db55e9dabeb3947ec9540.jpg 2050w, https:\/\/dalatreview.vn\/wp-content\/uploads\/2024\/03\/z5164783653395_9f7a2519865db55e9dabeb3947ec9540-600x383.jpg 600w\" sizes=\"(max-width: 2050px) 100vw, 2050px\" \/><\/p>\n<p>Thi\u1ebft k\u1ebf ph\u00f2ng ng\u1ee7 \u0111\u1ea1t ti\u00eau chu\u1ea9n 4 sao, v\u00e0 trong m\u1ed7i ph\u00f2ng \u0111\u1ec1u trang b\u1ecb s\u1eb5n m\u00e1y s\u1ea5y, b\u00f4ng t\u1ea9y trang, b\u00f4ng t\u0103m, \u00e1o cho\u00e0ng t\u1eafm, n\u01b0\u1edbc su\u1ed1i,&#8230; grap m\u00e0u tr\u1eafng tinh t\u01b0\u01a1m r\u1ea5t s\u1ea1ch s\u1ebd.<\/p>\n<p><img decoding=\"async\" class=\"aligncenter wp-image-36783 size-full\" src=\"https:\/\/dalatreview.vn\/wp-content\/uploads\/2024\/03\/z5164783674117_2f67da816571defc7c21cc9ca532d670.jpg\" alt=\"kh\u00f4ng gian villa 4 ph\u00f2ng ng\u1ee7\" width=\"2050\" height=\"1367\" srcset=\"https:\/\/dalatreview.vn\/wp-content\/uploads\/2024\/03\/z5164783674117_2f67da816571defc7c21cc9ca532d670.jpg 2050w, https:\/\/dalatreview.vn\/wp-content\/uploads\/2024\/03\/z5164783674117_2f67da816571defc7c21cc9ca532d670-600x400.jpg 600w\" sizes=\"(max-width: 2050px) 100vw, 2050px\" \/><\/p>\n<p>Ngo\u00e0i ra, khu v\u1ef1c b\u1ebfp t\u1ea1i villa \u0111\u01b0\u1ee3c trang b\u1ecb \u0111\u1ea7y \u0111\u1ee7 d\u1ee5ng c\u1ee5 n\u1ea5u \u0103n: ch\u00e9n t\u00f4 d\u0129a, ly bia, ly r\u01b0\u1ee3u vang, n\u1ed3i, thau, l\u00f2 n\u01b0\u1edbng \u0111i\u1ec7n, l\u00f2 n\u01b0\u1edbng than, gia v\u1ecb,&#8230; \u0111\u1ea7y \u0111\u1ee7 nh\u01b0 \u1edf nh\u00e0 v\u00e0 ph\u00f9 h\u1ee3p v\u1edbi nh\u1eefng gia \u0111\u00ecnh c\u00f3 tr\u1ebb nh\u1ecf.<\/p>\n<p><img decoding=\"async\" class=\"aligncenter wp-image-36790 size-full\" src=\"https:\/\/dalatreview.vn\/wp-content\/uploads\/2024\/03\/z5164784008018_599070a46703524776e639428f517ec0.jpg\" alt=\"kh\u00f4ng gian villa 4 ph\u00f2ng ng\u1ee7\" width=\"1538\" height=\"2048\" srcset=\"https:\/\/dalatreview.vn\/wp-content\/uploads\/2024\/03\/z5164784008018_599070a46703524776e639428f517ec0.jpg 1538w, https:\/\/dalatreview.vn\/wp-content\/uploads\/2024\/03\/z5164784008018_599070a46703524776e639428f517ec0-600x799.jpg 600w\" sizes=\"(max-width: 1538px) 100vw, 1538px\" \/><\/p>\n<p>Ngo\u00e0i ra, villa c\u00f2n \u0111\u01b0\u1ee3c trang b\u1ecb b\u1ed9 n\u1ed9i th\u1ea5t cao c\u1ea5p sang tr\u1ecdng. V\u00e0 c\u00f3 r\u1ea5t nhi\u1ec1u g\u00f3c s\u1ed1ng \u1ea3o x\u1ecbn s\u00f2 \u0111\u1ec3 b\u1ea1n v\u00e0 gia \u0111\u00ecnh c\u00f3 th\u1ec3 l\u01b0u l\u1ea1i nhi\u1ec1u k\u1ef7 ni\u1ec7m \u0111\u1eb9p b\u00ean nhau.<\/p>\n<h2 id=\"3-dich-vu-tien-ich\"><span style=\"color: #003300;\"><strong>3. D\u1ecbch v\u1ee5 &amp; ti\u1ec7n \u00edch\u00a0<\/strong><\/span><\/h2>\n<p>C\u01a1 c\u1ea5u villa bao g\u1ed3m:<\/p>\n<p>+ 4 Ph\u00f2ng ng\u1ee7 \u0111\u1ea1t ti\u00eau chu\u1ea9n 4 sao (1 \u0111\u00f4i + 3 \u0111\u01a1n)<\/p>\n<p>+ 4 Ph\u00f2ng WC trang b\u1ecb v\u1eadt d\u1ee5ng v\u1ec7 sinh c\u00e1 nh\u00e2n \u0111\u1ea7y \u0111\u1ee7<\/p>\n<p>+ Ph\u00f2ng b\u1ebfp trang b\u1ecb \u0111\u1ea7y \u0111\u1ee7 d\u1ee5ng c\u1ee5 n\u1ea5u \u0103n<\/p>\n<p>+ Khu v\u1ef1c s\u00e2n BBQ ngo\u00e0i tr\u1eddi r\u1ed9ng r\u00e3i<\/p>\n<p>+ S\u1ee9c ch\u1ee9a 10 &#8211; 12 kh\u00e1ch<\/p>\n<p>+ D\u1ecdn ph\u00f2ng &amp; thay kh\u0103n 2 ng\u00e0y 1 l\u1ea7n<\/p>\n<p>+ C\u00f3 ch\u1ed7 \u0111\u1eadu xe m\u00e1y, xe h\u01a1i an to\u00e0n mi\u1ec5n ph\u00ed<\/p>\n<p>+ Khu v\u1ef1c ph\u00f2ng kh\u00e1ch v\u00e0 s\u00e2n v\u01b0\u1eddn c\u1ef1c r\u1ed9ng nhi\u1ec1u g\u00f3c \u0111\u1ec3 chill tha h\u1ed3 sinh ho\u1ea1t chung<\/p>\n<p>+ Y\u00ean t\u0129nh, an ninh 24\/24 s\u1ea1ch s\u1ebd, tho\u00e1ng m\u00e1t, view thi\u00ean nhi\u00ean si\u00eau \u0111\u1eb9p<\/p>\n<p><img decoding=\"async\" class=\"size-full wp-image-36800 aligncenter\" src=\"https:\/\/dalatreview.vn\/wp-content\/uploads\/2024\/03\/Vuon-hoa-thanh-pho-da-lat-2.jpg\" alt=\"villa 4 ph\u00f2ng ng\u1ee7 \" width=\"1200\" height=\"900\" srcset=\"https:\/\/dalatreview.vn\/wp-content\/uploads\/2024\/03\/Vuon-hoa-thanh-pho-da-lat-2.jpg 1200w, https:\/\/dalatreview.vn\/wp-content\/uploads\/2024\/03\/Vuon-hoa-thanh-pho-da-lat-2-600x450.jpg 600w\" sizes=\"(max-width: 1200px) 100vw, 1200px\" \/><\/p>\n<h2 id=\"4-gia-phong\"><span style=\"color: #003300;\"><strong>4. Gi\u00e1 ph\u00f2ng\u00a0<\/strong><\/span><\/h2>\n<p>Qu\u00fd kh\u00e1ch c\u00f3 nhu c\u1ea7u mu\u1ed1n \u0111\u1eb7t ph\u00f2ng, vui l\u00f2ng li\u00ean h\u1ec7 <a href=\"https:\/\/dalatreview.vn\/en\/cho-nghi\/\">\u0110\u00e0 L\u1ea1t Review<\/a>\u00a0 \u0111\u1ec3 \u0111\u01b0\u1ee3c t\u01b0 v\u1ea5n<\/p>\n<h2 id=\"5-lien-he\"><span style=\"color: #003300;\"><strong>5. Li\u00ean h\u1ec7\u00a0<\/strong><\/span><\/h2>\n<p>Li\u00ean h\u1ec7 book ph\u00f2ng: <a href=\"https:\/\/zalo.me\/dalatreview\" target=\"_blank\" rel=\"noopener\">\u0110\u00e0 L\u1ea1t Review T\u1ea5t T\u1ea7n T\u1eadt<\/a><\/p>\n<p>S\u0110T\/Zalo: 0988 249 297<\/p>\n<p>Xem th\u00eam b\u00e0i vi\u1ebft kh\u00e1c tai: <a href=\"https:\/\/dalatreview.vn\/en\/cho-nghi\/\">\u0110\u00e0 L\u1ea1t Review<\/a><\/p>","protected":false},"excerpt":{"rendered":"<p class=\"p1\">C\u0103n villa n\u00e0y t\u1ecda l\u1ea1c tr\u00ean \u0111\u01b0\u1eddng Tr\u1ea7n Th\u00e1i T\u00f4ng, ph\u01b0\u1eddng 9, \u0110\u00e0 L\u1ea1t v\u00e0 c\u00e1ch H\u1ed3 Xu\u00e2n H\u01b0\u01a1ng kho\u1ea3ng t\u1ea7m 3km. Villa n\u1eb1m tr\u00ean m\u1eb7t ti\u1ec1n \u0111\u01b0\u1eddng l\u1edbn, xe 45 ch\u1ed7 ch\u1ea1y v\u00e0o tho\u1ea3i m\u00e1i.<\/p>","protected":false},"featured_media":36791,"comment_status":"open","ping_status":"closed","template":"","meta":{"_acf_changed":false,"rank_math_lock_modified_date":false},"product_cat":[29,2248,45],"product_tag":[],"acf":[],"_links":{"self":[{"href":"https:\/\/dalatreview.vn\/en\/wp-json\/wp\/v2\/product\/36775"}],"collection":[{"href":"https:\/\/dalatreview.vn\/en\/wp-json\/wp\/v2\/product"}],"about":[{"href":"https:\/\/dalatreview.vn\/en\/wp-json\/wp\/v2\/types\/product"}],"replies":[{"embeddable":true,"href":"https:\/\/dalatreview.vn\/en\/wp-json\/wp\/v2\/comments?post=36775"}],"wp:featuredmedia":[{"embeddable":true,"href":"https:\/\/dalatreview.vn\/en\/wp-json\/wp\/v2\/media\/36791"}],"wp:attachment":[{"href":"https:\/\/dalatreview.vn\/en\/wp-json\/wp\/v2\/media?parent=36775"}],"wp:term":[{"taxonomy":"product_cat","embeddable":true,"href":"https:\/\/dalatreview.vn\/en\/wp-json\/wp\/v2\/product_cat?post=36775"},{"taxonomy":"product_tag","embeddable":true,"href":"https:\/\/dalatreview.vn\/en\/wp-json\/wp\/v2\/product_tag?post=36775"}],"curies":[{"name":"wp","href":"https:\/\/api.w.org\/{rel}","templated":true}]}}