
{"id":36752,"date":"2024-03-01T16:02:07","date_gmt":"2024-03-01T09:02:07","guid":{"rendered":"https:\/\/dalatreview.vn\/?p=36752"},"modified":"2024-10-12T10:49:38","modified_gmt":"2024-10-12T03:49:38","slug":"villa-han-thuyen-6-phong","status":"publish","type":"product","link":"https:\/\/dalatreview.vn\/en\/villa-han-thuyen-6-phong.html","title":{"rendered":"VILLA H\u00c0N THUY\u00caN 6 PH\u00d2NG"},"content":{"rendered":"<nav class=\"vietrick-auto-toc\">\n<div class=\"box-title\">\n<h3 class=\"toc-title\" id=\"select-menu\">Danh m\u1ee5c ch\u00ednh<\/h3>\n<div><ion-icon name=\"chevron-up-outline\"><\/ion-icon><\/div>\n<\/div>\n<ul class=\"toc-list\"><\/ul>\n<li><a href='https:\/\/dalatreview.vn\/en#villa-han-thuyen-6-phong' class='heading-h1 toc-link smooth-scroll'>VILLA H\u00c0N THUY\u00caN 6 PH\u00d2NG<\/a>\n<ul>\n<li><a href='https:\/\/dalatreview.vn\/en#1-vi-tri' class='heading-h2 toc-link smooth-scroll'>1. V\u1ecb tr\u00ed\u00a0<\/a>\n<li><a href='https:\/\/dalatreview.vn\/en#2-decor' class='heading-h2 toc-link smooth-scroll'>2. Decor\u00a0<\/a>\n<li><a href='https:\/\/dalatreview.vn\/en#3-dich-vu-tien-ich' class='heading-h2 toc-link smooth-scroll'>3. D\u1ecbch v\u1ee5 &amp; ti\u1ec7n \u00edch\u00a0<\/a>\n<li><a href='https:\/\/dalatreview.vn\/en#4-gia-phong' class='heading-h2 toc-link smooth-scroll'>4. Gi\u00e1 ph\u00f2ng\u00a0<\/a>\n<li><a href='https:\/\/dalatreview.vn\/en#5-lien-he' class='heading-h2 toc-link smooth-scroll'>5. Li\u00ean H\u1ec7\u00a0<\/a><\/ul>\n<\/ul>\n<\/li>\n<\/ul>\n<\/nav>\n<h1 style=\"text-align: center;\" id=\"villa-han-thuyen-6-phong\"><span style=\"color: #003300;\"><strong>VILLA H\u00c0N THUY\u00caN 6 PH\u00d2NG<\/strong><\/span><\/h1>\n<h2 id=\"1-vi-tri\"><span style=\"color: #003300;\"><strong>1. V\u1ecb tr\u00ed\u00a0<\/strong><\/span><\/h2>\n<p><span style=\"font-size: 16px;\">L\u00e0 c\u0103n villa \u0111\u00fang chu\u1ea9n sang \u2013 x\u1ecbn \u2013 m\u1ecbn \u0111\u01b0\u1ee3c du kh\u00e1ch v\u00f4 c\u00f9ng y\u00eau th\u00edch t\u1ea1i \u0110\u00e0 L\u1ea1t. Villa Bi\u1ec7t Th\u1ef1 Tr\u1eafng \u0111\u00edch th\u1ecb l\u00e0 n\u01a1i l\u01b0u tr\u00fa l\u00fd t\u01b0\u1edfng m\u00e0 b\u1ea1n kh\u00f4ng th\u1ec3 b\u1ecf l\u1ee1.<\/span><\/p>\n<p><img decoding=\"async\" class=\"size-full wp-image-36758 aligncenter\" src=\"https:\/\/dalatreview.vn\/wp-content\/uploads\/2024\/03\/W-05.jpg\" alt=\"villa bi\u1ec7t th\u1ef1 tr\u1eafng h\u00e0n thuy\u00ean \u0111\u00e0 l\u1ea1t\" width=\"960\" height=\"640\" srcset=\"https:\/\/dalatreview.vn\/wp-content\/uploads\/2024\/03\/W-05.jpg 960w, https:\/\/dalatreview.vn\/wp-content\/uploads\/2024\/03\/W-05-600x400.jpg 600w\" sizes=\"(max-width: 960px) 100vw, 960px\" \/><\/p>\n<p>C\u0103n villa n\u00e0y t\u1ecda l\u1ea1c tr\u00ean \u0111\u01b0\u1eddng H\u00e0n Thuy\u00ean, ph\u01b0\u1eddng 5, TP. \u0110\u00e0 L\u1ea1t v\u00e0\u00a0 c\u00e1ch Ch\u1ee3 \u0110\u00e0 L\u1ea1t kho\u1ea3ng t\u1ea7m 2km (\u0111\u01b0\u1eddng l\u1edbn, b\u1eb1ng ph\u1eb3ng d\u1ec5 di chuy\u1ec3n).<\/p>\n<p><img decoding=\"async\" class=\"aligncenter wp-image-36767 size-full\" src=\"https:\/\/dalatreview.vn\/wp-content\/uploads\/2024\/03\/z5164780115752_67922bf45d40eb0a81cdf78fad5fe9b2.jpg\" alt=\"kh\u00f4ng gian villa bi\u1ec7t th\u1ef1 tr\u1eafng h\u00e0n thuy\u00ean \u0111\u00e0 l\u1ea1t\" width=\"1280\" height=\"854\" srcset=\"https:\/\/dalatreview.vn\/wp-content\/uploads\/2024\/03\/z5164780115752_67922bf45d40eb0a81cdf78fad5fe9b2.jpg 1280w, https:\/\/dalatreview.vn\/wp-content\/uploads\/2024\/03\/z5164780115752_67922bf45d40eb0a81cdf78fad5fe9b2-600x400.jpg 600w\" sizes=\"(max-width: 1280px) 100vw, 1280px\" \/><\/p>\n<p>Villa \u0111\u01b0\u1ee3c trang b\u1ecb \u0111\u1ea7y \u0111\u1ee7 ti\u1ec7n nghi nh\u01b0 \u1edf nh\u00e0. C\u00f3 s\u00e2n BBQ ngo\u00e0i tr\u1eddi th\u00edch h\u1ee3p cho gia \u0111\u00ecnh, \u0111o\u00e0n th\u1ec3, h\u1ed9i b\u1ea1n th\u00e2n.<\/p>\n<p><img decoding=\"async\" class=\"aligncenter wp-image-36766 size-full\" src=\"https:\/\/dalatreview.vn\/wp-content\/uploads\/2024\/03\/z5164780030590_12792f8b55b7bee653fd3d4d5d9c738a.jpg\" alt=\"villa bi\u1ec7t th\u1ef1 tr\u1eafng h\u00e0n thuy\u00ean \u0111\u00e0 l\u1ea1t\" width=\"1280\" height=\"854\" srcset=\"https:\/\/dalatreview.vn\/wp-content\/uploads\/2024\/03\/z5164780030590_12792f8b55b7bee653fd3d4d5d9c738a.jpg 1280w, https:\/\/dalatreview.vn\/wp-content\/uploads\/2024\/03\/z5164780030590_12792f8b55b7bee653fd3d4d5d9c738a-600x400.jpg 600w\" sizes=\"(max-width: 1280px) 100vw, 1280px\" \/><\/p>\n<p>Ngo\u00e0i ra, villa c\u00f2n \u0111\u01b0\u1ee3c thi\u1ebft k\u1ebf c\u00f3 nh\u1eefng kho\u1ea3ng s\u00e2n nh\u1ecf \u0111\u1ec3 gia \u0111\u00ecnh b\u1ea1n c\u00f3 nh\u1eefng t\u1ea5m h\u00ecnh \u0111\u1eb9p \u0111\u1ec3 l\u01b0u gi\u1eef t\u1ea1i ng\u00f4i nh\u00e0 th\u1ee9 hai n\u00e0y.<\/p>\n<h2 id=\"2-decor\"><span style=\"color: #003300;\"><strong>2. Decor\u00a0<\/strong><\/span><\/h2>\n<p>\u0110\u01b0\u1ee3c bao b\u1ecdc xung quanh b\u1edfi s\u1ef1 xanh m\u00e1t c\u1ee7a thi\u00ean nhi\u00ean n\u01a1i \u0111\u00e2y, ch\u00ednh v\u00ec v\u1eady m\u00e0 villa n\u00e0y s\u1ebd l\u00e0 1 l\u1ef1a ch\u1ecdn r\u1ea5t ho\u00e0n h\u1ea3o khi b\u1ea1n \u0111\u1ebfn x\u1ee9 s\u1edf s\u01b0\u01a1ng m\u00f9.<\/p>\n<p><img decoding=\"async\" class=\"aligncenter wp-image-36770 size-full\" src=\"https:\/\/dalatreview.vn\/wp-content\/uploads\/2024\/03\/z5164779894482_c07f6c171fb338ad25d1aae5c2fd16d0.jpg\" alt=\"thi\u1ebft k\u1ebf ph\u00f2ng villa bi\u1ec7t th\u1ef1 tr\u1eafng h\u00e0n thuy\u00ean \u0111\u00e0 l\u1ea1t\" width=\"1280\" height=\"854\" srcset=\"https:\/\/dalatreview.vn\/wp-content\/uploads\/2024\/03\/z5164779894482_c07f6c171fb338ad25d1aae5c2fd16d0.jpg 1280w, https:\/\/dalatreview.vn\/wp-content\/uploads\/2024\/03\/z5164779894482_c07f6c171fb338ad25d1aae5c2fd16d0-600x400.jpg 600w\" sizes=\"(max-width: 1280px) 100vw, 1280px\" \/><\/p>\n<p>Villa \u0111\u01b0\u1ee3c thi\u1ebft k\u1ebf theo kh\u00f4ng gian m\u1edf, nhi\u1ec1u ph\u00f2ng \u0111\u1ea7y \u0111\u1ee7 ti\u1ec7n \u00edch \u0111\u00e1p \u1ee9ng \u0111\u01b0\u1ee3c m\u1ecdi nhu c\u1ea7u m\u00e0 b\u1ea1n mong mu\u1ed1n.<\/p>\n<p><img decoding=\"async\" class=\"size-full wp-image-36760 aligncenter\" src=\"https:\/\/dalatreview.vn\/wp-content\/uploads\/2024\/03\/W-18.jpg\" alt=\"villa bi\u1ec7t th\u1ef1 tr\u1eafng h\u00e0n thuy\u00ean \u0111\u00e0 l\u1ea1t \" width=\"960\" height=\"640\" srcset=\"https:\/\/dalatreview.vn\/wp-content\/uploads\/2024\/03\/W-18.jpg 960w, https:\/\/dalatreview.vn\/wp-content\/uploads\/2024\/03\/W-18-600x400.jpg 600w\" sizes=\"(max-width: 960px) 100vw, 960px\" \/><\/p>\n<p>T\u1eeb villa n\u00e0y b\u1ea1n c\u00f3 th\u1ec3 ng\u1eafm nh\u00ecn 2 view ch\u00ednh qua c\u00e1c khung c\u1eeda k\u00ednh l\u00e0 view \u0111\u1ed3i th\u00f4ng.<\/p>\n<p><img decoding=\"async\" class=\"size-full wp-image-36759 aligncenter\" src=\"https:\/\/dalatreview.vn\/wp-content\/uploads\/2024\/03\/W-09.jpg\" alt=\"kh\u00f4ng gian villa h\u00e0n thuy\u00ean \u0111\u00e0 l\u1ea1t\" width=\"960\" height=\"640\" srcset=\"https:\/\/dalatreview.vn\/wp-content\/uploads\/2024\/03\/W-09.jpg 960w, https:\/\/dalatreview.vn\/wp-content\/uploads\/2024\/03\/W-09-600x400.jpg 600w\" sizes=\"(max-width: 960px) 100vw, 960px\" \/><\/p>\n<p>Ban ng\u00e0y c\u00f3 th\u1ec3 \u0111\u00f3n ch\u1edd \u0111\u1ec3 ng\u1eafm b\u00ecnh minh c\u0169ng nh\u01b0 ho\u00e0ng h\u00f4n h\u00f2a quy\u1ec7n v\u1edbi b\u1ea7u kh\u00f4ng kh\u00ed trong l\u00e0nh c\u1ee7a thi\u00ean nhi\u00ean \u0111em l\u1ea1i c\u1ea3m gi\u00e1c r\u1ea5t tho\u1ea3i mai v\u00e0 th\u01b0 gi\u00e3n.<\/p>\n<p><img decoding=\"async\" class=\"aligncenter wp-image-36762 size-full\" src=\"https:\/\/dalatreview.vn\/wp-content\/uploads\/2024\/03\/z5164779877972_2f8bb15579a56dff1766954ff149321b.jpg\" alt=\"villa bi\u1ec7t th\u1ef1 tr\u1eafng h\u00e0n thuy\u00ean \u0111\u00e0 l\u1ea1t\" width=\"1280\" height=\"852\" srcset=\"https:\/\/dalatreview.vn\/wp-content\/uploads\/2024\/03\/z5164779877972_2f8bb15579a56dff1766954ff149321b.jpg 1280w, https:\/\/dalatreview.vn\/wp-content\/uploads\/2024\/03\/z5164779877972_2f8bb15579a56dff1766954ff149321b-600x399.jpg 600w\" sizes=\"(max-width: 1280px) 100vw, 1280px\" \/><\/p>\n<p>Ban \u0111\u00eam b\u1ea1n c\u00f3 th\u1ec3 ng\u1eafm nh\u00ecn s\u1ef1 lung linh l\u1ea5p l\u00e1nh c\u00f3 ch\u00fat huy\u1ec1n \u1ea3o c\u1ee7a \u00e1nh \u0111\u00e8n th\u00e0nh ph\u1ed1 r\u1ea5t l\u00e3ng m\u1ea1n n\u1eefa \u0111\u1ea5y!<\/p>\n<p><img decoding=\"async\" class=\"aligncenter wp-image-36768 size-full\" src=\"https:\/\/dalatreview.vn\/wp-content\/uploads\/2024\/03\/z5164780151845_6a92997ec5645d62456ca9749893a505.jpg\" alt=\"n\u1ed9i th\u1ea5t villa bi\u1ec7t th\u1ef1 tr\u1eafng h\u00e0n thuy\u00ean \u0111\u00e0 l\u1ea1t \" width=\"1280\" height=\"854\" srcset=\"https:\/\/dalatreview.vn\/wp-content\/uploads\/2024\/03\/z5164780151845_6a92997ec5645d62456ca9749893a505.jpg 1280w, https:\/\/dalatreview.vn\/wp-content\/uploads\/2024\/03\/z5164780151845_6a92997ec5645d62456ca9749893a505-600x400.jpg 600w\" sizes=\"(max-width: 1280px) 100vw, 1280px\" \/><\/p>\n<p>\u0110\u1eb7c bi\u1ec7t, villa \u0111\u01b0\u1ee3c trang b\u1ecb n\u1ed9i th\u1ea5t cao c\u1ea5p sang tr\u1ecdng h\u1ee9a h\u1eb9n mang \u0111\u1ebfn cho b\u1ea1n m\u1ed9t k\u1ef3 ngh\u1ec9 tuy\u1ec7t v\u1eddi.<\/p>\n<h2 id=\"3-dich-vu-tien-ich\"><span style=\"color: #003300;\"><strong>3. D\u1ecbch v\u1ee5 &amp; ti\u1ec7n \u00edch\u00a0<\/strong><\/span><\/h2>\n<p><span style=\"font-size: 16px;\">C\u01a1 c\u1ea5u villa bao g\u1ed3m:<\/span><\/p>\n<p><span style=\"font-size: 16px;\">+\u00a0<span class=\"text\">T\u1ed1i \u0111a 14 ng kh\u00f4ng nh\u1eadn ph\u00e1t sinh ( bao g\u1ed3m c\u1ea3 b\u00e9 nh\u1ecf )<\/span><\/span><\/p>\n<p><span style=\"font-size: 16px;\">+ S\u1ee9c ch\u1ee9a 14 &#8211; 15 kh\u00e1ch\u00a0<\/span><\/p>\n<p><span style=\"font-size: 16px;\"><span class=\"text\">+ <\/span><span class=\"text\">Ch\u1ed7 \u0111\u1eadu oto: T\u1eeb 4 &#8211; 16c <\/span><\/span><\/p>\n<p><span style=\"font-size: 16px;\"><span class=\"text\">+ <\/span><span class=\"text\">Di\u1ec7n t\u00edch: g\u1ea7n 500m2, s\u00e2n v\u01b0\u1eddn r\u1ed9ng <\/span>\u00a0<\/span><\/p>\n<p><span style=\"font-size: 16px;\">+ 6 ph\u00f2ng ng\u1ee7 ( 5 \u0111\u01a1n+ 1 \u0111\u00f4i)<\/span><\/p>\n<p><span style=\"font-size: 16px;\">+ 3 wc n\u1eb1m b\u00ean ngo\u00e0i ph\u00f2ng <\/span><\/p>\n<p><span style=\"font-size: 16px;\">+ Ti vi t\u1eebng ph\u00f2ng<\/span><\/p>\n<p><span style=\"font-size: 16px;\">+ Ph\u00f2ng kh\u00e1ch c\u00f3 m\u00e1y t\u00ednh <\/span><\/p>\n<p><span style=\"font-size: 16px;\">+ B\u1ebfp \u0111\u1ea7y \u0111\u1ee7 d\u1ee5ng c\u1ee5 gia v\u1ecb c\u01a1 b\u1ea3n<\/span><\/p>\n<p><span style=\"font-size: 16px;\">+ Y\u00ean t\u0129nh, an ninh 24\/24, s\u1ea1ch s\u1ebd, tho\u00e1ng m\u00e1t, view thi\u00ean nhi\u00ean si\u00eau \u0111\u1eb9p.\u00a0<\/span><\/p>\n<p><img decoding=\"async\" class=\"size-full wp-image-36772 aligncenter\" src=\"https:\/\/dalatreview.vn\/wp-content\/uploads\/2024\/03\/Vuon-hoa-thanh-pho-da-lat-1.jpg\" alt=\"villa bi\u1ec7t th\u1ef1 tr\u1eafng h\u00e0n thuy\u00ean \u0111\u00e0 l\u1ea1t\" width=\"1200\" height=\"900\" srcset=\"https:\/\/dalatreview.vn\/wp-content\/uploads\/2024\/03\/Vuon-hoa-thanh-pho-da-lat-1.jpg 1200w, https:\/\/dalatreview.vn\/wp-content\/uploads\/2024\/03\/Vuon-hoa-thanh-pho-da-lat-1-600x450.jpg 600w\" sizes=\"(max-width: 1200px) 100vw, 1200px\" \/><\/p>\n<h2 id=\"4-gia-phong\"><span style=\"color: #003300;\"><strong>4. Gi\u00e1 ph\u00f2ng\u00a0<\/strong><\/span><\/h2>\n<p><span style=\"font-size: 16px;\">Qu\u00fd kh\u00e1ch c\u00f3 nhu c\u1ea7u mu\u1ed1n \u0111\u1eb7t ph\u00f2ng, vui l\u00f2ng li\u00ean h\u1ec7\u00a0<a href=\"https:\/\/zalo.me\/dalatreview\" target=\"_blank\" rel=\"noopener\">\u0110\u00e0 L\u1ea1t Review <\/a>\u0111\u1ec3 \u0111\u01b0\u1ee3c t\u01b0 v\u1ea5n.<\/span><\/p>\n<h2 id=\"5-lien-he\"><span style=\"color: #003300;\"><strong>5. Li\u00ean H\u1ec7\u00a0<\/strong><\/span><\/h2>\n<p><span style=\"font-size: 16px;\">Li\u00ean h\u1ec7 book ph\u00f2ng: <a href=\"https:\/\/zalo.me\/dalatreview\" target=\"_blank\" rel=\"noopener\">\u0110\u00e0 L\u1ea1t Review T\u1ea5t T\u1ea7n T\u1eadt<\/a><\/span><\/p>\n<p><span style=\"font-size: 16px;\">S\u0110T\/Zalo: 0988 249 297<\/span><\/p>\n<p><span style=\"font-size: 16px;\">Xem th\u00eam b\u00e0i vi\u1ebft kh\u00e1c t\u1ea1i:\u00a0<a href=\"https:\/\/dalatreview.vn\/en\/cho-nghi\/\">\u0110\u00e0 L\u1ea1t Review<\/a><\/span><\/p>","protected":false},"excerpt":{"rendered":"<p class=\"p1\">C\u0103n villa n\u00e0y t\u1ecda l\u1ea1c tr\u00ean \u0111\u01b0\u1eddng H\u00e0n Thuy\u00ean, ph\u01b0\u1eddng 5, TP. \u0110\u00e0 L\u1ea1t v\u00e0\u00a0 c\u00e1ch Ch\u1ee3 \u0110\u00e0 L\u1ea1t kho\u1ea3ng t\u1ea7m 2km (\u0111\u01b0\u1eddng l\u1edbn, b\u1eb1ng ph\u1eb3ng d\u1ec5 di chuy\u1ec3n).<\/p>","protected":false},"featured_media":36762,"comment_status":"open","ping_status":"closed","template":"","meta":{"_acf_changed":false,"rank_math_lock_modified_date":false},"product_cat":[29,2262,45],"product_tag":[],"acf":[],"_links":{"self":[{"href":"https:\/\/dalatreview.vn\/en\/wp-json\/wp\/v2\/product\/36752"}],"collection":[{"href":"https:\/\/dalatreview.vn\/en\/wp-json\/wp\/v2\/product"}],"about":[{"href":"https:\/\/dalatreview.vn\/en\/wp-json\/wp\/v2\/types\/product"}],"replies":[{"embeddable":true,"href":"https:\/\/dalatreview.vn\/en\/wp-json\/wp\/v2\/comments?post=36752"}],"wp:featuredmedia":[{"embeddable":true,"href":"https:\/\/dalatreview.vn\/en\/wp-json\/wp\/v2\/media\/36762"}],"wp:attachment":[{"href":"https:\/\/dalatreview.vn\/en\/wp-json\/wp\/v2\/media?parent=36752"}],"wp:term":[{"taxonomy":"product_cat","embeddable":true,"href":"https:\/\/dalatreview.vn\/en\/wp-json\/wp\/v2\/product_cat?post=36752"},{"taxonomy":"product_tag","embeddable":true,"href":"https:\/\/dalatreview.vn\/en\/wp-json\/wp\/v2\/product_tag?post=36752"}],"curies":[{"name":"wp","href":"https:\/\/api.w.org\/{rel}","templated":true}]}}