
{"id":36701,"date":"2024-03-01T14:59:52","date_gmt":"2024-03-01T07:59:52","guid":{"rendered":"https:\/\/dalatreview.vn\/?p=36701"},"modified":"2024-10-12T10:50:37","modified_gmt":"2024-10-12T03:50:37","slug":"villa-da-lat-yersin-8-phong","status":"publish","type":"product","link":"https:\/\/dalatreview.vn\/en\/villa-da-lat-yersin-8-phong.html","title":{"rendered":"VILLA \u0110\u00c0 L\u1ea0T YERSIN 8 PH\u00d2NG"},"content":{"rendered":"<nav class=\"vietrick-auto-toc\">\n<div class=\"box-title\">\n<h3 class=\"toc-title\" id=\"select-menu\">Danh m\u1ee5c ch\u00ednh<\/h3>\n<div><ion-icon name=\"chevron-up-outline\"><\/ion-icon><\/div>\n<\/div>\n<ul class=\"toc-list\"><\/ul>\n<li><a href='https:\/\/dalatreview.vn\/en#villa-da-lat-yersin-8-phong' class='heading-h1 toc-link smooth-scroll'>VILLA \u0110\u00c0 L\u1ea0T YERSIN 8 PH\u00d2NG<\/a>\n<ul>\n<li><a href='https:\/\/dalatreview.vn\/en#1-vi-tri' class='heading-h2 toc-link smooth-scroll'>1. V\u1ecb tr\u00ed<\/a>\n<li><a href='https:\/\/dalatreview.vn\/en#2-decor' class='heading-h2 toc-link smooth-scroll'>2. Decor<\/a>\n<li><a href='https:\/\/dalatreview.vn\/en#3-dich-vu-tien-ich' class='heading-h2 toc-link smooth-scroll'>3. D\u1ecbch v\u1ee5 &amp; ti\u1ec7n \u00edch<\/a>\n<li><a href='https:\/\/dalatreview.vn\/en#5-lien-he' class='heading-h2 toc-link smooth-scroll'>5. Li\u00ean h\u1ec7<\/a><\/ul>\n<\/ul>\n<\/li>\n<\/ul>\n<\/nav>\n<h1 style=\"text-align: center;\" id=\"villa-da-lat-yersin-8-phong\"><span style=\"color: #003300;\"><strong>VILLA \u0110\u00c0 L\u1ea0T YERSIN 8 PH\u00d2NG<\/strong><\/span><\/h1>\n<h2 id=\"1-vi-tri\"><span style=\"color: #003300;\"><strong>1. V\u1ecb tr\u00ed<\/strong><\/span><\/h2>\n<p><span style=\"font-size: 16px;\">Ti\u1ebft tr\u1eddi \u0110\u00e0 L\u1ea1t v\u00e0o nh\u1eefng ng\u00e0y chuy\u1ec3n giao n\u00e0y l\u1ea1i l\u00e0 nh\u1eefng ng\u00e0y \u0111\u1eb9p nh\u1ea5t, khi m\u00e0 tr\u1eddi trong xanh , n\u1eafng r\u00e1o, hoa mai anh \u0111\u00e0o \u0111\u00e3 n\u1edf r\u1ed9 tr\u00ean v\u00e0i ch\u1ed7,&#8230; c\u00f2n ch\u1ea7n ch\u1eeb g\u00ec m\u00e0 kh\u00e1ch kh\u00f4ng \u0111\u1eb7t ngay m\u1ed9t chi\u1ebfc villa xinh x\u1eafn \u0111\u1ec3 c\u00f9ng gia \u0111\u00ecnh l\u00ean ngh\u1ec9 d\u01b0\u1ee1ng n\u00e0o!<\/span><\/p>\n<p><img decoding=\"async\" class=\"aligncenter wp-image-36733 size-full\" src=\"https:\/\/dalatreview.vn\/wp-content\/uploads\/2024\/03\/z5164776250184_83c6e31ab72edf9eeb0216ff24dc7a4f.jpg\" alt=\"villa l\u00ea ho\u00e0ng \u0111\u00e0 l\u1ea1t\" width=\"2050\" height=\"1367\" srcset=\"https:\/\/dalatreview.vn\/wp-content\/uploads\/2024\/03\/z5164776250184_83c6e31ab72edf9eeb0216ff24dc7a4f.jpg 2050w, https:\/\/dalatreview.vn\/wp-content\/uploads\/2024\/03\/z5164776250184_83c6e31ab72edf9eeb0216ff24dc7a4f-600x400.jpg 600w\" sizes=\"(max-width: 2050px) 100vw, 2050px\" \/><br \/>\n<span style=\"font-size: 16px;\">C\u0103n villa n\u00e0y t\u1ecda l\u1ea1c tr\u00ean \u0111\u01b0\u1eddng Yersin &#8211; c\u00e1ch Qu\u1ea3ng Tr\u01b0\u1eddng v\u00e0 H\u1ed3 Xu\u00e2n H\u01b0\u01a1ng kho\u1ea3ng 4p \u0111i b\u1ed9 &#8211; c\u00e1ch Ch\u1ee3 \u0110\u00e0 L\u1ea1t kho\u1ea3ng 7p \u0111i b\u1ed9.\u00a0<\/span><\/p>\n<p><img decoding=\"async\" class=\"aligncenter wp-image-36716 size-full\" src=\"https:\/\/dalatreview.vn\/wp-content\/uploads\/2024\/03\/z5164776386501_f2e218a96b4fc5a58827dbf880189630.jpg\" alt=\"v\u1ecb tr\u00ed villa l\u00ea ho\u00e0ng\" width=\"2050\" height=\"1367\" srcset=\"https:\/\/dalatreview.vn\/wp-content\/uploads\/2024\/03\/z5164776386501_f2e218a96b4fc5a58827dbf880189630.jpg 2050w, https:\/\/dalatreview.vn\/wp-content\/uploads\/2024\/03\/z5164776386501_f2e218a96b4fc5a58827dbf880189630-600x400.jpg 600w\" sizes=\"(max-width: 2050px) 100vw, 2050px\" \/><\/p>\n<p><span style=\"font-size: 16px;\">\u0110\u1eb7c bi\u1ec7t, villa c\u00f2n c\u00f3 s\u00e2n v\u00e0 garage \u0111\u1eadu \u00f4 t\u00f4 si\u00eau r\u1ed9ng (c\u00f3 th\u1ec3 ch\u1ee9a \u0111\u01b0\u1ee3c 4 xe 7 ch\u1ed7).<\/span><\/p>\n<p><img decoding=\"async\" class=\"aligncenter wp-image-36737 size-full\" src=\"https:\/\/dalatreview.vn\/wp-content\/uploads\/2024\/03\/z5164776477368_7757ec10ad9b2badf1b0821f99d6b037.jpg\" alt=\"khu\u00f4n vi\u00ean villa l\u00ea ho\u00e0ng \" width=\"2047\" height=\"1365\" srcset=\"https:\/\/dalatreview.vn\/wp-content\/uploads\/2024\/03\/z5164776477368_7757ec10ad9b2badf1b0821f99d6b037.jpg 2047w, https:\/\/dalatreview.vn\/wp-content\/uploads\/2024\/03\/z5164776477368_7757ec10ad9b2badf1b0821f99d6b037-600x400.jpg 600w\" sizes=\"(max-width: 2047px) 100vw, 2047px\" \/><br \/>\n<span style=\"font-size: 16px;\">Ngo\u00e0i ra, villa c\u00f3 khu\u00f4n vi\u00ean s\u00e2n v\u01b0\u1eddn nh\u1ecf ngay b\u00ean h\u00f4ng villa, \u0111\u1ec3 b\u1ea1n c\u00f3 th\u1ec3 tho\u1ea3i m\u00e1i t\u1ed5 ch\u1ee9c nh\u1eefng b\u1eefa ti\u1ec7c bbq.\u00a0<\/span><\/p>\n<h2 id=\"2-decor\"><span style=\"color: #003300;\"><strong>2. Decor<\/strong><\/span><\/h2>\n<p><span style=\"font-size: 16px;\">B\u1ea1n mu\u1ed1n \u0111\u01b0\u1ee3c t\u1eadn h\u01b0\u1edfng k\u00ec ngh\u1ec9 d\u01b0\u1ee1ng t\u1ea1i m\u1ed9t c\u0103n villa \u0111\u1ea1t ti\u00eau chu\u1ea9n 4 sao t\u1ea1i v\u00f9ng n\u00fai m\u1ed9ng m\u01a1 \u0110\u00e0 L\u1ea1t? V\u1eady th\u00ec Villa L\u00ea Ho\u00e0ng ch\u1eafn ch\u1eafn s\u1ebd l\u00e0 m\u1ed9t l\u1ef1a ch\u1ecdn ho\u00e0n h\u1ea3o d\u00e0nh cho b\u1ea1n \u0111\u00f3!<\/span><\/p>\n<p><span style=\"font-size: 16px;\"><img decoding=\"async\" class=\"aligncenter wp-image-36719 size-full\" src=\"https:\/\/dalatreview.vn\/wp-content\/uploads\/2024\/03\/z5164776450607_aad974b26f8f6149966226f5b8bb79e8.jpg\" alt=\"n\u1ed9i th\u1ea5t villa l\u00ea ho\u00e0ng \u0111\u00e0 l\u1ea1t\" width=\"2050\" height=\"1367\" srcset=\"https:\/\/dalatreview.vn\/wp-content\/uploads\/2024\/03\/z5164776450607_aad974b26f8f6149966226f5b8bb79e8.jpg 2050w, https:\/\/dalatreview.vn\/wp-content\/uploads\/2024\/03\/z5164776450607_aad974b26f8f6149966226f5b8bb79e8-600x400.jpg 600w\" sizes=\"(max-width: 2050px) 100vw, 2050px\" \/> <\/span><br \/>\n<span style=\"font-size: 16px;\">T\u1ea5t c\u1ea3 c\u00e1c ph\u00f2ng ng\u1ee7 t\u1ea1i villa n\u00e0y \u0111\u1ec1u \u0111\u1ea1t chu\u1ea9n 4 sao, th\u1eadm ch\u00ed WC \u0111\u01b0\u1ee3c b\u1ed1 tr\u00ed b\u1ed3n c\u1ea7u th\u00f4ng minh.<\/span><span style=\"font-size: 16px;\">Lu\u00f4n c\u00f3 qu\u1ea3n gia t\u00fac tr\u1ef1c h\u1ed7 tr\u1ee3 24\/24.<\/span><\/p>\n<p><img decoding=\"async\" class=\"aligncenter wp-image-36742 size-full\" src=\"https:\/\/dalatreview.vn\/wp-content\/uploads\/2024\/03\/z5164776241007_1e6612d27f6d19ee76697d93c127a454.jpg\" alt=\"villa l\u00ea ho\u00e0ng \u0111\u00e0 l\u1ea1t \" width=\"2050\" height=\"1367\" srcset=\"https:\/\/dalatreview.vn\/wp-content\/uploads\/2024\/03\/z5164776241007_1e6612d27f6d19ee76697d93c127a454.jpg 2050w, https:\/\/dalatreview.vn\/wp-content\/uploads\/2024\/03\/z5164776241007_1e6612d27f6d19ee76697d93c127a454-600x400.jpg 600w\" sizes=\"(max-width: 2050px) 100vw, 2050px\" \/><br \/>\n<span style=\"font-size: 16px;\">Khi l\u1ef1a ch\u1ecdn ngh\u1ec9 d\u01b0\u1ee1ng t\u1ea1i \u0111\u00e2y b\u1ea1n c\u00f3 th\u1ec3 u\u1ed1ng tr\u00e0 ng\u1eafm c\u1ea3nh th\u00e0nh ph\u1ed1 \u0110\u00e0 l\u1ea1t v\u1ec1 \u0111\u00eam \u1edf ban c\u00f4ng t\u1ea7ng tr\u00ean c\u00f9ng.<\/span><\/p>\n<p><img decoding=\"async\" class=\"size-full wp-image-36750 aligncenter\" src=\"https:\/\/dalatreview.vn\/wp-content\/uploads\/2024\/03\/Vuon-hoa-thanh-pho-da-lat.jpg\" alt=\"villa l\u00ea ho\u00e0ng \u0111\u00e0 l\u1ea1t\" width=\"1200\" height=\"900\" srcset=\"https:\/\/dalatreview.vn\/wp-content\/uploads\/2024\/03\/Vuon-hoa-thanh-pho-da-lat.jpg 1200w, https:\/\/dalatreview.vn\/wp-content\/uploads\/2024\/03\/Vuon-hoa-thanh-pho-da-lat-600x450.jpg 600w\" sizes=\"(max-width: 1200px) 100vw, 1200px\" \/><br \/>\n<span style=\"font-size: 16px;\">V\u00e0 v\u1edbi s\u1ee9c ch\u1ee9a kh\u1ee7ng l\u00ean \u0111\u1ebfn 20 ng\u01b0\u1eddi, n\u1eb1m ngay t\u1ea1i trung t\u00e2m, villa v\u1eeba ph\u00f9 h\u1ee3p v\u1edbi c\u00e1c nh\u00f3m \u0111\u00f4ng nh\u01b0 h\u1ecdp l\u1edbp, t\u1eadp th\u1ec3 nhi\u1ec1u gia \u0111\u00ecnh th\u00e2n thi\u1ebft, du l\u1ecbch c\u00f4ng ty,&#8230; Chu\u1ea9n ti\u1ec7n nghi nh\u01b0 kh\u00e1ch s\u1ea1n 4 sao!<\/span><\/p>\n<h2 id=\"3-dich-vu-tien-ich\"><span style=\"color: #003300;\"><strong>3. D\u1ecbch v\u1ee5 &amp; ti\u1ec7n \u00edch<\/strong><\/span><\/h2>\n<p>\u2013 C\u01a1 c\u1ea5u villa bao g\u1ed3m:<\/p>\n<p>+ \u0110\u1eadu xe \u00f4 t\u00f4 trong s\u00e2n.<\/p>\n<p>+ 8 Ph\u00f2ng ng\u1ee7: N\u00eam g\u1ed1i si\u00eau \u00eam \u00e1i, ga drap gi\u01b0\u1eddng ph\u1eb3ng phiu<\/p>\n<p>+ 9 wc: D\u1ea7u g\u1ed9i\/ s\u1eefa t\u1eafm\/ s\u1eefa d\u01b0\u1ee1ng th\u1ec3\/ dao c\u1ea1o r\u00e2u\/ kem c\u1ea1o r\u00e2u\/ bao tr\u00f9m t\u00f3c\/ t\u0103m b\u00f4ng,\u2026<\/p>\n<p>+ 2 Ph\u00f2ng kh\u00e1ch<\/p>\n<p>+ 1 Ph\u00f2ng b\u1ebfp \u0111\u1ea7y \u0111\u1ee7 d\u1ee5ng c\u1ee5 n\u1ea5u \u0103n<\/p>\n<p>+ 1 Ph\u00f2ng n\u1ed9i b\u1ed9 cho qu\u1ea3n gia ch\u0103m s\u00f3c kh\u00e1ch 24\/24<\/p>\n<p>+ Don v\u1ec7 sinh ph\u00f2ng h\u1eb1ng ng\u00e0y<\/p>\n<p>+ S\u1ee9c ch\u1ee9a 10 \u2013 20 pax<\/p>\n<p><span style=\"font-size: 16px;\">+ Mi\u1ec5n ph\u00ed: Tr\u00e0\/ caffe\/n\u01b0\u1edbc su\u1ed1i + 5kg than<\/span><\/p>\n<h2><img decoding=\"async\" class=\"size-full wp-image-36750 aligncenter\" src=\"https:\/\/dalatreview.vn\/wp-content\/uploads\/2024\/03\/Vuon-hoa-thanh-pho-da-lat.jpg\" alt=\"villa l\u00ea ho\u00e0ng \u0111\u00e0 l\u1ea1t \" width=\"1200\" height=\"900\" srcset=\"https:\/\/dalatreview.vn\/wp-content\/uploads\/2024\/03\/Vuon-hoa-thanh-pho-da-lat.jpg 1200w, https:\/\/dalatreview.vn\/wp-content\/uploads\/2024\/03\/Vuon-hoa-thanh-pho-da-lat-600x450.jpg 600w\" sizes=\"(max-width: 1200px) 100vw, 1200px\" \/><br \/>\n<span style=\"color: #003300;\"><strong>4. Gi\u00e1 ph\u00f2ng<\/strong><\/span><\/h2>\n<p><span style=\"font-size: 16px;\">Qu\u00fd kh\u00e1ch c\u00f3 nhu c\u1ea7u mu\u1ed1n \u0111\u1eb7t ph\u00f2ng, vui l\u00f2ng li\u00ean h\u1ec7 \u0110\u00e0 L\u1ea1t Review \u0111\u1ec3 \u0111\u01b0\u1ee3c t\u01b0 v\u1ea5n.<\/span><\/p>\n<h2 id=\"5-lien-he\"><span style=\"color: #003300;\"><strong>5. Li\u00ean h\u1ec7<\/strong><\/span><\/h2>\n<p><span style=\"font-size: 16px;\">Li\u00ean h\u1ec7 book ph\u00f2ng: <a href=\"https:\/\/zalo.me\/dalatreview\" target=\"_blank\" rel=\"noopener\">\u0110\u00e0 L\u1ea1t Review T\u1ea5t T\u1ea7n T\u1eadt<\/a><\/span><\/p>\n<p><span style=\"font-size: 16px;\">S\u0110T\/Zalo: 0988 249 297<\/span><\/p>\n<p>Xem th\u00eam b\u00e0i vi\u1ebft kh\u00e1c t\u1ea1i: <a href=\"https:\/\/dalatreview.vn\/en\/cho-nghi\/\">\u0110\u00e0 L\u1ea1t Review<\/a><\/p>","protected":false},"excerpt":{"rendered":"<p class=\"p1\">C\u0103n villa n\u00e0y t\u1ecda l\u1ea1c tr\u00ean \u0111\u01b0\u1eddng Yersin &#8211; c\u00e1ch Qu\u1ea3ng Tr\u01b0\u1eddng v\u00e0 H\u1ed3 Xu\u00e2n H\u01b0\u01a1ng kho\u1ea3ng 4p \u0111i b\u1ed9 &#8211; c\u00e1ch Ch\u1ee3 \u0110\u00e0 L\u1ea1t kho\u1ea3ng 7p \u0111i b\u1ed9.<\/p>","protected":false},"featured_media":36731,"comment_status":"open","ping_status":"closed","template":"","meta":{"_acf_changed":false,"rank_math_lock_modified_date":false},"product_cat":[29,2265,45],"product_tag":[],"acf":[],"_links":{"self":[{"href":"https:\/\/dalatreview.vn\/en\/wp-json\/wp\/v2\/product\/36701"}],"collection":[{"href":"https:\/\/dalatreview.vn\/en\/wp-json\/wp\/v2\/product"}],"about":[{"href":"https:\/\/dalatreview.vn\/en\/wp-json\/wp\/v2\/types\/product"}],"replies":[{"embeddable":true,"href":"https:\/\/dalatreview.vn\/en\/wp-json\/wp\/v2\/comments?post=36701"}],"wp:featuredmedia":[{"embeddable":true,"href":"https:\/\/dalatreview.vn\/en\/wp-json\/wp\/v2\/media\/36731"}],"wp:attachment":[{"href":"https:\/\/dalatreview.vn\/en\/wp-json\/wp\/v2\/media?parent=36701"}],"wp:term":[{"taxonomy":"product_cat","embeddable":true,"href":"https:\/\/dalatreview.vn\/en\/wp-json\/wp\/v2\/product_cat?post=36701"},{"taxonomy":"product_tag","embeddable":true,"href":"https:\/\/dalatreview.vn\/en\/wp-json\/wp\/v2\/product_tag?post=36701"}],"curies":[{"name":"wp","href":"https:\/\/api.w.org\/{rel}","templated":true}]}}