
{"id":35839,"date":"2024-01-22T15:36:49","date_gmt":"2024-01-22T08:36:49","guid":{"rendered":"https:\/\/dalatreview.vn\/?p=35839"},"modified":"2025-02-14T13:14:06","modified_gmt":"2025-02-14T06:14:06","slug":"keng-camping-camping-giua-suoi-rung-xanh-mat-cua-da-lat","status":"publish","type":"product","link":"https:\/\/dalatreview.vn\/en\/keng-camping-camping-giua-suoi-rung-xanh-mat-cua-da-lat.html","title":{"rendered":"K\u1ebbng Camping &#8211;  Camping gi\u1eefa su\u1ed1i r\u1eebng xanh m\u00e1t c\u1ee7a \u0110\u00e0 L\u1ea1t"},"content":{"rendered":"<nav class=\"vietrick-auto-toc\">\n<div class=\"box-title\">\n<h3 class=\"toc-title\" id=\"select-menu\">Danh m\u1ee5c ch\u00ednh<\/h3>\n<div><ion-icon name=\"chevron-up-outline\"><\/ion-icon><\/div>\n<\/div>\n<ul class=\"toc-list\"><\/ul>\n<li><a href='https:\/\/dalatreview.vn\/en#keng-camping-camping-giua-suoi-rung-xanh-mat-cua-da-lat' class='heading-h1 toc-link smooth-scroll'>K\u1ebbng Camping &#8211; Camping gi\u1eefa su\u1ed1i r\u1eebng xanh m\u00e1t c\u1ee7a \u0110\u00e0 L\u1ea1t<\/a>\n<ul>\n<li><a href='https:\/\/dalatreview.vn\/en#1-gioi-thieu-tour-cam-trai-keng-camping' class='heading-h2 toc-link smooth-scroll'>1. Gi\u1edbi thi\u1ec7u Tour c\u1eafm tr\u1ea1i K\u1ebbng Camping\u00a0<\/a>\n<li><a href='https:\/\/dalatreview.vn\/en#2-trai-nghiem-tour-cam-trai-keng-camping' class='heading-h2 toc-link smooth-scroll'>2. Tr\u1ea3i nghi\u1ec7m Tour c\u1eafm tr\u1ea1i K\u1ebbng Camping\u00a0<\/a>\n<li><a href='https:\/\/dalatreview.vn\/en#3-lich-trinh-tour-cam-trai-keng-camping' class='heading-h2 toc-link smooth-scroll'>3 L\u1ecbch tr\u00ecnh Tour c\u1eafm tr\u1ea1i K\u1ebbng Camping\u00a0<\/a>\n<li><a href='https:\/\/dalatreview.vn\/en#4-gia-tour-cam-trai-keng-camping' class='heading-h2 toc-link smooth-scroll'>4. Gi\u00e1 Tour c\u1eafm tr\u1ea1i K\u1ebbng Camping<\/a>\n<li><a href='https:\/\/dalatreview.vn\/en#5-thong-tin-lien-he' class='heading-h2 toc-link smooth-scroll'>5. Th\u00f4ng tin li\u00ean h\u1ec7\u00a0<\/a><\/ul>\n<\/ul>\n<\/li>\n<\/ul>\n<\/nav>\n<h1 style=\"text-align: center;\" id=\"keng-camping-camping-giua-suoi-rung-xanh-mat-cua-da-lat\"><span style=\"color: #003300;\"><strong>K\u1ebbng Camping &#8211; Camping gi\u1eefa su\u1ed1i r\u1eebng xanh m\u00e1t c\u1ee7a \u0110\u00e0 L\u1ea1t<\/strong><\/span><\/h1>\n<p><span style=\"font-weight: 400;\">Th\u00f4n L\u0169ng K\u1ebbng camping l\u00e0 \u0111\u1ecba \u0111i\u1ec3m d\u00e0nh ri\u00eang cho nh\u1eefng ai b\u1ed7ng d\u01b0ng c\u00f3 nh\u1eefng ng\u00e0y mu\u1ed1n &#8220;tr\u1ed1n c\u1ea3 th\u1ebf gi\u1edbi&#8221;. V\u00e0 trong chuy\u1ebfn du l\u1ecbch \u0110\u00e0 L\u1ea1t s\u1eafp t\u1edbi, n\u1ebfu v\u1eabn ch\u01b0a bi\u1ebft n\u00ean \u0111i \u0111\u00e2u v\u00e0 l\u00e0m g\u00ec, v\u1eady th\u00ec camping \u1edf Th\u00f4n L\u0169ng c\u0169ng l\u00e0 m\u1ed9t g\u1ee3i \u00fd ho\u00e0n h\u1ea3o d\u00e0nh cho b\u1ea1n \u0111\u00f3!\u00a0<\/span><\/p>\n<p><img decoding=\"async\" class=\"aligncenter wp-image-35867 size-full\" src=\"https:\/\/dalatreview.vn\/wp-content\/uploads\/2024\/01\/z4665701630641_0ccd0142312feb761a365c8483fb2f1e.jpg\" alt=\"tr\u1ea3i nghi\u1ec7m tour camping k\u1ebbng \" width=\"1992\" height=\"1195\" srcset=\"https:\/\/dalatreview.vn\/wp-content\/uploads\/2024\/01\/z4665701630641_0ccd0142312feb761a365c8483fb2f1e.jpg 1992w, https:\/\/dalatreview.vn\/wp-content\/uploads\/2024\/01\/z4665701630641_0ccd0142312feb761a365c8483fb2f1e-600x360.jpg 600w\" sizes=\"(max-width: 1992px) 100vw, 1992px\" \/><\/p>\n<h2 id=\"1-gioi-thieu-tour-cam-trai-keng-camping\"><span style=\"color: #003300;\"><strong>1. Gi\u1edbi thi\u1ec7u Tour c\u1eafm tr\u1ea1i K\u1ebbng Camping\u00a0<\/strong><\/span><\/h2>\n<p><span style=\"font-weight: 400; font-size: 16px;\">T\u1ecda l\u1ea1c gi\u1eefa l\u00f2ng thung l\u0169ng xanh ng\u00e1t, \u0111\u01b0\u1ee3c bao xung quanh b\u1ecdc b\u1edfi c\u00e2y c\u1ed1i, n\u00fai \u0111\u1ed3i, Th\u00f4n L\u0169ng K\u1ebbng l\u00e0 \u0111\u1ecba \u0111i\u1ec3m c\u1eafm tr\u1ea1i v\u1edbi c\u1ea3nh quan thi\u00ean nhi\u00ean t\u1ed1t t\u01b0\u01a1i. khi \u0111\u1ebfn \u0111\u00e2y, b\u1ea1n s\u1ebd c\u00f3 c\u01a1 h\u1ed9i h\u00edt th\u1edf b\u1ea7u kh\u00f4ng kh\u00ed trong l\u00e0nh, m\u00e1t m\u1ebb.<\/span><\/p>\n<p><img decoding=\"async\" class=\"aligncenter wp-image-35869 size-full\" src=\"https:\/\/dalatreview.vn\/wp-content\/uploads\/2024\/01\/z4665701638441_178ee2c77a18e36734d207b66b0aa6d0.jpg\" alt=\"camping k\u1ebbng \" width=\"2048\" height=\"1365\" srcset=\"https:\/\/dalatreview.vn\/wp-content\/uploads\/2024\/01\/z4665701638441_178ee2c77a18e36734d207b66b0aa6d0.jpg 2048w, https:\/\/dalatreview.vn\/wp-content\/uploads\/2024\/01\/z4665701638441_178ee2c77a18e36734d207b66b0aa6d0-600x400.jpg 600w\" sizes=\"(max-width: 2048px) 100vw, 2048px\" \/><\/p>\n<p><span style=\"font-size: 16px;\">N\u1eb1m y\u00ean b\u00ecnh b\u00ean d\u00f2ng su\u1ed1i m\u00e1t l\u00e0nh ch\u1ea3y r\u00f3c r\u00e1ch quanh n\u0103m, Th\u00f4n L\u0169ng K\u1ebbng \u0111\u01b0\u1ee3c xem l\u00e0 m\u1ed9t trong nh\u1eefng \u0111\u1ecba \u0111i\u1ec3m l\u00fd t\u01b0\u1edfng d\u00e0nh cho nh\u1eefng ai b\u1ed7ng ch\u1ed1c c\u00f3 nh\u1eefng ng\u00e0y ch\u1ec9 mu\u1ed1n h\u00f2a m\u00ecnh v\u1edbi thi\u00ean nhi\u00ean v\u00e0 t\u1ea1m b\u1ecf qua n\u1ebfp s\u1ed1ng hi\u1ec7n \u0111\u1ea1i, x\u00f4 b\u1ed3.\u00a0<\/span><\/p>\n<p><img decoding=\"async\" class=\"aligncenter wp-image-35846 size-full\" src=\"https:\/\/dalatreview.vn\/wp-content\/uploads\/2024\/01\/339579721_546814400904990_2773884353411991191_n.jpg\" alt=\"camping k\u1ebbng\" width=\"2048\" height=\"1365\" srcset=\"https:\/\/dalatreview.vn\/wp-content\/uploads\/2024\/01\/339579721_546814400904990_2773884353411991191_n.jpg 2048w, https:\/\/dalatreview.vn\/wp-content\/uploads\/2024\/01\/339579721_546814400904990_2773884353411991191_n-600x400.jpg 600w\" sizes=\"(max-width: 2048px) 100vw, 2048px\" \/><\/p>\n<p><span style=\"font-size: 16px;\">V\u1edbi mong mu\u1ed1n mang \u0111\u1ebfn cho b\u1ea1n nh\u1eefng tr\u1ea3i nghi\u1ec7m kh\u00f4ng th\u1ec3 \u0111\u1eadm n\u00e9t \u0111\u1ed3ng qu\u00ea b\u00ecnh d\u1ecb h\u01a1n n\u1eefa, Th\u00f4n L\u0169ng K\u1ebbng l\u00e0 n\u01a1i t\u1ed5 ch\u1ee9c c\u00e1c bu\u1ed5i camping gi\u1eefa kh\u00f4ng gian b\u1ed1n b\u1ec1 xanh ng\u1eaft.<\/span><\/p>\n<p><img decoding=\"async\" class=\"size-full wp-image-35857 aligncenter\" src=\"https:\/\/dalatreview.vn\/wp-content\/uploads\/2024\/01\/THON-LUNG-10.jpg\" alt=\"tr\u1ea3i nghi\u1ec7m camping k\u1ebbng\" width=\"1904\" height=\"1142\" srcset=\"https:\/\/dalatreview.vn\/wp-content\/uploads\/2024\/01\/THON-LUNG-10.jpg 1904w, https:\/\/dalatreview.vn\/wp-content\/uploads\/2024\/01\/THON-LUNG-10-600x360.jpg 600w\" sizes=\"(max-width: 1904px) 100vw, 1904px\" \/><\/p>\n<p><span style=\"font-size: 16px;\">N\u1ebfu c\u00f3 d\u1ecbp \u0111\u1ebfn c\u1eafm tr\u1ea1i qua \u0111\u00eam t\u1ea1i \u0111\u00e2y, b\u1ea1n s\u1ebd \u0111\u01b0\u1ee3c h\u00f3a th\u00e2n th\u00e0nh m\u1ed9t ng\u01b0\u1eddi n\u00f4ng d\u00e2n \u0111\u00fang ngh\u0129a v\u1edbi nh\u1eefng ho\u1ea1t \u0111\u1ed9ng c\u1ef1c vui nh\u1ed9n.\u00a0<\/span><\/p>\n<p><img decoding=\"async\" class=\"aligncenter wp-image-35849 size-full\" src=\"https:\/\/dalatreview.vn\/wp-content\/uploads\/2024\/01\/383765558_342251808362465_8401760584231486190_n.jpg\" alt=\"k\u1ebbng camping\" width=\"2048\" height=\"1365\" srcset=\"https:\/\/dalatreview.vn\/wp-content\/uploads\/2024\/01\/383765558_342251808362465_8401760584231486190_n.jpg 2048w, https:\/\/dalatreview.vn\/wp-content\/uploads\/2024\/01\/383765558_342251808362465_8401760584231486190_n-600x400.jpg 600w\" sizes=\"(max-width: 2048px) 100vw, 2048px\" \/><\/p>\n<p><span style=\"font-size: 16px;\">B\u1edfi v\u00ec \u0111\u1ecba \u0111i\u1ec3m \u0111i\u1ec3m c\u1eafm tr\u1ea1i n\u00e0y n\u1eb1m y\u00ean b\u00ecnh trong l\u00f2ng thung l\u0169ng v\u1edbi chung quanh l\u00e0 nh\u1eefng r\u1eebng th\u00f4ng b\u1ea1t ng\u00e0n c\u00f9ng tri\u1ec1n \u0111\u1ed3i xanh m\u01b0\u1edbt, th\u1ebf n\u00ean b\u1ea1n s\u1ebd c\u00f3 th\u1ec3 l\u1eafng nghe ti\u1ebfng chim mu\u00f4ng r\u00edu r\u00edt tr\u00ean \u0111\u1ec9nh \u0111\u1ed3i khi b\u00ecnh minh l\u00f3 d\u1ea1ng, \u0111\u01b0\u1ee3c nh\u00ecn th\u1ea5y l\u00e0n m\u00e2y m\u00f9 l\u00e3ng \u0111\u00e3ng n\u01a1i \u0111\u1ec9nh \u0111\u1ed3i v\u00e0 \u0111\u00f3n nh\u01b0ung tia n\u1eafng \u0111\u1ea7u ng\u00e0y len l\u1ecfi qua t\u1ea7ng m\u00e2y xanh.<\/span><\/p>\n<p><img decoding=\"async\" class=\"aligncenter wp-image-35868 size-full\" src=\"https:\/\/dalatreview.vn\/wp-content\/uploads\/2024\/01\/z4665701632645_ce4ff23565f6367eee93e210f0c7e85e.jpg\" alt=\"k\u1ebbng camping\" width=\"2019\" height=\"1195\" srcset=\"https:\/\/dalatreview.vn\/wp-content\/uploads\/2024\/01\/z4665701632645_ce4ff23565f6367eee93e210f0c7e85e.jpg 2019w, https:\/\/dalatreview.vn\/wp-content\/uploads\/2024\/01\/z4665701632645_ce4ff23565f6367eee93e210f0c7e85e-600x355.jpg 600w\" sizes=\"(max-width: 2019px) 100vw, 2019px\" \/><\/p>\n<p><span style=\"font-weight: 400; font-size: 16px;\">N\u1ebfu c\u00f3 m\u1ed9t ng\u00e0y b\u1ed7ng d\u01b0ng b\u1ea1n mu\u1ed1n \u201ctr\u1ed1n c\u1ea3 th\u1ebf gi\u1edbi\u201d, v\u1eady th\u00ec h\u00e3y tham kh\u1ea3o ngay chi\u1ebfc tour camping n\u00e0y nh\u00e9!<\/span><\/p>\n<h2 id=\"2-trai-nghiem-tour-cam-trai-keng-camping\"><span style=\"color: #003300;\"><strong>2. Tr\u1ea3i nghi\u1ec7m Tour c\u1eafm tr\u1ea1i K\u1ebbng Camping\u00a0<\/strong><\/span><\/h2>\n<p>+ \u0110\u1ed1i v\u1edbi nh\u1eefng b\u1ea1n y\u00eau thi\u00ean nhi\u00ean \u0110\u00e0 L\u1ea1t ch\u1eafc kh\u00f4ng l\u1ea1 g\u00ec v\u1edbi K\u1ebbng &#8211; m\u1ed9t t\u1ed5 h\u1ee3p C\u00e0 ph\u00ea | \u0102n u\u1ed1ng | C\u1eafm tr\u1ea1i | Playground b\u00ean d\u00f2ng su\u1ed1i thanh b\u00ecnh.<\/p>\n<p>+ K\u1ebbng l\u00e0 \u0111i\u1ec3m \u0111\u1ebfn l\u00fd t\u01b0\u1edfng \u0111\u1ec3 c\u00f9ng gia \u0111\u00ecnh ho\u1eb7c b\u1ea1n b\u00e8 tr\u1ea3i nghi\u1ec7m nh\u1eefng kh\u00e1m ph\u00e1 m\u1edbi m\u1ebb v\u00e0 th\u00fa v\u1ecb ph\u00f9 h\u1ee3p v\u1edbi nh\u1eefng ng\u01b0\u1eddi \u0111ang t\u00ecm ki\u1ebfm tr\u1ea3i nghi\u1ec7m \u0111\u1ed9c \u0111\u00e1o v\u00e0 th\u1ef1c s\u1ef1 g\u1ea7n g\u0169i v\u1edbi thi\u00ean nhi\u00ean.<\/p>\n<p>+ \u0110\u1ed1i v\u1edbi nh\u1eefng ai mu\u1ed1n kh\u00e1m ph\u00e1 v\u00e0 tr\u1ea3i nghi\u1ec7m c\u00e1c ho\u1ea1t \u0111\u1ed9ng ngo\u00e0i tr\u1eddi, K\u1ebbng cung c\u1ea5p m\u1ed9t lo\u1ea1t c\u00e1c d\u1ecbch v\u1ee5 l\u1ebb th\u00fa v\u1ecb nh\u01b0 c\u00e2u c\u00e1, b\u1eafn cung, cho g\u00e0 b\u1ed3 c\u00e2u \u0103n v\u00e0 cho thu\u00ea \u1ee7ng cao su \u0111\u1ec3 l\u1ed9i su\u1ed1i cho tr\u1ebb em.<\/p>\n<p>+ \u0110\u00e2y l\u00e0 nh\u1eefng ho\u1ea1t \u0111\u1ed9ng tuy\u1ec7t v\u1eddi \u0111\u1ec3 t\u1eadn h\u01b0\u1edfng kh\u00f4ng gian thi\u00ean nhi\u00ean m\u1ed9c m\u1ea1c v\u00e0 kh\u00e1m ph\u00e1 v\u0103n ho\u00e1 \u0111\u1ed9c \u0111\u00e1o c\u1ee7a T\u00e2y Nguy\u00ean.<\/p>\n<p>+ \u0110\u1eb7c bi\u1ec7t, K\u1ebbng n\u1eb1m tr\u00ean \u0111o\u1ea1n \u0111\u01b0\u1eddng v\u00e0o th\u00e0nh ph\u1ed1 (\u0111\u00e8o Minosa) v\u00e0 c\u00f3 \u0111\u1ea7y \u0111\u1ee7 khu v\u1ef1c \u0111\u1eadu xe \u00f4 t\u00f4 t\u1eeb 4 -1 6 ch\u1ed7.<\/p>\n<p>+ Kh\u00f4ng gian thi\u00ean nhi\u00ean thu\u1ea7n khi\u1ebft v\u1edbi \u0111\u1ed3i th\u00f4ng, su\u1ed1i v\u00e0 kh\u00f4ng gian r\u1ed9ng l\u1edbn, \u0111em \u0111\u1ebfn nhi\u1ec1u ho\u1ea1t \u0111\u1ed9ng ch\u01a1i cho tr\u1ebb em.<\/p>\n<p><img decoding=\"async\" class=\"size-full wp-image-35881 aligncenter\" src=\"https:\/\/dalatreview.vn\/wp-content\/uploads\/2024\/01\/Vuon-hoa-thanh-pho-da-lat-27.jpg\" alt=\"tr\u1ea3i nghi\u1ec7m tour c\u1eafm tr\u1ea1i k\u1ebbng\" width=\"1200\" height=\"900\" srcset=\"https:\/\/dalatreview.vn\/wp-content\/uploads\/2024\/01\/Vuon-hoa-thanh-pho-da-lat-27.jpg 1200w, https:\/\/dalatreview.vn\/wp-content\/uploads\/2024\/01\/Vuon-hoa-thanh-pho-da-lat-27-600x450.jpg 600w\" sizes=\"(max-width: 1200px) 100vw, 1200px\" \/><\/p>\n<h2 id=\"3-lich-trinh-tour-cam-trai-keng-camping\"><span style=\"color: #003300;\"><strong>3 L\u1ecbch tr\u00ecnh Tour c\u1eafm tr\u1ea1i K\u1ebbng Camping\u00a0<\/strong><\/span><\/h2>\n<p><em><strong>L\u1ecbch tr\u00ecnh c\u1ee5 th\u1ec3 Tour c\u1eafm tr\u1ea1i K\u1ebbng Camping:<\/strong><\/em><\/p>\n<p><span style=\"color: #ff0000;\"><strong>NG\u00c0Y 1:<\/strong><\/span><\/p>\n<p><strong>+ 15h00:CHECK IN V\u00c0 NH\u1eacN L\u1ec0U <\/strong><\/p>\n<p>* \u0110\u1ebfn n\u01a1i nh\u1eadn l\u1ec1u v\u00e0 c\u1ea5t \u0111\u1ed3 \u0111\u1ea1c r\u1ed3i c\u00f9ng nhau kh\u00e1m ph\u00e1 K\u1ebbng!<\/p>\n<p><strong>+ 15h30: KH\u00c1M PH\u00c1 K\u1ebaNG<\/strong><\/p>\n<p>* Tham quan chu\u1ed3ng g\u00e0, r\u1eebng nhi\u1ec7t \u0111\u1edbi.<\/p>\n<p>* Tranh th\u1ee7 c\u00e1c ho\u1ea1t \u0111\u1ed9ng th\u1ec3 ch\u1ea5t: Tr\u00e8o \u0110\u1ed3i &#8211; L\u1ed9i Su\u1ed1i &#8211; B\u1eafn Cung (Mi\u1ec5n ph\u00ed)\u00a0<\/p>\n<p><strong>+ 17h30: D\u1ea0O CH\u01a0I V\u00c0 CHILL<\/strong><\/p>\n<p>* Kh\u00e1m ph\u00e1 m\u1ecdi ng\u00f3c ng\u00e1ch t\u1ea1i K\u1ebbng\u00a0<\/p>\n<p>* Th\u1ecfa s\u1ee9c s\u00e1ng t\u1ea1o: T\u00f4 t\u01b0\u1ee3ng, l\u00e0m n\u1ebfn, k\u1eb9p t\u00f3c,&#8230; (t\u00ednh ph\u00ed)\u00a0<\/p>\n<p><strong>19h00: TH\u01af\u1edeNG TH\u1ee8C BBQ T\u1ed0I<\/strong><\/p>\n<p>* Set BBQ \u0103n t\u1ed1i no n\u00ea \u0111\u01b0\u1ee3c l\u1ef1a ch\u1ecdn t\u1ef1 n\u01b0\u1edbng ho\u1eb7c HDV K\u1ebbng h\u1ed7 tr\u1ee3 n\u01b0\u1edbng s\u1eb5n\u00a0<\/p>\n<p><strong>21h00: \u0110\u1ed0T L\u1eecA TR\u1ea0I V\u00c0 XEM FILM<\/strong><\/p>\n<p>* \u0110\u1ed1t l\u1eeda tr\u1ea1i, nh\u00e2m nhi khoai, b\u1eafp n\u01b0\u1edbng v\u1edbi 1001 c\u00e2u chuy\u1ec7n\u00a0<\/p>\n<p>* Th\u1eed th\u00e1ch &#8220;G\u1eafn k\u1ebft&#8221; v\u1edbi c\u00e1c b\u1ed9 m\u00f4n nh\u01b0: ma s\u00f3i, uno, t\u00e2m linh,&#8230;<\/p>\n<p><span style=\"color: #ff0000;\"><strong>NG\u00c0Y 2:<\/strong><\/span><\/p>\n<p><strong>7h00: N\u1ea0P N\u0102NG L\u01af\u1ee2NG<\/strong><\/p>\n<p>* K\u1ebbng chu\u1ea9n b\u1ecb b\u1eefa s\u00e1ng<strong> ph\u1edf b\u00f2<\/strong> ho\u1eb7c <strong>h\u1ee7 ti\u1ebfu x\u00e1 x\u00edu<\/strong> \u0111\u1ec3 b\u1eaft \u0111\u1ea7u ng\u00e0y m\u1edbi \u1ea5m c\u00e1i b\u1ee5ng<\/p>\n<p><strong>9h00: CHECK OUT\u00a0<\/strong><\/p>\n<p>* L\u00e0m v\u00e0i b\u1ed9 \u1ea3nh &#8220;Check in&#8221; x\u1ecbn s\u00f2 v\u1edbi khung c\u1ea3nh thi\u00ean nhi\u00ean tr\u01b0\u1edbc khi ra v\u1ec1\u00a0<\/p>\n<p><img decoding=\"async\" class=\"size-full wp-image-45255 aligncenter\" src=\"https:\/\/dalatreview.vn\/wp-content\/uploads\/2024\/01\/z5921472336308_a5d1f49c4ea78f494ed185708fdab26a.jpg\" alt=\"l\u1ecbch tr\u00ecnh camping k\u1ebbng\" width=\"2560\" height=\"2060\" srcset=\"https:\/\/dalatreview.vn\/wp-content\/uploads\/2024\/01\/z5921472336308_a5d1f49c4ea78f494ed185708fdab26a.jpg 2560w, https:\/\/dalatreview.vn\/wp-content\/uploads\/2024\/01\/z5921472336308_a5d1f49c4ea78f494ed185708fdab26a-1024x824.jpg 1024w, https:\/\/dalatreview.vn\/wp-content\/uploads\/2024\/01\/z5921472336308_a5d1f49c4ea78f494ed185708fdab26a-768x618.jpg 768w, https:\/\/dalatreview.vn\/wp-content\/uploads\/2024\/01\/z5921472336308_a5d1f49c4ea78f494ed185708fdab26a-1536x1236.jpg 1536w, https:\/\/dalatreview.vn\/wp-content\/uploads\/2024\/01\/z5921472336308_a5d1f49c4ea78f494ed185708fdab26a-2048x1648.jpg 2048w, https:\/\/dalatreview.vn\/wp-content\/uploads\/2024\/01\/z5921472336308_a5d1f49c4ea78f494ed185708fdab26a-600x483.jpg 600w\" sizes=\"(max-width: 2560px) 100vw, 2560px\" \/><\/p>\n<h2 id=\"4-gia-tour-cam-trai-keng-camping\"><span style=\"color: #003300;\"><strong>4. Gi\u00e1 Tour c\u1eafm tr\u1ea1i K\u1ebbng Camping<\/strong><\/span><\/h2>\n<p><strong>G\u00d3I C\u01a0 B\u1ea2N:\u00a0<\/strong><\/p>\n<p><strong><span style=\"font-size: 16px;\">\ud83d\udcb5 Gi\u00e1 Tour: 799.000\/ ng\u01b0\u1eddi<\/span><\/strong><\/p>\n<p>Gi\u00e1 Tour tr\u00ean bao g\u1ed3m:<\/p>\n<p>+ \u0102n t\u1ed1i ( salad tr\u1ed9n d\u1ea7u gi\u1ea5m, g\u00e0 n\u01b0\u1edbng &amp; c\u01a1m lam T\u00e2y Nguy\u00ean, nai n\u01b0\u1edbng, l\u01b0\u1eddn ng\u1ed7ng n\u01b0\u1edbng, ch\u00e1o g\u00e0, rau c\u1ee7 t\u01b0\u01a1i \u0103n k\u00e8m, tr\u00e1ng mi\u1ec7ng, tr\u00e1i c\u00e2y theo m\u00f9a)<\/p>\n<p>+ \u0110\u1ed1t l\u1eeda tr\u1ea1i: Khoai b\u1eafp n\u01b0\u1edbng n\u00f3ng h\u1ed5i<\/p>\n<p>+ \u0102n s\u00e1ng: ph\u1edf b\u00f2 ho\u1eb7c h\u1ee7 ti\u1ebfu x\u00e1 x\u00edu (ch\u1ecdn 1 m\u00f3n)<\/p>\n<p><strong>G\u00d3I CAO C\u1ea4P:\u00a0<\/strong><\/p>\n<p><strong><span style=\"font-size: 16px;\">\ud83d\udcb5 Gi\u00e1 Tour: 899.000\/ ng\u01b0\u1eddi<\/span><\/strong><\/p>\n<p>Gi\u00e1 Tour tr\u00ean bao g\u1ed3m:<\/p>\n<p>+ \u0102n t\u1ed1i ( salad tr\u1ed9n d\u1ea7u gi\u1ea5m, g\u00e0 n\u01b0\u1edbng &amp; c\u01a1m lam T\u00e2y Nguy\u00ean, heo r\u1eebng n\u01b0\u1edbng, s\u01b0\u1eddn b\u00f2 n\u01b0\u1edbng, l\u1ea9u atiso s\u01b0\u1eddn non \u0110\u00e0 L\u1ea1t\u00a0 rau c\u1ee7 t\u01b0\u01a1i \u0103n k\u00e8m, tr\u00e1ng mi\u1ec7ng, tr\u00e1i c\u00e2y theo m\u00f9a)<\/p>\n<p>+ \u0110\u1ed1t l\u1eeda tr\u1ea1i: Khoai b\u1eafp n\u01b0\u1edbng n\u00f3ng h\u1ed5i<\/p>\n<p>+ \u0102n s\u00e1ng: ph\u1edf b\u00f2 ho\u1eb7c h\u1ee7 ti\u1ebfu x\u00e1 x\u00edu (ch\u1ecdn 1 m\u00f3n)<\/p>\n<p><img decoding=\"async\" class=\"size-full wp-image-45256 aligncenter\" src=\"https:\/\/dalatreview.vn\/wp-content\/uploads\/2024\/01\/z5921472336276_c125e051df27b1c6662662eab57dc5e3.jpg\" alt=\"b\u1ea3ng gi\u00e1 tour camping k\u1ebbng\" width=\"2301\" height=\"2500\" srcset=\"https:\/\/dalatreview.vn\/wp-content\/uploads\/2024\/01\/z5921472336276_c125e051df27b1c6662662eab57dc5e3.jpg 2301w, https:\/\/dalatreview.vn\/wp-content\/uploads\/2024\/01\/z5921472336276_c125e051df27b1c6662662eab57dc5e3-942x1024.jpg 942w, https:\/\/dalatreview.vn\/wp-content\/uploads\/2024\/01\/z5921472336276_c125e051df27b1c6662662eab57dc5e3-768x834.jpg 768w, https:\/\/dalatreview.vn\/wp-content\/uploads\/2024\/01\/z5921472336276_c125e051df27b1c6662662eab57dc5e3-1414x1536.jpg 1414w, https:\/\/dalatreview.vn\/wp-content\/uploads\/2024\/01\/z5921472336276_c125e051df27b1c6662662eab57dc5e3-1885x2048.jpg 1885w, https:\/\/dalatreview.vn\/wp-content\/uploads\/2024\/01\/z5921472336276_c125e051df27b1c6662662eab57dc5e3-600x652.jpg 600w\" sizes=\"(max-width: 2301px) 100vw, 2301px\" \/><\/p>\n<h2 id=\"5-thong-tin-lien-he\"><span style=\"font-size: 24px; color: #003300;\"><strong>5. Th\u00f4ng tin li\u00ean h\u1ec7\u00a0<\/strong><\/span><\/h2>\n<p><span style=\"font-size: 16px;\">Hotline t\u01b0 v\u1ea5n: 0986 978 394<\/span><\/p>\n<p><span style=\"font-size: 16px;\">Li\u00ean h\u1ec7 book tour: <span style=\"color: #993300;\"><a style=\"color: #993300;\" href=\"https:\/\/zalo.me\/dalatreview\" target=\"_blank\" rel=\"noopener\">\u0110\u00e0 L\u1ea1t Review T\u1ea5t T\u1ea7n T\u1eadt<\/a><\/span><\/span><\/p>\n<p><span style=\"font-size: 16px;\">Xem th\u00eam b\u00e0i vi\u1ebft kh\u00e1c t\u1ea1i :\u00a0<span style=\"color: #993300;\"><a style=\"color: #993300;\" href=\"https:\/\/dalatreview.vn\/en\/tour\/\">\u0110\u00e0 L\u1ea1t Review<\/a><\/span><\/span><\/p>","protected":false},"excerpt":{"rendered":"<p>Danh m\u1ee5c ch\u00ednh K\u1ebbng Camping &#8211; Camping gi\u1eefa su\u1ed1i r\u1eebng xanh m\u00e1t c\u1ee7a \u0110\u00e0 L\u1ea1t 1. Gi\u1edbi thi\u1ec7u Tour c\u1eafm tr\u1ea1i K\u1ebbng Camping\u00a0 2. Tr\u1ea3i nghi\u1ec7m Tour c\u1eafm tr\u1ea1i K\u1ebbng Camping\u00a0 3 L\u1ecbch tr\u00ecnh Tour c\u1eafm tr\u1ea1i K\u1ebbng Camping\u00a0 4. Gi\u00e1 Tour c\u1eafm tr\u1ea1i K\u1ebbng Camping 5. Th\u00f4ng tin li\u00ean h\u1ec7\u00a0 K\u1ebbng Camping &#8211; Camping [&hellip;]<\/p>","protected":false},"featured_media":35860,"comment_status":"open","ping_status":"closed","template":"","meta":{"_acf_changed":false,"rank_math_lock_modified_date":false},"product_cat":[28,2346],"product_tag":[75],"acf":[],"_links":{"self":[{"href":"https:\/\/dalatreview.vn\/en\/wp-json\/wp\/v2\/product\/35839"}],"collection":[{"href":"https:\/\/dalatreview.vn\/en\/wp-json\/wp\/v2\/product"}],"about":[{"href":"https:\/\/dalatreview.vn\/en\/wp-json\/wp\/v2\/types\/product"}],"replies":[{"embeddable":true,"href":"https:\/\/dalatreview.vn\/en\/wp-json\/wp\/v2\/comments?post=35839"}],"wp:featuredmedia":[{"embeddable":true,"href":"https:\/\/dalatreview.vn\/en\/wp-json\/wp\/v2\/media\/35860"}],"wp:attachment":[{"href":"https:\/\/dalatreview.vn\/en\/wp-json\/wp\/v2\/media?parent=35839"}],"wp:term":[{"taxonomy":"product_cat","embeddable":true,"href":"https:\/\/dalatreview.vn\/en\/wp-json\/wp\/v2\/product_cat?post=35839"},{"taxonomy":"product_tag","embeddable":true,"href":"https:\/\/dalatreview.vn\/en\/wp-json\/wp\/v2\/product_tag?post=35839"}],"curies":[{"name":"wp","href":"https:\/\/api.w.org\/{rel}","templated":true}]}}