
{"id":35762,"date":"2024-01-20T16:48:09","date_gmt":"2024-01-20T09:48:09","guid":{"rendered":"https:\/\/dalatreview.vn\/?p=35762"},"modified":"2025-07-28T14:03:30","modified_gmt":"2025-07-28T07:03:30","slug":"lon-ton-campart-tour-cam-trai-san-may-doi-thien-phuc-duc","status":"publish","type":"product","link":"https:\/\/dalatreview.vn\/en\/lon-ton-campart-tour-cam-trai-san-may-doi-thien-phuc-duc.html","title":{"rendered":"Lon Ton CampArt &#8211; Tour c\u1eafm tr\u1ea1i s\u0103n m\u00e2y \u0111\u1ed3i Thi\u00ean Ph\u00fac \u0110\u1ee9c"},"content":{"rendered":"<nav class=\"vietrick-auto-toc\">\n<div class=\"box-title\">\n<h3 class=\"toc-title\" id=\"select-menu\">Danh m\u1ee5c ch\u00ednh<\/h3>\n<div><ion-icon name=\"chevron-up-outline\"><\/ion-icon><\/div>\n<\/div>\n<ul class=\"toc-list\"><\/ul>\n<li><a href='https:\/\/dalatreview.vn\/en#lon-ton-campart-tour-cam-trai-san-may-doi-thien-phuc-duc' class='heading-h1 toc-link smooth-scroll'>Lon Ton CampArt &#8211; Tour c\u1eafm tr\u1ea1i s\u0103n m\u00e2y \u0111\u1ed3i Thi\u00ean Ph\u00fac \u0110\u1ee9c<\/a>\n<ul>\n<li><a href='https:\/\/dalatreview.vn\/en#1-gioi-thieu-tour-lon-ton-campart-cam-trai-san-may-doi-thien-phuc-duc' class='heading-h2 toc-link smooth-scroll'>1. Gi\u1edbi thi\u1ec7u Tour Lon Ton CampArt &#8211; C\u1eafm tr\u1ea1i s\u0103n m\u00e2y \u0111\u1ed3i Thi\u00ean Ph\u00fac \u0110\u1ee9c\u00a0<\/a>\n<li><a href='https:\/\/dalatreview.vn\/en#2-trai-nghiem-tour-lon-ton-campart-cam-trai-san-may-doi-thien-phuc-duc' class='heading-h2 toc-link smooth-scroll'>2. Tr\u1ea3i nghi\u1ec7m Tour Lon Ton CampArt &#8211; C\u1eafm tr\u1ea1i s\u0103n m\u00e2y \u0111\u1ed3i Thi\u00ean Ph\u00fac \u0110\u1ee9c\u00a0<\/a>\n<li><a href='https:\/\/dalatreview.vn\/en#3-lich-trinh-tour-lon-ton-campart-cam-trai-san-may-doi-thien-phuc-duc' class='heading-h2 toc-link smooth-scroll'>3. L\u1ecbch tr\u00ecnh Tour Lon Ton CampArt &#8211; C\u1eafm tr\u1ea1i s\u0103n m\u00e2y \u0111\u1ed3i Thi\u00ean Ph\u00fac \u0110\u1ee9c\u00a0<\/a>\n<li><a href='https:\/\/dalatreview.vn\/en#4-gia-tour-lon-ton-campart-cam-trai-san-may-doi-thien-phuc-duc' class='heading-h2 toc-link smooth-scroll'>4. Gi\u00e1 Tour Lon Ton CampArt &#8211; C\u1eafm tr\u1ea1i s\u0103n m\u00e2y \u0110\u1ed3i Thi\u00ean Ph\u00fac \u0110\u1ee9c\u00a0<\/a>\n<li><a href='https:\/\/dalatreview.vn\/en#5-thong-tin-lien-he' class='heading-h2 toc-link smooth-scroll'>5. Th\u00f4ng tin li\u00ean h\u1ec7\u00a0<\/a><\/ul>\n<\/ul>\n<\/li>\n<\/ul>\n<\/nav>\n<h1 style=\"text-align: center;\" id=\"lon-ton-campart-tour-cam-trai-san-may-doi-thien-phuc-duc\"><span style=\"color: #003300; font-size: 28px;\"><strong>Lon Ton CampArt &#8211; Tour c\u1eafm tr\u1ea1i s\u0103n m\u00e2y \u0111\u1ed3i Thi\u00ean Ph\u00fac \u0110\u1ee9c<\/strong><\/span><\/h1>\n<div dir=\"auto\">Tr\u1ea3i nghi\u1ec7m camping gi\u1eefa n\u00fai v\u00e0 xung quanh \u0111\u1ed3i th\u00f4ng bao quanh th\u00ec s\u1ebd chill nh\u01b0 th\u1ebf n\u00e0o? N\u1ebfu b\u1ea1n mu\u1ed1n m\u1ed9t l\u1ea7n tr\u1ea3i nghi\u1ec7m c\u1ea3m gi\u00e1c n\u00e0y, v\u1eady th\u00ec \u0111\u1ec3 \u0110\u00e0 L\u1ea1t Review gi\u1edbi thi\u1ec7u \u0111\u1ebfn b\u1ea1n chi\u1ebfc &#8220;Tour c\u1eafm tr\u1ea1i s\u0103n m\u00e2y t\u1ea1i \u0110\u1ed3i Thi\u00ean Ph\u00fac \u0110\u1ee9c&#8217; d\u01b0\u1edbi \u0111\u00e2y nh\u00e9!<\/div>\n<div dir=\"auto\">\u00a0<\/div>\n<div dir=\"auto\"><img decoding=\"async\" class=\"aligncenter wp-image-35771 size-full\" src=\"https:\/\/dalatreview.vn\/wp-content\/uploads\/2024\/01\/416353451_392758966614956_8984156230162699916_n.jpg\" alt=\"lon ton campart\" width=\"2048\" height=\"1366\" srcset=\"https:\/\/dalatreview.vn\/wp-content\/uploads\/2024\/01\/416353451_392758966614956_8984156230162699916_n.jpg 2048w, https:\/\/dalatreview.vn\/wp-content\/uploads\/2024\/01\/416353451_392758966614956_8984156230162699916_n-600x400.jpg 600w\" sizes=\"(max-width: 2048px) 100vw, 2048px\" \/><\/div>\n<h2 dir=\"auto\" id=\"1-gioi-thieu-tour-lon-ton-campart-cam-trai-san-may-doi-thien-phuc-duc\"><span style=\"color: #003300;\"><strong>1. Gi\u1edbi thi\u1ec7u Tour Lon Ton CampArt &#8211; C\u1eafm tr\u1ea1i s\u0103n m\u00e2y \u0111\u1ed3i Thi\u00ean Ph\u00fac \u0110\u1ee9c\u00a0<\/strong><\/span><\/h2>\n<p dir=\"auto\"><span style=\"font-size: 16px;\">\u0110\u1ebfn \u0110\u00e0 L\u1ea1t b\u1ea1n mu\u1ed1n ng\u1eafm m\u00e2y nh\u01b0ng l\u1ea1i ng\u1ea1i ph\u1ea3i th\u1ee9c d\u1eady s\u1edbm v\u00ec b\u1ea7u kh\u00f4ng kh\u00ed l\u1ea1nh \u0111ang bao tr\u00f9m b\u00ean ngo\u00e0i? V\u1eady th\u00ec \u0111\u1ebfn v\u1edbi tour c\u1eafm tr\u1ea1i s\u0103n m\u00e2y c\u1ee7a &#8220;Lon Ton CampArt&#8221; b\u1ea1n ch\u1ec9 c\u1ea7n cu\u1ed9n tr\u00f2n trong chi\u1ebfc ch\u0103n th\u1eadt \u1ea5m v\u00e0 ng\u1eafm nh\u00ecn nh\u1eefng l\u00e0n s\u00f3ng m\u00e2y ngo\u00e0i kia th\u00f4i.<\/span><\/p>\n<p dir=\"auto\"><img decoding=\"async\" class=\"aligncenter wp-image-35768 size-full\" src=\"https:\/\/dalatreview.vn\/wp-content\/uploads\/2024\/01\/345452509_981927686510030_3216205714395598592_n.jpg\" alt=\"tour c\u1eafm tr\u1ea1i s\u0103n m\u00e2y lonton campart\" width=\"2048\" height=\"1536\" srcset=\"https:\/\/dalatreview.vn\/wp-content\/uploads\/2024\/01\/345452509_981927686510030_3216205714395598592_n.jpg 2048w, https:\/\/dalatreview.vn\/wp-content\/uploads\/2024\/01\/345452509_981927686510030_3216205714395598592_n-600x450.jpg 600w\" sizes=\"(max-width: 2048px) 100vw, 2048px\" \/><\/p>\n<p><span style=\"font-size: 16px;\">LonTon CampArt to\u1ea1 l\u1ea1c t\u1ea1i Ph\u01b0\u1edbc Th\u00e0nh, \u0110\u00e0 L\u1ea1t, l\u00e0 n\u01a1i c\u00f3 \u0111\u1ed3i Thi\u00ean Ph\u00fac \u0110\u1ee9c &#8211; m\u1ed9t trong nh\u1eefng \u0111\u1ecba \u0111i\u1ec3m s\u0103n m\u00e2y c\u1ef1c ph\u1ea9m kh\u00f4ng ai l\u00e0 kh\u00f4ng bi\u1ebft \u0111\u1ebfn.<\/span><\/p>\n<p><img decoding=\"async\" class=\"aligncenter wp-image-35779 size-full\" src=\"https:\/\/dalatreview.vn\/wp-content\/uploads\/2024\/01\/z5085702033875_cb461e8ae7da8a589c7286a3b988a6ee.jpg\" alt=\"lonton campart\" width=\"1972\" height=\"1117\" srcset=\"https:\/\/dalatreview.vn\/wp-content\/uploads\/2024\/01\/z5085702033875_cb461e8ae7da8a589c7286a3b988a6ee.jpg 1972w, https:\/\/dalatreview.vn\/wp-content\/uploads\/2024\/01\/z5085702033875_cb461e8ae7da8a589c7286a3b988a6ee-600x340.jpg 600w\" sizes=\"(max-width: 1972px) 100vw, 1972px\" \/><\/p>\n<p dir=\"auto\"><span style=\"font-size: 16px;\">C\u00f9ng b\u1ea1n b\u00e8, ng\u01b0\u1eddi th\u00e2n t\u1eadn h\u01b0\u1edfng nh\u1eefng kho\u1ea3nh kh\u1eafc v\u00e0o m\u1ed7i bu\u1ed5i ho\u00e0ng h\u00f4n hay s\u00e1ng th\u1ee9c d\u1eady v\u1edbi c\u00e1i l\u1ea1nh 15-16\u00b0C c\u00f9ng ng\u1eafm b\u00ecnh minh, s\u0103n m\u00e2y hay nh\u1eefng d\u1ea3i s\u01b0\u01a1ng m\u00f9 gi\u0103ng k\u00edn c\u1ea3 khu r\u1eebng&#8230; \u0111\u00e2y s\u1ebd l\u00e0 m\u1ed9t tr\u1ea3i nghi\u1ec7m v\u00f4 c\u00f9ng tuy\u1ec7t v\u1eddi trong chuy\u1ebfn du l\u1ecbch \u0110\u00e0 L\u1ea1t l\u1ea7n n\u00e0y \u0111\u00f3.\u00a0<\/span><\/p>\n<p dir=\"auto\"><img decoding=\"async\" class=\"aligncenter wp-image-35788 size-full\" src=\"https:\/\/dalatreview.vn\/wp-content\/uploads\/2024\/01\/z5085711018360_df8b9accf552671044bb5f1c68b3e7d3.jpg\" alt=\"l\u1ec1u t\u1ea1i lonton campart\" width=\"2039\" height=\"1372\" srcset=\"https:\/\/dalatreview.vn\/wp-content\/uploads\/2024\/01\/z5085711018360_df8b9accf552671044bb5f1c68b3e7d3.jpg 2039w, https:\/\/dalatreview.vn\/wp-content\/uploads\/2024\/01\/z5085711018360_df8b9accf552671044bb5f1c68b3e7d3-600x404.jpg 600w\" sizes=\"(max-width: 2039px) 100vw, 2039px\" \/><\/p>\n<p dir=\"auto\"><span style=\"font-size: 16px;\">\u0110\u1eb7c bi\u1ec7t, \u1edf Lon Ton CampArt c\u00f3 \u0111a d\u1ea1ng c\u00e1c lo\u1ea1i l\u1ec1u kh\u00e1c nhau, ph\u00f9 h\u1ee3p \u0111i theo c\u1eb7p \u0111\u00f4i, nh\u00f3m b\u1ea1n hay gia \u0111\u00ecnh. V\u00e0 ph\u00eda b\u00ean trong l\u1ec1u \u0111\u01b0\u1ee3c decor r\u1ea5t \u0111\u1eb9p chu\u1ea9n phong c\u00e1ch B\u1eafc \u00c2u, \u0111\u1ea7y \u0111\u1ee7 ti\u1ec7n nghi. L\u1ec1u to s\u1ebd \u0111\u1ee7 ch\u1ed7 n\u1ebfu b\u1ea1n \u0111i v\u1edbi gia \u0111\u00ecnh hay nh\u00f3m b\u1ea1n \u0111\u1ea5y.\u00a0<\/span><\/p>\n<h2 id=\"2-trai-nghiem-tour-lon-ton-campart-cam-trai-san-may-doi-thien-phuc-duc\"><span style=\"color: #003300; font-size: 24px;\"><strong>2. Tr\u1ea3i nghi\u1ec7m Tour Lon Ton CampArt &#8211; C\u1eafm tr\u1ea1i s\u0103n m\u00e2y \u0111\u1ed3i Thi\u00ean Ph\u00fac \u0110\u1ee9c\u00a0<\/strong><\/span><\/h2>\n<p><span style=\"font-size: 16px;\">\u0110\u1ebfn v\u1edbi Lon Ton CampArt b\u1ea1n s\u1ebd \u0111\u01b0\u1ee3c tr\u1ea3i nghi\u1ec7m nh\u1eefng ho\u1ea1t \u0111\u1ed9ng sau:<\/span><\/p>\n<p><span style=\"font-size: 16px;\">+\u00a0Chi\u00eam ng\u01b0\u1ee1ng view ng\u1eafm ho\u00e0ng h\u00f4n c\u1ef1c ph\u1ea9m l\u00e3ng m\u1ea1n .<\/span><\/p>\n<p><span style=\"font-size: 16px;\">+ \u0110\u01b0\u1ee3c camping h\u00f2a m\u00ecnh v\u00e0o thi\u00ean nhi\u00ean trong l\u00e0nh.<\/span><\/p>\n<p><span style=\"font-size: 16px;\">+ H\u1ecdc c\u00e1ch d\u1ef1ng l\u1ec1u, bu\u1ed5i t\u1ed1i s\u1ebd c\u00f3 l\u1eeda tr\u1ea1i k\u1ebft h\u1ee3p v\u1edbi c\u00e1c ho\u1ea1t \u0111\u1ed9ng \u0103n ch\u01a1i.<\/span><\/p>\n<p><span style=\"font-size: 16px;\">+ \u0110\u1ed3 n\u01b0\u1edbng BBQ th\u01a1m ngon lu\u00f4n \u0111\u01b0\u1ee3c sepup s\u1eb5n, ngo\u00e0i ra c\u00f2n c\u00f3 r\u01b0\u1ee3u Soju \u0111\u1ec3 b\u1ea1n c\u00f3 th\u1ec3 nh\u00e2m nhi.<\/span><\/p>\n<p><span style=\"font-size: 16px;\">+ \u0110\u01b0\u1ee3c qu\u00e2y qu\u1ea7n c\u00f9ng ng\u01b0\u1eddi th\u00e2n, b\u1ea1n b\u00e8 b\u00ean b\u1ebfp l\u1eeda tr\u1ea1i th\u01b0\u1edfng th\u1ee9c nh\u1eefng m\u00f3n \u0103n ngon.<\/span><\/p>\n<p><span style=\"font-size: 16px;\">+ L\u01b0u l\u1ea1i nh\u1eefng kho\u1ea3nh kh\u1eafc \u00fd ngh\u0129a th\u00fa v\u1ecb c\u00f9ng gia \u0111\u00ecnh, b\u1ea1n b\u00e8 v\u00e0 ng\u01b0\u1eddi y\u00eau.<\/span><\/p>\n<p><img decoding=\"async\" class=\"size-full wp-image-35795 aligncenter\" src=\"https:\/\/dalatreview.vn\/wp-content\/uploads\/2024\/01\/Vuon-hoa-thanh-pho-da-lat-26.jpg\" alt=\"lonton campart\" width=\"1200\" height=\"900\" srcset=\"https:\/\/dalatreview.vn\/wp-content\/uploads\/2024\/01\/Vuon-hoa-thanh-pho-da-lat-26.jpg 1200w, https:\/\/dalatreview.vn\/wp-content\/uploads\/2024\/01\/Vuon-hoa-thanh-pho-da-lat-26-600x450.jpg 600w\" sizes=\"(max-width: 1200px) 100vw, 1200px\" \/><\/p>\n<h2 id=\"3-lich-trinh-tour-lon-ton-campart-cam-trai-san-may-doi-thien-phuc-duc\"><span style=\"color: #003300;\"><strong>3. L\u1ecbch tr\u00ecnh Tour Lon Ton CampArt &#8211; C\u1eafm tr\u1ea1i s\u0103n m\u00e2y \u0111\u1ed3i Thi\u00ean Ph\u00fac \u0110\u1ee9c\u00a0<\/strong><\/span><\/h2>\n<p><strong>Gi\u1edd check in:\u00a0<\/strong><\/p>\n<p>+ 16h00: \u0110\u1ebfn h\u1eb9n ch\u00fang ta c\u00f9ng g\u1eb7p nhau t\u1ea1i Lon Ton CampArt \u0111\u1ec3 tr\u1ea3i nghi\u1ec7m ho\u1ea1t \u0111\u1ed9ng c\u1eafm tr\u1ea1i (b\u1ea1n ch\u1ec9 c\u1ea7n mang theo v\u1eadt d\u1ee5ng c\u00e1 nh\u00e2n). Qu\u00fd kh\u00e1ch s\u1ebd t\u1ef1 t\u00fac di chuy\u1ec3n \u0111\u1ebfn khu c\u1eafm tr\u1ea1i<\/p>\n<p><strong>Gi\u1edd t\u1ef1 do sinh ho\u1ea1t: (19h00- 22h00)\u00a0<\/strong><\/p>\n<p>+ 16h30 &#8211; 18h30: B\u1ea1n t\u1ef1 do check in, l\u00ean \u0111\u1ed3i Thi\u00ean Ph\u00fac \u0110\u1ee9c ng\u1eafm ho\u00e0ng h\u00f4n,&#8230;.<\/p>\n<p><strong>Ng\u1eafm view \u0111\u00e8n l\u1ed3ng + \u0111\u1ed1t l\u1eeda tr\u1ea1i + \u0103n t\u1ed1i BBQ\u00a0<\/strong><\/p>\n<p>+ 19h00: Ng\u1eafm view \u0111\u00e8n nh\u00e0 l\u1ed3ng, \u0103n t\u1ed1i BBQ, \u0111\u1ed1t l\u1eeda tr\u1ea1i<\/p>\n<p>+ 21h00: Th\u1eddi gian chill<\/p>\n<p>+ 22h00: Gi\u1edd ng\u1ee7 \u0111\u00e3 t\u1edbi, b\u1ea1n c\u0169ng c\u00f3 th\u1ee9c ng\u1ed3i ng\u1eafm c\u1ea3nh khung c\u1ea3nh chill c\u1ee7a khu tr\u1ea1i (Sau 23h00 qu\u00fd kh\u00e1ch vui l\u00f2ng gi\u1ea3m nh\u1ecf \u00e2m l\u01b0\u1ee3ng)<\/p>\n<p><strong>S\u0103n m\u00e2y + ng\u1eafm b\u00ecnh minh\u00a0<\/strong><\/p>\n<p>+ 4h30: \u0110\u1eb7c bi\u1ec7t t\u1ea1i Lon Ton CampArt d\u1eady s\u0103n m\u00e2y \u0111\u00f3n b\u00ecnh minh b\u1ea1n nh\u00e9!<\/p>\n<p>+ Ch\u1ee5p \u1ea3nh c\u00f9ng b\u00ecnh minh<\/p>\n<p>+ 6h00: \u0102n s\u00e1ng, u\u1ed1ng tr\u00e0<\/p>\n<p><strong>Gi\u1edd check out:\u00a0<\/strong><\/p>\n<p>+ Ch\u1ee5p \u1ea3nh c\u00f9ng \u0111\u1ed3i th\u00f4ng, d\u1ea1o quanh \u0111\u1ee9ng tr\u00ean \u0111\u1ed3i ng\u1eafm th\u00e0nh ph\u1ed1<\/p>\n<p>+ 12h00: Check out&#8230;.<\/p>\n<p><img decoding=\"async\" class=\"aligncenter wp-image-35802 size-full\" src=\"https:\/\/dalatreview.vn\/wp-content\/uploads\/2024\/01\/z5089848091246_8935427134f5afa9b4bf625774245ac7.jpg\" alt=\"l\u1ecbch tr\u00ecnh tr\u1ea3i nghi\u1ec7m tour c\u1eafm tr\u1ea1i lon ton campart\" width=\"2560\" height=\"1412\" srcset=\"https:\/\/dalatreview.vn\/wp-content\/uploads\/2024\/01\/z5089848091246_8935427134f5afa9b4bf625774245ac7.jpg 2560w, https:\/\/dalatreview.vn\/wp-content\/uploads\/2024\/01\/z5089848091246_8935427134f5afa9b4bf625774245ac7-600x331.jpg 600w\" sizes=\"(max-width: 2560px) 100vw, 2560px\" \/><\/p>\n<h2 id=\"4-gia-tour-lon-ton-campart-cam-trai-san-may-doi-thien-phuc-duc\"><span style=\"color: #003300;\"><strong>4. Gi\u00e1 Tour Lon Ton CampArt &#8211; C\u1eafm tr\u1ea1i s\u0103n m\u00e2y \u0110\u1ed3i Thi\u00ean Ph\u00fac \u0110\u1ee9c\u00a0<\/strong><\/span><\/h2>\n<p><span style=\"font-size: 16px;\">\ud83d\udcb5 Gi\u00e1 tour: 750.000k\/ ng\u01b0\u1eddi \/ \u0111\u00eam\u00a0<\/span><\/p>\n<p><strong>Gi\u00e1 tour tr\u00ean \u0111\u00e3 bao g\u1ed3m:\u00a0<\/strong><\/p>\n<p>Set \u0111\u1ed3 \u0103n chu\u1ea9n b\u1ecb s\u1eb5n<\/p>\n<p>+ Xi\u00ean que BBQ<\/p>\n<p>+ Beefsteak<\/p>\n<p>+ Ba r\u1ecdi heo n\u01b0\u1edbng<\/p>\n<p>+ X\u00fac x\u00edch<\/p>\n<p>+ Rau c\u1ee7 \u0103n k\u00e8m ( x\u00e0 l\u00e1ch, c\u00e0 chua, c\u00e0 r\u1ed1t, \u0111\u1eadu b\u1eafp, h\u00e0nh t\u00e2y)<\/p>\n<p>+ N\u01b0\u1edbc u\u1ed1ng<\/p>\n<p>Set \u0103n s\u00e1ng buffet<\/p>\n<p>+ M\u00ec g\u00f3i<\/p>\n<p>+ Tr\u1ee9ng chi\u00ean<\/p>\n<p>+ Sandwich v\u00e0 b\u01a1<\/p>\n<p>+ Tr\u00e0, cafe<\/p>\n<p><strong>L\u01b0u \u00fd:<\/strong> Lonton CampArt kh\u00f4ng ph\u1ee5 gi\u00e1 l\u1ec5<\/p>\n<h2 id=\"5-thong-tin-lien-he\"><span style=\"color: #003300;\"><strong>5. Th\u00f4ng tin li\u00ean h\u1ec7\u00a0<\/strong><\/span><\/h2>\n<p><span style=\"color: #003300;\">Hotline t\u01b0 v\u1ea5n: 0986 978 394<\/span><\/p>\n<p><span style=\"color: #003300;\">Li\u00ean h\u1ec7 book tour: <span style=\"color: #ff0000;\"><a style=\"color: #ff0000;\" href=\"https:\/\/zalo.me\/dalatreview\" target=\"_blank\" rel=\"noopener\">\u0110\u00e0 L\u1ea1t Review T\u1ea5t T\u1ea7n T\u1eadt<\/a><\/span><\/span><\/p>\n<p><span style=\"color: #003300;\">Xem th\u00eam b\u00e0i vi\u1ebft kh\u00e1c t\u1ea1i :<span style=\"color: #ff0000;\">\u00a0<a style=\"color: #ff0000;\" href=\"https:\/\/dalatreview.vn\/en\/tour\/\">\u0110\u00e0 L\u1ea1t Review<\/a><\/span><\/span><\/p>","protected":false},"excerpt":{"rendered":"<p>Danh m\u1ee5c ch\u00ednh Lon Ton CampArt &#8211; Tour c\u1eafm tr\u1ea1i s\u0103n m\u00e2y \u0111\u1ed3i Thi\u00ean Ph\u00fac \u0110\u1ee9c 1. Gi\u1edbi thi\u1ec7u Tour Lon Ton CampArt &#8211; C\u1eafm tr\u1ea1i s\u0103n m\u00e2y \u0111\u1ed3i Thi\u00ean Ph\u00fac \u0110\u1ee9c\u00a0 2. Tr\u1ea3i nghi\u1ec7m Tour Lon Ton CampArt &#8211; C\u1eafm tr\u1ea1i s\u0103n m\u00e2y \u0111\u1ed3i Thi\u00ean Ph\u00fac \u0110\u1ee9c\u00a0 3. L\u1ecbch tr\u00ecnh Tour Lon Ton CampArt [&hellip;]<\/p>","protected":false},"featured_media":35796,"comment_status":"open","ping_status":"closed","template":"","meta":{"_acf_changed":false,"rank_math_lock_modified_date":false},"product_cat":[28,2347],"product_tag":[75],"acf":[],"_links":{"self":[{"href":"https:\/\/dalatreview.vn\/en\/wp-json\/wp\/v2\/product\/35762"}],"collection":[{"href":"https:\/\/dalatreview.vn\/en\/wp-json\/wp\/v2\/product"}],"about":[{"href":"https:\/\/dalatreview.vn\/en\/wp-json\/wp\/v2\/types\/product"}],"replies":[{"embeddable":true,"href":"https:\/\/dalatreview.vn\/en\/wp-json\/wp\/v2\/comments?post=35762"}],"wp:featuredmedia":[{"embeddable":true,"href":"https:\/\/dalatreview.vn\/en\/wp-json\/wp\/v2\/media\/35796"}],"wp:attachment":[{"href":"https:\/\/dalatreview.vn\/en\/wp-json\/wp\/v2\/media?parent=35762"}],"wp:term":[{"taxonomy":"product_cat","embeddable":true,"href":"https:\/\/dalatreview.vn\/en\/wp-json\/wp\/v2\/product_cat?post=35762"},{"taxonomy":"product_tag","embeddable":true,"href":"https:\/\/dalatreview.vn\/en\/wp-json\/wp\/v2\/product_tag?post=35762"}],"curies":[{"name":"wp","href":"https:\/\/api.w.org\/{rel}","templated":true}]}}