
{"id":35453,"date":"2024-01-17T10:29:30","date_gmt":"2024-01-17T03:29:30","guid":{"rendered":"https:\/\/dalatreview.vn\/?p=35453"},"modified":"2025-01-16T12:26:17","modified_gmt":"2025-01-16T05:26:17","slug":"tour-camping-trong-rung-o-ho-tuyen-lam","status":"publish","type":"product","link":"https:\/\/dalatreview.vn\/en\/tour-camping-trong-rung-o-ho-tuyen-lam.html","title":{"rendered":"Tour camping trong r\u1eebng \u1edf H\u1ed3 Tuy\u1ec1n L\u00e2m"},"content":{"rendered":"<nav class=\"vietrick-auto-toc\">\n<div class=\"box-title\">\n<h3 class=\"toc-title\" id=\"select-menu\">Danh m\u1ee5c ch\u00ednh<\/h3>\n<div><ion-icon name=\"chevron-up-outline\"><\/ion-icon><\/div>\n<\/div>\n<ul class=\"toc-list\"><\/ul>\n<li><a href='https:\/\/dalatreview.vn\/en#tour-camping-trong-rung-o-ho-tuyen-lam' class='heading-h1 toc-link smooth-scroll'>Tour camping trong r\u1eebng \u1edf H\u1ed3 Tuy\u1ec1n L\u00e2m<\/a>\n<ul>\n<li><a href='https:\/\/dalatreview.vn\/en#1-gioi-thieu-tour-camping-trong-rung-o-ho-tuyen-lam' class='heading-h2 toc-link smooth-scroll'>1. Gi\u1edbi thi\u1ec7u Tour camping trong r\u1eebng \u1edf H\u1ed3 Tuy\u1ec1n L\u00e2m\u00a0<\/a>\n<li><a href='https:\/\/dalatreview.vn\/en#2-trai-nghiem-tour-camping-trong-rung-o-ho-tuyen-lam' class='heading-h2 toc-link smooth-scroll'>2. Tr\u1ea3i nghi\u1ec7m Tour camping trong r\u1eebng \u1edf H\u1ed3 Tuy\u1ec1n L\u00e2m\u00a0<\/a>\n<li><a href='https:\/\/dalatreview.vn\/en#3-lich-trinh-tour-camping-trong-rung-o-ho-tuyen-lam' class='heading-h2 toc-link smooth-scroll'>3. L\u1ecbch tr\u00ecnh Tour camping trong r\u1eebng \u1edf H\u1ed3 Tuy\u1ec1n L\u00e2m\u00a0<\/a>\n<li><a href='https:\/\/dalatreview.vn\/en#4-gia-tour-camping-trong-rung-o-ho-tuyen-lam' class='heading-h2 toc-link smooth-scroll'>4. Gi\u00e1 Tour Camping Trong R\u1eebng \u1ede H\u1ed3 Tuy\u1ec1n L\u00e2m\u00a0<\/a>\n<li><a href='https:\/\/dalatreview.vn\/en#5-gia-le-tour-camping-trong-rung-o-ho-tuyen-lam' class='heading-h2 toc-link smooth-scroll'>5. Gi\u00e1 L\u1ec5 Tour Camping Trong R\u1eebng \u1ede H\u1ed3 Tuy\u1ec1n L\u00e2m\u00a0<\/a>\n<li><a href='https:\/\/dalatreview.vn\/en#6-lien-he' class='heading-h2 toc-link smooth-scroll'>6. Li\u00ean h\u1ec7\u00a0<\/a><\/ul>\n<\/ul>\n<\/li>\n<\/ul>\n<\/nav>\n<h1 style=\"text-align: center;\" id=\"tour-camping-trong-rung-o-ho-tuyen-lam\"><span style=\"color: #003300;\"><strong>Tour camping trong r\u1eebng \u1edf H\u1ed3 Tuy\u1ec1n L\u00e2m<\/strong><\/span><\/h1>\n<p><span style=\"font-weight: 400;\">Mang trong m\u00ecnh v\u1ebb \u0111\u1eb9p b\u00ecnh y\u00ean v\u1edbi m\u1eb7t h\u1ed3 \u00eam \u1ea3 ch\u1ea5m ph\u00e1 nh\u1eefng n\u00e9t th\u01a1 m\u1ed9ng, H\u1ed3 Tuy\u1ec1n L\u00e2m ch\u01b0a bao gi\u1edd l\u00e0 \u0111i\u1ec3m h\u1ebft hot \u0111\u1ec3 c\u00e1c camper l\u1eadp team qu\u1ea9y h\u1ebft m\u00ecnh. H\u00e3y c\u00f9ng \u0110\u00e0 L\u1ea1t Review kh\u00e1m ph\u00e1 ngay \u201cTour camping trong r\u1eebng \u1edf H\u1ed3 Tuy\u1ec1n L\u00e2m\u201d d\u01b0\u1edbi b\u00e0i vi\u1ebft n\u00e0y nh\u00e9!<\/span><\/p>\n<p><img decoding=\"async\" class=\"aligncenter wp-image-35470 size-full\" src=\"https:\/\/dalatreview.vn\/wp-content\/uploads\/2024\/01\/375921672_1982260565475466_103060675988479537_n.jpg\" alt=\"tour c\u1eafm tr\u1ea1i h\u1ed3 tuy\u1ec1n l\u00e2m\" width=\"2048\" height=\"1364\" srcset=\"https:\/\/dalatreview.vn\/wp-content\/uploads\/2024\/01\/375921672_1982260565475466_103060675988479537_n.jpg 2048w, https:\/\/dalatreview.vn\/wp-content\/uploads\/2024\/01\/375921672_1982260565475466_103060675988479537_n-600x400.jpg 600w\" sizes=\"(max-width: 2048px) 100vw, 2048px\" \/><\/p>\n<h2 id=\"1-gioi-thieu-tour-camping-trong-rung-o-ho-tuyen-lam\"><span style=\"color: #003300;\"><strong>1. Gi\u1edbi thi\u1ec7u Tour camping trong r\u1eebng \u1edf H\u1ed3 Tuy\u1ec1n L\u00e2m\u00a0<\/strong><\/span><\/h2>\n<p>C\u00e1ch trung t\u00e2m \u0110\u00e0 L\u1ea1t kho\u1ea3ng 7km v\u1ec1 ph\u00eda Nam, H\u1ed3 Tuy\u1ec1n L\u00e2m t\u1ecda l\u1ea1c \u1edf ph\u01b0\u1eddng 4, th\u00e0nh ph\u1ed1 \u0110\u00e0 L\u1ea1t. S\u1edf h\u1eefu di\u1ec7n t\u00edch h\u01a1n 350 ha v\u00e0 \u0111\u1ed9 s\u00e2u c\u00f3 n\u01a1i tr\u00ean 30m, n\u01b0\u1edbc h\u1ed3 t\u1ef1 ch\u1ea3y qua \u0111\u1eadp nh\u01b0 m\u1ed9t th\u00e1c n\u01b0\u1edbc huy\u1ec1n \u1ea3o, h\u1eefu t\u00ecnh.<\/p>\n<p><img decoding=\"async\" class=\"aligncenter wp-image-35463 size-full\" src=\"https:\/\/dalatreview.vn\/wp-content\/uploads\/2024\/01\/347133361_654405070048907_8286914301288793256_n.jpg\" alt=\"tour c\u1eafm tr\u1ea1i h\u1ed3 tuy\u1ec1n l\u00e2m\" width=\"2048\" height=\"1537\" srcset=\"https:\/\/dalatreview.vn\/wp-content\/uploads\/2024\/01\/347133361_654405070048907_8286914301288793256_n.jpg 2048w, https:\/\/dalatreview.vn\/wp-content\/uploads\/2024\/01\/347133361_654405070048907_8286914301288793256_n-600x450.jpg 600w\" sizes=\"(max-width: 2048px) 100vw, 2048px\" \/><\/p>\n<p>N\u01a1i \u0111\u00e2y \u0111\u01b0\u1ee3c bao b\u1ecdc xung quanh b\u1edfi nh\u1eefng c\u00e1nh r\u1eebng th\u00f4ng xanh ng\u00e1t t\u1eebng l\u00e0n gi\u00f3 t\u01b0\u01a1i m\u00e1t kh\u1ebd mang h\u01a1i th\u1edf thung l\u0169ng khi\u1ebfn b\u1ea7u kh\u00f4ng kh\u00ed tr\u1edf n\u00ean tinh khi\u1ebft v\u00e0 kho\u00e1ng \u0111\u1ea1t. Trong kh\u00f4ng gian bao la \u1ea5y, th\u1eadt th\u00edch h\u1ee3p cho m\u1ed9t bu\u1ed5i d\u1ef1ng l\u1ec1u l\u00fd t\u01b0\u1edfng v\u00e0 \u0111\u1ed1t l\u1eeda tr\u1ea1i h\u00e0n huy\u00ean nh\u1eefng c\u00e2u chuy\u1ec7n \u0111\u1eddi.<\/p>\n<p><img decoding=\"async\" class=\"aligncenter wp-image-35468 size-full\" src=\"https:\/\/dalatreview.vn\/wp-content\/uploads\/2024\/01\/358102807_679635104192570_7610693174539481598_n.jpg\" alt=\"tr\u1ea3i nghi\u1ec7m tour c\u1eafm tr\u1ea1i h\u1ed3 tuy\u1ec1n l\u00e2m\" width=\"2048\" height=\"1536\" srcset=\"https:\/\/dalatreview.vn\/wp-content\/uploads\/2024\/01\/358102807_679635104192570_7610693174539481598_n.jpg 2048w, https:\/\/dalatreview.vn\/wp-content\/uploads\/2024\/01\/358102807_679635104192570_7610693174539481598_n-600x450.jpg 600w\" sizes=\"(max-width: 2048px) 100vw, 2048px\" \/><\/p>\n<p>M\u1ed9t n\u01a1i v\u1ed1n d\u0129 b\u00ecnh y\u00ean, ch\u1ec9 c\u00f3 ti\u1ebfng su\u1ed1i ch\u1ea3y \u00eam tai nh\u01b0ng nay l\u1ea1i c\u00f3 th\u00eam nh\u1eefng ti\u1ebfng c\u01b0\u1eddi vui, n\u00f3i chuy\u1ec7n hay nh\u1eefng ti\u1ebfng l\u1eeda l\u1ed1p \u0111\u1ed1p ch\u00e1y t\u1eebng ng\u1ecdn c\u1ee7i\u2026 M\u1ecdi ho\u1ea1t \u0111\u1ed9ng c\u1ee7a c\u00e1c &#8220;camper&#8221; \u0111\u00e3 khu\u1ea5y \u0111\u1ea3o kh\u00f4ng gian t\u0129nh m\u1ecbch b\u1ea5y l\u00e2u nay.<\/p>\n<p><img decoding=\"async\" class=\"size-full wp-image-35466 aligncenter\" src=\"https:\/\/dalatreview.vn\/wp-content\/uploads\/2024\/01\/357740210_674120301410717_497878052589253_n.jpg\" alt=\"tour c\u1eafm tr\u1ea1i h\u1ed3 tuy\u1ec1n l\u00e2m\" width=\"2048\" height=\"1537\" srcset=\"https:\/\/dalatreview.vn\/wp-content\/uploads\/2024\/01\/357740210_674120301410717_497878052589253_n.jpg 2048w, https:\/\/dalatreview.vn\/wp-content\/uploads\/2024\/01\/357740210_674120301410717_497878052589253_n-600x450.jpg 600w\" sizes=\"(max-width: 2048px) 100vw, 2048px\" \/><\/p>\n<p><span style=\"font-weight: 400;\">Nh\u1eefng chi\u1ebfc l\u1ec1u nh\u1ecf xinh c\u00f9ng nh\u1eefng b\u1eefa ti\u1ec7c BBQ si\u00eau ngon d\u01b0\u1edbi th\u1eddi ti\u1ebft d\u1ecbu d\u00e0ng c\u1ee7a \u0110\u00e0 L\u1ea1t l\u1ea1i c\u00f2n \u1edf trong r\u1eebng n\u1eefa. B\u1ea3o \u0111\u1ea3m chuy\u1ebfn \u0111i n\u00e0y s\u1ebd gi\u00fap b\u1ea1n F5 l\u1ea1i t\u00e2m h\u1ed3n v\u00e0 n\u1ea1p th\u00eam n\u0103ng l\u01b0\u1ee3ng cho m\u00f9a h\u00e8 n\u00e0y \u0111\u00f3!\u00a0<\/span><\/p>\n<h2 id=\"2-trai-nghiem-tour-camping-trong-rung-o-ho-tuyen-lam\"><span style=\"color: #003300;\"><strong>2. Tr\u1ea3i nghi\u1ec7m Tour camping trong r\u1eebng \u1edf H\u1ed3 Tuy\u1ec1n L\u00e2m\u00a0<\/strong><\/span><\/h2>\n<p><span style=\"font-size: 16px;\">T\u1ea1m qu\u00ean \u0111i nh\u1eefng th\u00e1ng ng\u00e0y b\u1ed9n b\u1ec1 v\u1edbi c\u00f4ng vi\u1ec7c v\u00e0 nh\u1eefng n\u1ed7i lo h\u1eb1ng ng\u00e0y. Tr\u1ed1n xa ch\u1ed1n th\u00e0nh th\u1ecb \u0111\u00f4ng \u0111\u00fac kh\u00f3i b\u1ee5i x\u00f4 b\u1ed3. H\u00e3y c\u00f9ng \u0110\u00e0 L\u1ea1t Review tr\u1ea3i nghi\u1ec7m m\u1ed9t \u0110\u00e0 L\u1ea1t kh\u00e1c bi\u1ec7t \u2013 m\u1ed9t \u0110\u00e0 L\u1ea1t kh\u00f4ng \u1edf ph\u1ed1 v\u1edbi &#8220;Tour camping trong r\u1eebng \u1edf H\u1ed3 Tuy\u1ec1n L\u00e2m&#8221; nh\u00e9:<\/span><\/p>\n<p><span style=\"font-size: 16px;\">\u2013 Chi\u1ec1u ng\u1eafm \u00e1nh ho\u00e0ng h\u00f4n huy\u1ec1n \u1ea3o b\u00ean r\u1eebng th\u00f4ng.<\/span><\/p>\n<p><span style=\"font-size: 16px;\">\u2013 T\u1ed1i th\u01b0\u1edfng th\u1ee9c nh\u1eefng m\u00f3n BBQ tuy\u1ec7t ngon v\u00e0 vui ch\u01a1i b\u00ean l\u1eeda tr\u1ea1i.<\/span><\/p>\n<p><span style=\"font-size: 16px;\">\u2013 S\u00e1ng s\u1edbm \u0111\u00f3n \u00e1nh n\u1eafng mai trong m\u00e0ng s\u01b0\u01a1ng l\u00e3ng \u0111\u00e3ng tr\u00ean\u00a0H\u1ed3 Tuy\u1ec1n L\u00e2m \u0111\u1eb9p t\u1ef1a ch\u1ed1n th\u1ea7n ti\u00ean.<\/span><\/p>\n<p><img decoding=\"async\" class=\"aligncenter wp-image-35478 size-full\" src=\"https:\/\/dalatreview.vn\/wp-content\/uploads\/2024\/01\/Vuon-hoa-thanh-pho-da-lat-5.jpg\" alt=\"tour c\u1eafm tr\u1ea1i h\u1ed3 tuy\u1ec1n l\u00e2m\" width=\"1200\" height=\"900\" srcset=\"https:\/\/dalatreview.vn\/wp-content\/uploads\/2024\/01\/Vuon-hoa-thanh-pho-da-lat-5.jpg 1200w, https:\/\/dalatreview.vn\/wp-content\/uploads\/2024\/01\/Vuon-hoa-thanh-pho-da-lat-5-600x450.jpg 600w\" sizes=\"(max-width: 1200px) 100vw, 1200px\" \/><\/p>\n<h2 id=\"3-lich-trinh-tour-camping-trong-rung-o-ho-tuyen-lam\"><span style=\"color: #003300;\"><strong>3. L\u1ecbch tr\u00ecnh Tour camping trong r\u1eebng \u1edf H\u1ed3 Tuy\u1ec1n L\u00e2m\u00a0<\/strong><\/span><\/h2>\n<p>Ng\u00e0y 01: B\u1eaft \u0111\u1ea7u h\u00e0nh tr\u00ecnh<\/p>\n<p>+ 15h00: HDV \u0111\u00f3n qu\u00fd kh\u00e1ch t\u1ea1i \u0111i\u1ec3m \u0111\u00e3 h\u1eb9n di chuy\u1ec3n v\u00e0o b\u00e3i c\u1eafm tr\u1ea1i g\u1ea7n KDL \u0110\u01b0\u1eddng H\u1ea7m \u0110i\u00eau Kh\u1eafc<\/p>\n<p>+ Qu\u00fd kh\u00e1ch tham quan ch\u1ee5p \u1ea3nh ho\u00e0ng h\u00f4n t\u1ea1i khu v\u1ef1c c\u1eafm tr\u1ea1i<\/p>\n<p>+ Ho\u1eb7c b\u1ea1n c\u00f3 th\u1ec3 c\u00f9ng HDV tham gia c\u00e1c ho\u1ea1t \u0111\u1ed9ng tr\u1ea3i nghi\u1ec7m d\u1ef1ng l\u1ec1u tr\u1ea1i, l\u01b0\u1ee3m c\u1ee7i, \u0111\u1ed1t than v\u00e0 chu\u1ea9n b\u1ecb b\u1eefa t\u1ed1i BBQ<\/p>\n<p>+ 17h30: Qu\u00fd kh\u00e1ch di chuy\u1ec3n t\u1edbi khu v\u1ef1c b\u00e3i c\u1eafm tr\u1ea1i ngh\u1ec9 ng\u01a1i, v\u1ec7 sinh c\u00e1 nh\u00e2n.<\/p>\n<p>+ 18h00: B\u1eefa t\u1ed1i BBQ \u0111\u00e3 s\u1eb5n s\u00e0ng ch\u00fang ta c\u00f9ng nhau th\u01b0\u1edfng th\u1ee9c b\u1eefa t\u1ed1i BBQ bao g\u1ed3m: g\u00e0 n\u01b0\u1edbng c\u01a1m lam, heo T\u00e2y Nguy\u00ean n\u01b0\u1edbng, rau salad tr\u1ed9n, rau c\u1ee7 n\u01b0\u1edbng v\u00e0 tr\u00e1i c\u00e2y tr\u00e1i mi\u1ec7ng.<\/p>\n<p>+ Qu\u00fd kh\u00e1ch th\u01b0\u1edfng th\u1ee9c r\u01b0\u1ee3u c\u1ea7n \u0110\u00e0 L\u1ea1t mang \u0111\u1eadm phong c\u00e1ch ng\u01b0\u1eddi b\u1ea3n \u0111\u1ecba \u1edf T\u00e2y Nguy\u00ean.<\/p>\n<p>+ M\u1ecdi ng\u01b0\u1eddi qu\u00e2y qu\u1ea7n b\u00ean \u00e1nh l\u1eeda h\u1ed3ng c\u00f9ng chia s\u1ebb nhau nghe nh\u1eefng c\u00e2u chuy\u1ec7n v\u1ec1 cu\u1ed9c s\u1ed1ng, k\u1ebft giao nh\u1eefng ng\u01b0\u1eddi b\u1ea1n m\u1edbi.<\/p>\n<p>Ng\u00e0y 02: S\u0103n s\u01b0\u01a1ng \u0111\u00f3n b\u00ecnh minh tr\u00ean h\u1ed3<\/p>\n<p>+ 5h00: B\u1ea1n th\u1ee9c d\u1eady s\u1edbm \u0111\u00f3n \u00e1nh b\u00ecnh minh, th\u1ea3 \u00e1nh nh\u00ecn v\u1ec1 \u0111\u1ed3i xa x\u0103m \u0111ang ph\u1ea3ng ph\u1ea5t m\u1ed9t l\u00e0n s\u01b0\u01a1ng m\u1ecfng, t\u1eadn h\u01b0\u1edfng c\u1ea3m gi\u00e1c se se l\u1ea1nh s\u1edbm mai c\u1ea3u \u0110\u00e0 L\u1ea1t, c\u1ea3m nh\u1eadn s\u1ef1 s\u1ed1ng \u0111\u1ed9ng c\u1ee7a thi\u00ean nhi\u00ean<\/p>\n<p>+ B\u1ea1n t\u1ef1 do ch\u1ee5p h\u00ecnh \u0111\u1ec3 l\u01b0u gi\u1eef h\u00ecnh \u1ea3nh \u0111\u1eb9p t\u1ea1i n\u01a1i \u0111\u00e2y.<\/p>\n<p>+ 6h30: C\u00f9ng nhau th\u01b0\u1edfng th\u1ee9c t\u00e1ch cafe, tr\u00e0 atiso, tr\u1eeb g\u1eebng v\u1eeba m\u1edbi pha th\u01a1m ngon<\/p>\n<p>+ 7h00: Qu\u00fd kh\u00e1ch \u0103n s\u00e1ng nh\u1eb9 v\u1edbi m\u00ec ly ho\u1eb7c nui h\u1ea7m x\u01b0\u01a1ng<\/p>\n<p>+ 8h00: K\u1ebft th\u00fac h\u00e0nh tr\u00ecnh<\/p>\n<p>+ HDV ch\u00e0o t\u1ea1m bi\u1ec7t, \u0111\u01b0a b\u1ea1n v\u1ec1 l\u1ea1i trung t\u00e2m th\u00e0nh ph\u1ed1 \u0110\u00e0 L\u1ea1t. H\u1eb9n g\u1eb7p l\u1ea1i qu\u00fd kh\u00e1ch trong nh\u1eefng h\u00e0nh tr\u00ecnh ti\u1ebfp theo.<\/p>\n<p><img decoding=\"async\" class=\"size-full wp-image-36229 aligncenter\" src=\"https:\/\/dalatreview.vn\/wp-content\/uploads\/2024\/01\/unnamed.jpg\" alt=\"gia tour camping\" width=\"1030\" height=\"1280\" srcset=\"https:\/\/dalatreview.vn\/wp-content\/uploads\/2024\/01\/unnamed.jpg 1030w, https:\/\/dalatreview.vn\/wp-content\/uploads\/2024\/01\/unnamed-600x746.jpg 600w\" sizes=\"(max-width: 1030px) 100vw, 1030px\" \/><\/p>\n<h2 id=\"4-gia-tour-camping-trong-rung-o-ho-tuyen-lam\"><span style=\"color: #003300;\"><strong>4. Gi\u00e1 Tour Camping Trong R\u1eebng \u1ede H\u1ed3 Tuy\u1ec1n L\u00e2m\u00a0<\/strong><\/span><\/h2>\n<p>\ud83d\udcb5 Gi\u00e1 tour: 650.000\u0111\/kh\u00e1ch (Kh\u00f4ng bao g\u1ed3m xe \u0111\u01b0a \u0111\u00f3n)<\/p>\n<p>\ud83d\udcb5 Gi\u00e1 tour: 750.000\u0111\/kh\u00e1ch (Bao g\u1ed3m xe \u0111\u01b0a \u0111\u00f3n t\u1eeb 4 kh\u00e1ch )<\/p>\n<h2 id=\"5-gia-le-tour-camping-trong-rung-o-ho-tuyen-lam\"><span style=\"color: #003300;\"><strong>5. Gi\u00e1 L\u1ec5 Tour Camping Trong R\u1eebng \u1ede H\u1ed3 Tuy\u1ec1n L\u00e2m\u00a0<\/strong><\/span><\/h2>\n<p><strong>L\u01b0u \u00fd:<\/strong> Tour camping trong r\u1eebng \u1edf H\u1ed3 Tuy\u1ec1n L\u00e2m t\u0103ng 20% tr\u00ean gi\u00e1 ni\u00eam y\u1ebft v\u00e0o ng\u00e0y 30\/04 v\u00e0 01\/05<\/p>\n<p>\ud83d\udcb5 Gi\u00e1 tour: 780.000\/kh\u00e1ch (Kh\u00f4ng bao g\u1ed3m xe \u0111\u01b0a \u0111\u00f3n)<\/p>\n<p>\ud83d\udcb5 Gi\u00e1 tour: 900.000\u0111\/kh\u00e1ch (Bao g\u1ed3m xe \u0111\u01b0a \u0111\u00f3n)<\/p>\n<h2 id=\"6-lien-he\"><span style=\"color: #003300;\"><strong>6. Li\u00ean h\u1ec7\u00a0<\/strong><\/span><\/h2>\n<p><span style=\"font-size: 16px;\">Hotline t\u01b0 v\u1ea5n: 0986 978 394<\/span><\/p>\n<p>Li\u00ean h\u1ec7 book tour:\u00a0<a href=\"https:\/\/zalo.me\/dalatreview\" target=\"_blank\" rel=\"noopener\">\u0110\u00e0 L\u1ea1t Review T\u1ea5t T\u1ea7n T\u1eadt<\/a><\/p>\n<p><span style=\"font-size: 16px;\">Xem th\u00eam b\u00e0i vi\u1ebft kh\u00e1c t\u1ea1i :\u00a0<a href=\"https:\/\/dalatreview.vn\/en\/tour\/\">\u0110\u00e0 L\u1ea1t Review<\/a><\/span><\/p>","protected":false},"excerpt":{"rendered":"<p>Danh m\u1ee5c ch\u00ednh Tour camping trong r\u1eebng \u1edf H\u1ed3 Tuy\u1ec1n L\u00e2m 1. Gi\u1edbi thi\u1ec7u Tour camping trong r\u1eebng \u1edf H\u1ed3 Tuy\u1ec1n L\u00e2m\u00a0 2. Tr\u1ea3i nghi\u1ec7m Tour camping trong r\u1eebng \u1edf H\u1ed3 Tuy\u1ec1n L\u00e2m\u00a0 3. L\u1ecbch tr\u00ecnh Tour camping trong r\u1eebng \u1edf H\u1ed3 Tuy\u1ec1n L\u00e2m\u00a0 4. Gi\u00e1 Tour Camping Trong R\u1eebng \u1ede H\u1ed3 Tuy\u1ec1n L\u00e2m\u00a0 5. [&hellip;]<\/p>","protected":false},"featured_media":35463,"comment_status":"open","ping_status":"closed","template":"","meta":{"_acf_changed":false,"rank_math_lock_modified_date":false},"product_cat":[28,2344],"product_tag":[75],"acf":[],"_links":{"self":[{"href":"https:\/\/dalatreview.vn\/en\/wp-json\/wp\/v2\/product\/35453"}],"collection":[{"href":"https:\/\/dalatreview.vn\/en\/wp-json\/wp\/v2\/product"}],"about":[{"href":"https:\/\/dalatreview.vn\/en\/wp-json\/wp\/v2\/types\/product"}],"replies":[{"embeddable":true,"href":"https:\/\/dalatreview.vn\/en\/wp-json\/wp\/v2\/comments?post=35453"}],"wp:featuredmedia":[{"embeddable":true,"href":"https:\/\/dalatreview.vn\/en\/wp-json\/wp\/v2\/media\/35463"}],"wp:attachment":[{"href":"https:\/\/dalatreview.vn\/en\/wp-json\/wp\/v2\/media?parent=35453"}],"wp:term":[{"taxonomy":"product_cat","embeddable":true,"href":"https:\/\/dalatreview.vn\/en\/wp-json\/wp\/v2\/product_cat?post=35453"},{"taxonomy":"product_tag","embeddable":true,"href":"https:\/\/dalatreview.vn\/en\/wp-json\/wp\/v2\/product_tag?post=35453"}],"curies":[{"name":"wp","href":"https:\/\/api.w.org\/{rel}","templated":true}]}}