
{"id":35394,"date":"2024-01-16T11:09:49","date_gmt":"2024-01-16T04:09:49","guid":{"rendered":"https:\/\/dalatreview.vn\/?p=35394"},"modified":"2024-10-12T08:51:34","modified_gmt":"2024-10-12T01:51:34","slug":"tour-camping-cheo-sup-ho-tuyen-lam-da-lat-2024","status":"publish","type":"product","link":"https:\/\/dalatreview.vn\/en\/tour-camping-cheo-sup-ho-tuyen-lam-da-lat-2024.html","title":{"rendered":"Tour Camping Ch\u00e8o Sup H\u1ed3 Tuy\u1ec1n L\u00e2m \u0110\u00e0 L\u1ea1t 2024"},"content":{"rendered":"<nav class=\"vietrick-auto-toc\">\n<div class=\"box-title\">\n<h3 class=\"toc-title\" id=\"select-menu\">Danh m\u1ee5c ch\u00ednh<\/h3>\n<div><ion-icon name=\"chevron-up-outline\"><\/ion-icon><\/div>\n<\/div>\n<ul class=\"toc-list\"><\/ul>\n<li><a href='https:\/\/dalatreview.vn\/en#tour-camping-cheo-sup-ho-tuyen-lam-da-lat-2024' class='heading-h1 toc-link smooth-scroll'>Tour Camping Ch\u00e8o Sup H\u1ed3 Tuy\u1ec1n L\u00e2m \u0110\u00e0 L\u1ea1t 2024\u00a0<\/a>\n<ul>\n<li><a href='https:\/\/dalatreview.vn\/en#1-gioi-thieu-tour-cam-trai-cheo-sup-ho-tuyen-lam-da-lat' class='heading-h2 toc-link smooth-scroll'>1. Gi\u1edbi thi\u1ec7u Tour c\u1eafm tr\u1ea1i ch\u00e8o SUP H\u1ed3 Tuy\u1ec1n L\u00e2m \u0110\u00e0 L\u1ea1t\u00a0<\/a>\n<li><a href='https:\/\/dalatreview.vn\/en#2-nhung-diem-dac-biet-cua-tour-cam-trai-cheo-sup-ho-tuyen-lam' class='heading-h2 toc-link smooth-scroll'>2. Nh\u1eefng \u0111i\u1ec3m \u0111\u1eb7c bi\u1ec7t c\u1ee7a Tour c\u1eafm tr\u1ea1i ch\u00e8o SUP H\u1ed3 Tuy\u1ec1n L\u00e2m\u00a0<\/a>\n<li><a href='https:\/\/dalatreview.vn\/en#3-lich-trinh-tour-cam-trai-cheo-sup-ho-tuyen-lam' class='heading-h2 toc-link smooth-scroll'>3. L\u1ecbch tr\u00ecnh Tour c\u1eafm tr\u1ea1i ch\u00e8o SUP H\u1ed3 Tuy\u1ec1n L\u00e2m\u00a0<\/a>\n<li><a href='https:\/\/dalatreview.vn\/en#4-gia-tour-cam-trai-cheo-sup-ho-tuyen-lam' class='heading-h2 toc-link smooth-scroll'>4. Gi\u00e1 Tour C\u1eafm Tr\u1ea1i Ch\u00e8o SUP H\u1ed3 Tuy\u1ec1n L\u00e2m\u00a0<\/a>\n<li><a href='https:\/\/dalatreview.vn\/en#5-gia-le-tour-cam-trai-cheo-sup-ho-tuyen-lam' class='heading-h2 toc-link smooth-scroll'>5. Gi\u00e1 L\u1ec5 Tour C\u1eafm Tr\u1ea1i Ch\u00e8o SUP H\u1ed3 Tuy\u1ec1n L\u00e2m\u00a0<\/a>\n<li><a href='https:\/\/dalatreview.vn\/en#6-lien-he' class='heading-h2 toc-link smooth-scroll'>6. Li\u00ean h\u1ec7\u00a0<\/a><\/ul>\n<\/ul>\n<\/li>\n<\/ul>\n<\/nav>\n<h1 style=\"text-align: center;\" id=\"tour-camping-cheo-sup-ho-tuyen-lam-da-lat-2024\"><strong>Tour<\/strong><span style=\"color: #003300;\"><strong> Camping Ch\u00e8o Sup H\u1ed3 Tuy\u1ec1n L\u00e2m \u0110\u00e0 L\u1ea1t 2024\u00a0<\/strong><\/span><\/h1>\n<p><span style=\"font-size: 16px;\">Gi\u1eefa tr\u0103m ng\u00e0n b\u1ed9n b\u1ec1 cu\u1ed9c s\u1ed1ng, \u0111i\u1ec1u ch\u00fang ta c\u1ea7n ch\u1ec9 l\u00e0 m\u1ed9t chuy\u1ebfn \u0111i \u0110\u00e0 L\u1ea1t f5 l\u1ea1i t\u00e2m h\u1ed3n t\u00ecm ch\u00fat b\u00ecnh y\u00ean. Nh\u00e2n l\u00fac c\u00f2n tr\u1ebb mu\u1ed1n \u0111i camping ch\u00e8o SUP ng\u1eafm tr\u1ecdn v\u1ebb \u0111\u1eb9p H\u1ed3 Tuy\u1ec1n L\u00e2m th\u00ec kh\u00f4ng th\u1ec3 b\u1ecf qua &#8220;Tour camping ch\u00e8o SUP H\u1ed3 Tuy\u1ec1n L\u00e2m&#8221; c\u1ee7a \u0110\u00e0 L\u1ea1t Review\u00a0\u0111\u01b0\u1ee3c \u0111\u00e2u nha!!!<\/span><\/p>\n<p><img decoding=\"async\" class=\"size-full wp-image-43220 aligncenter\" src=\"https:\/\/dalatreview.vn\/wp-content\/uploads\/2024\/01\/375863560_708266654662748_2644083070747289064_n.jpg\" alt=\"Camping Ch\u00e8o Sup H\u1ed3 Tuy\u1ec1n L\u00e2m\" width=\"2048\" height=\"1536\" srcset=\"https:\/\/dalatreview.vn\/wp-content\/uploads\/2024\/01\/375863560_708266654662748_2644083070747289064_n.jpg 2048w, https:\/\/dalatreview.vn\/wp-content\/uploads\/2024\/01\/375863560_708266654662748_2644083070747289064_n-600x450.jpg 600w, https:\/\/dalatreview.vn\/wp-content\/uploads\/2024\/01\/375863560_708266654662748_2644083070747289064_n-1024x768.jpg 1024w, https:\/\/dalatreview.vn\/wp-content\/uploads\/2024\/01\/375863560_708266654662748_2644083070747289064_n-768x576.jpg 768w, https:\/\/dalatreview.vn\/wp-content\/uploads\/2024\/01\/375863560_708266654662748_2644083070747289064_n-1536x1152.jpg 1536w\" sizes=\"(max-width: 2048px) 100vw, 2048px\" \/><\/p>\n<h2 id=\"1-gioi-thieu-tour-cam-trai-cheo-sup-ho-tuyen-lam-da-lat\"><span style=\"color: #003300;\"><strong>1. Gi\u1edbi thi\u1ec7u Tour c\u1eafm tr\u1ea1i ch\u00e8o SUP H\u1ed3 Tuy\u1ec1n L\u00e2m \u0110\u00e0 L\u1ea1t\u00a0<\/strong><\/span><\/h2>\n<p><span style=\"font-size: 16px;\">C\u00e1ch trung t\u00e2m \u0110\u00e0 L\u1ea1t kho\u1ea3ng 7km, H\u1ed3 Tuy\u1ec1n L\u00e2m \u0111\u01b0\u1ee3c bi\u1ebft \u0111\u1ebfn l\u00e0 m\u1ed9t trong ba h\u1ed3 n\u01b0\u1edbc l\u1edbn t\u1ea1i \u0110\u00e0 L\u1ea1t, c\u00f3 di\u1ec7n t\u00edch h\u01a1n r\u1ed9ng h\u01a1n 320 hecta \u0111\u01b0\u1ee3c bao quanh b\u1edfi nh\u1eefng c\u00e1nh r\u1eebng th\u00f4ng b\u1ea1t ng\u00e0n xanh m\u01b0\u1edbt.<\/span><\/p>\n<p><img decoding=\"async\" class=\"aligncenter wp-image-35365 size-full\" src=\"https:\/\/dalatreview.vn\/wp-content\/uploads\/2024\/01\/z5073373024044_9ac0a31e0d5b2cb937dd0139c2f9e71f.jpg\" alt=\"camping ch\u00e8o sup h\u1ed3 tuy\u1ec1n l\u00e2m\" width=\"2048\" height=\"1536\" srcset=\"https:\/\/dalatreview.vn\/wp-content\/uploads\/2024\/01\/z5073373024044_9ac0a31e0d5b2cb937dd0139c2f9e71f.jpg 2048w, https:\/\/dalatreview.vn\/wp-content\/uploads\/2024\/01\/z5073373024044_9ac0a31e0d5b2cb937dd0139c2f9e71f-600x450.jpg 600w\" sizes=\"(max-width: 2048px) 100vw, 2048px\" \/><\/p>\n<p><span style=\"font-size: 16px;\"><span style=\"font-weight: 400;\">V\u00e0 n\u01a1i \u0111\u00e2y<\/span><span style=\"font-weight: 400;\"> lu\u00f4n l\u00e0 \u0111\u1ecba \u0111i\u1ec3m l\u00fd t\u01b0\u1edfng cho ho\u1ea1t \u0111\u1ed9ng tr\u1ea3i nghi\u1ec7m ch\u00e8o SUP, b\u1ea1n c\u00f3 th\u1ec3 v\u1eeba ch\u00e8o SUP v\u1eeba ch\u00e0o \u0111\u00f3n b\u00ecnh minh ng\u00e0y m\u1edbi ho\u1eb7c \u0111\u00f3n ho\u00e0ng h\u00f4n cu\u1ed1i ng\u00e0y v\u00e0 c\u1eafm tr\u1ea1i th\u01b0\u1edfng th\u1ee9c nh\u1eefng m\u00f3n \u0103n \u0111\u1eadm ch\u1ea5t ph\u1ed1 n\u00fai.<\/span><\/span><\/p>\n<p><img decoding=\"async\" class=\"aligncenter wp-image-35377 size-full\" src=\"https:\/\/dalatreview.vn\/wp-content\/uploads\/2024\/01\/z5073373041241_26559255cf0d471bd1d4a761c594ca3b.jpg\" alt=\"ch\u00e8o SUP\" width=\"2560\" height=\"1440\" srcset=\"https:\/\/dalatreview.vn\/wp-content\/uploads\/2024\/01\/z5073373041241_26559255cf0d471bd1d4a761c594ca3b.jpg 2560w, https:\/\/dalatreview.vn\/wp-content\/uploads\/2024\/01\/z5073373041241_26559255cf0d471bd1d4a761c594ca3b-600x338.jpg 600w\" sizes=\"(max-width: 2560px) 100vw, 2560px\" \/><\/p>\n<p>Ch\u00e8o SUP l\u00e0 m\u1ed9t m\u00f4n th\u1ec3 thao d\u01b0\u1edbi n\u01b0\u1edbc c\u00f3 ngu\u1ed3n g\u1ed1c t\u1eeb Hawai, \u0111\u00e2y kh\u00f4ng \u0111\u01a1n gi\u1ea3n ch\u1ec9 l\u00e0 m\u1ed9t ho\u1ea1t \u0111\u1ed9ng gi\u1ea3i tr\u00ed m\u00e0 n\u00f3 c\u00f2n l\u00e0 nh\u1eefng b\u00e0i t\u1eadp gi\u00e3n c\u01a1 gi\u00fap b\u1ea1n r\u00e8n luy\u1ec7n s\u1ee9c kh\u1ecfe c\u1ee7a m\u00ecnh th\u00eam ph\u1ea7n d\u1ebbo dai v\u00e0 nhanh nh\u1eb9n h\u01a1n<\/p>\n<p><img decoding=\"async\" class=\"aligncenter wp-image-35378 size-full\" src=\"https:\/\/dalatreview.vn\/wp-content\/uploads\/2024\/01\/z5073373041619_c4a41e122ba71bdd4fd406946ce18ba0.jpg\" alt=\"camping ch\u00e8o sup h\u1ed3 tuy\u1ec1n l\u00e2m\" width=\"2560\" height=\"1920\" srcset=\"https:\/\/dalatreview.vn\/wp-content\/uploads\/2024\/01\/z5073373041619_c4a41e122ba71bdd4fd406946ce18ba0.jpg 2560w, https:\/\/dalatreview.vn\/wp-content\/uploads\/2024\/01\/z5073373041619_c4a41e122ba71bdd4fd406946ce18ba0-600x450.jpg 600w\" sizes=\"(max-width: 2560px) 100vw, 2560px\" \/><\/p>\n<p>Tour camping k\u1ebft h\u1ee3p ch\u00e8o SUP t\u1ea1i H\u1ed3 Tuy\u1ec1n L\u00e2m s\u1ebd gi\u00fap b\u1ea1n kh\u00e1m ph\u00e1 tr\u1ecdn v\u1eb9n khung c\u1ea3nh thi\u00ean nhi\u00ean h\u00f9ng v\u0129 n\u00ean th\u01a1 h\u1eefu t\u00ecnh c\u1ee7a Khu du l\u1ecbch Qu\u1ed1c Gia H\u1ed3 Tuy\u1ec1n L\u00e2m.<\/p>\n<p><img decoding=\"async\" class=\"aligncenter wp-image-35383 size-full\" src=\"https:\/\/dalatreview.vn\/wp-content\/uploads\/2024\/01\/356882094_675543994601681_6862310778613790192_n.jpg\" alt=\"ch\u00e8o SUP ng\u1eafm h\u1ed3 tuy\u1ec1n l\u00e2m\" width=\"2048\" height=\"1536\" srcset=\"https:\/\/dalatreview.vn\/wp-content\/uploads\/2024\/01\/356882094_675543994601681_6862310778613790192_n.jpg 2048w, https:\/\/dalatreview.vn\/wp-content\/uploads\/2024\/01\/356882094_675543994601681_6862310778613790192_n-600x450.jpg 600w\" sizes=\"(max-width: 2048px) 100vw, 2048px\" \/><\/p>\n<p>N\u1ebfu c\u00f3 c\u01a1 h\u1ed9i, b\u1ea1n h\u00e3y th\u1eed m\u1ed9t m\u1ed9t l\u1ea7n d\u1ea1o b\u01b0\u1edbc h\u1ed3 Tuy\u1ec1n L\u00e2m m\u00e0 kh\u00f4ng ph\u1ea3i \u0111i b\u1ed9 nhen. Tr\u00ean chi\u1ebfc SUP bon bon \u1ea5y b\u1ea1n s\u1ebd th\u1ea5y H\u1ed3 Tuy\u1ec1n L\u00e2m c\u1ef1c k\u00ec \u0111\u1eb9p v\u00e0 khung c\u1ea3nh n\u01a1i \u0111\u00e2y s\u1ebd kh\u00f4ng l\u00e0m b\u1ea1n th\u1ea5t v\u1ecdng \u0111\u00e2u!<\/p>\n<h2 id=\"2-nhung-diem-dac-biet-cua-tour-cam-trai-cheo-sup-ho-tuyen-lam\"><span style=\"color: #003300;\"><strong>2. Nh\u1eefng \u0111i\u1ec3m \u0111\u1eb7c bi\u1ec7t c\u1ee7a Tour c\u1eafm tr\u1ea1i ch\u00e8o SUP H\u1ed3 Tuy\u1ec1n L\u00e2m\u00a0<\/strong><\/span><\/h2>\n<p>+ \u0110\u1ebfn v\u1edbi Tour c\u1eafm tr\u1ea1i ch\u00e8o SUP b\u1ea1n s\u1ebd t\u1ea1m g\u00e1c l\u1ea1i nh\u1eefng \u00e2u lo cu\u1ed9c s\u1ed1ng, h\u00f2a m\u00ecnh v\u00e0o b\u1ea7u kh\u00f4ng kh\u00ed thi\u00ean nhi\u00ean trong l\u00e0nh m\u00e0 n\u01a1i \u0111\u00e2y mang \u0111\u1ebfn.<\/p>\n<p>+ S\u1ebd c\u00f3 xe \u0111\u01b0a \u0111\u00f3n b\u1ea1n t\u1eeb \u0110\u00e0 L\u1ea1t \u0111\u1ebfn b\u1ebfn thuy\u1ec1n v\u00e0 nh\u1eefng b\u1ea1n h\u01b0\u1edbng d\u1eabn vi\u00ean si\u00eau nhi\u1ec7t t\u00ecnh s\u1ebd h\u1ed7 tr\u1ee3 ch\u1ee5p \u1ea3nh check in \u0111\u1ec3 b\u1ea1n c\u00f3 nh\u1eefng b\u1ee9c \u1ea3nh s\u1ed1ng \u1ea3o \u0111\u1ec3 \u0111\u1eddi.<\/p>\n<p>+ \u0110\u01b0\u1ee3c tr\u1ea3i nghi\u1ec7m ho\u1ea1t \u0111\u1ed9ng ch\u00e8o SUP gi\u00fap r\u00e8n luy\u1ec7n c\u01a1 th\u1ec3 d\u1ebbo dai h\u01a1n.<\/p>\n<p>+ \u0110\u01b0\u1ee3c h\u01b0\u1edbng d\u1eabn, t\u00ecm hi\u1ec3u v\u1ec1 c\u00e1c k\u1ef9 n\u0103ng ch\u00e8o SUP.<\/p>\n<p>+ Ngo\u00e0i tr\u1ea3i nghi\u1ec7m ch\u00e8o SUP, b\u1ea1n s\u1ebd c\u00f3 c\u00e1i th\u00eam c\u00e1i nh\u00ecn tr\u1ecdn v\u1eb9n v\u1ebb \u0111\u1eb9p thi\u00ean nhi\u00ean h\u00f9ng v\u0129 c\u1ee7a H\u1ed3 Tuy\u1ec1n L\u00e2m.<\/p>\n<p>+ T\u00ecm l\u1ea1i \u0111\u01b0\u1ee3c nh\u1eefng kho\u1ea3ng l\u1eb7ng b\u00ecnh y\u00ean trong t\u00e2m h\u1ed3n m\u00ecnh.<\/p>\n<p><img decoding=\"async\" class=\"size-full wp-image-35384 aligncenter\" src=\"https:\/\/dalatreview.vn\/wp-content\/uploads\/2024\/01\/Vuon-hoa-thanh-pho-da-lat-4-scaled.jpg\" alt=\"tour c\u1eafm tr\u1ea1i ch\u00e8o SUP H\u1ed2 TUY\u1ec0N L\u00c2M \" width=\"2560\" height=\"1920\" \/><\/p>\n<h2 id=\"3-lich-trinh-tour-cam-trai-cheo-sup-ho-tuyen-lam\"><span style=\"color: #003300;\"><strong>3. L\u1ecbch tr\u00ecnh Tour c\u1eafm tr\u1ea1i ch\u00e8o SUP H\u1ed3 Tuy\u1ec1n L\u00e2m\u00a0<\/strong><\/span><\/h2>\n<p>Ng\u00e0y 1: HDV h\u1eb9n b\u1ea1n, b\u1eaft \u0111\u1ea7u h\u00e0nh tr\u00ecnh\u00a0<\/p>\n<p>+15h00:\u00a0 Xe s\u1ebd \u0111\u00f3n b\u1ea1n t\u1ea1i \u0111\u1ecba \u0111i\u1ec3m \u0111\u00e3 h\u1eb9n v\u00e0 b\u1eaft \u0111\u1ea7u di chuy\u1ec3n \u0111\u1ebfn khu v\u1ef1c c\u1eafm tr\u1ea1i (g\u1ea7n KDL \u0110\u01b0\u1eddng H\u1ea7m \u0110\u1ea5t S\u00e9t).<\/p>\n<p>+ 15h30: T\u1edbi \u0111i\u1ec3m t\u1eadp k\u1ebft, HDV ph\u1ed5 bi\u1ec3n m\u1ed9t s\u1ed1 l\u01b0u \u00fd an to\u00e0n khi c\u1eafm tr\u1ea1i. Sau \u0111\u00f3 b\u1ea1n s\u1ebd \u0111\u01b0\u1ee3c cung c\u1ea5p thuy\u1ec1n SUP, tay ch\u00e8o, \u00e1o phao. V\u00e0 HDV s\u1ebd h\u01b0\u1edbng d\u1eabn b\u1ea1n c\u00e1ch ch\u00e8o, x\u1eed l\u00fd nh\u1eefng t\u00ecnh hu\u1ed1ng trong l\u00fac tr\u1ea3i nghi\u1ec7m ch\u00e8o SUP tr\u00ean h\u1ed3.<\/p>\n<p>+ 17h30: B\u1ea1n tr\u1edf l\u1ea1i khu v\u1ef1c b\u00e3i c\u1eafm tr\u1ea1i ngh\u1ec9 ng\u01a1i v\u00e0 c\u00f9ng nhau chu\u1ea9n b\u1ecb b\u1eefa t\u1ed1i.<\/p>\n<p>+ 18h00: B\u1eefa t\u1ed1i BBQ \u0111\u00e3 s\u1eb5n s\u00e0ng ch\u00fang ta c\u00f9ng nhau th\u01b0\u1edfng th\u1ee9c nh\u1eefng m\u00f3n \u0103n ngon b\u00ean \u00e1nh l\u1eeda tr\u1ea1i v\u00e0 s\u1ebb chia nh\u1eefng c\u00e2u chuy\u1ec7n.<\/p>\n<p>+ 19h00: Trong kh\u00f4ng gian c\u1ef1c chill v\u1edbi \u00e1nh than h\u1ed3ng khoai b\u1eafp n\u01b0\u1edbng c\u00f9ng thi\u00ean nhi\u00ean tho\u00e1ng \u0111o\u00e3ng \u0111\u1ec3 b\u1ea1n th\u1ea3 tr\u00f4i c\u1ea3m x\u00fac v\u00e0 g\u00e1c l\u1ea1i nh\u1eefng lo toan, b\u1ed9 b\u1ec1 h\u1eb1ng ng\u00e0y. C\u00f9ng k\u1ebft giao nh\u1eefng ng\u01b0\u1eddi b\u1ea1n m\u1edbi ho\u1eb7c gi\u1eef l\u1ea1i kh\u00f4ng gian ri\u00eang cho m\u00ecnh. B\u1ebfp than s\u1ebd \u0111\u01b0\u1ee3c th\u1eafp s\u00e1ng cho \u0111\u1ebfn khi th\u00e0nh vi\u00ean cu\u1ed1i c\u00f9ng v\u00e0o l\u1ec1u ngh\u1ec9 ng\u01a1i.<\/p>\n<p>Ng\u00e0y 2: \u0110\u00f3n b\u00ecnh minh tr\u00ean m\u1eb7t h\u1ed3\u00a0<\/p>\n<p>+ 5h00: B\u1ea1n th\u1ee9c d\u1eady \u0111\u00f3n \u00e1nh b\u00ecnh minh, th\u1ea3 \u00e1nh nh\u00ecn v\u1ec1 m\u1eb7t h\u1ed3 \u0111ang ph\u1ea3ng ph\u1ea5t m\u1ed9t l\u00e0n s\u01b0\u01a1ng m\u1ecfng, c\u1ea3m nh\u1eadn s\u1ef1 s\u1ed1ng \u0111\u1ed9ng c\u1ee7a thi\u00ean nhi\u00ean.<\/p>\n<p>+ 6h00: C\u00f9ng nhau th\u01b0\u1edfng th\u1ee9c t\u00e1ch cafe, tr\u00e0 actiso v\u1eeba m\u1edbi pha.<\/p>\n<p>+ 6h30: B\u1ea1n ti\u1ebfp t\u1ee5c tr\u1ea3i nghi\u1ec7m c\u1ea3m gi\u00e1c ch\u00e8o thuy\u1ec1n SUP tr\u00ean h\u1ed3 v\u00e0o bu\u1ed5i s\u00e1ng, khi m\u1eb7t h\u1ed3 v\u1eabn c\u00f2n \u0111\u1ecdng s\u01b0\u01a1ng.<\/p>\n<p>+7h00: Qu\u00fd kh\u00e1ch \u0103n s\u00e1ng nh\u1eb9 v\u1edbi m\u00ec ly.<\/p>\n<p>+8h00: K\u1ebft th\u00fac h\u00e0nh tr\u00ecnh<\/p>\n<p>+ HDV ch\u00e0o t\u1ea1m bi\u1ec7t v\u00e0 H\u1eb9n g\u1eb7p l\u1ea1i qu\u00fd kh\u00e1ch trong nh\u1eefng h\u00e0nh tr\u00ecnh ti\u1ebfp theo.<\/p>\n<p><img decoding=\"async\" class=\"aligncenter wp-image-35380 size-full\" src=\"https:\/\/dalatreview.vn\/wp-content\/uploads\/2024\/01\/z5073376743451_e7c7bcb148bb97b3aa2c28cd3c8b5554.jpg\" alt=\"l\u1ecbch tr\u00ecnh tour c\u1eafm tr\u1ea1i ch\u00e8o SUP h\u1ed3 tuy\u1ec1n l\u00e2m\" width=\"1414\" height=\"1878\" srcset=\"https:\/\/dalatreview.vn\/wp-content\/uploads\/2024\/01\/z5073376743451_e7c7bcb148bb97b3aa2c28cd3c8b5554.jpg 1414w, https:\/\/dalatreview.vn\/wp-content\/uploads\/2024\/01\/z5073376743451_e7c7bcb148bb97b3aa2c28cd3c8b5554-600x797.jpg 600w\" sizes=\"(max-width: 1414px) 100vw, 1414px\" \/><\/p>\n<h2 id=\"4-gia-tour-cam-trai-cheo-sup-ho-tuyen-lam\"><span style=\"color: #003300;\"><strong>4. Gi\u00e1 Tour C\u1eafm Tr\u1ea1i Ch\u00e8o SUP H\u1ed3 Tuy\u1ec1n L\u00e2m\u00a0<\/strong><\/span><\/h2>\n<p>+ Gi\u00e1 tour: 900.000\u0111\/kh\u00e1ch (Kh\u00f4ng bao g\u1ed3m xe \u0111\u01b0a \u0111\u00f3n)<\/p>\n<p>+ Gi\u00e1 tour: 1.050.000\u0111\/kh\u00e1ch (Bao g\u1ed3m xe \u0111\u01b0a \u0111\u00f3n)<\/p>\n<h2 id=\"5-gia-le-tour-cam-trai-cheo-sup-ho-tuyen-lam\"><span style=\"color: #003300;\"><strong>5. Gi\u00e1 L\u1ec5 Tour C\u1eafm Tr\u1ea1i Ch\u00e8o SUP H\u1ed3 Tuy\u1ec1n L\u00e2m\u00a0<\/strong><\/span><\/h2>\n<p><strong>L\u01b0u \u00fd:<\/strong> Tour c\u1eafm tr\u1ea1i ch\u00e8o SUP H\u1ed3 Tuy\u1ec1n L\u00e2m t\u0103ng 20% tr\u00ean gi\u00e1 ni\u00eam y\u1ebft v\u00e0o ng\u00e0y 30\/04 v\u00e0 01\/05<\/p>\n<p>+ Gi\u00e1 tour: 1.080.000\/kh\u00e1ch (Kh\u00f4ng bao g\u1ed3m xe \u0111\u01b0a \u0111\u00f3n)<\/p>\n<p>+ Gi\u00e1 tour: 1.260.000\u0111\/kh\u00e1ch (Bao g\u1ed3m xe \u0111\u01b0a \u0111\u00f3n)<\/p>\n<h2 id=\"6-lien-he\"><span style=\"color: #003300;\"><strong>6. Li\u00ean h\u1ec7\u00a0<\/strong><\/span><\/h2>\n<p>Hotline t\u01b0 v\u1ea5n: 0986 978 394<\/p>\n<p>Li\u00ean h\u1ec7 book tour: <a href=\"https:\/\/zalo.me\/dalatreview\" target=\"_blank\" rel=\"noopener\">\u0110\u00e0 L\u1ea1t Review T\u1ea5t T\u1ea7n T\u1eadt<\/a><\/p>\n<p>Xem th\u00eam b\u00e0i vi\u1ebft kh\u00e1c t\u1ea1i :\u00a0<a href=\"https:\/\/dalatreview.vn\/en\/tour\/\">\u0110\u00e0 L\u1ea1t Review<\/a><\/p>","protected":false},"excerpt":{"rendered":"<p>Danh m\u1ee5c ch\u00ednh Tour Camping Ch\u00e8o Sup H\u1ed3 Tuy\u1ec1n L\u00e2m \u0110\u00e0 L\u1ea1t 2024\u00a0 1. Gi\u1edbi thi\u1ec7u Tour c\u1eafm tr\u1ea1i ch\u00e8o SUP H\u1ed3 Tuy\u1ec1n L\u00e2m \u0110\u00e0 L\u1ea1t\u00a0 2. Nh\u1eefng \u0111i\u1ec3m \u0111\u1eb7c bi\u1ec7t c\u1ee7a Tour c\u1eafm tr\u1ea1i ch\u00e8o SUP H\u1ed3 Tuy\u1ec1n L\u00e2m\u00a0 3. L\u1ecbch tr\u00ecnh Tour c\u1eafm tr\u1ea1i ch\u00e8o SUP H\u1ed3 Tuy\u1ec1n L\u00e2m\u00a0 4. Gi\u00e1 Tour C\u1eafm [&hellip;]<\/p>","protected":false},"featured_media":35375,"comment_status":"open","ping_status":"closed","template":"","meta":{"_acf_changed":false,"rank_math_lock_modified_date":false},"product_cat":[28,2344],"product_tag":[],"acf":[],"_links":{"self":[{"href":"https:\/\/dalatreview.vn\/en\/wp-json\/wp\/v2\/product\/35394"}],"collection":[{"href":"https:\/\/dalatreview.vn\/en\/wp-json\/wp\/v2\/product"}],"about":[{"href":"https:\/\/dalatreview.vn\/en\/wp-json\/wp\/v2\/types\/product"}],"replies":[{"embeddable":true,"href":"https:\/\/dalatreview.vn\/en\/wp-json\/wp\/v2\/comments?post=35394"}],"wp:featuredmedia":[{"embeddable":true,"href":"https:\/\/dalatreview.vn\/en\/wp-json\/wp\/v2\/media\/35375"}],"wp:attachment":[{"href":"https:\/\/dalatreview.vn\/en\/wp-json\/wp\/v2\/media?parent=35394"}],"wp:term":[{"taxonomy":"product_cat","embeddable":true,"href":"https:\/\/dalatreview.vn\/en\/wp-json\/wp\/v2\/product_cat?post=35394"},{"taxonomy":"product_tag","embeddable":true,"href":"https:\/\/dalatreview.vn\/en\/wp-json\/wp\/v2\/product_tag?post=35394"}],"curies":[{"name":"wp","href":"https:\/\/api.w.org\/{rel}","templated":true}]}}