
{"id":35039,"date":"2023-03-11T09:31:41","date_gmt":"2023-03-11T02:31:41","guid":{"rendered":"https:\/\/dalatreview.vn\/?p=27200"},"modified":"2024-07-16T10:44:30","modified_gmt":"2024-07-16T03:44:30","slug":"cam-trai-san-may-2","status":"publish","type":"product","link":"https:\/\/dalatreview.vn\/en\/cam-trai-san-may-2.html","title":{"rendered":"Camping resort, hunting clouds, the chill of the same nature"},"content":{"rendered":"<div class=\"x11i5rnm xat24cr x1mh8g0r x1vvkbs xdj266r x126k92a\">\n<div dir=\"auto\">\n<nav class=\"vietrick-auto-toc\">\n<div class=\"box-title\">\n<h3 class=\"toc-title\" id=\"select-menu\">Danh m\u1ee5c ch\u00ednh<\/h3>\n<div><ion-icon name=\"chevron-up-outline\"><\/ion-icon><\/div>\n<\/div>\n<ul class=\"toc-list\"><\/ul>\n<li><a href='https:\/\/dalatreview.vn\/en#cam-trai-nghi-duong-san-may-chill-cung-thien-nhien' class='heading-h1 toc-link smooth-scroll'>C\u1eaeM TR\u1ea0I NGH\u1ec8 D\u01af\u1ee0NG, S\u0102N M\u00c2Y, CHILL C\u00d9NG THI\u00caN NHI\u00caN\u00a0<\/a>\n<ul>\n<li><a href='https:\/\/dalatreview.vn\/en#cam-trai-nghi-duong-san-may-chill-cung-thien-nhien' class='heading-h2 toc-link smooth-scroll'>C\u1eaeM TR\u1ea0I NGH\u1ec8 D\u01af\u1ee0NG, S\u0102N M\u00c2Y, CHILL C\u00d9NG THI\u00caN NHI\u00caN<\/a>\n<li><a href='https:\/\/dalatreview.vn\/en#cam-trai-nghi-duong-san-may-chill-cung-thien-nhien' class='heading-h2 toc-link smooth-scroll'>  C\u1eaeM TR\u1ea0I NGH\u1ec8 D\u01af\u1ee0NG, S\u0102N M\u00c2Y, CHILL C\u00d9NG THI\u00caN NHI\u00caN<\/a>\n<li><a href='https:\/\/dalatreview.vn\/en#cam-trai-nghi-duong-san-may-chill-cung-thien-nhien' class='heading-h2 toc-link smooth-scroll'>C\u1eaeM TR\u1ea0I NGH\u1ec8 D\u01af\u1ee0NG, S\u0102N M\u00c2Y, CHILL C\u00d9NG THI\u00caN NHI\u00caN<\/a>\n<li><a href='https:\/\/dalatreview.vn\/en#cam-trai-nghi-duong-san-may-chill-cung-thien-nhien' class='heading-h2 toc-link smooth-scroll'>C\u1eaeM TR\u1ea0I NGH\u1ec8 D\u01af\u1ee0NG, S\u0102N M\u00c2Y, CHILL C\u00d9NG THI\u00caN NHI\u00caN<\/a>\n<li><a href='https:\/\/dalatreview.vn\/en#cam-trai-nghi-duong-san-may-chill-cung-thien-nhien' class='heading-h2 toc-link smooth-scroll'>C\u1eaeM TR\u1ea0I NGH\u1ec8 D\u01af\u1ee0NG, S\u0102N M\u00c2Y, CHILL C\u00d9NG THI\u00caN NHI\u00caN<\/a><\/ul>\n<\/ul>\n<\/li>\n<\/ul>\n<\/nav>\n<h1 dir=\"auto\" style=\"text-align: center;\" id=\"cam-trai-nghi-duong-san-may-chill-cung-thien-nhien\"><strong><span style=\"color: #003300;\">C\u1eaeM TR\u1ea0I NGH\u1ec8 D\u01af\u1ee0NG, S\u0102N M\u00c2Y, CHILL C\u00d9NG THI\u00caN NHI\u00caN\u00a0<\/span><\/strong><\/h1>\n<h2 dir=\"auto\" id=\"cam-trai-nghi-duong-san-may-chill-cung-thien-nhien\"><span style=\"color: #003300; font-size: 20px;\"><strong>C\u1eaeM TR\u1ea0I NGH\u1ec8 D\u01af\u1ee0NG, S\u0102N M\u00c2Y, CHILL C\u00d9NG THI\u00caN NHI\u00caN<\/strong><\/span><\/h2>\n<p dir=\"auto\">\u0110\u00f3n ho\u00e0ng h\u00f4n, s\u1ed1ng ch\u1eadm v\u00e0 l\u1eafng nghe ti\u1ebfng th\u00f4ng reo ti\u1ebfng chim g\u1ecdi r\u00edu r\u00edt c\u1ea3 ng\u00e0y.<\/p>\n<p dir=\"auto\">N\u1ebfu m\u1ed9t ng\u00e0y n\u00e0o \u0111\u00f3 b\u1ea1n \u0111\u1eb7t ch\u00e2n t\u1edbi Dalat mu\u1ed1n tr\u1ea3i nghi\u1ec7m c\u1ea3m gi\u00e1c camping \u1edf m\u1ed9t n\u01a1i r\u1ea5t \u201c thi\u00ean nhi\u00ean\u201d c\u00e1ch trung t\u00e2m Dalat ch\u1ec9 t\u1ea7m 5-6km th\u00f4i.<\/p>\n<p dir=\"auto\">\u1ede \u0111\u00e2y m\u00ecnh \u0111\u01b0\u1ee3c h\u00f2a nh\u1eadp v\u1edbi thi\u00ean nhi\u00ean, t\u1ef1 do bay nh\u1ea3y. T\u1ef1 do h\u00e1t h\u00f2 m\u00e0 s\u1ebd kh\u00f4ng c\u00f3 m\u1ed9t ai c\u00f3 th\u1ec3 l\u00e0m phi\u1ec1n b\u1ea1n. Ch\u1ec9 c\u00f3 thi\u00ean nhi\u00ean, \u0111\u00e0n chim h\u00f3t , v\u00e0 b\u1ea1n th\u00f4i!<\/p>\n<\/div>\n<p dir=\"auto\">M\u1ed9t bu\u1ed5i t\u1ed1i th\u1eadt chill c\u00f2n g\u00ec b\u1eb1ng qu\u00e2y qu\u1ea7n b\u00ean b\u1ebfp l\u1eeda v\u00e0 n\u01b0\u1edbng BBQ c\u00f9ng h\u1ed9i b\u1ea1n th\u00e2n.<\/p>\n<div dir=\"auto\"><\/div>\n<div dir=\"auto\"><img decoding=\"async\" class=\"aligncenter wp-image-27201 size-full\" src=\"https:\/\/dalatreview.vn\/wp-content\/uploads\/2023\/03\/z4162160949335_d8e428e0be82ecfd17061dc64635f4bc-scaled-1.jpg\" alt=\"C\u1eafm tr\u1ea1i ngh\u1ec9 d\u01b0\u1ee1ng, s\u0103n m\u00e2y\" width=\"2560\" height=\"1920\" \/><\/div>\n<div dir=\"auto\"><\/div>\n<h2 dir=\"auto\" id=\"cam-trai-nghi-duong-san-may-chill-cung-thien-nhien\"><span class=\"x3nfvp2 x1j61x8r x1fcty0u xdj266r xhhsvwb xat24cr xgzva0m xxymvpz xlup9mm x1kky2od\"><img decoding=\"async\" src=\"https:\/\/static.xx.fbcdn.net\/images\/emoji.php\/v9\/t35\/1.5\/16\/1f3d5.png\" alt=\"\ud83c\udfd5\" width=\"16\" height=\"16\" \/><\/span> <span class=\"x3nfvp2 x1j61x8r x1fcty0u xdj266r xhhsvwb xat24cr xgzva0m xxymvpz xlup9mm x1kky2od\"><img decoding=\"async\" src=\"https:\/\/static.xx.fbcdn.net\/images\/emoji.php\/v9\/t35\/1.5\/16\/1f3d5.png\" alt=\"\ud83c\udfd5\" width=\"16\" height=\"16\" \/><\/span> <span style=\"color: #003300; font-size: 20px;\"><strong>C\u1eaeM TR\u1ea0I NGH\u1ec8 D\u01af\u1ee0NG, S\u0102N M\u00c2Y, CHILL C\u00d9NG THI\u00caN NHI\u00caN<\/strong><\/span><\/h2>\n<p dir=\"auto\"><strong>Chi ph\u00ed TR\u1eccN G\u00d3I bao g\u1ed3m:<\/strong><\/p>\n<p dir=\"auto\"><span class=\"x3nfvp2 x1j61x8r x1fcty0u xdj266r xhhsvwb xat24cr xgzva0m xxymvpz xlup9mm x1kky2od\"><img decoding=\"async\" src=\"https:\/\/static.xx.fbcdn.net\/images\/emoji.php\/v9\/t43\/1.5\/16\/1f332.png\" alt=\"\ud83c\udf32\" width=\"16\" height=\"16\" \/><\/span>Tr\u1ea3i nghi\u1ec7m ngh\u1ec9 d\u01b0\u1ee1ng t\u1ea1i l\u1ec1u<\/p>\n<p dir=\"auto\"><span class=\"x3nfvp2 x1j61x8r x1fcty0u xdj266r xhhsvwb xat24cr xgzva0m xxymvpz xlup9mm x1kky2od\"><img decoding=\"async\" src=\"https:\/\/static.xx.fbcdn.net\/images\/emoji.php\/v9\/t43\/1.5\/16\/1f332.png\" alt=\"\ud83c\udf32\" width=\"16\" height=\"16\" \/><\/span>WC t\u1ea1i khu camp<\/p>\n<p dir=\"auto\"><span class=\"x3nfvp2 x1j61x8r x1fcty0u xdj266r xhhsvwb xat24cr xgzva0m xxymvpz xlup9mm x1kky2od\"><img decoding=\"async\" src=\"https:\/\/static.xx.fbcdn.net\/images\/emoji.php\/v9\/t43\/1.5\/16\/1f332.png\" alt=\"\ud83c\udf32\" width=\"16\" height=\"16\" \/><\/span>B\u1eefa \u0103n s\u00e1ng \u0111\u01a1n gi\u1ea3n c\u00f9ng ng\u1ed3i nh\u00e2m nhi t\u00e1ch cafe s\u0103n m\u00e2y<\/p>\n<p dir=\"auto\"><span class=\"x3nfvp2 x1j61x8r x1fcty0u xdj266r xhhsvwb xat24cr xgzva0m xxymvpz xlup9mm x1kky2od\"><img decoding=\"async\" src=\"https:\/\/static.xx.fbcdn.net\/images\/emoji.php\/v9\/t43\/1.5\/16\/1f332.png\" alt=\"\ud83c\udf32\" width=\"16\" height=\"16\" \/><\/span>Ti\u1ec7c BBQ bu\u1ed5i t\u1ed1i v\u1edbi th\u1ef1c \u0111\u01a1n \u0111a d\u1ea1ng thay \u0111\u1ed5i theo ng\u00e0y<\/p>\n<p dir=\"auto\"><span class=\"x3nfvp2 x1j61x8r x1fcty0u xdj266r xhhsvwb xat24cr xgzva0m xxymvpz xlup9mm x1kky2od\"><img decoding=\"async\" src=\"https:\/\/static.xx.fbcdn.net\/images\/emoji.php\/v9\/t43\/1.5\/16\/1f332.png\" alt=\"\ud83c\udf32\" width=\"16\" height=\"16\" \/><\/span>M\u00e1ch nh\u1ecf v\u1edbi b\u1ea1n l\u00e0 \u1edf camp c\u00f2n c\u00f3 r\u01b0\u1ee3u c\u1ea7n d\u00e2n t\u1ed9c, v\u1eeba \u0103n BBQ v\u1eeba c\u00f3 r\u01b0\u1ee3u c\u1ea7n l\u1ea1i c\u00f3 \u0111\u1ed1t l\u1eefa tr\u1ea1i th\u00ec c\u00f2n g\u00ec b\u1eb1ng <span class=\"x3nfvp2 x1j61x8r x1fcty0u xdj266r xhhsvwb xat24cr xgzva0m xxymvpz xlup9mm x1kky2od\"><img decoding=\"async\" src=\"https:\/\/static.xx.fbcdn.net\/images\/emoji.php\/v9\/tda\/1.5\/16\/1f60c.png\" alt=\"\ud83d\ude0c\" width=\"16\" height=\"16\" \/><\/span><\/p>\n<p dir=\"auto\"><span class=\"x3nfvp2 x1j61x8r x1fcty0u xdj266r xhhsvwb xat24cr xgzva0m xxymvpz xlup9mm x1kky2od\"><img decoding=\"async\" src=\"https:\/\/static.xx.fbcdn.net\/images\/emoji.php\/v9\/t35\/1.5\/16\/1f3d5.png\" alt=\"\ud83c\udfd5\ufe0f\" width=\"16\" height=\"16\" \/><\/span>L\u01b0u \u00fd l\u01b0u \u00fd l\u00e0 camp ch\u1ec9 c\u00e1ch trung t\u00e2m 4km v\u00e0 \u0111\u01b0\u1eddng full nh\u1ef1a v\u00e0o t\u1eadn n\u01a1i <span class=\"x3nfvp2 x1j61x8r x1fcty0u xdj266r xhhsvwb xat24cr xgzva0m xxymvpz xlup9mm x1kky2od\"><img decoding=\"async\" src=\"https:\/\/static.xx.fbcdn.net\/images\/emoji.php\/v9\/tb0\/1.5\/16\/1f609.png\" alt=\"\ud83d\ude09\" width=\"16\" height=\"16\" \/><\/span><\/p>\n<p dir=\"auto\"><span class=\"x3nfvp2 x1j61x8r x1fcty0u xdj266r xhhsvwb xat24cr xgzva0m xxymvpz xlup9mm x1kky2od\"><img decoding=\"async\" src=\"https:\/\/static.xx.fbcdn.net\/images\/emoji.php\/v9\/te5\/1.5\/16\/1f389.png\" alt=\"\ud83c\udf89\" width=\"16\" height=\"16\" \/><\/span> \u0110\u1eb7c bi\u1ec7t khi l\u01b0u tr\u00fa c\u00f2n c\u00f3 g\u00f3i tr\u1ea3i nghi\u1ec7m leo n\u00fai c\u1ef1c k\u00ec h\u1ea5p d\u1eabn<\/p>\n<p dir=\"auto\">C\u00f2n ch\u1ea7n ch\u1edd g\u00ec m\u00e0 kh\u00f4ng mau nhanh tay l\u01b0u gi\u1eef nh\u1eefng k\u1ef7 ni\u1ec7m tuy\u1ec7t v\u1eddi\u00a0 <span class=\"x3nfvp2 x1j61x8r x1fcty0u xdj266r xhhsvwb xat24cr xgzva0m xxymvpz xlup9mm x1kky2od\"><img decoding=\"async\" src=\"https:\/\/static.xx.fbcdn.net\/images\/emoji.php\/v9\/t43\/1.5\/16\/1f970.png\" alt=\"\ud83e\udd70\" width=\"16\" height=\"16\" \/><\/span> <span class=\"x3nfvp2 x1j61x8r x1fcty0u xdj266r xhhsvwb xat24cr xgzva0m xxymvpz xlup9mm x1kky2od\"><img decoding=\"async\" src=\"https:\/\/static.xx.fbcdn.net\/images\/emoji.php\/v9\/t43\/1.5\/16\/1f970.png\" alt=\"\ud83e\udd70\" width=\"16\" height=\"16\" \/><\/span> <span class=\"x3nfvp2 x1j61x8r x1fcty0u xdj266r xhhsvwb xat24cr xgzva0m xxymvpz xlup9mm x1kky2od\"><img decoding=\"async\" src=\"https:\/\/static.xx.fbcdn.net\/images\/emoji.php\/v9\/t43\/1.5\/16\/1f970.png\" alt=\"\ud83e\udd70\" width=\"16\" height=\"16\" \/><\/span><\/p>\n<p dir=\"auto\"><img decoding=\"async\" class=\"aligncenter wp-image-27205 size-full\" src=\"https:\/\/dalatreview.vn\/wp-content\/uploads\/2023\/03\/z4162160976326_f114520709e547add3d12f3f65ad5adc-scaled-1.jpg\" alt=\"C\u1eafm tr\u1ea1i ngh\u1ec9 d\u01b0\u1ee1ng, s\u0103n m\u00e2y\" width=\"2560\" height=\"1920\" \/><\/p>\n<h2 dir=\"auto\" id=\"cam-trai-nghi-duong-san-may-chill-cung-thien-nhien\"><span style=\"color: #003300; font-size: 20px;\"><strong>C\u1eaeM TR\u1ea0I NGH\u1ec8 D\u01af\u1ee0NG, S\u0102N M\u00c2Y, CHILL C\u00d9NG THI\u00caN NHI\u00caN<\/strong><\/span><\/h2>\n<p dir=\"auto\"><strong>GI\u00c1 V\u00c9 C\u1eaeM TR\u1ea0I\u00a0<\/strong><\/p>\n<\/div>\n<p dir=\"auto\">* Ng\u01b0\u1eddi l\u1edbn: 400.000 VN\u0110\/ Ng\u01b0\u1eddi (Kh\u00f4ng k\u00e8m BBQ v\u00e0 \u0103n s\u00e1ng)<\/p>\n<p dir=\"auto\">* Combo: 750.000 VN\u0110\/ Ng\u01b0\u1eddi (G\u1ed3m BBQ t\u1ed1i v\u00e0 \u0103n s\u00e1ng)<\/p>\n<p dir=\"auto\">* Tr\u1ebb em d\u01b0\u1edbi 3T: mi\u1ec5n ph\u00ed<\/p>\n<p dir=\"auto\">* Tr\u1ebb em d\u01b0\u1edbi 12T: 50% gi\u00e1 v\u00e9<\/p>\n<p dir=\"auto\">* Tr\u1ebb t\u1eeb 13T: t\u00ednh ng\u01b0\u1eddi l\u1edbn<\/p>\n<p dir=\"auto\">* \u01afU \u0110\u00c3I cho nh\u00f3m t\u1eeb 4 ng\u01b0\u1eddi tr\u1edf l\u00ean T\u1eb6NG 1 ph\u1ea7n g\u00e0 n\u01b0\u1edbng c\u01a1m lam<\/p>\n<p dir=\"auto\"><img decoding=\"async\" class=\"aligncenter wp-image-27206 size-full\" src=\"https:\/\/dalatreview.vn\/wp-content\/uploads\/2023\/03\/z4162160986982_38388601cfa1c6f2d43550e740cb207f.jpg\" alt=\"C\u1eafm tr\u1ea1i ngh\u1ec9 d\u01b0\u1ee1ng, s\u0103n m\u00e2y\" width=\"1920\" height=\"2560\" \/><\/p>\n<h2 dir=\"auto\" id=\"cam-trai-nghi-duong-san-may-chill-cung-thien-nhien\"><span style=\"color: #003300; font-size: 20px;\"><strong>C\u1eaeM TR\u1ea0I NGH\u1ec8 D\u01af\u1ee0NG, S\u0102N M\u00c2Y, CHILL C\u00d9NG THI\u00caN NHI\u00caN<\/strong><\/span><\/h2>\n<p dir=\"auto\"><strong>2. D\u1ecaCH V\u1ee4 <\/strong><\/p>\n<p dir=\"auto\">* Trang b\u1ecb \u0111\u1ea7y \u0111\u1ee7 ch\u0103n g\u1ed1i n\u1ec7m \u00eam, c\u00e1c v\u1eadt d\u1ee5ng c\u01a1 b\u1ea3n (kh\u0103n, b\u00e0n ch\u1ea3i, kem \u0111\u00e1nh r\u0103ng, l\u01b0\u1ee3c, \u2026)<\/p>\n<p dir=\"auto\">* C\u00f3 \u1ed5 c\u1eafm \u0111i\u1ec7n \u0111\u1ec3 s\u1ea1c \u0111i\u1ec7n tho\u1ea1i v\u00e0 n\u01b0\u1edbc su\u1ed1i mi\u1ec5n ph\u00ed<\/p>\n<p dir=\"auto\">* C\u00f3 WC v\u00e0 nh\u00e0 t\u1eafm t\u1ea1i khu sinh ho\u1ea1t chung<\/p>\n<p dir=\"auto\">* C\u00e1ch trung t\u00e2m 4km &#8211; \u0111\u00e8n + \u0111\u01b0\u1eddng b\u00ea t\u00f4ng t\u1eadn n\u01a1i<\/p>\n<p dir=\"auto\">* C\u00f3 b\u00e3i \u0111\u1ed7 xe \u00f4 t\u00f4 + cho thu\u00ea xe m\u00e1y<\/p>\n<p dir=\"auto\">* Th\u1ef1c \u0111\u01a1n \u0111a d\u1ea1ng thay \u0111\u1ed5i theo ng\u00e0y<\/p>\n<p dir=\"auto\">* C\u00f3 b\u00e1n r\u01b0\u1ee3u c\u1ea7n D\u00e2n T\u1ed9c<\/p>\n<p dir=\"auto\">* C\u00f3 g\u00f3i tr\u1ea3i nghi\u1ec7m leo n\u00fai<\/p>\n<p dir=\"auto\"><img decoding=\"async\" class=\"aligncenter wp-image-27211 size-full\" src=\"https:\/\/dalatreview.vn\/wp-content\/uploads\/2023\/03\/bbq.jpg\" alt=\"C\u1eaeM TR\u1ea0I NGH\u1ec8 D\u01af\u1ee0NG, S\u0102N M\u00c2Y\" width=\"2048\" height=\"1536\" \/><\/p>\n<h2 dir=\"auto\" id=\"cam-trai-nghi-duong-san-may-chill-cung-thien-nhien\"><span style=\"color: #003300; font-size: 20px;\"><strong>C\u1eaeM TR\u1ea0I NGH\u1ec8 D\u01af\u1ee0NG, S\u0102N M\u00c2Y, CHILL C\u00d9NG THI\u00caN NHI\u00caN<\/strong><\/span><\/h2>\n<p dir=\"auto\"><strong>3. CH\u01af\u01a0NG TR\u00ccNH H\u00c0NG NG\u00c0Y <\/strong><\/p>\n<p dir=\"auto\">* 14H: Check in<\/p>\n<p dir=\"auto\">* 18H30: \u0102n t\u1ed1i + \u0110\u1ed1t l\u1eeda tr\u1ea1i<\/p>\n<p dir=\"auto\">* 6H S\u00e1ng h\u00f4m sau: \u0102n s\u00e1ng, \u0111\u00f3n b\u00ecnh minh<\/p>\n<p dir=\"auto\">* 10H: Check out<\/p>\n<div class=\"x11i5rnm xat24cr x1mh8g0r x1vvkbs xtlvy1s x126k92a\">\n<p dir=\"auto\">========== <span class=\"x3nfvp2 x1j61x8r x1fcty0u xdj266r xhhsvwb xat24cr xgzva0m xxymvpz xlup9mm x1kky2od\"><img decoding=\"async\" src=\"https:\/\/static.xx.fbcdn.net\/images\/emoji.php\/v9\/t43\/1.5\/16\/1f332.png\" alt=\"\ud83c\udf32\" width=\"16\" height=\"16\" \/><\/span> <span class=\"x3nfvp2 x1j61x8r x1fcty0u xdj266r xhhsvwb xat24cr xgzva0m xxymvpz xlup9mm x1kky2od\"><img decoding=\"async\" src=\"https:\/\/static.xx.fbcdn.net\/images\/emoji.php\/v9\/t72\/1.5\/16\/2763.png\" alt=\"\u2763\" width=\"16\" height=\"16\" \/><\/span> <span class=\"x3nfvp2 x1j61x8r x1fcty0u xdj266r xhhsvwb xat24cr xgzva0m xxymvpz xlup9mm x1kky2od\"><img decoding=\"async\" src=\"https:\/\/static.xx.fbcdn.net\/images\/emoji.php\/v9\/t43\/1.5\/16\/1f332.png\" alt=\"\ud83c\udf32\" width=\"16\" height=\"16\" \/><\/span>==========<\/p>\n<p dir=\"auto\"><span class=\"x3nfvp2 x1j61x8r x1fcty0u xdj266r xhhsvwb xat24cr xgzva0m xxymvpz xlup9mm x1kky2od\"><img decoding=\"async\" src=\"https:\/\/static.xx.fbcdn.net\/images\/emoji.php\/v9\/ta9\/1.5\/16\/260e.png\" alt=\"\u260e\ufe0f\" width=\"16\" height=\"16\" \/><\/span> Hotline: 0968.249.297<\/p>\n<p dir=\"auto\"><a title=\"Li\u00ean h\u1ec7 t\u01b0 v\u1ea5n ngay\" href=\"https:\/\/zalo.me\/0968249297\" target=\"_blank\" rel=\"noopener\">Li\u00ean h\u1ec7 t\u01b0 v\u1ea5n ngay<\/a><\/p>\n<p dir=\"auto\">Fanpage: <a title=\"Camping Art \u0110\u00e0 L\u1ea1t\" href=\"https:\/\/www.facebook.com\/CampingArtDaLat\" target=\"_blank\" rel=\"noopener\">Camping Art \u0110\u00e0 L\u1ea1t<\/a><\/p>\n<\/div>","protected":false},"excerpt":{"rendered":"<p>Danh m\u1ee5c ch\u00ednh C\u1eaeM TR\u1ea0I NGH\u1ec8 D\u01af\u1ee0NG, S\u0102N M\u00c2Y, CHILL C\u00d9NG THI\u00caN NHI\u00caN\u00a0 C\u1eaeM TR\u1ea0I NGH\u1ec8 D\u01af\u1ee0NG, S\u0102N M\u00c2Y, CHILL C\u00d9NG THI\u00caN NHI\u00caN C\u1eaeM TR\u1ea0I NGH\u1ec8 D\u01af\u1ee0NG, S\u0102N M\u00c2Y, CHILL C\u00d9NG THI\u00caN NHI\u00caN C\u1eaeM TR\u1ea0I NGH\u1ec8 D\u01af\u1ee0NG, S\u0102N M\u00c2Y, CHILL C\u00d9NG THI\u00caN NHI\u00caN C\u1eaeM TR\u1ea0I NGH\u1ec8 D\u01af\u1ee0NG, S\u0102N M\u00c2Y, CHILL C\u00d9NG THI\u00caN NHI\u00caN C\u1eaeM TR\u1ea0I [&hellip;]<\/p>","protected":false},"featured_media":27210,"comment_status":"open","ping_status":"closed","template":"","meta":{"_acf_changed":false,"rank_math_lock_modified_date":false},"product_cat":[28,26,27],"product_tag":[],"acf":[],"_links":{"self":[{"href":"https:\/\/dalatreview.vn\/en\/wp-json\/wp\/v2\/product\/35039"}],"collection":[{"href":"https:\/\/dalatreview.vn\/en\/wp-json\/wp\/v2\/product"}],"about":[{"href":"https:\/\/dalatreview.vn\/en\/wp-json\/wp\/v2\/types\/product"}],"replies":[{"embeddable":true,"href":"https:\/\/dalatreview.vn\/en\/wp-json\/wp\/v2\/comments?post=35039"}],"wp:featuredmedia":[{"embeddable":true,"href":"https:\/\/dalatreview.vn\/en\/wp-json\/wp\/v2\/media\/27210"}],"wp:attachment":[{"href":"https:\/\/dalatreview.vn\/en\/wp-json\/wp\/v2\/media?parent=35039"}],"wp:term":[{"taxonomy":"product_cat","embeddable":true,"href":"https:\/\/dalatreview.vn\/en\/wp-json\/wp\/v2\/product_cat?post=35039"},{"taxonomy":"product_tag","embeddable":true,"href":"https:\/\/dalatreview.vn\/en\/wp-json\/wp\/v2\/product_tag?post=35039"}],"curies":[{"name":"wp","href":"https:\/\/api.w.org\/{rel}","templated":true}]}}