
{"id":35038,"date":"2022-08-24T15:49:13","date_gmt":"2022-08-24T08:49:13","guid":{"rendered":"https:\/\/dalatreview.vn\/?p=21604"},"modified":"2024-07-11T10:29:23","modified_gmt":"2024-07-11T03:29:23","slug":"villa-an-son-da-lat-6-phong-2","status":"publish","type":"product","link":"https:\/\/dalatreview.vn\/en\/villa-an-son-da-lat-6-phong-2.html","title":{"rendered":"Villa An S\u01a1n \u0110\u00e0 L\u1ea1t 6 ph\u00f2ng"},"content":{"rendered":"<p>B\u1ea1n \u0111\u00e3 c\u00f3 k\u1ebf ho\u1ea1ch \u0111i \u0110\u00e0 L\u1ea1t \ud83d\udc49 h\u00e3y t\u1edbi The Hill Villa An S\u01a1n \u0111\u1ec3 th\u01b0 gi\u00e3n, t\u1eadn h\u01b0\u1edfng c\u1ea3m gi\u00e1c m\u1edbi l\u1ea1.<\/p>\n<p>Villa n\u1eb1m trong khu bi\u1ec7t l\u1eadp v\u1edbi di\u1ec7n t\u00edch khu\u00f4ng vi\u00ean h\u01a1n 400m2, ti\u00eau chu\u1ea9n cao c\u1ea5p gi\u1eefa l\u00f2ng \u0110\u00e0 L\u1ea1t<\/p>\n<p><img decoding=\"async\" class=\"alignnone wp-image-21618 size-full\" src=\"https:\/\/dalatreview.vn\/wp-content\/uploads\/2022\/08\/san-3-scaled-1.jpg\" alt=\"\" width=\"2560\" height=\"1920\"><\/p>\n<p>&nbsp;<\/p>\n<p>C\u01a1 c\u1ea5u nguy\u00ean c\u0103n: 06 ph\u00f2ng (15-20 kh\u00e1ch): 4 \u0111\u01a1n, 2 \u0111\u00f4i, c\u00f3 n\u1ec7m d\u1ef1 ph\u00f2ng, 7WC ri\u00eang bi\u1ec7t<\/p>\n<p><img decoding=\"async\" class=\"alignnone wp-image-21616 size-full\" src=\"https:\/\/dalatreview.vn\/wp-content\/uploads\/2022\/08\/pngu-3-scaled-1.jpg\" alt=\"\" width=\"2560\" height=\"1920\"><\/p>\n<p>\ud83d\udc49Ch\u00eca kho\u00e1 trao tay, ri\u00eang t\u01b0 tuy\u1ec7t \u0111\u1ed1i, n\u1ed9i th\u1ea5t sang tr\u1ecdng, view nh\u00e0 l\u1ed3ng<\/p>\n<p><img decoding=\"async\" class=\"alignnone wp-image-21612 size-full\" src=\"https:\/\/dalatreview.vn\/wp-content\/uploads\/2022\/08\/73a42de1d8221d7c4433.jpg\" alt=\"\" width=\"2048\" height=\"1197\"><\/p>\n<p>\ud83d\udc49 Xung quanh: g\u1ea7n Dinh 3, H\u1ed3 Tuy\u1ec1n l\u00e2m, qu\u00e1n \u0103n An S\u01a1n H\u1ed3, The Lap coffee\u2026 c\u00e1c v\u01b0\u1eddn d\u00e2u, tham quan h\u00e1i d\u00e2u t\u1ea1i v\u01b0\u1eddn.<\/p>\n<p>\ud83d\udc49Khu v\u1ef1c BBQ v\u00f4 c\u00f9ng chill, nh\u00e0 b\u1ebfp \u0111\u1ee7 ti\u1ec7n nghi n\u1ea5u c\u00e1c b\u1eefa \u0103n gia \u0111\u00ecnh, ph\u00f2ng vui ch\u01a1i gi\u1ea3i tr\u00ed v\u00e0 karaoke tho\u1ea3 th\u00edch.<\/p>\n<p><img decoding=\"async\" class=\"alignnone wp-image-21617 size-full\" src=\"https:\/\/dalatreview.vn\/wp-content\/uploads\/2022\/08\/kgshc-1-scaled-1.jpg\" alt=\"\" width=\"2560\" height=\"1920\"><\/p>\n<p>\ud83d\udc49 S\u00e2n v\u01b0\u1eddn \u0111\u01b0\u1ee3c tr\u1ed3ng nhi\u1ec1u lo\u1ea1i hoa kh\u00e1c nhau, sinh \u0111\u1ed9ng t\u1ea1o n\u00ean m\u1ed9t kh\u00f4ng gian c\u1ef1c k\u00ec n\u00ean th\u01a1.<\/p>\n<p>\ud83c\udfd8 C\u00e1ch ch\u1ee3 \u0110\u00e0 L\u1ea1t: 3 ph\u00fat xe m\u00e1y<\/p>\n<p>\ud83d\ude98 S\u00e2n \u0111\u1eadu 02-03 \u00f4t\u00f4 tho\u1ea3i m\u00e1i, an ninh.<\/p>\n<p>\ud83d\udc49 \u0110\u1ebfn v\u1edbi villa b\u1ea1n s\u1ebd \u0111\u01b0\u1ee3c tr\u1ea3i nghi\u1ec7m m\u1ed9t kh\u00f4ng gian y\u00ean t\u0129nh, hi\u1ec7n \u0111\u1ea1i nh\u01b0ng c\u0169ng tr\u00e0n \u0111\u1ea7y \u1ea5m \u00e1p.<\/p>\n<p><strong>\u0110\u1ecba ch\u1ec9:<\/strong> Khu bi\u1ec7t th\u01b0 \u0111\u1ed3i An S\u01a1n, p4, \u0110\u00e0 L\u1ea1t<\/p>\n<p><strong>Hotline \u0111\u1eb7t ph\u00f2ng:<\/strong> 0968 249 297<\/p>","protected":false},"excerpt":{"rendered":"<p>B\u1ea1n \u0111\u00e3 c\u00f3 k\u1ebf ho\u1ea1ch \u0111i \u0110\u00e0 L\u1ea1t \ud83d\udc49 h\u00e3y t\u1edbi The Hill Villa An S\u01a1n \u0111\u1ec3 th\u01b0 gi\u00e3n, t\u1eadn h\u01b0\u1edfng c\u1ea3m gi\u00e1c m\u1edbi l\u1ea1. Villa n\u1eb1m trong khu bi\u1ec7t l\u1eadp v\u1edbi di\u1ec7n t\u00edch khu\u00f4ng vi\u00ean h\u01a1n 400m2, ti\u00eau chu\u1ea9n cao c\u1ea5p gi\u1eefa l\u00f2ng \u0110\u00e0 L\u1ea1t &nbsp; C\u01a1 c\u1ea5u nguy\u00ean c\u0103n: 06 ph\u00f2ng (15-20 kh\u00e1ch): [&hellip;]<\/p>","protected":false},"featured_media":21606,"comment_status":"open","ping_status":"closed","template":"","meta":{"_acf_changed":false,"rank_math_lock_modified_date":false},"product_cat":[29,2262,45],"product_tag":[],"acf":[],"_links":{"self":[{"href":"https:\/\/dalatreview.vn\/en\/wp-json\/wp\/v2\/product\/35038"}],"collection":[{"href":"https:\/\/dalatreview.vn\/en\/wp-json\/wp\/v2\/product"}],"about":[{"href":"https:\/\/dalatreview.vn\/en\/wp-json\/wp\/v2\/types\/product"}],"replies":[{"embeddable":true,"href":"https:\/\/dalatreview.vn\/en\/wp-json\/wp\/v2\/comments?post=35038"}],"wp:featuredmedia":[{"embeddable":true,"href":"https:\/\/dalatreview.vn\/en\/wp-json\/wp\/v2\/media\/21606"}],"wp:attachment":[{"href":"https:\/\/dalatreview.vn\/en\/wp-json\/wp\/v2\/media?parent=35038"}],"wp:term":[{"taxonomy":"product_cat","embeddable":true,"href":"https:\/\/dalatreview.vn\/en\/wp-json\/wp\/v2\/product_cat?post=35038"},{"taxonomy":"product_tag","embeddable":true,"href":"https:\/\/dalatreview.vn\/en\/wp-json\/wp\/v2\/product_tag?post=35038"}],"curies":[{"name":"wp","href":"https:\/\/api.w.org\/{rel}","templated":true}]}}