
{"id":35037,"date":"2022-03-08T19:29:41","date_gmt":"2022-03-08T12:29:41","guid":{"rendered":"https:\/\/dalatreview.vn\/?p=17268"},"modified":"2024-05-30T07:51:04","modified_gmt":"2024-05-30T07:51:04","slug":"villa-mini-da-lat-dong-tam-2-phong-2","status":"publish","type":"product","link":"https:\/\/dalatreview.vn\/en\/villa-mini-da-lat-dong-tam-2-phong-2.html","title":{"rendered":"Villa Mini \u0110\u00e0 L\u1ea1t \u0110\u1ed3ng T\u00e2m 2 Ph\u00f2ng"},"content":{"rendered":"<nav class=\"vietrick-auto-toc\">\n<div class=\"box-title\">\n<h3 class=\"toc-title\" id=\"select-menu\">Danh m\u1ee5c ch\u00ednh<\/h3>\n<div><ion-icon name=\"chevron-up-outline\"><\/ion-icon><\/div>\n<\/div>\n<ul class=\"toc-list\">\n<li><a href='https:\/\/dalatreview.vn\/en#villa-mini-da-lat-dong-tam-2-phong' class='heading-h2 toc-link smooth-scroll'>Villa Mini \u0110\u00e0 L\u1ea1t \u0110\u1ed3ng T\u00e2m 2 Ph\u00f2ng<\/a>\n<li><a href='https:\/\/dalatreview.vn\/en#1-vi-tri' class='heading-h2 toc-link smooth-scroll'>1. V\u1ecb tr\u00ed<\/a>\n<li><a href='https:\/\/dalatreview.vn\/en#2-decor' class='heading-h2 toc-link smooth-scroll'>2. Decor<\/a>\n<li><a href='https:\/\/dalatreview.vn\/en#3-dich-vu-tien-nghi' class='heading-h2 toc-link smooth-scroll'>3. D\u1ecbch v\u1ee5 &amp; Ti\u1ec7n nghi<\/a>\n<li><a href='https:\/\/dalatreview.vn\/en#4-gia-phong' class='heading-h2 toc-link smooth-scroll'>4.\u00a0Gi\u00e1 ph\u00f2ng<\/a>\n<li><a href='https:\/\/dalatreview.vn\/en#5-lien-he' class='heading-h2 toc-link smooth-scroll'>5. Li\u00ean h\u1ec7<\/a><\/ul>\n<\/ul>\n<\/li>\n<\/ul>\n<\/nav>\n<h2 style=\"text-align: center;\" id=\"villa-mini-da-lat-dong-tam-2-phong\"><span style=\"color: #008000;\">Villa Mini \u0110\u00e0 L\u1ea1t \u0110\u1ed3ng T\u00e2m 2 Ph\u00f2ng<\/span><\/h2>\n<h2 id=\"1-vi-tri\"><span style=\"color: #008000;\"><strong>1. V\u1ecb tr\u00ed<\/strong><\/span><\/h2>\n<p>Villa mini \u0110\u00e0 L\u1ea1t \u0110\u1ed3ng T\u00e2m 2 ph\u00f2ng ch\u1ec9 c\u00e1ch ch\u1ee3 5 ph\u00fat ch\u1ea1y xe, t\u1ecda l\u1ea1c ngay v\u1ecb tr\u00ed trung t\u00e2m ph\u01b0\u1eddng 4 \u2013 TP \u0110\u00e0 L\u1ea1t. D\u1ec5 d\u00e0ng cho vi\u1ec7c di chuy\u1ec3n t\u1edbi c\u00e1c \u0111\u1ecba \u0111i\u1ec3m \u0103n u\u1ed1ng, mua s\u1eafm v\u00e0 vui ch\u01a1i trong TP.<\/p>\n<p>C\u00f3 m\u00f4i tr\u01b0\u1eddng trong l\u00e0nh, an ninh t\u1ed1t, con ng\u01b0\u1eddi d\u1ec5 g\u1ea7n d\u1ec5 m\u1ebfn.<\/p>\n<p>Ngo\u00e0i ra, n\u01a1i \u0111\u00e2y c\u00f2n\u00a0g\u1eafn li\u1ec1n v\u1edbi \u0111\u1ecba danh n\u1ed5i ti\u1ebfng c\u1ee7a x\u1ee9 s\u1edf s\u01b0\u01a1ng m\u00f9 ch\u00ednh l\u00e0 H\u1ed3 Tuy\u1ec1n L\u00e2m hay c\u00f2n d\u01b0\u1ee3c g\u1ecdi l\u00e0 l\u00e1 ph\u1ed5i xanh c\u1ee7a \u0110\u00e0 L\u1ea1t.<\/p>\n<p><img decoding=\"async\" class=\"aligncenter wp-image-17281 size-full\" src=\"https:\/\/dalatreview.vn\/wp-content\/uploads\/2022\/03\/villa-mini-2p-dong-tam-1-e1646742858220.jpg\" alt=\"villa mini 2p dong tam\" width=\"643\" height=\"580\" \/><\/p>\n<h2 id=\"2-decor\"><span style=\"color: #008000;\">2. Decor<\/span><\/h2>\n<p>Villa \u0111\u01b0\u1ee3c x\u00e2y d\u1ef1ng theo phong c\u00e1ch hi\u1ec7n \u0111\u1ea1i, c\u00f3 thi\u1ebft k\u1ebf kh\u00f4ng gian m\u1edf c\u1eeda k\u00ednh \u0111\u00f3n \u00e1nh s\u00e1ng t\u1ef1 nhi\u00ean gi\u00fap c\u0103n nh\u00e0 tr\u1edf n\u00ean \u1ea5m \u00e1p v\u00e0 trong l\u00e0nh h\u01a1n.<\/p>\n<p>Nh\u00e0 \u0111\u01b0\u1ee3c trang b\u1ecb n\u1ed9i th\u1ea5t \u0111\u1ea7y \u0111\u1ee7 ti\u1ec7n nghi t\u1eeb ph\u00f2ng kh\u00e1ch \u0111\u1ebfn ph\u00f2ng ng\u1ee7, \u0111\u00e1p \u1ee9ng \u0111\u01b0\u1ee3c m\u1ecdi nhu c\u1ea7u c\u1ee7a b\u1ea1n.<\/p>\n<p>C\u00f3 kh\u00f4ng gian sinh ho\u1ea1t chung v\u00e0 ri\u00eang t\u01b0 d\u00e0nh cho m\u1ecdi ng\u01b0\u1eddi. S\u00e2n v\u01b0\u1eddn kh\u00e1 r\u1ed9ng, h\u00f2a m\u00ecnh v\u1edbi thi\u00ean nhi\u00ean t\u01b0\u01a1i m\u00e1t xua tan m\u1ecdi m\u1ec7t m\u1ecfi, \u01b0u phi\u1ec1n trong cu\u1ed9c s\u1ed1ng h\u1eb1ng ng\u00e0y c\u1ee7a b\u1ea1n.<\/p>\n<p>H\u1ee9a h\u1eb9n \u0111\u00e2y s\u1ebd l\u00e0 \u0111i\u1ec3m d\u1eebng ch\u00e2n tuy\u1ec7t v\u1eddi cho b\u1ea1n khi \u0111\u1ebfn \u0110\u00e0 L\u1ea1t \u0111\u1ec3 ngh\u1ec9 d\u01b0\u1ee1ng \u0111\u1ea5y nh\u00e9 !<\/p>\n<p><img decoding=\"async\" class=\"aligncenter wp-image-17282 size-full\" src=\"https:\/\/dalatreview.vn\/wp-content\/uploads\/2022\/03\/villa-mini-2p-dong-tam.jpg\" alt=\"villa mini 2p dong tam\" width=\"1200\" height=\"900\" \/><\/p>\n<h2 id=\"3-dich-vu-tien-nghi\"><span style=\"color: #008000;\"><strong>3. D\u1ecbch v\u1ee5 &amp; Ti\u1ec7n nghi<\/strong><\/span><\/h2>\n<div class=\"pt-2\">\n<p>G\u1ed3m 2 ph\u00f2ng ng\u1ee7 sang tr\u1ecdng kh\u00e9p k\u00edn:<br \/>\n2 ph\u00f2ng 1 gi\u01b0\u1eddng 2\u00a0ng\u01b0\u1eddi<\/p>\n<p>S\u1ee9c ch\u1ee9a 12-14 kh\u00e1ch. Nh\u00e0 t\u1eafm c\u00f3 n\u00f3ng l\u1ea1nh, wc v\u00e0 \u0111\u1ea7y \u0111\u1ee7 \u0111\u1ed3 d\u00f9ng c\u00e1 nh\u00e2n c\u1ea7n thi\u1ebft.<\/p>\n<p>&#8212;&#8212;&#8212;&#8212;&#8212;&#8212;&#8212;&#8212;&#8212;&#8212;&#8212;&#8212;&#8212;&#8212;&#8212;&#8212;&#8212;&#8212;&#8211;<\/p>\n<p>&#8211; \u0110\u1ea7y \u0111\u1ee7 ti\u1ec7n nghi nh\u01b0 \u1edf nh\u00e0. Ph\u00f2ng kh\u00e1ch r\u1ed9ng, c\u00f3 tivi v\u00e0 d\u1ecbch v\u1ee5 internet,..<\/p>\n<p>&#8211; C\u00f3 di\u1ec7n t\u00edch \u0111\u1ec3 n\u01b0\u1edbng BBQ ngo\u00e0i tr\u1eddi.<\/p>\n<p>&#8211; C\u00f3 ch\u1ed7 \u0111\u1eadu xe m\u00e1y, xe h\u01a1i an to\u00e0n mi\u1ec5n ph\u00ed.<\/p>\n<p>&#8211; Y\u00ean t\u0129nh, an ninh 24\/24, s\u1ea1ch s\u1ebd, tho\u00e1ng m\u00e1t, view thi\u00ean nhi\u00ean si\u00eau \u0111\u1eb9p.<\/p>\n<p>&#8211; B\u1ebfp t\u1ef1 do n\u1ea5u n\u01b0\u1edbng \u0111\u1ea7y \u0111\u1ee7 d\u1ee5ng c\u1ee5 v\u00e0 gia v\u1ecb \u0111\u1ec3 ch\u1ebf bi\u1ebfn c\u00e1c m\u00f3n \u0103n theo s\u1edf th\u00edch.<\/p>\n<p>&#8211; Ch\u00eca kho\u00e1 trao tay tha h\u1ed3 ri\u00eang t\u01b0.<\/p>\n<p><img decoding=\"async\" class=\"aligncenter wp-image-17283 size-full\" src=\"https:\/\/dalatreview.vn\/wp-content\/uploads\/2022\/03\/villa-mini-2p-dong-tam-10.jpg\" alt=\"villa mini 2p dong tam\" width=\"1200\" height=\"900\" \/><\/p>\n<\/div>\n<h2 id=\"4-gia-phong\"><span style=\"color: #008000;\">4.\u00a0Gi\u00e1 ph\u00f2ng<\/span><\/h2>\n<p>Li\u00ean h\u1ec7 \u0111\u1ec3 \u0111\u01b0\u1ee3c \u0110\u00e0 L\u1ea1t Review t\u01b0 v\u1ea5n.<\/p>\n<h2 id=\"5-lien-he\"><span style=\"color: #008000;\">5. Li\u00ean h\u1ec7<\/span><\/h2>\n<p>Fanpage:\u00a0<a href=\"https:\/\/www.facebook.com\/booking.dalatreview.vn\/\">Booking \u0110\u00e0 L\u1ea1t \u2013 www.dalatreview.vn<\/a><\/p>\n<p>S\u0110T\/Zalo: 0988 249 297<\/p>","protected":false},"excerpt":{"rendered":"<p>Danh m\u1ee5c ch\u00ednh Villa Mini \u0110\u00e0 L\u1ea1t \u0110\u1ed3ng T\u00e2m 2 Ph\u00f2ng 1. V\u1ecb tr\u00ed 2. Decor 3. D\u1ecbch v\u1ee5 &amp; Ti\u1ec7n nghi 4.\u00a0Gi\u00e1 ph\u00f2ng 5. Li\u00ean h\u1ec7 Villa Mini \u0110\u00e0 L\u1ea1t \u0110\u1ed3ng T\u00e2m 2 Ph\u00f2ng 1. V\u1ecb tr\u00ed Villa mini \u0110\u00e0 L\u1ea1t \u0110\u1ed3ng T\u00e2m 2 ph\u00f2ng ch\u1ec9 c\u00e1ch ch\u1ee3 5 ph\u00fat ch\u1ea1y xe, t\u1ecda l\u1ea1c [&hellip;]<\/p>","protected":false},"featured_media":17280,"comment_status":"open","ping_status":"closed","template":"","meta":{"_acf_changed":false,"rank_math_lock_modified_date":false},"product_cat":[29,45],"product_tag":[],"acf":[],"_links":{"self":[{"href":"https:\/\/dalatreview.vn\/en\/wp-json\/wp\/v2\/product\/35037"}],"collection":[{"href":"https:\/\/dalatreview.vn\/en\/wp-json\/wp\/v2\/product"}],"about":[{"href":"https:\/\/dalatreview.vn\/en\/wp-json\/wp\/v2\/types\/product"}],"replies":[{"embeddable":true,"href":"https:\/\/dalatreview.vn\/en\/wp-json\/wp\/v2\/comments?post=35037"}],"wp:featuredmedia":[{"embeddable":true,"href":"https:\/\/dalatreview.vn\/en\/wp-json\/wp\/v2\/media\/17280"}],"wp:attachment":[{"href":"https:\/\/dalatreview.vn\/en\/wp-json\/wp\/v2\/media?parent=35037"}],"wp:term":[{"taxonomy":"product_cat","embeddable":true,"href":"https:\/\/dalatreview.vn\/en\/wp-json\/wp\/v2\/product_cat?post=35037"},{"taxonomy":"product_tag","embeddable":true,"href":"https:\/\/dalatreview.vn\/en\/wp-json\/wp\/v2\/product_tag?post=35037"}],"curies":[{"name":"wp","href":"https:\/\/api.w.org\/{rel}","templated":true}]}}