
{"id":34118,"date":"2023-11-06T16:39:53","date_gmt":"2023-11-06T09:39:53","guid":{"rendered":"https:\/\/dalatreview.vn\/?p=34118"},"modified":"2024-10-12T10:51:41","modified_gmt":"2024-10-12T03:51:41","slug":"villa-khe-sanh-da-lat","status":"publish","type":"product","link":"https:\/\/dalatreview.vn\/en\/villa-khe-sanh-da-lat.html","title":{"rendered":"Villa Khe Sanh \u0110\u00e0 L\u1ea1t"},"content":{"rendered":"<nav class=\"vietrick-auto-toc\">\n<div class=\"box-title\">\n<h3 class=\"toc-title\" id=\"select-menu\">Danh m\u1ee5c ch\u00ednh<\/h3>\n<div><ion-icon name=\"chevron-up-outline\"><\/ion-icon><\/div>\n<\/div>\n<ul class=\"toc-list\"><\/ul>\n<li><a href='https:\/\/dalatreview.vn\/en#villa-khe-sanh-da-lat' class='heading-h1 toc-link smooth-scroll'>Villa Khe Sanh \u0110\u00e0 L\u1ea1t<\/a>\n<ul>\n<li><a href='https:\/\/dalatreview.vn\/en#1-vi-tri' class='heading-h2 toc-link smooth-scroll'>1. V\u1ecb tr\u00ed\u00a0<\/a>\n<li><a href='https:\/\/dalatreview.vn\/en#2-decor' class='heading-h2 toc-link smooth-scroll'>2. Decor<\/a>\n<li><a href='https:\/\/dalatreview.vn\/en#3-dich-vu-tien-ich' class='heading-h2 toc-link smooth-scroll'>3. D\u1ecbch v\u1ee5 &amp; ti\u1ec7n \u00edch<\/a>\n<li><a href='https:\/\/dalatreview.vn\/en#4-gia-phong' class='heading-h2 toc-link smooth-scroll'>4.\u00a0Gi\u00e1 ph\u00f2ng<\/a>\n<li><a href='https:\/\/dalatreview.vn\/en#5_Lien_he\" class=\"ez-toc-section' class='heading-h2 toc-link smooth-scroll'>5. Li\u00ean h\u1ec7<\/a><\/ul>\n<\/ul>\n<\/li>\n<\/ul>\n<\/nav>\n<h1 style=\"text-align: center;\" id=\"villa-khe-sanh-da-lat\"><span style=\"color: #003300;\"><strong>Villa Khe Sanh \u0110\u00e0 L\u1ea1t<\/strong><\/span><\/h1>\n<h2 id=\"1-vi-tri\"><span style=\"color: #003300;\">1. V\u1ecb tr\u00ed\u00a0<\/span><\/h2>\n<p>C\u0103n villa n\u00e0y t\u1ecda t\u1ea1i h\u1ebbm Khe Sanh, ph\u01b0\u1eddng 10, \u0110\u00e0 L\u1ea1t<\/p>\n<p>Villa c\u00e1ch \u0111\u01b0\u1eddng ch\u00ednh Khe Sanh 100m, \u0111\u01b0\u1eddng \u0111i b\u1eb1ng ph\u1eb3ng, \u0111\u01b0\u1eddng l\u1edbn, d\u1ec5 di chuy\u1ec3n<\/p>\n<p><img decoding=\"async\" class=\"aligncenter wp-image-34160 size-full\" src=\"https:\/\/dalatreview.vn\/wp-content\/uploads\/2023\/11\/z4854197836714_d87cec689e1a6a63c448be2791dceda0.jpg\" alt=\"villa khe sanh\" width=\"2560\" height=\"1920\" srcset=\"https:\/\/dalatreview.vn\/wp-content\/uploads\/2023\/11\/z4854197836714_d87cec689e1a6a63c448be2791dceda0.jpg 2560w, https:\/\/dalatreview.vn\/wp-content\/uploads\/2023\/11\/z4854197836714_d87cec689e1a6a63c448be2791dceda0-600x450.jpg 600w\" sizes=\"(max-width: 2560px) 100vw, 2560px\" \/><\/p>\n<p>\u0110\u1eb7c bi\u1ec7t, villa c\u00f2n c\u00f3 s\u00e2n \u0111\u1eadu \u00f4 t\u00f4 si\u00eau r\u1ed9ng (c\u00f3 th\u1ec3 ch\u01b0a t\u1eeb 3 &#8211; 4 chi\u1ebfc)<\/p>\n<p>C\u00f3 s\u00e2n BBQ r\u1ed9ng r\u00e3i lung linh, view si\u00eau \u0111\u1ec9nh<\/p>\n<h2 id=\"2-decor\">2. Decor<\/h2>\n<p>Villa \u0111\u01b0\u1ee3c thi\u1ebft k\u1ebf c\u00f3 view cao r\u1ea5t \u0111\u1eb9p, b\u1ea5t k\u1ec3 ng\u00e0y \u0111\u00eam, v\u00e0 \u1edf ban c\u00f4ng c\u1ee7a m\u1ed7i ph\u00f2ng b\u1ea1n c\u00f3 th\u1ec3 \u0111\u00f3n b\u00ecnh minh v\u00e0 ho\u00e0ng h\u00f4n, th\u01b0\u1edfng th\u1ee9c c\u00e1i \u0111\u1eb9p trong l\u00e0nh c\u1ee7a thi\u00ean nhi\u00ean.<\/p>\n<p><img decoding=\"async\" class=\"aligncenter wp-image-34142 size-full\" src=\"https:\/\/dalatreview.vn\/wp-content\/uploads\/2023\/11\/z4854197589732_29fa529290c4e214fafa13865db13b50.jpg\" alt=\"thi\u1ebft k\u1ebf ph\u00f2ng t\u1ea1i villa khe sanh\" width=\"2560\" height=\"1920\" srcset=\"https:\/\/dalatreview.vn\/wp-content\/uploads\/2023\/11\/z4854197589732_29fa529290c4e214fafa13865db13b50.jpg 2560w, https:\/\/dalatreview.vn\/wp-content\/uploads\/2023\/11\/z4854197589732_29fa529290c4e214fafa13865db13b50-600x450.jpg 600w\" sizes=\"(max-width: 2560px) 100vw, 2560px\" \/><\/p>\n<p>C\u0103n villa n\u00e0y \u0111\u01b0\u1ee3c thi\u1ebft k\u1ebf v\u1edbi kh\u00f4ng gian m\u1edf r\u1ed9ng r\u00e3i, \u0111\u00f3n \u00e1nh sang t\u1ef1 nhi\u00ean \u1ea5m \u00e1p t\u1ea1o c\u1ea3m gi\u00e1c quen thu\u1ed9c khi b\u1ea1n \u0111\u1ebfn \u0111\u00e2y l\u1ea7n \u0111\u1ea7u.<\/p>\n<p><img decoding=\"async\" class=\"aligncenter wp-image-34144 size-full\" src=\"https:\/\/dalatreview.vn\/wp-content\/uploads\/2023\/11\/z4854197639191_05845f37835f0686fc13eefaabd0ac8c.jpg\" alt=\"thi\u1ebft k\u1ebf ph\u00f2ng t\u1ea1i villa khe sanh\" width=\"2048\" height=\"1536\" srcset=\"https:\/\/dalatreview.vn\/wp-content\/uploads\/2023\/11\/z4854197639191_05845f37835f0686fc13eefaabd0ac8c.jpg 2048w, https:\/\/dalatreview.vn\/wp-content\/uploads\/2023\/11\/z4854197639191_05845f37835f0686fc13eefaabd0ac8c-600x450.jpg 600w\" sizes=\"(max-width: 2048px) 100vw, 2048px\" \/><\/p>\n<p>Ngo\u00e0i ra, villa c\u00f2n \u0111\u01b0\u1ee3c trang b\u1ecb b\u1ed9 n\u1ed9i th\u1ea5t cao c\u1ea5p r\u1ea5t sang tr\u1ecdng. Nhi\u1ec1u g\u00f3c s\u1ed1ng \u1ea3o \u0111\u1ec3 b\u1ea1n v\u00e0 gia \u0111\u00ecnh c\u00f3 th\u1ec3 l\u01b0u l\u1ea1i nhi\u1ec1u k\u1ec9 ni\u1ec7m b\u00ean nhau.<\/p>\n<h2 id=\"3-dich-vu-tien-ich\">3. D\u1ecbch v\u1ee5 &amp; ti\u1ec7n \u00edch<\/h2>\n<p>&#8211; C\u01a1 c\u1ea5u villa bao g\u1ed3m:<\/p>\n<p>+ \u0110\u1eadu xe \u00f4 t\u00f4 trong s\u00e2n.<\/p>\n<p>+ 1 Ph\u00f2ng &#8211; 1 Ph\u00f2ng WC.<\/p>\n<p>+ 6 Ph\u00f2ng \u0111\u01a1n ( 5 ph\u00f2ng 1m8 + 1 ph\u00f2ng 1m6) 6 WC ri\u00eang.<\/p>\n<p>+ 1 Ph\u00f2ng 3 gi\u01b0\u1eddng 1m2 &#8211; 1 WC ri\u00eang.<\/p>\n<p>+ 1 Ph\u00f2ng b\u1ebfp + Ph\u00f2ng \u0103n si\u00eau to kh\u1ed5ng l\u1ed3 s\u1ee9c ch\u1ee9a l\u00ean \u0111\u1ebfn 20 ng\u01b0\u1eddi + 1 WC chung.<\/p>\n<p>+ S\u00e2n BBQ ngo\u00e0i tr\u1eddi + s\u00e2n v\u01b0\u1eddn.<\/p>\n<p>+ \u0110\u1eb7c bi\u1ec7t, m\u1ed7i ph\u00f2ng \u0111\u1ec1u c\u00f3 c\u1eeda s\u1ed5 l\u1edbn v\u00e0 view ng\u1eafm thung l\u0169ng c\u1ef1c chill.<\/p>\n<p>+ T\u1ea7ng tr\u1ec7t \u0111\u01b0\u1ee3c b\u1ed1 tr\u00ed 2 ph\u00f2ng ng\u1ee7 th\u00edch h\u1ee3p cho gia \u0111\u00ecnh c\u00f3 ng\u01b0\u1eddi l\u1edbn tu\u1ed5i.<\/p>\n<p>+ Ph\u00f2ng b\u1ebfp + \u0102n si\u00eau to n\u00ean c\u00f3 th\u1ec3 t\u1ed5 ch\u1ee9c \u0111o\u00e0n, s\u1ef1 ki\u1ec7n, h\u1ed9i h\u1ecdp thu\u1eadn ti\u1ec7n.<\/p>\n<p><img decoding=\"async\" class=\"aligncenter wp-image-34148 size-full\" src=\"https:\/\/dalatreview.vn\/wp-content\/uploads\/2023\/11\/z4854197676593_bf29c6988ccb835de568d6cf7d36ec20.jpg\" alt=\"ph\u00f2ng b\u1ebfp villa khe sanh \" width=\"2560\" height=\"1920\" srcset=\"https:\/\/dalatreview.vn\/wp-content\/uploads\/2023\/11\/z4854197676593_bf29c6988ccb835de568d6cf7d36ec20.jpg 2560w, https:\/\/dalatreview.vn\/wp-content\/uploads\/2023\/11\/z4854197676593_bf29c6988ccb835de568d6cf7d36ec20-600x450.jpg 600w\" sizes=\"(max-width: 2560px) 100vw, 2560px\" \/><\/p>\n<h2 id=\"4-gia-phong\"><span style=\"color: #003300;\"><strong><span class=\"_4yxo\">4.<\/span>\u00a0Gi\u00e1 ph\u00f2ng<\/strong><\/span><\/h2>\n<p>Qu\u00fd kh\u00e1ch c\u00f3 nhu c\u1ea7u mu\u1ed1n \u0111\u1eb7t ph\u00f2ng, vui l\u00f2ng li\u00ean h\u1ec7\u00a0<a href=\"https:\/\/zalo.me\/dalatreview\" target=\"_blank\" rel=\"noopener\">\u0110\u00e0 L\u1ea1t Review\u00a0<\/a>\u00a0\u0111\u1ec3 \u0111\u01b0\u1ee3c t\u01b0 v\u1ea5n.<\/p>\n<h2><span id=\"5_Lien_he\" class=\"ez-toc-section\"><\/span><span id=\"5_Lien_he\" class=\"ez-toc-section\"><\/span><span style=\"color: #003300;\">5. Li\u00ean h\u1ec7<\/span><\/h2>\n<p>Li\u00ean h\u1ec7 book ph\u00f2ng: <a href=\"https:\/\/zalo.me\/dalatreview\" target=\"_blank\" rel=\"noopener\">\u0110\u00e0 L\u1ea1t Review T\u1ea5t T\u1ea7n T\u1eadt<\/a><\/p>\n<p>S\u0110T\/Zalo: 0968 249 297<\/p>","protected":false},"excerpt":{"rendered":"<p class=\"p1\">C\u0103n villa n\u00e0y t\u1ecda t\u1ea1i h\u1ebbm Khe Sanh, ph\u01b0\u1eddng 10, \u0110\u00e0 L\u1ea1t<\/p>\n<p class=\"p1\">Villa c\u00e1ch \u0111\u01b0\u1eddng ch\u00ednh Khe Sanh 100m, \u0111\u01b0\u1eddng \u0111i b\u1eb1ng ph\u1eb3ng, \u0111\u01b0\u1eddng l\u1edbn, d\u1ec5 di chuy\u1ec3n<\/p>","protected":false},"featured_media":34149,"comment_status":"open","ping_status":"closed","template":"","meta":{"_acf_changed":false,"rank_math_lock_modified_date":false},"product_cat":[29,45],"product_tag":[],"acf":[],"_links":{"self":[{"href":"https:\/\/dalatreview.vn\/en\/wp-json\/wp\/v2\/product\/34118"}],"collection":[{"href":"https:\/\/dalatreview.vn\/en\/wp-json\/wp\/v2\/product"}],"about":[{"href":"https:\/\/dalatreview.vn\/en\/wp-json\/wp\/v2\/types\/product"}],"replies":[{"embeddable":true,"href":"https:\/\/dalatreview.vn\/en\/wp-json\/wp\/v2\/comments?post=34118"}],"wp:featuredmedia":[{"embeddable":true,"href":"https:\/\/dalatreview.vn\/en\/wp-json\/wp\/v2\/media\/34149"}],"wp:attachment":[{"href":"https:\/\/dalatreview.vn\/en\/wp-json\/wp\/v2\/media?parent=34118"}],"wp:term":[{"taxonomy":"product_cat","embeddable":true,"href":"https:\/\/dalatreview.vn\/en\/wp-json\/wp\/v2\/product_cat?post=34118"},{"taxonomy":"product_tag","embeddable":true,"href":"https:\/\/dalatreview.vn\/en\/wp-json\/wp\/v2\/product_tag?post=34118"}],"curies":[{"name":"wp","href":"https:\/\/api.w.org\/{rel}","templated":true}]}}