
{"id":34083,"date":"2024-08-09T09:09:26","date_gmt":"2024-08-09T02:09:26","guid":{"rendered":"https:\/\/dalatreview.vn\/?p=34083"},"modified":"2024-10-12T10:09:06","modified_gmt":"2024-10-12T03:09:06","slug":"villa-can-xanh-trinh-hoai-duc","status":"publish","type":"product","link":"https:\/\/dalatreview.vn\/en\/villa-can-xanh-trinh-hoai-duc.html","title":{"rendered":"Villa c\u0103n xanh Tr\u1ecbnh Ho\u00e0i \u0110\u1ee9c"},"content":{"rendered":"<nav class=\"vietrick-auto-toc\">\n<div class=\"box-title\">\n<h3 class=\"toc-title\" id=\"select-menu\">Danh m\u1ee5c ch\u00ednh<\/h3>\n<div><ion-icon name=\"chevron-up-outline\"><\/ion-icon><\/div>\n<\/div>\n<ul class=\"toc-list\"><\/ul>\n<li><a href='https:\/\/dalatreview.vn\/en#villa-can-xanh-trinh-hoai-duc' class='heading-h1 toc-link smooth-scroll'>Villa c\u0103n xanh Tr\u1ecbnh Ho\u00e0i \u0110\u1ee9c<\/a>\n<ul>\n<li><a href='https:\/\/dalatreview.vn\/en#1-vi-tri' class='heading-h2 toc-link smooth-scroll'>1. V\u1ecb tr\u00ed\u00a0<\/a>\n<li><a href='https:\/\/dalatreview.vn\/en#2-decor' class='heading-h2 toc-link smooth-scroll'>2. Decor\u00a0<\/a>\n<li><a href='https:\/\/dalatreview.vn\/en#3-dich-vu-tien-ich' class='heading-h2 toc-link smooth-scroll'>3. D\u1ecbch v\u1ee5 &amp; Ti\u1ec7n \u00edch\u00a0<\/a>\n<li><a href='https:\/\/dalatreview.vn\/en#4-gia-phong' class='heading-h2 toc-link smooth-scroll'>4. Gi\u00e1 ph\u00f2ng\u00a0<\/a>\n<li><a href='https:\/\/dalatreview.vn\/en#5_Lien_he\" class=\"ez-toc-section' class='heading-h2 toc-link smooth-scroll'>5. Li\u00ean h\u1ec7<\/a><\/ul>\n<\/ul>\n<\/li>\n<\/ul>\n<\/nav>\n<h1 style=\"text-align: center;\" id=\"villa-can-xanh-trinh-hoai-duc\">Villa c\u0103n xanh Tr\u1ecbnh Ho\u00e0i \u0110\u1ee9c<img decoding=\"async\" class=\"alignnone wp-image-34132 size-full\" src=\"https:\/\/dalatreview.vn\/wp-content\/uploads\/2023\/11\/z4854117054550_92efa760700142043bc2905bc80e587a.jpg\" alt=\"villa c\u0103n xanh\" width=\"2048\" height=\"1536\" srcset=\"https:\/\/dalatreview.vn\/wp-content\/uploads\/2023\/11\/z4854117054550_92efa760700142043bc2905bc80e587a.jpg 2048w, https:\/\/dalatreview.vn\/wp-content\/uploads\/2023\/11\/z4854117054550_92efa760700142043bc2905bc80e587a-600x450.jpg 600w\" sizes=\"(max-width: 2048px) 100vw, 2048px\" \/><\/h1>\n<h2 id=\"1-vi-tri\"><span style=\"color: #003300;\"><strong>1. V\u1ecb tr\u00ed\u00a0<\/strong><\/span><\/h2>\n<p>Villa n\u00e0y t\u1ecda l\u1ea1c t\u1ea1i 16B, Tr\u1ecbnh Ho\u00e0i \u0110\u1ee9c, ph\u01b0\u1eddng 11, \u0110\u00e0 L\u1ea1t<\/p>\n<p>C\u00e1ch trung t\u00e2m \u0110\u00e0 L\u1ea1t 10 ph\u00fat ch\u1ea1y xe, g\u1ea7n qu\u1ea3ng tr\u01b0\u1eddng, c\u00e1c trung t\u00e2m mua s\u1eafm, \u0103n u\u1ed1ng v\u00e0 vui ch\u01a1i.<\/p>\n<p><img decoding=\"async\" class=\"aligncenter wp-image-34128 size-full\" src=\"https:\/\/dalatreview.vn\/wp-content\/uploads\/2023\/11\/z4854117028447_407f215b423b6a1fbec76d66efc932da.jpg\" alt=\"v\u1ecb tr\u00ed villa c\u0103n xanh\" width=\"2048\" height=\"1536\" srcset=\"https:\/\/dalatreview.vn\/wp-content\/uploads\/2023\/11\/z4854117028447_407f215b423b6a1fbec76d66efc932da.jpg 2048w, https:\/\/dalatreview.vn\/wp-content\/uploads\/2023\/11\/z4854117028447_407f215b423b6a1fbec76d66efc932da-600x450.jpg 600w\" sizes=\"(max-width: 2048px) 100vw, 2048px\" \/><\/p>\n<p>C\u00f3 s\u00e2n BBQ r\u1ed9ng r\u00e3i, view bao chill<\/p>\n<p>\u0110\u01b0\u1eddng \u00f4 t\u00f4 r\u1ed9ng 8m, \u0111\u01b0\u1eddng b\u1eb1ng ph\u1eb3ng v\u00e0 r\u1ea5t d\u1ec5 \u0111i.<\/p>\n<h2 id=\"2-decor\"><span style=\"color: #003300;\"><strong>2. Decor\u00a0<\/strong><\/span><\/h2>\n<p><span class=\"emoji-sizer emoji-outer\">C\u0103n villa n\u00e0y c\u00f3 l\u1ed1i thi\u1ebft k\u1ebf k\u1ebf hi\u1ec7n \u0111\u1ea1i, t\u1ed1i gi\u1ea3n, ti\u1ec7n \u00edch \u0111\u1ea7y \u0111\u1ee7. V\u1edbi kh\u00f4ng gian m\u1edf r\u1ed9ng r\u00e3i, \u0111\u00f3n \u00e1nh sang t\u1ef1 nhi\u00ean \u1ea5m \u00e1p t\u1ea1o c\u1ea3m gi\u00e1c quen thu\u1ed9c khi b\u1ea1n \u0111\u1ebfn \u0111\u00e2y l\u1ea7n \u0111\u1ea7u.<\/span><\/p>\n<p><span class=\"text\">C\u00f3 s\u00e2n v\u01b0\u1eddn, view chill b\u1ea5t k\u1ec3 ng\u00e0y \u0111\u00eam,\u2026<\/span><\/p>\n<p><img decoding=\"async\" class=\"aligncenter wp-image-34136 size-full\" src=\"https:\/\/dalatreview.vn\/wp-content\/uploads\/2023\/11\/z4854117113297_0dfbbf03285f8dbb3a9610af9e835210.jpg\" alt=\"thi\u1ebft k\u1ebf ph\u00f2ng villa c\u0103n xanh\" width=\"2560\" height=\"1920\" srcset=\"https:\/\/dalatreview.vn\/wp-content\/uploads\/2023\/11\/z4854117113297_0dfbbf03285f8dbb3a9610af9e835210.jpg 2560w, https:\/\/dalatreview.vn\/wp-content\/uploads\/2023\/11\/z4854117113297_0dfbbf03285f8dbb3a9610af9e835210-600x450.jpg 600w\" sizes=\"(max-width: 2560px) 100vw, 2560px\" \/><\/p>\n<p>M\u1ed7i ph\u00f2ng ng\u1ee7 v\u00e0 kh\u00f4ng gian sinh ho\u1ea1t chung \u0111\u1ec1u c\u00f3 c\u1eeda s\u1ed5 ho\u1eb7c ban c\u00f4ng h\u01b0\u1edbng nh\u00ecn view nh\u00e0 l\u1ed3ng v\u1ec1 \u0111\u00eam lung linh huy\u1ec1n \u1ea3o.<\/p>\n<p>Ngo\u00e0i ra, villa c\u00f2n \u0111\u01b0\u1ee3c trang b\u1ecb b\u1ed9 n\u1ed9i th\u1ea5t cao c\u1ea5p r\u1ea5t sang tr\u1ecdng. V\u1edbi r\u1ea5t nhi\u1ec1u g\u00f3c s\u1ed1ng \u1ea3o \u0111\u1ec3 b\u1ea1n v\u00e0 gia \u0111\u00ecnh c\u00f3 th\u1ec3 l\u01b0u l\u1ea1i b\u1ee9c \u1ea3nh k\u1ec9 ni\u1ec7m.<\/p>\n<h2 id=\"3-dich-vu-tien-ich\"><span style=\"color: #003300;\">3. D\u1ecbch v\u1ee5 &amp; Ti\u1ec7n \u00edch\u00a0<\/span><\/h2>\n<p>C\u01a1 c\u1ea5u ph\u00f2ng:<\/p>\n<p>&#8211; Nguy\u00ean c\u0103n g\u1ed3m: 1 Ph\u00f2ng kh\u00e1ch, 1 b\u1ebfp, 1 ph\u00f2ng \u0103n, 4 ph\u00f2ng v\u1ec7 sinh, 3 ph\u00f2ng \u0111\u01a1n, 1 ph\u00f2ng Dorm (t\u1eadp th\u1ec3) r\u1ed9ng, s\u1ee9c ch\u1ee9a l\u00ean \u0111\u1ebfn 20 ng\u01b0\u1eddi.<\/p>\n<p>&#8211; S\u00e2n BBQ ngo\u00e0i tr\u1eddi, S\u00e2n tr\u00e0 s\u00e1ng, tr\u00e0 chi\u1ec1u, c\u1eafm tr\u1ea1i.<\/p>\n<p>&#8211; \u0110\u01b0\u1eddng d\u1ec5 \u0111i. Ch\u1ed7 \u0111\u1eadu xe tho\u1ea3i m\u00e1i<\/p>\n<p><img decoding=\"async\" class=\"aligncenter wp-image-34125 size-full\" src=\"https:\/\/dalatreview.vn\/wp-content\/uploads\/2023\/11\/z4854116979268_9daf0e3330869bd4bfb05c21b31667b7.jpg\" alt=\"thi\u1ebft k\u1ebf ph\u00f2ng villa c\u0103n xanh\" width=\"2560\" height=\"1920\" srcset=\"https:\/\/dalatreview.vn\/wp-content\/uploads\/2023\/11\/z4854116979268_9daf0e3330869bd4bfb05c21b31667b7.jpg 2560w, https:\/\/dalatreview.vn\/wp-content\/uploads\/2023\/11\/z4854116979268_9daf0e3330869bd4bfb05c21b31667b7-600x450.jpg 600w\" sizes=\"(max-width: 2560px) 100vw, 2560px\" \/><\/p>\n<h2 id=\"4-gia-phong\"><span style=\"color: #003300;\">4. Gi\u00e1 ph\u00f2ng\u00a0<\/span><\/h2>\n<p>Qu\u00fd kh\u00e1ch c\u00f3 nhu c\u1ea7u mu\u1ed1n \u0111\u1eb7t ph\u00f2ng, vui l\u00f2ng li\u00ean h\u1ec7\u00a0<a href=\"https:\/\/zalo.me\/dalatreview\" target=\"_blank\" rel=\"noopener\">\u0110\u00e0 L\u1ea1t Review\u00a0<\/a>\u00a0\u0111\u1ec3 \u0111\u01b0\u1ee3c t\u01b0 v\u1ea5n.<\/p>\n<h2><span id=\"5_Lien_he\" class=\"ez-toc-section\"><\/span><span id=\"5_Lien_he\" class=\"ez-toc-section\"><\/span><span style=\"color: #003300;\">5. Li\u00ean h\u1ec7<\/span><\/h2>\n<p>Li\u00ean h\u1ec7 book ph\u00f2ng: <a href=\"https:\/\/zalo.me\/dalatreview\" target=\"_blank\" rel=\"noopener\">\u0110\u00e0 L\u1ea1t Review T\u1ea5t T\u1ea7n T\u1eadt<\/a><\/p>\n<p>S\u0110T\/Zalo: 0968 249 297<\/p>","protected":false},"excerpt":{"rendered":"<p class=\"p1\">Villa n\u00e0y t\u1ecda l\u1ea1c t\u1ea1i 16B, Tr\u1ecbnh Ho\u00e0i \u0110\u1ee9c, ph\u01b0\u1eddng 11, \u0110\u00e0 L\u1ea1t<\/p>\n<p class=\"p1\">C\u00e1ch trung t\u00e2m \u0110\u00e0 L\u1ea1t 10 ph\u00fat ch\u1ea1y xe, g\u1ea7n qu\u1ea3ng tr\u01b0\u1eddng, c\u00e1c trung t\u00e2m mua s\u1eafm, \u0103n u\u1ed1ng v\u00e0 vui ch\u01a1i.<\/p>","protected":false},"featured_media":34137,"comment_status":"open","ping_status":"closed","template":"","meta":{"_acf_changed":false,"rank_math_lock_modified_date":false},"product_cat":[29,45],"product_tag":[],"acf":[],"_links":{"self":[{"href":"https:\/\/dalatreview.vn\/en\/wp-json\/wp\/v2\/product\/34083"}],"collection":[{"href":"https:\/\/dalatreview.vn\/en\/wp-json\/wp\/v2\/product"}],"about":[{"href":"https:\/\/dalatreview.vn\/en\/wp-json\/wp\/v2\/types\/product"}],"replies":[{"embeddable":true,"href":"https:\/\/dalatreview.vn\/en\/wp-json\/wp\/v2\/comments?post=34083"}],"wp:featuredmedia":[{"embeddable":true,"href":"https:\/\/dalatreview.vn\/en\/wp-json\/wp\/v2\/media\/34137"}],"wp:attachment":[{"href":"https:\/\/dalatreview.vn\/en\/wp-json\/wp\/v2\/media?parent=34083"}],"wp:term":[{"taxonomy":"product_cat","embeddable":true,"href":"https:\/\/dalatreview.vn\/en\/wp-json\/wp\/v2\/product_cat?post=34083"},{"taxonomy":"product_tag","embeddable":true,"href":"https:\/\/dalatreview.vn\/en\/wp-json\/wp\/v2\/product_tag?post=34083"}],"curies":[{"name":"wp","href":"https:\/\/api.w.org\/{rel}","templated":true}]}}