
{"id":34079,"date":"2024-08-17T09:39:53","date_gmt":"2024-08-17T02:39:53","guid":{"rendered":"https:\/\/dalatreview.vn\/?p=34079"},"modified":"2024-10-12T10:08:02","modified_gmt":"2024-10-12T03:08:02","slug":"villa-tay-ho-2-da-lat","status":"publish","type":"product","link":"https:\/\/dalatreview.vn\/en\/villa-tay-ho-2-da-lat.html","title":{"rendered":"Villa T\u00e2y H\u1ed3 2 \u0110\u00e0 L\u1ea1t"},"content":{"rendered":"<nav class=\"vietrick-auto-toc\">\n<div class=\"box-title\">\n<h3 class=\"toc-title\" id=\"select-menu\">Danh m\u1ee5c ch\u00ednh<\/h3>\n<div><ion-icon name=\"chevron-up-outline\"><\/ion-icon><\/div>\n<\/div>\n<ul class=\"toc-list\"><\/ul>\n<li><a href='https:\/\/dalatreview.vn\/en#villa-tay-ho-2-da-lat' class='heading-h1 toc-link smooth-scroll'>Villa T\u00e2y H\u1ed3 2 \u0110\u00e0 L\u1ea1t<\/a>\n<ul>\n<li><a href='https:\/\/dalatreview.vn\/en#1-vi-tri' class='heading-h2 toc-link smooth-scroll'>1. V\u1ecb tr\u00ed\u00a0<\/a>\n<li><a href='https:\/\/dalatreview.vn\/en#2-decor' class='heading-h2 toc-link smooth-scroll'>2. Decor\u00a0<\/a>\n<li><a href='https:\/\/dalatreview.vn\/en#3-dich-vu-tien-nghi' class='heading-h2 toc-link smooth-scroll'>3. D\u1ecbch v\u1ee5 &amp; Ti\u1ec7n nghi\u00a0<\/a>\n<li><a href='https:\/\/dalatreview.vn\/en#4-gia-phong' class='heading-h2 toc-link smooth-scroll'>4.\u00a0Gi\u00e1 ph\u00f2ng<\/a>\n<li><a href='https:\/\/dalatreview.vn\/en#5_Lien_he\" class=\"ez-toc-section' class='heading-h2 toc-link smooth-scroll'>5. Li\u00ean h\u1ec7<\/a><\/ul>\n<\/ul>\n<\/li>\n<\/ul>\n<\/nav>\n<h1 style=\"text-align: center;\" id=\"villa-tay-ho-2-da-lat\"><span style=\"color: #003300;\"><strong>Villa T\u00e2y H\u1ed3 2 \u0110\u00e0 L\u1ea1t<\/strong><\/span><\/h1>\n<h2 id=\"1-vi-tri\"><span style=\"color: #003300;\"><strong>1. V\u1ecb tr\u00ed\u00a0<\/strong><\/span><\/h2>\n<p><img decoding=\"async\" class=\"aligncenter wp-image-34114 size-full\" src=\"https:\/\/dalatreview.vn\/wp-content\/uploads\/2023\/11\/z4853251372494_3222585a51ffd487303c51dc25b709b2.jpg\" alt=\"villa t\u00e2y h\u1ed3 2 \" width=\"2560\" height=\"1920\" srcset=\"https:\/\/dalatreview.vn\/wp-content\/uploads\/2023\/11\/z4853251372494_3222585a51ffd487303c51dc25b709b2.jpg 2560w, https:\/\/dalatreview.vn\/wp-content\/uploads\/2023\/11\/z4853251372494_3222585a51ffd487303c51dc25b709b2-600x450.jpg 600w\" sizes=\"(max-width: 2560px) 100vw, 2560px\" \/><\/p>\n<p>Villa T\u00e2y H\u1ed3 2 t\u1ecda l\u1ea1c t\u1ea1i ph\u01b0\u1eddng 11, \u0110\u00e0 L\u1ea1t<\/p>\n<p>C\u00e1ch trung t\u00e2m \u0110\u00e0 L\u1ea1t 10 ph\u00fat ch\u1ea1y xe, g\u1ea7n qu\u1ea3ng tr\u01b0\u1eddng, c\u00e1c trung t\u00e2m mua s\u1eafm, \u0103n u\u1ed1ng v\u00e0 vui ch\u01a1i.<\/p>\n<p><img decoding=\"async\" class=\"aligncenter wp-image-34109 size-full\" src=\"https:\/\/dalatreview.vn\/wp-content\/uploads\/2023\/11\/z4853251314315_069476be8e72c7b62ee0aabc1412ead5.jpg\" alt=\"v\u1ecb tr\u00ed villa t\u00e2y h\u1ed3 2 \" width=\"2560\" height=\"1920\" srcset=\"https:\/\/dalatreview.vn\/wp-content\/uploads\/2023\/11\/z4853251314315_069476be8e72c7b62ee0aabc1412ead5.jpg 2560w, https:\/\/dalatreview.vn\/wp-content\/uploads\/2023\/11\/z4853251314315_069476be8e72c7b62ee0aabc1412ead5-600x450.jpg 600w\" sizes=\"(max-width: 2560px) 100vw, 2560px\" \/><\/p>\n<p>\u0110\u01b0\u1eddng \u00f4 t\u00f4 b\u1eb1ng ph\u1eb3ng v\u00e0 c\u00f3 s\u00e2n \u0111\u1eadu xe r\u1ed9ng r\u00e3i tho\u1ea3i m\u00e1i.<\/p>\n<p>C\u00f3 s\u00e2n BBQ r\u1ed9ng r\u00e3i lung linh, view si\u00eau \u0111\u1ec9nh<\/p>\n<h2 id=\"2-decor\"><span style=\"color: #003300;\"><strong>2. Decor\u00a0<\/strong><\/span><\/h2>\n<p><img decoding=\"async\" class=\"aligncenter wp-image-34113 size-full\" src=\"https:\/\/dalatreview.vn\/wp-content\/uploads\/2023\/11\/z4853251358768_6712c7996f44d0968ceb646b7c973b75.jpg\" alt=\"thi\u1ebft k\u1ebf ph\u00f2ng t\u1ea1i villa t\u00e2y h\u1ed3 2 \" width=\"2560\" height=\"1920\" srcset=\"https:\/\/dalatreview.vn\/wp-content\/uploads\/2023\/11\/z4853251358768_6712c7996f44d0968ceb646b7c973b75.jpg 2560w, https:\/\/dalatreview.vn\/wp-content\/uploads\/2023\/11\/z4853251358768_6712c7996f44d0968ceb646b7c973b75-600x450.jpg 600w\" sizes=\"(max-width: 2560px) 100vw, 2560px\" \/><\/p>\n<p>Villa c\u00f3 view cao r\u1ea5t \u0111\u1eb9p, b\u1ea5t k\u1ec3 ng\u00e0y \u0111\u00eam, v\u00e0 \u1edf ban c\u00f4ng c\u1ee7a m\u1ed7i ph\u00f2ng b\u1ea1n c\u00f3 th\u1ec3 \u0111\u00f3n b\u00ecnh minh v\u00e0 ho\u00e0ng h\u00f4n, th\u01b0\u1edfng th\u1ee9c c\u00e1i \u0111\u1eb9p trong l\u00e0nh c\u1ee7a thi\u00ean nhi\u00ean.<\/p>\n<p>Villa c\u00f3 thi\u1ebft k\u1ebf hi\u1ec7n \u0111\u1ea1i, ti\u1ec7n \u00edch \u0111\u1ea7y \u0111\u1ee7. V\u1edbi kh\u00f4ng gian m\u1edf r\u1ed9ng r\u00e3i, \u0111\u00f3n \u00e1nh sang t\u1ef1 nhi\u00ean \u1ea5m \u00e1p t\u1ea1o c\u1ea3m gi\u00e1c quen thu\u1ed9c khi b\u1ea1n \u0111\u1ebfn \u0111\u00e2y l\u1ea7n \u0111\u1ea7u.<\/p>\n<p>Ngo\u00e0i ra, villa c\u00f2n \u0111\u01b0\u1ee3c trang b\u1ecb b\u1ed9 n\u1ed9i th\u1ea5t cao c\u1ea5p r\u1ea5t sang tr\u1ecdng. Nhi\u1ec1u g\u00f3c s\u1ed1ng \u1ea3o \u0111\u1ec3 b\u1ea1n v\u00e0 gia \u0111\u00ecnh c\u00f3 th\u1ec3 l\u01b0u l\u1ea1i nhi\u1ec1u k\u1ec9 ni\u1ec7m b\u00ean nhau.<\/p>\n<h2 id=\"3-dich-vu-tien-nghi\"><span style=\"color: #003300;\"><strong>3. D\u1ecbch v\u1ee5 &amp; Ti\u1ec7n nghi\u00a0<\/strong><\/span><\/h2>\n<p>T\u1ecda l\u1ea1c ngay t\u1ea1i v\u1ecb tr\u00ed trung t\u00e2m, c\u0103n villa T\u00e2y H\u1ed3 r\u1ea5t thu\u1eadn ti\u1ec7n cho du kh\u00e1ch \u0111i \u0111\u1ebfn ch\u1ee3 \u0111\u00eam hay c\u00e1c \u0111i\u1ec3m check in, th\u01b0\u1edfng th\u1ee9c \u1ea9m th\u1ef1c n\u1ed5i ti\u1ebfng t\u1ea1i Th\u00e0nh Ph\u1ed1 ng\u00e0n th\u00f4ng.<\/p>\n<p><img decoding=\"async\" class=\"aligncenter wp-image-34110 size-full\" src=\"https:\/\/dalatreview.vn\/wp-content\/uploads\/2023\/11\/z4853251323127_f9c07f7ea370cec3b1cb7d3c23a64799.jpg\" alt=\"ph\u00f2ng t\u1ea1i villa t\u00e2y h\u1ed3 2\" width=\"2560\" height=\"1920\" srcset=\"https:\/\/dalatreview.vn\/wp-content\/uploads\/2023\/11\/z4853251323127_f9c07f7ea370cec3b1cb7d3c23a64799.jpg 2560w, https:\/\/dalatreview.vn\/wp-content\/uploads\/2023\/11\/z4853251323127_f9c07f7ea370cec3b1cb7d3c23a64799-600x450.jpg 600w\" sizes=\"(max-width: 2560px) 100vw, 2560px\" \/><\/p>\n<p>C\u01a1 c\u1ea5u Home bao g\u1ed3m:<\/p>\n<p>&#8211; 1 Ph\u00f2ng kh\u00e1ch, 1 b\u1ebfp ng\u1eafm tr\u1ecdn view<\/p>\n<p>&#8211; 3 ph\u00f2ng ng\u1ee7 (1 \u0111\u00f4i, 2 \u0111\u01a1n, gi\u01b0\u1eddng 1m8 v\u00f4 c\u00f9ng r\u1ed9ng r\u00e3i)<\/p>\n<p>&#8211; 4 ph\u00f2ng WC (trang b\u1ecb b\u1ecb n\u00f3ng l\u1ea1nh \u0111\u1ea7y \u0111\u1ee7)<\/p>\n<p>&#8211; \u0110\u1ea7y \u0111\u1ee7 ti\u1ec7n nghi nh\u01b0 \u1edf nh\u00e0. Ph\u00f2ng kh\u00e1ch r\u1ed9ng r\u00e3i, c\u00f3 sofa tivi, t\u1ee7 l\u1ea1nh,.. tha h\u1ed3 sinh ho\u1ea1t chung v\u1edbi nhau.<\/p>\n<p>&#8211; C\u00f3 di\u1ec7n t\u00edch \u0111\u1ec3 n\u01b0\u1edbng BBQ ngo\u00e0i tr\u1eddi v\u1eeba \u0103n v\u1eeba ng\u1eafm c\u1ea3nh v\u1ec1 \u0111\u00eam.<\/p>\n<p>\u2013 C\u00f3 ch\u1ed7 \u0111\u1eadu xe m\u00e1y, xe h\u01a1i an to\u00e0n mi\u1ec5n ph\u00ed.<\/p>\n<p>\u2013 B\u1ebfp t\u1ef1 do n\u1ea5u n\u01b0\u1edbng \u0111\u1ea7y \u0111\u1ee7 d\u1ee5ng c\u1ee5 v\u00e0 gia v\u1ecb.<\/p>\n<p><img decoding=\"async\" class=\"aligncenter wp-image-34107 size-full\" src=\"https:\/\/dalatreview.vn\/wp-content\/uploads\/2023\/11\/z4853251253803_e6260a753370744f000335c64024bace.jpg\" alt=\"villa t\u00e2y h\u1ed3 2 \" width=\"2560\" height=\"1920\" srcset=\"https:\/\/dalatreview.vn\/wp-content\/uploads\/2023\/11\/z4853251253803_e6260a753370744f000335c64024bace.jpg 2560w, https:\/\/dalatreview.vn\/wp-content\/uploads\/2023\/11\/z4853251253803_e6260a753370744f000335c64024bace-600x450.jpg 600w\" sizes=\"(max-width: 2560px) 100vw, 2560px\" \/><\/p>\n<h2 id=\"4-gia-phong\"><span style=\"color: #003300;\"><strong><span class=\"_4yxo\">4.<\/span>\u00a0Gi\u00e1 ph\u00f2ng<\/strong><\/span><\/h2>\n<p>Qu\u00fd kh\u00e1ch c\u00f3 nhu c\u1ea7u mu\u1ed1n \u0111\u1eb7t ph\u00f2ng, vui l\u00f2ng li\u00ean h\u1ec7 <a href=\"https:\/\/zalo.me\/dalatreview\" target=\"_blank\" rel=\"noopener\">\u0110\u00e0 L\u1ea1t Review <\/a>\u00a0\u0111\u1ec3 \u0111\u01b0\u1ee3c t\u01b0 v\u1ea5n.<\/p>\n<h2><span id=\"5_Lien_he\" class=\"ez-toc-section\"><\/span><span style=\"color: #003300;\">5. Li\u00ean h\u1ec7<\/span><\/h2>\n<p>Li\u00ean h\u1ec7 book ph\u00f2ng: <a href=\"https:\/\/zalo.me\/dalatreview\" target=\"_blank\" rel=\"noopener\">\u0110\u00e0 L\u1ea1t Review T\u1ea5t T\u1ea7n T\u1eadt<\/a><\/p>\n<p>S\u0110T\/Zalo: 0968 249 297<\/p>","protected":false},"excerpt":{"rendered":"<p class=\"p1\">Villa T\u00e2y H\u1ed3 2 t\u1ecda l\u1ea1c t\u1ea1i ph\u01b0\u1eddng 11, \u0110\u00e0 L\u1ea1t<\/p>\n<p class=\"p1\">C\u00e1ch trung t\u00e2m \u0110\u00e0 L\u1ea1t 10 ph\u00fat ch\u1ea1y xe, g\u1ea7n qu\u1ea3ng tr\u01b0\u1eddng, c\u00e1c trung t\u00e2m mua s\u1eafm, \u0103n u\u1ed1ng v\u00e0 vui ch\u01a1i.<\/p>","protected":false},"featured_media":34108,"comment_status":"open","ping_status":"closed","template":"","meta":{"_acf_changed":false,"rank_math_lock_modified_date":false},"product_cat":[29,45],"product_tag":[],"acf":[],"_links":{"self":[{"href":"https:\/\/dalatreview.vn\/en\/wp-json\/wp\/v2\/product\/34079"}],"collection":[{"href":"https:\/\/dalatreview.vn\/en\/wp-json\/wp\/v2\/product"}],"about":[{"href":"https:\/\/dalatreview.vn\/en\/wp-json\/wp\/v2\/types\/product"}],"replies":[{"embeddable":true,"href":"https:\/\/dalatreview.vn\/en\/wp-json\/wp\/v2\/comments?post=34079"}],"wp:featuredmedia":[{"embeddable":true,"href":"https:\/\/dalatreview.vn\/en\/wp-json\/wp\/v2\/media\/34108"}],"wp:attachment":[{"href":"https:\/\/dalatreview.vn\/en\/wp-json\/wp\/v2\/media?parent=34079"}],"wp:term":[{"taxonomy":"product_cat","embeddable":true,"href":"https:\/\/dalatreview.vn\/en\/wp-json\/wp\/v2\/product_cat?post=34079"},{"taxonomy":"product_tag","embeddable":true,"href":"https:\/\/dalatreview.vn\/en\/wp-json\/wp\/v2\/product_tag?post=34079"}],"curies":[{"name":"wp","href":"https:\/\/api.w.org\/{rel}","templated":true}]}}