
{"id":34076,"date":"2024-08-09T09:06:05","date_gmt":"2024-08-09T02:06:05","guid":{"rendered":"https:\/\/dalatreview.vn\/?p=34076"},"modified":"2024-10-12T10:31:01","modified_gmt":"2024-10-12T03:31:01","slug":"villa-tay-ho-da-lat","status":"publish","type":"product","link":"https:\/\/dalatreview.vn\/en\/villa-tay-ho-da-lat.html","title":{"rendered":"Villa T\u00e2y H\u1ed3 \u0110\u00e0 L\u1ea1t"},"content":{"rendered":"<nav class=\"vietrick-auto-toc\">\n<div class=\"box-title\">\n<h3 class=\"toc-title\" id=\"select-menu\">Danh m\u1ee5c ch\u00ednh<\/h3>\n<div><ion-icon name=\"chevron-up-outline\"><\/ion-icon><\/div>\n<\/div>\n<ul class=\"toc-list\"><\/ul>\n<li><a href='https:\/\/dalatreview.vn\/en#villa-tay-ho-da-lat' class='heading-h1 toc-link smooth-scroll'>Villa T\u00e2y H\u1ed3 \u0110\u00e0 L\u1ea1t<\/a>\n<ul>\n<li><a href='https:\/\/dalatreview.vn\/en#1-vi-tri' class='heading-h2 toc-link smooth-scroll'>1. V\u1ecb tr\u00ed\u00a0<\/a>\n<li><a href='https:\/\/dalatreview.vn\/en#2-decor' class='heading-h2 toc-link smooth-scroll'>2. Decor\u00a0<\/a>\n<li><a href='https:\/\/dalatreview.vn\/en#3-dich-vu-tien-nghi' class='heading-h2 toc-link smooth-scroll'>3. D\u1ecbch v\u1ee5 &amp; Ti\u1ec7n nghi\u00a0<\/a>\n<li><a href='https:\/\/dalatreview.vn\/en#4-gia-phong' class='heading-h2 toc-link smooth-scroll'>4.\u00a0Gi\u00e1 ph\u00f2ng<\/a>\n<li><a href='https:\/\/dalatreview.vn\/en#5_Lien_he\" class=\"ez-toc-section' class='heading-h2 toc-link smooth-scroll'>5. Li\u00ean h\u1ec7<\/a><\/ul>\n<\/ul>\n<\/li>\n<\/ul>\n<\/nav>\n<h1 style=\"text-align: center;\" id=\"villa-tay-ho-da-lat\"><span style=\"color: #003300;\"><strong>Villa T\u00e2y H\u1ed3 \u0110\u00e0 L\u1ea1t<\/strong><\/span><\/h1>\n<h2 id=\"1-vi-tri\"><span style=\"color: #003300;\"><strong>1. V\u1ecb tr\u00ed\u00a0<\/strong><\/span><\/h2>\n<p><img decoding=\"async\" class=\"aligncenter wp-image-34097 size-full\" src=\"https:\/\/dalatreview.vn\/wp-content\/uploads\/2023\/11\/z4853213776418_893e0f24dfc72baaa36b52c4db70a0c5.jpg\" alt=\"villa t\u00e2y h\u1ed3 \u0111\u00e0 l\u1ea1t\" width=\"2048\" height=\"1536\" srcset=\"https:\/\/dalatreview.vn\/wp-content\/uploads\/2023\/11\/z4853213776418_893e0f24dfc72baaa36b52c4db70a0c5.jpg 2048w, https:\/\/dalatreview.vn\/wp-content\/uploads\/2023\/11\/z4853213776418_893e0f24dfc72baaa36b52c4db70a0c5-600x450.jpg 600w\" sizes=\"(max-width: 2048px) 100vw, 2048px\" \/><\/p>\n<p>Villa t\u1ecda l\u1ea1c t\u1ea1i ph\u01b0\u1eddng 11, v\u00e0 ch\u1ec9 c\u00e1ch trung t\u00e2m \u0110\u00e0 L\u1ea1t v\u1ecfn v\u1eb9n 10 ph\u00fat ch\u1ea1y xe, th\u00edch h\u1ee3p \u0111\u1ec3 c\u00e1c gia \u0111\u00ecnh l\u1ef1a ch\u1ecdn l\u00e0m chuy\u1ebfn ngh\u1ec9 d\u01b0\u1ee1ng, F5 l\u1ea1i ngu\u1ed3n n\u0103ng l\u01b0\u1ee3ng.<\/p>\n<p>N\u01a1i \u0111\u00e2y c\u00f3 nh\u1eefng bu\u1ed5i chi\u1ec1u ho\u00e0ng h\u00f4n \u0111\u1eb9p \u0111\u1ebfn ng\u1ea5t ng\u00e2y l\u00f2ng ng\u01b0\u1eddi<\/p>\n<p><img decoding=\"async\" class=\"aligncenter wp-image-34098 size-full\" src=\"https:\/\/dalatreview.vn\/wp-content\/uploads\/2023\/11\/z4853213790699_3f34a27f31a81180be929ad06adff227.jpg\" alt=\"v\u1ecb tr\u00ed c\u0103n villa t\u00e2y h\u1ed3\" width=\"2560\" height=\"1920\" srcset=\"https:\/\/dalatreview.vn\/wp-content\/uploads\/2023\/11\/z4853213790699_3f34a27f31a81180be929ad06adff227.jpg 2560w, https:\/\/dalatreview.vn\/wp-content\/uploads\/2023\/11\/z4853213790699_3f34a27f31a81180be929ad06adff227-600x450.jpg 600w\" sizes=\"(max-width: 2560px) 100vw, 2560px\" \/><\/p>\n<p>\u0110\u01b0\u1eddng \u00f4 t\u00f4 b\u1eb1ng ph\u1eb3ng v\u00e0 c\u00f3 s\u00e2n \u0111\u1eadu xe r\u1ed9ng r\u00e3i tho\u1ea3i m\u00e1i.<\/p>\n<p>View \u0111\u1eb9p b\u1ea5t k\u1ec3 ng\u00e0y \u0111\u00eam, thi\u00ean nhi\u00ean trong l\u00e0nh m\u00e1t m\u1ebb.<\/p>\n<p>S\u00e2n BBQ lung linh, view si\u00eau \u0111\u1ec9nh<\/p>\n<h2 id=\"2-decor\"><span style=\"color: #003300;\"><strong>2. Decor\u00a0<\/strong><\/span><\/h2>\n<p>Villa c\u00f3 view cao r\u1ea5t \u0111\u1eb9p, b\u1ea5t k\u1ec3 ng\u00e0y \u0111\u00eam, v\u00e0 t\u1eeb ban c\u00f4ng c\u1ee7a m\u1ed7i ph\u00f2ng b\u1ea1n c\u00f3 th\u1ec3 \u0111\u00f3n b\u00ecnh minh v\u00e0 ho\u00e0ng h\u00f4n tr\u00ean m\u1eb7t h\u1ed3, th\u01b0\u1edfng th\u1ee9c c\u00e1i \u0111\u1eb9p trong l\u00e0nh c\u1ee7a thi\u00ean nhi\u00ean.<\/p>\n<p>\u0110\u1eb7c bi\u1ec7t v\u1ec1 \u0111\u00eam b\u1ea1n s\u1ebd \u0111\u01b0\u1ee3c chi\u00eam ng\u01b0\u1ee1ng m\u1ed9t khung c\u1ea3nh th\u01a1 m\u1ed9ng v\u00e0 l\u00e3ng m\u1ea1n \u0111\u1ebfn nao l\u00f2ng.<\/p>\n<p><img decoding=\"async\" class=\"aligncenter wp-image-34100 size-full\" src=\"https:\/\/dalatreview.vn\/wp-content\/uploads\/2023\/11\/z4853213821586_0129a2099c13c3e2128333343cd6b455.jpg\" alt=\"kh\u00f4ng gian villa t\u00e2y h\u1ed3\" width=\"2560\" height=\"1920\" srcset=\"https:\/\/dalatreview.vn\/wp-content\/uploads\/2023\/11\/z4853213821586_0129a2099c13c3e2128333343cd6b455.jpg 2560w, https:\/\/dalatreview.vn\/wp-content\/uploads\/2023\/11\/z4853213821586_0129a2099c13c3e2128333343cd6b455-600x450.jpg 600w\" sizes=\"(max-width: 2560px) 100vw, 2560px\" \/><\/p>\n<p>Villa c\u00f3 thi\u1ebft k\u1ebf hi\u1ec7n \u0111\u1ea1i, ti\u1ec7n \u00edch \u0111\u1ea7y \u0111\u1ee7. V\u1edbi kh\u00f4ng gian m\u1edf r\u1ed9ng r\u00e3i, \u0111\u00f3n \u00e1nh sang t\u1ef1 nhi\u00ean \u1ea5m \u00e1p t\u1ea1o c\u1ea3m gi\u00e1c quen thu\u1ed9c khi b\u1ea1n \u0111\u1ebfn \u0111\u00e2y l\u1ea7n \u0111\u1ea7u.<\/p>\n<p>Ngo\u00e0i ra, villa c\u00f2n \u0111\u01b0\u1ee3c trang b\u1ecb b\u1ed9 n\u1ed9i th\u1ea5t cao c\u1ea5p r\u1ea5t sang tr\u1ecdng. Nhi\u1ec1u g\u00f3c s\u1ed1ng \u1ea3o cho b\u1ea1n v\u00e0 gia \u0111\u00ecnh l\u01b0u l\u1ea1i k\u1ec9 ni\u1ec7m b\u00ean nhau khi \u0111\u1ebfn \u0111\u00e2y ngh\u1ec9 d\u01b0\u1ee1ng.<\/p>\n<h2 id=\"3-dich-vu-tien-nghi\"><span style=\"color: #003300;\"><strong>3. D\u1ecbch v\u1ee5 &amp; Ti\u1ec7n nghi\u00a0<\/strong><\/span><\/h2>\n<p>T\u1ecda l\u1ea1c ngay t\u1ea1i v\u1ecb tr\u00ed trung t\u00e2m, c\u0103n villa T\u00e2y H\u1ed3 r\u1ea5t thu\u1eadn ti\u1ec7n cho du kh\u00e1ch \u0111i \u0111\u1ebfn ch\u1ee3 \u0111\u00eam hay c\u00e1c \u0111i\u1ec3m check in, th\u01b0\u1edfng th\u1ee9c \u1ea9m th\u1ef1c n\u1ed5i ti\u1ebfng t\u1ea1i Th\u00e0nh Ph\u1ed1 ng\u00e0n th\u00f4ng.<\/p>\n<p><img decoding=\"async\" class=\"aligncenter wp-image-34092 size-full\" src=\"https:\/\/dalatreview.vn\/wp-content\/uploads\/2023\/11\/z4853213738502_575afe468c0300204d89b7faf66dae32.jpg\" alt=\"ph\u00f2ng t\u1ea1i villa t\u00e2y h\u1ed3\" width=\"2048\" height=\"1536\" srcset=\"https:\/\/dalatreview.vn\/wp-content\/uploads\/2023\/11\/z4853213738502_575afe468c0300204d89b7faf66dae32.jpg 2048w, https:\/\/dalatreview.vn\/wp-content\/uploads\/2023\/11\/z4853213738502_575afe468c0300204d89b7faf66dae32-600x450.jpg 600w\" sizes=\"(max-width: 2048px) 100vw, 2048px\" \/><\/p>\n<p>C\u01a1 c\u1ea5u Home bao g\u1ed3m:<\/p>\n<p>&#8211; 1 Ph\u00f2ng kh\u00e1ch, 1 b\u1ebfp ng\u1eafm tr\u1ecdn view<\/p>\n<p>&#8211; 3 ph\u00f2ng ng\u1ee7 (1 \u0111\u00f4i, 2 \u0111\u01a1n, gi\u01b0\u1eddng 1m8 v\u00f4 c\u00f9ng r\u1ed9ng r\u00e3i)<\/p>\n<p>&#8211; 3 ph\u00f2ng WC (trang b\u1ecb b\u1ecb n\u00f3ng l\u1ea1nh \u0111\u1ea7y \u0111\u1ee7)<\/p>\n<p>&#8211; \u0110\u1ea7y \u0111\u1ee7 ti\u1ec7n nghi nh\u01b0 \u1edf nh\u00e0. Ph\u00f2ng kh\u00e1ch r\u1ed9ng r\u00e3i, c\u00f3 sofa tivi, t\u1ee7 l\u1ea1nh,.. tha h\u1ed3 sinh ho\u1ea1t chung v\u1edbi nhau.<\/p>\n<p>&#8211; C\u00f3 di\u1ec7n t\u00edch \u0111\u1ec3 n\u01b0\u1edbng BBQ ngo\u00e0i tr\u1eddi v\u1eeba \u0103n v\u1eeba ng\u1eafm c\u1ea3nh v\u1ec1 \u0111\u00eam.<\/p>\n<p>\u2013 C\u00f3 ch\u1ed7 \u0111\u1eadu xe m\u00e1y, xe h\u01a1i an to\u00e0n mi\u1ec5n ph\u00ed.<\/p>\n<p>\u2013 B\u1ebfp t\u1ef1 do n\u1ea5u n\u01b0\u1edbng \u0111\u1ea7y \u0111\u1ee7 d\u1ee5ng c\u1ee5 v\u00e0 gia v\u1ecb.<\/p>\n<p><img decoding=\"async\" class=\"aligncenter wp-image-34099 size-full\" src=\"https:\/\/dalatreview.vn\/wp-content\/uploads\/2023\/11\/z4853213798914_bc50160d6b14172cae9a45d5a3198eb1.jpg\" alt=\"thi\u1ebft k\u1ebf ph\u00f2ng t\u1ea1i villa t\u00e2y h\u1ed3\" width=\"2560\" height=\"1920\" srcset=\"https:\/\/dalatreview.vn\/wp-content\/uploads\/2023\/11\/z4853213798914_bc50160d6b14172cae9a45d5a3198eb1.jpg 2560w, https:\/\/dalatreview.vn\/wp-content\/uploads\/2023\/11\/z4853213798914_bc50160d6b14172cae9a45d5a3198eb1-600x450.jpg 600w\" sizes=\"(max-width: 2560px) 100vw, 2560px\" \/><\/p>\n<h2 id=\"4-gia-phong\"><span style=\"color: #003300;\"><strong><span class=\"_4yxo\">4.<\/span>\u00a0Gi\u00e1 ph\u00f2ng<\/strong><\/span><\/h2>\n<p>Qu\u00fd kh\u00e1ch c\u00f3 nhu c\u1ea7u mu\u1ed1n \u0111\u1eb7t ph\u00f2ng, vui l\u00f2ng li\u00ean h\u1ec7 <a href=\"https:\/\/zalo.me\/dalatreview\" target=\"_blank\" rel=\"noopener\">\u0110\u00e0 L\u1ea1t Review <\/a>\u00a0\u0111\u1ec3 \u0111\u01b0\u1ee3c t\u01b0 v\u1ea5n.<\/p>\n<h2><span id=\"5_Lien_he\" class=\"ez-toc-section\"><\/span><span style=\"color: #003300;\">5. Li\u00ean h\u1ec7<\/span><\/h2>\n<p>Li\u00ean h\u1ec7 book ph\u00f2ng: <a href=\"https:\/\/zalo.me\/dalatreview\" target=\"_blank\" rel=\"noopener\">\u0110\u00e0 L\u1ea1t Review T\u1ea5t T\u1ea7n T\u1eadt<\/a><\/p>\n<p>S\u0110T\/Zalo: 0968 249 297<\/p>","protected":false},"excerpt":{"rendered":"<p class=\"p1\">Villa t\u1ecda l\u1ea1c t\u1ea1i ph\u01b0\u1eddng 11, v\u00e0 ch\u1ec9 c\u00e1ch trung t\u00e2m \u0110\u00e0 L\u1ea1t v\u1ecfn v\u1eb9n 10 ph\u00fat ch\u1ea1y xe, th\u00edch h\u1ee3p \u0111\u1ec3 c\u00e1c gia \u0111\u00ecnh l\u1ef1a ch\u1ecdn l\u00e0m chuy\u1ebfn ngh\u1ec9 d\u01b0\u1ee1ng, F5 l\u1ea1i ngu\u1ed3n n\u0103ng l\u01b0\u1ee3ng.<\/p>\n<p class=\"p1\">N\u01a1i \u0111\u00e2y c\u00f3 nh\u1eefng bu\u1ed5i chi\u1ec1u ho\u00e0ng h\u00f4n \u0111\u1eb9p \u0111\u1ebfn ng\u1ea5t ng\u00e2y l\u00f2ng ng\u01b0\u1eddi<\/p>","protected":false},"featured_media":34098,"comment_status":"open","ping_status":"closed","template":"","meta":{"_acf_changed":false,"rank_math_lock_modified_date":false},"product_cat":[29,45],"product_tag":[],"acf":[],"_links":{"self":[{"href":"https:\/\/dalatreview.vn\/en\/wp-json\/wp\/v2\/product\/34076"}],"collection":[{"href":"https:\/\/dalatreview.vn\/en\/wp-json\/wp\/v2\/product"}],"about":[{"href":"https:\/\/dalatreview.vn\/en\/wp-json\/wp\/v2\/types\/product"}],"replies":[{"embeddable":true,"href":"https:\/\/dalatreview.vn\/en\/wp-json\/wp\/v2\/comments?post=34076"}],"wp:featuredmedia":[{"embeddable":true,"href":"https:\/\/dalatreview.vn\/en\/wp-json\/wp\/v2\/media\/34098"}],"wp:attachment":[{"href":"https:\/\/dalatreview.vn\/en\/wp-json\/wp\/v2\/media?parent=34076"}],"wp:term":[{"taxonomy":"product_cat","embeddable":true,"href":"https:\/\/dalatreview.vn\/en\/wp-json\/wp\/v2\/product_cat?post=34076"},{"taxonomy":"product_tag","embeddable":true,"href":"https:\/\/dalatreview.vn\/en\/wp-json\/wp\/v2\/product_tag?post=34076"}],"curies":[{"name":"wp","href":"https:\/\/api.w.org\/{rel}","templated":true}]}}