
{"id":33020,"date":"2024-08-17T09:39:19","date_gmt":"2024-08-17T02:39:19","guid":{"rendered":"https:\/\/dalatreview.vn\/?p=33020"},"modified":"2024-10-12T10:01:05","modified_gmt":"2024-10-12T03:01:05","slug":"mercure-dalat-resort-nghi-duong-cuc-chill-tai-da-lat","status":"publish","type":"product","link":"https:\/\/dalatreview.vn\/en\/mercure-dalat-resort-nghi-duong-cuc-chill-tai-da-lat.html","title":{"rendered":"Mercure Dalat Resort &#8211; Ngh\u1ec9 d\u01b0\u1ee1ng c\u1ef1c chill t\u1ea1i \u0110\u00e0 L\u1ea1t"},"content":{"rendered":"<nav class=\"vietrick-auto-toc\">\n<div class=\"box-title\">\n<h3 class=\"toc-title\" id=\"select-menu\">Danh m\u1ee5c ch\u00ednh<\/h3>\n<div><ion-icon name=\"chevron-up-outline\"><\/ion-icon><\/div>\n<\/div>\n<ul class=\"toc-list\">\n<li><a href='https:\/\/dalatreview.vn\/en#mercure-dalat-resort-nghi-duong-cuc-chill-tai-da-lat' class='heading-h2 toc-link smooth-scroll'>Mercure Dalat Resort &#8211; Ngh\u1ec9 d\u01b0\u1ee1ng c\u1ef1c chill t\u1ea1i \u0110\u00e0 L\u1ea1t<\/a>\n<li><a href='https:\/\/dalatreview.vn\/en#1-vi-tri' class='heading-h2 toc-link smooth-scroll'>1. V\u1ecb tr\u00ed\u00a0<\/a>\n<li><a href='https:\/\/dalatreview.vn\/en#2-phong-cach-decor' class='heading-h2 toc-link smooth-scroll'>2. Phong c\u00e1ch Decor\u00a0<\/a>\n<li><a href='https:\/\/dalatreview.vn\/en#3-dich-vu-tien-nghi' class='heading-h2 toc-link smooth-scroll'>3. D\u1ecbch v\u1ee5 ti\u1ec7n nghi<\/a>\n<li><a href='https:\/\/dalatreview.vn\/en#4-cac-hang-phong' class='heading-h2 toc-link smooth-scroll'>4. C\u00e1c h\u1ea1ng ph\u00f2ng\u00a0<\/a>\n<li><a href='https:\/\/dalatreview.vn\/en#5-lien-he' class='heading-h2 toc-link smooth-scroll'>5. Li\u00ean H\u1ec7\u00a0<\/a><\/ul>\n<\/ul>\n<\/li>\n<\/ul>\n<\/nav>\n<h2 style=\"text-align: center;\" id=\"mercure-dalat-resort-nghi-duong-cuc-chill-tai-da-lat\"><span style=\"color: #003300;\"><strong>Mercure Dalat Resort &#8211; Ngh\u1ec9 d\u01b0\u1ee1ng c\u1ef1c chill t\u1ea1i \u0110\u00e0 L\u1ea1t<\/strong><\/span><\/h2>\n<p><img decoding=\"async\" class=\"aligncenter wp-image-33039 size-full\" src=\"https:\/\/dalatreview.vn\/wp-content\/uploads\/2023\/10\/356900318_281681604390375_4178081414113074265_n.jpg\" alt=\"Mercure Dalat Resort\" width=\"2048\" height=\"1365\" \/><\/p>\n<h2 id=\"1-vi-tri\"><span style=\"color: #003300;\">1. V\u1ecb tr\u00ed\u00a0<\/span><\/h2>\n<p>M\u1ed9t khu resort 5 sao t\u1ea1i \u0110\u00e0 L\u1ea1t m\u1edbi nh\u01b0ng chi\u1ebfm \u0111\u01b0\u1ee3c nhi\u1ec1u t\u00ecnh c\u1ea3m t\u1eeb du kh\u00e1ch v\u00e0 \u0111ang hot r\u1ea7n r\u1ea7n hi\u1ec7n nay \u0111\u00f3 ch\u00ednh l\u00e0 Mercure resort Dalat.<\/p>\n<p><img decoding=\"async\" class=\"aligncenter wp-image-33037 size-full\" src=\"https:\/\/dalatreview.vn\/wp-content\/uploads\/2023\/10\/328038832_859465311826266_4883130331402021458_n.jpg\" alt=\"Mercure Dalat Resort\" width=\"1280\" height=\"960\" \/><\/p>\n<p>T\u1ecda l\u1ea1c t\u1ea1i s\u1ed1 3 \u0111\u01b0\u1eddng Nguy\u1ec5n Du, ngay gi\u1eefa trung t\u00e2m th\u00e0nh ph\u1ed1, Mercure Dalat Resort m\u00ea ho\u1eb7c du kh\u00e1ch v\u1edbi kh\u00f4ng gian ki\u1ebfn tr\u00fac l\u00e3ng m\u1ea1n \u0111\u1eadm ch\u1ea5t th\u01a1 \u0111\u1ea7u th\u1ebf k\u1ef7 20 c\u1ee7a Ph\u00e1p, n\u1eb1m gi\u1eefa m\u1ed9t khu v\u01b0\u1eddn xanh m\u00e1t c\u1ee7a nh\u1eefng lo\u00e0i hoa \u0111\u1ed3ng c\u1ecf bao quanh.<\/p>\n<p><img decoding=\"async\" class=\"aligncenter wp-image-33040 size-full\" src=\"https:\/\/dalatreview.vn\/wp-content\/uploads\/2023\/10\/15.jpg\" alt=\"Mercure Dalat Resort\" width=\"1365\" height=\"2048\" \/><\/p>\n<p>N\u1eb1m n\u00e9p m\u00ecnh trong nh\u1eefng khu v\u01b0\u1eddn xanh m\u00e1t ngay trung t\u00e2m th\u00e0nh ph\u1ed1 v\u1edbi nh\u1eefng di s\u1ea3n ki\u1ebfn \u200b\u200btr\u00fac c\u00f3 ni\u00ean \u0111\u1ea1i h\u00e0ng ch\u1ee5c n\u0103m, Mercure Dalat Resort\u00a0 ch\u00ednh l\u00e0 \u0111i\u1ec3m kh\u1edfi \u0111\u1ea7u l\u00fd t\u01b0\u1edfng \u0111\u1ec3 b\u1ea1n kh\u00e1m ph\u00e1 th\u00e0nh ph\u1ed1 \u0110\u00e0 L\u1ea1t.<\/p>\n<p><img decoding=\"async\" class=\"aligncenter wp-image-33041 size-full\" src=\"https:\/\/dalatreview.vn\/wp-content\/uploads\/2023\/10\/327171935_730246135378040_2410070402651181911_n.jpg\" alt=\"Mercure Dalat Resort\" width=\"2048\" height=\"1536\" \/><\/p>\n<p>Mercure Dalat Resort \u0111\u01b0\u1ee3c \u01b0u \u00e1i b\u1edfi nh\u1eefng c\u0103n bi\u1ec7t th\u1ef1 \u0111\u01b0\u1ee3c thi\u1ebft k\u1ebf tinh t\u1ebf theo phong c\u00e1ch ki\u1ebfn \u200b\u200btr\u00fac Ph\u00e1p c\u1ed5, \u1ea9n ch\u1ee9a trong \u0111\u00f3 nh\u1eefng c\u00e2u chuy\u1ec7n t\u00ecnh y\u00eau l\u00e3ng m\u1ea1n, s\u1ebd gi\u00fap b\u1ea1n tr\u1edf v\u1ec1 v\u1edbi nh\u1eefng gi\u00e1 tr\u1ecb v\u0103n h\u00f3a v\u00e0 c\u00e2u chuy\u1ec7n t\u00ecnh y\u00eau \u1edf m\u1ea3nh \u0111\u1ea5t n\u00e0y t\u1eeb nh\u1eefng n\u0103m 1920.<\/p>\n<h2 id=\"2-phong-cach-decor\"><strong><span style=\"color: #003300;\">2. Phong c\u00e1ch Decor<\/span>\u00a0<\/strong><\/h2>\n<p>L\u1ea5y c\u1ea3m t\u1eeb nh\u1eefng c\u00e2u chuy\u1ec7n t\u00ecnh y\u00eau c\u1ee7a nh\u1eefng ng\u01b0\u1eddi ngh\u1ec7 s\u0129 mang tr\u01b0\u1eddng ph\u00e1i \u1ea5n t\u01b0\u1ee3ng Claude Monet, tr\u1ea3i d\u00e0i kh\u1eafp kh\u00f4ng gian ki\u1ebfn tr\u00fac t\u1ea1i Mercure Dalat Resort l\u00e0 nh\u1eefng c\u00e2u chuy\u1ec7n v\u1ec1 t\u00ecnh y\u00eau, n\u1ee5 h\u00f4n, c\u00e1i n\u1eafm tay nh\u1eb9 nh\u00e0ng, n\u1ed3ng n\u00e0n v\u00e0 m\u00e3nh li\u1ec7t.<\/p>\n<p><img decoding=\"async\" class=\"alignnone wp-image-33042 size-full\" src=\"https:\/\/dalatreview.vn\/wp-content\/uploads\/2023\/10\/deluxe5.jpg\" alt=\"Mercure Dalat Resort\" width=\"2048\" height=\"1365\" \/><\/p>\n<p><span style=\"font-size: 16px;\">To\u00e0n b\u1ed9 kh\u00f4ng gian c\u1ee7a t\u00f2a nh\u00e0 Mercure Dalat Resort ng\u1eadp tr\u00e0n s\u1eafc t\u00edm c\u1ee7a nh\u1eefng nh\u00e0nh O\u1ea3i H\u01b0\u01a1ng, \u0111\u01b0\u1ee3c m\u1ec7nh danh l\u00e0 th\u1ea3o d\u01b0\u1ee3c c\u1ee7a t\u00ecnh y\u00eau v\u00e0 t\u01b0\u1ee3ng tr\u01b0ng cho s\u1ef1 tinh t\u1ebf nh\u1eb9 nh\u00e0ng nh\u01b0 m\u1ed9t n\u00e0ng th\u01a1 e \u1ea5p v\u00e0 quy\u1ebfn r\u0169, c\u00e0ng ng\u1eafm nh\u00ecn c\u00e0ng \u0111\u1eafm say.<\/span><\/p>\n<p><img decoding=\"async\" class=\"alignnone wp-image-33043 size-full\" src=\"https:\/\/dalatreview.vn\/wp-content\/uploads\/2023\/10\/family-1.jpg\" alt=\"thi\u1ebft k\u1ebf ph\u00f2ng t\u1ea1i mecure resort dalat\" width=\"2048\" height=\"1365\" \/><\/p>\n<p>Kh\u00f4ng gian b\u00ean trong c\u1ee7a Mercure Dalat Resort k\u1ebft h\u1ee3p hai t\u00f4ng m\u00e0u t\u00edm v\u00e0 n\u00e2u tr\u1ea7m c\u00f9ng nh\u1eefng \u00e1nh \u0111\u00e8n v\u00e0ng \u1ea5m \u00e1p sang tr\u1ecdng t\u00f4n vinh v\u1ebb \u0111\u1eb9p tinh t\u1ebf v\u00e0 l\u00e3ng m\u1ea1n.<\/p>\n<p><img decoding=\"async\" class=\"aligncenter wp-image-33044 size-full\" src=\"https:\/\/dalatreview.vn\/wp-content\/uploads\/2023\/10\/365030139_300091732549362_6368928134912675928_n.jpg\" alt=\"thi\u1ebft k\u1ebf ph\u00f2ng t\u1ea1i mecure resort dalat\" width=\"2048\" height=\"1365\" \/><\/p>\n<p>Khi b\u01b0\u1edbc v\u00e0o b\u00ean trong, Mercure Dalat Resort s\u1ebd khi\u1ebfn b\u1ea1n \u201csi m\u00ea\u201d xao xuy\u1ebfn qua nh\u1eefng b\u1ea3n t\u00ecnh ca ng\u1ecdt ng\u00e0o, nh\u1eefng m\u00f9i h\u01b0\u01a1ng say \u0111\u1eafm c\u1ee7a hoa v\u00e0 n\u1ebfn, c\u00f9ng s\u1ef1 b\u00e0y tr\u00ed t\u1ec9 m\u1ec9 v\u00e0 kh\u00e9o l\u00e9o c\u1ee7a c\u00e1c v\u1eadt d\u1ee5ng trang tr\u00ed, t\u1ea1o n\u00ean m\u1ed9t t\u1ed5ng th\u1ec3 h\u00e0i h\u00f2a m\u00e3n nh\u00e3n.<\/p>\n<h2 id=\"3-dich-vu-tien-nghi\"><span style=\"font-size: 24px;\">3. D\u1ecbch v\u1ee5 ti\u1ec7n nghi<\/span><\/h2>\n<p>Mercure Dalat Resort lu\u00f4n mong mu\u1ed1n mang \u0111\u1ebfn du kh\u00e1ch s\u1ef1 ti\u1ec7n nghi ho\u00e0n h\u1ea3o \u0111\u1ec3 ngh\u1ec9 ng\u01a1i v\u00e0 kh\u00e1m ph\u00e1 th\u00e0nh ph\u1ed1 t\u00ecnh y\u00eau v\u1edbi nh\u1eefng c\u0103n bi\u1ec7t th\u1ef1 v\u1edbi thi\u1ebft k\u1ebf c\u1ed5 \u0111i\u1ec3n v\u00e0 hi\u1ec7n \u0111\u1ea1i m\u00e0 trong ch\u00ednh n\u00f3 c\u0169ng l\u00e0 nh\u1eefng m\u1ed1i t\u00ecnh th\u01a1 m\u1ed9ng.<\/p>\n<p><img decoding=\"async\" class=\"aligncenter wp-image-33045 size-full\" src=\"https:\/\/dalatreview.vn\/wp-content\/uploads\/2023\/10\/356847146_281676384390897_7315659946849755940_n.jpg\" alt=\"nh\u00e0 h\u00e0ng t\u1ea1i mecure resort\" width=\"2048\" height=\"1365\" \/><\/p>\n<p>Ngo\u00e0i d\u1ecbch v\u1ee5 l\u01b0u tr\u00fa, Mercure Dalat Resort ch\u00ednh l\u00e0 NH\u00c0 H\u00c0NG DEUX AMANTS (The Lovers), v\u1edbi h\u1ec7 th\u1ed1ng \u1ea9m th\u1ef1c ch\u00fa tr\u1ecdng \u0111\u1ebfn c\u00e1c gi\u00e1 tr\u1ecb nguy\u00ean b\u1ea3n c\u1ee7a v\u00f9ng cao nguy\u00ean b\u1eb1ng vi\u1ec7c k\u1ebft h\u1ee3p ngu\u1ed3n n\u00f4ng s\u1ea3n \u0111\u1ecba ph\u01b0\u01a1ng v\u1edbi tay ngh\u1ec1 c\u1ee7a c\u00e1c \u0111\u1ea7u b\u1ebfp 5 sao, t\u1ea1o n\u00ean nh\u1eefng m\u00f3n \u0103n \u0111\u1eadm b\u1ea3n s\u1eafc v\u0103n h\u00f3a.<\/p>\n<p><img decoding=\"async\" class=\"aligncenter wp-image-33046 size-full\" src=\"https:\/\/dalatreview.vn\/wp-content\/uploads\/2023\/10\/358710992_300142005877668_7921533456728164109_n.jpg\" alt=\"qu\u1ea7y pha ch\u1ebf t\u1ea1i mecure resort dalat\" width=\"1280\" height=\"1280\" \/><\/p>\n<p>C\u00e1c qu\u1ea7y pha ch\u1ebf \u0111\u01b0\u1ee3c thi\u1ebft k\u1ebf hi\u1ec7n l\u00ean nh\u01b0 m\u1ed9t \u0111\u00f3a hoa n\u1edf r\u1ed9 v\u1edbi nh\u1ee5y hoa \u0111\u1ea7y s\u1eafc h\u01b0\u01a1ng, v\u1edbi c\u00e1c b\u1ed9 gh\u1ebf t\u1ef1a \u0111\u01b0\u1ee3c s\u1eafp \u0111\u1eb7t nh\u01b0 nh\u1eefng c\u00e1nh hoa khoe h\u01b0\u01a1ng th\u01a1m v\u00e0 quy\u1ebfn r\u0169 trong kh\u00f4ng gian c\u1ee7a nh\u1eefng \u00e2m thanh du d\u01b0\u01a1ng v\u00e0 tao nh\u00e3.<\/p>\n<p><img decoding=\"async\" class=\"aligncenter wp-image-33047 size-full\" src=\"https:\/\/dalatreview.vn\/wp-content\/uploads\/2023\/10\/340012404_1309890319560103_7000524066183284174_n.jpg\" alt=\"set up ti\u1ec7c c\u01b0\u1edbi t\u1ea1i mecure resort dalat \" width=\"2048\" height=\"1366\" \/><\/p>\n<p>\u0110\u1eb7c bi\u1ec7t, t\u1ea1i Mercure Resort Dalat b\u1ea1n c\u00f3 th\u1ec3 t\u1ed5 ch\u1ee9c nh\u1eefng b\u1eefa ti\u1ec7c sinh nh\u1eadt hay \u0111\u00e1m c\u01b0\u1edbi c\u1ee7a ch\u00ednh m\u00ecnh n\u1eefa \u0111\u00f3.<\/p>\n<h2 id=\"4-cac-hang-phong\"><span style=\"color: #003300;\"><strong>4. C\u00e1c h\u1ea1ng ph\u00f2ng\u00a0<\/strong><\/span><\/h2>\n<ul>\n<li>Deluxe<\/li>\n<li>Family<\/li>\n<li>Executive<\/li>\n<\/ul>\n<p><span style=\"font-weight: 400; font-size: 16px;\"><strong>Ph\u1ee5 thu ng\u01b0\u1eddi l\u1edbn:<\/strong> 900.000\/ ng\u01b0\u1eddi (Bao g\u1ed3m \u0103n s\u00e1ng v\u00e0 k\u00ea gi\u01b0\u1eddng ph\u1ee5)<\/span><\/p>\n<p><span style=\"font-weight: 400; font-size: 16px;\"><strong>Ph\u1ee5 thu tr\u1ebb em:<\/strong> 500.000\/ b\u00e9 (Bao g\u1ed3m \u0103n s\u00e1ng)<\/span><\/p>\n<p><span style=\"font-weight: 400; font-size: 16px;\">Giai \u0111o\u1ea1n cao \u0111i\u1ec3m: 01\/06 \u2013 31\/08 , 01\/01 \u2013 31\/03<\/span><\/p>\n<p><span style=\"font-weight: 400; font-size: 16px;\">Giai \u0111o\u1ea1n th\u1ea5p \u0111i\u1ec3m: 01\/09 \u2013 31\/12 , 01\/04 \u2013 31\/05<\/span><\/p>\n<p><span style=\"font-weight: 400; font-size: 16px;\">(tr\u1eeb c\u00e1c ng\u00e0y l\u1ec5 t\u1ebft)<\/span><\/p>\n<p><strong><span style=\"font-size: 16px;\">Ph\u1ee5 thu c\u00e1c ng\u00e0y l\u1ec5:<\/span><\/strong><\/p>\n<p><span style=\"font-weight: 400; font-size: 16px;\">&#8211; L\u1ec5: 02\/09 &amp; 03\/09 (Indenpendent day); Flower Festival; 23\/12 &amp; 24\/12<\/span><\/p>\n<p><span style=\"font-weight: 400; font-size: 16px;\">(Christmas Date) 30\/12 &amp;31\/12 , 01\/01 &amp; 02\/01 (New year): VND<\/span><\/p>\n<p><span style=\"font-weight: 400; font-size: 16px;\">700,000\/room\/night<\/span><\/p>\n<p><span style=\"font-weight: 400; font-size: 16px;\">&#8211; T\u1ebft Ta: 20\/01\/2023 \u2013 29\/01\/2023 (Lunar New Year): VND 1,000,000\/room\/night<\/span><\/p>\n<p><strong>Ph\u00f2ng Deluxe:\u00a0<\/strong><\/p>\n<p><img decoding=\"async\" class=\"alignnone wp-image-33022 size-full\" src=\"https:\/\/dalatreview.vn\/wp-content\/uploads\/2023\/10\/deluxe-1.jpg\" alt=\"Ph\u00f2ng Deluxe\" width=\"2048\" height=\"2048\" \/><\/p>\n<p><strong>Ph\u00f2ng Family:\u00a0<\/strong><\/p>\n<p><img decoding=\"async\" class=\"alignnone wp-image-33023 size-full\" src=\"https:\/\/dalatreview.vn\/wp-content\/uploads\/2023\/10\/family.jpg\" alt=\"ph\u00f2ng Family\" width=\"2048\" height=\"1365\" \/><\/p>\n<p><strong>Ph\u00f2ng Executive:\u00a0<\/strong><\/p>\n<p><img decoding=\"async\" class=\"aligncenter wp-image-33024 size-full\" src=\"https:\/\/dalatreview.vn\/wp-content\/uploads\/2023\/10\/exe2.jpg\" alt=\"ph\u00f2ng Executive\" width=\"2048\" height=\"1365\" \/><\/p>\n<h2 id=\"5-lien-he\"><span style=\"color: #003300;\"><strong>5. Li\u00ean H\u1ec7\u00a0<\/strong><\/span><\/h2>\n<p>Li\u00ean h\u1ec7 book ph\u00f2ng: <a href=\"https:\/\/zalo.me\/dalatreview\" target=\"_blank\" rel=\"noopener\">\u0110\u00e0 L\u1ea1t Review T\u1ea5t T\u1ea7n T\u1eadt<\/a><\/p>\n<p>S\u0110T\/Zalo: 0968 249 297<\/p>\n<p>Xem th\u00eam b\u00e0i vi\u1ebft kh\u00e1c t\u1ea1i:\u00a0<a href=\"https:\/\/dalatreview.vn\/en\/\">\u0110\u00e0 L\u1ea1t Review<\/a><\/p>","protected":false},"excerpt":{"rendered":"<p class=\"p1\">Mercure Dalat Resort m\u00ea ho\u1eb7c du kh\u00e1ch v\u1edbi kh\u00f4ng gian ki\u1ebfn tr\u00fac l\u00e3ng m\u1ea1n \u0111\u1eadm ch\u1ea5t th\u01a1 \u0111\u1ea7u th\u1ebf k\u1ef7 20 c\u1ee7a Ph\u00e1p, n\u1eb1m gi\u1eefa m\u1ed9t khu v\u01b0\u1eddn xanh m\u00e1t c\u1ee7a nh\u1eefng lo\u00e0i hoa<\/p>","protected":false},"featured_media":33039,"comment_status":"open","ping_status":"closed","template":"","meta":{"_acf_changed":false,"rank_math_lock_modified_date":false},"product_cat":[29,44],"product_tag":[],"acf":[],"_links":{"self":[{"href":"https:\/\/dalatreview.vn\/en\/wp-json\/wp\/v2\/product\/33020"}],"collection":[{"href":"https:\/\/dalatreview.vn\/en\/wp-json\/wp\/v2\/product"}],"about":[{"href":"https:\/\/dalatreview.vn\/en\/wp-json\/wp\/v2\/types\/product"}],"replies":[{"embeddable":true,"href":"https:\/\/dalatreview.vn\/en\/wp-json\/wp\/v2\/comments?post=33020"}],"wp:featuredmedia":[{"embeddable":true,"href":"https:\/\/dalatreview.vn\/en\/wp-json\/wp\/v2\/media\/33039"}],"wp:attachment":[{"href":"https:\/\/dalatreview.vn\/en\/wp-json\/wp\/v2\/media?parent=33020"}],"wp:term":[{"taxonomy":"product_cat","embeddable":true,"href":"https:\/\/dalatreview.vn\/en\/wp-json\/wp\/v2\/product_cat?post=33020"},{"taxonomy":"product_tag","embeddable":true,"href":"https:\/\/dalatreview.vn\/en\/wp-json\/wp\/v2\/product_tag?post=33020"}],"curies":[{"name":"wp","href":"https:\/\/api.w.org\/{rel}","templated":true}]}}