
{"id":32922,"date":"2023-10-14T16:59:32","date_gmt":"2023-10-14T09:59:32","guid":{"rendered":"https:\/\/dalatreview.vn\/?p=32922"},"modified":"2024-10-12T09:57:03","modified_gmt":"2024-10-12T02:57:03","slug":"new-life-hotel-hon-ca-tieu-chuan-3-sao","status":"publish","type":"product","link":"https:\/\/dalatreview.vn\/en\/new-life-hotel-hon-ca-tieu-chuan-3-sao.html","title":{"rendered":"New Life Hotel \u2013 H\u01a1n c\u1ea3 ti\u00eau chu\u1ea9n 3 sao"},"content":{"rendered":"<nav class=\"vietrick-auto-toc\">\n<div class=\"box-title\">\n<h3 class=\"toc-title\" id=\"select-menu\">Danh m\u1ee5c ch\u00ednh<\/h3>\n<div><ion-icon name=\"chevron-up-outline\"><\/ion-icon><\/div>\n<\/div>\n<ul class=\"toc-list\">\n<li><a href='https:\/\/dalatreview.vn\/en#new-life-hotel-hon-ca-tieu-chuan-3-sao' class='heading-h2 toc-link smooth-scroll'>New Life Hotel \u2013 H\u01a1n c\u1ea3 ti\u00eau chu\u1ea9n 3 sao<\/a>\n<li><a href='https:\/\/dalatreview.vn\/en#1-vi-tri-new-life-hotel' class='heading-h2 toc-link smooth-scroll'>1. V\u1ecb tr\u00ed New Life Hotel\u00a0<\/a>\n<li><a href='https:\/\/dalatreview.vn\/en#2-decor-new-life-hotel' class='heading-h2 toc-link smooth-scroll'>2. Decor New Life Hotel\u00a0<\/a>\n<li><a href='https:\/\/dalatreview.vn\/en#3-dich-vu-tien-nghi' class='heading-h2 toc-link smooth-scroll'>3. D\u1ecbch v\u1ee5 ti\u1ec7n nghi\u00a0<\/a>\n<li><a href='https:\/\/dalatreview.vn\/en#4-gia-phong' class='heading-h2 toc-link smooth-scroll'>4. Gi\u00e1 Ph\u00f2ng\u00a0<\/a>\n<li><a href='https:\/\/dalatreview.vn\/en#5-thong-tin-lien-he' class='heading-h2 toc-link smooth-scroll'>5. Th\u00f4ng tin li\u00ean h\u1ec7\u00a0<\/a><\/ul>\n<\/ul>\n<\/li>\n<\/ul>\n<\/nav>\n<h2 style=\"text-align: center;\" id=\"new-life-hotel-hon-ca-tieu-chuan-3-sao\"><span style=\"color: #003300;\"><strong>New Life Hotel \u2013 H\u01a1n c\u1ea3 ti\u00eau chu\u1ea9n 3 sao<\/strong><\/span><\/h2>\n<p><img decoding=\"async\" class=\"size-full wp-image-32923 aligncenter\" src=\"https:\/\/dalatreview.vn\/wp-content\/uploads\/2023\/10\/PBF00228.png\" alt=\"new life hotel \" width=\"1500\" height=\"1000\" \/><\/p>\n<h2 id=\"1-vi-tri-new-life-hotel\"><span style=\"color: #003300;\"><strong>1. V\u1ecb tr\u00ed New Life Hotel\u00a0<\/strong><\/span><\/h2>\n<p>N\u1ebfu nh\u01b0 b\u1ea1n \u0111ang mu\u1ed1n t\u00ecm cho m\u00ecnh m\u1ed9t \u0111\u1ecba \u0111i\u1ec3m ngh\u1ec9 d\u01b0\u1ee1ng g\u1ea7n ngay trung t\u00e2m th\u00e0nh ph\u1ed1, ph\u1ea3i y\u00ean t\u0129nh c\u00f3 view ng\u1eafm tr\u1ecdn v\u1eb9n c\u1ea3nh \u0111\u1eb9p c\u1ee7a \u0110\u00e0 L\u1ea1t v\u00e0 mu\u1ed1n gi\u00e1 \u201cm\u1ec1m\u201d v\u1eady th\u00ec\u00a0New Life Hotel s\u1ebd l\u00e0 m\u1ed9t s\u1ef1 l\u1ef1a ch\u1ecdn v\u00f4 c\u00f9ng h\u1ee3p l\u00fd \u0111\u00f3 nha!<\/p>\n<p>&nbsp;<\/p>\n<p>T\u1ecda l\u1ea1c t\u1ea1i s\u1ed1 6 \u0110\u1ed1ng \u0110a, ph\u01b0\u1eddng 3, \u0110\u00e0 L\u1ea1t, New Life Hotel n\u1eb1m ngay t\u1ea1i trung t\u00e2m th\u00e0nh ph\u1ed1 tr\u00ean m\u1ed9t ng\u1ecdn \u0111\u1ed3i th\u01a1 m\u1ed9ng, c\u00e1ch h\u1ed3 Xu\u00e2n H\u01b0\u01a1ng 2,3 km c\u00f3 l\u1ebd ch\u00ednh v\u00ec v\u1eady m\u00e0 n\u01a1i \u0111\u00e2y tr\u00e1nh \u0111\u01b0\u1ee3c m\u1ecdi s\u1ef1 \u1ed3n \u00e1o n\u00e1o nhi\u1ec7t c\u1ee7a th\u00e0nh ph\u1ed1.<\/p>\n<p>&nbsp;<\/p>\n<p>New Life Hotel ch\u1eafc ch\u1eafn s\u1ebd l\u00e0 m\u1ed9t \u0111\u1ecba \u0111i\u1ec3m l\u01b0u tr\u00fa v\u00f4 c\u00f9ng tuy\u1ec7t v\u1eddi d\u00e0nh cho nh\u1eefng du kh\u00e1ch mu\u1ed1n h\u00f2a m\u00ecnh v\u00e0o khung c\u1ea3nh thi\u00ean nhi\u00ean v\u00e0 c\u00f3 nh\u1eefng ph\u00fat gi\u00e2y th\u01b0 gi\u00e3n v\u00e0 tho\u1ea3i m\u00e1i nh\u1ea5t khi du l\u1ecbch t\u1ea1i \u0110\u00e0 L\u1ea1t.<\/p>\n<p><img decoding=\"async\" class=\"size-full wp-image-32924 aligncenter\" src=\"https:\/\/dalatreview.vn\/wp-content\/uploads\/2023\/10\/PBF01329.png\" alt=\"new life hotel \" width=\"1500\" height=\"1000\" \/><\/p>\n<h2 id=\"2-decor-new-life-hotel\"><span style=\"color: #003300;\"><strong>2. Decor New Life Hotel\u00a0<\/strong><\/span><\/h2>\n<p>New Life Hotel \u0110\u00e0 L\u1ea1t l\u00e0 m\u1ed9t kh\u00e1ch s\u1ea1n m\u1edbi \u0111\u01b0\u1ee3c \u0111\u01b0a v\u00e0o ho\u1ea1t \u0111\u1ed9ng v\u00e0o \u0111\u1ea7u n\u0103m 2019. Kh\u00e1ch s\u1ea1n n\u00e0y c\u00f3 t\u1ed5ng c\u1ed9ng 32 ph\u00f2ng \u0111\u01b0\u1ee3c thi\u1ebft k\u1ebf theo phong c\u00e1ch tr\u1ebb trung, hi\u1ec7n \u0111\u1ea1i v\u1edbi c\u00e1c trang thi\u1ebft b\u1ecb ti\u1ec7n nghi, chuy\u00ean nghi\u1ec7p theo chu\u1ea9n 3 sao hi\u1ec7n nay.<\/p>\n<p>&nbsp;<\/p>\n<p>Kh\u00e1ch s\u1ea1n New Life Hotel s\u1eed d\u1ee5ng t\u00f4ng m\u00e0u tr\u1eafng v\u00e0 n\u00e2u l\u00e0m ch\u1ee7 \u0111\u1ea1o b\u00ean trong m\u1ed7i c\u0103n ph\u00f2ng k\u1ebft h\u1ee3p v\u1edbi k\u00ednh tr\u1eafng \u0111em \u0111\u1ebfn c\u1ea3m gi\u00e1c v\u00f4 c\u00f9ng thanh l\u1ecbch v\u00e0 nh\u00e3 nh\u1eb7n.<\/p>\n<p><img decoding=\"async\" class=\"alignnone size-full wp-image-32961\" src=\"https:\/\/dalatreview.vn\/wp-content\/uploads\/2023\/10\/PBF00768.png\" alt=\"new life hotel \" width=\"1500\" height=\"999\" \/><\/p>\n<p>M\u1ed7i ph\u00f2ng t\u1ea1i\u00a0New Life Hotel \u0111\u1ec1u \u0111\u01b0\u1ee3c thi\u1ebft k\u1ebf theo phong c\u00e1ch hi\u1ec7n \u0111\u1ea1i pha ch\u00fat c\u1ed5 \u0111i\u1ec3n, mang \u0111\u1ebfn v\u1ebb \u0111\u1eb9p sang tr\u1ecdng v\u00e0 \u0111\u1eb3ng c\u1ea5p.<\/p>\n<p>&nbsp;<\/p>\n<p>V\u1edbi kh\u00f4ng gian tho\u00e1ng \u0111\u00e3ng c\u00f9ng phong c\u00e1ch thi\u1ebft k\u1ebf hi\u1ec7n \u0111\u1ea1i v\u1eeba mang l\u1ea1i s\u1ef1 tho\u1ea3i m\u00e1i v\u00e0 v\u1eabn \u0111\u1ea7y \u0111\u1ee7 ti\u1ec7n nghi New Life Hotel h\u1ee9a h\u1eb9n s\u1ebd mang \u0111\u1ebfn cho b\u1ea1n\u00a0nh\u1eefng tr\u1ea3i nghi\u1ec7m tuy\u1ec7t v\u1eddi nh\u1ea5t trong l\u1ea7n gh\u00e9 th\u0103m \u0110\u00e0 L\u1ea1t.<\/p>\n<p><img decoding=\"async\" class=\"size-full wp-image-32927 aligncenter\" src=\"https:\/\/dalatreview.vn\/wp-content\/uploads\/2023\/10\/PBF00494.jpg\" alt=\"ph\u00f2ng t\u1ea1i new life hotel\" width=\"1500\" height=\"1000\" \/><\/p>\n<h2 id=\"3-dich-vu-tien-nghi\"><span style=\"color: #003300;\"><strong>3. D\u1ecbch v\u1ee5 ti\u1ec7n nghi\u00a0<\/strong><\/span><\/h2>\n<p>\u0110\u1eb7c bi\u1ec7t, m\u1ed7i ph\u00f2ng t\u1ea1i New Life Hotel \u0111\u1ec1u c\u00f3 ban c\u00f4ng r\u1ed9ng r\u00e3i v\u00e0 \u0111\u01b0\u1ee3c k\u00ea th\u00eam m\u1ed9t b\u1ed9 b\u00e0n gh\u1ebf, l\u00e0 n\u01a1i ho\u00e0n h\u1ea3o cho du kh\u00e1ch c\u00f3 th\u1ec3 ng\u1eafm nh\u00ecn khung c\u1ea3nh th\u00e0nh ph\u1ed1 \u0110\u00e0 L\u1ea1t th\u01a1 m\u1ed9ng v\u00e0o ban ng\u00e0y v\u00e0 lung linh huy\u1ec1n \u1ea3o v\u00e0o ban \u0111\u00eam.<\/p>\n<p><img decoding=\"async\" class=\"size-full wp-image-32928 aligncenter\" src=\"https:\/\/dalatreview.vn\/wp-content\/uploads\/2023\/10\/PBF01245.png\" alt=\"nh\u00e0 h\u00e0ng t\u1ea1i new life hotel\" width=\"1500\" height=\"1000\" \/><\/p>\n<p>Ngo\u00e0i ra, t\u1ea1i kh\u00e1ch s\u1ea1n New Life \u0110\u00e0 L\u1ea1t c\u00f2n cung c\u1ea5p d\u1ecbch v\u1ee5 t\u1ed5 ch\u1ee9c ti\u1ec7c v\u00f4 c\u00f9ng h\u1ea5p d\u1eabn \u0111\u00e1p \u1ee9ng nhu c\u1ea7u c\u1ee7a du kh\u00e1ch khi mu\u1ed1n t\u1ed5 ch\u1ee9c nh\u1eefng bu\u1ed5i sinh nh\u1eadt s\u00f4i \u0111\u1ed9ng, bu\u1ed5i ti\u1ec7c \u0111\u1ea7m \u1ea5m b\u00ean gia \u0111\u00ecnh hay c\u1ea3 kh\u00f4ng gian lung linh cho bu\u1ed5i c\u1ea7u h\u00f4n l\u00e3ng m\u1ea1n.<\/p>\n<p>&nbsp;<\/p>\n<p>New Life Hotel c\u00f3 b\u00e3i \u0111\u1eadu xe v\u1edbi s\u1ee9c ch\u1ee9a \u0111\u1ee7 l\u1edbn v\u00e0 an to\u00e0n cho ph\u01b0\u01a1ng ti\u1ec7n di chuy\u1ec3n c\u1ee7a kh\u00e1ch h\u00e0ng c\u0169ng l\u00e0 ti\u1ec7n \u00edch MI\u1ec4N PH\u00cd t\u1ea1i kh\u00e1ch s\u1ea1n<\/p>\n<p><img decoding=\"async\" class=\"size-full wp-image-32929 aligncenter\" src=\"https:\/\/dalatreview.vn\/wp-content\/uploads\/2023\/10\/PBF01305.png\" alt=\"new life hotel\" width=\"1500\" height=\"1015\" \/><\/p>\n<h2 id=\"4-gia-phong\"><span style=\"color: #003300;\"><strong>4. Gi\u00e1 Ph\u00f2ng\u00a0<\/strong><\/span><\/h2>\n<p><strong>PH\u00d2NG SUPERIOR <\/strong><\/p>\n<p>&#8211; Trong tu\u1ea7n: 700.000\/ \u0111\u00eam<\/p>\n<p>&#8211;\u00a0 Cu\u1ed1i tu\u1ea7n: 750.000\/ \u0111\u00eam<\/p>\n<p><img decoding=\"async\" class=\"alignnone wp-image-32981 size-full\" src=\"https:\/\/dalatreview.vn\/wp-content\/uploads\/2023\/10\/z4783292653839_2227d2d6c98d42e765399a69a673df30.jpg\" alt=\"Ph\u00f2ng Superior\" width=\"1500\" height=\"999\" \/><\/p>\n<p><strong>PH\u00d2NG DELUXE:<\/strong><\/p>\n<p>&#8211; Trong tu\u1ea7n: 900.000\/ \u0111\u00eam<\/p>\n<p>&#8211; Cu\u1ed1i tu\u1ea7n: 1.000.000\/ \u0111\u00eam<\/p>\n<p><img decoding=\"async\" class=\"alignnone size-full wp-image-32926\" src=\"https:\/\/dalatreview.vn\/wp-content\/uploads\/2023\/10\/PBF01345.jpg\" alt=\"ph\u00f2ng t\u1ea1i new life hotel\" width=\"1500\" height=\"1000\" \/><\/p>\n<p><strong>PH\u00d2NG TRIPLE<\/strong> (1 gi\u01b0\u1eddng l\u1edbn 1 gi\u01b0\u1eddng nh\u1ecf &#8211; 3 kh\u00e1ch):<\/p>\n<p>&#8211; Trong tu\u1ea7n: 900.000\/ \u0111\u00eam<\/p>\n<p>&#8211; Cu\u1ed1i tu\u1ea7n: 1.000.000\/ \u0111\u00eam<\/p>\n<p><img decoding=\"async\" class=\"alignnone wp-image-32982 size-full\" src=\"https:\/\/dalatreview.vn\/wp-content\/uploads\/2023\/10\/z4783300111291_b961e1cef38c3f84bc04ce9897552501.jpg\" alt=\"Ph\u00f2ng Triple\" width=\"1200\" height=\"800\" \/><\/p>\n<p><strong>PH\u00d2NG FAMILY<\/strong> (2 gi\u01b0\u1eddng l\u1edbn &#8211; 4 kh\u00e1ch):<\/p>\n<p>&#8211; Trong tu\u1ea7n: 1.200.000\/ \u0111\u00eam<\/p>\n<p>&#8211; Cu\u1ed1i tu\u1ea7n: 1.400.000\/ \u0111\u00eam<\/p>\n<p><img decoding=\"async\" class=\"alignnone wp-image-32942 size-full\" src=\"https:\/\/dalatreview.vn\/wp-content\/uploads\/2023\/10\/PBF00410.jpg\" alt=\"Ph\u00f2ng Family\" width=\"1500\" height=\"1000\" \/><\/p>\n<h2 id=\"5-thong-tin-lien-he\"><span style=\"color: #003300;\"><strong>5. Th\u00f4ng tin li\u00ean h\u1ec7\u00a0<\/strong><\/span><\/h2>\n<p>Li\u00ean h\u1ec7 book ph\u00f2ng: <a href=\"https:\/\/zalo.me\/dalatreview\" target=\"_blank\" rel=\"noopener\">\u0110\u00e0 L\u1ea1t Review T\u1ea5t T\u1ea7n T\u1eadt<\/a><\/p>\n<p>S\u0110T\/Zalo: 0968 249 297<\/p>\n<p>Xem th\u00eam b\u00e0i vi\u1ebft kh\u00e1c t\u1ea1i:\u00a0<a href=\"https:\/\/dalatreview.vn\/en\/\">\u0110\u00e0 L\u1ea1t Review<\/a><\/p>","protected":false},"excerpt":{"rendered":"<div class=\"detailHotel__list--body__description\">\n<div class=\"detailHotel__list--body__description--text\">\n<p class=\"p1\">T\u1ecda l\u1ea1c t\u1ea1i s\u1ed1 6 \u0110\u1ed1ng \u0110a, ph\u01b0\u1eddng 3, \u0110\u00e0 L\u1ea1t, New Life Hotel n\u1eb1m ngay t\u1ea1i trung t\u00e2m th\u00e0nh ph\u1ed1 tr\u00ean m\u1ed9t ng\u1ecdn \u0111\u1ed3i th\u01a1 m\u1ed9ng, c\u00e1ch H\u1ed3 Xu\u00e2n H\u01b0\u01a1ng 2,3 km<\/p>\n<\/div>\n<\/div>","protected":false},"featured_media":32978,"comment_status":"open","ping_status":"closed","template":"","meta":{"_acf_changed":false,"rank_math_lock_modified_date":false},"product_cat":[29,2249,46],"product_tag":[],"acf":[],"_links":{"self":[{"href":"https:\/\/dalatreview.vn\/en\/wp-json\/wp\/v2\/product\/32922"}],"collection":[{"href":"https:\/\/dalatreview.vn\/en\/wp-json\/wp\/v2\/product"}],"about":[{"href":"https:\/\/dalatreview.vn\/en\/wp-json\/wp\/v2\/types\/product"}],"replies":[{"embeddable":true,"href":"https:\/\/dalatreview.vn\/en\/wp-json\/wp\/v2\/comments?post=32922"}],"wp:featuredmedia":[{"embeddable":true,"href":"https:\/\/dalatreview.vn\/en\/wp-json\/wp\/v2\/media\/32978"}],"wp:attachment":[{"href":"https:\/\/dalatreview.vn\/en\/wp-json\/wp\/v2\/media?parent=32922"}],"wp:term":[{"taxonomy":"product_cat","embeddable":true,"href":"https:\/\/dalatreview.vn\/en\/wp-json\/wp\/v2\/product_cat?post=32922"},{"taxonomy":"product_tag","embeddable":true,"href":"https:\/\/dalatreview.vn\/en\/wp-json\/wp\/v2\/product_tag?post=32922"}],"curies":[{"name":"wp","href":"https:\/\/api.w.org\/{rel}","templated":true}]}}