
{"id":32894,"date":"2023-10-14T16:00:13","date_gmt":"2023-10-14T09:00:13","guid":{"rendered":"https:\/\/dalatreview.vn\/?p=32894"},"modified":"2024-10-12T09:58:27","modified_gmt":"2024-10-12T02:58:27","slug":"river-park-hotel-view-xinh-danh-cho-dan-sanh-chill-da-lat","status":"publish","type":"product","link":"https:\/\/dalatreview.vn\/en\/river-park-hotel-view-xinh-danh-cho-dan-sanh-chill-da-lat.html","title":{"rendered":"River Park Hotel &#8211; View xinh d\u00e0nh cho d\u00e2n s\u00e0nh chill \u0110\u00e0 L\u1ea1t"},"content":{"rendered":"<nav class=\"vietrick-auto-toc\">\n<div class=\"box-title\">\n<h3 class=\"toc-title\" id=\"select-menu\">Danh m\u1ee5c ch\u00ednh<\/h3>\n<div><ion-icon name=\"chevron-up-outline\"><\/ion-icon><\/div>\n<\/div>\n<ul class=\"toc-list\">\n<li><a href='https:\/\/dalatreview.vn\/en#river-park-hotel-view-xinh-danh-cho-dan-sanh-chill-da-lat' class='heading-h2 toc-link smooth-scroll'>River Park Hotel &#8211; View xinh d\u00e0nh cho d\u00e2n s\u00e0nh chill \u0110\u00e0 L\u1ea1t<\/a>\n<li><a href='https:\/\/dalatreview.vn\/en#' class='heading-h2 toc-link smooth-scroll'><\/a>\n<li><a href='https:\/\/dalatreview.vn\/en#1-vi-tri-river-park-hotel' class='heading-h2 toc-link smooth-scroll'>1. V\u1ecb tr\u00ed River Park Hotel<\/a>\n<li><a href='https:\/\/dalatreview.vn\/en#2-decor-river-park-hotel' class='heading-h2 toc-link smooth-scroll'>2. Decor River Park Hotel\u00a0<\/a>\n<li><a href='https:\/\/dalatreview.vn\/en#3-dich-vu-tien-nghi' class='heading-h2 toc-link smooth-scroll'>3. D\u1ecbch v\u1ee5 ti\u1ec7n nghi\u00a0<\/a>\n<li><a href='https:\/\/dalatreview.vn\/en#4-gia-phong' class='heading-h2 toc-link smooth-scroll'>4. Gi\u00e1 ph\u00f2ng<\/a>\n<li><a href='https:\/\/dalatreview.vn\/en#5-lien-he' class='heading-h2 toc-link smooth-scroll'>5. Li\u00ean h\u1ec7<\/a><\/ul>\n<\/ul>\n<\/li>\n<\/ul>\n<\/nav>\n<h2 style=\"text-align: center;\" id=\"river-park-hotel-view-xinh-danh-cho-dan-sanh-chill-da-lat\"><span style=\"color: #003300;\"><strong>River Park Hotel &#8211; View xinh d\u00e0nh cho d\u00e2n s\u00e0nh chill \u0110\u00e0 L\u1ea1t<\/strong><\/span><\/h2>\n<h2 style=\"text-align: center;\" id=\"\"><span style=\"color: #003300;\"><strong><img decoding=\"async\" class=\"aligncenter wp-image-32895 size-full\" src=\"https:\/\/dalatreview.vn\/wp-content\/uploads\/2023\/10\/z4346859413533_5d20e6e96035f862f3f77e414579dac6.jpg\" alt=\"river park hotel\" width=\"2560\" height=\"1706\" \/><\/strong><\/span><\/h2>\n<h2 style=\"text-align: left;\" id=\"1-vi-tri-river-park-hotel\">1. V\u1ecb tr\u00ed River Park Hotel<\/h2>\n<p style=\"text-align: left;\">Kh\u00e1ch s\u1ea1n River Park Hotel t\u1ecda l\u1ea1c \u1edf v\u1ecb tr\u00ed thu\u1eadn ti\u1ec7n t\u1ea1i khu H\u1ed3 Xu\u00e2n H\u01b0\u01a1ng, c\u00e1ch Ch\u1ee3 \u0110\u00e0 L\u1ea1t 800m, c\u00e1ch H\u1ed3 Xu\u00e2n H\u01b0\u01a1ng 400m, c\u00e1ch khu H\u00f2a B\u00ecnh 550m v\u00e0 c\u00e1ch b\u1ebfn xe Th\u00e0nh B\u01b0\u1edfi Phan B\u1ed9i Ch\u00e2u 300m.<\/p>\n<p>&nbsp;<\/p>\n<p style=\"text-align: left;\">C\u00e1c \u0111i\u1ec3m tham quan n\u1ed5i ti\u1ebfng g\u1ea7n River Park Hotel Dalat bao g\u1ed3m V\u01b0\u1eddn hoa \u0110\u00e0 L\u1ea1t, Bi\u1ec7t th\u1ef1 H\u1eb1ng Nga (Ng\u00f4i nh\u00e0 \u0111i\u00ean) v\u00e0 Dinh B\u1ea3o \u0110\u1ea1i. S\u00e2n bay g\u1ea7n nh\u1ea5t l\u00e0 s\u00e2n bay Li\u00ean Kh\u01b0\u01a1ng, n\u1eb1m trong b\u00e1n k\u00ednh 23 km t\u1eeb kha\u0301ch sa\u0323n, v\u00e0 ch\u1ed7 ngh\u1ec9 cung c\u1ea5p d\u1ecbch v\u1ee5 \u0111\u01b0a \u0111\u00f3n s\u00e2n bay v\u1edbi m\u1ed9t kho\u1ea3n ph\u1ee5 ph\u00ed.<\/p>\n<p><img decoding=\"async\" class=\"aligncenter wp-image-32896 size-full\" src=\"https:\/\/dalatreview.vn\/wp-content\/uploads\/2023\/10\/309224578_116067997939755_106201993816043129_n.jpg\" alt=\"river park hotel\" width=\"2048\" height=\"1365\" \/><\/p>\n<h2 id=\"2-decor-river-park-hotel\"><span style=\"color: #003300;\"><strong>2. Decor River Park Hotel\u00a0<\/strong><\/span><\/h2>\n<p>Kh\u00e1ch s\u1ea1n River Park Hotel Dalat \u0111\u01b0\u1ee3c x\u00e2y d\u1ef1ng theo l\u1ed1i ki\u1ebfn tr\u00fac Ch\u00e2u \u00c2u, kh\u00e1ch s\u1ea1n n\u00e0y c\u00f3 t\u1ea5t c\u1ea3 104 ph\u00f2ng ti\u1ec7n nghi, hi\u1ec7n \u0111\u1ea1i v\u00e0 nh\u00e0 h\u00e0ng ph\u1ee5c v\u1ee5 kh\u00e1ch v\u1edbi s\u1ed1 l\u01b0\u1ee3ng l\u1edbn.<\/p>\n<p>&nbsp;<\/p>\n<p>Khi b\u01b0\u1edbc v\u00e0o m\u1ed7i ph\u00f2ng t\u1ea1i \u0111\u00e2y, b\u1ea1n nh\u01b0 \u0111\u01b0\u1ee3c r\u0169 b\u1ecf nh\u1eefng mu\u1ed9n phi\u1ec1n, m\u1ec7t m\u1ecfi c\u1ee7a m\u1ed9t ng\u00e0y d\u00e0i qua \u00f4 c\u1eeda k\u00ednh l\u1edbn v\u1edbi chi\u1ebfc view ng\u1eafm th\u00e0nh ph\u1ed1 v\u00f4 c\u00f9ng l\u00e3ng m\u1ea1n.<\/p>\n<p>&nbsp;<\/p>\n<p>Ngo\u00e0i ra, m\u1ed7i ph\u00f2ng \u0111\u1ec1u \u0111\u01b0\u1ee3c trang b\u1ecb n\u1ed9i th\u1ea5t cao c\u1ea5p, \u0111\u1ea7y \u0111\u1ee7 ti\u1ec7n nghi hi\u1ec7n \u0111\u1ea1i. Decor \u0111\u01a1n gi\u1ea3n, t\u1ea1o kh\u00f4ng gian r\u1ed9ng r\u00e3i, tho\u00e1ng m\u00e1t v\u00e0 s\u1ea1ch s\u1ebd cho b\u1ea1n khi l\u1ef1a ch\u1ecdn l\u01b0u tr\u00fa t\u1ea1i \u0111\u00e2y.<\/p>\n<p><img decoding=\"async\" class=\"aligncenter wp-image-32899 size-full\" src=\"https:\/\/dalatreview.vn\/wp-content\/uploads\/2023\/10\/z4346859917514_eacd71d6ddaee669c1dc1881d53627bf.jpg\" alt=\"ph\u00f2ng ngh\u1ec9 t\u1ea1i river park hotel\" width=\"2448\" height=\"1834\" \/><\/p>\n<h2 id=\"3-dich-vu-tien-nghi\"><span style=\"color: #003300;\"><strong>3. D\u1ecbch v\u1ee5 ti\u1ec7n nghi\u00a0<\/strong><\/span><\/h2>\n<p>River Park Hotel Dalat bao g\u1ed3m c\u00e1c ph\u00f2ng ngh\u1ec9 gi\u01b0\u1eddng \u0111\u01a1n, \u0111\u00f4i v\u00e0 ph\u00f2ng gia \u0111\u00ecnh r\u1ed9ng r\u00e3i s\u1ea1ch s\u1ebd. M\u1ed7i ph\u00f2ng t\u1ea1i \u0111\u00e2y \u0111\u1ec1u trang b\u1ecb tivi, t\u1ee7 l\u1ea1nh, b\u1ed3n t\u1eafm v\u00e0 bu\u1ed3ng t\u1eafm \u0111\u1ee9ng ri\u00eang. Ngo\u00e0i ra nh\u1eefng v\u1eadt d\u1ee5ng v\u1ec7 sinh c\u00e1 nh\u00e2n \u0111\u1ec1u \u0111\u01b0\u1ee3c chu\u1ea9n b\u1ecb \u0111\u1ea7y \u0111\u1ee7 cho kh\u00e1ch h\u00e0ng t\u1ea1i River Park Hotel.<\/p>\n<p><img decoding=\"async\" class=\"aligncenter wp-image-32900 size-full\" src=\"https:\/\/dalatreview.vn\/wp-content\/uploads\/2023\/10\/z4346859976147_f130022ce4d19dcb1b35bc5934600c8a.jpg\" alt=\"ph\u00f2ng ngh\u1ec9 t\u1ea1i river park hotel\" width=\"2448\" height=\"1834\" \/><\/p>\n<p>&#8211; C\u00e1c ph\u00f2ng \u0111\u1ec1u View c\u1eeda s\u1ed5 ho\u1eb7c ban c\u00f4ng<\/p>\n<p dir=\"auto\">&#8211; Gi\u01b0\u1eddng \u0110\u01a1n + Gi\u01b0\u1eddng \u0110\u00f4i v\u00e0 trang b\u1ecb \u0111\u1ea7y \u0111\u1ee7 ti\u1ec7n nghi, N\u1ec7m kimdan, tho\u00e1ng m\u00e1t.<\/p>\n<p dir=\"auto\">&#8211; C\u00f3 view th\u00e0nh ph\u1ed1 v\u1ec1 \u0111\u00eam th\u01a1 m\u1ed9ng v\u00e0 c\u00f3 th\u1ec3 \u0111\u01b0\u1ee3c b\u00ecnh minh v\u00e0 ho\u00e0ng h\u00f4n<\/p>\n<p dir=\"auto\">&#8211; C\u00f3 cho thu\u00ea xe m\u00e1y<\/p>\n<p dir=\"auto\">&#8211; L\u1ec5 t\u00e2n th\u00e2n thi\u1ec7n, d\u1ec5 th\u01b0\u01a1ng, ph\u1ee5c v\u1ee5 24\/7.<\/p>\n<p dir=\"auto\">&#8211; Ph\u00f2ng \u1ed1c r\u1ed9ng r\u00e3i tho\u00e1ng m\u00e1t , c\u00f3 view ng\u1eafm th\u00e0nh ph\u1ed1 siu x\u1ecbn<\/p>\n<p dir=\"auto\">&#8211; Linh ho\u1ea1t gi\u1edd checkin, c\u00f3 ph\u00f2ng gi\u1edd n\u00e0o nh\u1eadn ph\u00f2ng gi\u1edd \u0111\u00f3.<\/p>\n<p dir=\"auto\">&#8211; \u0110\u1eb7t tour tham quan trong ng\u00e0y<\/p>\n<p dir=\"auto\">&#8211; Wifi, n\u01b0\u1edbc v\u00e0 c\u00e0 ph\u00ea mi\u1ec5n ph\u00ed<\/p>\n<p dir=\"auto\"><img decoding=\"async\" class=\"aligncenter wp-image-32901 size-full\" src=\"https:\/\/dalatreview.vn\/wp-content\/uploads\/2023\/10\/z4347089095269_daa78a04a9fa37c462b8e4a6b54081ab.jpg\" alt=\"ph\u00f2ng ngh\u1ec9 t\u1ea1i river park hotel \" width=\"2560\" height=\"1706\" \/><\/p>\n<h2 id=\"4-gia-phong\"><strong>4. Gi\u00e1 ph\u00f2ng<\/strong><\/h2>\n<p><b>PH\u00d2NG DOUBLE\u00a0<\/b><\/p>\n<p><span style=\"font-weight: 400;\">&#8211; Superior kh\u00f4ng c\u1eeda s\u1ed5: 600.000\/ \u0111\u00eam\u00a0<\/span><\/p>\n<p><span style=\"font-weight: 400;\">&#8211; Deluxe: 700.000 VN\u0110\/ \u0111\u00eam\u00a0<\/span><\/p>\n<p><span style=\"font-weight: 400;\">&#8211; Premier: 900.000 VN\u0110\/ \u0111\u00eam\u00a0<\/span><\/p>\n<p><span style=\"font-weight: 400;\">&#8211; Lake view: 1.000.000 VN\u0110\/ \u0111\u00eam\u00a0<\/span><\/p>\n<p><img decoding=\"async\" class=\"alignnone wp-image-32902 size-full\" src=\"https:\/\/dalatreview.vn\/wp-content\/uploads\/2023\/10\/z4346860058518_4bcbacebaa95a32a6c7fc587f0d5b9ac.jpg\" alt=\"ph\u00f2ng Lake view\" width=\"2448\" height=\"1834\" \/><\/p>\n<p><b>Ph\u00f2ng Family:<\/b><\/p>\n<p><span style=\"font-weight: 400;\">&#8211; Superior family: 1.100.000\/ \u0111\u00eam\u00a0<\/span><\/p>\n<p><span style=\"font-weight: 400;\">&#8211; Deluxe family: 1.200.000\/ \u0111\u00eam\u00a0<\/span><\/p>\n<p><span style=\"font-weight: 400;\">&#8211; Premier family view h\u1ed3: 1.400.000\/ \u0111\u00eam\u00a0<\/span><\/p>\n<p><img decoding=\"async\" class=\"alignnone wp-image-32903 size-full\" src=\"https:\/\/dalatreview.vn\/wp-content\/uploads\/2023\/10\/deluxe-family.jpg\" alt=\"ph\u00f2ng Deluxe family\" width=\"2048\" height=\"1536\" \/><\/p>\n<h2 id=\"5-lien-he\"><span style=\"color: #003300;\"><strong>5. Li\u00ean h\u1ec7<\/strong><\/span><\/h2>\n<p>Li\u00ean h\u1ec7 book ph\u00f2ng: <a href=\"https:\/\/zalo.me\/dalatreview\" target=\"_blank\" rel=\"noopener\">\u0110\u00e0 L\u1ea1t Review T\u1ea5t T\u1ea7n T\u1eadt<\/a><\/p>\n<p>S\u0110T\/Zalo: 0968 249 297<\/p>\n<p>Xem th\u00eam b\u00e0i vi\u1ebft kh\u00e1c t\u1ea1i: <a href=\"https:\/\/dalatreview.vn\/en\/\">\u0110\u00e0 L\u1ea1t Review <\/a><\/p>","protected":false},"excerpt":{"rendered":"<p class=\"p1\">Kh\u00e1ch s\u1ea1n River Park Hotel t\u1ecda l\u1ea1c \u1edf v\u1ecb tr\u00ed thu\u1eadn ti\u1ec7n t\u1ea1i khu H\u1ed3 Xu\u00e2n H\u01b0\u01a1ng, c\u00e1ch Ch\u1ee3 \u0110\u00e0 L\u1ea1t 800m, c\u00e1ch H\u1ed3 Xu\u00e2n H\u01b0\u01a1ng 400m, c\u00e1ch khu H\u00f2a B\u00ecnh 550m v\u00e0 c\u00e1ch b\u1ebfn xe Th\u00e0nh B\u01b0\u1edfi Phan B\u1ed9i Ch\u00e2u 300m.\u00a0<\/p>","protected":false},"featured_media":32904,"comment_status":"open","ping_status":"closed","template":"","meta":{"_acf_changed":false,"rank_math_lock_modified_date":false},"product_cat":[29,46],"product_tag":[],"acf":[],"_links":{"self":[{"href":"https:\/\/dalatreview.vn\/en\/wp-json\/wp\/v2\/product\/32894"}],"collection":[{"href":"https:\/\/dalatreview.vn\/en\/wp-json\/wp\/v2\/product"}],"about":[{"href":"https:\/\/dalatreview.vn\/en\/wp-json\/wp\/v2\/types\/product"}],"replies":[{"embeddable":true,"href":"https:\/\/dalatreview.vn\/en\/wp-json\/wp\/v2\/comments?post=32894"}],"wp:featuredmedia":[{"embeddable":true,"href":"https:\/\/dalatreview.vn\/en\/wp-json\/wp\/v2\/media\/32904"}],"wp:attachment":[{"href":"https:\/\/dalatreview.vn\/en\/wp-json\/wp\/v2\/media?parent=32894"}],"wp:term":[{"taxonomy":"product_cat","embeddable":true,"href":"https:\/\/dalatreview.vn\/en\/wp-json\/wp\/v2\/product_cat?post=32894"},{"taxonomy":"product_tag","embeddable":true,"href":"https:\/\/dalatreview.vn\/en\/wp-json\/wp\/v2\/product_tag?post=32894"}],"curies":[{"name":"wp","href":"https:\/\/api.w.org\/{rel}","templated":true}]}}