
{"id":32753,"date":"2023-10-07T10:28:04","date_gmt":"2023-10-07T03:28:04","guid":{"rendered":"https:\/\/dalatreview.vn\/?p=32753"},"modified":"2024-10-12T08:59:23","modified_gmt":"2024-10-12T01:59:23","slug":"uu-dai-di-cang-dong-cang-cang-hoi","status":"publish","type":"product","link":"https:\/\/dalatreview.vn\/en\/uu-dai-di-cang-dong-cang-cang-hoi.html","title":{"rendered":"\u01afu \u0111\u00e3i \u0111i c\u00e0ng \u0111\u00f4ng c\u00e0ng c\u00e0ng h\u1eddi"},"content":{"rendered":"<nav class=\"vietrick-auto-toc\">\n<div class=\"box-title\">\n<h3 class=\"toc-title\" id=\"select-menu\">Danh m\u1ee5c ch\u00ednh<\/h3>\n<div><ion-icon name=\"chevron-up-outline\"><\/ion-icon><\/div>\n<\/div>\n<ul class=\"toc-list\"><\/ul>\n<li><a href='https:\/\/dalatreview.vn\/en#uu-dai-di-cang-dong-cang-cang-hoi' class='heading-h1 toc-link smooth-scroll'>\u01afu \u0111\u00e3i \u0111i c\u00e0ng \u0111\u00f4ng c\u00e0ng c\u00e0ng h\u1eddi<\/a>\n<ul>\n<li><a href='https:\/\/dalatreview.vn\/en#1-nhung-diem-dac-biet-cua-tour-cam-trai-san-may-cau-dat' class='heading-h2 toc-link smooth-scroll'>1. Nh\u1eefng \u0111i\u1ec3m \u0111\u1eb7c bi\u1ec7t c\u1ee7a Tour C\u1eafm Tr\u1ea1i S\u0103n M\u00e2y C\u1ea7u \u0110\u1ea5t<\/a>\n<li><a href='https:\/\/dalatreview.vn\/en#2-ban-duoc-trai-nghiem-gi-khi-tham-gia-tour-cam-trai-san-may-cau-dat' class='heading-h2 toc-link smooth-scroll'>2. B\u1ea1n \u0111\u01b0\u1ee3c tr\u1ea3i nghi\u1ec7m g\u00ec khi tham gia Tour C\u1eafm Tr\u1ea1i S\u0103n M\u00e2y C\u1ea7u \u0110\u1ea5t<\/a>\n<li><a href='https:\/\/dalatreview.vn\/en#3-uu-dai-di-cang-dong-cang-hoi' class='heading-h2 toc-link smooth-scroll'>3. \u01afu \u0111\u00e3i \u0111i c\u00e0ng \u0111\u00f4ng c\u00e0ng h\u1eddi<\/a>\n<li><a href='https:\/\/dalatreview.vn\/en#4-thong-tin-lien-he' class='heading-h2 toc-link smooth-scroll'>4. Th\u00f4ng tin li\u00ean h\u1ec7\u00a0<\/a><\/ul>\n<\/ul>\n<\/li>\n<\/ul>\n<\/nav>\n<h1 style=\"text-align: center;\" id=\"uu-dai-di-cang-dong-cang-cang-hoi\"><strong><span style=\"font-size: 28px;\">\u01afu \u0111\u00e3i \u0111i c\u00e0ng \u0111\u00f4ng c\u00e0ng c\u00e0ng h\u1eddi<\/span><\/strong><\/h1>\n<p>Nh\u1eefng chuy\u1ebfn \u0111i xa c\u00f9ng nhau, tr\u1edf v\u1ec1 v\u1edbi thi\u00ean nhi\u00ean \u0111\u01b0\u1ee3c th\u01b0 gi\u00e3n \u201crefresh\u201d sau nh\u1eefng ng\u00e0y l\u00e0m vi\u1ec7c m\u1ec7t nh\u1ecdc ch\u1eafc ch\u1eafn s\u1ebd khi\u1ebfn cho m\u1ed7i ch\u00fang ta c\u1ea3m nh\u1eadn \u0111\u01b0\u1ee3c s\u1ef1 t\u01b0\u01a1i m\u1edbi kh\u1ecfe kho\u1eafn v\u00e0 h\u1ea1nh ph\u00fac. V\u00e0 h\u00f4m nay h\u00e3y c\u00f9ng \u0110\u00e0 L\u1ea1t Review kh\u00e1 ph\u00e1 Tour c\u1eafm tr\u1ea1i si\u00eau \u1eefu \u0111\u00e3i d\u00e0nh cho h\u1ed9i nh\u00f3m m\u00ea camping s\u0103n m\u00e2y ngay d\u01b0\u1edbi b\u00e0i vi\u1ebft n\u00e0y nh\u00e9!<\/p>\n<p><img decoding=\"async\" class=\"aligncenter wp-image-32754 size-full\" src=\"https:\/\/dalatreview.vn\/wp-content\/uploads\/2023\/10\/378501179_328814959662022_455071313570588110_n.jpg\" alt=\"tour c\u1eafm tr\u1ea1i cloud view glamping \" width=\"2048\" height=\"1364\" \/><\/p>\n<h2 id=\"1-nhung-diem-dac-biet-cua-tour-cam-trai-san-may-cau-dat\"><span style=\"color: #003300;\"><strong>1. Nh\u1eefng \u0111i\u1ec3m \u0111\u1eb7c bi\u1ec7t c\u1ee7a Tour C\u1eafm Tr\u1ea1i S\u0103n M\u00e2y C\u1ea7u \u0110\u1ea5t<\/strong><\/span><\/h2>\n<p>Tr\u1ea3i nghi\u1ec7m ch\u00fat c\u1ea3m gi\u00e1c phi\u00eau l\u01b0u th\u00fa v\u1ecb khi kh\u00e1m ph\u00e1 n\u00e9t hoang s\u01a1 c\u1ee7a thi\u00ean nhi\u00ean, ch\u00fat nh\u1ed9n nh\u1ecbp r\u00f4m r\u1ea3 khi c\u00f9ng b\u1ea1n b\u00e8 n\u01b0\u1edbng th\u1ecbt tr\u00f2 chuy\u1ec7n trong kh\u00f4ng kh\u00ed th\u00e2n m\u1eadt v\u00e0 tinh t\u1ebf c\u1ee7a \u0110\u00e0 L\u1ea1t.<\/p>\n<p>\u2714\ufe0f Tour c\u1eafm tr\u1ea1i c\u00f3 c\u00e1c l\u1ec1u v\u1edbi view s\u0103n m\u00e2y c\u1ef1c \u0111\u1ed9c \u0111\u00e1o theo d\u1ea1ng ru\u1ed9ng b\u1eadc thang \u0111\u1ec3 ph\u1ee5c v\u1ee5 nh\u1eefng b\u1ea1n mu\u1ed1n s\u0103n m\u00e2y m\u00e0 ng\u1ea1i \u0111i xa.<\/p>\n<p>\u2714\ufe0f D\u1ecbch v\u1ee5 l\u01b0u tr\u00fa l\u1ec1u tr\u1ea1i sang ch\u1ea3nh, \u0111\u1ea7y \u0111\u1ee7 ti\u1ec7n nghi hi\u1ec7n \u0111\u1ea1i x\u1ecbn s\u00f2<\/p>\n<p>\u2714\ufe0f Tho\u1ea3i m\u00e1i tham quan ch\u1ee5p h\u00ecnh check in s\u1ed1ng \u1ea3o t\u1ea1i khu t\u1ed5 h\u1ee3p Thi\u00ean \u0111\u01b0\u1eddng s\u0103n m\u00e2y<\/p>\n<p>\u2714\ufe0f T\u1eadn h\u01b0\u1edfng b\u1eefa ti\u1ec7c BBQ v\u1edbi nhi\u1ec1u m\u00f3n \u0103n m\u1edbi l\u1ea1 v\u00e0 h\u1ea5p d\u1eabn<\/p>\n<p>\u2714\ufe0f B\u1eefa s\u00e1ng k\u00e8m n\u01b0\u1edbc, c\u00e0 ph\u00ea, tr\u00e0 g\u1eebng kh\u00f4ng gi\u1edbi h\u1ea1n<\/p>\n<p>\u2714\ufe0f Khu nh\u00e0 v\u1ec7 sinh s\u1ea1ch s\u1ebd, tho\u00e1ng m\u00e1t, r\u1ed9ng r\u00e3i<\/p>\n<p>\u2714\ufe0f Ngo\u00e0i ra, t\u1ea1i \u0111\u1ecba \u0111i\u1ec3m c\u1eafm tr\u1ea1i c\u00f2n c\u00f3 khu v\u1ef1c s\u00e2n kh\u1ea5u cho c\u00e1c b\u1ea1n giao l\u01b0u<\/p>\n<p>\u2714\ufe0f Tour c\u1eafm tr\u1ea1i si\u00eau \u1eefu \u0111\u00e3i d\u00e0nh cho h\u1ed9i nh\u00f3m m\u00ea camping s\u0103n m\u00e2y s\u1ebd\u00a0ph\u00f9 h\u1ee3p v\u1edbi nh\u1eefng b\u1ea1n mu\u1ed1n \u0111i c\u1eafm tr\u1ea1i c\u00f9ng gia \u0111\u00ecnh, b\u1ea1n b\u00e8, \u0111i c\u00e0ng \u0111\u00f4ng s\u1ebd c\u00e0ng vui v\u00e0 ti\u1ebft ki\u1ec7m th\u00eam \u0111\u01b0\u1ee3c r\u1ea5t nhi\u1ec1u chi phi kh\u00e1c.<\/p>\n<p><img decoding=\"async\" class=\"size-full wp-image-32755 aligncenter\" src=\"https:\/\/dalatreview.vn\/wp-content\/uploads\/2023\/10\/Vuon-hoa-thanh-pho-da-lat.jpg\" alt=\"\u01b0u \u0111\u00e3i tour c\u1eafm tr\u1ea1i cloud glamping \" width=\"1200\" height=\"900\" \/><\/p>\n<h2 id=\"2-ban-duoc-trai-nghiem-gi-khi-tham-gia-tour-cam-trai-san-may-cau-dat\"><span style=\"color: #003300;\"><strong>2. B\u1ea1n \u0111\u01b0\u1ee3c tr\u1ea3i nghi\u1ec7m g\u00ec khi tham gia Tour C\u1eafm Tr\u1ea1i S\u0103n M\u00e2y C\u1ea7u \u0110\u1ea5t<\/strong><\/span><\/h2>\n<p>Ch\u01b0\u01a1ng tr\u00ecnh \u01b0u \u0111\u00e3i \u0111\u1eb7c bi\u1ec7t n\u00e0y d\u00e0nh ri\u00eang cho c\u00e1c b\u1ea1n \u0111i c\u00f9ng gia \u0111\u00ecnh v\u00e0 nh\u00f3m b\u1ea1n b\u00e8.\u00a0\u0110\u1eb7c bi\u1ec7t l\u00e0 c\u00e1c chuy\u1ebfn \u0111i nhi\u1ec1u ng\u01b0\u1eddi c\u00f9ng gia \u0111\u00ecnh, nh\u00f3m b\u1ea1n hay c\u00e1c t\u1ed5 ch\u1ee9c, c\u00f4ng ty.<\/p>\n<p><img decoding=\"async\" class=\"aligncenter wp-image-32756 size-full\" src=\"https:\/\/dalatreview.vn\/wp-content\/uploads\/2023\/10\/350505705_248521641117403_8711748335155289345_n.jpg\" alt=\"cloud view glamping \" width=\"2048\" height=\"1364\" \/><\/p>\n<p>N\u1ebfu b\u1ea1n \u0111i c\u1eafm tr\u1ea1i gia \u0111\u00ecnh theo h\u00ecnh th\u1ee9c camping truy\u1ec1n th\u1ed1ng th\u00ec s\u1ebd ph\u1ea3i chu\u1ea9n b\u1ecb r\u1ea5t nhi\u1ec1u v\u1eadt d\u1ee5ng cho chuy\u1ebfn camping. C\u00f2n n\u1ebfu nh\u01b0 nh\u01b0 b\u1ea1n l\u1ef1a ch\u1ecdn Tour c\u1eafm tr\u1ea1i \u01b0u \u0111\u00e3i \u0111i c\u00e0ng \u0111\u00f4ng c\u00e0ng h\u1eddi c\u1ee7a \u0110\u00e0 L\u1ea1t Review, b\u1ea1n s\u1ebd kh\u00f4ng ph\u1ea3i \u0111em theo nh\u1eefng v\u1eadt d\u1ee5ng \u0111\u00f3 b\u1edfi v\u00ec \u1edf \u0111\u1ecba \u0111i\u1ec3m c\u1eafm tr\u1ea1i \u0111\u00e3 chu\u1ea9n b\u1ecb \u0111\u1ea7y \u0111\u1ee7 c\u00e1c v\u1eadt d\u1ee5ng c\u1ea7n thi\u1ebft cho chuy\u1ebfn camping.<\/p>\n<p><img decoding=\"async\" class=\"aligncenter wp-image-32757 size-full\" src=\"https:\/\/dalatreview.vn\/wp-content\/uploads\/2023\/10\/z4755739798760_0c440084e1ef0c7e3aaf58740867782f.jpg\" alt=\"tour c\u1eafm tr\u1ea1i cloud glamping \" width=\"2048\" height=\"1365\" \/><\/p>\n<p>B\u00ecnh y\u00ean ng\u1ed3i tr\u00ean gh\u1ebf ngay khu v\u1ef1c l\u1ec1u, ng\u1eafm nh\u00ecn kh\u00f4ng gian r\u1ed9ng l\u1edbn c\u1ee7a n\u00fai r\u1eebng \u0110\u00e0 L\u1ea1t, l\u1eb7ng l\u1ebd c\u1ea3m nh\u1eadn c\u00e1i se se c\u1ee7a kh\u00ed tr\u1eddi, l\u1eb7ng l\u1ebd c\u1ea3m nh\u1eadn kh\u00f4ng gian b\u00ecnh y\u00ean n\u01a1i \u0111\u00e2y.<\/p>\n<p><img decoding=\"async\" class=\"aligncenter wp-image-32758 size-full\" src=\"https:\/\/dalatreview.vn\/wp-content\/uploads\/2023\/10\/346081079_296436542756172_1955606881920919542_n.jpg\" alt=\"tr\u1ea3i nghi\u1ec7m c\u1eafm tr\u1ea1i t\u1ea1i cloud glamping \" width=\"2048\" height=\"1364\" \/><\/p>\n<p>R\u00f4m r\u1ea3 c\u00f9ng ng\u01b0\u1eddi th\u00e2n b\u1ea1n b\u00e8 t\u1eadn h\u01b0\u1edfng ti\u1ec7c n\u01b0\u1edbng BBQ gi\u1eefa kh\u00f4ng gian m\u1edf, ngo\u00e0i m\u00f9i th\u1ecbt th\u01a1m ph\u1ee9c, c\u00f2n thoang tho\u1ea3ng m\u00f9i gi\u00f3 m\u00e1t l\u1ea1nh t\u1eebng c\u01a1n v\u01b0\u01a1ng nh\u1eb9 tr\u00ean l\u00e0n da<\/p>\n<h2 id=\"3-uu-dai-di-cang-dong-cang-hoi\"><span style=\"color: #003300;\"><strong>3. \u01afu \u0111\u00e3i \u0111i c\u00e0ng \u0111\u00f4ng c\u00e0ng h\u1eddi<\/strong><\/span><\/h2>\n<p><strong>\u0110\u1eb6C BI\u1ec6T: \u01afU \u0110\u00c3I V\u1ec0 GI\u00c1 KHI MUA:<\/strong><\/p>\n<p><strong>3 v\u00e9 l\u1edbn <\/strong>t\u1eb7ng<strong> 1 v\u00e9 l\u1edbn<\/strong><\/p>\n<p><strong>*\u0110i\u1ec1u ki\u1ec7n: <\/strong><\/p>\n<p>&#8211; L\u01b0u tr\u00fa c\u00f9ng 1 l\u1ec1u.<\/p>\n<p>&#8211; Thanh to\u00e1n 100% gi\u00e1 tr\u1ecb booking.<\/p>\n<p>&#8211; Kh\u00f4ng \u00e1p d\u1ee5ng \u01b0u \u0111\u00e3i khi c\u00f4ng su\u1ea5t l\u1ea5p \u0111\u1ea7y ch\u01b0a \u0111\u1ea1t \u0111\u1ed1i v\u1edbi l\u1ec1u Family (t\u1ed1i thi\u1ec3u 5 v\u00e9 l\u1edbn\/l\u1ec1u Family).<\/p>\n<p>&#8211; \u00c1p d\u1ee5ng cho c\u00e1c ng\u00e0y trong tu\u1ea7n (tr\u1eeb d\u1ecbp l\u1ec5).<\/p>\n<p>&#8211; \u00c1p d\u1ee5ng cho Booking l\u01b0u tr\u00fa tr\u01b0\u1edbc ng\u00e0y 30\/11\/2024.<\/p>\n<p>&#8211; &#8220;Kh\u00f4ng \u00e1p d\u1ee5ng chung v\u1edbi c\u00e1c ch\u01b0\u01a1ng tr\u00ecnh \u01b0u \u0111\u00e3i gi\u1ea3m gi\u00e1, ho\u1eb7c chi\u1ebft kh\u1ea5u kh\u00e1c&#8221;.<\/p>\n<p>&#8211; \u01afu \u0111\u00e3i n\u00e0y KH\u00d4NG \u00c1P D\u1ee4NG HO\u00c0N H\u1ee6Y d\u00f9 b\u1ea5t k\u1ef3 l\u00fd do g\u00ec.<\/p>\n<p><img decoding=\"async\" class=\"size-full wp-image-44519 aligncenter\" src=\"https:\/\/dalatreview.vn\/wp-content\/uploads\/2023\/10\/z5834911994908_5183d1dc78074c5fc086ffbc44a4d06e.jpg\" alt=\"\u01b0a \u0111\u00e3i mua 3 v\u00e9 l\u1edbn t\u1eb7ng 1v\u00e9 l\u1edbn\" width=\"2560\" height=\"1493\" srcset=\"https:\/\/dalatreview.vn\/wp-content\/uploads\/2023\/10\/z5834911994908_5183d1dc78074c5fc086ffbc44a4d06e.jpg 2560w, https:\/\/dalatreview.vn\/wp-content\/uploads\/2023\/10\/z5834911994908_5183d1dc78074c5fc086ffbc44a4d06e-1024x597.jpg 1024w, https:\/\/dalatreview.vn\/wp-content\/uploads\/2023\/10\/z5834911994908_5183d1dc78074c5fc086ffbc44a4d06e-768x448.jpg 768w, https:\/\/dalatreview.vn\/wp-content\/uploads\/2023\/10\/z5834911994908_5183d1dc78074c5fc086ffbc44a4d06e-1536x896.jpg 1536w, https:\/\/dalatreview.vn\/wp-content\/uploads\/2023\/10\/z5834911994908_5183d1dc78074c5fc086ffbc44a4d06e-2048x1194.jpg 2048w, https:\/\/dalatreview.vn\/wp-content\/uploads\/2023\/10\/z5834911994908_5183d1dc78074c5fc086ffbc44a4d06e-600x350.jpg 600w\" sizes=\"(max-width: 2560px) 100vw, 2560px\" \/><\/p>\n<h2 id=\"4-thong-tin-lien-he\"><span style=\"color: #003300;\"><strong>4. Th\u00f4ng tin li\u00ean h\u1ec7\u00a0<\/strong><\/span><\/h2>\n<p><span class=\"text\">\u2705 Hotline t\u01b0 v\u1ea5n: <span style=\"color: #ff0000;\"><strong>0986 978 394\u00a0<\/strong><\/span><\/span><\/p>\n<p>\u2705 Zalo: <a href=\"https:\/\/zalo.me\/dalatreview\" target=\"_blank\" rel=\"noopener\">\u0110\u00e0 L\u1ea1t Review T\u1ea5t T\u1ea7n T\u1eadt<\/a><\/p>\n<p>\u2705 Website: <a href=\"https:\/\/dalatreview.vn\/en\/\">\u0110\u00e0 L\u1ea1t Review <\/a><\/p>","protected":false},"excerpt":{"rendered":"<p>Danh m\u1ee5c ch\u00ednh \u01afu \u0111\u00e3i \u0111i c\u00e0ng \u0111\u00f4ng c\u00e0ng c\u00e0ng h\u1eddi 1. Nh\u1eefng \u0111i\u1ec3m \u0111\u1eb7c bi\u1ec7t c\u1ee7a Tour C\u1eafm Tr\u1ea1i S\u0103n M\u00e2y C\u1ea7u \u0110\u1ea5t 2. B\u1ea1n \u0111\u01b0\u1ee3c tr\u1ea3i nghi\u1ec7m g\u00ec khi tham gia Tour C\u1eafm Tr\u1ea1i S\u0103n M\u00e2y C\u1ea7u \u0110\u1ea5t 3. \u01afu \u0111\u00e3i \u0111i c\u00e0ng \u0111\u00f4ng c\u00e0ng h\u1eddi 4. Th\u00f4ng tin li\u00ean h\u1ec7\u00a0 \u01afu \u0111\u00e3i [&hellip;]<\/p>","protected":false},"featured_media":32760,"comment_status":"open","ping_status":"closed","template":"","meta":{"_acf_changed":false,"rank_math_lock_modified_date":false},"product_cat":[28],"product_tag":[],"acf":[],"_links":{"self":[{"href":"https:\/\/dalatreview.vn\/en\/wp-json\/wp\/v2\/product\/32753"}],"collection":[{"href":"https:\/\/dalatreview.vn\/en\/wp-json\/wp\/v2\/product"}],"about":[{"href":"https:\/\/dalatreview.vn\/en\/wp-json\/wp\/v2\/types\/product"}],"replies":[{"embeddable":true,"href":"https:\/\/dalatreview.vn\/en\/wp-json\/wp\/v2\/comments?post=32753"}],"wp:featuredmedia":[{"embeddable":true,"href":"https:\/\/dalatreview.vn\/en\/wp-json\/wp\/v2\/media\/32760"}],"wp:attachment":[{"href":"https:\/\/dalatreview.vn\/en\/wp-json\/wp\/v2\/media?parent=32753"}],"wp:term":[{"taxonomy":"product_cat","embeddable":true,"href":"https:\/\/dalatreview.vn\/en\/wp-json\/wp\/v2\/product_cat?post=32753"},{"taxonomy":"product_tag","embeddable":true,"href":"https:\/\/dalatreview.vn\/en\/wp-json\/wp\/v2\/product_tag?post=32753"}],"curies":[{"name":"wp","href":"https:\/\/api.w.org\/{rel}","templated":true}]}}