
{"id":32649,"date":"2023-09-20T16:16:19","date_gmt":"2023-09-20T09:16:19","guid":{"rendered":"https:\/\/dalatreview.vn\/?p=32649"},"modified":"2024-08-12T10:20:14","modified_gmt":"2024-08-12T03:20:14","slug":"tour-cam-trai-doi-pang-tieng","status":"publish","type":"product","link":"https:\/\/dalatreview.vn\/en\/tour-cam-trai-doi-pang-tieng.html","title":{"rendered":"Tour c\u1eafm tr\u1ea1i \u0111\u1ed3i P\u0103ng Ti\u00eang"},"content":{"rendered":"<p>B\u1ea1n \u0111ang t\u00ecm ki\u1ebfm m\u1ed9t Tour c\u1eafm tr\u1ea1i cho k\u1ef3 ngh\u1ec9 n\u00e0y? H\u00e3y c\u00f9ng \u0110\u00e0 L\u1ea1t Review kh\u00e1m ph\u00e1 Tour c\u1eafm tr\u1ea1i \u0110\u1ed3i P\u0103ng Ti\u00eang nh\u00e9! \u0110\u1ea3m b\u1ea3o s\u1ebd mang l\u1ea1i r\u1ea5t nhi\u1ec1u tr\u1ea3i nghi\u1ec7m th\u00fa v\u1ecb cho b\u1ea1n c\u00f9ng gia \u0111\u00ecnh.<img decoding=\"async\" class=\"alignnone wp-image-32654 size-full\" src=\"https:\/\/dalatreview.vn\/wp-content\/uploads\/2023\/09\/z4703633343126_07005a3e52fb8172e3dc21ff77de35df.jpg\" alt=\"\" width=\"2560\" height=\"1706\"><\/p>\n<nav class=\"vietrick-auto-toc\">\n<div class=\"box-title\">\n<h3 class=\"toc-title\" id=\"select-menu\">Danh m\u1ee5c ch\u00ednh<\/h3>\n<div><ion-icon name=\"chevron-up-outline\"><\/ion-icon><\/div>\n<\/div>\n<ul class=\"toc-list\">\n<li><a href='https:\/\/dalatreview.vn\/en#trai-nghiem-tour-cam-trai-doi-pang-tieng' class='heading-h2 toc-link smooth-scroll'>Tr\u1ea3i nghi\u1ec7m Tour C\u1eafm tr\u1ea1i \u0110\u1ed3i P\u0103ng Ti\u00eang<\/a>\n<li><a href='https:\/\/dalatreview.vn\/en#3_Lich_trinh_Tour_Camping_1989-_Cam_trai_Doi_Pang_Tien\" class=\"ez-toc-section' class='heading-h2 toc-link smooth-scroll'>L\u1ecbch tr\u00ecnh Tour C\u1eafm tr\u1ea1i \u0110\u1ed3i P\u0103ng Ti\u00eang<\/a>\n<li><a href='https:\/\/dalatreview.vn\/en#4_Gia_Tour\" class=\"ez-toc-section' class='heading-h2 toc-link smooth-scroll'>Gi\u00e1 Tour C\u1eafm tr\u1ea1i \u0110\u1ed3i P\u0103ng Ti\u00eang<\/a>\n<li><a href='https:\/\/dalatreview.vn\/en#5_Thong_tin_lien_he\" class=\"ez-toc-section' class='heading-h2 toc-link smooth-scroll'>Contact information<\/a><\/ul>\n<\/ul>\n<\/li>\n<\/ul>\n<\/nav>\n<h2 id=\"trai-nghiem-tour-cam-trai-doi-pang-tieng\"><strong>Tr\u1ea3i nghi\u1ec7m Tour C\u1eafm tr\u1ea1i \u0110\u1ed3i P\u0103ng Ti\u00eang<\/strong><\/h2>\n<p>\u2714\ufe0f Th\u1ecfa th\u00edch vui ch\u01a1i, check in s\u1ed1ng \u1ea3o<\/p>\n<p>\u2714\ufe0f \u0110\u01b0\u1ee3c tr\u1ea3i nghi\u1ec7m tham gia c\u00e1c tr\u00f2 ch\u01a1i nh\u01b0: c\u00e2u c\u00e1, \u0111\u00e1nh golf, b\u1eafn cung, b\u00f3ng r\u1ed5, \u0111\u00e1 b\u00f3ng, ph\u00f3ng phi ti\u00eau&#8230;<\/p>\n<p>\u2714\ufe0f \u0110\u01b0\u1ee3c ng\u1eafm ho\u00e0ng h\u00f4n tr\u00ean \u0111\u1ed3i<\/p>\n<p>\u2714\ufe0f Th\u01b0\u1edfng th\u1ee9c ti\u1ec7c BBQ t\u1ed1i v\u1edbi c\u00e1c m\u00f3n \u0103n \u0111\u1eadm ch\u1ea5t n\u00fai r\u1eebng<\/p>\n<p>\u2714\ufe0f \u0110\u01b0\u1ee3c \u0111\u1ed1t l\u1eeda tr\u1ea1i v\u00e0 xem film<\/p>\n<p>\u2714\ufe0f \u0110\u00f3n b\u00ecnh minh v\u00e0 th\u01b0\u1edfng th\u1ee9c b\u1eefa s\u00e1ng b\u00ean \u0111\u1ed3i<\/p>\n<p>\u2714\ufe0f C\u1eafm tr\u1ea1i t\u1ea1i \u0111\u00e2y, qu\u00fd kh\u00e1ch c\u00f2n \u0111\u01b0\u1ee3c trang b\u1ecb l\u1ec1u tr\u1ea1i v\u1edbi \u0111\u1ea7y \u0111\u1ee7 ti\u1ec7n nghi nh\u01b0: n\u1ec7m, g\u1ed1i, t\u00fai ng\u1ee7, \u1ed5 \u0111i\u1ec7n<\/p>\n<p>\u2714\ufe0f Ngo\u00e0i ra, Khu Camp c\u00f2n trang b\u1ecb Wifi t\u1ea1i qu\u1ea7y Bar, WC n\u01b0\u1edbc n\u00f3ng s\u1ea1ch s\u1ebd tho\u00e1ng m\u00e1t.<\/p>\n<p><img decoding=\"async\" class=\"alignnone wp-image-32660 size-full\" src=\"https:\/\/dalatreview.vn\/wp-content\/uploads\/2023\/09\/z4703621049678_67291f5337d746b36b897038cb8068ba.jpg\" alt=\"\" width=\"2560\" height=\"1196\"><\/p>\n<h2><span id=\"3_Lich_trinh_Tour_Camping_1989-_Cam_trai_Doi_Pang_Tien\" class=\"ez-toc-section\"><\/span><strong>L\u1ecbch tr\u00ecnh Tour C\u1eafm tr\u1ea1i \u0110\u1ed3i P\u0103ng Ti\u00eang<\/strong><\/h2>\n<p>L\u1ecbch tr\u00ecnh Tour c\u1eafm tr\u1ea1i \u0110\u1ed3i P\u0103ng Ti\u00eang s\u1ebd k\u00e9o d\u00e0i t\u1eeb 15g00 &#8211; 10g00 h\u00f4m sau<\/p>\n<p>\u2714\ufe0f 15g00: Check in<\/p>\n<p>\u2714\ufe0f 16g00: T\u1ef1 do vui ch\u01a1i, ch\u1ee5p \u1ea3nh. Tham gia tr\u1ea3i nghi\u1ec7m c\u00e1c tr\u00f2 ch\u01a1i th\u1ec3 thao nh\u01b0: Bc\u00e2u c\u00e1, \u0111\u00e1nh golf, b\u1eafn cung, b\u00f3ng r\u1ed5, \u0111\u00e1 b\u00f3ng, ph\u00f3ng phi ti\u00eau \u2026 v\u00e0 c\u00f9ng ng\u1eafm ho\u00e0ng h\u00f4n<\/p>\n<p>\u2714\ufe0f 18g30: Nh\u1eadp ti\u1ec7c BBQ t\u1ed1i<\/p>\n<p>\u2714\ufe0f 20g00: \u0110\u1ed1t l\u1eeda tr\u1ea1i, ca h\u00e1t, xem film,\u2026<\/p>\n<p>\u2714\ufe0f 6g00: Th\u1ee9c d\u1eady \u0111\u00f3n b\u00ecnh minh, th\u01b0\u1edfng th\u1ee9c b\u1eefa s\u00e1ng v\u00e0 c\u00f9ng ng\u1eafm m\u1eb7t tr\u1eddi m\u1ecdc<\/p>\n<p>\u2714\ufe0f 9g00: Check out<\/p>\n<p><img decoding=\"async\" class=\"alignnone wp-image-32651 size-full\" src=\"https:\/\/dalatreview.vn\/wp-content\/uploads\/2023\/09\/z4703620007697_daf576e0c36af593fe04c5a00285f7e8.jpg\" alt=\"\" width=\"1414\" height=\"1499\"><\/p>\n<p>Menu BBQ bao g\u1ed3m c\u00e1c m\u00f3n nh\u01b0 sau:<\/p>\n<ul>\n<li>G\u00e0 n\u01b0\u1edbng<\/li>\n<li>C\u01a1m Lam<\/li>\n<li>Heo T\u1ed9c n\u01b0\u1edbng<\/li>\n<li>B\u00f2 n\u01b0\u1edbng<\/li>\n<li>Ch\u00e1o g\u00e0 n\u1ea5m<\/li>\n<li>Salad<\/li>\n<li>B\u1eafp n\u01b0\u1edbng<\/li>\n<li>Khoai n\u01b0\u1edbng<\/li>\n<\/ul>\n<p><img decoding=\"async\" class=\"alignnone wp-image-32658 size-full\" src=\"https:\/\/dalatreview.vn\/wp-content\/uploads\/2023\/09\/z4703620661205_ad22e9314c5e9886511681ba3ae24275.jpg\" alt=\"\" width=\"2560\" height=\"2247\"><\/p>\n<p>Menu \u0103n s\u00e1ng bao g\u1ed3m c\u00e1c m\u00f3n:<\/p>\n<ul>\n<li>M\u1ef3 ly<\/li>\n<li>Tr\u1ee9ng<\/li>\n<li>Sandwich<\/li>\n<li>Coffee<\/li>\n<\/ul>\n<p><img decoding=\"async\" class=\"alignnone wp-image-32650 size-full\" src=\"https:\/\/dalatreview.vn\/wp-content\/uploads\/2023\/09\/z4703620001724_1c56020acbb9a232b163aa513af1e31e.jpg\" alt=\"\" width=\"1810\" height=\"2371\"><\/p>\n<h2><span id=\"4_Gia_Tour\" class=\"ez-toc-section\"><\/span><strong>Gi\u00e1 Tour <\/strong><strong>C\u1eafm tr\u1ea1i \u0110\u1ed3i P\u0103ng Ti\u00eang<\/strong><\/h2>\n<p>Gi\u00e1 Tour: 800.000 \u0111\u1ed3ng\/ ng\u01b0\u1eddi<\/p>\n<p>Tour bao g\u1ed3m:<\/p>\n<p>\u200e\u2714\ufe0f L\u1ec1u tr\u1ea1i<\/p>\n<p>\u200e\u2714\ufe0f L\u1eeda tr\u1ea1i<\/p>\n<p>\u200e\u2714\ufe0f Loa k\u00e9o, Wifi<\/p>\n<p>\u200e\u2714\ufe0f HDV chuy\u00ean nghi\u1ec7p<\/p>\n<p>\u200e\u2714\ufe0f WC<\/p>\n<p>\u200e\u2714\ufe0f BBQ t\u1ed1i<\/p>\n<p>\u200e\u2714\ufe0f Xem film<\/p>\n<p>\u200e\u2714\ufe0f \u0102n s\u00e1ng<\/p>\n<p>\u200e\u200e\u2714\ufe0f \u0110\u00f3n b\u00ecnh minh<\/p>\n<p>\u200e\u2714\ufe0f Ng\u1eafm ho\u00e0ng h\u00f4n<\/p>\n<p>\u200e\u2714\ufe0f Tr\u1ea3i nghi\u1ec7m tham gia c\u00e1c tr\u00f2 ch\u01a1i ngo\u00e0i tr\u1eddi nh\u01b0: c\u00e2u c\u00e1, \u0111\u00e1nh golf, b\u1eafn cung, b\u00f3ng r\u1ed5, \u0111\u00e1 b\u00f3ng, ph\u00f3ng phi ti\u00eau&#8230;<\/p>\n<p><img decoding=\"async\" class=\"alignnone wp-image-32661 size-full\" src=\"https:\/\/dalatreview.vn\/wp-content\/uploads\/2023\/09\/z4703633337156_887120f16b137fdd00e7056f2b59c537.jpg\" alt=\"\" width=\"2560\" height=\"1706\"><\/p>\n<h2><span id=\"5_Thong_tin_lien_he\" class=\"ez-toc-section\"><\/span><strong>Contact information<\/strong><\/h2>\n<p>Hotline t\u01b0 v\u1ea5n: <a href=\"https:\/\/zalo.me\/0968249297\" target=\"_blank\" rel=\"noopener\">0968 249 297<\/a><\/p>\n<p>Xem th\u00eam b\u00e0i vi\u1ebft kh\u00e1c t\u1ea1i:\u00a0\u00a0<a href=\"https:\/\/dalatreview.vn\/en\/tour\/tour-camping-da-lat\/\">Camping Da Lat<\/a><\/p>","protected":false},"excerpt":{"rendered":"<p>B\u1ea1n \u0111ang t\u00ecm ki\u1ebfm m\u1ed9t Tour c\u1eafm tr\u1ea1i cho k\u1ef3 ngh\u1ec9 n\u00e0y? H\u00e3y c\u00f9ng \u0110\u00e0 L\u1ea1t Review kh\u00e1m ph\u00e1 Tour c\u1eafm tr\u1ea1i \u0110\u1ed3i P\u0103ng Ti\u00eang nh\u00e9! \u0110\u1ea3m b\u1ea3o s\u1ebd mang l\u1ea1i r\u1ea5t nhi\u1ec1u tr\u1ea3i nghi\u1ec7m th\u00fa v\u1ecb cho b\u1ea1n c\u00f9ng gia \u0111\u00ecnh. Danh m\u1ee5c ch\u00ednh Tr\u1ea3i nghi\u1ec7m Tour C\u1eafm tr\u1ea1i \u0110\u1ed3i P\u0103ng Ti\u00eang L\u1ecbch tr\u00ecnh [&hellip;]<\/p>","protected":false},"featured_media":32660,"comment_status":"open","ping_status":"closed","template":"","meta":{"_acf_changed":false,"rank_math_lock_modified_date":false},"product_cat":[28,2347],"product_tag":[],"acf":[],"_links":{"self":[{"href":"https:\/\/dalatreview.vn\/en\/wp-json\/wp\/v2\/product\/32649"}],"collection":[{"href":"https:\/\/dalatreview.vn\/en\/wp-json\/wp\/v2\/product"}],"about":[{"href":"https:\/\/dalatreview.vn\/en\/wp-json\/wp\/v2\/types\/product"}],"replies":[{"embeddable":true,"href":"https:\/\/dalatreview.vn\/en\/wp-json\/wp\/v2\/comments?post=32649"}],"wp:featuredmedia":[{"embeddable":true,"href":"https:\/\/dalatreview.vn\/en\/wp-json\/wp\/v2\/media\/32660"}],"wp:attachment":[{"href":"https:\/\/dalatreview.vn\/en\/wp-json\/wp\/v2\/media?parent=32649"}],"wp:term":[{"taxonomy":"product_cat","embeddable":true,"href":"https:\/\/dalatreview.vn\/en\/wp-json\/wp\/v2\/product_cat?post=32649"},{"taxonomy":"product_tag","embeddable":true,"href":"https:\/\/dalatreview.vn\/en\/wp-json\/wp\/v2\/product_tag?post=32649"}],"curies":[{"name":"wp","href":"https:\/\/api.w.org\/{rel}","templated":true}]}}