
{"id":32596,"date":"2023-09-09T16:27:38","date_gmt":"2023-09-09T09:27:38","guid":{"rendered":"https:\/\/dalatreview.vn\/?p=32596"},"modified":"2024-07-16T11:28:56","modified_gmt":"2024-07-16T04:28:56","slug":"tour-cam-trai-pineforest-camping-dalat","status":"publish","type":"product","link":"https:\/\/dalatreview.vn\/en\/tour-cam-trai-pineforest-camping-dalat.html","title":{"rendered":"Tour C\u1eafm Tr\u1ea1i PineForest Camping DaLat"},"content":{"rendered":"<p>N\u1ebfu b\u1ea1n mu\u1ed1n ngh\u1ec9 ng\u01a1i, s\u1ea1c l\u1ea1i m\u1ed9t ch\u00fat n\u0103ng l\u01b0\u1ee3ng th\u00ec h\u00e3y c\u00f9ng \u0110\u00e0 L\u1ea1t Review t\u00ecm hi\u1ec3u ngay Tour <strong>PineForest Camping DaLat<\/strong> d\u01b0\u1edbi \u0111\u00e2y nh\u00e9!!!\u00a0\u0110\u00e3 bao l\u00e2u r\u1ed3i b\u1ea1n ch\u01b0a \u0111\u01b0\u1ee3c \u0111\u00e1nh th\u1ee9c d\u1eady b\u1edfi nh\u1eefng tia n\u1eafng chi\u1ebfu qua t\u1eebng t\u00e1n l\u00e1, nghe ti\u1ebfng x\u00ec x\u00e0o c\u1ee7a c\u1ecf c\u00e2y, kh\u00f4ng ph\u1ea3i v\u1ed9i v\u00e3 ch\u1ea1y t\u1edbi ch\u1ed7 l\u00e0m v\u00e0 ch\u1eadm r\u00e3i h\u00edt th\u1edf m\u00f9i c\u1ee7a s\u1edbm mai?<\/p>\n<nav class=\"vietrick-auto-toc\">\n<div class=\"box-title\">\n<h3 class=\"toc-title\" id=\"select-menu\">Danh m\u1ee5c ch\u00ednh<\/h3>\n<div><ion-icon name=\"chevron-up-outline\"><\/ion-icon><\/div>\n<\/div>\n<ul class=\"toc-list\">\n<li><a href='https:\/\/dalatreview.vn\/en#1_Tour_Cam_Trai_PineForest_DaLat_Co_Gi\" class=\"ez-toc-section' class='heading-h2 toc-link smooth-scroll'><\/a>\n<li><a href='https:\/\/dalatreview.vn\/en#tour-pineforest-camping-dalat-co-gi' class='heading-h2 toc-link smooth-scroll'>Tour PineForest Camping DaLat C\u00f3 G\u00ec?<\/a>\n<li><a href='https:\/\/dalatreview.vn\/en#2_Trai_Nghiem_Tour_Cam_Trai_PineForest_DaLat\" class=\"ez-toc-section' class='heading-h2 toc-link smooth-scroll'>Tr\u1ea3i Nghi\u1ec7m Tour PineForest Camping DaLat<\/a>\n<li><a href='https:\/\/dalatreview.vn\/en#5_Lien_He\" class=\"ez-toc-section' class='heading-h2 toc-link smooth-scroll'>Li\u00ean H\u1ec7<\/a><\/ul>\n<\/ul>\n<\/li>\n<\/ul>\n<\/nav>\n<h2><span id=\"1_Tour_Cam_Trai_PineForest_DaLat_Co_Gi\" class=\"ez-toc-section\"><\/span><a href=\"https:\/\/campingdalat.vn\/?p=92&amp;preview=true\" target=\"_blank\" rel=\"noopener\"><img decoding=\"async\" class=\"aligncenter wp-image-93 size-full\" src=\"https:\/\/campingdalat.vn\/wp-content\/uploads\/2022\/10\/hinh-1-1.jpg\" alt=\"Tour C\u1eafm Tr\u1ea1i PineForest Camping DaLat\" width=\"2048\" height=\"1364\" \/><\/a><\/h2>\n<h2 id=\"tour-pineforest-camping-dalat-co-gi\"><strong>Tour PineForest Camping DaLat C\u00f3 G\u00ec?<\/strong><\/h2>\n<p><img decoding=\"async\" class=\"alignnone wp-image-32598 size-full\" src=\"https:\/\/dalatreview.vn\/wp-content\/uploads\/2023\/09\/gia.png\" alt=\"\" width=\"1587\" height=\"2245\">\u0110\u00e2y l\u00e0 m\u1ed9t khu c\u1eafm tr\u1ea1i t\u1ecda l\u1ea1c tr\u00ean H\u1ed3 Tuy\u1ec1n L\u00e2m, n\u01a1i \u0111\u00e2y thi\u00ean v\u1ec1 tr\u1ea3i nghi\u1ec7m thi\u00ean nhi\u00ean v\u00e0 b\u1ea1n s\u1ebd t\u1ef1 di chuy\u1ec3n \u0111\u1ebfn khu c\u1eafm tr\u1ea1i <a href=\"https:\/\/campingdalat.vn\/?p=92&amp;preview=true\" target=\"_blank\" rel=\"noopener\"><img decoding=\"async\" class=\"aligncenter wp-image-95 size-full\" src=\"https:\/\/campingdalat.vn\/wp-content\/uploads\/2022\/10\/hinh-3-2.jpg\" alt=\"Tour C\u1eafm Tr\u1ea1i PineForest Camping DaLat\" width=\"1200\" height=\"900\" \/><\/a>Sau khi xong th\u1ee7 t\u1ee5c check in b\u1ea1n s\u1ebd b\u1eaft \u0111\u1ea7u \u0111i d\u1ea1o, ch\u1ee5p \u1ea3nh, u\u1ed1ng c\u00e0 ph\u00ea ho\u1eb7c c\u00f3 th\u1ec3 ch\u00e8o SUP. Ngo\u00e0i ra, \u1edf \u0111\u00e2y c\u00f2n c\u00f3 c\u00e1c tr\u00f2 ch\u01a1i nh\u01b0: ma s\u00f3i, m\u00e8o n\u1ed5, b\u1eafn cung, phi ti\u00eau,\u2026 gi\u00fap b\u1ea1n t\u1eadn h\u01b0\u1edfng tr\u1ecdn v\u1eb9n h\u00e0nh tr\u00ecnh c\u1eafm tr\u1ea1i.<a href=\"https:\/\/campingdalat.vn\/?p=92&amp;preview=true\" target=\"_blank\" rel=\"noopener\"><img decoding=\"async\" class=\"aligncenter wp-image-95 size-full\" src=\"https:\/\/campingdalat.vn\/wp-content\/uploads\/2022\/10\/hinh-3-2.jpg\" alt=\"Tour C\u1eafm Tr\u1ea1i PineForest Camping DaLat\" width=\"1200\" height=\"900\" \/><\/a>N\u1ebfu b\u1ea1n ch\u01b0a t\u1eebng m\u1ed9t l\u1ea7n d\u1ef1ng tr\u1ea1i, s\u1ee3 v\u00e0o r\u1eebng nguy hi\u1ec3m, lo l\u1eafng v\u00ec vi\u1ec7c c\u1eafm tr\u1ea1i kh\u00f4ng c\u00f3 nh\u1eefng ti\u1ec7n \u00edch c\u1ea7n thi\u1ebft? V\u1eady th\u00ec \u0111\u1eebng lo t\u1ea5t c\u1ea3 \u0111\u1ec1u \u0111\u00e3 c\u00f3 <strong>PineForest Camping<\/strong> lo h\u1ebft r\u1ed3i, vi\u1ec7c c\u1ee7a b\u1ea1n ch\u1ec9 \u0111\u1ebfn v\u00e0 tr\u1ea3i nghi\u1ec7m th\u00f4i nh\u00e9!<a href=\"https:\/\/campingdalat.vn\/?p=92&amp;preview=true\" target=\"_blank\" rel=\"noopener\"><img decoding=\"async\" class=\"aligncenter wp-image-97 size-full\" src=\"https:\/\/campingdalat.vn\/wp-content\/uploads\/2022\/10\/hinh-5.jpg\" alt=\"Tour C\u1eafm Tr\u1ea1i PineForest Camping DaLat\" width=\"1200\" height=\"900\" \/><\/a>N\u01a1i \u0111\u00e2y ch\u1eb3ng c\u00f3 g\u00ec ngo\u00e0i m\u1ed9t kh\u00f4ng gian thi\u00ean nhi\u00ean m\u01a1 m\u1ed9ng h\u00f9ng v\u0129, l\u1ec1u tr\u1ea1i r\u1ed9ng r\u00e3i \u1ea5m c\u00fang v\u00e0 \u0111\u1eb7c bi\u1ec7t l\u00e0 kh\u00f4ng th\u1ec3 thi\u1ebfu \u0111\u1ed3 \u0103n ngon n\u1eefa \u0111\u00fang kh\u00f4ng n\u00e0o?<\/p>\n<p>\u0110\u1ebfn v\u1edbi <strong>PineForest Camping<\/strong> b\u1ea1n s\u1ebd \u0111\u01b0\u1ee3c ng\u1eafm l\u00e0n s\u01b0\u01a1ng mai c\u00f2n \u0111\u1ecdng n\u01b0\u1edbc tr\u00ean m\u1eb7t h\u1ed3 xanh bi\u1ebfc v\u00e0 \u0111\u00f3n b\u00ecnh minh ng\u00e0y m\u1edbi ph\u00eda sau nh\u1eefng c\u00e1nh r\u1eebng th\u00f4ng b\u1ea1t ng\u00e0n.<\/p>\n<p>\u0110\u01b0\u1ee3c \u0111\u1ed1t l\u1eeda tr\u1ea1i n\u01b0\u1edbng b\u1eafp, khoai lang, \u0111\u01b0\u1ee3c ng\u1ee7 trong l\u1ec1u \u0111\u1ea7y \u0111\u1ee7 ti\u1ec7n nghi c\u00f3 s\u1eb5n ch\u1ed7 s\u1ea1c pin \u0111i\u1ec7n tho\u1ea1i ngay trong l\u1ec1u l\u1ea1i c\u00f3 phong c\u1ea3nh h\u1eefu t\u00ecnh t\u00ecnh n\u00ean th\u01a1 nh\u01b0 v\u1eady th\u00ec ch\u1ea7n ch\u1eeb g\u00ec m\u00e0 kh\u00f4ng cho m\u00ecnh m\u1ed9t chi\u1ebfc Tour <strong>PineForest Camping<\/strong> b\u1ea1n nh\u1ec9?<\/p>\n<h2><span id=\"2_Trai_Nghiem_Tour_Cam_Trai_PineForest_DaLat\" class=\"ez-toc-section\"><\/span><strong>Tr\u1ea3i Nghi\u1ec7m Tour PineForest Camping DaLat<\/strong><\/h2>\n<p>\u2714\ufe0f C\u1eafm tr\u1ea1i trong r\u1eebng th\u00f4ng v\u1eady n\u00ean d\u00f9 c\u00f3 n\u1eafng g\u1eaft c\u1ee1 n\u00e0o th\u00ec b\u1ea1n s\u1ebd v\u1eabn lu\u00f4n c\u00f3 c\u1ea3m gi\u00e1c m\u00e1t m\u1ebb v\u00f4 c\u00f9ng, \u0111\u01b0\u1ee3c bonus ti\u1ebfng r\u1eebng th\u00f4ng x\u00e0o x\u1ea1c c\u1ea3 bu\u1ed5i th\u00ec th\u00f4i x\u00e1c \u0111\u1ecbnh l\u00e0 t\u1edbi \u0111\u00e2y ng\u1ee7 lu b\u00ec qu\u00ean tr\u1eddi \u0111\u1ea5t lu\u00f4n nha.<br \/>\n\u2714\ufe0f T\u1ed1i \u0111\u1ebfn c\u00f3 ti\u1ec7c BBQ n\u01b0\u1edbng th\u01a1m n\u1ee9c m\u0169i v\u1edbi \u0111\u1ee7 c\u00e1c th\u1ec3 lo\u1ea1i heo, g\u00e0, b\u00f2, t\u00f4m, m\u1ef1c, rau c\u1ee7 n\u01b0\u1edbng,\u2026. t\u1eeba l\u1eeba h\u1ed9t me lu\u00f4n nha.<br \/>\n\u2714\ufe0f M\u1ed7i khu v\u1ef1c c\u1eafm tr\u1ea1i s\u1ebd \u0111\u1ec1u c\u00f3 1 b\u00e0n \u0103n ri\u00eang, c\u00e1c l\u1ec1u c\u00e1ch kh\u00e1 xa nhau n\u00ean v\u1eabn gi\u1eef \u0111\u01b0\u1ee3c kho\u1ea3ng c\u00e1ch v\u1eeba \u0111\u1ee7 \u0111\u1ec3 b\u1ea1n kh\u00f4ng th\u1ea5y b\u01a1 v\u01a1 l\u1ea1c l\u00f5ng v\u00e0 c\u0169ng kh\u00f4ng b\u1ecb \u1ea3nh h\u01b0\u1edfng b\u1edfi ti\u1ebfng \u1ed3n ph\u00e1t ra t\u1eeb l\u1ec1u kh\u00e1c.<br \/>\n\u2714\ufe0f Khi tham gia tour b\u1ea1n s\u1ebd \u0111\u01b0\u1ee3c h\u00f2a m\u00ecnh v\u00e0o thi\u00ean nhi\u00ean h\u00edt th\u1edf b\u1ea7u kh\u00f4ng kh\u00ed trong l\u00e0nh, c\u00f3 nh\u1eefng tr\u1ea3i nghi\u1ec7m \u0111\u00e1ng nh\u1edb hi\u1ebfm c\u00f3 kh\u00f3 t\u00ecm.<\/p>\n<h2><span id=\"3_Lich_Trinh_Tour_Cam_Trai_PineForest_DaLat\" class=\"ez-toc-section\"><\/span><a href=\"https:\/\/campingdalat.vn\/?p=92&amp;preview=true\" target=\"_blank\" rel=\"noopener\"><img decoding=\"async\" class=\"aligncenter wp-image-99 size-full\" src=\"https:\/\/campingdalat.vn\/wp-content\/uploads\/2022\/10\/hinh-7-2.jpg\" alt=\"Tour C\u1eafm Tr\u1ea1i PineForest Camping DaLat\" width=\"1200\" height=\"900\" \/><\/a><br \/>\n<strong>L\u1ecbch Tr\u00ecnh Tour PineForest Camping DaLat<\/strong><\/h2>\n<p>\ud83d\udc4918h30 \u0111\u1ebfn 20h30 l\u00e0 khung gi\u1edd \u0103n t\u1ed1i. Sau khi th\u01b0\u1edfng th\u1ee9c b\u1eefa t\u1ed1i xong b\u1ea1n c\u00f3 th\u1ec3 qu\u00e2y qu\u1ea7n b\u00ean l\u1eeda tr\u1ea1i, n\u01b0\u1edbng b\u1eafp, khoai n\u01b0\u1edbng, qu\u1ea9y theo \u0111i\u1ec7u nh\u1ea1c, ca h\u00e1t v\u00e0 tr\u00f2 chuy\u1ec7n th\u00e2u \u0111\u00eam ho\u1eb7c \u0111\u1ebfn khi n\u00e0o t\u00f9y th\u00edch.<br \/>\n\ud83d\udc4921h00 <strong>PineForest<\/strong> s\u1ebd chi\u1ebfu ngay g\u1ea7n xe b\u00e1n n\u01b0\u1edbc nh\u1ecf xinh x\u1eafn v\u00e0 s\u1ebd kh\u00f4ng c\u00f3 l\u1ecbch chi\u1ebfu phim c\u1ee5 th\u1ec3 m\u00e0 s\u1ebd l\u00e0 ng\u1eabu nhi\u00ean nha.<br \/>\n\ud83d\udc495h00 m\u1ecdi ng\u01b0\u1eddi b\u1eaft \u0111\u1ea7u r\u1ee5c r\u1ecbch r\u1eddi kh\u1ecfi l\u1ec1u ng\u1eafm b\u00ecnh minh, th\u01b0\u1edfng th\u1ee9c m\u1ed9t ly c\u00e0 ph\u00ea v\u00e0 l\u1eafng nghe thanh \u00e2m bu\u1ed5i s\u00e1ng ho\u1eb7c b\u1eadt nh\u1eefng b\u1ea3n nh\u1ea1c m\u00ecnh th\u00edch nghe.<br \/>\n\ud83d\udc496h30 \u0111\u1ebfn 8h30 s\u1ebd l\u00e0 kho\u1ea3ng th\u1eddi gian b\u1ea1n t\u1ef1 tay l\u00e0m b\u1eefa s\u00e1ng cho m\u00ecnh, sau \u0111\u00f3 b\u1ea1n c\u00f3 th\u1ec3 ch\u00e8o SUP ng\u1eafm H\u1ed3 Tuy\u1ec1n L\u00e2m xinh \u0111\u1eb9p ho\u1eb7c c\u00f3 th\u1ec3 thu d\u1ecdn \u0111\u1ed3 \u0111\u1ea1c \u0111\u1ec3 chu\u1ea9n b\u1ecb check out.<br \/>\n\ud83d\udc4910h00 l\u00e0m th\u1ee7 t\u1ef1c check out t\u1ea1i qu\u1ea7y v\u00e0 k\u1ebft th\u00fac h\u00e0nh tr\u00ecnh c\u1eafm tr\u1ea1i t\u1ea1i <strong>PineForest DaLat<\/strong>.<\/p>\n<h2><span id=\"4_Gia_Tour\" class=\"ez-toc-section\"><\/span><a href=\"https:\/\/campingdalat.vn\/?p=92&amp;preview=true\" target=\"_blank\" rel=\"noopener\"><img decoding=\"async\" class=\"aligncenter wp-image-100 size-full\" src=\"https:\/\/campingdalat.vn\/wp-content\/uploads\/2022\/10\/hinh-8-2.jpg\" alt=\"Tour C\u1eafm Tr\u1ea1i PineForest Camping DaLat\" width=\"1200\" height=\"900\" \/><\/a><br \/>\n<strong>Gi\u00e1 Tour<\/strong><\/h2>\n<p>\ud83d\udcb5 Gi\u00e1 tour: 750k\/ng\u01b0\u1eddi<br \/>\nGi\u00e1 tour \u0111\u00e3 bao g\u1ed3m:<br \/>\n+ Le\u0302\u0300u (\u0111a\u0302\u0300y \u0111u\u0309 ne\u0323\u0302m, cha\u0306n, go\u0302\u0301i va\u0300 \u0111e\u0300n trong le\u0302\u0300u).<br \/>\n+ Su\u031b\u0309 du\u0323ng khu vu\u031b\u0323c ba\u0306\u0301n cung chuye\u0302n nghie\u0323\u0302p trong vo\u0300ng mo\u0323\u0302t tie\u0302\u0301ng.<br \/>\n+ BBQ to\u0302\u0301i va\u0300 a\u0306n sa\u0301ng.<\/p>\n<p><img decoding=\"async\" class=\"aligncenter wp-image-32598 size-full\" src=\"https:\/\/dalatreview.vn\/wp-content\/uploads\/2023\/09\/gia.png\" alt=\"\" width=\"1587\" height=\"2245\"><\/p>\n<h2><span id=\"5_Lien_He\" class=\"ez-toc-section\"><\/span><strong>Li\u00ean H\u1ec7<\/strong><\/h2>\n<p>Hotline t\u01b0 v\u1ea5n: <a href=\"https:\/\/zalo.me\/0968249297\" target=\"_blank\" rel=\"noopener\">0968 249 297<\/a><br \/>\nXem th\u00eam b\u00e0i vi\u1ebft kh\u00e1c t\u1ea1i: <a href=\"https:\/\/dalatreview.vn\/en\/camping-glamping\/\" target=\"_blank\" rel=\"noopener\">Camping Art \u0110\u00e0 L\u1ea1t<\/a><\/p>","protected":false},"excerpt":{"rendered":"<p>N\u1ebfu b\u1ea1n mu\u1ed1n ngh\u1ec9 ng\u01a1i, s\u1ea1c l\u1ea1i m\u1ed9t ch\u00fat n\u0103ng l\u01b0\u1ee3ng th\u00ec h\u00e3y c\u00f9ng \u0110\u00e0 L\u1ea1t Review t\u00ecm hi\u1ec3u ngay Tour PineForest Camping DaLat d\u01b0\u1edbi \u0111\u00e2y nh\u00e9!!!\u00a0\u0110\u00e3 bao l\u00e2u r\u1ed3i b\u1ea1n ch\u01b0a \u0111\u01b0\u1ee3c \u0111\u00e1nh th\u1ee9c d\u1eady b\u1edfi nh\u1eefng tia n\u1eafng chi\u1ebfu qua t\u1eebng t\u00e1n l\u00e1, nghe ti\u1ebfng x\u00ec x\u00e0o c\u1ee7a c\u1ecf c\u00e2y, kh\u00f4ng ph\u1ea3i v\u1ed9i [&hellip;]<\/p>","protected":false},"featured_media":32599,"comment_status":"open","ping_status":"closed","template":"","meta":{"_acf_changed":false,"rank_math_lock_modified_date":false},"product_cat":[28],"product_tag":[],"acf":[],"_links":{"self":[{"href":"https:\/\/dalatreview.vn\/en\/wp-json\/wp\/v2\/product\/32596"}],"collection":[{"href":"https:\/\/dalatreview.vn\/en\/wp-json\/wp\/v2\/product"}],"about":[{"href":"https:\/\/dalatreview.vn\/en\/wp-json\/wp\/v2\/types\/product"}],"replies":[{"embeddable":true,"href":"https:\/\/dalatreview.vn\/en\/wp-json\/wp\/v2\/comments?post=32596"}],"wp:featuredmedia":[{"embeddable":true,"href":"https:\/\/dalatreview.vn\/en\/wp-json\/wp\/v2\/media\/32599"}],"wp:attachment":[{"href":"https:\/\/dalatreview.vn\/en\/wp-json\/wp\/v2\/media?parent=32596"}],"wp:term":[{"taxonomy":"product_cat","embeddable":true,"href":"https:\/\/dalatreview.vn\/en\/wp-json\/wp\/v2\/product_cat?post=32596"},{"taxonomy":"product_tag","embeddable":true,"href":"https:\/\/dalatreview.vn\/en\/wp-json\/wp\/v2\/product_tag?post=32596"}],"curies":[{"name":"wp","href":"https:\/\/api.w.org\/{rel}","templated":true}]}}