
{"id":32585,"date":"2023-09-09T14:43:58","date_gmt":"2023-09-09T07:43:58","guid":{"rendered":"https:\/\/dalatreview.vn\/?p=32585"},"modified":"2025-03-03T10:24:13","modified_gmt":"2025-03-03T03:24:13","slug":"the-campville-dalat-view-thung-lung-khu-c","status":"publish","type":"product","link":"https:\/\/dalatreview.vn\/en\/the-campville-dalat-view-thung-lung-khu-c.html","title":{"rendered":"The CampVille DaLat view Thung L\u0169ng khu C"},"content":{"rendered":"<nav class=\"vietrick-auto-toc\">\n<div class=\"box-title\">\n<h3 class=\"toc-title\" id=\"select-menu\">Danh m\u1ee5c ch\u00ednh<\/h3>\n<div><ion-icon name=\"chevron-up-outline\"><\/ion-icon><\/div>\n<\/div>\n<ul class=\"toc-list\">\n<li><a href='https:\/\/dalatreview.vn\/en#the-campville-dalat-view-thung-lung-khu-c' class='heading-h2 toc-link smooth-scroll'>The CampVille DaLat view Thung L\u0169ng khu C<\/a>\n<li><a href='https:\/\/dalatreview.vn\/en#1_Nhung_diem_dac_biet_cua_The_Camp_Ville_DaLat_View_Thung_Lung_Khu_C\" class=\"ez-toc-section' class='heading-h2 toc-link smooth-scroll'>1. Nh\u1eefng \u0111i\u1ec3m \u0111\u1eb7c bi\u1ec7t c\u1ee7a The CampVille DaLat View Thung L\u0169ng Khu C<\/a>\n<li><a href='https:\/\/dalatreview.vn\/en#2_Trai_nghiem_The_Camp_Ville_DaLat_View_Thung_Lung_khu_B\" class=\"ez-toc-section' class='heading-h2 toc-link smooth-scroll'>2. Tr\u1ea3i nghi\u1ec7m The CampVille DaLat View Thung L\u0169ng khu C<\/a>\n<li><a href='https:\/\/dalatreview.vn\/en#3_Gia_Tour_The_Camp_Ville_DaLat_View_Thung_Lung_khu_B\" class=\"ez-toc-section' class='heading-h2 toc-link smooth-scroll'>3. Gi\u00e1 Tour The Camp Ville DaLat View Thung L\u0169ng Khu C<\/a>\n<li><a href='https:\/\/dalatreview.vn\/en#4-gia-le-tour-the-camp-ville-da-lat-thung-lung-khu-c' class='heading-h2 toc-link smooth-scroll'>4. Gi\u00e1 L\u1ec5 Tour The Camp Ville \u0110\u00e0 L\u1ea1t\u00a0Thung L\u0169ng Khu C<\/a>\n<li><a href='https:\/\/dalatreview.vn\/en#4_Thong_Tin_Lien_He\" class=\"ez-toc-section' class='heading-h2 toc-link smooth-scroll'>5. Th\u00f4ng Tin Li\u00ean H\u1ec7<\/a><\/ul>\n<\/ul>\n<\/li>\n<\/ul>\n<\/nav>\n<h2 style=\"text-align: center;\" id=\"the-campville-dalat-view-thung-lung-khu-c\"><span style=\"color: #003300;\"><strong>The CampVille DaLat view Thung L\u0169ng khu C<\/strong><\/span><\/h2>\n<p>T\u1ea1m g\u00e1c l\u1ea1i deadline ng\u1ed5n ngang \u0111\u1ec3 kh\u00e1m ph\u00e1 ngay tour c\u1eafm tr\u1ea1i <strong>The CampVille Dalat<\/strong> view thung l\u0169ng. R\u1eddi xa ph\u1ed1 th\u1ecb ph\u1ed3n hoa n\u00e1o nhi\u1ec7t, tr\u1ea3i nghi\u1ec7m h\u00f2a m\u00ecnh v\u00e0o thi\u00ean nhi\u00ean s\u00e1ng th\u1ee9c d\u1eady v\u1edbi chi\u1ebfc view thung l\u0169ng m\u00e2y ngay tr\u01b0\u1edbc m\u1eaft m\u00ecnh\u00a0nh\u00e9!!!<\/p>\n<p><img decoding=\"async\" class=\"wp-image-1319 size-full\" src=\"https:\/\/thecampvilledalat.com\/wp-content\/uploads\/2023\/05\/322553453_873316607058460_4626682743652940096_n.jpg\" alt=\"the camp ville dalat view thung l\u0169ng khu c\" width=\"2048\" height=\"1536\" \/><\/p>\n<h2 class=\"x1heor9g x1qlqyl8 x1pd3egz x1a2a7pz xyorhqc xtvhhri\"><span id=\"1_Nhung_diem_dac_biet_cua_The_Camp_Ville_DaLat_View_Thung_Lung_Khu_C\" class=\"ez-toc-section\"><\/span><strong>1. Nh\u1eefng \u0111i\u1ec3m \u0111\u1eb7c bi\u1ec7t c\u1ee7a The CampVille DaLat View Thung L\u0169ng Khu C<\/strong><\/h2>\n<p>N\u1ebfu b\u1ea1n l\u00e0 m\u1ed9t ng\u01b0\u1eddi y\u00eau thi\u00ean nhi\u00ean, th\u00edch t\u1eadn h\u01b0\u1edfng kh\u00f4ng kh\u00ed b\u00ecnh y\u00ean, mu\u1ed1n g\u00e1c l\u1ea1i nh\u1eefng \u1ed3n \u00e0o c\u1ee7a th\u00e0nh ph\u1ed1, t\u1eaft h\u1ebft \u0111i\u1ec7n tho\u1ea1i, g\u1ea1t b\u1ecf deadline v\u00e0 tr\u1ea3i nghi\u1ec7m tr\u1ecdn v\u1eb9n m\u1ed9t ng\u00e0y gi\u1eefa thi\u00ean nhi\u00ean th\u00ec <strong>The CampVille Dalat<\/strong> s\u1ebd m\u1ed9t s\u1ef1 l\u1ef1a ch\u1ecdn v\u00f4 c\u00f9ng h\u1ee3p l\u00fd \u0111\u1ec3 c\u00f3 th\u1ec3 F5 l\u1ea1i t\u00e2m h\u1ed3n \u0111\u00f3.<\/p>\n<p><img decoding=\"async\" class=\"aligncenter wp-image-32868 size-full\" src=\"https:\/\/dalatreview.vn\/wp-content\/uploads\/2023\/09\/367029673_248605824713493_2868496457860465256_n.jpg\" alt=\"the camp ville dalat khu c\" width=\"2048\" height=\"1536\" \/><\/p>\n<p>\u2013 <strong>The CampVille Dalat<\/strong> l\u00e0 n\u01a1i d\u00e0nh cho nh\u1eefng b\u1ea1n y\u00eau thi\u00ean nhi\u00ean, th\u00edch t\u1eadn h\u01b0\u1edfng kh\u00f4ng kh\u00ed b\u00ecnh y\u00ean.<\/p>\n<p>\u2013 \u0110\u01b0\u1ee3c tr\u1ea3i nghi\u1ec7m ngh\u1ec9 d\u01b0\u1ee1ng t\u1ea1i l\u1ec1u gi\u01b0\u1eddng KING size 1m8 * 2m<\/p>\n<p>\u2013 M\u1ed7i l\u1ec1u \u0111\u1ec1u c\u00f3 nh\u00e0 v\u1ec7 sinh ri\u00eang ngay b\u00ean c\u1ea1nh v\u00e0 \u0111\u01b0\u1ee3c trang b\u1ecb h\u1ec7 th\u1ed1ng n\u01b0\u1edbc n\u00f3ng l\u1ea1nh \u1ed5n \u0111\u1ecbnh c\u0169ng nh\u01b0 s\u1eed d\u1ee5ng n\u01b0\u1edbc m\u00e1y s\u1ea1ch s\u1ebd<\/p>\n<p>\u2013 L\u1ec1u view Thung l\u0169ng s\u1ebd c\u00f3 b\u1ed3n t\u1eafm tr\u01b0\u1edbc l\u1ec1u v\u00e0 kh\u00f4ng c\u00f3 b\u1ed3n t\u1eafm trong nh\u00e0 t\u1eafm.<\/p>\n<p dir=\"auto\"><strong>The CampVille Dalat view thung l\u0169ng khu C:\u00a0<\/strong><\/p>\n<p>&#8211; Khu C c\u00f3 t\u1ed5ng 4 l\u1ec1u v\u1edbi 2 l\u1ec1u \u0111\u01a1n 1 gi\u01b0\u1eddng v\u00e0 2 l\u1ec1u \u0111\u00f4i 2 gi\u01b0\u1eddng.<\/p>\n<p>V\u1edbi m\u1ed9t kh\u00f4ng gian c\u1ef1c r\u1ed9ng \u0111\u1ec3 b\u1ea1n v\u00e0 gia \u0111\u00ecnh c\u00f3 m\u1ed9t k\u00ec ngh\u1ec9 d\u01b0\u1ee1ng tho\u1ea3i m\u00e1i, h\u00f2a m\u00ecnh c\u00f9ng thi\u00ean nhi\u00ean. Ngo\u00e0i ra, t\u1ea1i \u0111\u00e2y c\u00f2n c\u00f3 c\u1ea3 m\u1ed9t qu\u00e1n c\u00e0 ph\u00ea \u0111\u1ec3 b\u1ea1n c\u00f3 th\u1ec3 ng\u1ed3i nh\u00e2m nhi ng\u1eafm c\u1ea3nh v\u00e0 chill c\u00f9ng thi\u00ean nhi\u00ean.<\/p>\n<p><img decoding=\"async\" class=\"size-full wp-image-32870 aligncenter\" src=\"https:\/\/dalatreview.vn\/wp-content\/uploads\/2023\/09\/Vuon-hoa-thanh-pho-da-lat-2-2.jpg\" alt=\"the camp ville dalat \" width=\"1350\" height=\"1013\" \/><\/p>\n<h2 dir=\"auto\"><span id=\"2_Trai_nghiem_The_Camp_Ville_DaLat_View_Thung_Lung_khu_B\" class=\"ez-toc-section\"><\/span><strong>2. Tr\u1ea3i nghi\u1ec7m The CampVille DaLat View Thung L\u0169ng khu C<\/strong><\/h2>\n<p><strong>The CampVille Dalat<\/strong>\u00a0t\u1ecda l\u1ea1c t\u1ea1i m\u1ed9t v\u1ecb tr\u00ed \u0111\u1eafc \u0111\u1ecba, ch\u1ec9 c\u00e1ch trung t\u00e2m th\u00e0nh ph\u1ed1 10km v\u00e0 \u0111\u01b0\u1eddng \u0111\u1ebfn r\u1ea5t d\u1ec5 di chuy\u1ec3n, n\u01a1i m\u00e0 b\u1ea1n c\u00f3 th\u1ec3 ng\u1eafm c\u1ea3 b\u00ecnh minh v\u00e0 ho\u00e0ng h\u00f4n, \u0111\u1eb7c bi\u1ec7t bu\u1ed5i t\u1ed1i n\u01a1i c\u00f2n c\u00f3 c\u1ea3 view ng\u1eafm nh\u00e0 l\u1ed3ng si\u00eau lung linh.<\/p>\n<p><img decoding=\"async\" class=\"aligncenter wp-image-32871 size-full\" src=\"https:\/\/dalatreview.vn\/wp-content\/uploads\/2023\/09\/344546723_1275619090046269_3183422259785141124_n.jpg\" alt=\"ti\u1ec7c bbq t\u1ea1i the campville dalat \" width=\"2048\" height=\"1536\" \/><\/p>\n<p>T\u1ed1i \u0111\u1ebfn lai rai \u0111\u1ed3 n\u01b0\u1edbng trong ti\u1ebft tr\u1eddi se l\u1ea1nh c\u1ee7a \u0110\u00e0 L\u1ea1t c\u00f9ng ng\u01b0\u1eddi th\u00e2n, b\u1ea1n b\u00e8 qu\u00e2y qu\u1ea7n b\u00ean b\u1ebfp than \u1ea5m n\u00f3ng r\u1ef1c l\u1eeda, l\u01b0u l\u1ea1i nh\u1eefng tr\u1ea3i nghi\u1ec7m m\u1edbi \u0111\u00e1ng nh\u1edb, s\u0103n m\u00e2y, s\u0103n s\u01b0\u01a1ng s\u1edbm trong ti\u1ebft tr\u1eddi se l\u1ea1nh bu\u1ed5i s\u00e1ng.<\/p>\n<p><strong>TI\u1ec6N \u00cdCH TRONG L\u1ec0U<\/strong><br \/>\n\u2022 N\u01b0\u1edbc n\u00f3ng l\u1ea1nh<br \/>\n\u2022 Wifi, qu\u1ea1t<br \/>\n\u2022 M\u00e1y s\u1ea5y t\u00f3c<br \/>\n\u2022 Kh\u0103n t\u1eafm<br \/>\n\u2022 C\u1ed1c u\u1ed1ng n\u01b0\u1edbc<br \/>\n\u2022 B\u00ecnh si\u00eau t\u1ed1c<br \/>\n\u2022 D\u00f9,d\u00e9p trong l\u1ec1u<br \/>\n\u2022 V\u1ee3t \u0111i\u1ec7n ch\u1ed1ng mu\u1ed7i<br \/>\n\u2022 S\u1eefa t\u1eafm d\u1ea7u g\u1ed9i, kem \u0111\u00e1nh r\u0103ng, b\u00e0n ch\u1ea3i, t\u0103m b\u00f4ng<br \/>\n\u2022 K\u1ec7 treo qu\u1ea7n \u00e1o, m\u00e1y s\u01b0\u1edfi \u1ea5m, qu\u1ea1t.<br \/>\n\u2022 L\u1ec1u s\u1ebd kh\u00f4ng c\u00f3 tivi, t\u1ee7 l\u1ea1nh v\u00e0 kh\u00f4ng \u0111i\u1ec1u h\u00f2a<\/p>\n<p>\u2013 Th\u01b0\u1edfng th\u1ee9c nh\u1eefng b\u1eefa ti\u1ec7c BBQ bu\u1ed5i t\u1ed1i c\u00f9ng SET MENU 9 M\u00d3N<\/p>\n<p>\u2013 T\u1eadn h\u01b0\u1edfng m\u1ecdi d\u1ecbch v\u1ee5 theo chu\u1ea9n kh\u00e1ch s\u1ea1n.<\/p>\n<p><img decoding=\"async\" class=\"size-full wp-image-32872 aligncenter\" src=\"https:\/\/dalatreview.vn\/wp-content\/uploads\/2023\/09\/Vuon-hoa-thanh-pho-da-lat-5.jpg\" alt=\"the camp ville dalat \" width=\"1200\" height=\"900\" \/><\/p>\n<h2><span id=\"3_Gia_Tour_The_Camp_Ville_DaLat_View_Thung_Lung_khu_B\" class=\"ez-toc-section\"><\/span><strong>3. Gi\u00e1 Tour The Camp Ville DaLat View Thung L\u0169ng Khu C<\/strong><\/h2>\n<p><strong>L\u1ec0U VIEW THUNG L\u0168NG KHU C:<\/strong><\/p>\n<p>\u2022 L\u1ec1u 1 gi\u01b0\u1eddng d\u00e0nh cho 2 kh\u00e1ch \u2013 Nh\u00e0 v\u1ec7 sinh b\u00ean c\u1ea1nh l\u1ec1u: 2.600.000\u0111\/ \u0111\u00eam<\/p>\n<p>\u2022 L\u1ec1u 2 gi\u01b0\u1eddng d\u00e0nh cho 4 kh\u00e1ch \u2013 Nh\u00e0 v\u1ec7 sinh b\u00ean c\u1ea1nh l\u1ec1u: 5.200.000\u0111\/ \u0111\u00eam<\/p>\n<p><span style=\"font-size: 16px;\"><b>CH\u00cdNH S\u00c1CH PH\u1ee4 THU<\/b><\/span><\/p>\n<p><span style=\"font-size: 16px;\"><strong><i>\u0110\u1ed1i v\u1edbi tr\u1ebb em:\u00a0<\/i><\/strong><\/span><\/p>\n<p>&#8211; Tr\u1ebb em d\u01b0\u1edbi 110cm: Mi\u1ec5n ph\u00ed ph\u1ee5 thu l\u1ec1u<\/p>\n<p>&#8211; Tr\u1ebb em t\u1eeb 110cm &#8211; 140cm: Ph\u1ee5 thu 50%<\/p>\n<p><span style=\"font-weight: 400; font-size: 16px;\">&#8211; Tr\u1ebb em tr\u00ean 140cm: T\u00ednh gi\u00e1 ng\u01b0\u1eddi l\u1edbn<\/span><\/p>\n<p><strong>L\u01b0u \u00fd:<\/strong> Trong tr\u01b0\u1eddng h\u1ee3p ph\u00e1t sinh h\u01a1n s\u1ed1 l\u01b0\u1ee3ng ng\u01b0\u1eddi quy \u0111\u1ecbnh, khu camp s\u1ebd c\u00f3 nh\u1eefng m\u1ee9c ph\u1ee5 thu sau:<\/p>\n<p>&#8211; L\u1ec1u View Thung L\u0169ng Khu C, toilet b\u00ean trong l\u1ec1u ph\u1ee5 thu 1.000.000 VN\u0110 \/ 1 Ng\u01b0\u1eddi l\u1edbn \/ \u0110\u00eam. Tr\u1ebb em t\u1eeb 110cm &#8211; 140cm ph\u1ee5 ph\u00ed 650.000 VN\u0110 (Tr\u00ean 140cm t\u00ednh 1 ng\u01b0\u1eddi l\u1edbn)<\/p>\n<p>&#8211; Qu\u00fd kh\u00e1ch l\u01b0u \u00fd \u1edf \u0111\u00fang s\u1ed1 l\u01b0\u1ee3ng ng\u01b0\u1eddi, n\u1ebfu ph\u00e1t sinh th\u00eam vui l\u00f2ng b\u00e1o tr\u01b0\u1edbc cho khu camp, \u0111\u1ec3 The CampVille khai b\u00e1o l\u01b0u tr\u00fa \u0111\u1ea7y \u0111\u1ee7 cho ph\u01b0\u1eddng, x\u00e3.<\/p>\n<p>&#8211; \u0110\u1ec3 \u0111\u1ea3m b\u1ea3o c\u00e1c b\u1eefa \u0103n \u0111\u01b0\u1ee3c phuc v\u1ee5 m\u1ed9t c\u00e1ch ch\u1ec9n chu nh\u1ea5t, qu\u00fd kh\u00e1ch vui long Order v\u1edbi nh\u00e2n vi\u00ean l\u1ec5 t\u00e2n tr\u01b0\u1edbc 16g00 h\u00e0ng ng\u00e0y theo Menu c\u00f3 s\u1eb5n<\/p>\n<p>&#8211; Qu\u00fd kh\u00e1ch vui l\u00f2ng check-in v\u00e0 check-out \u0111\u00fang gi\u1edd quy \u0111\u1ecbnh v\u00ec \u0111\u1eb7c th\u00f9 ri\u00eang bi\u1ec7t c\u1ee7a l\u1ec1u, tr\u01b0\u1eddng h\u1ee3p c\u1ea7n h\u1ed7 tr\u1ee3 xin vui l\u00f2ng li\u00ean h\u1ec7 tr\u01b0\u1edbc v\u1edbi nh\u00e2n vi\u00ean t\u01b0 v\u1ea5n ho\u1eb7c nh\u00e2n vi\u00ean l\u1ec5 t\u00e2n<\/p>\n<p>&#8211; Gi\u1edd nh\u1eadn l\u1ec1u : 15h00 chi\u1ec1u<\/p>\n<p>&#8211; Gi\u1edd tr\u1ea3 l\u1ec1u: 10h00 s\u00e1ng<\/p>\n<p><img decoding=\"async\" class=\"aligncenter wp-image-37748 size-full\" src=\"https:\/\/dalatreview.vn\/wp-content\/uploads\/2023\/01\/z5343407805886_69c648aacdebb25d390b6ee69492a4aa.jpg\" alt=\"gi\u00e1 l\u1ec1u thecampville\" width=\"1810\" height=\"2560\" srcset=\"https:\/\/dalatreview.vn\/wp-content\/uploads\/2023\/01\/z5343407805886_69c648aacdebb25d390b6ee69492a4aa.jpg 1810w, https:\/\/dalatreview.vn\/wp-content\/uploads\/2023\/01\/z5343407805886_69c648aacdebb25d390b6ee69492a4aa-600x849.jpg 600w\" sizes=\"(max-width: 1810px) 100vw, 1810px\" \/><\/p>\n<h2 id=\"4-gia-le-tour-the-camp-ville-da-lat-thung-lung-khu-c\"><strong><span style=\"color: #003300;\">4. Gi\u00e1 L\u1ec5 Tour The Camp Ville \u0110\u00e0 L\u1ea1t\u00a0Thung L\u0169ng Khu C<\/span><\/strong><\/h2>\n<p><strong>L\u01b0u \u00fd:<\/strong> The Camp Ville t\u0103ng 25% tr\u00ean gi\u00e1 ni\u00eam y\u1ebft v\u00e0o ng\u00e0y 30\/04 v\u00e0 01\/05<\/p>\n<p><em>L\u1ec1u view thung l\u0169ng khu C 1 gi\u01b0\u1eddng<\/em>: 2.600.000 =&gt; 3.250.000\/l\u1ec1u<\/p>\n<p><em>L\u1ec1u view thung l\u0169ng Khu C 2 gi\u01b0\u1eddng<\/em>: 5.200.000 =&gt; 6.500.000\/l\u1ec1u<\/p>\n<p>Extra bed: T\u0103ng 25% cho m\u1ed7i h\u1ea1ng l\u1ec1u t\u01b0\u01a1ng \u1ee9ng<\/p>\n<h2><span id=\"4_Thong_Tin_Lien_He\" class=\"ez-toc-section\"><\/span><span style=\"color: #003300;\"><strong>5. Th\u00f4ng Tin Li\u00ean H\u1ec7<\/strong><\/span><\/h2>\n<p>\u260e\ufe0f Hotline t\u01b0 v\u1ea5n:\u00a0<a href=\"https:\/\/zalo.me\/0968249297\" target=\"_blank\" rel=\"noopener\">0968 249 297<\/a><\/p>\n<p>Li\u00ean h\u1ec7 book tour: <a href=\"https:\/\/zalo.me\/dalatreview\" target=\"_blank\" rel=\"noopener\">\u0110\u00e0 L\u1ea1t Review T\u1ea5t T\u1ea7n T\u1eadt<\/a><\/p>\n<p>Xem th\u00eam b\u00e0i vi\u1ebft kh\u00e1c t\u1ea1i:\u00a0<a href=\"https:\/\/dalatreview.vn\/en\/camping-glamping\/\">The CampVille DaLat<\/a><\/p>","protected":false},"excerpt":{"rendered":"<p>Danh m\u1ee5c ch\u00ednh The CampVille DaLat view Thung L\u0169ng khu C 1. Nh\u1eefng \u0111i\u1ec3m \u0111\u1eb7c bi\u1ec7t c\u1ee7a The CampVille DaLat View Thung L\u0169ng Khu C 2. Tr\u1ea3i nghi\u1ec7m The CampVille DaLat View Thung L\u0169ng khu C 3. Gi\u00e1 Tour The Camp Ville DaLat View Thung L\u0169ng Khu C 4. Gi\u00e1 L\u1ec5 Tour The Camp Ville [&hellip;]<\/p>","protected":false},"featured_media":32587,"comment_status":"open","ping_status":"closed","template":"","meta":{"_acf_changed":false,"rank_math_lock_modified_date":false},"product_cat":[28,2345],"product_tag":[],"acf":[],"_links":{"self":[{"href":"https:\/\/dalatreview.vn\/en\/wp-json\/wp\/v2\/product\/32585"}],"collection":[{"href":"https:\/\/dalatreview.vn\/en\/wp-json\/wp\/v2\/product"}],"about":[{"href":"https:\/\/dalatreview.vn\/en\/wp-json\/wp\/v2\/types\/product"}],"replies":[{"embeddable":true,"href":"https:\/\/dalatreview.vn\/en\/wp-json\/wp\/v2\/comments?post=32585"}],"wp:featuredmedia":[{"embeddable":true,"href":"https:\/\/dalatreview.vn\/en\/wp-json\/wp\/v2\/media\/32587"}],"wp:attachment":[{"href":"https:\/\/dalatreview.vn\/en\/wp-json\/wp\/v2\/media?parent=32585"}],"wp:term":[{"taxonomy":"product_cat","embeddable":true,"href":"https:\/\/dalatreview.vn\/en\/wp-json\/wp\/v2\/product_cat?post=32585"},{"taxonomy":"product_tag","embeddable":true,"href":"https:\/\/dalatreview.vn\/en\/wp-json\/wp\/v2\/product_tag?post=32585"}],"curies":[{"name":"wp","href":"https:\/\/api.w.org\/{rel}","templated":true}]}}