
{"id":32556,"date":"2023-09-09T09:47:17","date_gmt":"2023-09-09T02:47:17","guid":{"rendered":"https:\/\/dalatreview.vn\/?p=32556"},"modified":"2024-10-12T09:29:07","modified_gmt":"2024-10-12T02:29:07","slug":"cloud-view-glamping-cuoi-tuan","status":"publish","type":"product","link":"https:\/\/dalatreview.vn\/en\/cloud-view-glamping-cuoi-tuan.html","title":{"rendered":"Tour Cloud View Glamping \u2013 C\u1eafm tr\u1ea1i s\u0103n m\u00e2y \u0110\u00e0 L\u1ea1t cu\u1ed1i tu\u1ea7n"},"content":{"rendered":"<nav class=\"vietrick-auto-toc\">\n<div class=\"box-title\">\n<h3 class=\"toc-title\" id=\"select-menu\">Danh m\u1ee5c ch\u00ednh<\/h3>\n<div><ion-icon name=\"chevron-up-outline\"><\/ion-icon><\/div>\n<\/div>\n<ul class=\"toc-list\"><\/ul>\n<li><a href='https:\/\/dalatreview.vn\/en#tour-cloud-view-glamping-cam-trai-san-may-da-lat-cuoi-tuan' class='heading-h1 toc-link smooth-scroll'>Tour Cloud View Glamping \u2013 C\u1eafm tr\u1ea1i s\u0103n m\u00e2y \u0110\u00e0 L\u1ea1t cu\u1ed1i tu\u1ea7n<\/a>\n<ul>\n<li><a href='https:\/\/dalatreview.vn\/en#1-gioi-thieu-tour-cam-trai-san-may-cloud-view-glamping' class='heading-h2 toc-link smooth-scroll'>1. Gi\u1edbi thi\u1ec7u Tour c\u1eafm tr\u1ea1i s\u0103n m\u00e2y Cloud View Glamping<\/a>\n<li><a href='https:\/\/dalatreview.vn\/en#2_Tour_Cam_trai_san_may_Da_Lat_cua_Cloud_View_Glamping_co_gi\" class=\"ez-toc-section' class='heading-h2 toc-link smooth-scroll'>2. L\u1ecbch tr\u00ecnh Tour c\u1eafm tr\u1ea1i Cloud view Camping<\/a>\n<li><a href='https:\/\/dalatreview.vn\/en#3-gia-tour-cam-trai-san-may-cloud-view-glamping-cuoi-tuan' class='heading-h2 toc-link smooth-scroll'>3. Gi\u00e1 tour c\u1eafm tr\u1ea1i s\u0103n m\u00e2y Cloud View Glamping Cu\u1ed1i Tu\u1ea7n<\/a>\n<li><a href='https:\/\/dalatreview.vn\/en#4_Thong_tin_lien_he\" class=\"ez-toc-section' class='heading-h2 toc-link smooth-scroll'>4. Th\u00f4ng tin li\u00ean h\u1ec7<\/a><\/ul>\n<\/ul>\n<\/li>\n<\/ul>\n<\/nav>\n<h1 style=\"text-align: center;\" id=\"tour-cloud-view-glamping-cam-trai-san-may-da-lat-cuoi-tuan\"><span style=\"color: #003300; font-size: 28px;\"><strong>Tour Cloud View Glamping \u2013 C\u1eafm tr\u1ea1i s\u0103n m\u00e2y \u0110\u00e0 L\u1ea1t cu\u1ed1i tu\u1ea7n<\/strong><\/span><\/h1>\n<p><strong>C\u1eafm tr\u1ea1i \u0110\u00e0 L\u1ea1t<\/strong> lu\u00f4n l\u00e0 m\u1ed9t trong nh\u1eefng l\u1ef1a ch\u1ecdn \u0111\u01b0\u1ee3c \u01b0u ti\u00ean c\u1ee7a h\u1ea7u h\u1ebft nh\u1eefng b\u1ea1n tr\u1ebb y\u00eau th\u00edch tr\u1ea3i nghi\u1ec7m v\u00e0 kh\u00e1m ph\u00e1. Cloud view Glamping ch\u00ednh l\u00e0 d\u00e0nh cho b\u1ea1n n\u1ebfu b\u1ea1n \u0111ang t\u00ecm ki\u1ebfm cho m\u00ecnh m\u1ed9t tr\u1ea3i nghi\u1ec7m m\u1edbi m\u1ebb khi \u0111\u1ebfn v\u1edbi \u0110\u00e0 L\u1ea1t th\u00e2n thu\u1ed9c.<\/p>\n<p><img decoding=\"async\" class=\"aligncenter wp-image-1420 size-full\" src=\"https:\/\/cloudglamping.com\/wp-content\/uploads\/2023\/04\/z4274996433147_600a8a7116c5b768294d20a7fe54199b.jpg\" alt=\"glamping \u0111\u00e0 l\u1ea1t\" width=\"1365\" height=\"2048\" \/><\/p>\n<h2 id=\"1-gioi-thieu-tour-cam-trai-san-may-cloud-view-glamping\">1. Gi\u1edbi thi\u1ec7u Tour c\u1eafm tr\u1ea1i s\u0103n m\u00e2y Cloud View Glamping<\/h2>\n<p>\u2714\ufe0f N\u1ebfu b\u1ea1n \u0111ang t\u00ecm ki\u1ebfm cho m\u00ecnh m\u1ed9t kh\u00f4ng gian b\u00ecnh y\u00ean \u0111\u1ec3 th\u01b0 gi\u00e3n.<\/p>\n<p>\u2714\ufe0f Tr\u1ed1n kh\u1ecfi nh\u1eefng x\u00f4 b\u1ed3 v\u00e0 n\u00e1o nhi\u1ec7t trong gu\u1ed3ng quay cu\u1ed9c s\u1ed1ng h\u1eb1ng ng\u00e0y \u0111\u1ec3 t\u00ecm v\u1ec1 n\u01a1i thi\u00ean nhi\u00ean th\u01a1 m\u1ed9ng, h\u00f2a m\u00ecnh c\u00f9ng kh\u00ed tr\u1eddi trong l\u00e0nh, m\u00e1t m\u1ebb.<\/p>\n<p>\u2714\ufe0f C\u1ea3m nh\u1eadn c\u00e1i ng\u1ecdt d\u1ecbu c\u1ee7a s\u01b0\u01a1ng s\u1edbm, c\u00e1i l\u00e0nh l\u1ea1nh pha l\u1eabn ch\u00fat ph\u1ea5n kh\u00edch c\u1ee7a tr\u1eddi m\u00e2y v\u00e0 c\u1ea3m gi\u00e1c \u1ea5m \u00e1p c\u1ee7a n\u1eafng ban mai\u2026<\/p>\n<p>\u2714\ufe0f V\u1eady t\u1ea1i sao l\u1ea7n \u0111\u1ebfn \u0110\u00e0 L\u1ea1t n\u00e0y b\u1ea1n kh\u00f4ng th\u1eed tr\u1ea3i nghi\u1ec7m Cloud View Glamping\u00a0nh\u1ec9?<\/p>\n<p><img decoding=\"async\" class=\"aligncenter wp-image-1433 size-full\" src=\"https:\/\/cloudglamping.com\/wp-content\/uploads\/2023\/04\/z4274996282419_347f5ab84b871cbdc41dbf1283ca76bd.jpg\" alt=\"Glamping \u0110\u00e0 L\u1ea1t\" width=\"2048\" height=\"1365\" \/><\/p>\n<p>H\u00f4m nay, Nh\u00e0 <strong><em>Cloud View Glamping<\/em>\u00a0<\/strong>ch\u00fang m\u00ecnh s\u1ebd d\u1eabn b\u1ea1n c\u00f9ng tr\u1ea3i nghi\u1ec7m m\u1ed9t bu\u1ed5i c\u1eafm tr\u1ea1i s\u0103n m\u00e2y c\u00f9ng t\u1eadn h\u01b0\u1edfng nh\u1eefng c\u1ea3m gi\u00e1c th\u01b0 gi\u00e3n, tho\u1ea3i m\u00e1i v\u00e0 chill c\u00f9ng khung c\u1ea3nh th\u01a1 m\u1ed9ng tuy\u1ec7t v\u1eddi c\u1ee7a bu\u1ed5i s\u0103n m\u00e2y s\u00e1ng s\u1edbm.<\/p>\n<p><img decoding=\"async\" class=\"aligncenter wp-image-1419 size-full\" src=\"https:\/\/cloudglamping.com\/wp-content\/uploads\/2023\/04\/z4274996431250_046dc9fb7524dd75dc5d88e58e6ef2b4.jpg\" alt=\"C\u1eafm tr\u1ea1i s\u0103n m\u00e2y\" width=\"2048\" height=\"1365\" \/><\/p>\n<h2><span id=\"2_Tour_Cam_trai_san_may_Da_Lat_cua_Cloud_View_Glamping_co_gi\" class=\"ez-toc-section\"><\/span><strong>2. L\u1ecbch tr\u00ecnh Tour c\u1eafm tr\u1ea1i Cloud view Camping<\/strong><\/h2>\n<p><strong>\ud83d\udccc L\u1ecbch tr\u00ecnh Tour c\u1eafm tr\u1ea1i Cloud View Glamping c\u1ee5 th\u1ec3:<\/strong><\/p>\n<p>\ud83d\udc49 14h00: Check-in, tham quan ch\u1ee5p h\u00ecnh t\u1ef1 do t\u1ea1i t\u1ed5 h\u1ee3p Thi\u00ean \u0110\u01b0\u1eddng S\u0103n M\u00e2y<\/p>\n<p>\ud83d\udc49 18h00: Ti\u1ec7c BBQ t\u1ed1i sang ch\u1ea3nh quanh l\u1eeda h\u1ed3ng. Sau \u0111\u00f3 qu\u00fd kh\u00e1ch t\u1ef1 do sinh ho\u1ea1t, qu\u00e2y qu\u1ea7n b\u00ean l\u1eeda tr\u1ea1i n\u01b0\u1edbng khoai b\u1eafp\u2026<\/p>\n<p>\ud83d\udc49\u00a05h00: Th\u1ee9c d\u1eady \u2013 thay \u0111\u1ed3 th\u1eadt \u0111\u1eb9p chu\u1ea9n b\u1ecb \u201cs\u0103n m\u00e2y\u201d<\/p>\n<p>\ud83d\udc49 7h00: Ph\u1ee5c v\u1ee5 b\u1eefa \u0103n s\u00e1ng \u2013 cafe chill chill ng\u1eafm thung l\u0169ng m\u00e2y<\/p>\n<p>\ud83d\udc49\u00a08h00: T\u1ef1 do tham quan check in<\/p>\n<p>\ud83d\udc49\u00a09h00: Check-out, qu\u00fd kh\u00e1ch ki\u1ec3m tra l\u1ea1i t\u01b0 trang \u2013 h\u00e0nh l\u00fd tr\u01b0\u1edbc khi v\u1ec1<\/p>\n<p><a href=\"https:\/\/cloudglamping.com\/tour-cam-trai-da-lat-leu-b?preview_id=216&amp;preview_nonce=8cf4cb95b9&amp;post_format=standard&amp;_thumbnail_id=1319&amp;preview=true\" target=\"_blank\" rel=\"noopener\"><img decoding=\"async\" class=\"aligncenter wp-image-252 size-full\" src=\"https:\/\/cloudglamping.com\/wp-content\/uploads\/2023\/04\/332415829_729554818827947_4762471244397952001_n.jpg\" alt=\"Tour C\u1eafm Tr\u1ea1i Cloud View Glamping \u0110\u00e0 L\u1ea1t L\u1ec1u B\" width=\"2048\" height=\"1365\" \/><\/a><\/p>\n<h2 id=\"3-gia-tour-cam-trai-san-may-cloud-view-glamping-cuoi-tuan\"><strong>3. Gi\u00e1 tour c\u1eafm tr\u1ea1i s\u0103n m\u00e2y Cloud View Glamping Cu\u1ed1i Tu\u1ea7n<\/strong><\/h2>\n<p><span style=\"font-size: 14pt;\"><strong><em>Th\u1ee9 6 &#8211; Th\u1ee9 7<\/em><\/strong><\/span><\/p>\n<p>&#8211; Ng\u01b0\u1eddi l\u1edbn: <span style=\"color: #ff0000;\"><strong>1050k\/ ng\u01b0\u1eddi l\u1edbn<\/strong><\/span><\/p>\n<p>&#8211; Tr\u1ebb em (<em>T\u1eeb \u0111\u1ee7 3 \u0111\u1ebfn d\u01b0\u1edbi 10 tu\u1ed5i<\/em>): <strong><span style=\"color: #ff0000;\">500k\/ tr\u1ebb em<\/span><\/strong><\/p>\n<p>&#8211; Th\u00fa c\u01b0ng (<em>Kh\u00f4ng nh\u1eadn ch\u00f3 s\u0103n, pitbull<\/em>):<span style=\"color: #ff0000;\"><strong> 200k\/ b\u00e9<\/strong><\/span><\/p>\n<p><strong>Gi\u00e1 tour tr\u00ean bao g\u1ed3m:<\/strong><\/p>\n<p>+ L\u01b0u tr\u00fa l\u1ec1u tr\u1ea1i cao c\u1ea5p\u00a0<\/p>\n<p>+ T\u1eb7ng Welcom Drink<\/p>\n<p>+ T\u1eb7ng ti\u1ec7c BBQ t\u1ed1i 8 &#8211; 10 m\u00f3n<\/p>\n<p>+ T\u1eb7ng b\u1eefa khuya (b\u00e1nh tr\u00e1ng, s\u1eefa n\u00f3ng)<\/p>\n<p>+ T\u1eb7ng b\u1eefa s\u00e1ng k\u00e8m n\u01b0\u1edbc\u00a0<\/p>\n<p>+ T\u1eb7ng v\u00e9 tham quan 9 \u0111\u1ecba \u0111i\u1ec3m du l\u1ecbch hot\u00a0<\/p>\n<p>+ T\u1eb7ng 3 v\u00e9 tham gia b\u1ed9 tr\u00f2 ch\u01a1i hot hit\u00a0<\/p>\n<p>+ T\u1eb7ng tr\u1ea3i nghi\u1ec7m l\u1eeda tr\u1ea1i ( T\u00f9y th\u1eddi ti\u1ebft)\u00a0<\/p>\n<p>+ T\u1eb7ng tr\u1ea3i nghi\u1ec7m th\u1ea3 di\u1ec1u ( T\u00f9y th\u1eddi ti\u1ebft)\u00a0<\/p>\n<p><img decoding=\"async\" class=\"size-full wp-image-44509 aligncenter\" src=\"https:\/\/dalatreview.vn\/wp-content\/uploads\/2022\/10\/z5834911650454_b72c4deff357566b1a562347e1c29f85.jpg\" alt=\"b\u1ea3ng gi\u00e1 cloud view glamping\" width=\"1957\" height=\"2560\" srcset=\"https:\/\/dalatreview.vn\/wp-content\/uploads\/2022\/10\/z5834911650454_b72c4deff357566b1a562347e1c29f85.jpg 1957w, https:\/\/dalatreview.vn\/wp-content\/uploads\/2022\/10\/z5834911650454_b72c4deff357566b1a562347e1c29f85-783x1024.jpg 783w, https:\/\/dalatreview.vn\/wp-content\/uploads\/2022\/10\/z5834911650454_b72c4deff357566b1a562347e1c29f85-768x1005.jpg 768w, https:\/\/dalatreview.vn\/wp-content\/uploads\/2022\/10\/z5834911650454_b72c4deff357566b1a562347e1c29f85-1174x1536.jpg 1174w, https:\/\/dalatreview.vn\/wp-content\/uploads\/2022\/10\/z5834911650454_b72c4deff357566b1a562347e1c29f85-1566x2048.jpg 1566w, https:\/\/dalatreview.vn\/wp-content\/uploads\/2022\/10\/z5834911650454_b72c4deff357566b1a562347e1c29f85-600x785.jpg 600w\" sizes=\"(max-width: 1957px) 100vw, 1957px\" \/><\/p>\n<h2><span id=\"4_Thong_tin_lien_he\" class=\"ez-toc-section\"><\/span>4. Th\u00f4ng tin li\u00ean h\u1ec7<\/h2>\n<p>\u2705 Hotline t\u01b0 v\u1ea5n: <a href=\"https:\/\/zalo.me\/0986249297\" target=\"_blank\" rel=\"noopener\">0986 249 297<\/a><\/p>\n<p>\u2705 Zalo: <a href=\"https:\/\/zalo.me\/dalatreview\" target=\"_blank\" rel=\"noopener\">\u0110\u00e0 L\u1ea1t Review T\u1ea5t T\u1ea7n T\u1eadt<\/a><\/p>\n<p>\u2705 Website: <a href=\"https:\/\/dalatreview.vn\/en\/\">\u0110\u00e0 L\u1ea1t Review <\/a><\/p>","protected":false},"excerpt":{"rendered":"<p>Danh m\u1ee5c ch\u00ednh Tour Cloud View Glamping \u2013 C\u1eafm tr\u1ea1i s\u0103n m\u00e2y \u0110\u00e0 L\u1ea1t cu\u1ed1i tu\u1ea7n 1. Gi\u1edbi thi\u1ec7u Tour c\u1eafm tr\u1ea1i s\u0103n m\u00e2y Cloud View Glamping 2. L\u1ecbch tr\u00ecnh Tour c\u1eafm tr\u1ea1i Cloud view Camping 3. Gi\u00e1 tour c\u1eafm tr\u1ea1i s\u0103n m\u00e2y Cloud View Glamping Cu\u1ed1i Tu\u1ea7n 4. Th\u00f4ng tin li\u00ean h\u1ec7 Tour Cloud [&hellip;]<\/p>","protected":false},"featured_media":32750,"comment_status":"open","ping_status":"closed","template":"","meta":{"_acf_changed":false,"rank_math_lock_modified_date":false},"product_cat":[28,2345],"product_tag":[],"acf":[],"_links":{"self":[{"href":"https:\/\/dalatreview.vn\/en\/wp-json\/wp\/v2\/product\/32556"}],"collection":[{"href":"https:\/\/dalatreview.vn\/en\/wp-json\/wp\/v2\/product"}],"about":[{"href":"https:\/\/dalatreview.vn\/en\/wp-json\/wp\/v2\/types\/product"}],"replies":[{"embeddable":true,"href":"https:\/\/dalatreview.vn\/en\/wp-json\/wp\/v2\/comments?post=32556"}],"wp:featuredmedia":[{"embeddable":true,"href":"https:\/\/dalatreview.vn\/en\/wp-json\/wp\/v2\/media\/32750"}],"wp:attachment":[{"href":"https:\/\/dalatreview.vn\/en\/wp-json\/wp\/v2\/media?parent=32556"}],"wp:term":[{"taxonomy":"product_cat","embeddable":true,"href":"https:\/\/dalatreview.vn\/en\/wp-json\/wp\/v2\/product_cat?post=32556"},{"taxonomy":"product_tag","embeddable":true,"href":"https:\/\/dalatreview.vn\/en\/wp-json\/wp\/v2\/product_tag?post=32556"}],"curies":[{"name":"wp","href":"https:\/\/api.w.org\/{rel}","templated":true}]}}