
{"id":32545,"date":"2023-09-09T09:16:55","date_gmt":"2023-09-09T02:16:55","guid":{"rendered":"https:\/\/dalatreview.vn\/?p=32545"},"modified":"2025-01-16T12:26:25","modified_gmt":"2025-01-16T05:26:25","slug":"cloud-view-glamping-dau-tuan","status":"publish","type":"product","link":"https:\/\/dalatreview.vn\/en\/cloud-view-glamping-dau-tuan.html","title":{"rendered":"Tour Cloud View Glamping &#8211; C\u1eafm tr\u1ea1i s\u0103n m\u00e2y \u0110\u00e0 L\u1ea1t \u0111\u1ea7u tu\u1ea7n"},"content":{"rendered":"<nav class=\"vietrick-auto-toc\">\n<div class=\"box-title\">\n<h3 class=\"toc-title\" id=\"select-menu\">Danh m\u1ee5c ch\u00ednh<\/h3>\n<div><ion-icon name=\"chevron-up-outline\"><\/ion-icon><\/div>\n<\/div>\n<ul class=\"toc-list\"><\/ul>\n<li><a href='https:\/\/dalatreview.vn\/en#tour-cloud-view-glamping-cam-trai-san-may-da-lat-dau-tuan' class='heading-h1 toc-link smooth-scroll'>Tour Cloud View Glamping &#8211; C\u1eafm tr\u1ea1i s\u0103n m\u00e2y \u0110\u00e0 L\u1ea1t \u0111\u1ea7u tu\u1ea7n<\/a>\n<ul>\n<li><a href='https:\/\/dalatreview.vn\/en#' class='heading-h2 toc-link smooth-scroll'><\/a>\n<li><a href='https:\/\/dalatreview.vn\/en#1_Tour_cam_trai_san_may_Da_Lat_tai_Cloud_View_Glamping\" class=\"ez-toc-section' class='heading-h2 toc-link smooth-scroll'>1. Tour c\u1eafm tr\u1ea1i s\u0103n m\u00e2y \u0110\u00e0 L\u1ea1t t\u1ea1i Cloud View Glamping<\/a>\n<li><a href='https:\/\/dalatreview.vn\/en#2_Tour_Cam_trai_san_may_Da_Lat_cua_Cloud_View_Glamping_co_gi\" class=\"ez-toc-section' class='heading-h2 toc-link smooth-scroll'>2. L\u1ecbch tr\u00ecnh Tour c\u1eafm tr\u1ea1i Cloud view Camping<\/a>\n<li><a href='https:\/\/dalatreview.vn\/en#3-diem-dac-biet-tai-tour-cam-trai-cloud-view-glamping' class='heading-h2 toc-link smooth-scroll'>3. \u0110i\u1ec3m \u0111\u1eb7c bi\u1ec7t t\u1ea1i tour c\u1eafm tr\u1ea1i Cloud view Glamping\u00a0<\/a>\n<li><a href='https:\/\/dalatreview.vn\/en#4-gia-tour-cam-trai-san-may-cloud-view-glamping-dau-tuan' class='heading-h2 toc-link smooth-scroll'>4. Gi\u00e1 tour c\u1eafm tr\u1ea1i s\u0103n m\u00e2y Cloud View Glamping \u0110\u1ea7u Tu\u1ea7n\u00a0<\/a>\n<li><a href='https:\/\/dalatreview.vn\/en#4_Thong_tin_lien_he\" class=\"ez-toc-section' class='heading-h2 toc-link smooth-scroll'>5. Th\u00f4ng tin li\u00ean h\u1ec7<\/a><\/ul>\n<\/ul>\n<\/li>\n<\/ul>\n<\/nav>\n<h1 style=\"text-align: center;\" id=\"tour-cloud-view-glamping-cam-trai-san-may-da-lat-dau-tuan\"><span style=\"color: #003300; font-size: 28px;\"><strong>Tour Cloud View Glamping &#8211; C\u1eafm tr\u1ea1i s\u0103n m\u00e2y \u0110\u00e0 L\u1ea1t \u0111\u1ea7u tu\u1ea7n<\/strong><\/span><\/h1>\n<p>Gi\u1eefa nh\u1eefng b\u1ed9n b\u1ec1 c\u1ee7a \u0111\u1eddi s\u1ed1ng hi\u1ec7n \u0111\u1ea1i, th\u1ee9 ta c\u1ea7n l\u00e0 m\u1ed9t kho\u1ea3ng ngh\u1ec9 \u0111\u1ec3 th\u01b0 gi\u00e3n cho t\u00e2m h\u1ed3n, cho nh\u1eefng c\u1ea3m x\u00fac m\u00e0 ta \u0111\u00e3 v\u00f4 t\u00ecnh l\u00e3ng qu\u00ean. <strong>Cloud view Glamping<\/strong> ch\u00ednh l\u00e0 m\u1ed9t l\u1ef1a ch\u1ecdn ho\u00e0n h\u1ea3o trong d\u1ecbp ngh\u1ec9 ng\u01a1i qu\u00fd gi\u00e1 n\u00e0y!<\/p>\n<p>H\u00f4m nay, ch\u00fang m\u00ecnh s\u1ebd d\u1eabn b\u1ea1n c\u00f9ng tr\u1ea3i nghi\u1ec7m <strong>Cloud view Glamping<\/strong>, \u0111\u1ec3 xem chuy\u1ebfn ngh\u1ec9 d\u01b0\u1ee1ng n\u00e0y c\u00f3 g\u00ec th\u00fa v\u1ecb nh\u00e9!<\/p>\n<h2><a href=\"https:\/\/cloudglamping.com\/tour-cam-trai-da-lat-leu-b?preview_id=216&amp;preview_nonce=8cf4cb95b9&amp;post_format=standard&amp;_thumbnail_id=1319&amp;preview=true\" target=\"_blank\" rel=\"noopener\"><img decoding=\"async\" class=\"aligncenter wp-image-1189 size-full\" src=\"https:\/\/cloudglamping.com\/wp-content\/uploads\/2023\/04\/z4274996238054_73908e2461dec59990840464bb034a9e.jpg\" alt=\"Tour C\u1eafm Tr\u1ea1i Cloud View Glamping \u0110\u00e0 L\u1ea1t L\u1ec1u B\" width=\"2048\" height=\"1365\" \/><\/a><\/h2>\n<h2><span id=\"1_Tour_cam_trai_san_may_Da_Lat_tai_Cloud_View_Glamping\" class=\"ez-toc-section\"><\/span><strong>1. Tour c\u1eafm tr\u1ea1i s\u0103n m\u00e2y \u0110\u00e0 L\u1ea1t t\u1ea1i Cloud View Glamping<\/strong><\/h2>\n<p>&#8211; Y\u00eau th\u01b0\u01a1ng b\u1ea3n th\u00e2n l\u00e0 khi ch\u00fang ta kh\u00f4ng ch\u1ec9 ch\u0103m s\u00f3c s\u1ee9c kh\u1ecfe th\u1ec3 ch\u1ea5t, m\u00e0 c\u00f2n l\u00e0 quan t\u00e2m \u0111\u1ebfn s\u1ee9c kh\u1ecfe tinh th\u1ea7n. V\u00ec v\u1eady, th\u01b0\u1edfng cho ch\u00ednh m\u00ecnh m\u1ed9t bu\u1ed5i camping s\u0103n m\u00e2y c\u00f9ng nh\u1eefng kho\u1ea3nh kh\u1eafc b\u00ecnh y\u00ean, th\u01b0 gi\u00e3n c\u0169ng l\u00e0 m\u1ed9t c\u00e1ch ph\u1ee5c h\u1ed3i n\u0103ng l\u01b0\u1ee3ng sau nh\u1eefng ng\u00e0y c\u0103ng th\u1eb3ng \u00e1p l\u1ef1c v\u00ec c\u00f4ng vi\u1ec7c v\u00e0 cu\u1ed9c s\u1ed1ng.<\/p>\n<p>&#8211; H\u00e3y m\u1ed9t l\u1ea7n t\u1eadn h\u01b0\u1edfng b\u1ea7u kh\u00f4ng kh\u00ed se l\u1ea1nh c\u1ee7a bu\u1ed5i s\u00e1ng b\u00ecnh minh, v\u00e0 h\u00f2a m\u00ecnh c\u00f9ng kh\u00f4ng gian bao la, y\u00ean \u1ea3 c\u1ee7a \u0110\u00e0 l\u1ea1t m\u1ed9ng m\u01a1 t\u1ea1i Cloud view Glamping, ch\u1eafc ch\u1eafn b\u1ea1n s\u1ebd r\u1ea5t h\u00e0i l\u00f2ng v\u1edbi kho\u1ea3ng th\u1eddi gian khi \u1edf \u0111\u00e2y cho m\u00e0 xem.<\/p>\n<p><a href=\"https:\/\/cloudglamping.com\/tour-cam-trai-da-lat-leu-b?preview_id=216&amp;preview_nonce=8cf4cb95b9&amp;post_format=standard&amp;_thumbnail_id=1319&amp;preview=true\" target=\"_blank\" rel=\"noopener\"><img decoding=\"async\" class=\"aligncenter wp-image-234 size-full\" src=\"https:\/\/cloudglamping.com\/wp-content\/uploads\/2023\/04\/z4271809312085_77081f8c35c7b105cbbfb1ee3e338f48.jpg\" alt=\"Tour C\u1eafm Tr\u1ea1i Cloud View Glamping \u0110\u00e0 L\u1ea1t L\u1ec1u B\" width=\"1536\" height=\"2048\" \/><\/a><\/p>\n<h2><span id=\"2_Tour_Cam_trai_san_may_Da_Lat_cua_Cloud_View_Glamping_co_gi\" class=\"ez-toc-section\"><\/span><strong>2. L\u1ecbch tr\u00ecnh Tour c\u1eafm tr\u1ea1i Cloud view Camping<\/strong><\/h2>\n<p>&#8211; \u0110\u1ebfn v\u1edbi <strong>Cloud view Glamping<\/strong>, b\u1ea1n s\u1ebd \u0111\u01b0\u1ee3c tr\u1ea3i nghi\u1ec7m nh\u1eefng c\u1ea3m x\u00fac b\u00ecnh y\u00ean, th\u01b0 gi\u00e3n c\u1ee7a kh\u00f4ng gian \u0110\u00e0 L\u1ea1t m\u1ed9ng m\u01a1.<\/p>\n<p>&#8211; B\u00ean c\u1ea1nh \u0111\u00f3, h\u00f2a m\u00ecnh c\u00f9ng thi\u00ean nhi\u00ean trong tr\u1ebbo, \u0111\u1eafm ch\u00ecm t\u00e2m t\u01b0 c\u00f9ng khung c\u1ea3nh th\u1ea7n ti\u00ean c\u1ee7a bu\u1ed5i s\u00e1ng s\u0103n m\u00e2y, s\u1ebd gi\u00fap b\u1ea1n tho\u00e1t kh\u1ecfi m\u1ecdi mu\u1ed9n phi\u1ec1n c\u1ee7a nh\u1eefng ng\u00e0y b\u1ed9n b\u1ec1 tr\u01b0\u1edbc \u0111\u00e2y.<\/p>\n<p><span style=\"font-size: 16px;\">\ud83d\udccc L\u1ecbch tr\u00ecnh Tour c\u1eafm tr\u1ea1i Cloud View Glamping c\u1ee5 th\u1ec3:<\/span><\/p>\n<p><span style=\"font-size: 16px;\">\ud83d\udc49 14h00: Check-in, tham quan ch\u1ee5p h\u00ecnh t\u1ef1 do t\u1ea1i t\u1ed5 h\u1ee3p Thi\u00ean \u0110\u01b0\u1eddng S\u0103n M\u00e2y<\/span><\/p>\n<p><span style=\"font-size: 16px;\">\ud83d\udc49 18h00: Ti\u1ec7c BBQ t\u1ed1i sang ch\u1ea3nh quanh l\u1eeda h\u1ed3ng. Sau \u0111\u00f3 qu\u00fd kh\u00e1ch t\u1ef1 do sinh ho\u1ea1t, qu\u00e2y qu\u1ea7n b\u00ean l\u1eeda tr\u1ea1i n\u01b0\u1edbng khoai b\u1eafp\u2026<\/span><\/p>\n<p><span style=\"font-size: 16px;\">\ud83d\udc49 5h00: Th\u1ee9c d\u1eady \u2013 thay \u0111\u1ed3 th\u1eadt \u0111\u1eb9p chu\u1ea9n b\u1ecb \u201cs\u0103n m\u00e2y\u201d<\/span><\/p>\n<p><span style=\"font-size: 16px;\">\ud83d\udc49 7h00: Ph\u1ee5c v\u1ee5 b\u1eefa \u0103n s\u00e1ng \u2013 cafe chill chill ng\u1eafm thung l\u0169ng m\u00e2y<\/span><\/p>\n<p><span style=\"font-size: 16px;\">\ud83d\udc49 8h00: T\u1ef1 do tham quan check in<\/span><\/p>\n<p><span style=\"font-size: 16px;\">\ud83d\udc49 9h00: Check-out, qu\u00fd kh\u00e1ch ki\u1ec3m tra l\u1ea1i t\u01b0 trang \u2013 h\u00e0nh l\u00fd tr\u01b0\u1edbc khi v\u1ec1<\/span><\/p>\n<p><img decoding=\"async\" class=\"wp-image-32735 size-full aligncenter\" src=\"https:\/\/dalatreview.vn\/wp-content\/uploads\/2023\/09\/Vuon-hoa-thanh-pho-da-lat-3.jpg\" alt=\"cloud view glamping\" width=\"1200\" height=\"900\" \/><\/p>\n<h2 id=\"3-diem-dac-biet-tai-tour-cam-trai-cloud-view-glamping\"><strong>3. \u0110i\u1ec3m \u0111\u1eb7c bi\u1ec7t t\u1ea1i tour c\u1eafm tr\u1ea1i Cloud view Glamping\u00a0<\/strong><\/h2>\n<p>\u2714\ufe0f B\u1ea1n c\u00f3 th\u1ec3 s\u0103n \u0111\u01b0\u1ee3c \u0111\u1eb7c s\u1ea3n m\u00e2y v\u00e0 c\u00f3 nh\u1eefng k\u1ef7 ni\u1ec7m \u0111\u00e1ng nh\u1edb c\u00f9ng b\u1ea1n b\u00e8 m\u00e0 kh\u00f4ng ph\u1ea3i d\u1eady s\u1edbm \u0111i xa<\/p>\n<p>\u2714\ufe0f\u0110\u00f3n b\u00ecnh minh b\u00ean \u0111\u1ed3i, thung l\u0169ng bao chill<\/p>\n<p>\u2714\ufe0fTi\u1ec7c BBQ bu\u1ed5i t\u1ed1i \u0111a d\u1ea1ng.<\/p>\n<p><img decoding=\"async\" class=\"wp-image-32553 size-full aligncenter\" src=\"https:\/\/dalatreview.vn\/wp-content\/uploads\/2023\/09\/z4233013282708_8858e0d9ed891f4804f71bc62cde1c34.jpg\" alt=\"\" width=\"1280\" height=\"853\"><\/p>\n<p>\u2714\ufe0fTh\u01b0\u1edfng th\u1ee9c nh\u1eefng b\u1eefa \u0103n s\u00e1ng \u0111\u1ee7 dinh d\u01b0\u1ee1ng.<\/p>\n<p>\u2714\ufe0fL\u1ec1u tr\u1ea1i \u0111\u1ea7y \u0111\u1ee7 ti\u1ec7n nghi, \u0111a d\u1ea1ng size.<\/p>\n<p><img decoding=\"async\" class=\"wp-image-32548 size-full aligncenter\" src=\"https:\/\/dalatreview.vn\/wp-content\/uploads\/2023\/09\/15.jpg\" alt=\"Cloud view Glamping\u00a0\" width=\"1280\" height=\"853\" \/><\/p>\n<p>\u2714\ufe0fKhu nh\u00e0 v\u1ec7 sinh ngay s\u00e1t l\u1ec1u tr\u1ea1i s\u1ea1ch s\u1ebd, trang b\u1ecb n\u01b0\u1edbc n\u00f3ng.<\/p>\n<p><img decoding=\"async\" class=\"wp-image-32554 size-full aligncenter\" src=\"https:\/\/dalatreview.vn\/wp-content\/uploads\/2023\/09\/z4147233338595_a407bbfdeb3d53a4ecc65001b49d056a.jpg\" alt=\"\" width=\"1280\" height=\"853\"><\/p>\n<p>\u2714\ufe0f\u0110\u01b0\u1ee3c checkin s\u1ed1ng \u1ea3o th\u1ecfa th\u00edch b\u1edfi b\u1ea5t c\u1ee9 g\u00f3c n\u00e0o c\u1ee7a n\u01a1i \u0111\u00e2y c\u0169ng \u0111\u1ec1u xinh x\u1eafn v\u00e0 c\u00f3 th\u1ec3 gi\u00fap b\u1ea1n cho ra nh\u1eefng b\u1ee9c \u1ea3nh ngh\u00ecn like lu\u00f4n \u0111\u00f3 nha!<\/p>\n<p>\u2714\ufe0fTi\u1ec7n nghi trong l\u1ec1u \u0111\u1ea7y \u0111\u1ee7 nh\u01b0 kh\u00e1ch s\u1ea1n: n\u1ec7m ch\u0103n g\u1ed1i, n\u01b0\u1edbc su\u1ed1i, m\u1ef3 ly, b\u00ecnh \u0111un, m\u00e1y s\u1ea5y t\u00f3c, m\u00e1y s\u01b0\u1edfi, d\u00e9p, kh\u0103n, \u2026<\/p>\n<p><img decoding=\"async\" class=\"wp-image-32549 size-full aligncenter\" src=\"https:\/\/dalatreview.vn\/wp-content\/uploads\/2023\/09\/z4676754057357_cb03a2ba0a43668c366d1add8ae00380.jpg\" alt=\"\" width=\"1512\" height=\"2016\"><\/p>\n<h2 id=\"4-gia-tour-cam-trai-san-may-cloud-view-glamping-dau-tuan\"><span style=\"color: #003300;\"><strong>4. Gi\u00e1 tour c\u1eafm tr\u1ea1i s\u0103n m\u00e2y Cloud View Glamping \u0110\u1ea7u Tu\u1ea7n\u00a0<\/strong><\/span><\/h2>\n<p><span style=\"font-size: 14pt;\"><strong><em>Ch\u1ee7 nh\u1eadt &#8211; Th\u1ee9 5\u00a0<\/em><\/strong><\/span><\/p>\n<p>&#8211; Ng\u01b0\u1eddi l\u1edbn: <span style=\"color: #ff0000;\"><strong>850k\/ ng\u01b0\u1eddi l\u1edbn<\/strong><\/span><\/p>\n<p>&#8211; Tr\u1ebb em: <span style=\"color: #ff0000;\"><strong>450k\/ tr\u1ebb em<\/strong><\/span>\u00a0<\/p>\n<p>&#8211; Th\u00fa c\u01b0ng (<em>Kh\u00f4ng nh\u1eadn ch\u00f3 s\u0103n, pitbull<\/em>): <span style=\"color: #ff0000;\"><strong>200k\/ b\u00e9<\/strong><\/span><\/p>\n<p><strong>Gi\u00e1 tour tr\u00ean bao g\u1ed3m:<\/strong><\/p>\n<p>+ L\u01b0u tr\u00fa l\u1ec1u tr\u1ea1i cao c\u1ea5p\u00a0<\/p>\n<p>+ T\u1eb7ng Welcom Drink<\/p>\n<p>+ T\u1eb7ng ti\u1ec7c BBQ t\u1ed1i 8 &#8211; 10 m\u00f3n<\/p>\n<p>+ T\u1eb7ng b\u1eefa khuya (b\u00e1nh tr\u00e1ng, s\u1eefa n\u00f3ng)<\/p>\n<p>+ T\u1eb7ng b\u1eefa s\u00e1ng k\u00e8m n\u01b0\u1edbc\u00a0<\/p>\n<p>+ T\u1eb7ng v\u00e9 tham quan 9 \u0111\u1ecba \u0111i\u1ec3m du l\u1ecbch hot\u00a0<\/p>\n<p>+ T\u1eb7ng 3 v\u00e9 tham gia b\u1ed9 tr\u00f2 ch\u01a1i hot hit\u00a0<\/p>\n<p>+ T\u1eb7ng tr\u1ea3i nghi\u1ec7m l\u1eeda tr\u1ea1i ( T\u00f9y th\u1eddi ti\u1ebft)\u00a0<\/p>\n<p>+ T\u1eb7ng tr\u1ea3i nghi\u1ec7m th\u1ea3 di\u1ec1u ( T\u00f9y th\u1eddi ti\u1ebft)\u00a0<\/p>\n<p><img decoding=\"async\" class=\"size-full wp-image-44509 aligncenter\" src=\"https:\/\/dalatreview.vn\/wp-content\/uploads\/2022\/10\/z5834911650454_b72c4deff357566b1a562347e1c29f85.jpg\" alt=\"b\u1ea3ng gi\u00e1 cloud view glamping\" width=\"1957\" height=\"2560\" srcset=\"https:\/\/dalatreview.vn\/wp-content\/uploads\/2022\/10\/z5834911650454_b72c4deff357566b1a562347e1c29f85.jpg 1957w, https:\/\/dalatreview.vn\/wp-content\/uploads\/2022\/10\/z5834911650454_b72c4deff357566b1a562347e1c29f85-783x1024.jpg 783w, https:\/\/dalatreview.vn\/wp-content\/uploads\/2022\/10\/z5834911650454_b72c4deff357566b1a562347e1c29f85-768x1005.jpg 768w, https:\/\/dalatreview.vn\/wp-content\/uploads\/2022\/10\/z5834911650454_b72c4deff357566b1a562347e1c29f85-1174x1536.jpg 1174w, https:\/\/dalatreview.vn\/wp-content\/uploads\/2022\/10\/z5834911650454_b72c4deff357566b1a562347e1c29f85-1566x2048.jpg 1566w, https:\/\/dalatreview.vn\/wp-content\/uploads\/2022\/10\/z5834911650454_b72c4deff357566b1a562347e1c29f85-600x785.jpg 600w\" sizes=\"(max-width: 1957px) 100vw, 1957px\" \/><\/p>\n<h2><span id=\"4_Thong_tin_lien_he\" class=\"ez-toc-section\"><\/span>5. Th\u00f4ng tin li\u00ean h\u1ec7<\/h2>\n<p><span class=\"text\">\u2705 Hotline t\u01b0 v\u1ea5n: <a href=\"https:\/\/zalo.me\/0986249297\" target=\"_blank\" rel=\"noopener\">0986 249297<\/a><\/span><\/p>\n<p>\u2705Zalo:\u00a0<a href=\"https:\/\/zalo.me\/dalatreview\" target=\"_blank\" rel=\"noopener\">\u0110\u00e0 L\u1ea1t Review T\u1ea5t T\u1ea7n T\u1eadt<\/a><\/p>\n<p>\u2705Website: <a href=\"https:\/\/dalatreview.vn\/en\/\">\u0110\u00e0 L\u1ea1t Review <\/a><\/p>","protected":false},"excerpt":{"rendered":"<p>Danh m\u1ee5c ch\u00ednh Tour Cloud View Glamping &#8211; C\u1eafm tr\u1ea1i s\u0103n m\u00e2y \u0110\u00e0 L\u1ea1t \u0111\u1ea7u tu\u1ea7n 1. Tour c\u1eafm tr\u1ea1i s\u0103n m\u00e2y \u0110\u00e0 L\u1ea1t t\u1ea1i Cloud View Glamping 2. L\u1ecbch tr\u00ecnh Tour c\u1eafm tr\u1ea1i Cloud view Camping 3. \u0110i\u1ec3m \u0111\u1eb7c bi\u1ec7t t\u1ea1i tour c\u1eafm tr\u1ea1i Cloud view Glamping\u00a0 4. Gi\u00e1 tour c\u1eafm tr\u1ea1i s\u0103n m\u00e2y [&hellip;]<\/p>","protected":false},"featured_media":32741,"comment_status":"open","ping_status":"closed","template":"","meta":{"_acf_changed":false,"rank_math_lock_modified_date":false},"product_cat":[28,2345],"product_tag":[75],"acf":[],"_links":{"self":[{"href":"https:\/\/dalatreview.vn\/en\/wp-json\/wp\/v2\/product\/32545"}],"collection":[{"href":"https:\/\/dalatreview.vn\/en\/wp-json\/wp\/v2\/product"}],"about":[{"href":"https:\/\/dalatreview.vn\/en\/wp-json\/wp\/v2\/types\/product"}],"replies":[{"embeddable":true,"href":"https:\/\/dalatreview.vn\/en\/wp-json\/wp\/v2\/comments?post=32545"}],"wp:featuredmedia":[{"embeddable":true,"href":"https:\/\/dalatreview.vn\/en\/wp-json\/wp\/v2\/media\/32741"}],"wp:attachment":[{"href":"https:\/\/dalatreview.vn\/en\/wp-json\/wp\/v2\/media?parent=32545"}],"wp:term":[{"taxonomy":"product_cat","embeddable":true,"href":"https:\/\/dalatreview.vn\/en\/wp-json\/wp\/v2\/product_cat?post=32545"},{"taxonomy":"product_tag","embeddable":true,"href":"https:\/\/dalatreview.vn\/en\/wp-json\/wp\/v2\/product_tag?post=32545"}],"curies":[{"name":"wp","href":"https:\/\/api.w.org\/{rel}","templated":true}]}}