
{"id":32540,"date":"2023-09-08T17:10:51","date_gmt":"2023-09-08T10:10:51","guid":{"rendered":"https:\/\/dalatreview.vn\/?p=32540"},"modified":"2025-03-25T17:17:43","modified_gmt":"2025-03-25T10:17:43","slug":"tour-cloud9-glamping-cam-trai-san-may-da-lat-cuoi-tuan","status":"publish","type":"product","link":"https:\/\/dalatreview.vn\/en\/tour-cloud9-glamping-cam-trai-san-may-da-lat-cuoi-tuan.html","title":{"rendered":"Tour Cloud9 Glamping &#8211; C\u1eafm tr\u1ea1i s\u0103n m\u00e2y \u0110\u00e0 L\u1ea1t cu\u1ed1i tu\u1ea7n"},"content":{"rendered":"<nav class=\"vietrick-auto-toc\">\n<div class=\"box-title\">\n<h3 class=\"toc-title\" id=\"select-menu\">Danh m\u1ee5c ch\u00ednh<\/h3>\n<div><ion-icon name=\"chevron-up-outline\"><\/ion-icon><\/div>\n<\/div>\n<ul class=\"toc-list\"><\/ul>\n<li><a href='https:\/\/dalatreview.vn\/en#tour-cloud9-glamping-cam-trai-san-may-da-lat-cuoi-tuan' class='heading-h1 toc-link smooth-scroll'>Tour Cloud9 Glamping &#8211; C\u1eafm tr\u1ea1i s\u0103n m\u00e2y \u0110\u00e0 L\u1ea1t cu\u1ed1i tu\u1ea7n<\/a>\n<ul>\n<li><a href='https:\/\/dalatreview.vn\/en#1_Nhung_diem_dac_biet_cua_Tour_cam_trai_Cloud_9_Glamping_leu_F_F1_-_F6\" class=\"ez-toc-section' class='heading-h2 toc-link smooth-scroll'>1. Tr\u1ea3i nghi\u1ec7m tham gia Tour c\u1eafm tr\u1ea1i Cloud9 Glamping<\/a>\n<li><a href='https:\/\/dalatreview.vn\/en#2_Ban_duoc_trai_nghiem_gi_khi_tham_gia_Tour_cam_trai_Cloud9_Glamping\" class=\"ez-toc-section' class='heading-h2 toc-link smooth-scroll'>2. L\u1ecbch tr\u00ecnh Tour c\u1eafm tr\u1ea1i Cloud9 Glamping<\/a>\n<li><a href='https:\/\/dalatreview.vn\/en#3-gia-tour-cam-trai-cloud9-glamping-cuoi-tuan' class='heading-h2 toc-link smooth-scroll'>3. Gi\u00e1 Tour c\u1eafm tr\u1ea1i Cloud9 Glamping cu\u1ed1i tu\u1ea7n<\/a>\n<li><a href='https:\/\/dalatreview.vn\/en#5_Lien_He\" class=\"ez-toc-section' class='heading-h2 toc-link smooth-scroll'>4. Th\u00f4ng tin li\u00ean h\u1ec7<\/a><\/ul>\n<\/ul>\n<\/li>\n<\/ul>\n<\/nav>\n<h1 style=\"text-align: center;\" id=\"tour-cloud9-glamping-cam-trai-san-may-da-lat-cuoi-tuan\"><strong><span style=\"font-size: 28px;\">Tour Cloud9 Glamping &#8211; C\u1eafm tr\u1ea1i s\u0103n m\u00e2y \u0110\u00e0 L\u1ea1t cu\u1ed1i tu\u1ea7n<\/span><\/strong><\/h1>\n<p>Tr\u1ea3i nghi\u1ec7m \u0111i c\u1eafm tr\u1ea1i c\u00f9ng gia \u0111\u00ecnh hay theo nh\u00f3m b\u1ea1n b\u00e8 \u0111\u00e3 tr\u1edf n\u00ean ng\u00e0y c\u00e0ng ph\u1ed5 bi\u1ebfn trong m\u1ed7i chuy\u1ebfn du l\u1ecbch \u0110\u00e0 L\u1ea1t. Nh\u1eefng chuy\u1ebfn \u0111i xa c\u00f9ng nhau, tr\u1edf v\u1ec1 v\u1edbi thi\u00ean nhi\u00ean \u0111\u01b0\u1ee3c th\u01b0 gi\u00e3n \u201crefresh\u201d sau nh\u1eefng ng\u00e0y l\u00e0m vi\u1ec7c m\u1ec7t nh\u1ecdc khi\u1ebfn cho m\u1ed7i ch\u00fang ta c\u1ea3m nh\u1eadn \u0111\u01b0\u1ee3c s\u1ef1 t\u01b0\u01a1i m\u1edbi kh\u1ecfe kho\u1eafn v\u00e0 h\u1ea1nh ph\u00fac.<\/p>\n<p><img decoding=\"async\" class=\"aligncenter wp-image-154 size-full\" src=\"https:\/\/cloudglamping.com\/wp-content\/uploads\/2023\/04\/336204519_1305260043364740_1197359445670013820_n.jpg\" alt=\"gia \u0111\u00ecnh \u0111i c\u1eafm tr\u1ea1i t\u1ea1i tour c\u1eafm tr\u1ea1i Cloud 9 Glamping\" width=\"2048\" height=\"1366\" \/><\/p>\n<h2><span id=\"1_Nhung_diem_dac_biet_cua_Tour_cam_trai_Cloud_9_Glamping_leu_F_F1_-_F6\" class=\"ez-toc-section\"><\/span><strong>1. Tr\u1ea3i nghi\u1ec7m tham gia Tour c\u1eafm tr\u1ea1i Cloud9 Glamping<\/strong><\/h2>\n<p>Kh\u00f4ng c\u00f3 \u0111i\u1ec1u g\u00ec vui v\u00e0 \u00fd ngh\u0129a h\u01a1n khi nh\u1eefng ng\u01b0\u1eddi th\u00e2n trong gia \u0111\u00ecnh, b\u1ea1n b\u00e8 th\u00e2n thi\u1ebft c\u00f9ng nhau \u0111i \u0110\u00e0 L\u1ea1t v\u00e0 tr\u1ea3i nghi\u1ec7m m\u1ed9t chuy\u1ebfn camping tr\u1ecdn v\u1eb9n, chia s\u1ebb c\u00f9ng nhau nh\u1eefng kho\u1ea3ng th\u1eddi gian vui v\u1ebb, h\u1ea1nh ph\u00fac khi nh\u00ecn nh\u1eefng n\u1ee5 c\u01b0\u1eddi v\u00e0 s\u1ef1 quan t\u00e2m \u1ea5m \u00e1p d\u00e0nh cho nhau.<\/p>\n<p><strong>T\u1ea1i Cloud9 Glamping:<\/strong><\/p>\n<p>\u2714\ufe0f T\u1ea5t c\u1ea3 l\u1ec1u \u0111\u1ec1u c\u00f3 ban c\u00f4ng v\u00e0 view s\u0103n m\u00e2y tr\u01b0\u1edbc l\u1ec1u c\u1ef1c \u0111\u1ec9nh, c\u00f3 t\u1edbi 12 chi\u1ebfc l\u1ec1u m\u00f4ng c\u1ed5 \u0111\u1ec3 b\u1ea1n ch\u1ecdn l\u1ef1a cho m\u00ecnh m\u1ed9t chi\u1ebfc l\u1ec1u \u01b0ng \u00fd.<\/p>\n<p>\u2714\ufe0f M\u1ed7i l\u1ec1u \u0111\u1ec1u s\u1ebd \u0111\u01b0\u1ee3c trang b\u1ecb \u0111\u1ea7y \u0111\u1ee7 c\u00e1c ti\u1ec7n \u00edch nh\u01b0: n\u01b0\u1edbc n\u00f3ng l\u1ea1nh, wifi, qu\u1ea1t, m\u00e1y s\u1ea5y t\u00f3c, kh\u0103n t\u1eafm, c\u1ed1c u\u1ed1ng n\u01b0\u1edbc, b\u00ecnh si\u00eau t\u1ed1c, d\u00f9,d\u00e9p trong l\u1ec1u, s\u1eefa t\u1eafm d\u1ea7u g\u1ed9i, kem \u0111\u00e1nh r\u0103ng, b\u00e0n ch\u1ea3i, k\u1ec7 treo qu\u1ea7n \u00e1o,\u2026 V\u00e0 m\u1ed7i l\u1ec1u \u0111\u1ec1u c\u00f3 nh\u00e0 v\u1ec7 sinh ri\u00eang b\u00ean c\u1ea1nh.<\/p>\n<p><img decoding=\"async\" class=\"aligncenter wp-image-135 size-full\" src=\"https:\/\/cloudglamping.com\/wp-content\/uploads\/2023\/04\/307577190_151367674250942_2282395593930166519_n.jpg\" alt=\"h\u00ecnh l\u1ec1u Tour c\u1eafm tr\u1ea1i Cloud 9 Glamping l\u1ec1u F (F1 \u2013 F6)\u00a0\" width=\"1280\" height=\"853\" \/><\/p>\n<p>\u2714\ufe0f Tho\u1ea3i m\u00e1i tham quan check in s\u1ed1ng \u1ea3o t\u1ea1i khu t\u1ed5 h\u1ee3p Thi\u00ean \u0111\u01b0\u1eddng s\u0103n m\u00e2y<\/p>\n<p dir=\"auto\">\u2714\ufe0f D\u1ecbch v\u1ee5 l\u1ec1u tr\u1ea1i ti\u1ec7n nghi \u0111a d\u1ea1ng size, m\u1eabu m\u00e3, c\u00f3 6 l\u1ec1u hoa sen.<\/p>\n<p dir=\"auto\">\u2714\ufe0f M\u1ed7i khu l\u1ec1u s\u1ebd \u0111em \u0111\u1ebfn cho b\u1ea1n v\u00e0 gia \u0111\u00ecnh nh\u1eefng tr\u1ea3i nghi\u1ec7m th\u00fa v\u1ecb ri\u00eang. V\u00e0 \u0111\u1eb7c bi\u1ec7t l\u00e0 gia \u0111\u00ecnh b\u1ea1n s\u1ebd c\u00f3 v\u00f4 v\u00e0n nh\u1eefng b\u1ee9c \u1ea3nh s\u1ed1ng \u1ea3o.<\/p>\n<p dir=\"auto\">\u2714\ufe0f Khu WC ngay s\u00e1t l\u1ec1u tr\u1ea1i s\u1ea1ch s\u1ebd, trang b\u1ecb n\u01b0\u1edbc n\u00f3ng.<\/p>\n<p dir=\"auto\"><img decoding=\"async\" class=\"aligncenter wp-image-32562 size-full\" src=\"https:\/\/dalatreview.vn\/wp-content\/uploads\/2023\/09\/wc-c9-scaled-1.jpg\" alt=\"Cloud9 Glamping\" width=\"2560\" height=\"1920\" \/><\/p>\n<p dir=\"auto\">\u2714\ufe0f\u00a0 \u0110\u01b0\u1ee3c h\u00f2a v\u00e0o nh\u1eefng \u0111\u00eam \u0111\u1ed1t l\u1eeda tr\u1ea1i \u1ea5m c\u00fang.<\/p>\n<p>\u2714\ufe0f T\u1eadn h\u01b0\u1edfng b\u1eefa ti\u1ec7c BBQ v\u1edbi nhi\u1ec1u m\u00f3n \u0103n m\u1edbi l\u1ea1 v\u00e0 h\u1ea5p d\u1eabn<\/p>\n<p>\u2714\ufe0f B\u1eefa s\u00e1ng k\u00e8m n\u01b0\u1edbc, c\u00e0 ph\u00ea, tr\u00e0 g\u1eebng kh\u00f4ng gi\u1edbi h\u1ea1n<\/p>\n<h2><span id=\"2_Ban_duoc_trai_nghiem_gi_khi_tham_gia_Tour_cam_trai_Cloud9_Glamping\" class=\"ez-toc-section\"><\/span><strong>2. L\u1ecbch tr\u00ecnh Tour c\u1eafm tr\u1ea1i Cloud9 Glamping<\/strong><\/h2>\n<p><strong>\ud83d\udccc L\u1ecbch tr\u00ecnh Tour c\u1eafm tr\u1ea1i Cloud9 Glamping c\u1ee5 th\u1ec3:<\/strong><\/p>\n<p>\ud83d\udc49 14h00 \u2013 15h00: Check in nh\u1eadn l\u1ec1u<\/p>\n<p>\ud83d\udc49 15h00 \u2013 16h00: Tham quan \u0110\u1ed3i ch\u00e8 + khu v\u1ef1c \u0110i\u1ec7n gi\u00f3<\/p>\n<p>\ud83d\udc49\u00a016h00 \u2013 18h00: T\u1eafm g\u1ed9i v\u1ec7 sinh c\u00e1 nh\u00e2n<\/p>\n<p>\ud83d\udc49\u00a018h -21h00: Tham gia ti\u1ec7c BBQ<\/p>\n<p>\ud83d\udc49\u00a021h00- 22h00: \u0110\u1ed1t l\u1eeda tr\u1ea1i<\/p>\n<p><strong>\ud83d\udc49\u00a0<\/strong>22h00: Th\u1eddi gian ngh\u1ec9 ng\u01a1i<\/p>\n<p><strong>Bu\u1ed5i s\u00e1ng<\/strong><\/p>\n<p>\ud83d\udc49\u00a04h00 \u2013 7h00: S\u0103n m\u00e2y \u0111\u00f3n b\u00ecnh minh + Tham quan \u0111\u1ecba \u0111i\u1ec3m Thi\u00ean \u0111\u01b0\u1eddng s\u0103n m\u00e2y<\/p>\n<p>\ud83d\udc49\u00a07h00 \u2013 8h00: \u0102n s\u00e1ng, th\u01b0\u1edfng th\u1ee9c cafe + tr\u00e0 g\u1eebng<\/p>\n<p>\ud83d\udc49 8h00 \u2013 9h00: T\u1ef1 do tham quan check in<\/p>\n<h2 id=\"3-gia-tour-cam-trai-cloud9-glamping-cuoi-tuan\"><span style=\"color: #003300;\"><strong>3. Gi\u00e1 Tour c\u1eafm tr\u1ea1i Cloud9 Glamping cu\u1ed1i tu\u1ea7n<\/strong><\/span><\/h2>\n<p><span style=\"font-size: 14pt;\"><strong><em>Th\u1ee9 6 &#8211; Th\u1ee9 7<\/em><\/strong><\/span><\/p>\n<p>&#8211; Ng\u01b0\u1eddi l\u1edbn: <span style=\"color: #ff0000;\"><strong>1050k\/ ng\u01b0\u1eddi l\u1edbn<\/strong><\/span><\/p>\n<p>&#8211; Tr\u1ebb em (<em>T\u1eeb \u0111\u1ee7 3 \u0111\u1ebfn d\u01b0\u1edbi 10 tu\u1ed5i<\/em>): <strong><span style=\"color: #ff0000;\">500k\/ tr\u1ebb em<\/span><\/strong><\/p>\n<p>&#8211; Th\u00fa c\u01b0ng (<em>Kh\u00f4ng nh\u1eadn ch\u00f3 s\u0103n, pitbull<\/em>):<span style=\"color: #ff0000;\"><strong> 200k\/ b\u00e9<\/strong><\/span><\/p>\n<p><strong>Gi\u00e1 tour tr\u00ean bao g\u1ed3m:<\/strong><\/p>\n<p>+ L\u01b0u tr\u00fa l\u1ec1u tr\u1ea1i cao c\u1ea5p\u00a0<\/p>\n<p>+ T\u1eb7ng Welcom Drink<\/p>\n<p>+ T\u1eb7ng ti\u1ec7c BBQ t\u1ed1i 8 &#8211; 10 m\u00f3n<\/p>\n<p>+ T\u1eb7ng b\u1eefa khuya (b\u00e1nh tr\u00e1ng, s\u1eefa n\u00f3ng)<\/p>\n<p>+ T\u1eb7ng b\u1eefa s\u00e1ng k\u00e8m n\u01b0\u1edbc\u00a0<\/p>\n<p>+ T\u1eb7ng v\u00e9 tham quan 9 \u0111\u1ecba \u0111i\u1ec3m du l\u1ecbch hot\u00a0<\/p>\n<p>+ T\u1eb7ng 3 v\u00e9 tham gia b\u1ed9 tr\u00f2 ch\u01a1i hot hit\u00a0<\/p>\n<p>+ T\u1eb7ng tr\u1ea3i nghi\u1ec7m l\u1eeda tr\u1ea1i ( T\u00f9y th\u1eddi ti\u1ebft)\u00a0<\/p>\n<p>+ T\u1eb7ng tr\u1ea3i nghi\u1ec7m th\u1ea3 di\u1ec1u ( T\u00f9y th\u1eddi ti\u1ebft)\u00a0<\/p>\n<p><img decoding=\"async\" class=\"size-full wp-image-44513 aligncenter\" src=\"https:\/\/dalatreview.vn\/wp-content\/uploads\/2022\/10\/z5834913069880_8a5d8a8b42b8b74b3604f3ea5c136b17.jpg\" alt=\"b\u1ea3ng gi\u00e1 cloud9 glamping\" width=\"2010\" height=\"2560\" srcset=\"https:\/\/dalatreview.vn\/wp-content\/uploads\/2022\/10\/z5834913069880_8a5d8a8b42b8b74b3604f3ea5c136b17.jpg 2010w, https:\/\/dalatreview.vn\/wp-content\/uploads\/2022\/10\/z5834913069880_8a5d8a8b42b8b74b3604f3ea5c136b17-804x1024.jpg 804w, https:\/\/dalatreview.vn\/wp-content\/uploads\/2022\/10\/z5834913069880_8a5d8a8b42b8b74b3604f3ea5c136b17-768x978.jpg 768w, https:\/\/dalatreview.vn\/wp-content\/uploads\/2022\/10\/z5834913069880_8a5d8a8b42b8b74b3604f3ea5c136b17-1206x1536.jpg 1206w, https:\/\/dalatreview.vn\/wp-content\/uploads\/2022\/10\/z5834913069880_8a5d8a8b42b8b74b3604f3ea5c136b17-1608x2048.jpg 1608w, https:\/\/dalatreview.vn\/wp-content\/uploads\/2022\/10\/z5834913069880_8a5d8a8b42b8b74b3604f3ea5c136b17-600x764.jpg 600w\" sizes=\"(max-width: 2010px) 100vw, 2010px\" \/><\/p>\n<h2><span id=\"5_Lien_He\" class=\"ez-toc-section\"><\/span><strong>4. Th\u00f4ng tin li\u00ean h\u1ec7<\/strong><\/h2>\n<p>\u2705 Hotline: 0968 249 297<\/p>\n<p>\u2705 Zalo: <a href=\"https:\/\/zalo.me\/dalatreview\" target=\"_blank\" rel=\"noopener\">\u0110\u00e0 L\u1ea1t Review T\u1ea5t T\u1ea7n T\u1eadt<\/a><\/p>\n<p>\u2705 Website: <a href=\"https:\/\/dalatreview.vn\/en\/\">\u0110\u00e0 L\u1ea1t Review <\/a><\/p>","protected":false},"excerpt":{"rendered":"<p>Danh m\u1ee5c ch\u00ednh Tour Cloud9 Glamping &#8211; C\u1eafm tr\u1ea1i s\u0103n m\u00e2y \u0110\u00e0 L\u1ea1t cu\u1ed1i tu\u1ea7n 1. Tr\u1ea3i nghi\u1ec7m tham gia Tour c\u1eafm tr\u1ea1i Cloud9 Glamping 2. L\u1ecbch tr\u00ecnh Tour c\u1eafm tr\u1ea1i Cloud9 Glamping 3. Gi\u00e1 Tour c\u1eafm tr\u1ea1i Cloud9 Glamping cu\u1ed1i tu\u1ea7n 4. Th\u00f4ng tin li\u00ean h\u1ec7 Tour Cloud9 Glamping &#8211; C\u1eafm tr\u1ea1i s\u0103n m\u00e2y [&hellip;]<\/p>","protected":false},"featured_media":32730,"comment_status":"open","ping_status":"closed","template":"","meta":{"_acf_changed":false,"rank_math_lock_modified_date":false},"product_cat":[28,2345],"product_tag":[75],"acf":[],"_links":{"self":[{"href":"https:\/\/dalatreview.vn\/en\/wp-json\/wp\/v2\/product\/32540"}],"collection":[{"href":"https:\/\/dalatreview.vn\/en\/wp-json\/wp\/v2\/product"}],"about":[{"href":"https:\/\/dalatreview.vn\/en\/wp-json\/wp\/v2\/types\/product"}],"replies":[{"embeddable":true,"href":"https:\/\/dalatreview.vn\/en\/wp-json\/wp\/v2\/comments?post=32540"}],"wp:featuredmedia":[{"embeddable":true,"href":"https:\/\/dalatreview.vn\/en\/wp-json\/wp\/v2\/media\/32730"}],"wp:attachment":[{"href":"https:\/\/dalatreview.vn\/en\/wp-json\/wp\/v2\/media?parent=32540"}],"wp:term":[{"taxonomy":"product_cat","embeddable":true,"href":"https:\/\/dalatreview.vn\/en\/wp-json\/wp\/v2\/product_cat?post=32540"},{"taxonomy":"product_tag","embeddable":true,"href":"https:\/\/dalatreview.vn\/en\/wp-json\/wp\/v2\/product_tag?post=32540"}],"curies":[{"name":"wp","href":"https:\/\/api.w.org\/{rel}","templated":true}]}}