
{"id":32536,"date":"2023-09-08T16:18:11","date_gmt":"2023-09-08T09:18:11","guid":{"rendered":"https:\/\/dalatreview.vn\/?p=32536"},"modified":"2025-05-10T09:38:21","modified_gmt":"2025-05-10T02:38:21","slug":"cloud9-glamping-dau-tuan","status":"publish","type":"product","link":"https:\/\/dalatreview.vn\/en\/cloud9-glamping-dau-tuan.html","title":{"rendered":"Tour Cloud9 Glamping &#8211; C\u1eafm tr\u1ea1i s\u0103n m\u00e2y \u0110\u00e0 L\u1ea1t \u0111\u1ea7u tu\u1ea7n"},"content":{"rendered":"<nav class=\"vietrick-auto-toc\">\n<div class=\"box-title\">\n<h3 class=\"toc-title\" id=\"select-menu\">Danh m\u1ee5c ch\u00ednh<\/h3>\n<div><ion-icon name=\"chevron-up-outline\"><\/ion-icon><\/div>\n<\/div>\n<ul class=\"toc-list\"><\/ul>\n<li><a href='https:\/\/dalatreview.vn\/en#1_Nhung_diem_dac_biet_cua_Tour_cam_trai_Cloud_9_Glamping_leu_B_B1_-_B12\" class=\"ez-toc-section\" style=\"font-size: 28px; color: #003300;' class='heading-h1 toc-link smooth-scroll'>Tour Cloud9 Glamping &#8211; C\u1eafm tr\u1ea1i s\u0103n m\u00e2y \u0110\u00e0 L\u1ea1t \u0111\u1ea7u tu\u1ea7n<\/a>\n<ul>\n<li><a href='https:\/\/dalatreview.vn\/en#1-tour-cam-trai-cloud9-glamping-co-gi' class='heading-h2 toc-link smooth-scroll'>1. Tour c\u1eafm tr\u1ea1i Cloud9 Glamping c\u00f3 g\u00ec?<\/a>\n<li><a href='https:\/\/dalatreview.vn\/en#2_Ban_duoc_trai_nghiem_gi_khi_tham_gia_Tour_cam_trai_Cloud9_Glamping\" class=\"ez-toc-section' class='heading-h2 toc-link smooth-scroll'>2. B\u1ea1n \u0111\u01b0\u1ee3c tr\u1ea3i nghi\u1ec7m g\u00ec khi tham gia Tour c\u1eafm tr\u1ea1i Cloud9 Glamping?<\/a>\n<li><a href='https:\/\/dalatreview.vn\/en#3_Lich_trinh_Tour_cam_trai_Cloud9_Glamping\" class=\"ez-toc-section' class='heading-h2 toc-link smooth-scroll'>3. L\u1ecbch tr\u00ecnh Tour c\u1eafm tr\u1ea1i Cloud9 Glamping<\/a>\n<li><a href='https:\/\/dalatreview.vn\/en#4-gia-tour-cam-trai-cloud9-glamping-dau-tuan' class='heading-h2 toc-link smooth-scroll'>4. Gi\u00e1 Tour c\u1eafm tr\u1ea1i Cloud9 Glamping \u0111\u1ea7u tu\u1ea7n<\/a>\n<li><a href='https:\/\/dalatreview.vn\/en#Lien_He\" class=\"ez-toc-section' class='heading-h2 toc-link smooth-scroll'>5. Th\u00f4ng tin li\u00ean h\u1ec7<\/a><\/ul>\n<\/ul>\n<\/li>\n<\/ul>\n<\/nav>\n<h1 style=\"text-align: center;\"><strong><span id=\"1_Nhung_diem_dac_biet_cua_Tour_cam_trai_Cloud_9_Glamping_leu_B_B1_-_B12\" class=\"ez-toc-section\" style=\"font-size: 28px; color: #003300;\">Tour Cloud9 Glamping &#8211; C\u1eafm tr\u1ea1i s\u0103n m\u00e2y \u0110\u00e0 L\u1ea1t \u0111\u1ea7u tu\u1ea7n<\/span><\/strong><\/h1>\n<p>\u0110\u00e3 bao l\u00e2u r\u1ed3i b\u1ea1n ch\u01b0a d\u00e0nh th\u1eddi gian cho c\u01a1 th\u1ec3 m\u00ecnh \u0111\u01b0\u1ee3c v\u1eadn \u0111\u1ed9ng, ph\u1ed5i \u0111\u01b0\u1ee3c h\u00edt th\u1edf kh\u00f4ng kh\u00ed trong l\u00e0nh, m\u1eaft \u0111\u01b0\u1ee3c ng\u1eafm nh\u00ecn nh\u1eefng kho\u1ea3ng xanh bao la v\u00e0 t\u00e2m tr\u00ed \u0111\u01b0\u1ee3c nh\u1eb9 nh\u00e0ng th\u01b0 gi\u00e3n???<\/p>\n<p><img decoding=\"async\" class=\"aligncenter wp-image-32687 size-full\" src=\"https:\/\/dalatreview.vn\/wp-content\/uploads\/2023\/09\/382081206_297817216338420_2662323811828398347_n.jpg\" alt=\"tour c\u1eafm tr\u1ea1i cloud 9 glamping \" width=\"2048\" height=\"1364\" \/><\/p>\n<p>H\u00e3y th\u1eed c\u00f9ng\u00a0<strong>Cloud9 Glamping <\/strong>ho\u00e0 m\u00ecnh trong thi\u00ean nhi\u00ean n\u01a1i \u0111\u01b0\u1ee3c bao ph\u1ee7 1 m\u00e0u xanh r\u1ee3p tr\u1eddi c\u1ee7a nh\u1eefng \u0111\u1ed3i ch\u00e8 b\u00e1t ng\u00e1t, ti\u1ebfng chim l\u00edu lo ho\u00e0 c\u00f9ng ti\u1ebfng gi\u00f3 th\u1ed5i r\u00ec r\u00e0o vang kh\u1eafp ch\u1ed1n, sau m\u1ed9t ng\u00e0y ho\u1ea1t \u0111\u1ed9ng m\u1ec7t m\u1ecfi, \u0111\u01b0\u1ee3c ng\u00e3 m\u00ecnh v\u00e0o y\u00ean \u1ea3 gi\u1eefa b\u1ed1n b\u1ec1 non xanh n\u01b0\u1edbc bi\u1ebfc b\u1ed7ng ch\u1ed1c th\u1ea5y l\u00f2ng m\u00ecnh b\u00ecnh y\u00ean \u0111\u1ebfn l\u1ea1.<\/p>\n<h2 id=\"1-tour-cam-trai-cloud9-glamping-co-gi\"><strong>1. Tour c\u1eafm tr\u1ea1i Cloud9 Glamping c\u00f3 g\u00ec?<\/strong><\/h2>\n<p>\u2714\ufe0f Tour c\u1eafm tr\u1ea1i<strong> Cloud9 Glamping<\/strong> hi\u1ec7n t\u1ea1i \u0111ang khai th\u00e1c c\u00e1c l\u1ec1u c\u00f3 view s\u0103n m\u00e2y c\u1ef1c \u0111\u1ed9c \u0111\u00e1o theo d\u1ea1ng ru\u1ed9ng b\u1eadc thang \u0111\u1ec3 ph\u1ee5c v\u1ee5 nh\u1eefng b\u1ea1n mu\u1ed1n s\u0103n m\u00e2y m\u00e0 ng\u1ea1i \u0111i xa.<\/p>\n<p>\u2714\ufe0f T\u1ea5t c\u1ea3 l\u1ec1u \u0111\u1ec1u c\u00f3 ban c\u00f4ng v\u00e0 view s\u0103n m\u00e2y c\u1ef1c \u0111\u1ec9nh, c\u00f3 t\u1edbi 12 chi\u1ebfc l\u1ec1u m\u00f4ng c\u1ed5 \u0111\u1ec3 b\u1ea1n ch\u1ecdn l\u1ef1a cho m\u00ecnh m\u1ed9t chi\u1ebfc l\u1ec1u \u01b0ng \u00fd.<\/p>\n<p>\u2714\ufe0f D\u1ecbch v\u1ee5 l\u01b0u tr\u00fa l\u1ec1u tr\u1ea1i sang ch\u1ea3nh, \u0111\u1ea7y \u0111\u1ee7 ti\u1ec7n nghi hi\u1ec7n \u0111\u1ea1i x\u1ecbn s\u00f2<\/p>\n<p>\u2714\ufe0f Tho\u1ea3i m\u00e1i tham quan ch\u1ee5p h\u00ecnh check in s\u1ed1ng \u1ea3o t\u1ea1i khu t\u1ed5 h\u1ee3p Thi\u00ean \u0111\u01b0\u1eddng s\u0103n m\u00e2y<\/p>\n<p>\u2714\ufe0f T\u1eadn h\u01b0\u1edfng b\u1eefa ti\u1ec7c BBQ v\u1edbi nhi\u1ec1u m\u00f3n \u0103n m\u1edbi l\u1ea1 v\u00e0 h\u1ea5p d\u1eabn<\/p>\n<p>\u2714\ufe0f B\u1eefa s\u00e1ng k\u00e8m n\u01b0\u1edbc, c\u00e0 ph\u00ea, tr\u00e0 g\u1eebng kh\u00f4ng gi\u1edbi h\u1ea1n<\/p>\n<p>\u2714\ufe0f Khu nh\u00e0 v\u1ec7 sinh s\u1ea1ch s\u1ebd, tho\u00e1ng m\u00e1t, r\u1ed9ng r\u00e3i<\/p>\n<p>\u2714\ufe0f Ngo\u00e0i ra,<strong> Cloud9 Glamping<\/strong> c\u00f2n c\u00f3 khu v\u1ef1c s\u00e2n kh\u1ea5u cho c\u00e1c b\u1ea1n giao l\u01b0u<\/p>\n<p><img decoding=\"async\" class=\"alignnone wp-image-32707 size-full\" src=\"https:\/\/dalatreview.vn\/wp-content\/uploads\/2023\/09\/Vuon-hoa-thanh-pho-da-lat.jpg\" alt=\"tour c\u1eafm tr\u1ea1i cloud 9 glamping\" width=\"1200\" height=\"900\" \/><\/p>\n<h2><span id=\"2_Ban_duoc_trai_nghiem_gi_khi_tham_gia_Tour_cam_trai_Cloud9_Glamping\" class=\"ez-toc-section\"><\/span>2. <strong>B\u1ea1n \u0111\u01b0\u1ee3c tr\u1ea3i nghi\u1ec7m g\u00ec khi tham gia Tour c\u1eafm tr\u1ea1i Cloud9 Glamping?<\/strong><\/h2>\n<p>S\u0103n m\u00e2y lu\u00f4n l\u00e0 m\u1ed9t trong nh\u1eefng tr\u1ea3i nghi\u1ec7m tuy\u1ec7t v\u1eddi m\u00e0 b\u1ea5t c\u1ee9 kh\u00e1ch du l\u1ecbch n\u00e0o \u0111\u1ebfn \u0110\u00e0 L\u1ea1t \u0111\u1ec1u mu\u1ed1n th\u1eed. N\u1ebfu b\u1ea1n y\u00eau th\u00edch ch\u1ee5p h\u00ecnh, kh\u00e1m ph\u00e1 v\u00e0 th\u01b0\u1edfng th\u1ee9c kh\u00f4ng gian m\u00e2y tr\u1eddi m\u1edd \u1ea3o, th\u00ec \u0111\u00e2y ch\u00ednh l\u00e0 c\u01a1 h\u1ed9i ho\u00e0n h\u1ea3o cho b\u1ea1n. Kh\u00f4ng gian m\u00e2y tr\u1eddi n\u01a1i \u0111\u00e2y s\u1ebd khi\u1ebfn b\u1ea1n ng\u1ee1 nh\u01b0 \u0111ang l\u1ea1c v\u00e0o gi\u1eefa ch\u1ed1n thi\u00ean \u0111\u01b0\u1eddng.<\/p>\n<p><img decoding=\"async\" class=\"aligncenter wp-image-101 size-full\" src=\"https:\/\/cloudglamping.com\/wp-content\/uploads\/2023\/04\/315287288_169920922395617_2902752216766267095_n.jpg\" alt=\"Tour c\u1eafm tr\u1ea1i Cloud 9 Glamping l\u1ec1u B (B1 \u2013 B12)\" width=\"2048\" height=\"1364\" \/><\/p>\n<p>\u0110\u1eb7c bi\u1ec7t l\u00e0 khi tham gia tr\u1ea3i nghi\u1ec7m tour c\u1eafm tr\u1ea1i cloud9 glamping, b\u1ea1n s\u1ebd \u0111\u01b0\u1ee3c g\u1ea7n g\u0169i h\u00f2a m\u00ecnh v\u00e0o thi\u00ean nhi\u00ean, h\u00edt th\u1edf b\u1ea7u kh\u00f4ng kh\u00ed trong l\u00e0nh r\u1eddi xa kh\u00f3i b\u1ee5i th\u00e0nh ph\u1ed1, ng\u1eafm sao tr\u1eddi, run run trong kh\u00f4ng kh\u00ed se l\u1ea1nh v\u1ec1 \u0111\u00eam c\u1ee7a \u0110\u00e0 L\u1ea1t.<\/p>\n<p><img decoding=\"async\" class=\"alignnone wp-image-102 size-full\" src=\"https:\/\/cloudglamping.com\/wp-content\/uploads\/2023\/04\/315956844_167923125928730_8483159088919013785_n.jpg\" alt=\"c\u1eafm tr\u1ea1i s\u0103n m\u00e2y Tour c\u1eafm tr\u1ea1i Cloud 9 Glamping l\u1ec1u B (B1 \u2013 B12)\" width=\"2048\" height=\"1365\" \/><\/p>\n<p>Khi tham gia tour c\u1eafm tr\u1ea1i s\u0103n m\u00e2y n\u00e0y ngo\u00e0i c\u00f4ng d\u1ee5ng ch\u1eefa l\u00e0nh ra th\u00ec \u0111\u00e2y ch\u00ednh l\u00e0 m\u1ed9t n\u01a1i gi\u00fap b\u1ea1n t\u00ecm th\u1ea5y s\u1ef1 b\u00ecnh y\u00ean trong t\u00e2m h\u1ed3n. L\u00e0 n\u01a1i b\u1ea1n c\u00f3 th\u1ec3 h\u00f2a v\u00e0o thi\u00ean nhi\u00ean m\u1ed9t c\u00e1ch tr\u1ecdn v\u1eb9n nh\u1ea5t.<\/p>\n<p><img decoding=\"async\" class=\"alignnone wp-image-103 size-full\" src=\"https:\/\/cloudglamping.com\/wp-content\/uploads\/2023\/04\/hinh-2.jpg\" alt=\"Tour c\u1eafm tr\u1ea1i s\u0103n m\u00e2y Cloud 9 Glamping l\u1ec1u B (B1 \u2013 B12)\" width=\"1430\" height=\"953\" \/><\/p>\n<p>M\u1ed9t kho\u1ea3ng l\u1eb7ng gi\u1eefa thi\u00ean nhi\u00ean \u0111\u1ea1i ng\u00e0n, m\u1ed9t ti\u1ebfng chim v\u00fat l\u00ean tr\u00ean n\u1ec1n tr\u1eddi xanh ng\u1eaft, nh\u1eefng c\u00e1nh b\u01b0\u1edbm \u0111\u1ea7y s\u1eafc m\u00e0u ch\u1eadp ch\u1eddn bay l\u01b0\u1ee3n, ch\u0103m s\u00f3c n\u00e2ng niu t\u1eebng gi\u00e1c quan, t\u1eebng c\u1ea3m nh\u1eadn c\u1ee7a b\u1ea1n.<\/p>\n<h2><span id=\"3_Lich_trinh_Tour_cam_trai_Cloud9_Glamping\" class=\"ez-toc-section\"><\/span><strong>3. L\u1ecbch tr\u00ecnh Tour c\u1eafm tr\u1ea1i Cloud9 Glamping<\/strong><\/h2>\n<p><strong>\ud83d\udccc L\u1ecbch tr\u00ecnh Tour c\u1eafm tr\u1ea1i Cloud9 Glamping c\u1ee5 th\u1ec3:<\/strong><\/p>\n<p>\ud83d\udc49 14h00 \u2013 15h00: Check in nh\u1eadn l\u1ec1u<\/p>\n<p>\ud83d\udc49 15h00 \u2013 16h00: Tham quan \u0110\u1ed3i ch\u00e8 + khu v\u1ef1c \u0110i\u1ec7n gi\u00f3<\/p>\n<p>\ud83d\udc49\u00a016h00 \u2013 18h00: T\u1eafm g\u1ed9i v\u1ec7 sinh c\u00e1 nh\u00e2n<\/p>\n<p>\ud83d\udc49\u00a018h -21h00: Tham gia ti\u1ec7c BBQ<\/p>\n<p>\ud83d\udc49\u00a021h00- 22h00: \u0110\u1ed1t l\u1eeda tr\u1ea1i<\/p>\n<p><strong>\ud83d\udc49\u00a0<\/strong>22h00: Th\u1eddi gian ngh\u1ec9 ng\u01a1i<\/p>\n<p><strong>Bu\u1ed5i s\u00e1ng<\/strong><\/p>\n<p>\ud83d\udc49\u00a04h00 \u2013 7h00: S\u0103n m\u00e2y \u0111\u00f3n b\u00ecnh minh + Tham quan \u0111\u1ecba \u0111i\u1ec3m Thi\u00ean \u0111\u01b0\u1eddng s\u0103n m\u00e2y<\/p>\n<p>\ud83d\udc49\u00a07h00 \u2013 8h00: \u0102n s\u00e1ng, th\u01b0\u1edfng th\u1ee9c cafe + tr\u00e0 g\u1eebng<\/p>\n<p>\ud83d\udc49 8h00 \u2013 9h00: T\u1ef1 do tham quan check in<\/p>\n<h2 id=\"4-gia-tour-cam-trai-cloud9-glamping-dau-tuan\"><strong>4. Gi\u00e1 Tour c\u1eafm tr\u1ea1i Cloud9 Glamping \u0111\u1ea7u tu\u1ea7n<\/strong><\/h2>\n<p><span style=\"font-size: 14pt;\"><strong><em>Ch\u1ee7 nh\u1eadt &#8211; Th\u1ee9 5\u00a0<\/em><\/strong><\/span><\/p>\n<p>&#8211; Ng\u01b0\u1eddi l\u1edbn: <span style=\"color: #ff0000;\"><strong>850k\/ ng\u01b0\u1eddi l\u1edbn<\/strong><\/span><\/p>\n<p>&#8211; Tr\u1ebb em: <span style=\"color: #ff0000;\"><strong>450k\/ tr\u1ebb em<\/strong><\/span>\u00a0<\/p>\n<p>&#8211; Th\u00fa c\u01b0ng (<em>Kh\u00f4ng nh\u1eadn ch\u00f3 s\u0103n, pitbull<\/em>): <span style=\"color: #ff0000;\"><strong>200k\/ b\u00e9<\/strong><\/span><\/p>\n<p><strong>Gi\u00e1 tour tr\u00ean bao g\u1ed3m:<\/strong><\/p>\n<p>+ L\u01b0u tr\u00fa l\u1ec1u tr\u1ea1i cao c\u1ea5p\u00a0<\/p>\n<p>+ T\u1eb7ng Welcom Drink<\/p>\n<p>+ T\u1eb7ng ti\u1ec7c BBQ t\u1ed1i 8 &#8211; 10 m\u00f3n<\/p>\n<p>+ T\u1eb7ng b\u1eefa khuya (b\u00e1nh tr\u00e1ng, s\u1eefa n\u00f3ng)<\/p>\n<p>+ T\u1eb7ng b\u1eefa s\u00e1ng k\u00e8m n\u01b0\u1edbc\u00a0<\/p>\n<p>+ T\u1eb7ng v\u00e9 tham quan 9 \u0111\u1ecba \u0111i\u1ec3m du l\u1ecbch hot\u00a0<\/p>\n<p>+ T\u1eb7ng 3 v\u00e9 tham gia b\u1ed9 tr\u00f2 ch\u01a1i hot hit\u00a0<\/p>\n<p>+ T\u1eb7ng tr\u1ea3i nghi\u1ec7m l\u1eeda tr\u1ea1i ( T\u00f9y th\u1eddi ti\u1ebft)\u00a0<\/p>\n<p>+ T\u1eb7ng tr\u1ea3i nghi\u1ec7m th\u1ea3 di\u1ec1u ( T\u00f9y th\u1eddi ti\u1ebft)\u00a0<\/p>\n<p><img decoding=\"async\" class=\"size-full wp-image-44513 aligncenter\" src=\"https:\/\/dalatreview.vn\/wp-content\/uploads\/2022\/10\/z5834913069880_8a5d8a8b42b8b74b3604f3ea5c136b17.jpg\" alt=\"b\u1ea3ng gi\u00e1 cloud9 glamping\" width=\"2010\" height=\"2560\" srcset=\"https:\/\/dalatreview.vn\/wp-content\/uploads\/2022\/10\/z5834913069880_8a5d8a8b42b8b74b3604f3ea5c136b17.jpg 2010w, https:\/\/dalatreview.vn\/wp-content\/uploads\/2022\/10\/z5834913069880_8a5d8a8b42b8b74b3604f3ea5c136b17-804x1024.jpg 804w, https:\/\/dalatreview.vn\/wp-content\/uploads\/2022\/10\/z5834913069880_8a5d8a8b42b8b74b3604f3ea5c136b17-768x978.jpg 768w, https:\/\/dalatreview.vn\/wp-content\/uploads\/2022\/10\/z5834913069880_8a5d8a8b42b8b74b3604f3ea5c136b17-1206x1536.jpg 1206w, https:\/\/dalatreview.vn\/wp-content\/uploads\/2022\/10\/z5834913069880_8a5d8a8b42b8b74b3604f3ea5c136b17-1608x2048.jpg 1608w, https:\/\/dalatreview.vn\/wp-content\/uploads\/2022\/10\/z5834913069880_8a5d8a8b42b8b74b3604f3ea5c136b17-600x764.jpg 600w\" sizes=\"(max-width: 2010px) 100vw, 2010px\" \/><\/p>\n<h2><span id=\"Lien_He\" class=\"ez-toc-section\"><\/span><strong>5. Th\u00f4ng tin li\u00ean h\u1ec7<\/strong><\/h2>\n<p>\u2705 Hotline: 0968 249 297<\/p>\n<p>\u2705 Zalo: <a href=\"https:\/\/zalo.me\/dalatreview\" target=\"_blank\" rel=\"noopener\">\u0110\u00e0 L\u1ea1t Review T\u1ea5t T\u1ea7n T\u1eadt<\/a><\/p>\n<p>\u2705 Website: <a href=\"https:\/\/dalatreview.vn\/en\/\">\u0110\u00e0 L\u1ea1t Review <\/a><\/p>","protected":false},"excerpt":{"rendered":"<p>Danh m\u1ee5c ch\u00ednh Tour Cloud9 Glamping &#8211; C\u1eafm tr\u1ea1i s\u0103n m\u00e2y \u0110\u00e0 L\u1ea1t \u0111\u1ea7u tu\u1ea7n 1. Tour c\u1eafm tr\u1ea1i Cloud9 Glamping c\u00f3 g\u00ec? 2. B\u1ea1n \u0111\u01b0\u1ee3c tr\u1ea3i nghi\u1ec7m g\u00ec khi tham gia Tour c\u1eafm tr\u1ea1i Cloud9 Glamping? 3. L\u1ecbch tr\u00ecnh Tour c\u1eafm tr\u1ea1i Cloud9 Glamping 4. Gi\u00e1 Tour c\u1eafm tr\u1ea1i Cloud9 Glamping \u0111\u1ea7u tu\u1ea7n 5. [&hellip;]<\/p>","protected":false},"featured_media":32697,"comment_status":"open","ping_status":"closed","template":"","meta":{"_acf_changed":false,"rank_math_lock_modified_date":false},"product_cat":[28,2345],"product_tag":[],"acf":[],"_links":{"self":[{"href":"https:\/\/dalatreview.vn\/en\/wp-json\/wp\/v2\/product\/32536"}],"collection":[{"href":"https:\/\/dalatreview.vn\/en\/wp-json\/wp\/v2\/product"}],"about":[{"href":"https:\/\/dalatreview.vn\/en\/wp-json\/wp\/v2\/types\/product"}],"replies":[{"embeddable":true,"href":"https:\/\/dalatreview.vn\/en\/wp-json\/wp\/v2\/comments?post=32536"}],"wp:featuredmedia":[{"embeddable":true,"href":"https:\/\/dalatreview.vn\/en\/wp-json\/wp\/v2\/media\/32697"}],"wp:attachment":[{"href":"https:\/\/dalatreview.vn\/en\/wp-json\/wp\/v2\/media?parent=32536"}],"wp:term":[{"taxonomy":"product_cat","embeddable":true,"href":"https:\/\/dalatreview.vn\/en\/wp-json\/wp\/v2\/product_cat?post=32536"},{"taxonomy":"product_tag","embeddable":true,"href":"https:\/\/dalatreview.vn\/en\/wp-json\/wp\/v2\/product_tag?post=32536"}],"curies":[{"name":"wp","href":"https:\/\/api.w.org\/{rel}","templated":true}]}}