
{"id":32271,"date":"2023-08-29T14:23:16","date_gmt":"2023-08-29T07:23:16","guid":{"rendered":"https:\/\/dalatreview.vn\/?p=32271"},"modified":"2024-07-12T16:03:40","modified_gmt":"2024-07-12T09:03:40","slug":"ve-high-rope-course-hanh-trinh-tren-cao","status":"publish","type":"product","link":"https:\/\/dalatreview.vn\/en\/ve-high-rope-course-hanh-trinh-tren-cao.html","title":{"rendered":"V\u00e9 High Rope Course &#8211; H\u00e0nh tr\u00ecnh tr\u00ean cao"},"content":{"rendered":"<nav class=\"vietrick-auto-toc\">\n<div class=\"box-title\">\n<h3 class=\"toc-title\" id=\"select-menu\">Danh m\u1ee5c ch\u00ednh<\/h3>\n<div><ion-icon name=\"chevron-up-outline\"><\/ion-icon><\/div>\n<\/div>\n<ul class=\"toc-list\">\n<li><a href='https:\/\/dalatreview.vn\/en#ve-high-rope-course-hanh-trinh-tren-cao' class='heading-h2 toc-link smooth-scroll'>V\u00e9 High Rope Course &#8211; H\u00e0nh tr\u00ecnh tr\u00ean cao<\/a>\n<li><a href='https:\/\/dalatreview.vn\/en#1-thong-tin-high-rope-course-hanh-trinh-tren-cao' class='heading-h2 toc-link smooth-scroll'>1. Th\u00f4ng tin High Rope Course &#8211; H\u00e0nh tr\u00ecnh tr\u00ean cao\u00a0<\/a>\n<li><a href='https:\/\/dalatreview.vn\/en#2-trai-nghiem-high-rope-course-hanh-trinh-tren-cao' class='heading-h2 toc-link smooth-scroll'>2. Tr\u1ea3i nghi\u1ec7m High Rope Course &#8211; H\u00e0nh tr\u00ecnh tr\u00ean cao\u00a0<\/a>\n<li><a href='https:\/\/dalatreview.vn\/en#3-thong-tin-dat-ve-high-rope-course-hanh-trinh-tren-cao' class='heading-h2 toc-link smooth-scroll'>3. Th\u00f4ng tin \u0111\u1eb7t v\u00e9 High Rope Course &#8211; H\u00e0nh tr\u00ecnh tr\u00ean cao\u00a0<\/a><\/ul>\n<\/ul>\n<\/li>\n<\/ul>\n<\/nav>\n<h2 style=\"text-align: center;\" id=\"ve-high-rope-course-hanh-trinh-tren-cao\"><span style=\"color: #003300;\"><strong>V\u00e9 High Rope Course &#8211; H\u00e0nh tr\u00ecnh tr\u00ean cao<\/strong><\/span><\/h2>\n<p>\u0110\u00e0 L\u1ea1t l\u00e0 n\u01a1i c\u00f3 \u0111\u1ecba h\u00ecnh \u0111\u1ed3i n\u00fai kh\u00e1 \u0111a d\u1ea1ng, v\u1eady n\u00ean n\u01a1i \u0111\u00e2y r\u1ea5t ph\u00f9 h\u1ee3p cho c\u00e1c ho\u1ea1t \u0111\u1ed9ng tr\u1ea3i nghi\u1ec7m m\u1ea1o hi\u1ec3m, c\u00e1c tr\u00f2 ch\u01a1i c\u1ea3m gi\u00e1c m\u1ea1nh nh\u01b0 v\u01b0\u1ee3t th\u00e1c, \u0111u d\u00e2y, trekking\u2026 lu\u00f4n l\u00e0 nh\u1eefng tr\u00f2 ch\u01a1i thu h\u00fat du kh\u00e1ch \u0111\u1ebfn tr\u1ea3i nghi\u1ec7m.<\/p>\n<p><img decoding=\"async\" class=\"aligncenter wp-image-32460 size-full\" src=\"https:\/\/dalatreview.vn\/wp-content\/uploads\/2023\/08\/309204889_10158986545552543_7034898874964071073_n.jpg\" alt=\"high rope course h\u00e0nh tr\u00ecnh tr\u00ean cao\" width=\"1536\" height=\"2048\" \/><\/p>\n<h2 id=\"1-thong-tin-high-rope-course-hanh-trinh-tren-cao\"><span style=\"color: #003300;\"><strong>1. Th\u00f4ng tin High Rope Course &#8211; H\u00e0nh tr\u00ecnh tr\u00ean cao\u00a0<\/strong><\/span><\/h2>\n<p>Nh\u1eb1m ti\u1ebft ki\u1ec7m th\u1eddi gian, gi\u1ea3m thi\u1ec3u chi ph\u00ed du l\u1ecbch v\u00e0 \u0111\u01b0\u1ee3c tho\u1ea3i m\u00e1i tr\u1ea3i nghi\u1ec7m c\u00e1c d\u1ecbch v\u1ee5 b\u1ea1n c\u00f3 th\u1ec3 t\u1ea3i app v\u00e0 book v\u00e9 qua\u00a0<strong><a href=\"https:\/\/dalatreview.com\/hanh-trinh-tren-cao-high-rope-course\" target=\"_blank\" rel=\"noopener\"><span style=\"color: #ff0000;\">\u1ee8ng d\u1ee5ng \u0110\u00e0 L\u1ea1t Review T\u1ea5t T\u1ea7n T\u1eadt<\/span><\/a><\/strong>\u00a0tr\u00ean Mobile<\/p>\n<p>Khi t\u1ea3i \u1ee9ng d\u1ee5ng \u0110\u00e0 L\u1ea1t Review T\u1ea5t T\u1ea7n T\u1eadt b\u1ea1n s\u1ebd nh\u1eadn \u0111\u01b0\u1ee3c\u00a0<span style=\"color: #ff0000;\"><strong>voucher mua h\u00e0ng 20k<\/strong><\/span>\u00a0(\u00c1p d\u1ee5ng cho h\u00f3a \u0111\u01a1n tr\u00ean 100.000\u0111) v\u00e0 r\u1ea5t nhi\u1ec1u \u01b0u \u0111\u00e3i h\u1ea5p d\u1eabn kh\u00e1c \u0111ang ch\u1edd \u0111\u00f3n b\u1ea1n.<\/p>\n<p>B\u1ea1n y\u00eau th\u00edch s\u1ef1 m\u1ea1o hi\u1ec3m, \u0111am m\u00ea c\u1ea3m gi\u00e1c m\u1ea1nh v\u00e0 mu\u1ed1n chinh ph\u1ee5c b\u1ea3n th\u00e2n? H\u00e0nh tr\u00ecnh tr\u00ean cao v\u1edbi 6 v\u00f2ng ch\u01a1i, 63 th\u1eed th\u00e1ch tr\u00ean c\u00e2y c\u00f9ng \u0111\u1ed9 cao l\u00ean \u0111\u1ebfn 18m s\u1ebd l\u00e0 \u0111i\u1ec3m \u0111\u1ebfn l\u00fd t\u01b0\u1edfng d\u00e0nh cho b\u1ea1n!<\/p>\n<p><img decoding=\"async\" class=\"alignnone wp-image-32461 size-full\" src=\"https:\/\/dalatreview.vn\/wp-content\/uploads\/2023\/08\/131424574_685773638780393_4406266327819497627_n.jpg\" alt=\"high rope course h\u00e0nh tr\u00ecnh tr\u00ean cao\" width=\"1866\" height=\"1244\" \/><\/p>\n<p>M\u1ed7i v\u00f2ng ch\u01a1i \u0111\u01b0\u1ee3c thi\u1ebft k\u1ebf ri\u00eang bi\u1ec7t theo \u0111\u1ed9 kh\u00f3 t\u0103ng d\u1ea7n, sau m\u1ed7i v\u00f2ng, ng\u01b0\u1eddi ch\u01a1i c\u00f3 th\u1ec3 t\u00f9y ch\u1ecdn d\u1eebng l\u1ea1i ho\u1eb7c ti\u1ebfp t\u1ee5c chinh ph\u1ee5c b\u1ea3n th\u00e2n trong c\u00e1c th\u1eed th\u00e1ch \u1edf v\u00f2ng k\u1ebf ti\u1ebfp.<\/p>\n<p><img decoding=\"async\" class=\"aligncenter wp-image-32462 size-full\" src=\"https:\/\/dalatreview.vn\/wp-content\/uploads\/2023\/08\/301890450_943163213274620_5122236612240424735_n.jpg\" alt=\"high rope course h\u00e0nh tr\u00ecnh tr\u00ean cao\" width=\"1366\" height=\"2048\" \/><\/p>\n<p>High Rope Course l\u00e0 m\u1ed9t trong nh\u1eefng tr\u00f2 ch\u01a1i v\u00f4 c\u00f9ng m\u1ea1o hi\u1ec3m, phi\u00eau l\u01b0u d\u00e0nh cho c\u00e1c b\u1ea1n tr\u1ebb. N\u1ebfu c\u00e1c b\u1ea1n c\u00f3 s\u1ee9c kh\u1ecfe th\u00edch s\u1ef1 m\u1ea1o hi\u1ec3m kh\u00e1m ph\u00e1 th\u00ec \u0111\u00e2y c\u00f3 l\u1ebd s\u1ebd l\u00e0 m\u1ed9t tr\u1ea3i nghi\u1ec7m nh\u1ea5t \u0111\u1ecbnh ph\u1ea3i th\u1eed khi \u0111\u1ebfn th\u00e1c Datanla.<\/p>\n<h2 id=\"2-trai-nghiem-high-rope-course-hanh-trinh-tren-cao\"><span style=\"color: #003300;\"><strong>2. Tr\u1ea3i nghi\u1ec7m High Rope Course &#8211; H\u00e0nh tr\u00ecnh tr\u00ean cao\u00a0<\/strong><\/span><\/h2>\n<p>H\u00e0nh tr\u00ecnh th\u1eed th\u00e1ch c\u00e1c tr\u00f2 ch\u01a1i tr\u00ean cao s\u1ebd bao g\u1ed3m c\u00f3 t\u1ea5t c\u1ea3 6 v\u00f2ng ch\u01a1i, trong \u0111\u00f3 c\u00f3 h\u01a1n 80 l\u01b0\u1ee3t th\u1eed th\u00e1ch cho c\u00e1c b\u1ea1n.<\/p>\n<p>Trong khi tham gia tr\u00f2 ch\u01a1i b\u1ea1n c\u0169ng c\u00f3 th\u1ec3 ch\u1ecdn l\u1ef1a l\u00e0 ti\u1ebfp t\u1ee5c ch\u01a1i ho\u1eb7c d\u1eebng l\u1ea1i v\u00e0 tr\u01b0\u1edbc khi b\u1eaft \u0111\u1ea7u m\u1ed9t ch\u01a1i m\u1ed9t v\u00f2ng n\u00e0o \u0111\u00f3 c\u00e1c b\u1ea1n s\u1ebd \u0111\u01b0\u1ee3c m\u1eb7c \u0111\u1ed3 b\u1ea3o h\u1ed9 r\u1ea5t an to\u00e0n.<\/p>\n<p><img decoding=\"async\" class=\"aligncenter wp-image-32463 size-full\" src=\"https:\/\/dalatreview.vn\/wp-content\/uploads\/2023\/08\/341162993_222734440442897_2553007055627311762_n.jpg\" alt=\"high rope course h\u00e0nh tr\u00ecnh tr\u00ean cao \" width=\"2048\" height=\"1152\" \/><\/p>\n<p>&#8211;\u00a0<strong>V\u00f2ng T\u1eadp 1 &amp; T\u1eadp 2:<\/strong>\u00a0\u0111\u1ec3 l\u00e0m quen v\u1edbi h\u1ec7 th\u1ed1ng c\u1ed1 \u0111\u1ecbnh v\u00e0 c\u00e1ch s\u1eed d\u1ee5ng c\u00e1c thi\u1ebft b\u1ecb an to\u00e0n, t\u1ea5t c\u1ea3 c\u00e1c ng\u01b0\u1eddi ch\u01a1i \u0111\u1ec1u s\u1ebd ch\u01a1i tr\u00ean v\u00f2ng t\u1eadp tr\u01b0\u1edbc khi b\u1eaft \u0111\u1ea7u chinh ph\u1ee5c H\u00e0nh tr\u00ecnh tr\u00ean cao. Hai v\u00f2ng t\u1eadp \u0111\u1ec1u c\u00f3 3 tr\u00f2 ch\u01a1i gi\u1ed1ng nhau: Thang g\u1ed7, C\u1ea7u kh\u1ec9 v\u00e0 Zipline.<\/p>\n<p>&#8211;\u00a0<strong>Cam:<\/strong>\u00a0nh\u1eefng tr\u1ea3i nghi\u1ec7m tuy\u1ec7t v\u1eddi v\u1ec1 m\u1eb7t c\u1ea3nh quan s\u1ebd \u0111\u01b0\u1ee3c b\u1eaft \u0111\u1ea7u khi b\u1ea1n di chuy\u1ec3n xuy\u00ean r\u1eebng th\u00f4ng t\u1eeb \u0111\u1ed9 cao 13m. 9 th\u1eed th\u00e1ch c\u1ee7a v\u00f2ng Cam s\u1ebd gi\u00fap b\u1ea1n \u201cl\u00e0m n\u00f3ng\u201d tr\u01b0\u1edbc khi b\u1eaft \u0111\u1ea7u v\u00e0o h\u00e0nh tr\u00ecnh chinh ph\u1ee5c kh\u00f3 kh\u0103n h\u01a1n.<\/p>\n<p>&#8211;\u00a0<strong>Xanh d\u01b0\u01a1ng:\u00a0<\/strong>10 tr\u00f2 ch\u01a1i v\u1edbi \u0111\u1ed9 ph\u1ee9c t\u1ea1p b\u1eaft \u0111\u1ea7u t\u0103ng cao s\u1ebd l\u00e0m b\u1ea1n ho\u1ea3ng s\u1ee3 \u0111\u00f4i ch\u00fat, nh\u01b0ng c\u0169ng \u0111\u1ed3ng th\u1eddi t\u1ea1o c\u1ea3m gi\u00e1c ph\u1ea5n kh\u00edch t\u1ed9t b\u1eadc khi v\u01b0\u1ee3t qua \u0111\u01b0\u1ee3c n\u1ed7i s\u1ee3 h\u00e3i c\u1ee7a b\u1ea3n th\u00e2n. V\u1eeba li k\u00ec, v\u1eeba h\u1ee9ng th\u00fa, v\u00f2ng Xanh d\u01b0\u01a1ng l\u00e0 v\u00f2ng ch\u01a1i kh\u00f4ng th\u1ec3 b\u1ecf qua!<\/p>\n<p>&#8211;<strong>\u00a0\u0110\u1ecf:<\/strong>\u00a0H\u00e3y chu\u1ea9n b\u1ecb cho nh\u1eefng c\u00fa th\u00f3t tim v\u00e0 ti\u1ebfng h\u00e9t vang r\u1eebng \u1edf v\u00f2ng n\u00e0y! H\u01a1n 200m \u0111\u01b0\u1eddng tr\u01b0\u1ee3t Zipline xuy\u00ean r\u1eebng th\u00f4ng s\u1ebd khi\u1ebfn l\u01b0\u1ee3ng adrenaline c\u1ee7a b\u1ea1n t\u0103ng nhanh h\u01a1n bao gi\u1edd h\u1ebft. N\u1ebfu mu\u1ed1n b\u01b0\u1edbc l\u00ean d\u00e2y ch\u01a1i c\u1ee7a v\u00f2ng \u0110\u1ecf, s\u1ef1 kh\u00e9o l\u00e9o, t\u1eadp trung v\u00e0 th\u1ec3 ch\u1ea5t t\u1ed1t l\u00e0 nh\u1eefng y\u00eau c\u1ea7u d\u00e0nh cho b\u1ea1n.<\/p>\n<p>&#8211;\u00a0<strong>\u0110en:<\/strong>\u00a0V\u00f2ng ch\u01a1i ch\u1ec9 d\u00e0nh cho nh\u1eefng ng\u01b0\u1eddi gan d\u1ea1! \u0110\u1ed9 cao l\u00ean \u0111\u1ebfn 15m c\u00f9ng tr\u00f2 ch\u01a1i nh\u1ea3y Tarzan \u0111\u00e3 khi\u1ebfn nh\u1eefng ng\u01b0\u1eddi ch\u01a1i can \u0111\u1ea3m nh\u1ea5t c\u0169ng ph\u1ea3i run s\u1ee3, v\u00f2ng \u0110en mang l\u1ea1i nh\u1eefng tr\u1ea3i nghi\u1ec7m ngo\u1ea1n m\u1ee5c v\u1ec1 c\u1ea3nh quan, k\u0129 thu\u1eadt c\u0169ng nh\u01b0 c\u1ea3m x\u00fac cho b\u1ea5t k\u00ec ai. \u0110\u01b0\u1eddng Zipline d\u00e0i 38,6m s\u1ebd l\u00e0 m\u1ed9t c\u00e1i k\u1ebft \u0111\u1eb9p cho chuy\u1ebfn du ngo\u1ea1n H\u00e0nh tr\u00ecnh tr\u00ean cao t\u1ea1i Datanla.<\/p>\n<p><img decoding=\"async\" class=\"aligncenter wp-image-32464 size-full\" src=\"https:\/\/dalatreview.vn\/wp-content\/uploads\/2023\/08\/1692861791_st5fyAIHBNLK2DQE_1692868144-php0u4uee.jpg\" alt=\"high rope course h\u00e0nh tr\u00ecnh tr\u00ean cao \" width=\"2048\" height=\"1365\" \/><\/p>\n<h2 id=\"3-thong-tin-dat-ve-high-rope-course-hanh-trinh-tren-cao\"><span style=\"color: #003300;\"><strong>3. Th\u00f4ng tin \u0111\u1eb7t v\u00e9 High Rope Course &#8211; H\u00e0nh tr\u00ecnh tr\u00ean cao\u00a0<\/strong><\/span><\/h2>\n<p dir=\"ltr\">\u0110\u1ec3 ti\u1ebft ki\u1ec7m th\u1eddi gian \u0111\u1eb7t v\u00e9 b\u1ea1n h\u00e3y t\u1ea3i ngay \u1ee9ng d\u1ee5ng sau \u0111\u00e2y:\u00a0<strong><a href=\"https:\/\/share.abphotos.link\/dePd\" target=\"_blank\" rel=\"noopener\">\u0110\u00e0 L\u1ea1t Review T\u1ea5t T\u1ea7n T\u1eadt<\/a><\/strong><\/p>\n<p>Ngo\u00e0i ra, qu\u00fd kh\u00e1ch c\u00f3 th\u1ec3 chat tr\u1ef1c ti\u1ebfp tr\u00ean App\/Website \u0111\u1ec3 nh\u00e2n vi\u00ean c\u1ee7a ch\u00fang t\u00f4i t\u01b0 v\u1ea5n th\u00eam v\u1ec1 s\u1ea3n ph\u1ea9m v\u00e0 d\u1ecbch v\u1ee5, ho\u1eb7c li\u00ean h\u1ec7<\/p>\n<p><span style=\"color: #ff0000;\"><strong>Hotline:<\/strong>\u00a0<\/span>0983 249 297<\/p>","protected":false},"excerpt":{"rendered":"<p>Danh m\u1ee5c ch\u00ednh V\u00e9 High Rope Course &#8211; H\u00e0nh tr\u00ecnh tr\u00ean cao 1. Th\u00f4ng tin High Rope Course &#8211; H\u00e0nh tr\u00ecnh tr\u00ean cao\u00a0 2. Tr\u1ea3i nghi\u1ec7m High Rope Course &#8211; H\u00e0nh tr\u00ecnh tr\u00ean cao\u00a0 3. Th\u00f4ng tin \u0111\u1eb7t v\u00e9 High Rope Course &#8211; H\u00e0nh tr\u00ecnh tr\u00ean cao\u00a0 V\u00e9 High Rope Course &#8211; H\u00e0nh tr\u00ecnh tr\u00ean [&hellip;]<\/p>","protected":false},"featured_media":32465,"comment_status":"open","ping_status":"closed","template":"","meta":{"_acf_changed":false,"rank_math_lock_modified_date":false},"product_cat":[1187],"product_tag":[],"acf":[],"_links":{"self":[{"href":"https:\/\/dalatreview.vn\/en\/wp-json\/wp\/v2\/product\/32271"}],"collection":[{"href":"https:\/\/dalatreview.vn\/en\/wp-json\/wp\/v2\/product"}],"about":[{"href":"https:\/\/dalatreview.vn\/en\/wp-json\/wp\/v2\/types\/product"}],"replies":[{"embeddable":true,"href":"https:\/\/dalatreview.vn\/en\/wp-json\/wp\/v2\/comments?post=32271"}],"wp:featuredmedia":[{"embeddable":true,"href":"https:\/\/dalatreview.vn\/en\/wp-json\/wp\/v2\/media\/32465"}],"wp:attachment":[{"href":"https:\/\/dalatreview.vn\/en\/wp-json\/wp\/v2\/media?parent=32271"}],"wp:term":[{"taxonomy":"product_cat","embeddable":true,"href":"https:\/\/dalatreview.vn\/en\/wp-json\/wp\/v2\/product_cat?post=32271"},{"taxonomy":"product_tag","embeddable":true,"href":"https:\/\/dalatreview.vn\/en\/wp-json\/wp\/v2\/product_tag?post=32271"}],"curies":[{"name":"wp","href":"https:\/\/api.w.org\/{rel}","templated":true}]}}